{"id":92162,"date":"2024-03-27T13:38:10","date_gmt":"2024-10-08T11:54:02","guid":{"rendered":"https:\/\/www.jh-itc.de\/shop\/uncategorized\/%d0%be%d0%bf%d0%b0%d0%bb%d1%83%d0%b1%d0%ba%d0%b0-%d0%b4%d0%bb%d1%8f-%d0%ba%d0%be%d0%bb%d0%be%d0%bd%d0%bd-pax-hd\/"},"modified":"2024-10-08T13:54:02","modified_gmt":"2024-10-08T11:54:02","slug":"%d0%be%d0%bf%d0%b0%d0%bb%d1%83%d0%b1%d0%ba%d0%b0-%d0%b4%d0%bb%d1%8f-%d0%ba%d0%be%d0%bb%d0%be%d0%bd%d0%bd-pax-hd","status":"publish","type":"product","link":"https:\/\/stage.jh-itc.de\/ru\/shop\/schalungen-ru\/%d0%be%d0%bf%d0%b0%d0%bb%d1%83%d0%b1%d0%ba%d0%b0-%d0%b4%d0%bb%d1%8f-%d0%ba%d0%be%d0%bb%d0%be%d0%bd%d0%bd-pax-hd\/","title":{"rendered":"\u041e\u043f\u0430\u043b\u0443\u0431\u043a\u0430 \u0434\u043b\u044f \u043a\u043e\u043b\u043e\u043d\u043d Pax HD"},"content":{"rendered":"<p><strong>\u0421\u0430\u043c\u044b\u0439 \u0431\u044b\u0441\u0442\u0440\u044b\u0439 \u043c\u0435\u0442\u043e\u0434 \u0444\u043e\u0440\u043c\u0438\u0440\u043e\u0432\u0430\u043d\u0438\u044f \u043f\u0440\u044f\u043c\u043e\u0443\u0433\u043e\u043b\u044c\u043d\u044b\u0445 \u043a\u043e\u043b\u043e\u043d\u043d<\/strong><\/p>\n<p>\u0423\u0441\u0438\u043b\u0438\u044f, \u043d\u0435\u043e\u0431\u0445\u043e\u0434\u0438\u043c\u044b\u0435 \u0434\u043b\u044f \u0444\u043e\u0440\u043c\u0438\u0440\u043e\u0432\u0430\u043d\u0438\u044f \u043f\u0440\u044f\u043c\u043e\u0443\u0433\u043e\u043b\u044c\u043d\u044b\u0445 \u043a\u043e\u043b\u043e\u043d\u043d \u0440\u0430\u0437\u043b\u0438\u0447\u043d\u044b\u0445 \u043a\u043e\u043d\u0441\u0442\u0440\u0443\u043a\u0446\u0438\u0439 \u0442\u0440\u0430\u0434\u0438\u0446\u0438\u043e\u043d\u043d\u044b\u043c \u0441\u043f\u043e\u0441\u043e\u0431\u043e\u043c, \u043e\u0433\u0440\u043e\u043c\u043d\u044b \u043f\u043e \u043e\u0442\u043d\u043e\u0448\u0435\u043d\u0438\u044e \u043a \u043f\u043b\u043e\u0449\u0430\u0434\u0438, \u043a\u043e\u0442\u043e\u0440\u0443\u044e \u043d\u0435\u043e\u0431\u0445\u043e\u0434\u0438\u043c\u043e \u0441\u043e\u0437\u0434\u0430\u0442\u044c. \u041c\u0438\u043d\u0438\u043c\u0438\u0437\u0430\u0446\u0438\u044f \u044d\u0442\u0438\u0445 \u0443\u0441\u0438\u043b\u0438\u0439 \u043f\u0440\u0438 \u0441\u043e\u0445\u0440\u0430\u043d\u0435\u043d\u0438\u0438 \u0433\u0438\u0431\u043a\u043e\u0441\u0442\u0438 \u043f\u043e \u0432\u044b\u0441\u043e\u0442\u0435 \u0438 \u0441\u0435\u0447\u0435\u043d\u0438\u044e \u0441\u0442\u0430\u043b\u0430 \u043f\u0440\u0438\u0447\u0438\u043d\u043e\u0439 \u0440\u0430\u0437\u0440\u0430\u0431\u043e\u0442\u043a\u0438 \u0441\u043e\u0432\u0435\u0440\u0448\u0435\u043d\u043d\u043e \u043d\u043e\u0432\u043e\u0433\u043e \u0442\u0438\u043f\u0430 \u043e\u043f\u0430\u043b\u0443\u0431\u043a\u0438 \u0434\u043b\u044f \u043f\u0440\u044f\u043c\u043e\u0443\u0433\u043e\u043b\u044c\u043d\u044b\u0445 \u043a\u043e\u043b\u043e\u043d\u043d.<\/p>\n<p>\u041f\u043e\u044f\u0432\u043b\u0435\u043d\u0438\u0435 \u043e\u043f\u0430\u043b\u0443\u0431\u043a\u0438 \u0434\u043b\u044f \u043a\u043e\u043b\u043e\u043d\u043d PAX HD \u0431\u043e\u043b\u0435\u0435 \u0447\u0435\u043c \u0441\u043e\u043e\u0442\u0432\u0435\u0442\u0441\u0442\u0432\u0443\u0435\u0442 \u044d\u0442\u043e\u043c\u0443 \u0442\u0440\u0435\u0431\u043e\u0432\u0430\u043d\u0438\u044e. \u0423\u043d\u0438\u043a\u0430\u043b\u044c\u043d\u043e\u0439 \u043e\u0441\u043e\u0431\u0435\u043d\u043d\u043e\u0441\u0442\u044c\u044e \u044f\u0432\u043b\u044f\u0435\u0442\u0441\u044f \u0437\u0430\u043f\u0430\u0442\u0435\u043d\u0442\u043e\u0432\u0430\u043d\u043d\u044b\u0439 \u043c\u0435\u0445\u0430\u043d\u0438\u0437\u043c \u0441\u043a\u043b\u0430\u0434\u044b\u0432\u0430\u043d\u0438\u044f, \u043a\u043e\u0442\u043e\u0440\u044b\u0439 \u043f\u043e\u0437\u0432\u043e\u043b\u044f\u0435\u0442 \u043e\u0442\u043a\u0440\u044b\u0432\u0430\u0442\u044c, \u043f\u0435\u0440\u0435\u043c\u0435\u0449\u0430\u0442\u044c \u0438 \u0441\u043d\u043e\u0432\u0430 \u0437\u0430\u043a\u0440\u044b\u0432\u0430\u0442\u044c \u043e\u043f\u0430\u043b\u0443\u0431\u043a\u0443 \u0432 \u043a\u0440\u0430\u0442\u0447\u0430\u0439\u0448\u0438\u0435 \u0441\u0440\u043e\u043a\u0438.<\/p>\n<p>&nbsp;<\/p>\n<div id=\"elementor-tab-title-3161\" class=\"elementor-tab-title elementor-active\" tabindex=\"0\" role=\"button\" data-tab=\"1\" aria-controls=\"elementor-tab-content-3161\" aria-expanded=\"true\" aria-selected=\"true\"><strong><a class=\"elementor-accordion-title\" tabindex=\"0\">\u0422\u0435\u0445\u043d\u0438\u0447\u0435\u0441\u043a\u0438\u0435 \u0434\u0435\u0442\u0430\u043b\u0438<\/a><\/strong><\/div>\n<div id=\"elementor-tab-content-3161\" class=\"elementor-tab-content elementor-clearfix elementor-active\" role=\"region\" data-tab=\"1\" aria-labelledby=\"elementor-tab-title-3161\">\n<p>\u041a\u0432\u0430\u0434\u0440\u0430\u0442\u043d\u044b\u0435 \u0438 \u043f\u0440\u044f\u043c\u043e\u0443\u0433\u043e\u043b\u044c\u043d\u044b\u0435 \u0441\u0435\u0447\u0435\u043d\u0438\u044f \u043e\u0442 20\/20 \u0441\u043c \u0434\u043e 60\/60 \u0441\u043c \u0438\u043b\u0438 \u043e\u0442 50\/50 \u0441\u043c \u0434\u043e 120\/120 \u0441\u043c \u043c\u043e\u0433\u0443\u0442 \u0431\u044b\u0442\u044c \u0441\u043e\u0437\u0434\u0430\u043d\u044b \u0441 \u0448\u0430\u0433\u043e\u043c 5 \u0441\u043c. \u041c\u0430\u043a\u0441\u0438\u043c\u0430\u043b\u044c\u043d\u0430\u044f \u0432\u044b\u0441\u043e\u0442\u0430 \u043e\u043f\u0430\u043b\u0443\u0431\u043a\u0438 \u043f\u0440\u0430\u043a\u0442\u0438\u0447\u0435\u0441\u043a\u0438 \u043d\u0435 \u043e\u0433\u0440\u0430\u043d\u0438\u0447\u0435\u043d\u0430, \u0438 \u0431\u0435\u0442\u043e\u043d\u0438\u0440\u043e\u0432\u0430\u043d\u0438\u0435 \u043c\u043e\u0436\u0435\u0442 \u043f\u0440\u043e\u0438\u0437\u0432\u043e\u0434\u0438\u0442\u044c\u0441\u044f \u0434\u043e \u0432\u044b\u0441\u043e\u0442\u044b \u0437\u0430\u043f\u043e\u043b\u043d\u0435\u043d\u0438\u044f 4,80 \u043c \u043d\u0435\u0437\u0430\u0432\u0438\u0441\u0438\u043c\u043e \u043e\u0442 \u0441\u043a\u043e\u0440\u043e\u0441\u0442\u0438.<\/p>\n<p><strong>\u0414\u043e\u0441\u0442\u0443\u043f\u043d\u044b \u0441\u043b\u0435\u0434\u0443\u044e\u0449\u0438\u0435 \u0432\u0435\u0440\u0441\u0438\u0438<\/strong><\/p>\n<p>\u041f\u043e\u0434\u0434\u0435\u0440\u0436\u043a\u0430 PAX HD 320\/60*<br \/>\n\u041f\u043e\u0434\u0434\u0435\u0440\u0436\u043a\u0430 PAX HD 270\/60<br \/>\n\u041f\u043e\u0434\u0434\u0435\u0440\u0436\u043a\u0430 PAX HD 120\/60<br \/>\n\u0423\u0434\u043b\u0438\u043d\u0438\u0442\u0435\u043b\u044c\u043d\u044b\u0439 \u043a\u0440\u043e\u043d\u0448\u0442\u0435\u0439\u043d PAX HD 40\/60<br \/>\n\u041f\u043e\u0434\u0434\u0435\u0440\u0436\u043a\u0430 PAX HD 320\/120<br \/>\n\u041f\u043e\u0434\u0434\u0435\u0440\u0436\u043a\u0430 PAX HD 270\/120<br \/>\n\u041f\u043e\u0434\u0434\u0435\u0440\u0436\u043a\u0430 PAX HD 120\/120<br \/>\n\u0423\u0434\u043b\u0438\u043d\u0438\u0442\u0435\u043b\u044c\u043d\u044b\u0439 \u043a\u0440\u043e\u043d\u0448\u0442\u0435\u0439\u043d PAX HD 40\/120<\/p>\n<p>*\u0412\u044b\u0441\u043e\u0442\u0430\/\u043c\u0430\u043a\u0441. \u041f\u043e\u043f\u0435\u0440\u0435\u0447\u043d\u043e\u0435 \u0441\u0435\u0447\u0435\u043d\u0438\u0435<\/p>\n<\/div>\n","protected":false},"excerpt":{"rendered":"<p>\u041c\u044b \u043f\u0440\u0435\u0434\u043b\u0430\u0433\u0430\u0435\u043c 4 \u0449\u0438\u0442\u0430 \u043e\u043f\u0430\u043b\u0443\u0431\u043a\u0438 \u043a\u043e\u043b\u043e\u043d\u043d Pax HD.<\/p>\n<p>\u0415\u0441\u043b\u0438 \u0432\u044b \u0437\u0430\u0438\u043d\u0442\u0435\u0440\u0435\u0441\u043e\u0432\u0430\u043d\u044b, \u043f\u043e\u0436\u0430\u043b\u0443\u0439\u0441\u0442\u0430, \u043e\u0442\u043f\u0440\u0430\u0432\u044c\u0442\u0435 \u043d\u0430\u043c \u0432\u0430\u0448 \u0437\u0430\u043f\u0440\u043e\u0441.<\/p>\n","protected":false},"featured_media":46348,"template":"","meta":[],"product_brand":[],"product_cat":[361],"product_tag":[],"class_list":{"0":"post-92162","1":"product","2":"type-product","3":"status-publish","4":"has-post-thumbnail","6":"product_cat-schalungen-ru","8":"first","9":"instock","10":"taxable","11":"shipping-taxable","12":"product-type-simple"},"yoast_head":"<!-- This site is optimized with the Yoast SEO plugin v26.5 - https:\/\/yoast.com\/wordpress\/plugins\/seo\/ -->\n<title>\u041e\u043f\u0430\u043b\u0443\u0431\u043a\u0430 \u0434\u043b\u044f \u043a\u043e\u043b\u043e\u043d\u043d Pax HD - JH - ITC GmbH<\/title>\n<meta name=\"description\" content=\"\u041e\u043f\u0430\u043b\u0443\u0431\u043a\u0430 \u0434\u043b\u044f \u043a\u043e\u043b\u043e\u043d\u043d Pax HD. \u0418\u0437\u0432\u0435\u0441\u0442\u043d\u044b\u0435 \u043f\u0440\u043e\u0438\u0437\u0432\u043e\u0434\u0438\u0442\u0435\u043b\u0438 \u2714 \u041d\u043e\u0432\u0430\u044f \u0438 \u0431\/\u0443 \u043e\u043f\u0430\u043b\u0443\u0431\u043a\u0430, \u043e\u043f\u043e\u0440\u044b, \u043b\u0435\u0441\u0430 \u0438 \u0441\u0442\u0440\u043e\u0438\u0442\u0435\u043b\u044c\u043d\u044b\u0435 \u043c\u0430\u0448\u0438\u043d\u044b \u2714 \u0417\u0430\u043f\u0440\u043e\u0441\u0438\u0442\u0435 \u043f\u0440\u0435\u0434\u043b\u043e\u0436\u0435\u043d\u0438\u0435 \u0441\u0435\u0439\u0447\u0430\u0441!\" \/>\n<meta name=\"robots\" content=\"noindex, follow, max-snippet:-1, max-image-preview:large, max-video-preview:-1\" \/>\n<meta property=\"og:locale\" content=\"ru_RU\" \/>\n<meta property=\"og:type\" content=\"article\" \/>\n<meta property=\"og:title\" content=\"\u041e\u043f\u0430\u043b\u0443\u0431\u043a\u0430 \u0434\u043b\u044f \u043a\u043e\u043b\u043e\u043d\u043d Pax HD - JH - ITC GmbH\" \/>\n<meta property=\"og:description\" content=\"\u041e\u043f\u0430\u043b\u0443\u0431\u043a\u0430 \u0434\u043b\u044f \u043a\u043e\u043b\u043e\u043d\u043d Pax HD. \u0418\u0437\u0432\u0435\u0441\u0442\u043d\u044b\u0435 \u043f\u0440\u043e\u0438\u0437\u0432\u043e\u0434\u0438\u0442\u0435\u043b\u0438 \u2714 \u041d\u043e\u0432\u0430\u044f \u0438 \u0431\/\u0443 \u043e\u043f\u0430\u043b\u0443\u0431\u043a\u0430, \u043e\u043f\u043e\u0440\u044b, \u043b\u0435\u0441\u0430 \u0438 \u0441\u0442\u0440\u043e\u0438\u0442\u0435\u043b\u044c\u043d\u044b\u0435 \u043c\u0430\u0448\u0438\u043d\u044b \u2714 \u0417\u0430\u043f\u0440\u043e\u0441\u0438\u0442\u0435 \u043f\u0440\u0435\u0434\u043b\u043e\u0436\u0435\u043d\u0438\u0435 \u0441\u0435\u0439\u0447\u0430\u0441!\" \/>\n<meta property=\"og:url\" content=\"https:\/\/stage.jh-itc.de\/ru\/shop\/schalungen-ru\/%d0%be%d0%bf%d0%b0%d0%bb%d1%83%d0%b1%d0%ba%d0%b0-%d0%b4%d0%bb%d1%8f-%d0%ba%d0%be%d0%bb%d0%be%d0%bd%d0%bd-pax-hd\/\" \/>\n<meta property=\"og:site_name\" content=\"JH - ITC GmbH\" \/>\n<meta property=\"article:publisher\" content=\"https:\/\/www.facebook.com\/schalungshandel\" \/>\n<meta property=\"og:image\" content=\"https:\/\/stage.jh-itc.de\/wp-content\/uploads\/2024\/03\/schema-des-oeffnungs-und-schliessvorganges-pax-e1617781836688.jpg\" \/>\n\t<meta property=\"og:image:width\" content=\"632\" \/>\n\t<meta property=\"og:image:height\" content=\"902\" \/>\n\t<meta property=\"og:image:type\" content=\"image\/jpeg\" \/>\n<meta name=\"twitter:card\" content=\"summary_large_image\" \/>\n<meta name=\"twitter:site\" content=\"@JH_ITC\" \/>\n<!-- \/ Yoast SEO plugin. -->","yoast_head_json":{"title":"\u041e\u043f\u0430\u043b\u0443\u0431\u043a\u0430 \u0434\u043b\u044f \u043a\u043e\u043b\u043e\u043d\u043d Pax HD - JH - ITC GmbH","description":"\u041e\u043f\u0430\u043b\u0443\u0431\u043a\u0430 \u0434\u043b\u044f \u043a\u043e\u043b\u043e\u043d\u043d Pax HD. \u0418\u0437\u0432\u0435\u0441\u0442\u043d\u044b\u0435 \u043f\u0440\u043e\u0438\u0437\u0432\u043e\u0434\u0438\u0442\u0435\u043b\u0438 \u2714 \u041d\u043e\u0432\u0430\u044f \u0438 \u0431\/\u0443 \u043e\u043f\u0430\u043b\u0443\u0431\u043a\u0430, \u043e\u043f\u043e\u0440\u044b, \u043b\u0435\u0441\u0430 \u0438 \u0441\u0442\u0440\u043e\u0438\u0442\u0435\u043b\u044c\u043d\u044b\u0435 \u043c\u0430\u0448\u0438\u043d\u044b \u2714 \u0417\u0430\u043f\u0440\u043e\u0441\u0438\u0442\u0435 \u043f\u0440\u0435\u0434\u043b\u043e\u0436\u0435\u043d\u0438\u0435 \u0441\u0435\u0439\u0447\u0430\u0441!","robots":{"index":"noindex","follow":"follow","max-snippet":"max-snippet:-1","max-image-preview":"max-image-preview:large","max-video-preview":"max-video-preview:-1"},"og_locale":"ru_RU","og_type":"article","og_title":"\u041e\u043f\u0430\u043b\u0443\u0431\u043a\u0430 \u0434\u043b\u044f \u043a\u043e\u043b\u043e\u043d\u043d Pax HD - JH - ITC GmbH","og_description":"\u041e\u043f\u0430\u043b\u0443\u0431\u043a\u0430 \u0434\u043b\u044f \u043a\u043e\u043b\u043e\u043d\u043d Pax HD. \u0418\u0437\u0432\u0435\u0441\u0442\u043d\u044b\u0435 \u043f\u0440\u043e\u0438\u0437\u0432\u043e\u0434\u0438\u0442\u0435\u043b\u0438 \u2714 \u041d\u043e\u0432\u0430\u044f \u0438 \u0431\/\u0443 \u043e\u043f\u0430\u043b\u0443\u0431\u043a\u0430, \u043e\u043f\u043e\u0440\u044b, \u043b\u0435\u0441\u0430 \u0438 \u0441\u0442\u0440\u043e\u0438\u0442\u0435\u043b\u044c\u043d\u044b\u0435 \u043c\u0430\u0448\u0438\u043d\u044b \u2714 \u0417\u0430\u043f\u0440\u043e\u0441\u0438\u0442\u0435 \u043f\u0440\u0435\u0434\u043b\u043e\u0436\u0435\u043d\u0438\u0435 \u0441\u0435\u0439\u0447\u0430\u0441!","og_url":"https:\/\/stage.jh-itc.de\/ru\/shop\/schalungen-ru\/%d0%be%d0%bf%d0%b0%d0%bb%d1%83%d0%b1%d0%ba%d0%b0-%d0%b4%d0%bb%d1%8f-%d0%ba%d0%be%d0%bb%d0%be%d0%bd%d0%bd-pax-hd\/","og_site_name":"JH - ITC GmbH","article_publisher":"https:\/\/www.facebook.com\/schalungshandel","og_image":[{"width":632,"height":902,"url":"https:\/\/stage.jh-itc.de\/wp-content\/uploads\/2024\/03\/schema-des-oeffnungs-und-schliessvorganges-pax-e1617781836688.jpg","type":"image\/jpeg"}],"twitter_card":"summary_large_image","twitter_site":"@JH_ITC","schema":{"@context":"https:\/\/schema.org","@graph":[{"@type":"WebPage","@id":"https:\/\/stage.jh-itc.de\/ru\/shop\/schalungen-ru\/%d0%be%d0%bf%d0%b0%d0%bb%d1%83%d0%b1%d0%ba%d0%b0-%d0%b4%d0%bb%d1%8f-%d0%ba%d0%be%d0%bb%d0%be%d0%bd%d0%bd-pax-hd\/","url":"https:\/\/stage.jh-itc.de\/ru\/shop\/schalungen-ru\/%d0%be%d0%bf%d0%b0%d0%bb%d1%83%d0%b1%d0%ba%d0%b0-%d0%b4%d0%bb%d1%8f-%d0%ba%d0%be%d0%bb%d0%be%d0%bd%d0%bd-pax-hd\/","name":"\u041e\u043f\u0430\u043b\u0443\u0431\u043a\u0430 \u0434\u043b\u044f \u043a\u043e\u043b\u043e\u043d\u043d Pax HD - JH - ITC GmbH","isPartOf":{"@id":"https:\/\/stage.jh-itc.de\/ru\/#website"},"primaryImageOfPage":{"@id":"https:\/\/stage.jh-itc.de\/ru\/shop\/schalungen-ru\/%d0%be%d0%bf%d0%b0%d0%bb%d1%83%d0%b1%d0%ba%d0%b0-%d0%b4%d0%bb%d1%8f-%d0%ba%d0%be%d0%bb%d0%be%d0%bd%d0%bd-pax-hd\/#primaryimage"},"image":{"@id":"https:\/\/stage.jh-itc.de\/ru\/shop\/schalungen-ru\/%d0%be%d0%bf%d0%b0%d0%bb%d1%83%d0%b1%d0%ba%d0%b0-%d0%b4%d0%bb%d1%8f-%d0%ba%d0%be%d0%bb%d0%be%d0%bd%d0%bd-pax-hd\/#primaryimage"},"thumbnailUrl":"https:\/\/stage.jh-itc.de\/wp-content\/uploads\/2024\/03\/schema-des-oeffnungs-und-schliessvorganges-pax-e1617781836688.jpg","datePublished":"2024-10-08T11:54:02+00:00","description":"\u041e\u043f\u0430\u043b\u0443\u0431\u043a\u0430 \u0434\u043b\u044f \u043a\u043e\u043b\u043e\u043d\u043d Pax HD. \u0418\u0437\u0432\u0435\u0441\u0442\u043d\u044b\u0435 \u043f\u0440\u043e\u0438\u0437\u0432\u043e\u0434\u0438\u0442\u0435\u043b\u0438 \u2714 \u041d\u043e\u0432\u0430\u044f \u0438 \u0431\/\u0443 \u043e\u043f\u0430\u043b\u0443\u0431\u043a\u0430, \u043e\u043f\u043e\u0440\u044b, \u043b\u0435\u0441\u0430 \u0438 \u0441\u0442\u0440\u043e\u0438\u0442\u0435\u043b\u044c\u043d\u044b\u0435 \u043c\u0430\u0448\u0438\u043d\u044b \u2714 \u0417\u0430\u043f\u0440\u043e\u0441\u0438\u0442\u0435 \u043f\u0440\u0435\u0434\u043b\u043e\u0436\u0435\u043d\u0438\u0435 \u0441\u0435\u0439\u0447\u0430\u0441!","breadcrumb":{"@id":"https:\/\/stage.jh-itc.de\/ru\/shop\/schalungen-ru\/%d0%be%d0%bf%d0%b0%d0%bb%d1%83%d0%b1%d0%ba%d0%b0-%d0%b4%d0%bb%d1%8f-%d0%ba%d0%be%d0%bb%d0%be%d0%bd%d0%bd-pax-hd\/#breadcrumb"},"inLanguage":"ru-RU","potentialAction":[{"@type":"ReadAction","target":["https:\/\/stage.jh-itc.de\/ru\/shop\/schalungen-ru\/%d0%be%d0%bf%d0%b0%d0%bb%d1%83%d0%b1%d0%ba%d0%b0-%d0%b4%d0%bb%d1%8f-%d0%ba%d0%be%d0%bb%d0%be%d0%bd%d0%bd-pax-hd\/"]}]},{"@type":"ImageObject","inLanguage":"ru-RU","@id":"https:\/\/stage.jh-itc.de\/ru\/shop\/schalungen-ru\/%d0%be%d0%bf%d0%b0%d0%bb%d1%83%d0%b1%d0%ba%d0%b0-%d0%b4%d0%bb%d1%8f-%d0%ba%d0%be%d0%bb%d0%be%d0%bd%d0%bd-pax-hd\/#primaryimage","url":"https:\/\/stage.jh-itc.de\/wp-content\/uploads\/2024\/03\/schema-des-oeffnungs-und-schliessvorganges-pax-e1617781836688.jpg","contentUrl":"https:\/\/stage.jh-itc.de\/wp-content\/uploads\/2024\/03\/schema-des-oeffnungs-und-schliessvorganges-pax-e1617781836688.jpg","width":632,"height":902},{"@type":"BreadcrumbList","@id":"https:\/\/stage.jh-itc.de\/ru\/shop\/schalungen-ru\/%d0%be%d0%bf%d0%b0%d0%bb%d1%83%d0%b1%d0%ba%d0%b0-%d0%b4%d0%bb%d1%8f-%d0%ba%d0%be%d0%bb%d0%be%d0%bd%d0%bd-pax-hd\/#breadcrumb","itemListElement":[{"@type":"ListItem","position":1,"name":"Home","item":"https:\/\/stage.jh-itc.de\/ru\/%d0%be%d0%bf%d0%b0%d0%bb%d1%83%d0%b1%d0%ba%d0%b0-%d1%81%d1%82%d0%be%d0%b9%d0%ba%d0%b8-%d0%b8-%d1%81%d1%82%d1%80%d0%be%d0%b8%d1%82%d0%b5%d0%bb%d1%8c%d0%bd%d1%8b%d0%b5-%d0%bb%d0%b5%d1%81%d0%b0-%d0%be\/"},{"@type":"ListItem","position":2,"name":"\u041c\u0430\u0433\u0430\u0437\u0438\u043d","item":"https:\/\/stage.jh-itc.de\/ru\/%d0%bc%d0%b0%d0%b3%d0%b0%d0%b7%d0%b8%d0%bd\/"},{"@type":"ListItem","position":3,"name":"\u041e\u043f\u0430\u043b\u0443\u0431\u043a\u0430 \u0434\u043b\u044f \u043a\u043e\u043b\u043e\u043d\u043d Pax HD"}]},{"@type":"WebSite","@id":"https:\/\/stage.jh-itc.de\/ru\/#website","url":"https:\/\/stage.jh-itc.de\/ru\/","name":"JH - ITC GmbH","description":"Ihr Experte f\u00fcr gebrauchte St\u00fctzen, Schalungen und Ger\u00fcste","publisher":{"@id":"https:\/\/stage.jh-itc.de\/ru\/#organization"},"potentialAction":[{"@type":"SearchAction","target":{"@type":"EntryPoint","urlTemplate":"https:\/\/stage.jh-itc.de\/ru\/?s={search_term_string}"},"query-input":{"@type":"PropertyValueSpecification","valueRequired":true,"valueName":"search_term_string"}}],"inLanguage":"ru-RU"},{"@type":"Organization","@id":"https:\/\/stage.jh-itc.de\/ru\/#organization","name":"JH-ITC GmbH","url":"https:\/\/stage.jh-itc.de\/ru\/","logo":{"@type":"ImageObject","inLanguage":"ru-RU","@id":"https:\/\/stage.jh-itc.de\/ru\/#\/schema\/logo\/image\/","url":"https:\/\/stage.jh-itc.de\/wp-content\/uploads\/2016\/01\/JH-ITC2-1.png","contentUrl":"https:\/\/stage.jh-itc.de\/wp-content\/uploads\/2016\/01\/JH-ITC2-1.png","width":300,"height":102,"caption":"JH-ITC GmbH"},"image":{"@id":"https:\/\/stage.jh-itc.de\/ru\/#\/schema\/logo\/image\/"},"sameAs":["https:\/\/www.facebook.com\/schalungshandel","https:\/\/x.com\/JH_ITC","https:\/\/www.linkedin.com\/in\/jhitc","https:\/\/youtu.be\/rMdZ-FLfI-Y"]}]}},"_links":{"self":[{"href":"https:\/\/stage.jh-itc.de\/ru\/wp-json\/wp\/v2\/product\/92162","targetHints":{"allow":["GET"]}}],"collection":[{"href":"https:\/\/stage.jh-itc.de\/ru\/wp-json\/wp\/v2\/product"}],"about":[{"href":"https:\/\/stage.jh-itc.de\/ru\/wp-json\/wp\/v2\/types\/product"}],"wp:featuredmedia":[{"embeddable":true,"href":"https:\/\/stage.jh-itc.de\/ru\/wp-json\/wp\/v2\/media\/46348"}],"wp:attachment":[{"href":"https:\/\/stage.jh-itc.de\/ru\/wp-json\/wp\/v2\/media?parent=92162"}],"wp:term":[{"taxonomy":"product_brand","embeddable":true,"href":"https:\/\/stage.jh-itc.de\/ru\/wp-json\/wp\/v2\/product_brand?post=92162"},{"taxonomy":"product_cat","embeddable":true,"href":"https:\/\/stage.jh-itc.de\/ru\/wp-json\/wp\/v2\/product_cat?post=92162"},{"taxonomy":"product_tag","embeddable":true,"href":"https:\/\/stage.jh-itc.de\/ru\/wp-json\/wp\/v2\/product_tag?post=92162"}],"curies":[{"name":"wp","href":"https:\/\/api.w.org\/{rel}","templated":true}]}}