{"id":92060,"date":"2023-08-01T16:36:05","date_gmt":"2024-10-08T11:51:27","guid":{"rendered":"https:\/\/www.jh-itc.de\/shop\/uncategorized\/441-%d0%bc%c2%b2-%d0%be%d0%bf%d0%b0%d0%bb%d1%83%d0%b1%d0%ba%d0%b0-peri-trio-270-%d0%bc\/"},"modified":"2024-10-08T13:51:27","modified_gmt":"2024-10-08T11:51:27","slug":"441-%d0%bc%c2%b2-%d0%be%d0%bf%d0%b0%d0%bb%d1%83%d0%b1%d0%ba%d0%b0-peri-trio-270-%d0%bc","status":"publish","type":"product","link":"https:\/\/stage.jh-itc.de\/ru\/shop\/peri-ru\/peri-trio-ru\/441-%d0%bc%c2%b2-%d0%be%d0%bf%d0%b0%d0%bb%d1%83%d0%b1%d0%ba%d0%b0-peri-trio-270-%d0%bc\/","title":{"rendered":"441 \u043c\u00b2 &#8211; \u041e\u043f\u0430\u043b\u0443\u0431\u043a\u0430 Peri Trio 2,70 \u043c"},"content":{"rendered":"","protected":false},"excerpt":{"rendered":"<p>\u041c\u044b \u043f\u0440\u0435\u0434\u043b\u0430\u0433\u0430\u0435\u043c \u043f\u0430\u043a\u0435\u0442 \u043f\u043b\u043e\u0449\u0430\u0434\u044c\u044e 441 \u043c\u00b2 &#8211; \u0438\u0441\u043f\u043e\u043b\u044c\u0437\u043e\u0432\u0430\u043d\u043d\u0430\u044f \u043e\u043f\u0430\u043b\u0443\u0431\u043a\u0430 Peri Trio 2,70 \u043c.<\/p>\n<table width=\"676\">\n<tbody>\n<tr>\n<td width=\"80\"><span style=\"color: #ffffff;\">\u0410\u0440\u0442. \u043d\u0435\u0442.<\/span><\/td>\n<td width=\"264\"><span style=\"color: #ffffff;\">\u041e\u043f\u0438\u0441\u0430\u043d\u0438\u0435 \u0441\u0442\u0430\u0442\u044c\u0438<\/span><\/td>\n<td width=\"257\"><span style=\"color: #ffffff;\">\u041e\u043f\u0438\u0441\u0430\u043d\u0438\u0435<\/span><\/td>\n<td width=\"75\"><span style=\"color: #ffffff;\">\u041a\u043e\u043b\u0438\u0447\u0435\u0441\u0442\u0432\u043e<\/span><\/td>\n<\/tr>\n<tr>\n<td><span style=\"color: #ffffff;\">023040<\/span><\/td>\n<td><span style=\"color: #ffffff;\">\u0417\u0430\u043f\u043e\u0440\u043d\u044b\u0439 \u044d\u043b\u0435\u043c\u0435\u043d\u0442 TR 270 x 24<\/span><\/td>\n<td><span style=\"color: #ffffff;\">\u041e\u0441\u0442\u0430\u043d\u043e\u0432\u043e\u0447\u043d\u0430\u044f \u043f\u0430\u043d\u0435\u043b\u044c TR 270 x 24<\/span><\/td>\n<td><span style=\"color: #ffffff;\">6<\/span><\/td>\n<\/tr>\n<tr>\n<td><span style=\"color: #ffffff;\">023630<\/span><\/td>\n<td><span style=\"color: #ffffff;\">\u0410\u043d\u043a\u0435\u0440\u043d\u044b\u0439 \u043a\u0440\u043e\u043d\u0448\u0442\u0435\u0439\u043d-2 AH, \u043e\u0446\u0438\u043d\u043a\u043e\u0432\u0430\u043d\u043d\u044b\u0439<\/span><\/td>\n<td><span style=\"color: #ffffff;\">\u0412\u0435\u0440\u0445\u043d\u0438\u0439 \u0441\u0442\u044f\u0436\u043d\u043e\u0439 \u043a\u0440\u043e\u043d\u0448\u0442\u0435\u0439\u043d-2 AH, \u043e\u0446\u0438\u043d\u043a\u043e\u0432\u0430\u043d\u043d\u044b\u0439<\/span><\/td>\n<td><span style=\"color: #ffffff;\">18<\/span><\/td>\n<\/tr>\n<tr>\n<td><span style=\"color: #ffffff;\">023550<\/span><\/td>\n<td><span style=\"color: #ffffff;\">\u041a\u043e\u043c\u043f\u0435\u043d\u0441\u0430\u0446\u0438\u043e\u043d\u043d\u0430\u044f \u043f\u043b\u0430\u043d\u043a\u0430 TAR 85<\/span><\/td>\n<td><span style=\"color: #ffffff;\">\u041a\u043e\u043c\u043f\u0435\u043d\u0441\u0430\u0446\u0438\u044f Waler TAR 85<\/span><\/td>\n<td><span style=\"color: #ffffff;\">16<\/span><\/td>\n<\/tr>\n<tr>\n<td><span style=\"color: #ffffff;\">022580<\/span><\/td>\n<td><span style=\"color: #ffffff;\">\u0423\u0433\u043b\u043e\u0432\u043e\u0439 TE 270-2<\/span><\/td>\n<td><span style=\"color: #ffffff;\">\u0412\u043d\u0443\u0442\u0440\u0435\u043d\u043d\u0438\u0439 \u0443\u0433\u043e\u043b TE 270-2<\/span><\/td>\n<td><span style=\"color: #ffffff;\">10<\/span><\/td>\n<\/tr>\n<tr>\n<td><span style=\"color: #ffffff;\">022510<\/span><\/td>\n<td><span style=\"color: #ffffff;\">\u042d\u043b\u0435\u043c\u0435\u043d\u0442 TR 270 x 120<\/span><\/td>\n<td><span style=\"color: #ffffff;\">\u041f\u0430\u043d\u0435\u043b\u044c TR 270 x 120<\/span><\/td>\n<td><span style=\"color: #ffffff;\">46<\/span><\/td>\n<\/tr>\n<tr>\n<td><span style=\"color: #ffffff;\">022570<\/span><\/td>\n<td><span style=\"color: #ffffff;\">\u042d\u043b\u0435\u043c\u0435\u043d\u0442 TR 270 x 240<\/span><\/td>\n<td><span style=\"color: #ffffff;\">\u041f\u0430\u043d\u0435\u043b\u044c TR 270 x 240<\/span><\/td>\n<td><span style=\"color: #ffffff;\">26<\/span><\/td>\n<\/tr>\n<tr>\n<td><span style=\"color: #ffffff;\">022560<\/span><\/td>\n<td><span style=\"color: #ffffff;\">\u042d\u043b\u0435\u043c\u0435\u043d\u0442 TR 270 x 30<\/span><\/td>\n<td><span style=\"color: #ffffff;\">\u041f\u0430\u043d\u0435\u043b\u044c TR 270 x 30<\/span><\/td>\n<td><span style=\"color: #ffffff;\">8<\/span><\/td>\n<\/tr>\n<tr>\n<td><span style=\"color: #ffffff;\">022550<\/span><\/td>\n<td><span style=\"color: #ffffff;\">\u042d\u043b\u0435\u043c\u0435\u043d\u0442 TR 270 x 60<\/span><\/td>\n<td><span style=\"color: #ffffff;\">\u041f\u0430\u043d\u0435\u043b\u044c TR 270 x 60<\/span><\/td>\n<td><span style=\"color: #ffffff;\">12<\/span><\/td>\n<\/tr>\n<tr>\n<td><span style=\"color: #ffffff;\">022530<\/span><\/td>\n<td><span style=\"color: #ffffff;\">Element TR 270 x 72<\/span><\/td>\n<td><span style=\"color: #ffffff;\">\u041f\u0430\u043d\u0435\u043b\u044c TR 270 x 72<\/span><\/td>\n<td><span style=\"color: #ffffff;\">10<\/span><\/td>\n<\/tr>\n<tr>\n<td><span style=\"color: #ffffff;\">022520<\/span><\/td>\n<td><span style=\"color: #ffffff;\">\u042d\u043b\u0435\u043c\u0435\u043d\u0442 TR 270 x 90<\/span><\/td>\n<td><span style=\"color: #ffffff;\">\u041f\u0430\u043d\u0435\u043b\u044c TR 270 x 90<\/span><\/td>\n<td><span style=\"color: #ffffff;\">8<\/span><\/td>\n<\/tr>\n<tr>\n<td><span style=\"color: #ffffff;\">023200<\/span><\/td>\n<td><span style=\"color: #ffffff;\">\u0428\u0430\u0440\u043d\u0438\u0440\u043d\u044b\u0439 \u0443\u0433\u043e\u043b\u043e\u043a TGE 270<\/span><\/td>\n<td><span style=\"color: #ffffff;\">\u0428\u0430\u0440\u043d\u0438\u0440\u043d\u044b\u0439 \u0443\u0433\u043e\u043b\u043e\u043a TGE 270<\/span><\/td>\n<td><span style=\"color: #ffffff;\">8<\/span><\/td>\n<\/tr>\n<tr>\n<td><span style=\"color: #ffffff;\">023670<\/span><\/td>\n<td><span style=\"color: #ffffff;\">\u041a\u0440\u043e\u043d\u0448\u0442\u0435\u0439\u043d \u0434\u043b\u044f \u0441\u0442\u0440\u043e\u0438\u0442\u0435\u043b\u044c\u043d\u044b\u0445 \u043b\u0435\u0441\u043e\u0432 TRG 80<\/span><\/td>\n<td><span style=\"color: #ffffff;\">\u041a\u0440\u043e\u043d\u0448\u0442\u0435\u0439\u043d \u0434\u043b\u044f \u0441\u0442\u0440\u043e\u0438\u0442\u0435\u043b\u044c\u043d\u044b\u0445 \u043b\u0435\u0441\u043e\u0432 TRG 80<\/span><\/td>\n<td><span style=\"color: #ffffff;\">30<\/span><\/td>\n<\/tr>\n<tr>\n<td><span style=\"color: #ffffff;\">023170<\/span><\/td>\n<td><span style=\"color: #ffffff;\">\u041a\u043e\u043c\u043f\u0435\u043d\u0441\u0430\u0446\u0438\u044f \u0434\u043b\u0438\u043d\u044b LA 270 x 36<\/span><\/td>\n<td><span style=\"color: #ffffff;\">\u0417\u0430\u043f\u043e\u043b\u043d\u044f\u044e\u0449\u0430\u044f \u043f\u043b\u0438\u0442\u0430 LA 270 x 36<\/span><\/td>\n<td><span style=\"color: #ffffff;\">8<\/span><\/td>\n<\/tr>\n<tr>\n<td><span style=\"color: #ffffff;\">022540<\/span><\/td>\n<td><span style=\"color: #ffffff;\">\u041c\u043d\u043e\u0433\u043e\u0446\u0435\u043b\u0435\u0432\u044b\u0435 \u044d\u043b\u0435\u043c\u0435\u043d\u0442\u044b TRM 270 x 72<\/span><\/td>\n<td><span style=\"color: #ffffff;\">\u041c\u0443\u043b\u044c\u0442\u0438\u043f\u0430\u043d\u0435\u043b\u044c TRM 270 x 72<\/span><\/td>\n<td><span style=\"color: #ffffff;\">8<\/span><\/td>\n<\/tr>\n<tr>\n<td><span style=\"color: #ffffff;\">030370<\/span><\/td>\n<td><span style=\"color: #ffffff;\">\u041f\u043b\u0430\u0441\u0442\u0438\u043d\u0430 \u0434\u043b\u044f \u0441\u043e\u0435\u0434\u0438\u043d\u0435\u043d\u0438\u044f \u0433\u0430\u0435\u043a DW 15, \u0433\u0430\u043b\u044c\u0432.<\/span><\/td>\n<td><span style=\"color: #ffffff;\">\u041f\u043e\u0432\u043e\u0440\u043e\u0442\u043d\u0430\u044f \u043f\u043b\u0430\u0441\u0442\u0438\u043d\u0430 \u0441 \u0433\u0430\u0439\u043a\u043e\u0439 DW 15, \u0433\u0430\u043b\u044c\u0432.<\/span><\/td>\n<td><span style=\"color: #ffffff;\">250<\/span><\/td>\n<\/tr>\n<tr>\n<td><span style=\"color: #ffffff;\">023500<\/span><\/td>\n<td><span style=\"color: #ffffff;\">\u0412\u044b\u0440\u0430\u0432\u043d\u0438\u0432\u0430\u044e\u0449\u0438\u0439 \u0437\u0430\u043c\u043e\u043a BFD, \u043e\u0446\u0438\u043d\u043a\u043e\u0432\u0430\u043d\u043d\u044b\u0439<\/span><\/td>\n<td><span style=\"color: #ffffff;\">\u0412\u044b\u0440\u0430\u0432\u043d\u0438\u0432\u0430\u044e\u0449\u0430\u044f \u043c\u0443\u0444\u0442\u0430 BFD, \u0433\u0430\u043b\u044c\u0432.<\/span><\/td>\n<td><span style=\"color: #ffffff;\">280<\/span><\/td>\n<\/tr>\n<tr>\n<td><span style=\"color: #ffffff;\">023930<\/span><\/td>\n<td><span style=\"color: #ffffff;\">\u0423\u043f\u043e\u0440 \u0434\u043b\u044f \u0431\u043e\u043b\u0442\u043e\u0432<\/span><\/td>\n<td><span style=\"color: #ffffff;\">\u0423\u043e\u043b\u0435\u0440 \u0421\u0442\u043e\u043f<\/span><\/td>\n<td><span style=\"color: #ffffff;\">23<\/span><\/td>\n<\/tr>\n<tr>\n<td><span style=\"color: #ffffff;\">023820<\/span><\/td>\n<td><span style=\"color: #ffffff;\">\u0413\u043e\u043b\u043e\u0432\u043a\u0430 \u0437\u0430\u0436\u0438\u043c\u043d\u043e\u0433\u043e \u043a\u0440\u044e\u043a\u0430 DW 15, \u043e\u0446\u0438\u043d\u043a\u043e\u0432\u0430\u043d\u043d\u0430\u044f<\/span><\/td>\n<td><span style=\"color: #ffffff;\">\u041d\u0430\u0441\u0430\u0434\u043a\u0430 \u0434\u043b\u044f \u043a\u0440\u044e\u0447\u043a\u0430 DW 15, \u043e\u0446\u0438\u043d\u043a\u043e\u0432\u0430\u043d\u043d\u0430\u044f<\/span><\/td>\n<td><span style=\"color: #ffffff;\">20<\/span><\/td>\n<\/tr>\n<tr>\n<td><span style=\"color: #ffffff;\">030030<\/span><\/td>\n<td width=\"264\"><span style=\"color: #ffffff;\">\u041f\u0440\u0435\u0434\u0432\u0430\u0440\u0438\u0442\u0435\u043b\u044c\u043d\u043e \u043d\u0430\u043f\u0440\u044f\u0436\u0435\u043d\u043d\u0430\u044f \u0441\u0442\u0430\u043b\u044c DW 15 \u0441\u043f\u0435\u0446\u0438\u0430\u043b\u044c\u043d\u043e\u0439 \u0434\u043b\u0438\u043d\u044b<\/span><\/td>\n<td width=\"257\"><span style=\"color: #ffffff;\">\u0421\u0442\u0435\u0440\u0436\u0435\u043d\u044c \u0433\u0430\u043b\u0441\u0442\u0443\u043a\u0430 DW 15 Spec. \u0414\u043b\u0438\u043d\u0430<\/span><\/td>\n<td><span style=\"color: #ffffff;\">105<\/span><\/td>\n<\/tr>\n<tr>\n<td><span style=\"color: #ffffff;\">027510<\/span><\/td>\n<td><span style=\"color: #ffffff;\">\u041e\u043f\u043e\u0440\u043d\u0430\u044f \u0441\u0442\u043e\u0439\u043a\u0430 SB-2<\/span><\/td>\n<td><span style=\"color: #ffffff;\">\u0420\u0430\u043c\u043a\u0430 \u0434\u043b\u044f \u0441\u043a\u043e\u0431 SB 2<\/span><\/td>\n<td><span style=\"color: #ffffff;\">11<\/span><\/td>\n<\/tr>\n<tr>\n<td><span style=\"color: #ffffff;\">117322<\/span><\/td>\n<td><span style=\"color: #ffffff;\">\u0422\u0440\u0430\u043d\u0441\u043f\u043e\u0440\u0442\u043d\u0430\u044f \u0432\u0435\u0448\u0430\u043b\u043a\u0430 MX<\/span><\/td>\n<td><\/td>\n<td><span style=\"color: #ffffff;\">2<\/span><\/td>\n<\/tr>\n<tr>\n<td><span style=\"color: #ffffff;\">115168<\/span><\/td>\n<td><span style=\"color: #ffffff;\">MAXIMO 1,5 \u0442 \u043f\u0435\u0440\u0435\u0434\u0430\u0442\u043e\u0447\u043d\u044b\u0435 \u043a\u0440\u044e\u0447\u043a\u0438<\/span><\/td>\n<td><span style=\"color: #ffffff;\">\u041f\u043e\u0434\u044a\u0435\u043c\u043d\u044b\u0439 \u043a\u0440\u044e\u043a MAXIMO 1,5 \u0442<\/span><\/td>\n<td><span style=\"color: #ffffff;\">6<\/span><\/td>\n<\/tr>\n<tr>\n<td><span style=\"color: #ffffff;\">023181<\/span><\/td>\n<td><span style=\"color: #ffffff;\">\u041a\u043e\u043c\u043f\u0435\u043d\u0441\u0430\u0446\u0438\u044f \u0442\u043e\u043b\u0449\u0438\u043d\u044b \u0441\u0442\u0435\u043d\u043a\u0438 WDAS 270 x 5, \u0430\u043b\u044e\u043c\u0438\u043d\u0438\u0439<\/span><\/td>\n<td><span style=\"color: #ffffff;\">\u0422\u043e\u043b\u0449\u0438\u043d\u0430 \u0441\u0442\u0435\u043d\u043a\u0438 \u043a\u043e\u043c\u043f\u043b. WDAS\/4 270 x 5, \u0430\u043b\u044e\u043c\u0438\u043d\u0438\u0439<\/span><\/td>\n<td><span style=\"color: #ffffff;\">4<\/span><\/td>\n<\/tr>\n<tr>\n<td><span style=\"color: #ffffff;\">023191<\/span><\/td>\n<td><span style=\"color: #ffffff;\">\u041a\u043e\u043c\u043f\u0435\u043d\u0441\u0430\u0446\u0438\u044f \u0442\u043e\u043b\u0449\u0438\u043d\u044b \u0441\u0442\u0435\u043d\u043a\u0438 WDAS 270 x 6, \u0430\u043b\u044e\u043c\u0438\u043d\u0438\u0439<\/span><\/td>\n<td><span style=\"color: #ffffff;\">\u0422\u043e\u043b\u0449\u0438\u043d\u0430 \u0441\u0442\u0435\u043d\u043a\u0438 \u043a\u043e\u043c\u043f\u043b. WDAS\/4 270 x 6, \u0430\u043b\u044e\u043c\u0438\u043d\u0438\u0439<\/span><\/td>\n<td><span style=\"color: #ffffff;\">12<\/span><\/td>\n<\/tr>\n<\/tbody>\n<\/table>\n<p>\u042d\u0442\u0430 \u043e\u043f\u0430\u043b\u0443\u0431\u043a\u0430 \u043d\u0430\u0445\u043e\u0434\u0438\u0442\u0441\u044f \u0432 \u0445\u043e\u0440\u043e\u0448\u0435\u043c \u0441\u043e\u0441\u0442\u043e\u044f\u043d\u0438\u0438, \u0432 \u0442\u043e\u043c \u0447\u0438\u0441\u043b\u0435. \u0410\u043a\u0441\u0435\u0441\u0441\u0443\u0430\u0440\u044b \u0432 \u043d\u0430\u043b\u0438\u0447\u0438\u0438.<\/p>\n<p>\u0415\u0441\u043b\u0438 \u0412\u044b \u0437\u0430\u0438\u043d\u0442\u0435\u0440\u0435\u0441\u043e\u0432\u0430\u043d\u044b, \u043f\u043e\u0436\u0430\u043b\u0443\u0439\u0441\u0442\u0430, \u043e\u0442\u043f\u0440\u0430\u0432\u044c\u0442\u0435 \u043d\u0430\u043c \u0437\u0430\u043f\u0440\u043e\u0441.<\/p>\n<p>&nbsp;<\/p>\n","protected":false},"featured_media":44469,"template":"","meta":[],"product_brand":[],"product_cat":[353,361,359],"product_tag":[],"class_list":{"0":"post-92060","1":"product","2":"type-product","3":"status-publish","4":"has-post-thumbnail","6":"product_cat-peri-ru","7":"product_cat-schalungen-ru","8":"product_cat-peri-trio-ru","10":"first","11":"instock","12":"taxable","13":"shipping-taxable","14":"product-type-simple"},"yoast_head":"<!-- This site is optimized with the Yoast SEO plugin v26.5 - https:\/\/yoast.com\/wordpress\/plugins\/seo\/ -->\n<title>441 \u043c\u00b2 - \u041e\u043f\u0430\u043b\u0443\u0431\u043a\u0430 Peri Trio 2,70 \u043c - JH - ITC GmbH<\/title>\n<meta name=\"description\" content=\"441 \u043c\u00b2 - \u041e\u043f\u0430\u043b\u0443\u0431\u043a\u0430 Peri Trio 2,70 \u043c. \u0418\u0437\u0432\u0435\u0441\u0442\u043d\u044b\u0435 \u043f\u0440\u043e\u0438\u0437\u0432\u043e\u0434\u0438\u0442\u0435\u043b\u0438 \u2714 \u041d\u043e\u0432\u0430\u044f \u0438 \u0431\/\u0443 \u043e\u043f\u0430\u043b\u0443\u0431\u043a\u0430, \u043e\u043f\u043e\u0440\u044b, \u043b\u0435\u0441\u0430 \u0438 \u0441\u0442\u0440\u043e\u0438\u0442\u0435\u043b\u044c\u043d\u044b\u0435 \u043c\u0430\u0448\u0438\u043d\u044b \u2714 \u0417\u0430\u043f\u0440\u043e\u0441\u0438\u0442\u0435 \u043f\u0440\u0435\u0434\u043b\u043e\u0436\u0435\u043d\u0438\u0435 \u0441\u0435\u0439\u0447\u0430\u0441!\" \/>\n<meta name=\"robots\" content=\"noindex, follow, max-snippet:-1, max-image-preview:large, max-video-preview:-1\" \/>\n<meta property=\"og:locale\" content=\"ru_RU\" \/>\n<meta property=\"og:type\" content=\"article\" \/>\n<meta property=\"og:title\" content=\"441 \u043c\u00b2 - \u041e\u043f\u0430\u043b\u0443\u0431\u043a\u0430 Peri Trio 2,70 \u043c - JH - ITC GmbH\" \/>\n<meta property=\"og:description\" content=\"441 \u043c\u00b2 - \u041e\u043f\u0430\u043b\u0443\u0431\u043a\u0430 Peri Trio 2,70 \u043c. \u0418\u0437\u0432\u0435\u0441\u0442\u043d\u044b\u0435 \u043f\u0440\u043e\u0438\u0437\u0432\u043e\u0434\u0438\u0442\u0435\u043b\u0438 \u2714 \u041d\u043e\u0432\u0430\u044f \u0438 \u0431\/\u0443 \u043e\u043f\u0430\u043b\u0443\u0431\u043a\u0430, \u043e\u043f\u043e\u0440\u044b, \u043b\u0435\u0441\u0430 \u0438 \u0441\u0442\u0440\u043e\u0438\u0442\u0435\u043b\u044c\u043d\u044b\u0435 \u043c\u0430\u0448\u0438\u043d\u044b \u2714 \u0417\u0430\u043f\u0440\u043e\u0441\u0438\u0442\u0435 \u043f\u0440\u0435\u0434\u043b\u043e\u0436\u0435\u043d\u0438\u0435 \u0441\u0435\u0439\u0447\u0430\u0441!\" \/>\n<meta property=\"og:url\" content=\"https:\/\/stage.jh-itc.de\/ru\/shop\/peri-ru\/peri-trio-ru\/441-%d0%bc%c2%b2-%d0%be%d0%bf%d0%b0%d0%bb%d1%83%d0%b1%d0%ba%d0%b0-peri-trio-270-%d0%bc\/\" \/>\n<meta property=\"og:site_name\" content=\"JH - ITC GmbH\" \/>\n<meta property=\"article:publisher\" content=\"https:\/\/www.facebook.com\/schalungshandel\" \/>\n<meta property=\"og:image\" content=\"https:\/\/stage.jh-itc.de\/wp-content\/uploads\/2023\/08\/Peri-Trio-270m-_441m\u00b2-jpg-8.jpg\" \/>\n\t<meta property=\"og:image:width\" content=\"2048\" \/>\n\t<meta property=\"og:image:height\" content=\"1536\" \/>\n\t<meta property=\"og:image:type\" content=\"image\/jpeg\" \/>\n<meta name=\"twitter:card\" content=\"summary_large_image\" \/>\n<meta name=\"twitter:site\" content=\"@JH_ITC\" \/>\n<!-- \/ Yoast SEO plugin. -->","yoast_head_json":{"title":"441 \u043c\u00b2 - \u041e\u043f\u0430\u043b\u0443\u0431\u043a\u0430 Peri Trio 2,70 \u043c - JH - ITC GmbH","description":"441 \u043c\u00b2 - \u041e\u043f\u0430\u043b\u0443\u0431\u043a\u0430 Peri Trio 2,70 \u043c. \u0418\u0437\u0432\u0435\u0441\u0442\u043d\u044b\u0435 \u043f\u0440\u043e\u0438\u0437\u0432\u043e\u0434\u0438\u0442\u0435\u043b\u0438 \u2714 \u041d\u043e\u0432\u0430\u044f \u0438 \u0431\/\u0443 \u043e\u043f\u0430\u043b\u0443\u0431\u043a\u0430, \u043e\u043f\u043e\u0440\u044b, \u043b\u0435\u0441\u0430 \u0438 \u0441\u0442\u0440\u043e\u0438\u0442\u0435\u043b\u044c\u043d\u044b\u0435 \u043c\u0430\u0448\u0438\u043d\u044b \u2714 \u0417\u0430\u043f\u0440\u043e\u0441\u0438\u0442\u0435 \u043f\u0440\u0435\u0434\u043b\u043e\u0436\u0435\u043d\u0438\u0435 \u0441\u0435\u0439\u0447\u0430\u0441!","robots":{"index":"noindex","follow":"follow","max-snippet":"max-snippet:-1","max-image-preview":"max-image-preview:large","max-video-preview":"max-video-preview:-1"},"og_locale":"ru_RU","og_type":"article","og_title":"441 \u043c\u00b2 - \u041e\u043f\u0430\u043b\u0443\u0431\u043a\u0430 Peri Trio 2,70 \u043c - JH - ITC GmbH","og_description":"441 \u043c\u00b2 - \u041e\u043f\u0430\u043b\u0443\u0431\u043a\u0430 Peri Trio 2,70 \u043c. \u0418\u0437\u0432\u0435\u0441\u0442\u043d\u044b\u0435 \u043f\u0440\u043e\u0438\u0437\u0432\u043e\u0434\u0438\u0442\u0435\u043b\u0438 \u2714 \u041d\u043e\u0432\u0430\u044f \u0438 \u0431\/\u0443 \u043e\u043f\u0430\u043b\u0443\u0431\u043a\u0430, \u043e\u043f\u043e\u0440\u044b, \u043b\u0435\u0441\u0430 \u0438 \u0441\u0442\u0440\u043e\u0438\u0442\u0435\u043b\u044c\u043d\u044b\u0435 \u043c\u0430\u0448\u0438\u043d\u044b \u2714 \u0417\u0430\u043f\u0440\u043e\u0441\u0438\u0442\u0435 \u043f\u0440\u0435\u0434\u043b\u043e\u0436\u0435\u043d\u0438\u0435 \u0441\u0435\u0439\u0447\u0430\u0441!","og_url":"https:\/\/stage.jh-itc.de\/ru\/shop\/peri-ru\/peri-trio-ru\/441-%d0%bc%c2%b2-%d0%be%d0%bf%d0%b0%d0%bb%d1%83%d0%b1%d0%ba%d0%b0-peri-trio-270-%d0%bc\/","og_site_name":"JH - ITC GmbH","article_publisher":"https:\/\/www.facebook.com\/schalungshandel","og_image":[{"width":2048,"height":1536,"url":"https:\/\/stage.jh-itc.de\/wp-content\/uploads\/2023\/08\/Peri-Trio-270m-_441m\u00b2-jpg-8.jpg","type":"image\/jpeg"}],"twitter_card":"summary_large_image","twitter_site":"@JH_ITC","schema":{"@context":"https:\/\/schema.org","@graph":[{"@type":"WebPage","@id":"https:\/\/stage.jh-itc.de\/ru\/shop\/peri-ru\/peri-trio-ru\/441-%d0%bc%c2%b2-%d0%be%d0%bf%d0%b0%d0%bb%d1%83%d0%b1%d0%ba%d0%b0-peri-trio-270-%d0%bc\/","url":"https:\/\/stage.jh-itc.de\/ru\/shop\/peri-ru\/peri-trio-ru\/441-%d0%bc%c2%b2-%d0%be%d0%bf%d0%b0%d0%bb%d1%83%d0%b1%d0%ba%d0%b0-peri-trio-270-%d0%bc\/","name":"441 \u043c\u00b2 - \u041e\u043f\u0430\u043b\u0443\u0431\u043a\u0430 Peri Trio 2,70 \u043c - JH - ITC GmbH","isPartOf":{"@id":"https:\/\/stage.jh-itc.de\/ru\/#website"},"primaryImageOfPage":{"@id":"https:\/\/stage.jh-itc.de\/ru\/shop\/peri-ru\/peri-trio-ru\/441-%d0%bc%c2%b2-%d0%be%d0%bf%d0%b0%d0%bb%d1%83%d0%b1%d0%ba%d0%b0-peri-trio-270-%d0%bc\/#primaryimage"},"image":{"@id":"https:\/\/stage.jh-itc.de\/ru\/shop\/peri-ru\/peri-trio-ru\/441-%d0%bc%c2%b2-%d0%be%d0%bf%d0%b0%d0%bb%d1%83%d0%b1%d0%ba%d0%b0-peri-trio-270-%d0%bc\/#primaryimage"},"thumbnailUrl":"https:\/\/stage.jh-itc.de\/wp-content\/uploads\/2023\/08\/Peri-Trio-270m-_441m\u00b2-jpg-8.jpg","datePublished":"2024-10-08T11:51:27+00:00","description":"441 \u043c\u00b2 - \u041e\u043f\u0430\u043b\u0443\u0431\u043a\u0430 Peri Trio 2,70 \u043c. \u0418\u0437\u0432\u0435\u0441\u0442\u043d\u044b\u0435 \u043f\u0440\u043e\u0438\u0437\u0432\u043e\u0434\u0438\u0442\u0435\u043b\u0438 \u2714 \u041d\u043e\u0432\u0430\u044f \u0438 \u0431\/\u0443 \u043e\u043f\u0430\u043b\u0443\u0431\u043a\u0430, \u043e\u043f\u043e\u0440\u044b, \u043b\u0435\u0441\u0430 \u0438 \u0441\u0442\u0440\u043e\u0438\u0442\u0435\u043b\u044c\u043d\u044b\u0435 \u043c\u0430\u0448\u0438\u043d\u044b \u2714 \u0417\u0430\u043f\u0440\u043e\u0441\u0438\u0442\u0435 \u043f\u0440\u0435\u0434\u043b\u043e\u0436\u0435\u043d\u0438\u0435 \u0441\u0435\u0439\u0447\u0430\u0441!","breadcrumb":{"@id":"https:\/\/stage.jh-itc.de\/ru\/shop\/peri-ru\/peri-trio-ru\/441-%d0%bc%c2%b2-%d0%be%d0%bf%d0%b0%d0%bb%d1%83%d0%b1%d0%ba%d0%b0-peri-trio-270-%d0%bc\/#breadcrumb"},"inLanguage":"ru-RU","potentialAction":[{"@type":"ReadAction","target":["https:\/\/stage.jh-itc.de\/ru\/shop\/peri-ru\/peri-trio-ru\/441-%d0%bc%c2%b2-%d0%be%d0%bf%d0%b0%d0%bb%d1%83%d0%b1%d0%ba%d0%b0-peri-trio-270-%d0%bc\/"]}]},{"@type":"ImageObject","inLanguage":"ru-RU","@id":"https:\/\/stage.jh-itc.de\/ru\/shop\/peri-ru\/peri-trio-ru\/441-%d0%bc%c2%b2-%d0%be%d0%bf%d0%b0%d0%bb%d1%83%d0%b1%d0%ba%d0%b0-peri-trio-270-%d0%bc\/#primaryimage","url":"https:\/\/stage.jh-itc.de\/wp-content\/uploads\/2023\/08\/Peri-Trio-270m-_441m\u00b2-jpg-8.jpg","contentUrl":"https:\/\/stage.jh-itc.de\/wp-content\/uploads\/2023\/08\/Peri-Trio-270m-_441m\u00b2-jpg-8.jpg","width":2048,"height":1536},{"@type":"BreadcrumbList","@id":"https:\/\/stage.jh-itc.de\/ru\/shop\/peri-ru\/peri-trio-ru\/441-%d0%bc%c2%b2-%d0%be%d0%bf%d0%b0%d0%bb%d1%83%d0%b1%d0%ba%d0%b0-peri-trio-270-%d0%bc\/#breadcrumb","itemListElement":[{"@type":"ListItem","position":1,"name":"Home","item":"https:\/\/stage.jh-itc.de\/ru\/%d0%be%d0%bf%d0%b0%d0%bb%d1%83%d0%b1%d0%ba%d0%b0-%d1%81%d1%82%d0%be%d0%b9%d0%ba%d0%b8-%d0%b8-%d1%81%d1%82%d1%80%d0%be%d0%b8%d1%82%d0%b5%d0%bb%d1%8c%d0%bd%d1%8b%d0%b5-%d0%bb%d0%b5%d1%81%d0%b0-%d0%be\/"},{"@type":"ListItem","position":2,"name":"\u041c\u0430\u0433\u0430\u0437\u0438\u043d","item":"https:\/\/stage.jh-itc.de\/ru\/%d0%bc%d0%b0%d0%b3%d0%b0%d0%b7%d0%b8%d0%bd\/"},{"@type":"ListItem","position":3,"name":"441 \u043c\u00b2 &#8211; \u041e\u043f\u0430\u043b\u0443\u0431\u043a\u0430 Peri Trio 2,70 \u043c"}]},{"@type":"WebSite","@id":"https:\/\/stage.jh-itc.de\/ru\/#website","url":"https:\/\/stage.jh-itc.de\/ru\/","name":"JH - ITC GmbH","description":"Ihr Experte f\u00fcr gebrauchte St\u00fctzen, Schalungen und Ger\u00fcste","publisher":{"@id":"https:\/\/stage.jh-itc.de\/ru\/#organization"},"potentialAction":[{"@type":"SearchAction","target":{"@type":"EntryPoint","urlTemplate":"https:\/\/stage.jh-itc.de\/ru\/?s={search_term_string}"},"query-input":{"@type":"PropertyValueSpecification","valueRequired":true,"valueName":"search_term_string"}}],"inLanguage":"ru-RU"},{"@type":"Organization","@id":"https:\/\/stage.jh-itc.de\/ru\/#organization","name":"JH-ITC GmbH","url":"https:\/\/stage.jh-itc.de\/ru\/","logo":{"@type":"ImageObject","inLanguage":"ru-RU","@id":"https:\/\/stage.jh-itc.de\/ru\/#\/schema\/logo\/image\/","url":"https:\/\/stage.jh-itc.de\/wp-content\/uploads\/2016\/01\/JH-ITC2-1.png","contentUrl":"https:\/\/stage.jh-itc.de\/wp-content\/uploads\/2016\/01\/JH-ITC2-1.png","width":300,"height":102,"caption":"JH-ITC GmbH"},"image":{"@id":"https:\/\/stage.jh-itc.de\/ru\/#\/schema\/logo\/image\/"},"sameAs":["https:\/\/www.facebook.com\/schalungshandel","https:\/\/x.com\/JH_ITC","https:\/\/www.linkedin.com\/in\/jhitc","https:\/\/youtu.be\/rMdZ-FLfI-Y"]}]}},"_links":{"self":[{"href":"https:\/\/stage.jh-itc.de\/ru\/wp-json\/wp\/v2\/product\/92060","targetHints":{"allow":["GET"]}}],"collection":[{"href":"https:\/\/stage.jh-itc.de\/ru\/wp-json\/wp\/v2\/product"}],"about":[{"href":"https:\/\/stage.jh-itc.de\/ru\/wp-json\/wp\/v2\/types\/product"}],"wp:featuredmedia":[{"embeddable":true,"href":"https:\/\/stage.jh-itc.de\/ru\/wp-json\/wp\/v2\/media\/44469"}],"wp:attachment":[{"href":"https:\/\/stage.jh-itc.de\/ru\/wp-json\/wp\/v2\/media?parent=92060"}],"wp:term":[{"taxonomy":"product_brand","embeddable":true,"href":"https:\/\/stage.jh-itc.de\/ru\/wp-json\/wp\/v2\/product_brand?post=92060"},{"taxonomy":"product_cat","embeddable":true,"href":"https:\/\/stage.jh-itc.de\/ru\/wp-json\/wp\/v2\/product_cat?post=92060"},{"taxonomy":"product_tag","embeddable":true,"href":"https:\/\/stage.jh-itc.de\/ru\/wp-json\/wp\/v2\/product_tag?post=92060"}],"curies":[{"name":"wp","href":"https:\/\/api.w.org\/{rel}","templated":true}]}}