{"id":42944,"date":"2022-01-19T18:32:04","date_gmt":"2023-04-24T13:54:08","guid":{"rendered":"https:\/\/www.jh-itc.de\/shop\/uncategorized\/peri-vario-gt-%d1%81%d1%82%d0%b0%d0%bb%d1%8c%d0%bd%d0%be%d0%b9-%d0%b1%d0%be%d0%bb%d1%82\/"},"modified":"2023-04-24T15:54:08","modified_gmt":"2023-04-24T13:54:08","slug":"%d0%b1%d0%be%d0%bb%d1%82-peri-vario-gt-steel","status":"publish","type":"product","link":"https:\/\/stage.jh-itc.de\/ru\/shop\/peri-ru\/%d0%b1%d0%be%d0%bb%d1%82-peri-vario-gt-steel\/","title":{"rendered":"Peri Vario GT &#8211; \u0441\u0442\u0430\u043b\u044c\u043d\u043e\u0439 \u0431\u043e\u043b\u0442"},"content":{"rendered":"<p>\u0412\u043e\u0442 \u0441\u043f\u0438\u0441\u043e\u043a \u043c\u0430\u0442\u0435\u0440\u0438\u0430\u043b\u043e\u0432<\/p>\n<p>&nbsp;<\/p>\n<table width=\"667\">\n<tbody>\n<tr>\n<td width=\"80\">\u0410\u0440\u0442. \u043d\u0435\u0442.<\/td>\n<td width=\"264\">\u041e\u043f\u0438\u0441\u0430\u043d\u0438\u0435 \u0441\u0442\u0430\u0442\u044c\u0438<\/td>\n<td width=\"248\">\u041e\u043f\u0438\u0441\u0430\u043d\u0438\u0435<\/td>\n<td width=\"75\">\u041a\u043e\u043b\u0438\u0447\u0435\u0441\u0442\u0432\u043e<\/td>\n<\/tr>\n<tr>\n<td>103868<\/td>\n<td>\u0421\u0442\u0430\u043b\u044c\u043d\u043e\u0439 \u043a\u0430\u0440\u043d\u0438\u0437 Universal SRU U120, L = 0,72 \u043c<\/td>\n<td>\u0421\u0442\u0430\u043b\u044c\u043d\u043e\u0439 Waler Universal SRU U-120 l = 0,72 \u043c<\/td>\n<td>100<\/td>\n<\/tr>\n<tr>\n<td>103871<\/td>\n<td>\u0421\u0442\u0430\u043b\u044c\u043d\u043e\u0439 \u043a\u0430\u0440\u043d\u0438\u0437 Universal SRU U120, L = 0,97 \u043c<\/td>\n<td>Steel Waler Universal SRU U-120 l = 0,97 \u043c<\/td>\n<td>100<\/td>\n<\/tr>\n<tr>\n<td>103874<\/td>\n<td>\u0421\u0442\u0430\u043b\u044c\u043d\u043e\u0439 \u043a\u0430\u0440\u043d\u0438\u0437 Universal SRU U120, L = 1,22 \u043c<\/td>\n<td>\u0421\u0442\u0430\u043b\u044c\u043d\u043e\u0439 Waler Universal SRU U-120 l = 1,22 \u043c<\/td>\n<td>100<\/td>\n<\/tr>\n<tr>\n<td>103877<\/td>\n<td>\u0421\u0442\u0430\u043b\u044c\u043d\u043e\u0439 \u043a\u0430\u0440\u043d\u0438\u0437 Universal SRU U120, L = 1,47 \u043c<\/td>\n<td>\u0421\u0442\u0430\u043b\u044c\u043d\u043e\u0439 Waler Universal SRU U-120 l = 1,47 \u043c<\/td>\n<td>30<\/td>\n<\/tr>\n<tr>\n<td>103886<\/td>\n<td>\u0421\u0442\u0430\u043b\u044c\u043d\u043e\u0439 \u043a\u0430\u0440\u043d\u0438\u0437 Universal SRU U120, L = 1,72 \u043c<\/td>\n<td>Steel Waler Universal SRU U-120 l = 1,72 \u043c<\/td>\n<td>40<\/td>\n<\/tr>\n<tr>\n<td>103889<\/td>\n<td>\u0421\u0442\u0430\u043b\u044c\u043d\u043e\u0439 \u043a\u0430\u0440\u043d\u0438\u0437 Universal SRU U120, L = 1,97 \u043c<\/td>\n<td>Steel Waler Universal SRU U-120 l = 1,97 \u043c<\/td>\n<td>40<\/td>\n<\/tr>\n<tr>\n<td>103898<\/td>\n<td>\u0421\u0442\u0430\u043b\u044c\u043d\u043e\u0439 \u043a\u0430\u0440\u043d\u0438\u0437 Universal SRU U120, L = 2,22 \u043c<\/td>\n<td>\u0421\u0442\u0430\u043b\u044c\u043d\u043e\u0439 Waler Universal SRU U-120 l = 2,22 \u043c<\/td>\n<td>50<\/td>\n<\/tr>\n<tr>\n<td>103892<\/td>\n<td>\u0421\u0442\u0430\u043b\u044c\u043d\u043e\u0439 \u043a\u0430\u0440\u043d\u0438\u0437 Universal SRU U120, L = 2,47 \u043c<\/td>\n<td>\u0421\u0442\u0430\u043b\u044c\u043d\u043e\u0439 Waler Universal SRU U-120 l = 2,47 \u043c<\/td>\n<td>20<\/td>\n<\/tr>\n<tr>\n<td>103929<\/td>\n<td>\u0421\u0442\u0430\u043b\u044c\u043d\u043e\u0439 \u043a\u0430\u0440\u043d\u0438\u0437 Universal SRU U120, L = 2,72 \u043c<\/td>\n<td>Steel Waler Universal SRU U-120 l = 2,72 \u043c<\/td>\n<td>60<\/td>\n<\/tr>\n<tr>\n<td>103903<\/td>\n<td>\u0421\u0442\u0430\u043b\u044c\u043d\u043e\u0439 \u043a\u0430\u0440\u043d\u0438\u0437 Universal SRU U120, L = 2,97 \u043c<\/td>\n<td>Steel Waler Universal SRU U-120 l = 2,97 \u043c<\/td>\n<td>150<\/td>\n<\/tr>\n<tr>\n<td>103906<\/td>\n<td>\u0421\u0442\u0430\u043b\u044c\u043d\u043e\u0439 \u043a\u0430\u0440\u043d\u0438\u0437 Universal SRU U120, L = 3,47 \u043c<\/td>\n<td>\u0421\u0442\u0430\u043b\u044c\u043d\u043e\u0439 Waler Universal SRU U-120 l = 3,47 \u043c<\/td>\n<td>50<\/td>\n<\/tr>\n<tr>\n<td>103915<\/td>\n<td>\u0421\u0442\u0430\u043b\u044c\u043d\u043e\u0439 \u043a\u0430\u0440\u043d\u0438\u0437 Universal SRU U120, L = 3,97 \u043c<\/td>\n<td>Steel Waler Universal SRU U-120 l = 3,97 \u043c<\/td>\n<td>50<\/td>\n<\/tr>\n<tr>\n<td>103918<\/td>\n<td>\u0421\u0442\u0430\u043b\u044c\u043d\u043e\u0439 \u043a\u0430\u0440\u043d\u0438\u0437 Universal SRU U120, L = 4,47 \u043c<\/td>\n<td>\u0421\u0442\u0430\u043b\u044c\u043d\u043e\u0439 Waler Universal SRU U-120 l = 4,47 \u043c<\/td>\n<td>50<\/td>\n<\/tr>\n<tr>\n<td>103922<\/td>\n<td>\u0421\u0442\u0430\u043b\u044c\u043d\u043e\u0439 \u043a\u0430\u0440\u043d\u0438\u0437 Universal SRU U120, L = 4,97 \u043c<\/td>\n<td>Steel Waler Universal SRU U-120 l = 4,97 \u043c<\/td>\n<td>120<\/td>\n<\/tr>\n<tr>\n<td>104031<\/td>\n<td width=\"264\">\u041a\u0440\u0435\u043f\u0435\u0436\u043d\u044b\u0439 \u0431\u043e\u043b\u0442 21 x 120<\/td>\n<td width=\"248\">\u0411\u043e\u043b\u0442 \u00d8 21 x 120<\/td>\n<td>2000<\/td>\n<\/tr>\n<tr>\n<td>114082<\/td>\n<td>\u0410\u043d\u043a\u0435\u0440\u043d\u0430\u044f \u043f\u043b\u0438\u0442\u0430 RCS DW 20<\/td>\n<td>\u041a\u043e\u043d\u0442\u0440\u043f\u043b\u0430\u0441\u0442\u0438\u043d\u0430 RCS DW 20<\/td>\n<td>300<\/td>\n<\/tr>\n<tr>\n<td>111279<\/td>\n<td>\u041a\u0440\u0435\u0441\u0442\u043e\u043e\u0431\u0440\u0430\u0437\u043d\u044b\u0439 \u0441\u043e\u0435\u0434\u0438\u043d\u0438\u0442\u0435\u043b\u044c VARIOKIT<\/td>\n<td><\/td>\n<td>1000<\/td>\n<\/tr>\n<tr>\n<td>109469<\/td>\n<td>\u041f\u0435\u0440\u0435\u043a\u043b\u0430\u0434\u0438\u043d\u0430 \u0434\u043b\u044f \u043b\u0430\u0437\u0430\u043d\u0438\u044f RCS 248<\/td>\n<td>\u041f\u0435\u0440\u0438\u043b\u0430 \u0434\u043b\u044f \u043b\u0430\u0437\u0430\u043d\u0438\u044f RCS 248<\/td>\n<td>200<\/td>\n<\/tr>\n<tr>\n<td>112102<\/td>\n<td>\u041f\u0435\u0440\u0438\u043b\u0430 \u0434\u043b\u044f \u043b\u0430\u0437\u0430\u043d\u0438\u044f RCS 298<\/td>\n<td>\u041f\u0435\u0440\u0438\u043b\u0430 \u0434\u043b\u044f \u043b\u0430\u0437\u0430\u043d\u0438\u044f RCS 298<\/td>\n<td>10<\/td>\n<\/tr>\n<tr>\n<td>109470<\/td>\n<td>\u041f\u0435\u0440\u0438\u043b\u0430 \u0434\u043b\u044f \u043b\u0430\u0437\u0430\u043d\u0438\u044f RCS 348<\/td>\n<td>\u041f\u0435\u0440\u0438\u043b\u0430 \u0434\u043b\u044f \u043b\u0430\u0437\u0430\u043d\u0438\u044f RCS 348<\/td>\n<td>200<\/td>\n<\/tr>\n<tr>\n<td>112141<\/td>\n<td>\u041f\u0435\u0440\u0438\u043b\u0430 \u0434\u043b\u044f \u043b\u0430\u0437\u0430\u043d\u0438\u044f RCS 398<\/td>\n<td>\u041f\u0435\u0440\u0438\u043b\u0430 \u0434\u043b\u044f \u043b\u0430\u0437\u0430\u043d\u0438\u044f RCS 398<\/td>\n<td>20<\/td>\n<\/tr>\n<tr>\n<td>109471<\/td>\n<td>\u041f\u0435\u0440\u0435\u043a\u043b\u0430\u0434\u0438\u043d\u0430 \u0434\u043b\u044f \u043b\u0430\u0437\u0430\u043d\u0438\u044f RCS 498<\/td>\n<td>\u041f\u0435\u0440\u0438\u043b\u0430 \u0434\u043b\u044f \u043b\u0430\u0437\u0430\u043d\u0438\u044f RCS 498<\/td>\n<td>20<\/td>\n<\/tr>\n<tr>\n<td>109472<\/td>\n<td>\u041f\u0435\u0440\u0435\u043a\u043b\u0430\u0434\u0438\u043d\u0430 \u0434\u043b\u044f \u043b\u0430\u0437\u0430\u043d\u0438\u044f RCS 748<\/td>\n<td>\u041f\u0435\u0440\u0438\u043b\u0430 \u0434\u043b\u044f \u043b\u0430\u0437\u0430\u043d\u0438\u044f RCS 748<\/td>\n<td>210<\/td>\n<\/tr>\n<tr>\n<td>111833<\/td>\n<td>\u0421\u043e\u0435\u0434\u0438\u043d\u0438\u0442\u0435\u043b\u044c \u0434\u043b\u044f \u0430\u043b\u044c\u043f\u0438\u043d\u0438\u0441\u0442\u0441\u043a\u043e\u0433\u043e \u043f\u043e\u0440\u0443\u0447\u043d\u044f RCS 40<\/td>\n<td>\u0421\u043e\u0435\u0434\u0438\u043d\u0438\u0442\u0435\u043b\u044c \u0434\u043b\u044f \u0430\u043b\u044c\u043f\u0438\u043d\u0438\u0441\u0442\u0441\u043a\u043e\u0433\u043e \u043f\u043e\u0440\u0443\u0447\u043d\u044f RCS 40<\/td>\n<td>100<\/td>\n<\/tr>\n<tr>\n<td>113744<\/td>\n<td>\u0421\u043e\u0435\u0434\u0438\u043d\u0438\u0442\u0435\u043b\u044c \u043f\u043e\u0440\u0443\u0447\u043d\u044f \u0434\u043b\u044f \u043b\u0430\u0437\u0430\u043d\u0438\u044f RCS 73<\/td>\n<td>\u0421\u043e\u0435\u0434\u0438\u043d\u0438\u0442\u0435\u043b\u044c \u043f\u043e\u0440\u0443\u0447\u043d\u044f \u0434\u043b\u044f \u043b\u0430\u0437\u0430\u043d\u0438\u044f RCS 73<\/td>\n<td>140<\/td>\n<\/tr>\n<tr>\n<td>111390<\/td>\n<td>\u0421\u043e\u0435\u0434\u0438\u043d\u0438\u0442\u0435\u043b\u044c \u043f\u043e\u0440\u0443\u0447\u043d\u044f \u0434\u043b\u044f \u043b\u0430\u0437\u0430\u043d\u0438\u044f RCS 97<\/td>\n<td>\u0421\u043e\u0435\u0434\u0438\u043d\u0438\u0442\u0435\u043b\u044c \u043f\u043e\u0440\u0443\u0447\u043d\u044f \u0434\u043b\u044f \u043b\u0430\u0437\u0430\u043d\u0438\u044f RCS 97<\/td>\n<td>160<\/td>\n<\/tr>\n<tr>\n<td>111382<\/td>\n<td>\u041f\u0435\u0440\u0438\u043b\u0430 \u0434\u043b\u044f \u043b\u0430\u0437\u0430\u043d\u0438\u044f \u0423\u0433\u043b\u043e\u0432\u044b\u0435 \u0441\u043e\u0435\u0434\u0438\u043d\u0438\u0442\u0435\u043b\u0438 RCS<\/td>\n<td>\u0423\u0433\u043b\u043e\u0432\u043e\u0439 \u0441\u043e\u0435\u0434\u0438\u043d\u0438\u0442\u0435\u043b\u044c \u0440\u0435\u043b\u044c\u0441\u0430 \u0434\u043b\u044f \u043f\u043e\u0434\u044a\u0435\u043c\u0430 RCS<\/td>\n<td>24<\/td>\n<\/tr>\n<tr>\n<td>101773<\/td>\n<td>\u0428\u043f\u0438\u043d\u0434\u0435\u043b\u044c \u0434\u043b\u044f \u0442\u044f\u0436\u0435\u043b\u044b\u0445 \u0443\u0441\u043b\u043e\u0432\u0438\u0439 \u0440\u0430\u0431\u043e\u0442\u044b SLS 80\/140<\/td>\n<td>\u0428\u043f\u0438\u043d\u0434\u0435\u043b\u044c \u0434\u043b\u044f \u0442\u044f\u0436\u0435\u043b\u044b\u0445 \u0443\u0441\u043b\u043e\u0432\u0438\u0439 \u0440\u0430\u0431\u043e\u0442\u044b SLS 80\/140<\/td>\n<td>400<\/td>\n<\/tr>\n<tr>\n<td>101776<\/td>\n<td>\u0428\u043f\u0438\u043d\u0434\u0435\u043b\u044c \u0434\u043b\u044f \u0442\u044f\u0436\u0435\u043b\u044b\u0445 \u0443\u0441\u043b\u043e\u0432\u0438\u0439 \u0440\u0430\u0431\u043e\u0442\u044b SLS 140\/240<\/td>\n<td>\u0428\u043f\u0438\u043d\u0434\u0435\u043b\u044c \u0434\u043b\u044f \u0442\u044f\u0436\u0435\u043b\u044b\u0445 \u0443\u0441\u043b\u043e\u0432\u0438\u0439 \u0440\u0430\u0431\u043e\u0442\u044b SLS 140\/240<\/td>\n<td>400<\/td>\n<\/tr>\n<tr>\n<td>101779<\/td>\n<td>\u0421\u0432\u0435\u0440\u0445\u043c\u043e\u0449\u043d\u044b\u0439 \u0448\u043f\u0438\u043d\u0434\u0435\u043b\u044c SLS 260\/360<\/td>\n<td>\u0428\u043f\u0438\u043d\u0434\u0435\u043b\u044c \u0434\u043b\u044f \u0442\u044f\u0436\u0435\u043b\u044b\u0445 \u0443\u0441\u043b\u043e\u0432\u0438\u0439 \u044d\u043a\u0441\u043f\u043b\u0443\u0430\u0442\u0430\u0446\u0438\u0438 SLS 260\/360<\/td>\n<td>200<\/td>\n<\/tr>\n<tr>\n<td>110477<\/td>\n<td>\u0410\u0434\u0430\u043f\u0442\u0435\u0440 \u0448\u043f\u0438\u043d\u0434\u0435\u043b\u044f SLS\/RCS<\/td>\n<td>\u0410\u0434\u0430\u043f\u0442\u0435\u0440 \u0448\u043f\u0438\u043d\u0434\u0435\u043b\u044f SLS\/RCS<\/td>\n<td>1600<\/td>\n<\/tr>\n<tr>\n<td>111567<\/td>\n<td>\u041a\u0440\u0435\u043f\u0435\u0436\u043d\u044b\u0439 \u0431\u043e\u043b\u0442 \u00d8 26 x 120<\/td>\n<td>\u0411\u043e\u043b\u0442 \u00d8 26 x 120<\/td>\n<td>2000<\/td>\n<\/tr>\n<tr>\n<td>114997<\/td>\n<td>\u0422\u0430\u043a\u0435\u043b\u0430\u0436\u043d\u044b\u0439 \u0431\u0430\u0448\u043c\u0430\u043a RCS DW 15<\/td>\n<td>\u041a\u0440\u043e\u043d\u0448\u0442\u0435\u0439\u043d RCS DW 15<\/td>\n<td>190<\/td>\n<\/tr>\n<tr>\n<td>018060<\/td>\n<td width=\"264\">\u0428\u043f\u043b\u0438\u043d\u0442 4\/1, \u0433\u0430\u043b\u044c\u0432.<\/td>\n<td width=\"248\">\u0428\u043f\u043b\u0438\u043d\u0442 4\/1, \u0433\u0430\u043b\u044c\u0432.<\/td>\n<td>2000<\/td>\n<\/tr>\n<\/tbody>\n<\/table>\n","protected":false},"excerpt":{"rendered":"<p>\u041c\u044b \u043f\u0440\u0435\u0434\u043b\u0430\u0433\u0430\u0435\u043c \u043f\u043e\u0434\u0435\u0440\u0436\u0430\u043d\u043d\u044b\u0439 <strong>\u043c\u0430\u0442\u0435\u0440\u0438\u0430\u043b Peri Vario GT<\/strong>.<\/p>\n<p>\u041c\u0430\u0442\u0435\u0440\u0438\u0430\u043b \u043f\u043e\u0447\u0442\u0438 \u043a\u0430\u043a \u043d\u043e\u0432\u044b\u0439 \u0438 \u043d\u0430\u0445\u043e\u0434\u0438\u0442\u0441\u044f \u0432 \u043e\u0447\u0435\u043d\u044c \u0445\u043e\u0440\u043e\u0448\u0435\u043c \u0441\u043e\u0441\u0442\u043e\u044f\u043d\u0438\u0438.<\/p>\n<p>\u0415\u0441\u043b\u0438 \u0432\u044b \u0437\u0430\u0438\u043d\u0442\u0435\u0440\u0435\u0441\u043e\u0432\u0430\u043d\u044b, \u043f\u043e\u0436\u0430\u043b\u0443\u0439\u0441\u0442\u0430, \u043e\u0442\u043f\u0440\u0430\u0432\u044c\u0442\u0435 \u043d\u0430\u043c \u0432\u0430\u0448 \u0437\u0430\u043f\u0440\u043e\u0441.<\/p>\n","protected":false},"featured_media":37819,"template":"","meta":[],"product_brand":[],"product_cat":[353,361],"product_tag":[],"class_list":{"0":"post-42944","1":"product","2":"type-product","3":"status-publish","4":"has-post-thumbnail","6":"product_cat-peri-ru","7":"product_cat-schalungen-ru","9":"first","10":"instock","11":"taxable","12":"shipping-taxable","13":"product-type-simple"},"yoast_head":"<!-- This site is optimized with the Yoast SEO plugin v26.5 - https:\/\/yoast.com\/wordpress\/plugins\/seo\/ -->\n<title>Peri Vario GT - \u0441\u0442\u0430\u043b\u044c\u043d\u043e\u0439 \u0431\u043e\u043b\u0442 - JH - ITC GmbH<\/title>\n<meta name=\"description\" content=\"Peri Vario GT - \u0441\u0442\u0430\u043b\u044c\u043d\u043e\u0439 \u0431\u043e\u043b\u0442. \u0418\u0437\u0432\u0435\u0441\u0442\u043d\u044b\u0435 \u043f\u0440\u043e\u0438\u0437\u0432\u043e\u0434\u0438\u0442\u0435\u043b\u0438 \u2714 \u041d\u043e\u0432\u0430\u044f \u0438 \u0431\/\u0443 \u043e\u043f\u0430\u043b\u0443\u0431\u043a\u0430, \u043e\u043f\u043e\u0440\u044b, \u043b\u0435\u0441\u0430 \u0438 \u0441\u0442\u0440\u043e\u0438\u0442\u0435\u043b\u044c\u043d\u044b\u0435 \u043c\u0430\u0448\u0438\u043d\u044b \u2714 \u0417\u0430\u043f\u0440\u043e\u0441\u0438\u0442\u0435 \u043f\u0440\u0435\u0434\u043b\u043e\u0436\u0435\u043d\u0438\u0435 \u0441\u0435\u0439\u0447\u0430\u0441!\" \/>\n<meta name=\"robots\" content=\"noindex, follow, max-snippet:-1, max-image-preview:large, max-video-preview:-1\" \/>\n<meta property=\"og:locale\" content=\"ru_RU\" \/>\n<meta property=\"og:type\" content=\"article\" \/>\n<meta property=\"og:title\" content=\"Peri Vario GT - \u0441\u0442\u0430\u043b\u044c\u043d\u043e\u0439 \u0431\u043e\u043b\u0442 - JH - ITC GmbH\" \/>\n<meta property=\"og:description\" content=\"Peri Vario GT - \u0441\u0442\u0430\u043b\u044c\u043d\u043e\u0439 \u0431\u043e\u043b\u0442. \u0418\u0437\u0432\u0435\u0441\u0442\u043d\u044b\u0435 \u043f\u0440\u043e\u0438\u0437\u0432\u043e\u0434\u0438\u0442\u0435\u043b\u0438 \u2714 \u041d\u043e\u0432\u0430\u044f \u0438 \u0431\/\u0443 \u043e\u043f\u0430\u043b\u0443\u0431\u043a\u0430, \u043e\u043f\u043e\u0440\u044b, \u043b\u0435\u0441\u0430 \u0438 \u0441\u0442\u0440\u043e\u0438\u0442\u0435\u043b\u044c\u043d\u044b\u0435 \u043c\u0430\u0448\u0438\u043d\u044b \u2714 \u0417\u0430\u043f\u0440\u043e\u0441\u0438\u0442\u0435 \u043f\u0440\u0435\u0434\u043b\u043e\u0436\u0435\u043d\u0438\u0435 \u0441\u0435\u0439\u0447\u0430\u0441!\" \/>\n<meta property=\"og:url\" content=\"https:\/\/stage.jh-itc.de\/ru\/shop\/peri-ru\/%d0%b1%d0%be%d0%bb%d1%82-peri-vario-gt-steel\/\" \/>\n<meta property=\"og:site_name\" content=\"JH - ITC GmbH\" \/>\n<meta property=\"article:publisher\" content=\"https:\/\/www.facebook.com\/schalungshandel\" \/>\n<meta property=\"og:image\" content=\"https:\/\/stage.jh-itc.de\/wp-content\/uploads\/2022\/01\/Peri-Vario-GT_jwww.h-itc.de-11.jpg\" \/>\n\t<meta property=\"og:image:width\" content=\"2016\" \/>\n\t<meta property=\"og:image:height\" content=\"1512\" \/>\n\t<meta property=\"og:image:type\" content=\"image\/jpeg\" \/>\n<meta name=\"twitter:card\" content=\"summary_large_image\" \/>\n<meta name=\"twitter:site\" content=\"@JH_ITC\" \/>\n<meta name=\"twitter:label1\" content=\"\u041f\u0440\u0438\u043c\u0435\u0440\u043d\u043e\u0435 \u0432\u0440\u0435\u043c\u044f \u0434\u043b\u044f \u0447\u0442\u0435\u043d\u0438\u044f\" \/>\n\t<meta name=\"twitter:data1\" content=\"1 minute\" \/>\n<!-- \/ Yoast SEO plugin. -->","yoast_head_json":{"title":"Peri Vario GT - \u0441\u0442\u0430\u043b\u044c\u043d\u043e\u0439 \u0431\u043e\u043b\u0442 - JH - ITC GmbH","description":"Peri Vario GT - \u0441\u0442\u0430\u043b\u044c\u043d\u043e\u0439 \u0431\u043e\u043b\u0442. \u0418\u0437\u0432\u0435\u0441\u0442\u043d\u044b\u0435 \u043f\u0440\u043e\u0438\u0437\u0432\u043e\u0434\u0438\u0442\u0435\u043b\u0438 \u2714 \u041d\u043e\u0432\u0430\u044f \u0438 \u0431\/\u0443 \u043e\u043f\u0430\u043b\u0443\u0431\u043a\u0430, \u043e\u043f\u043e\u0440\u044b, \u043b\u0435\u0441\u0430 \u0438 \u0441\u0442\u0440\u043e\u0438\u0442\u0435\u043b\u044c\u043d\u044b\u0435 \u043c\u0430\u0448\u0438\u043d\u044b \u2714 \u0417\u0430\u043f\u0440\u043e\u0441\u0438\u0442\u0435 \u043f\u0440\u0435\u0434\u043b\u043e\u0436\u0435\u043d\u0438\u0435 \u0441\u0435\u0439\u0447\u0430\u0441!","robots":{"index":"noindex","follow":"follow","max-snippet":"max-snippet:-1","max-image-preview":"max-image-preview:large","max-video-preview":"max-video-preview:-1"},"og_locale":"ru_RU","og_type":"article","og_title":"Peri Vario GT - \u0441\u0442\u0430\u043b\u044c\u043d\u043e\u0439 \u0431\u043e\u043b\u0442 - JH - ITC GmbH","og_description":"Peri Vario GT - \u0441\u0442\u0430\u043b\u044c\u043d\u043e\u0439 \u0431\u043e\u043b\u0442. \u0418\u0437\u0432\u0435\u0441\u0442\u043d\u044b\u0435 \u043f\u0440\u043e\u0438\u0437\u0432\u043e\u0434\u0438\u0442\u0435\u043b\u0438 \u2714 \u041d\u043e\u0432\u0430\u044f \u0438 \u0431\/\u0443 \u043e\u043f\u0430\u043b\u0443\u0431\u043a\u0430, \u043e\u043f\u043e\u0440\u044b, \u043b\u0435\u0441\u0430 \u0438 \u0441\u0442\u0440\u043e\u0438\u0442\u0435\u043b\u044c\u043d\u044b\u0435 \u043c\u0430\u0448\u0438\u043d\u044b \u2714 \u0417\u0430\u043f\u0440\u043e\u0441\u0438\u0442\u0435 \u043f\u0440\u0435\u0434\u043b\u043e\u0436\u0435\u043d\u0438\u0435 \u0441\u0435\u0439\u0447\u0430\u0441!","og_url":"https:\/\/stage.jh-itc.de\/ru\/shop\/peri-ru\/%d0%b1%d0%be%d0%bb%d1%82-peri-vario-gt-steel\/","og_site_name":"JH - ITC GmbH","article_publisher":"https:\/\/www.facebook.com\/schalungshandel","og_image":[{"width":2016,"height":1512,"url":"https:\/\/stage.jh-itc.de\/wp-content\/uploads\/2022\/01\/Peri-Vario-GT_jwww.h-itc.de-11.jpg","type":"image\/jpeg"}],"twitter_card":"summary_large_image","twitter_site":"@JH_ITC","twitter_misc":{"\u041f\u0440\u0438\u043c\u0435\u0440\u043d\u043e\u0435 \u0432\u0440\u0435\u043c\u044f \u0434\u043b\u044f \u0447\u0442\u0435\u043d\u0438\u044f":"1 minute"},"schema":{"@context":"https:\/\/schema.org","@graph":[{"@type":"WebPage","@id":"https:\/\/stage.jh-itc.de\/ru\/shop\/peri-ru\/%d0%b1%d0%be%d0%bb%d1%82-peri-vario-gt-steel\/","url":"https:\/\/stage.jh-itc.de\/ru\/shop\/peri-ru\/%d0%b1%d0%be%d0%bb%d1%82-peri-vario-gt-steel\/","name":"Peri Vario GT - \u0441\u0442\u0430\u043b\u044c\u043d\u043e\u0439 \u0431\u043e\u043b\u0442 - JH - ITC GmbH","isPartOf":{"@id":"https:\/\/stage.jh-itc.de\/ru\/#website"},"primaryImageOfPage":{"@id":"https:\/\/stage.jh-itc.de\/ru\/shop\/peri-ru\/%d0%b1%d0%be%d0%bb%d1%82-peri-vario-gt-steel\/#primaryimage"},"image":{"@id":"https:\/\/stage.jh-itc.de\/ru\/shop\/peri-ru\/%d0%b1%d0%be%d0%bb%d1%82-peri-vario-gt-steel\/#primaryimage"},"thumbnailUrl":"https:\/\/stage.jh-itc.de\/wp-content\/uploads\/2022\/01\/Peri-Vario-GT_jwww.h-itc.de-11.jpg","datePublished":"2023-04-24T13:54:08+00:00","description":"Peri Vario GT - \u0441\u0442\u0430\u043b\u044c\u043d\u043e\u0439 \u0431\u043e\u043b\u0442. \u0418\u0437\u0432\u0435\u0441\u0442\u043d\u044b\u0435 \u043f\u0440\u043e\u0438\u0437\u0432\u043e\u0434\u0438\u0442\u0435\u043b\u0438 \u2714 \u041d\u043e\u0432\u0430\u044f \u0438 \u0431\/\u0443 \u043e\u043f\u0430\u043b\u0443\u0431\u043a\u0430, \u043e\u043f\u043e\u0440\u044b, \u043b\u0435\u0441\u0430 \u0438 \u0441\u0442\u0440\u043e\u0438\u0442\u0435\u043b\u044c\u043d\u044b\u0435 \u043c\u0430\u0448\u0438\u043d\u044b \u2714 \u0417\u0430\u043f\u0440\u043e\u0441\u0438\u0442\u0435 \u043f\u0440\u0435\u0434\u043b\u043e\u0436\u0435\u043d\u0438\u0435 \u0441\u0435\u0439\u0447\u0430\u0441!","breadcrumb":{"@id":"https:\/\/stage.jh-itc.de\/ru\/shop\/peri-ru\/%d0%b1%d0%be%d0%bb%d1%82-peri-vario-gt-steel\/#breadcrumb"},"inLanguage":"ru-RU","potentialAction":[{"@type":"ReadAction","target":["https:\/\/stage.jh-itc.de\/ru\/shop\/peri-ru\/%d0%b1%d0%be%d0%bb%d1%82-peri-vario-gt-steel\/"]}]},{"@type":"ImageObject","inLanguage":"ru-RU","@id":"https:\/\/stage.jh-itc.de\/ru\/shop\/peri-ru\/%d0%b1%d0%be%d0%bb%d1%82-peri-vario-gt-steel\/#primaryimage","url":"https:\/\/stage.jh-itc.de\/wp-content\/uploads\/2022\/01\/Peri-Vario-GT_jwww.h-itc.de-11.jpg","contentUrl":"https:\/\/stage.jh-itc.de\/wp-content\/uploads\/2022\/01\/Peri-Vario-GT_jwww.h-itc.de-11.jpg","width":2016,"height":1512},{"@type":"BreadcrumbList","@id":"https:\/\/stage.jh-itc.de\/ru\/shop\/peri-ru\/%d0%b1%d0%be%d0%bb%d1%82-peri-vario-gt-steel\/#breadcrumb","itemListElement":[{"@type":"ListItem","position":1,"name":"Home","item":"https:\/\/stage.jh-itc.de\/ru\/%d0%be%d0%bf%d0%b0%d0%bb%d1%83%d0%b1%d0%ba%d0%b0-%d1%81%d1%82%d0%be%d0%b9%d0%ba%d0%b8-%d0%b8-%d1%81%d1%82%d1%80%d0%be%d0%b8%d1%82%d0%b5%d0%bb%d1%8c%d0%bd%d1%8b%d0%b5-%d0%bb%d0%b5%d1%81%d0%b0-%d0%be\/"},{"@type":"ListItem","position":2,"name":"\u041c\u0430\u0433\u0430\u0437\u0438\u043d","item":"https:\/\/stage.jh-itc.de\/ru\/%d0%bc%d0%b0%d0%b3%d0%b0%d0%b7%d0%b8%d0%bd\/"},{"@type":"ListItem","position":3,"name":"Peri Vario GT &#8211; \u0441\u0442\u0430\u043b\u044c\u043d\u043e\u0439 \u0431\u043e\u043b\u0442"}]},{"@type":"WebSite","@id":"https:\/\/stage.jh-itc.de\/ru\/#website","url":"https:\/\/stage.jh-itc.de\/ru\/","name":"JH - ITC GmbH","description":"Ihr Experte f\u00fcr gebrauchte St\u00fctzen, Schalungen und Ger\u00fcste","publisher":{"@id":"https:\/\/stage.jh-itc.de\/ru\/#organization"},"potentialAction":[{"@type":"SearchAction","target":{"@type":"EntryPoint","urlTemplate":"https:\/\/stage.jh-itc.de\/ru\/?s={search_term_string}"},"query-input":{"@type":"PropertyValueSpecification","valueRequired":true,"valueName":"search_term_string"}}],"inLanguage":"ru-RU"},{"@type":"Organization","@id":"https:\/\/stage.jh-itc.de\/ru\/#organization","name":"JH-ITC GmbH","url":"https:\/\/stage.jh-itc.de\/ru\/","logo":{"@type":"ImageObject","inLanguage":"ru-RU","@id":"https:\/\/stage.jh-itc.de\/ru\/#\/schema\/logo\/image\/","url":"https:\/\/stage.jh-itc.de\/wp-content\/uploads\/2016\/01\/JH-ITC2-1.png","contentUrl":"https:\/\/stage.jh-itc.de\/wp-content\/uploads\/2016\/01\/JH-ITC2-1.png","width":300,"height":102,"caption":"JH-ITC GmbH"},"image":{"@id":"https:\/\/stage.jh-itc.de\/ru\/#\/schema\/logo\/image\/"},"sameAs":["https:\/\/www.facebook.com\/schalungshandel","https:\/\/x.com\/JH_ITC","https:\/\/www.linkedin.com\/in\/jhitc","https:\/\/youtu.be\/rMdZ-FLfI-Y"]}]}},"_links":{"self":[{"href":"https:\/\/stage.jh-itc.de\/ru\/wp-json\/wp\/v2\/product\/42944","targetHints":{"allow":["GET"]}}],"collection":[{"href":"https:\/\/stage.jh-itc.de\/ru\/wp-json\/wp\/v2\/product"}],"about":[{"href":"https:\/\/stage.jh-itc.de\/ru\/wp-json\/wp\/v2\/types\/product"}],"wp:featuredmedia":[{"embeddable":true,"href":"https:\/\/stage.jh-itc.de\/ru\/wp-json\/wp\/v2\/media\/37819"}],"wp:attachment":[{"href":"https:\/\/stage.jh-itc.de\/ru\/wp-json\/wp\/v2\/media?parent=42944"}],"wp:term":[{"taxonomy":"product_brand","embeddable":true,"href":"https:\/\/stage.jh-itc.de\/ru\/wp-json\/wp\/v2\/product_brand?post=42944"},{"taxonomy":"product_cat","embeddable":true,"href":"https:\/\/stage.jh-itc.de\/ru\/wp-json\/wp\/v2\/product_cat?post=42944"},{"taxonomy":"product_tag","embeddable":true,"href":"https:\/\/stage.jh-itc.de\/ru\/wp-json\/wp\/v2\/product_tag?post=42944"}],"curies":[{"name":"wp","href":"https:\/\/api.w.org\/{rel}","templated":true}]}}