{"id":42932,"date":"2022-01-12T18:27:38","date_gmt":"2023-04-24T13:54:05","guid":{"rendered":"https:\/\/www.jh-itc.de\/shop\/uncategorized\/doka-staxo-100-shoring\/"},"modified":"2023-04-24T15:54:05","modified_gmt":"2023-04-24T13:54:05","slug":"doka-staxo-100-traggeruest","status":"publish","type":"product","link":"https:\/\/stage.jh-itc.de\/ru\/shop\/doka-ru\/doka-staxo-ru\/doka-staxo-100-traggeruest\/","title":{"rendered":"Doka Staxo 100 Shoring"},"content":{"rendered":"","protected":false},"excerpt":{"rendered":"<p>\u041c\u044b \u043f\u0440\u0435\u0434\u043b\u0430\u0433\u0430\u0435\u043c \u043c\u043d\u043e\u0433\u043e \u043f\u043e\u0434\u0435\u0440\u0436\u0430\u043d\u043d\u044b\u0445 \u043e\u043f\u043e\u0440 Doka Staxo 100.<\/p>\n<table width=\"677\">\n<tbody>\n<tr>\n<td width=\"81\">\u041d\u043e\u043c\u0435\u0440 \u0441\u0442\u0430\u0442\u044c\u0438<\/td>\n<td width=\"260\">\u041e\u043f\u0438\u0441\u0430\u043d\u0438\u0435 \u0441\u0442\u0430\u0442\u044c\u0438<\/td>\n<td width=\"279\">\u041e\u043f\u0438\u0441\u0430\u043d\u0438\u0435<\/td>\n<td width=\"57\">\u041a\u043e\u043b\u0438\u0447\u0435\u0441\u0442\u0432\u043e<\/td>\n<\/tr>\n<tr>\n<td>582300000<\/td>\n<td>\u0420\u0430\u043c\u0430 Staxo 100 1,80 \u043c<\/td>\n<td>\u041e\u0441\u043d\u043e\u0432\u043d\u0430\u044f \u0440\u0430\u043c\u0430 Staxo 1,80 \u043c<\/td>\n<td>1049<\/td>\n<\/tr>\n<tr>\n<td>582301000<\/td>\n<td>\u0420\u0430\u043c\u0430 Staxo 100 1,20 \u043c<\/td>\n<td>\u041e\u0441\u043d\u043e\u0432\u043d\u0430\u044f \u0440\u0430\u043c\u0430 Staxo 1,20 \u043c<\/td>\n<td>452<\/td>\n<\/tr>\n<tr>\n<td>582302000<\/td>\n<td>\u0420\u0430\u043c\u0430 Staxo 100 0,90 \u043c<\/td>\n<td>\u041e\u0441\u043d\u043e\u0432\u043d\u0430\u044f \u0440\u0430\u043c\u0430 Staxo 0,90 \u043c<\/td>\n<td>124<\/td>\n<\/tr>\n<tr>\n<td>582772000<\/td>\n<td>\u0414\u0438\u0430\u0433\u043e\u043d\u0430\u043b\u044c\u043d\u044b\u0439 \u043a\u0440\u0435\u0441\u0442 9.100<\/td>\n<td>\u0414\u0438\u0430\u0433\u043e\u043d\u0430\u043b\u044c\u043d\u044b\u0439 \u043a\u0440\u0435\u0441\u0442 9.100<\/td>\n<td>180<\/td>\n<\/tr>\n<tr>\n<td>582610000<\/td>\n<td>\u0414\u0438\u0430\u0433\u043e\u043d\u0430\u043b\u044c\u043d\u044b\u0439 \u043a\u0440\u0435\u0441\u0442 12.100<\/td>\n<td>\u0414\u0438\u0430\u0433\u043e\u043d\u0430\u043b\u044c\u043d\u044b\u0439 \u043a\u0440\u0435\u0441\u0442 12.100<\/td>\n<td>900<\/td>\n<\/tr>\n<tr>\n<td>582620000<\/td>\n<td>\u0414\u0438\u0430\u0433\u043e\u043d\u0430\u043b\u044c\u043d\u044b\u0439 \u043a\u0440\u0435\u0441\u0442 18.100<\/td>\n<td>\u0414\u0438\u0430\u0433\u043e\u043d\u0430\u043b\u044c\u043d\u044b\u0439 \u043a\u0440\u0435\u0441\u0442 18.100<\/td>\n<td>950<\/td>\n<\/tr>\n<tr>\n<td>582638000<\/td>\n<td>\u0428\u043f\u0438\u043d\u0434\u0435\u043b\u044c \u0441 \u0447\u0435\u0442\u044b\u0440\u0435\u0445\u0441\u0442\u043e\u0440\u043e\u043d\u043d\u0435\u0439 \u0433\u043e\u043b\u043e\u0432\u043a\u043e\u0439<\/td>\n<td>4-\u0445 \u0441\u0442\u043e\u0440\u043e\u043d\u043d\u044f\u044f \u0433\u043e\u043b\u043e\u0432\u043a\u0430 \u0441 \u0432\u0438\u043d\u0442\u043e\u0432\u044b\u043c \u0440\u0430\u0437\u044a\u0435\u043c\u043e\u043c<\/td>\n<td>585<\/td>\n<\/tr>\n<tr>\n<td>582637000<\/td>\n<td>\u041d\u043e\u0436\u043d\u043e\u0439 \u0448\u043f\u0438\u043d\u0434\u0435\u043b\u044c<\/td>\n<td>\u041b\u0430\u043f\u043a\u0430 \u0432\u0438\u043d\u0442\u043e\u0432\u043e\u0433\u043e \u0434\u043e\u043c\u043a\u0440\u0430\u0442\u0430<\/td>\n<td>500<\/td>\n<\/tr>\n<tr>\n<td>582783000<\/td>\n<td>\u041f\u043e\u0434\u0434\u043e\u043d \u0434\u043b\u044f \u043d\u0435\u0441\u0443\u0449\u0435\u0439 \u0431\u0430\u0448\u043d\u0438 Doka<\/td>\n<td>\u041f\u043e\u0434\u0434\u043e\u043d \u0434\u043b\u044f Staxo\/Aluxo<\/td>\n<td>15<\/td>\n<\/tr>\n<tr>\n<td>583011000<\/td>\n<td>\u0412\u043e\u0437\u0432\u0440\u0430\u0442\u043d\u044b\u0439 \u043a\u043e\u043d\u0442\u0435\u0439\u043d\u0435\u0440 Doka 1,20&#215;0,80 \u043c<\/td>\n<td>\u041c\u043d\u043e\u0433\u043e\u043c\u0435\u0441\u0442\u043d\u044b\u0439 \u0442\u0440\u0430\u043d\u0441\u043f\u043e\u0440\u0442\u043d\u044b\u0439 \u044f\u0449\u0438\u043a Doka 1,20&#215;0,80 \u043c<\/td>\n<td>35<\/td>\n<\/tr>\n<\/tbody>\n<\/table>\n<p>\u0415\u0441\u043b\u0438 \u0432\u044b \u0437\u0430\u0438\u043d\u0442\u0435\u0440\u0435\u0441\u043e\u0432\u0430\u043d\u044b, \u043f\u043e\u0436\u0430\u043b\u0443\u0439\u0441\u0442\u0430, \u043e\u0442\u043f\u0440\u0430\u0432\u044c\u0442\u0435 \u043d\u0430\u043c \u0432\u0430\u0448 \u0437\u0430\u043f\u0440\u043e\u0441.<\/p>\n","protected":false},"featured_media":37780,"template":"","meta":[],"product_brand":[],"product_cat":[322,327,329],"product_tag":[],"class_list":{"0":"post-42932","1":"product","2":"type-product","3":"status-publish","4":"has-post-thumbnail","6":"product_cat-doka-ru","7":"product_cat-doka-staxo-ru","8":"product_cat-gerueste-ru","10":"first","11":"instock","12":"taxable","13":"shipping-taxable","14":"product-type-simple"},"yoast_head":"<!-- This site is optimized with the Yoast SEO plugin v26.5 - https:\/\/yoast.com\/wordpress\/plugins\/seo\/ -->\n<title>Doka Staxo 100 Shoring - JH - ITC GmbH<\/title>\n<meta name=\"description\" content=\"Doka Staxo 100 Shoring. \u0418\u0437\u0432\u0435\u0441\u0442\u043d\u044b\u0435 \u043f\u0440\u043e\u0438\u0437\u0432\u043e\u0434\u0438\u0442\u0435\u043b\u0438 \u2714 \u041d\u043e\u0432\u0430\u044f \u0438 \u0431\/\u0443 \u043e\u043f\u0430\u043b\u0443\u0431\u043a\u0430, \u043e\u043f\u043e\u0440\u044b, \u043b\u0435\u0441\u0430 \u0438 \u0441\u0442\u0440\u043e\u0438\u0442\u0435\u043b\u044c\u043d\u044b\u0435 \u043c\u0430\u0448\u0438\u043d\u044b \u2714 \u0417\u0430\u043f\u0440\u043e\u0441\u0438\u0442\u0435 \u043f\u0440\u0435\u0434\u043b\u043e\u0436\u0435\u043d\u0438\u0435 \u0441\u0435\u0439\u0447\u0430\u0441!\" \/>\n<meta name=\"robots\" content=\"noindex, follow, max-snippet:-1, max-image-preview:large, max-video-preview:-1\" \/>\n<meta property=\"og:locale\" content=\"ru_RU\" \/>\n<meta property=\"og:type\" content=\"article\" \/>\n<meta property=\"og:title\" content=\"Doka Staxo 100 Shoring - JH - ITC GmbH\" \/>\n<meta property=\"og:description\" content=\"Doka Staxo 100 Shoring. \u0418\u0437\u0432\u0435\u0441\u0442\u043d\u044b\u0435 \u043f\u0440\u043e\u0438\u0437\u0432\u043e\u0434\u0438\u0442\u0435\u043b\u0438 \u2714 \u041d\u043e\u0432\u0430\u044f \u0438 \u0431\/\u0443 \u043e\u043f\u0430\u043b\u0443\u0431\u043a\u0430, \u043e\u043f\u043e\u0440\u044b, \u043b\u0435\u0441\u0430 \u0438 \u0441\u0442\u0440\u043e\u0438\u0442\u0435\u043b\u044c\u043d\u044b\u0435 \u043c\u0430\u0448\u0438\u043d\u044b \u2714 \u0417\u0430\u043f\u0440\u043e\u0441\u0438\u0442\u0435 \u043f\u0440\u0435\u0434\u043b\u043e\u0436\u0435\u043d\u0438\u0435 \u0441\u0435\u0439\u0447\u0430\u0441!\" \/>\n<meta property=\"og:url\" content=\"https:\/\/stage.jh-itc.de\/ru\/shop\/doka-ru\/doka-staxo-ru\/doka-staxo-100-traggeruest\/\" \/>\n<meta property=\"og:site_name\" content=\"JH - ITC GmbH\" \/>\n<meta property=\"article:publisher\" content=\"https:\/\/www.facebook.com\/schalungshandel\" \/>\n<meta property=\"og:image\" content=\"https:\/\/stage.jh-itc.de\/wp-content\/uploads\/2022\/01\/Doka-Staxo-100-7.jpg\" \/>\n\t<meta property=\"og:image:width\" content=\"1024\" \/>\n\t<meta property=\"og:image:height\" content=\"768\" \/>\n\t<meta property=\"og:image:type\" content=\"image\/jpeg\" \/>\n<meta name=\"twitter:card\" content=\"summary_large_image\" \/>\n<meta name=\"twitter:site\" content=\"@JH_ITC\" \/>\n<!-- \/ Yoast SEO plugin. -->","yoast_head_json":{"title":"Doka Staxo 100 Shoring - JH - ITC GmbH","description":"Doka Staxo 100 Shoring. \u0418\u0437\u0432\u0435\u0441\u0442\u043d\u044b\u0435 \u043f\u0440\u043e\u0438\u0437\u0432\u043e\u0434\u0438\u0442\u0435\u043b\u0438 \u2714 \u041d\u043e\u0432\u0430\u044f \u0438 \u0431\/\u0443 \u043e\u043f\u0430\u043b\u0443\u0431\u043a\u0430, \u043e\u043f\u043e\u0440\u044b, \u043b\u0435\u0441\u0430 \u0438 \u0441\u0442\u0440\u043e\u0438\u0442\u0435\u043b\u044c\u043d\u044b\u0435 \u043c\u0430\u0448\u0438\u043d\u044b \u2714 \u0417\u0430\u043f\u0440\u043e\u0441\u0438\u0442\u0435 \u043f\u0440\u0435\u0434\u043b\u043e\u0436\u0435\u043d\u0438\u0435 \u0441\u0435\u0439\u0447\u0430\u0441!","robots":{"index":"noindex","follow":"follow","max-snippet":"max-snippet:-1","max-image-preview":"max-image-preview:large","max-video-preview":"max-video-preview:-1"},"og_locale":"ru_RU","og_type":"article","og_title":"Doka Staxo 100 Shoring - JH - ITC GmbH","og_description":"Doka Staxo 100 Shoring. \u0418\u0437\u0432\u0435\u0441\u0442\u043d\u044b\u0435 \u043f\u0440\u043e\u0438\u0437\u0432\u043e\u0434\u0438\u0442\u0435\u043b\u0438 \u2714 \u041d\u043e\u0432\u0430\u044f \u0438 \u0431\/\u0443 \u043e\u043f\u0430\u043b\u0443\u0431\u043a\u0430, \u043e\u043f\u043e\u0440\u044b, \u043b\u0435\u0441\u0430 \u0438 \u0441\u0442\u0440\u043e\u0438\u0442\u0435\u043b\u044c\u043d\u044b\u0435 \u043c\u0430\u0448\u0438\u043d\u044b \u2714 \u0417\u0430\u043f\u0440\u043e\u0441\u0438\u0442\u0435 \u043f\u0440\u0435\u0434\u043b\u043e\u0436\u0435\u043d\u0438\u0435 \u0441\u0435\u0439\u0447\u0430\u0441!","og_url":"https:\/\/stage.jh-itc.de\/ru\/shop\/doka-ru\/doka-staxo-ru\/doka-staxo-100-traggeruest\/","og_site_name":"JH - ITC GmbH","article_publisher":"https:\/\/www.facebook.com\/schalungshandel","og_image":[{"width":1024,"height":768,"url":"https:\/\/stage.jh-itc.de\/wp-content\/uploads\/2022\/01\/Doka-Staxo-100-7.jpg","type":"image\/jpeg"}],"twitter_card":"summary_large_image","twitter_site":"@JH_ITC","schema":{"@context":"https:\/\/schema.org","@graph":[{"@type":"WebPage","@id":"https:\/\/stage.jh-itc.de\/ru\/shop\/doka-ru\/doka-staxo-ru\/doka-staxo-100-traggeruest\/","url":"https:\/\/stage.jh-itc.de\/ru\/shop\/doka-ru\/doka-staxo-ru\/doka-staxo-100-traggeruest\/","name":"Doka Staxo 100 Shoring - JH - ITC GmbH","isPartOf":{"@id":"https:\/\/stage.jh-itc.de\/ru\/#website"},"primaryImageOfPage":{"@id":"https:\/\/stage.jh-itc.de\/ru\/shop\/doka-ru\/doka-staxo-ru\/doka-staxo-100-traggeruest\/#primaryimage"},"image":{"@id":"https:\/\/stage.jh-itc.de\/ru\/shop\/doka-ru\/doka-staxo-ru\/doka-staxo-100-traggeruest\/#primaryimage"},"thumbnailUrl":"https:\/\/stage.jh-itc.de\/wp-content\/uploads\/2022\/01\/Doka-Staxo-100-7.jpg","datePublished":"2023-04-24T13:54:05+00:00","description":"Doka Staxo 100 Shoring. \u0418\u0437\u0432\u0435\u0441\u0442\u043d\u044b\u0435 \u043f\u0440\u043e\u0438\u0437\u0432\u043e\u0434\u0438\u0442\u0435\u043b\u0438 \u2714 \u041d\u043e\u0432\u0430\u044f \u0438 \u0431\/\u0443 \u043e\u043f\u0430\u043b\u0443\u0431\u043a\u0430, \u043e\u043f\u043e\u0440\u044b, \u043b\u0435\u0441\u0430 \u0438 \u0441\u0442\u0440\u043e\u0438\u0442\u0435\u043b\u044c\u043d\u044b\u0435 \u043c\u0430\u0448\u0438\u043d\u044b \u2714 \u0417\u0430\u043f\u0440\u043e\u0441\u0438\u0442\u0435 \u043f\u0440\u0435\u0434\u043b\u043e\u0436\u0435\u043d\u0438\u0435 \u0441\u0435\u0439\u0447\u0430\u0441!","breadcrumb":{"@id":"https:\/\/stage.jh-itc.de\/ru\/shop\/doka-ru\/doka-staxo-ru\/doka-staxo-100-traggeruest\/#breadcrumb"},"inLanguage":"ru-RU","potentialAction":[{"@type":"ReadAction","target":["https:\/\/stage.jh-itc.de\/ru\/shop\/doka-ru\/doka-staxo-ru\/doka-staxo-100-traggeruest\/"]}]},{"@type":"ImageObject","inLanguage":"ru-RU","@id":"https:\/\/stage.jh-itc.de\/ru\/shop\/doka-ru\/doka-staxo-ru\/doka-staxo-100-traggeruest\/#primaryimage","url":"https:\/\/stage.jh-itc.de\/wp-content\/uploads\/2022\/01\/Doka-Staxo-100-7.jpg","contentUrl":"https:\/\/stage.jh-itc.de\/wp-content\/uploads\/2022\/01\/Doka-Staxo-100-7.jpg","width":1024,"height":768},{"@type":"BreadcrumbList","@id":"https:\/\/stage.jh-itc.de\/ru\/shop\/doka-ru\/doka-staxo-ru\/doka-staxo-100-traggeruest\/#breadcrumb","itemListElement":[{"@type":"ListItem","position":1,"name":"Home","item":"https:\/\/stage.jh-itc.de\/ru\/%d0%be%d0%bf%d0%b0%d0%bb%d1%83%d0%b1%d0%ba%d0%b0-%d1%81%d1%82%d0%be%d0%b9%d0%ba%d0%b8-%d0%b8-%d1%81%d1%82%d1%80%d0%be%d0%b8%d1%82%d0%b5%d0%bb%d1%8c%d0%bd%d1%8b%d0%b5-%d0%bb%d0%b5%d1%81%d0%b0-%d0%be\/"},{"@type":"ListItem","position":2,"name":"\u041c\u0430\u0433\u0430\u0437\u0438\u043d","item":"https:\/\/stage.jh-itc.de\/ru\/%d0%bc%d0%b0%d0%b3%d0%b0%d0%b7%d0%b8%d0%bd\/"},{"@type":"ListItem","position":3,"name":"Doka Staxo 100 Shoring"}]},{"@type":"WebSite","@id":"https:\/\/stage.jh-itc.de\/ru\/#website","url":"https:\/\/stage.jh-itc.de\/ru\/","name":"JH - ITC GmbH","description":"Ihr Experte f\u00fcr gebrauchte St\u00fctzen, Schalungen und Ger\u00fcste","publisher":{"@id":"https:\/\/stage.jh-itc.de\/ru\/#organization"},"potentialAction":[{"@type":"SearchAction","target":{"@type":"EntryPoint","urlTemplate":"https:\/\/stage.jh-itc.de\/ru\/?s={search_term_string}"},"query-input":{"@type":"PropertyValueSpecification","valueRequired":true,"valueName":"search_term_string"}}],"inLanguage":"ru-RU"},{"@type":"Organization","@id":"https:\/\/stage.jh-itc.de\/ru\/#organization","name":"JH-ITC GmbH","url":"https:\/\/stage.jh-itc.de\/ru\/","logo":{"@type":"ImageObject","inLanguage":"ru-RU","@id":"https:\/\/stage.jh-itc.de\/ru\/#\/schema\/logo\/image\/","url":"https:\/\/stage.jh-itc.de\/wp-content\/uploads\/2016\/01\/JH-ITC2-1.png","contentUrl":"https:\/\/stage.jh-itc.de\/wp-content\/uploads\/2016\/01\/JH-ITC2-1.png","width":300,"height":102,"caption":"JH-ITC GmbH"},"image":{"@id":"https:\/\/stage.jh-itc.de\/ru\/#\/schema\/logo\/image\/"},"sameAs":["https:\/\/www.facebook.com\/schalungshandel","https:\/\/x.com\/JH_ITC","https:\/\/www.linkedin.com\/in\/jhitc","https:\/\/youtu.be\/rMdZ-FLfI-Y"]}]}},"_links":{"self":[{"href":"https:\/\/stage.jh-itc.de\/ru\/wp-json\/wp\/v2\/product\/42932","targetHints":{"allow":["GET"]}}],"collection":[{"href":"https:\/\/stage.jh-itc.de\/ru\/wp-json\/wp\/v2\/product"}],"about":[{"href":"https:\/\/stage.jh-itc.de\/ru\/wp-json\/wp\/v2\/types\/product"}],"wp:featuredmedia":[{"embeddable":true,"href":"https:\/\/stage.jh-itc.de\/ru\/wp-json\/wp\/v2\/media\/37780"}],"wp:attachment":[{"href":"https:\/\/stage.jh-itc.de\/ru\/wp-json\/wp\/v2\/media?parent=42932"}],"wp:term":[{"taxonomy":"product_brand","embeddable":true,"href":"https:\/\/stage.jh-itc.de\/ru\/wp-json\/wp\/v2\/product_brand?post=42932"},{"taxonomy":"product_cat","embeddable":true,"href":"https:\/\/stage.jh-itc.de\/ru\/wp-json\/wp\/v2\/product_cat?post=42932"},{"taxonomy":"product_tag","embeddable":true,"href":"https:\/\/stage.jh-itc.de\/ru\/wp-json\/wp\/v2\/product_tag?post=42932"}],"curies":[{"name":"wp","href":"https:\/\/api.w.org\/{rel}","templated":true}]}}