{"id":42717,"date":"2022-08-02T19:24:44","date_gmt":"2023-04-24T13:52:35","guid":{"rendered":"https:\/\/www.jh-itc.de\/shop\/uncategorized\/%d1%89%d0%b8%d1%82%d1%8b-%d0%be%d0%bf%d0%b0%d0%bb%d1%83%d0%b1%d0%ba%d0%b8-3-%d1%81%d0%bb%d0%be%d0%b9%d0%bd%d1%8b%d0%b5-3000-x-50-%d1%81%d0%bc-21-%d0%bc%d0%bc\/"},"modified":"2023-04-24T15:52:35","modified_gmt":"2023-04-24T13:52:35","slug":"schaltafeln-3-schicht-3000-x-50-cm-21mm","status":"publish","type":"product","link":"https:\/\/stage.jh-itc.de\/ru\/shop\/schalungen-ru\/schaltafeln-3-schicht-3000-x-50-cm-21mm\/","title":{"rendered":"\u0429\u0438\u0442\u044b \u043e\u043f\u0430\u043b\u0443\u0431\u043a\u0438 3-\u0441\u043b\u043e\u0439\u043d\u044b\u0435 3000 x 50 \u0441\u043c &#8211; 21 \u043c\u043c"},"content":{"rendered":"","protected":false},"excerpt":{"rendered":"<p>\u041f\u0440\u0435\u0434\u043b\u0430\u0433\u0430\u0435\u043c \u043d\u043e\u0432\u044b\u0435 \u043e\u043f\u0430\u043b\u0443\u0431\u043e\u0447\u043d\u044b\u0435 \u0449\u0438\u0442\u044b 3-\u0445 \u0441\u043b\u043e\u0439\u043d\u044b\u0435 3000 \u0445 50 \u0441\u043c &#8211; 21 \u043c\u043c.<\/p>\n<p>\u0415\u0441\u043b\u0438 \u0432\u044b \u0437\u0430\u0438\u043d\u0442\u0435\u0440\u0435\u0441\u043e\u0432\u0430\u043d\u044b, \u043f\u043e\u0436\u0430\u043b\u0443\u0439\u0441\u0442\u0430, \u043e\u0442\u043f\u0440\u0430\u0432\u044c\u0442\u0435 \u043d\u0430\u043c \u0432\u0430\u0448 \u0437\u0430\u043f\u0440\u043e\u0441.<\/p>\n","protected":false},"featured_media":39437,"template":"","meta":[],"product_brand":[],"product_cat":[361],"product_tag":[],"class_list":{"0":"post-42717","1":"product","2":"type-product","3":"status-publish","4":"has-post-thumbnail","6":"product_cat-schalungen-ru","8":"first","9":"instock","10":"taxable","11":"shipping-taxable","12":"product-type-simple"},"yoast_head":"<!-- This site is optimized with the Yoast SEO plugin v26.5 - https:\/\/yoast.com\/wordpress\/plugins\/seo\/ -->\n<title>\u0429\u0438\u0442\u044b \u043e\u043f\u0430\u043b\u0443\u0431\u043a\u0438 3-\u0441\u043b\u043e\u0439\u043d\u044b\u0435 3000 x 50 \u0441\u043c - 21 \u043c\u043c - JH - ITC GmbH<\/title>\n<meta name=\"description\" content=\"\u0429\u0438\u0442\u044b \u043e\u043f\u0430\u043b\u0443\u0431\u043a\u0438 3-\u0441\u043b\u043e\u0439\u043d\u044b\u0435 3000 x 50 \u0441\u043c - 21 \u043c\u043c. \u0418\u0437\u0432\u0435\u0441\u0442\u043d\u044b\u0435 \u043f\u0440\u043e\u0438\u0437\u0432\u043e\u0434\u0438\u0442\u0435\u043b\u0438 \u2714 \u041d\u043e\u0432\u0430\u044f \u0438 \u0431\/\u0443 \u043e\u043f\u0430\u043b\u0443\u0431\u043a\u0430, \u043e\u043f\u043e\u0440\u044b, \u043b\u0435\u0441\u0430 \u0438 \u0441\u0442\u0440\u043e\u0438\u0442\u0435\u043b\u044c\u043d\u044b\u0435 \u043c\u0430\u0448\u0438\u043d\u044b \u2714 \u0417\u0430\u043f\u0440\u043e\u0441\u0438\u0442\u0435 \u043f\u0440\u0435\u0434\u043b\u043e\u0436\u0435\u043d\u0438\u0435 \u0441\u0435\u0439\u0447\u0430\u0441!\" \/>\n<meta name=\"robots\" content=\"noindex, follow, max-snippet:-1, max-image-preview:large, max-video-preview:-1\" \/>\n<meta property=\"og:locale\" content=\"ru_RU\" \/>\n<meta property=\"og:type\" content=\"article\" \/>\n<meta property=\"og:title\" content=\"\u0429\u0438\u0442\u044b \u043e\u043f\u0430\u043b\u0443\u0431\u043a\u0438 3-\u0441\u043b\u043e\u0439\u043d\u044b\u0435 3000 x 50 \u0441\u043c - 21 \u043c\u043c - JH - ITC GmbH\" \/>\n<meta property=\"og:description\" content=\"\u0429\u0438\u0442\u044b \u043e\u043f\u0430\u043b\u0443\u0431\u043a\u0438 3-\u0441\u043b\u043e\u0439\u043d\u044b\u0435 3000 x 50 \u0441\u043c - 21 \u043c\u043c. \u0418\u0437\u0432\u0435\u0441\u0442\u043d\u044b\u0435 \u043f\u0440\u043e\u0438\u0437\u0432\u043e\u0434\u0438\u0442\u0435\u043b\u0438 \u2714 \u041d\u043e\u0432\u0430\u044f \u0438 \u0431\/\u0443 \u043e\u043f\u0430\u043b\u0443\u0431\u043a\u0430, \u043e\u043f\u043e\u0440\u044b, \u043b\u0435\u0441\u0430 \u0438 \u0441\u0442\u0440\u043e\u0438\u0442\u0435\u043b\u044c\u043d\u044b\u0435 \u043c\u0430\u0448\u0438\u043d\u044b \u2714 \u0417\u0430\u043f\u0440\u043e\u0441\u0438\u0442\u0435 \u043f\u0440\u0435\u0434\u043b\u043e\u0436\u0435\u043d\u0438\u0435 \u0441\u0435\u0439\u0447\u0430\u0441!\" \/>\n<meta property=\"og:url\" content=\"https:\/\/stage.jh-itc.de\/ru\/shop\/schalungen-ru\/schaltafeln-3-schicht-3000-x-50-cm-21mm\/\" \/>\n<meta property=\"og:site_name\" content=\"JH - ITC GmbH\" \/>\n<meta property=\"article:publisher\" content=\"https:\/\/www.facebook.com\/schalungshandel\" \/>\n<meta property=\"og:image\" content=\"https:\/\/stage.jh-itc.de\/wp-content\/uploads\/2022\/08\/Schaltafeln-3000-x-50cm-21mm-2.jpg\" \/>\n\t<meta property=\"og:image:width\" content=\"1599\" \/>\n\t<meta property=\"og:image:height\" content=\"899\" \/>\n\t<meta property=\"og:image:type\" content=\"image\/jpeg\" \/>\n<meta name=\"twitter:card\" content=\"summary_large_image\" \/>\n<meta name=\"twitter:site\" content=\"@JH_ITC\" \/>\n<!-- \/ Yoast SEO plugin. -->","yoast_head_json":{"title":"\u0429\u0438\u0442\u044b \u043e\u043f\u0430\u043b\u0443\u0431\u043a\u0438 3-\u0441\u043b\u043e\u0439\u043d\u044b\u0435 3000 x 50 \u0441\u043c - 21 \u043c\u043c - JH - ITC GmbH","description":"\u0429\u0438\u0442\u044b \u043e\u043f\u0430\u043b\u0443\u0431\u043a\u0438 3-\u0441\u043b\u043e\u0439\u043d\u044b\u0435 3000 x 50 \u0441\u043c - 21 \u043c\u043c. \u0418\u0437\u0432\u0435\u0441\u0442\u043d\u044b\u0435 \u043f\u0440\u043e\u0438\u0437\u0432\u043e\u0434\u0438\u0442\u0435\u043b\u0438 \u2714 \u041d\u043e\u0432\u0430\u044f \u0438 \u0431\/\u0443 \u043e\u043f\u0430\u043b\u0443\u0431\u043a\u0430, \u043e\u043f\u043e\u0440\u044b, \u043b\u0435\u0441\u0430 \u0438 \u0441\u0442\u0440\u043e\u0438\u0442\u0435\u043b\u044c\u043d\u044b\u0435 \u043c\u0430\u0448\u0438\u043d\u044b \u2714 \u0417\u0430\u043f\u0440\u043e\u0441\u0438\u0442\u0435 \u043f\u0440\u0435\u0434\u043b\u043e\u0436\u0435\u043d\u0438\u0435 \u0441\u0435\u0439\u0447\u0430\u0441!","robots":{"index":"noindex","follow":"follow","max-snippet":"max-snippet:-1","max-image-preview":"max-image-preview:large","max-video-preview":"max-video-preview:-1"},"og_locale":"ru_RU","og_type":"article","og_title":"\u0429\u0438\u0442\u044b \u043e\u043f\u0430\u043b\u0443\u0431\u043a\u0438 3-\u0441\u043b\u043e\u0439\u043d\u044b\u0435 3000 x 50 \u0441\u043c - 21 \u043c\u043c - JH - ITC GmbH","og_description":"\u0429\u0438\u0442\u044b \u043e\u043f\u0430\u043b\u0443\u0431\u043a\u0438 3-\u0441\u043b\u043e\u0439\u043d\u044b\u0435 3000 x 50 \u0441\u043c - 21 \u043c\u043c. \u0418\u0437\u0432\u0435\u0441\u0442\u043d\u044b\u0435 \u043f\u0440\u043e\u0438\u0437\u0432\u043e\u0434\u0438\u0442\u0435\u043b\u0438 \u2714 \u041d\u043e\u0432\u0430\u044f \u0438 \u0431\/\u0443 \u043e\u043f\u0430\u043b\u0443\u0431\u043a\u0430, \u043e\u043f\u043e\u0440\u044b, \u043b\u0435\u0441\u0430 \u0438 \u0441\u0442\u0440\u043e\u0438\u0442\u0435\u043b\u044c\u043d\u044b\u0435 \u043c\u0430\u0448\u0438\u043d\u044b \u2714 \u0417\u0430\u043f\u0440\u043e\u0441\u0438\u0442\u0435 \u043f\u0440\u0435\u0434\u043b\u043e\u0436\u0435\u043d\u0438\u0435 \u0441\u0435\u0439\u0447\u0430\u0441!","og_url":"https:\/\/stage.jh-itc.de\/ru\/shop\/schalungen-ru\/schaltafeln-3-schicht-3000-x-50-cm-21mm\/","og_site_name":"JH - ITC GmbH","article_publisher":"https:\/\/www.facebook.com\/schalungshandel","og_image":[{"width":1599,"height":899,"url":"https:\/\/stage.jh-itc.de\/wp-content\/uploads\/2022\/08\/Schaltafeln-3000-x-50cm-21mm-2.jpg","type":"image\/jpeg"}],"twitter_card":"summary_large_image","twitter_site":"@JH_ITC","schema":{"@context":"https:\/\/schema.org","@graph":[{"@type":"WebPage","@id":"https:\/\/stage.jh-itc.de\/ru\/shop\/schalungen-ru\/schaltafeln-3-schicht-3000-x-50-cm-21mm\/","url":"https:\/\/stage.jh-itc.de\/ru\/shop\/schalungen-ru\/schaltafeln-3-schicht-3000-x-50-cm-21mm\/","name":"\u0429\u0438\u0442\u044b \u043e\u043f\u0430\u043b\u0443\u0431\u043a\u0438 3-\u0441\u043b\u043e\u0439\u043d\u044b\u0435 3000 x 50 \u0441\u043c - 21 \u043c\u043c - JH - ITC GmbH","isPartOf":{"@id":"https:\/\/stage.jh-itc.de\/ru\/#website"},"primaryImageOfPage":{"@id":"https:\/\/stage.jh-itc.de\/ru\/shop\/schalungen-ru\/schaltafeln-3-schicht-3000-x-50-cm-21mm\/#primaryimage"},"image":{"@id":"https:\/\/stage.jh-itc.de\/ru\/shop\/schalungen-ru\/schaltafeln-3-schicht-3000-x-50-cm-21mm\/#primaryimage"},"thumbnailUrl":"https:\/\/stage.jh-itc.de\/wp-content\/uploads\/2022\/08\/Schaltafeln-3000-x-50cm-21mm-2.jpg","datePublished":"2023-04-24T13:52:35+00:00","description":"\u0429\u0438\u0442\u044b \u043e\u043f\u0430\u043b\u0443\u0431\u043a\u0438 3-\u0441\u043b\u043e\u0439\u043d\u044b\u0435 3000 x 50 \u0441\u043c - 21 \u043c\u043c. \u0418\u0437\u0432\u0435\u0441\u0442\u043d\u044b\u0435 \u043f\u0440\u043e\u0438\u0437\u0432\u043e\u0434\u0438\u0442\u0435\u043b\u0438 \u2714 \u041d\u043e\u0432\u0430\u044f \u0438 \u0431\/\u0443 \u043e\u043f\u0430\u043b\u0443\u0431\u043a\u0430, \u043e\u043f\u043e\u0440\u044b, \u043b\u0435\u0441\u0430 \u0438 \u0441\u0442\u0440\u043e\u0438\u0442\u0435\u043b\u044c\u043d\u044b\u0435 \u043c\u0430\u0448\u0438\u043d\u044b \u2714 \u0417\u0430\u043f\u0440\u043e\u0441\u0438\u0442\u0435 \u043f\u0440\u0435\u0434\u043b\u043e\u0436\u0435\u043d\u0438\u0435 \u0441\u0435\u0439\u0447\u0430\u0441!","breadcrumb":{"@id":"https:\/\/stage.jh-itc.de\/ru\/shop\/schalungen-ru\/schaltafeln-3-schicht-3000-x-50-cm-21mm\/#breadcrumb"},"inLanguage":"ru-RU","potentialAction":[{"@type":"ReadAction","target":["https:\/\/stage.jh-itc.de\/ru\/shop\/schalungen-ru\/schaltafeln-3-schicht-3000-x-50-cm-21mm\/"]}]},{"@type":"ImageObject","inLanguage":"ru-RU","@id":"https:\/\/stage.jh-itc.de\/ru\/shop\/schalungen-ru\/schaltafeln-3-schicht-3000-x-50-cm-21mm\/#primaryimage","url":"https:\/\/stage.jh-itc.de\/wp-content\/uploads\/2022\/08\/Schaltafeln-3000-x-50cm-21mm-2.jpg","contentUrl":"https:\/\/stage.jh-itc.de\/wp-content\/uploads\/2022\/08\/Schaltafeln-3000-x-50cm-21mm-2.jpg","width":1599,"height":899},{"@type":"BreadcrumbList","@id":"https:\/\/stage.jh-itc.de\/ru\/shop\/schalungen-ru\/schaltafeln-3-schicht-3000-x-50-cm-21mm\/#breadcrumb","itemListElement":[{"@type":"ListItem","position":1,"name":"Home","item":"https:\/\/stage.jh-itc.de\/ru\/%d0%be%d0%bf%d0%b0%d0%bb%d1%83%d0%b1%d0%ba%d0%b0-%d1%81%d1%82%d0%be%d0%b9%d0%ba%d0%b8-%d0%b8-%d1%81%d1%82%d1%80%d0%be%d0%b8%d1%82%d0%b5%d0%bb%d1%8c%d0%bd%d1%8b%d0%b5-%d0%bb%d0%b5%d1%81%d0%b0-%d0%be\/"},{"@type":"ListItem","position":2,"name":"\u041c\u0430\u0433\u0430\u0437\u0438\u043d","item":"https:\/\/stage.jh-itc.de\/ru\/%d0%bc%d0%b0%d0%b3%d0%b0%d0%b7%d0%b8%d0%bd\/"},{"@type":"ListItem","position":3,"name":"\u0429\u0438\u0442\u044b \u043e\u043f\u0430\u043b\u0443\u0431\u043a\u0438 3-\u0441\u043b\u043e\u0439\u043d\u044b\u0435 3000 x 50 \u0441\u043c &#8211; 21 \u043c\u043c"}]},{"@type":"WebSite","@id":"https:\/\/stage.jh-itc.de\/ru\/#website","url":"https:\/\/stage.jh-itc.de\/ru\/","name":"JH - ITC GmbH","description":"Ihr Experte f\u00fcr gebrauchte St\u00fctzen, Schalungen und Ger\u00fcste","publisher":{"@id":"https:\/\/stage.jh-itc.de\/ru\/#organization"},"potentialAction":[{"@type":"SearchAction","target":{"@type":"EntryPoint","urlTemplate":"https:\/\/stage.jh-itc.de\/ru\/?s={search_term_string}"},"query-input":{"@type":"PropertyValueSpecification","valueRequired":true,"valueName":"search_term_string"}}],"inLanguage":"ru-RU"},{"@type":"Organization","@id":"https:\/\/stage.jh-itc.de\/ru\/#organization","name":"JH-ITC GmbH","url":"https:\/\/stage.jh-itc.de\/ru\/","logo":{"@type":"ImageObject","inLanguage":"ru-RU","@id":"https:\/\/stage.jh-itc.de\/ru\/#\/schema\/logo\/image\/","url":"https:\/\/stage.jh-itc.de\/wp-content\/uploads\/2016\/01\/JH-ITC2-1.png","contentUrl":"https:\/\/stage.jh-itc.de\/wp-content\/uploads\/2016\/01\/JH-ITC2-1.png","width":300,"height":102,"caption":"JH-ITC GmbH"},"image":{"@id":"https:\/\/stage.jh-itc.de\/ru\/#\/schema\/logo\/image\/"},"sameAs":["https:\/\/www.facebook.com\/schalungshandel","https:\/\/x.com\/JH_ITC","https:\/\/www.linkedin.com\/in\/jhitc","https:\/\/youtu.be\/rMdZ-FLfI-Y"]}]}},"_links":{"self":[{"href":"https:\/\/stage.jh-itc.de\/ru\/wp-json\/wp\/v2\/product\/42717","targetHints":{"allow":["GET"]}}],"collection":[{"href":"https:\/\/stage.jh-itc.de\/ru\/wp-json\/wp\/v2\/product"}],"about":[{"href":"https:\/\/stage.jh-itc.de\/ru\/wp-json\/wp\/v2\/types\/product"}],"wp:featuredmedia":[{"embeddable":true,"href":"https:\/\/stage.jh-itc.de\/ru\/wp-json\/wp\/v2\/media\/39437"}],"wp:attachment":[{"href":"https:\/\/stage.jh-itc.de\/ru\/wp-json\/wp\/v2\/media?parent=42717"}],"wp:term":[{"taxonomy":"product_brand","embeddable":true,"href":"https:\/\/stage.jh-itc.de\/ru\/wp-json\/wp\/v2\/product_brand?post=42717"},{"taxonomy":"product_cat","embeddable":true,"href":"https:\/\/stage.jh-itc.de\/ru\/wp-json\/wp\/v2\/product_cat?post=42717"},{"taxonomy":"product_tag","embeddable":true,"href":"https:\/\/stage.jh-itc.de\/ru\/wp-json\/wp\/v2\/product_tag?post=42717"}],"curies":[{"name":"wp","href":"https:\/\/api.w.org\/{rel}","templated":true}]}}