{"id":42707,"date":"2023-01-10T14:43:31","date_gmt":"2023-04-24T13:51:55","guid":{"rendered":"https:\/\/www.jh-itc.de\/shop\/uncategorized\/%d0%bd%d0%b0%d0%ba%d0%bb%d0%be%d0%bd%d0%bd%d1%8b%d0%b5-%d1%81%d1%82%d0%be%d0%b9%d0%ba%d0%b8-320-%d0%bc\/"},"modified":"2023-04-24T15:51:55","modified_gmt":"2023-04-24T13:51:55","slug":"%d0%be%d0%bf%d0%b8%d1%80%d0%b0%d0%bd%d0%b8%d0%b5-320%d0%bc","status":"publish","type":"product","link":"https:\/\/stage.jh-itc.de\/ru\/shop\/stuetzen-ru\/%d0%be%d0%bf%d0%b8%d1%80%d0%b0%d0%bd%d0%b8%d0%b5-320%d0%bc\/","title":{"rendered":"\u041d\u0430\u043a\u043b\u043e\u043d\u043d\u044b\u0435 \u0441\u0442\u043e\u0439\u043a\u0438 3,20 \u043c"},"content":{"rendered":"","protected":false},"excerpt":{"rendered":"<p>\u041c\u044b \u043f\u0440\u0435\u0434\u043b\u0430\u0433\u0430\u0435\u043c \u043f\u043e\u0434\u0435\u0440\u0436\u0430\u043d\u043d\u044b\u0435 \u043d\u0430\u043a\u043b\u043e\u043d\u043d\u044b\u0435 \u0441\u0442\u043e\u0439\u043a\u0438 3,20\u043c.<\/p>\n<p>832 x \u043d\u0430\u043a\u043b\u043e\u043d\u043d\u044b\u0435 \u043e\u043f\u043e\u0440\u044b 3,20 \u043c<\/p>\n<p>\u041e\u043d\u0438 \u043d\u0430\u0445\u043e\u0434\u044f\u0442\u0441\u044f \u0432 \u0445\u043e\u0440\u043e\u0448\u0435\u043c \u0441\u043e\u0441\u0442\u043e\u044f\u043d\u0438\u0438 \u0438 \u0438\u043c\u0435\u044e\u0442\u0441\u044f \u0432 \u043d\u0430\u043b\u0438\u0447\u0438\u0438 \u043d\u0430 \u0441\u043a\u043b\u0430\u0434\u0435.<\/p>\n<p>\u0415\u0441\u043b\u0438 \u0432\u044b \u0437\u0430\u0438\u043d\u0442\u0435\u0440\u0435\u0441\u043e\u0432\u0430\u043d\u044b, \u043f\u043e\u0436\u0430\u043b\u0443\u0439\u0441\u0442\u0430, \u043e\u0442\u043f\u0440\u0430\u0432\u044c\u0442\u0435 \u043d\u0430\u043c \u0432\u0430\u0448 \u0437\u0430\u043f\u0440\u043e\u0441.<\/p>\n<p>&nbsp;<\/p>\n","protected":false},"featured_media":40734,"template":"","meta":[],"product_brand":[],"product_cat":[363],"product_tag":[],"class_list":{"0":"post-42707","1":"product","2":"type-product","3":"status-publish","4":"has-post-thumbnail","6":"product_cat-stuetzen-ru","8":"first","9":"instock","10":"taxable","11":"shipping-taxable","12":"product-type-simple"},"yoast_head":"<!-- This site is optimized with the Yoast SEO plugin v26.5 - https:\/\/yoast.com\/wordpress\/plugins\/seo\/ -->\n<title>\u041d\u0430\u043a\u043b\u043e\u043d\u043d\u044b\u0435 \u0441\u0442\u043e\u0439\u043a\u0438 3,20 \u043c - JH - ITC GmbH<\/title>\n<meta name=\"description\" content=\"\u041d\u0430\u043a\u043b\u043e\u043d\u043d\u044b\u0435 \u0441\u0442\u043e\u0439\u043a\u0438 3,20 \u043c. \u0418\u0437\u0432\u0435\u0441\u0442\u043d\u044b\u0435 \u043f\u0440\u043e\u0438\u0437\u0432\u043e\u0434\u0438\u0442\u0435\u043b\u0438 \u2714 \u041d\u043e\u0432\u0430\u044f \u0438 \u0431\/\u0443 \u043e\u043f\u0430\u043b\u0443\u0431\u043a\u0430, \u043e\u043f\u043e\u0440\u044b, \u043b\u0435\u0441\u0430 \u0438 \u0441\u0442\u0440\u043e\u0438\u0442\u0435\u043b\u044c\u043d\u044b\u0435 \u043c\u0430\u0448\u0438\u043d\u044b \u2714 \u0417\u0430\u043f\u0440\u043e\u0441\u0438\u0442\u0435 \u043f\u0440\u0435\u0434\u043b\u043e\u0436\u0435\u043d\u0438\u0435 \u0441\u0435\u0439\u0447\u0430\u0441!\" \/>\n<meta name=\"robots\" content=\"noindex, follow, max-snippet:-1, max-image-preview:large, max-video-preview:-1\" \/>\n<meta property=\"og:locale\" content=\"ru_RU\" \/>\n<meta property=\"og:type\" content=\"article\" \/>\n<meta property=\"og:title\" content=\"\u041d\u0430\u043a\u043b\u043e\u043d\u043d\u044b\u0435 \u0441\u0442\u043e\u0439\u043a\u0438 3,20 \u043c - JH - ITC GmbH\" \/>\n<meta property=\"og:description\" content=\"\u041d\u0430\u043a\u043b\u043e\u043d\u043d\u044b\u0435 \u0441\u0442\u043e\u0439\u043a\u0438 3,20 \u043c. \u0418\u0437\u0432\u0435\u0441\u0442\u043d\u044b\u0435 \u043f\u0440\u043e\u0438\u0437\u0432\u043e\u0434\u0438\u0442\u0435\u043b\u0438 \u2714 \u041d\u043e\u0432\u0430\u044f \u0438 \u0431\/\u0443 \u043e\u043f\u0430\u043b\u0443\u0431\u043a\u0430, \u043e\u043f\u043e\u0440\u044b, \u043b\u0435\u0441\u0430 \u0438 \u0441\u0442\u0440\u043e\u0438\u0442\u0435\u043b\u044c\u043d\u044b\u0435 \u043c\u0430\u0448\u0438\u043d\u044b \u2714 \u0417\u0430\u043f\u0440\u043e\u0441\u0438\u0442\u0435 \u043f\u0440\u0435\u0434\u043b\u043e\u0436\u0435\u043d\u0438\u0435 \u0441\u0435\u0439\u0447\u0430\u0441!\" \/>\n<meta property=\"og:url\" content=\"https:\/\/stage.jh-itc.de\/ru\/shop\/stuetzen-ru\/%d0%be%d0%bf%d0%b8%d1%80%d0%b0%d0%bd%d0%b8%d0%b5-320%d0%bc\/\" \/>\n<meta property=\"og:site_name\" content=\"JH - ITC GmbH\" \/>\n<meta property=\"article:publisher\" content=\"https:\/\/www.facebook.com\/schalungshandel\" \/>\n<meta property=\"og:image\" content=\"https:\/\/stage.jh-itc.de\/wp-content\/uploads\/2023\/01\/Schraegstuetrzen-320m.jpg\" \/>\n\t<meta property=\"og:image:width\" content=\"903\" \/>\n\t<meta property=\"og:image:height\" content=\"925\" \/>\n\t<meta property=\"og:image:type\" content=\"image\/jpeg\" \/>\n<meta name=\"twitter:card\" content=\"summary_large_image\" \/>\n<meta name=\"twitter:site\" content=\"@JH_ITC\" \/>\n<!-- \/ Yoast SEO plugin. -->","yoast_head_json":{"title":"\u041d\u0430\u043a\u043b\u043e\u043d\u043d\u044b\u0435 \u0441\u0442\u043e\u0439\u043a\u0438 3,20 \u043c - JH - ITC GmbH","description":"\u041d\u0430\u043a\u043b\u043e\u043d\u043d\u044b\u0435 \u0441\u0442\u043e\u0439\u043a\u0438 3,20 \u043c. \u0418\u0437\u0432\u0435\u0441\u0442\u043d\u044b\u0435 \u043f\u0440\u043e\u0438\u0437\u0432\u043e\u0434\u0438\u0442\u0435\u043b\u0438 \u2714 \u041d\u043e\u0432\u0430\u044f \u0438 \u0431\/\u0443 \u043e\u043f\u0430\u043b\u0443\u0431\u043a\u0430, \u043e\u043f\u043e\u0440\u044b, \u043b\u0435\u0441\u0430 \u0438 \u0441\u0442\u0440\u043e\u0438\u0442\u0435\u043b\u044c\u043d\u044b\u0435 \u043c\u0430\u0448\u0438\u043d\u044b \u2714 \u0417\u0430\u043f\u0440\u043e\u0441\u0438\u0442\u0435 \u043f\u0440\u0435\u0434\u043b\u043e\u0436\u0435\u043d\u0438\u0435 \u0441\u0435\u0439\u0447\u0430\u0441!","robots":{"index":"noindex","follow":"follow","max-snippet":"max-snippet:-1","max-image-preview":"max-image-preview:large","max-video-preview":"max-video-preview:-1"},"og_locale":"ru_RU","og_type":"article","og_title":"\u041d\u0430\u043a\u043b\u043e\u043d\u043d\u044b\u0435 \u0441\u0442\u043e\u0439\u043a\u0438 3,20 \u043c - JH - ITC GmbH","og_description":"\u041d\u0430\u043a\u043b\u043e\u043d\u043d\u044b\u0435 \u0441\u0442\u043e\u0439\u043a\u0438 3,20 \u043c. \u0418\u0437\u0432\u0435\u0441\u0442\u043d\u044b\u0435 \u043f\u0440\u043e\u0438\u0437\u0432\u043e\u0434\u0438\u0442\u0435\u043b\u0438 \u2714 \u041d\u043e\u0432\u0430\u044f \u0438 \u0431\/\u0443 \u043e\u043f\u0430\u043b\u0443\u0431\u043a\u0430, \u043e\u043f\u043e\u0440\u044b, \u043b\u0435\u0441\u0430 \u0438 \u0441\u0442\u0440\u043e\u0438\u0442\u0435\u043b\u044c\u043d\u044b\u0435 \u043c\u0430\u0448\u0438\u043d\u044b \u2714 \u0417\u0430\u043f\u0440\u043e\u0441\u0438\u0442\u0435 \u043f\u0440\u0435\u0434\u043b\u043e\u0436\u0435\u043d\u0438\u0435 \u0441\u0435\u0439\u0447\u0430\u0441!","og_url":"https:\/\/stage.jh-itc.de\/ru\/shop\/stuetzen-ru\/%d0%be%d0%bf%d0%b8%d1%80%d0%b0%d0%bd%d0%b8%d0%b5-320%d0%bc\/","og_site_name":"JH - ITC GmbH","article_publisher":"https:\/\/www.facebook.com\/schalungshandel","og_image":[{"width":903,"height":925,"url":"https:\/\/stage.jh-itc.de\/wp-content\/uploads\/2023\/01\/Schraegstuetrzen-320m.jpg","type":"image\/jpeg"}],"twitter_card":"summary_large_image","twitter_site":"@JH_ITC","schema":{"@context":"https:\/\/schema.org","@graph":[{"@type":"WebPage","@id":"https:\/\/stage.jh-itc.de\/ru\/shop\/stuetzen-ru\/%d0%be%d0%bf%d0%b8%d1%80%d0%b0%d0%bd%d0%b8%d0%b5-320%d0%bc\/","url":"https:\/\/stage.jh-itc.de\/ru\/shop\/stuetzen-ru\/%d0%be%d0%bf%d0%b8%d1%80%d0%b0%d0%bd%d0%b8%d0%b5-320%d0%bc\/","name":"\u041d\u0430\u043a\u043b\u043e\u043d\u043d\u044b\u0435 \u0441\u0442\u043e\u0439\u043a\u0438 3,20 \u043c - JH - ITC GmbH","isPartOf":{"@id":"https:\/\/stage.jh-itc.de\/ru\/#website"},"primaryImageOfPage":{"@id":"https:\/\/stage.jh-itc.de\/ru\/shop\/stuetzen-ru\/%d0%be%d0%bf%d0%b8%d1%80%d0%b0%d0%bd%d0%b8%d0%b5-320%d0%bc\/#primaryimage"},"image":{"@id":"https:\/\/stage.jh-itc.de\/ru\/shop\/stuetzen-ru\/%d0%be%d0%bf%d0%b8%d1%80%d0%b0%d0%bd%d0%b8%d0%b5-320%d0%bc\/#primaryimage"},"thumbnailUrl":"https:\/\/stage.jh-itc.de\/wp-content\/uploads\/2023\/01\/Schraegstuetrzen-320m.jpg","datePublished":"2023-04-24T13:51:55+00:00","description":"\u041d\u0430\u043a\u043b\u043e\u043d\u043d\u044b\u0435 \u0441\u0442\u043e\u0439\u043a\u0438 3,20 \u043c. \u0418\u0437\u0432\u0435\u0441\u0442\u043d\u044b\u0435 \u043f\u0440\u043e\u0438\u0437\u0432\u043e\u0434\u0438\u0442\u0435\u043b\u0438 \u2714 \u041d\u043e\u0432\u0430\u044f \u0438 \u0431\/\u0443 \u043e\u043f\u0430\u043b\u0443\u0431\u043a\u0430, \u043e\u043f\u043e\u0440\u044b, \u043b\u0435\u0441\u0430 \u0438 \u0441\u0442\u0440\u043e\u0438\u0442\u0435\u043b\u044c\u043d\u044b\u0435 \u043c\u0430\u0448\u0438\u043d\u044b \u2714 \u0417\u0430\u043f\u0440\u043e\u0441\u0438\u0442\u0435 \u043f\u0440\u0435\u0434\u043b\u043e\u0436\u0435\u043d\u0438\u0435 \u0441\u0435\u0439\u0447\u0430\u0441!","breadcrumb":{"@id":"https:\/\/stage.jh-itc.de\/ru\/shop\/stuetzen-ru\/%d0%be%d0%bf%d0%b8%d1%80%d0%b0%d0%bd%d0%b8%d0%b5-320%d0%bc\/#breadcrumb"},"inLanguage":"ru-RU","potentialAction":[{"@type":"ReadAction","target":["https:\/\/stage.jh-itc.de\/ru\/shop\/stuetzen-ru\/%d0%be%d0%bf%d0%b8%d1%80%d0%b0%d0%bd%d0%b8%d0%b5-320%d0%bc\/"]}]},{"@type":"ImageObject","inLanguage":"ru-RU","@id":"https:\/\/stage.jh-itc.de\/ru\/shop\/stuetzen-ru\/%d0%be%d0%bf%d0%b8%d1%80%d0%b0%d0%bd%d0%b8%d0%b5-320%d0%bc\/#primaryimage","url":"https:\/\/stage.jh-itc.de\/wp-content\/uploads\/2023\/01\/Schraegstuetrzen-320m.jpg","contentUrl":"https:\/\/stage.jh-itc.de\/wp-content\/uploads\/2023\/01\/Schraegstuetrzen-320m.jpg","width":903,"height":925},{"@type":"BreadcrumbList","@id":"https:\/\/stage.jh-itc.de\/ru\/shop\/stuetzen-ru\/%d0%be%d0%bf%d0%b8%d1%80%d0%b0%d0%bd%d0%b8%d0%b5-320%d0%bc\/#breadcrumb","itemListElement":[{"@type":"ListItem","position":1,"name":"Home","item":"https:\/\/stage.jh-itc.de\/ru\/%d0%be%d0%bf%d0%b0%d0%bb%d1%83%d0%b1%d0%ba%d0%b0-%d1%81%d1%82%d0%be%d0%b9%d0%ba%d0%b8-%d0%b8-%d1%81%d1%82%d1%80%d0%be%d0%b8%d1%82%d0%b5%d0%bb%d1%8c%d0%bd%d1%8b%d0%b5-%d0%bb%d0%b5%d1%81%d0%b0-%d0%be\/"},{"@type":"ListItem","position":2,"name":"\u041c\u0430\u0433\u0430\u0437\u0438\u043d","item":"https:\/\/stage.jh-itc.de\/ru\/%d0%bc%d0%b0%d0%b3%d0%b0%d0%b7%d0%b8%d0%bd\/"},{"@type":"ListItem","position":3,"name":"\u041d\u0430\u043a\u043b\u043e\u043d\u043d\u044b\u0435 \u0441\u0442\u043e\u0439\u043a\u0438 3,20 \u043c"}]},{"@type":"WebSite","@id":"https:\/\/stage.jh-itc.de\/ru\/#website","url":"https:\/\/stage.jh-itc.de\/ru\/","name":"JH - ITC GmbH","description":"Ihr Experte f\u00fcr gebrauchte St\u00fctzen, Schalungen und Ger\u00fcste","publisher":{"@id":"https:\/\/stage.jh-itc.de\/ru\/#organization"},"potentialAction":[{"@type":"SearchAction","target":{"@type":"EntryPoint","urlTemplate":"https:\/\/stage.jh-itc.de\/ru\/?s={search_term_string}"},"query-input":{"@type":"PropertyValueSpecification","valueRequired":true,"valueName":"search_term_string"}}],"inLanguage":"ru-RU"},{"@type":"Organization","@id":"https:\/\/stage.jh-itc.de\/ru\/#organization","name":"JH-ITC GmbH","url":"https:\/\/stage.jh-itc.de\/ru\/","logo":{"@type":"ImageObject","inLanguage":"ru-RU","@id":"https:\/\/stage.jh-itc.de\/ru\/#\/schema\/logo\/image\/","url":"https:\/\/stage.jh-itc.de\/wp-content\/uploads\/2016\/01\/JH-ITC2-1.png","contentUrl":"https:\/\/stage.jh-itc.de\/wp-content\/uploads\/2016\/01\/JH-ITC2-1.png","width":300,"height":102,"caption":"JH-ITC GmbH"},"image":{"@id":"https:\/\/stage.jh-itc.de\/ru\/#\/schema\/logo\/image\/"},"sameAs":["https:\/\/www.facebook.com\/schalungshandel","https:\/\/x.com\/JH_ITC","https:\/\/www.linkedin.com\/in\/jhitc","https:\/\/youtu.be\/rMdZ-FLfI-Y"]}]}},"_links":{"self":[{"href":"https:\/\/stage.jh-itc.de\/ru\/wp-json\/wp\/v2\/product\/42707","targetHints":{"allow":["GET"]}}],"collection":[{"href":"https:\/\/stage.jh-itc.de\/ru\/wp-json\/wp\/v2\/product"}],"about":[{"href":"https:\/\/stage.jh-itc.de\/ru\/wp-json\/wp\/v2\/types\/product"}],"wp:featuredmedia":[{"embeddable":true,"href":"https:\/\/stage.jh-itc.de\/ru\/wp-json\/wp\/v2\/media\/40734"}],"wp:attachment":[{"href":"https:\/\/stage.jh-itc.de\/ru\/wp-json\/wp\/v2\/media?parent=42707"}],"wp:term":[{"taxonomy":"product_brand","embeddable":true,"href":"https:\/\/stage.jh-itc.de\/ru\/wp-json\/wp\/v2\/product_brand?post=42707"},{"taxonomy":"product_cat","embeddable":true,"href":"https:\/\/stage.jh-itc.de\/ru\/wp-json\/wp\/v2\/product_cat?post=42707"},{"taxonomy":"product_tag","embeddable":true,"href":"https:\/\/stage.jh-itc.de\/ru\/wp-json\/wp\/v2\/product_tag?post=42707"}],"curies":[{"name":"wp","href":"https:\/\/api.w.org\/{rel}","templated":true}]}}