{"id":26171,"date":"2018-06-11T14:04:33","date_gmt":"2021-07-16T16:36:23","guid":{"rendered":"https:\/\/www.jh-itc.de\/shop\/uncategorized\/%d0%b6%d0%b0%d0%bb%d1%8e%d0%b7%d0%b8-peri-trio-270-%d0%bc-658-%d0%bc%c2%b2\/"},"modified":"2021-07-16T18:36:56","modified_gmt":"2021-07-16T16:36:56","slug":"658-m%c2%b2-peri-trio-schalung-270m","status":"publish","type":"product","link":"https:\/\/stage.jh-itc.de\/ru\/shop\/peri-ru\/peri-trio-ru\/658-m%c2%b2-peri-trio-schalung-270m\/","title":{"rendered":"\u0416\u0430\u043b\u044e\u0437\u0438 Peri Trio 2,70 \u043c &#8211; 658 \u043c\u00b2"},"content":{"rendered":"<table width=\"680\">\n<tbody>\n<tr>\n<td width=\"80\">\u0410\u0440\u0442. \u043d\u0435\u0442.<\/td>\n<td width=\"272\">\u041e\u043f\u0438\u0441\u0430\u043d\u0438\u0435 \u0441\u0442\u0430\u0442\u044c\u0438<\/td>\n<td width=\"267\">\u041e\u043f\u0438\u0441\u0430\u043d\u0438\u0435<\/td>\n<td width=\"61\">\u041a\u043e\u043b\u0438\u0447\u0435\u0441\u0442\u0432\u043e<\/td>\n<\/tr>\n<tr>\n<td>023500<\/td>\n<td>\u0412\u044b\u0440\u0430\u0432\u043d\u0438\u0432\u0430\u044e\u0449\u0438\u0439 \u0437\u0430\u043c\u043e\u043a BFD, \u043e\u0446\u0438\u043d\u043a\u043e\u0432\u0430\u043d\u043d\u044b\u0439<\/td>\n<td>\u0412\u044b\u0440\u0430\u0432\u043d\u0438\u0432\u0430\u044e\u0449\u0430\u044f \u043c\u0443\u0444\u0442\u0430 BFD, \u0433\u0430\u043b\u044c\u0432.<\/td>\n<td>480<\/td>\n<\/tr>\n<tr>\n<td>023640<\/td>\n<td>\u0422\u043e\u0440\u0446\u0435\u0432\u043e\u0439 \u0430\u043d\u043a\u0435\u0440 TS, \u043e\u0446\u0438\u043d\u043a\u043e\u0432\u0430\u043d\u043d\u044b\u0439<\/td>\n<td>\u0421\u0442\u044f\u0436\u043a\u0430 \u0434\u043b\u044f \u043f\u0435\u0440\u0435\u043c\u044b\u0447\u0435\u043a TS, \u0433\u0430\u043b\u044c\u0432.<\/td>\n<td>70<\/td>\n<\/tr>\n<tr>\n<td>023660<\/td>\n<td>\u0417\u0430\u0436\u0438\u043c\u043d\u0430\u044f \u0433\u043e\u043b\u043e\u0432\u043a\u0430 TRIO \u043e\u0446\u0438\u043d\u043a\u043e\u0432\u0430\u043d\u043d\u0430\u044f<\/td>\n<td>\u0421\u043a\u043e\u0431\u0430 \u0441\u043e\u0435\u0434\u0438\u043d\u0438\u0442\u0435\u043b\u044c\u043d\u0430\u044f \u0422\u0420\u0418\u041e, \u0433\u0430\u043b\u044c\u0432.<\/td>\n<td>58<\/td>\n<\/tr>\n<tr>\n<td>115168<\/td>\n<td>MAXIMO 1,5 \u0442 \u043f\u0435\u0440\u0435\u0434\u0430\u0442\u043e\u0447\u043d\u044b\u0435 \u043a\u0440\u044e\u0447\u043a\u0438<\/td>\n<td>\u041f\u043e\u0434\u044a\u0435\u043c\u043d\u044b\u0439 \u043a\u0440\u044e\u043a MAXIMO 1,5 \u0442<\/td>\n<td>10<\/td>\n<\/tr>\n<tr>\n<td>115058<\/td>\n<td>\u041e\u043f\u043e\u0440\u0430 \u0434\u043b\u044f \u0448\u0442\u0430\u0431\u0435\u043b\u0438\u0440\u043e\u0432\u0430\u043d\u0438\u044f MAXIMO, \u0433\u0430\u043b\u044c\u0432.<\/td>\n<td>\u0428\u0442\u0430\u0431\u0435\u043b\u0438\u0440\u0443\u044e\u0449\u0435\u0435 \u0443\u0441\u0442\u0440\u043e\u0439\u0441\u0442\u0432\u043e MAXIMO<\/td>\n<td>44<\/td>\n<\/tr>\n<tr>\n<td>022570<\/td>\n<td>\u042d\u043b\u0435\u043c\u0435\u043d\u0442 TR 270 x 240<\/td>\n<td>\u041f\u0430\u043d\u0435\u043b\u044c TR 270 x 240<\/td>\n<td>52<\/td>\n<\/tr>\n<tr>\n<td>022510<\/td>\n<td>\u042d\u043b\u0435\u043c\u0435\u043d\u0442 TR 270 x 120<\/td>\n<td>\u041f\u0430\u043d\u0435\u043b\u044c TR 270 x 120<\/td>\n<td>6<\/td>\n<\/tr>\n<tr>\n<td>022520<\/td>\n<td>\u042d\u043b\u0435\u043c\u0435\u043d\u0442 TR 270 x 90<\/td>\n<td>\u041f\u0430\u043d\u0435\u043b\u044c TR 270 x 90<\/td>\n<td>4<\/td>\n<\/tr>\n<tr>\n<td>022530<\/td>\n<td>Element TR 270 x 72<\/td>\n<td>\u041f\u0430\u043d\u0435\u043b\u044c TR 270 x 72<\/td>\n<td>12<\/td>\n<\/tr>\n<tr>\n<td>022550<\/td>\n<td>\u042d\u043b\u0435\u043c\u0435\u043d\u0442 TR 270 x 60<\/td>\n<td>\u041f\u0430\u043d\u0435\u043b\u044c TR 270 x 60<\/td>\n<td>30<\/td>\n<\/tr>\n<tr>\n<td>022560<\/td>\n<td>\u042d\u043b\u0435\u043c\u0435\u043d\u0442 TR 270 x 30<\/td>\n<td>\u041f\u0430\u043d\u0435\u043b\u044c TR 270 x 30<\/td>\n<td>13<\/td>\n<\/tr>\n<tr>\n<td>022540<\/td>\n<td>\u041c\u043d\u043e\u0433\u043e\u0446\u0435\u043b\u0435\u0432\u044b\u0435 \u044d\u043b\u0435\u043c\u0435\u043d\u0442\u044b TRM 270 x 72<\/td>\n<td>\u041c\u0443\u043b\u044c\u0442\u0438\u043f\u0430\u043d\u0435\u043b\u044c TRM 270 x 72<\/td>\n<td>4<\/td>\n<\/tr>\n<tr>\n<td>022580<\/td>\n<td>\u0423\u0433\u043b\u043e\u0432\u043e\u0439 TE 270-2<\/td>\n<td>\u0412\u043d\u0443\u0442\u0440\u0435\u043d\u043d\u0438\u0439 \u0443\u0433\u043e\u043b TE 270-2<\/td>\n<td>9<\/td>\n<\/tr>\n<tr>\n<td>023200<\/td>\n<td>\u0428\u0430\u0440\u043d\u0438\u0440\u043d\u044b\u0439 \u0443\u0433\u043e\u043b\u043e\u043a TGE 270<\/td>\n<td>\u0428\u0430\u0440\u043d\u0438\u0440\u043d\u044b\u0439 \u0443\u0433\u043e\u043b\u043e\u043a TGE 270<\/td>\n<td>5<\/td>\n<\/tr>\n<tr>\n<td>023040<\/td>\n<td>\u0417\u0430\u043f\u043e\u0440\u043d\u044b\u0439 \u044d\u043b\u0435\u043c\u0435\u043d\u0442 TR 270 x 24<\/td>\n<td>\u041e\u0441\u0442\u0430\u043d\u043e\u0432\u043e\u0447\u043d\u0430\u044f \u043f\u0430\u043d\u0435\u043b\u044c TR 270 x 24<\/td>\n<td>4<\/td>\n<\/tr>\n<tr>\n<td>105523<\/td>\n<td>\u042d\u043b\u0435\u043c\u0435\u043d\u0442 \u0432\u0430\u043b\u0430 TSE 270<\/td>\n<td>\u042d\u043b\u0435\u043c\u0435\u043d\u0442 \u0432\u0430\u043b\u0430 TSE 270<\/td>\n<td>4<\/td>\n<\/tr>\n<tr>\n<td>023170<\/td>\n<td>\u041a\u043e\u043c\u043f\u0435\u043d\u0441\u0430\u0446\u0438\u044f \u0434\u043b\u0438\u043d\u044b LA 270 x 36<\/td>\n<td>\u0417\u0430\u043f\u043e\u043b\u043d\u044f\u044e\u0449\u0430\u044f \u043f\u043b\u0438\u0442\u0430 LA 270 x 36<\/td>\n<td>16<\/td>\n<\/tr>\n<tr>\n<td>022514<\/td>\n<td>\u042d\u043b\u0435\u043c\u0435\u043d\u0442 TR 120 x 240<\/td>\n<td>\u041f\u0430\u043d\u0435\u043b\u044c TR 120 x 240<\/td>\n<td>40<\/td>\n<\/tr>\n<tr>\n<td>022600<\/td>\n<td>\u042d\u043b\u0435\u043c\u0435\u043d\u0442 TR 120 x 120<\/td>\n<td>\u041f\u0430\u043d\u0435\u043b\u044c TR 120 x 120<\/td>\n<td>4<\/td>\n<\/tr>\n<tr>\n<td>022610<\/td>\n<td>\u042d\u043b\u0435\u043c\u0435\u043d\u0442 TR 120 x 90<\/td>\n<td>\u041f\u0430\u043d\u0435\u043b\u044c TR 120 x 90<\/td>\n<td>4<\/td>\n<\/tr>\n<tr>\n<td>022620<\/td>\n<td>\u042d\u043b\u0435\u043c\u0435\u043d\u0442 TR 120 x 72<\/td>\n<td>\u041f\u0430\u043d\u0435\u043b\u044c TR 120 x 72<\/td>\n<td>8<\/td>\n<\/tr>\n<tr>\n<td>022640<\/td>\n<td>\u042d\u043b\u0435\u043c\u0435\u043d\u0442 TR 120 x 60<\/td>\n<td>\u041f\u0430\u043d\u0435\u043b\u044c TR 120 x 60<\/td>\n<td>9<\/td>\n<\/tr>\n<tr>\n<td>022650<\/td>\n<td>\u042d\u043b\u0435\u043c\u0435\u043d\u0442 TR 120 x 30<\/td>\n<td>\u041f\u0430\u043d\u0435\u043b\u044c TR 120 x 30<\/td>\n<td>26<\/td>\n<\/tr>\n<tr>\n<td>022630<\/td>\n<td>\u041c\u043d\u043e\u0433\u043e\u0446\u0435\u043b\u0435\u0432\u044b\u0435 \u044d\u043b\u0435\u043c\u0435\u043d\u0442\u044b TRM 120 x 72<\/td>\n<td>\u041c\u0443\u043b\u044c\u0442\u0438\u043f\u0430\u043d\u0435\u043b\u044c TRM 120 x 72<\/td>\n<td>4<\/td>\n<\/tr>\n<tr>\n<td>022660<\/td>\n<td>\u0423\u0433\u043e\u043b\u043e\u043a TE 120-2<\/td>\n<td>\u0412\u043d\u0443\u0442\u0440\u0435\u043d\u043d\u0438\u0439 \u0443\u0433\u043e\u043b TE 120-2<\/td>\n<td>5<\/td>\n<\/tr>\n<tr>\n<td>023300<\/td>\n<td>\u041d\u0430\u0432\u0435\u0441\u043d\u043e\u0439 \u0443\u0433\u043e\u043b\u043e\u043a TGE 120<\/td>\n<td>\u0428\u0430\u0440\u043d\u0438\u0440\u043d\u044b\u0439 \u0443\u0433\u043e\u043b\u043e\u043a TGE 120<\/td>\n<td>2<\/td>\n<\/tr>\n<tr>\n<td>023270<\/td>\n<td>\u041a\u043e\u043c\u043f\u0435\u043d\u0441\u0430\u0446\u0438\u044f \u0434\u043b\u0438\u043d\u044b LA 120 x 36<\/td>\n<td>\u0417\u0430\u043f\u043e\u043b\u043d\u044f\u044e\u0449\u0430\u044f \u043f\u043b\u0438\u0442\u0430 LA 120 x 36<\/td>\n<td>4<\/td>\n<\/tr>\n<tr>\n<td>105524<\/td>\n<td>\u042d\u043b\u0435\u043c\u0435\u043d\u0442 \u0432\u0430\u043b\u0430 TSE 120<\/td>\n<td>\u042d\u043b\u0435\u043c\u0435\u043d\u0442 \u0432\u0430\u043b\u0430 TSE 120<\/td>\n<td>4<\/td>\n<\/tr>\n<tr>\n<td>023030<\/td>\n<td>\u0417\u0430\u043f\u043e\u0440\u043d\u044b\u0439 \u044d\u043b\u0435\u043c\u0435\u043d\u0442 TR 120 x 24<\/td>\n<td>\u041e\u0441\u0442\u0430\u043d\u043e\u0432\u043e\u0447\u043d\u0430\u044f \u043f\u0430\u043d\u0435\u043b\u044c TR 120 x 24<\/td>\n<td>4<\/td>\n<\/tr>\n<tr>\n<td>023550<\/td>\n<td>\u041a\u043e\u043c\u043f\u0435\u043d\u0441\u0430\u0446\u0438\u043e\u043d\u043d\u0430\u044f \u043f\u043b\u0430\u043d\u043a\u0430 TAR 85<\/td>\n<td>\u041a\u043e\u043c\u043f\u0435\u043d\u0441\u0430\u0446\u0438\u044f Waler TAR 85<\/td>\n<td>81<\/td>\n<\/tr>\n<tr>\n<td>030480<\/td>\n<td width=\"272\">\u041f\u0440\u0435\u0434\u0432\u0430\u0440\u0438\u0442\u0435\u043b\u044c\u043d\u043e \u043d\u0430\u043f\u0440\u044f\u0436\u0435\u043d\u043d\u0430\u044f \u0441\u0442\u0430\u043b\u044c DW 15 L = 1,00 \u043c<\/td>\n<td width=\"267\">\u0421\u0442\u044f\u0436\u043d\u0430\u044f \u0448\u0442\u0430\u043d\u0433\u0430 DW 15 \u043b = 1,00 \u043c<\/td>\n<td>207<\/td>\n<\/tr>\n<tr>\n<td>028990<\/td>\n<td>\u041d\u0430\u0436\u0438\u043c\u043d\u0430\u044f \u0442\u044f\u0433\u0430 RS 1000, \u043e\u0446\u0438\u043d\u043a\u043e\u0432\u0430\u043d\u043d\u0430\u044f<\/td>\n<td>\u041d\u0430\u0436\u0438\u043c\u043d\u0430\u044f \u0441\u0442\u043e\u0439\u043a\u0430 RS 1000, \u0433\u0430\u043b\u044c\u0432.<\/td>\n<td>3<\/td>\n<\/tr>\n<tr>\n<td>117343<\/td>\n<td>\u041e\u043f\u043e\u0440\u043d\u0430\u044f \u043f\u043b\u0438\u0442\u0430 -2 RS, \u043e\u0446\u0438\u043d\u043a\u043e\u0432\u0430\u043d\u043d\u0430\u044f<\/td>\n<td>\u041f\u043b\u0438\u0442\u0430 -2 RS, \u0433\u0430\u043b\u044c\u0432.<\/td>\n<td>5<\/td>\n<\/tr>\n<tr>\n<td>030480<\/td>\n<td width=\"272\">\u041f\u0440\u0435\u0434\u0432\u0430\u0440\u0438\u0442\u0435\u043b\u044c\u043d\u043e \u043d\u0430\u043f\u0440\u044f\u0436\u0435\u043d\u043d\u0430\u044f \u0441\u0442\u0430\u043b\u044c DW 15 L = 1,00 \u043c<\/td>\n<td width=\"267\">\u0421\u0442\u044f\u0436\u043d\u0430\u044f \u0448\u0442\u0430\u043d\u0433\u0430 DW 15 \u043b = 1,00 \u043c<\/td>\n<td>207<\/td>\n<\/tr>\n<tr>\n<td>030370<\/td>\n<td>\u041f\u043b\u0430\u0441\u0442\u0438\u043d\u0430 \u0434\u043b\u044f \u0441\u043e\u0435\u0434\u0438\u043d\u0435\u043d\u0438\u044f \u0433\u0430\u0435\u043a DW 15, \u0433\u0430\u043b\u044c\u0432.<\/td>\n<td>\u041f\u043e\u0432\u043e\u0440\u043e\u0442\u043d\u0430\u044f \u043f\u043b\u0430\u0441\u0442\u0438\u043d\u0430 \u0441 \u0433\u0430\u0439\u043a\u043e\u0439 DW 15, \u0433\u0430\u043b\u044c\u0432.<\/td>\n<td>542<\/td>\n<\/tr>\n<tr>\n<td>028030<\/td>\n<td>\u041d\u0430\u0436\u0438\u043c\u043d\u043e\u0439 \u0432\u0438\u043d\u0442 RSS III (4,60 &#8211; 6,00 \u043c)<\/td>\n<td>\u041f\u0440\u043e\u0442\u0430\u043b\u043a\u0438\u0432\u0430\u044e\u0449\u0438\u0439 \u043f\u0440\u043e\u043f\u0435\u043b\u043b\u0435\u0440 RSS III (4,60 &#8211; 6,00 \u043c)<\/td>\n<td>2<\/td>\n<\/tr>\n<tr>\n<td>028100<\/td>\n<td>\u041d\u043e\u0436\u043d\u0430\u044f \u043f\u043b\u0430\u0441\u0442\u0438\u043d\u0430 \u0434\u043b\u044f RS<\/td>\n<td>\u041e\u0441\u043d\u043e\u0432\u0430\u043d\u0438\u0435 \u0441\u0442\u043e\u0439\u043a\u0438 \u0434\u043b\u044f RS<\/td>\n<td><\/td>\n<\/tr>\n<tr>\n<td>065016<\/td>\n<td>\u0421\u0435\u0442\u0447\u0430\u0442\u044b\u0439 \u043a\u043e\u0440\u043e\u0431 80 x 120-K, \u043b\u0430\u043a\u0438\u0440\u043e\u0432\u0430\u043d\u043d\u044b\u0439<\/td>\n<td>\u042f\u0449\u0438\u0447\u043d\u044b\u0439 \u043f\u043e\u0434\u0434\u043e\u043d 80 x 120, \u043e\u043a\u0440\u0430\u0448\u0435\u043d\u043d\u044b\u0439<\/td>\n<td>6<\/td>\n<\/tr>\n<tr>\n<td>025670<\/td>\n<td>\u042f\u0449\u0438\u043a \u0434\u043b\u044f \u043c\u0435\u043b\u043a\u0438\u0445 \u0434\u0435\u0442\u0430\u043b\u0435\u0439 80 x 120, \u043b\u0430\u043a\u0438\u0440\u043e\u0432\u0430\u043d\u043d\u044b\u0439<\/td>\n<td>\u042f\u0449\u0438\u043a \u0434\u043b\u044f \u0430\u043f\u043f\u0430\u0440\u0430\u0442\u0443\u0440\u044b 80 x 120, \u043e\u043a\u0440\u0430\u0448\u0435\u043d\u043d\u044b\u0439<\/td>\n<td>2<\/td>\n<\/tr>\n<tr>\n<td>2827012<\/td>\n<td>\u041a\u043e\u043d\u0441\u043e\u043b\u044c AV 190<\/td>\n<td>Kicker AV 90<\/td>\n<td>33<\/td>\n<\/tr>\n<tr>\n<td>298310<\/td>\n<td>\u041a\u0440\u043e\u043d\u0448\u0442\u0435\u0439\u043d \u0434\u043b\u044f \u0441\u0442\u0440\u043e\u0438\u0442\u0435\u043b\u044c\u043d\u044b\u0445 \u043b\u0435\u0441\u043e\u0432 TRG 80<\/td>\n<td>\u041a\u0440\u043e\u043d\u0448\u0442\u0435\u0439\u043d \u0434\u043b\u044f \u0441\u0442\u0440\u043e\u0438\u0442\u0435\u043b\u044c\u043d\u044b\u0445 \u043b\u0435\u0441\u043e\u0432<\/td>\n<td>42<\/td>\n<\/tr>\n<\/tbody>\n<\/table>\n","protected":false},"excerpt":{"rendered":"<p>\u041c\u044b \u043f\u0440\u0435\u0434\u043b\u0430\u0433\u0430\u0435\u043c \u043c\u043d\u043e\u0433\u043e \u0431\u044b\u0432\u0448\u0438\u0445 \u0432 \u0443\u043f\u043e\u0442\u0440\u0435\u0431\u043b\u0435\u043d\u0438\u0438 \u043e\u043f\u0430\u043b\u0443\u0431\u043e\u043a Peri Trio \u0432\u043a\u043b. \u0410\u043a\u0441\u0435\u0441\u0441\u0443\u0430\u0440\u044b \u043d\u0430.<\/p>\n<p>\u041e\u043d \u043d\u0430\u0445\u043e\u0434\u0438\u0442\u0441\u044f \u0432 \u0445\u043e\u0440\u043e\u0448\u0435\u043c \u0441\u043e\u0441\u0442\u043e\u044f\u043d\u0438\u0438 \u0438 \u0438\u043c\u0435\u0435\u0442\u0441\u044f \u0432 \u043d\u0430\u043b\u0438\u0447\u0438\u0438 \u043d\u0430 \u0441\u043a\u043b\u0430\u0434\u0435.<\/p>\n<p>\u0415\u0441\u043b\u0438 \u0432\u044b \u0437\u0430\u0438\u043d\u0442\u0435\u0440\u0435\u0441\u043e\u0432\u0430\u043d\u044b, \u043f\u043e\u0436\u0430\u043b\u0443\u0439\u0441\u0442\u0430, \u043e\u0442\u043f\u0440\u0430\u0432\u044c\u0442\u0435 \u043d\u0430\u043c \u0432\u0430\u0448 \u0437\u0430\u043f\u0440\u043e\u0441.<\/p>\n<p>&nbsp;<\/p>\n","protected":false},"featured_media":26232,"template":"","meta":[],"product_brand":[],"product_cat":[353,361,359],"product_tag":[],"class_list":{"0":"post-26171","1":"product","2":"type-product","3":"status-publish","4":"has-post-thumbnail","6":"product_cat-peri-ru","7":"product_cat-schalungen-ru","8":"product_cat-peri-trio-ru","10":"first","11":"instock","12":"taxable","13":"shipping-taxable","14":"product-type-simple"},"yoast_head":"<!-- This site is optimized with the Yoast SEO plugin v26.5 - https:\/\/yoast.com\/wordpress\/plugins\/seo\/ -->\n<title>\u0416\u0430\u043b\u044e\u0437\u0438 Peri Trio 2,70 \u043c - 658 \u043c\u00b2 - JH - ITC GmbH<\/title>\n<meta name=\"description\" content=\"\u041e\u043f\u0430\u043b\u0443\u0431\u043a\u0430 Peri Trio \u0431\/\u0443 \u0438 \u043d\u0435\u0434\u043e\u0440\u043e\u0433\u043e \u043d\u0430\u0436\u043c\u0438\u0442\u0435 \u0437\u0434\u0435\u0441\u044c, \u0447\u0442\u043e\u0431\u044b \u043a\u0443\u043f\u0438\u0442\u044c\" \/>\n<meta name=\"robots\" content=\"noindex, follow, max-snippet:-1, max-image-preview:large, max-video-preview:-1\" \/>\n<meta property=\"og:locale\" content=\"ru_RU\" \/>\n<meta property=\"og:type\" content=\"article\" \/>\n<meta property=\"og:title\" content=\"\u0416\u0430\u043b\u044e\u0437\u0438 Peri Trio 2,70 \u043c - 658 \u043c\u00b2 - JH - ITC GmbH\" \/>\n<meta property=\"og:description\" content=\"\u041e\u043f\u0430\u043b\u0443\u0431\u043a\u0430 Peri Trio \u0431\/\u0443 \u0438 \u043d\u0435\u0434\u043e\u0440\u043e\u0433\u043e \u043d\u0430\u0436\u043c\u0438\u0442\u0435 \u0437\u0434\u0435\u0441\u044c, \u0447\u0442\u043e\u0431\u044b \u043a\u0443\u043f\u0438\u0442\u044c\" \/>\n<meta property=\"og:url\" content=\"https:\/\/stage.jh-itc.de\/ru\/shop\/peri-ru\/peri-trio-ru\/658-m%c2%b2-peri-trio-schalung-270m\/\" \/>\n<meta property=\"og:site_name\" content=\"JH - ITC GmbH\" \/>\n<meta property=\"article:publisher\" content=\"https:\/\/www.facebook.com\/schalungshandel\" \/>\n<meta property=\"article:modified_time\" content=\"2021-07-16T16:36:56+00:00\" \/>\n<meta property=\"og:image\" content=\"https:\/\/stage.jh-itc.de\/wp-content\/uploads\/2018\/06\/Peri-Trio-Schalung-3.jpg\" \/>\n\t<meta property=\"og:image:width\" content=\"640\" \/>\n\t<meta property=\"og:image:height\" content=\"480\" \/>\n\t<meta property=\"og:image:type\" content=\"image\/jpeg\" \/>\n<meta name=\"twitter:card\" content=\"summary_large_image\" \/>\n<meta name=\"twitter:site\" content=\"@JH_ITC\" \/>\n<meta name=\"twitter:label1\" content=\"\u041f\u0440\u0438\u043c\u0435\u0440\u043d\u043e\u0435 \u0432\u0440\u0435\u043c\u044f \u0434\u043b\u044f \u0447\u0442\u0435\u043d\u0438\u044f\" \/>\n\t<meta name=\"twitter:data1\" content=\"1 minute\" \/>\n<!-- \/ Yoast SEO plugin. -->","yoast_head_json":{"title":"\u0416\u0430\u043b\u044e\u0437\u0438 Peri Trio 2,70 \u043c - 658 \u043c\u00b2 - JH - ITC GmbH","description":"\u041e\u043f\u0430\u043b\u0443\u0431\u043a\u0430 Peri Trio \u0431\/\u0443 \u0438 \u043d\u0435\u0434\u043e\u0440\u043e\u0433\u043e \u043d\u0430\u0436\u043c\u0438\u0442\u0435 \u0437\u0434\u0435\u0441\u044c, \u0447\u0442\u043e\u0431\u044b \u043a\u0443\u043f\u0438\u0442\u044c","robots":{"index":"noindex","follow":"follow","max-snippet":"max-snippet:-1","max-image-preview":"max-image-preview:large","max-video-preview":"max-video-preview:-1"},"og_locale":"ru_RU","og_type":"article","og_title":"\u0416\u0430\u043b\u044e\u0437\u0438 Peri Trio 2,70 \u043c - 658 \u043c\u00b2 - JH - ITC GmbH","og_description":"\u041e\u043f\u0430\u043b\u0443\u0431\u043a\u0430 Peri Trio \u0431\/\u0443 \u0438 \u043d\u0435\u0434\u043e\u0440\u043e\u0433\u043e \u043d\u0430\u0436\u043c\u0438\u0442\u0435 \u0437\u0434\u0435\u0441\u044c, \u0447\u0442\u043e\u0431\u044b \u043a\u0443\u043f\u0438\u0442\u044c","og_url":"https:\/\/stage.jh-itc.de\/ru\/shop\/peri-ru\/peri-trio-ru\/658-m%c2%b2-peri-trio-schalung-270m\/","og_site_name":"JH - ITC GmbH","article_publisher":"https:\/\/www.facebook.com\/schalungshandel","article_modified_time":"2021-07-16T16:36:56+00:00","og_image":[{"width":640,"height":480,"url":"https:\/\/stage.jh-itc.de\/wp-content\/uploads\/2018\/06\/Peri-Trio-Schalung-3.jpg","type":"image\/jpeg"}],"twitter_card":"summary_large_image","twitter_site":"@JH_ITC","twitter_misc":{"\u041f\u0440\u0438\u043c\u0435\u0440\u043d\u043e\u0435 \u0432\u0440\u0435\u043c\u044f \u0434\u043b\u044f \u0447\u0442\u0435\u043d\u0438\u044f":"1 minute"},"schema":{"@context":"https:\/\/schema.org","@graph":[{"@type":"WebPage","@id":"https:\/\/stage.jh-itc.de\/ru\/shop\/peri-ru\/peri-trio-ru\/658-m%c2%b2-peri-trio-schalung-270m\/","url":"https:\/\/stage.jh-itc.de\/ru\/shop\/peri-ru\/peri-trio-ru\/658-m%c2%b2-peri-trio-schalung-270m\/","name":"\u0416\u0430\u043b\u044e\u0437\u0438 Peri Trio 2,70 \u043c - 658 \u043c\u00b2 - JH - ITC GmbH","isPartOf":{"@id":"https:\/\/stage.jh-itc.de\/ru\/#website"},"primaryImageOfPage":{"@id":"https:\/\/stage.jh-itc.de\/ru\/shop\/peri-ru\/peri-trio-ru\/658-m%c2%b2-peri-trio-schalung-270m\/#primaryimage"},"image":{"@id":"https:\/\/stage.jh-itc.de\/ru\/shop\/peri-ru\/peri-trio-ru\/658-m%c2%b2-peri-trio-schalung-270m\/#primaryimage"},"thumbnailUrl":"https:\/\/stage.jh-itc.de\/wp-content\/uploads\/2018\/06\/Peri-Trio-Schalung-3.jpg","datePublished":"2021-07-16T16:36:23+00:00","dateModified":"2021-07-16T16:36:56+00:00","description":"\u041e\u043f\u0430\u043b\u0443\u0431\u043a\u0430 Peri Trio \u0431\/\u0443 \u0438 \u043d\u0435\u0434\u043e\u0440\u043e\u0433\u043e \u043d\u0430\u0436\u043c\u0438\u0442\u0435 \u0437\u0434\u0435\u0441\u044c, \u0447\u0442\u043e\u0431\u044b \u043a\u0443\u043f\u0438\u0442\u044c","breadcrumb":{"@id":"https:\/\/stage.jh-itc.de\/ru\/shop\/peri-ru\/peri-trio-ru\/658-m%c2%b2-peri-trio-schalung-270m\/#breadcrumb"},"inLanguage":"ru-RU","potentialAction":[{"@type":"ReadAction","target":["https:\/\/stage.jh-itc.de\/ru\/shop\/peri-ru\/peri-trio-ru\/658-m%c2%b2-peri-trio-schalung-270m\/"]}]},{"@type":"ImageObject","inLanguage":"ru-RU","@id":"https:\/\/stage.jh-itc.de\/ru\/shop\/peri-ru\/peri-trio-ru\/658-m%c2%b2-peri-trio-schalung-270m\/#primaryimage","url":"https:\/\/stage.jh-itc.de\/wp-content\/uploads\/2018\/06\/Peri-Trio-Schalung-3.jpg","contentUrl":"https:\/\/stage.jh-itc.de\/wp-content\/uploads\/2018\/06\/Peri-Trio-Schalung-3.jpg","width":640,"height":480},{"@type":"BreadcrumbList","@id":"https:\/\/stage.jh-itc.de\/ru\/shop\/peri-ru\/peri-trio-ru\/658-m%c2%b2-peri-trio-schalung-270m\/#breadcrumb","itemListElement":[{"@type":"ListItem","position":1,"name":"Home","item":"https:\/\/stage.jh-itc.de\/ru\/%d0%be%d0%bf%d0%b0%d0%bb%d1%83%d0%b1%d0%ba%d0%b0-%d1%81%d1%82%d0%be%d0%b9%d0%ba%d0%b8-%d0%b8-%d1%81%d1%82%d1%80%d0%be%d0%b8%d1%82%d0%b5%d0%bb%d1%8c%d0%bd%d1%8b%d0%b5-%d0%bb%d0%b5%d1%81%d0%b0-%d0%be\/"},{"@type":"ListItem","position":2,"name":"\u041c\u0430\u0433\u0430\u0437\u0438\u043d","item":"https:\/\/stage.jh-itc.de\/ru\/%d0%bc%d0%b0%d0%b3%d0%b0%d0%b7%d0%b8%d0%bd\/"},{"@type":"ListItem","position":3,"name":"\u0416\u0430\u043b\u044e\u0437\u0438 Peri Trio 2,70 \u043c &#8211; 658 \u043c\u00b2"}]},{"@type":"WebSite","@id":"https:\/\/stage.jh-itc.de\/ru\/#website","url":"https:\/\/stage.jh-itc.de\/ru\/","name":"JH - ITC GmbH","description":"Ihr Experte f\u00fcr gebrauchte St\u00fctzen, Schalungen und Ger\u00fcste","publisher":{"@id":"https:\/\/stage.jh-itc.de\/ru\/#organization"},"potentialAction":[{"@type":"SearchAction","target":{"@type":"EntryPoint","urlTemplate":"https:\/\/stage.jh-itc.de\/ru\/?s={search_term_string}"},"query-input":{"@type":"PropertyValueSpecification","valueRequired":true,"valueName":"search_term_string"}}],"inLanguage":"ru-RU"},{"@type":"Organization","@id":"https:\/\/stage.jh-itc.de\/ru\/#organization","name":"JH-ITC GmbH","url":"https:\/\/stage.jh-itc.de\/ru\/","logo":{"@type":"ImageObject","inLanguage":"ru-RU","@id":"https:\/\/stage.jh-itc.de\/ru\/#\/schema\/logo\/image\/","url":"https:\/\/stage.jh-itc.de\/wp-content\/uploads\/2016\/01\/JH-ITC2-1.png","contentUrl":"https:\/\/stage.jh-itc.de\/wp-content\/uploads\/2016\/01\/JH-ITC2-1.png","width":300,"height":102,"caption":"JH-ITC GmbH"},"image":{"@id":"https:\/\/stage.jh-itc.de\/ru\/#\/schema\/logo\/image\/"},"sameAs":["https:\/\/www.facebook.com\/schalungshandel","https:\/\/x.com\/JH_ITC","https:\/\/www.linkedin.com\/in\/jhitc","https:\/\/youtu.be\/rMdZ-FLfI-Y"]}]}},"_links":{"self":[{"href":"https:\/\/stage.jh-itc.de\/ru\/wp-json\/wp\/v2\/product\/26171","targetHints":{"allow":["GET"]}}],"collection":[{"href":"https:\/\/stage.jh-itc.de\/ru\/wp-json\/wp\/v2\/product"}],"about":[{"href":"https:\/\/stage.jh-itc.de\/ru\/wp-json\/wp\/v2\/types\/product"}],"wp:featuredmedia":[{"embeddable":true,"href":"https:\/\/stage.jh-itc.de\/ru\/wp-json\/wp\/v2\/media\/26232"}],"wp:attachment":[{"href":"https:\/\/stage.jh-itc.de\/ru\/wp-json\/wp\/v2\/media?parent=26171"}],"wp:term":[{"taxonomy":"product_brand","embeddable":true,"href":"https:\/\/stage.jh-itc.de\/ru\/wp-json\/wp\/v2\/product_brand?post=26171"},{"taxonomy":"product_cat","embeddable":true,"href":"https:\/\/stage.jh-itc.de\/ru\/wp-json\/wp\/v2\/product_cat?post=26171"},{"taxonomy":"product_tag","embeddable":true,"href":"https:\/\/stage.jh-itc.de\/ru\/wp-json\/wp\/v2\/product_tag?post=26171"}],"curies":[{"name":"wp","href":"https:\/\/api.w.org\/{rel}","templated":true}]}}