{"id":25979,"date":"2020-03-14T01:10:53","date_gmt":"2021-07-16T16:36:07","guid":{"rendered":"https:\/\/www.jh-itc.de\/shop\/uncategorized\/peri-rundflex-%d1%81%d0%bf%d0%b5%d1%86%d0%b8%d0%b0%d0%bb%d1%8c%d0%bd%d1%8b%d0%b5-%d1%82%d0%be%d0%b2%d0%b0%d1%80%d1%8b\/"},"modified":"2021-07-16T18:36:29","modified_gmt":"2021-07-16T16:36:29","slug":"peri-round-flex-special","status":"publish","type":"product","link":"https:\/\/stage.jh-itc.de\/ru\/shop\/peri-ru\/peri-rundflex-ru\/peri-round-flex-special\/","title":{"rendered":"Peri Rundflex &#8211; \u0421\u043f\u0435\u0446\u0438\u0430\u043b\u044c\u043d\u044b\u0435 \u0442\u043e\u0432\u0430\u0440\u044b"},"content":{"rendered":"","protected":false},"excerpt":{"rendered":"<p>\u041c\u044b \u043f\u0440\u0435\u0434\u043b\u0430\u0433\u0430\u0435\u043c \u043d\u0435\u0431\u043e\u043b\u044c\u0448\u0443\u044e \u043f\u0430\u0440\u0442\u0438\u044e <strong>Peri Rundflex<\/strong>.<\/p>\n<table style=\"width: 101.312%; height: 838px;\" width=\"0\">\n<tbody>\n<tr>\n<td width=\"100\"><strong>\u041d\u043e\u043c\u0435\u0440 \u0441\u0442\u0430\u0442\u044c\u0438<\/strong><\/td>\n<td width=\"172\"><strong>\u041e\u043f\u0438\u0441\u0430\u043d\u0438\u0435 \u0441\u0442\u0430\u0442\u044c\u0438<\/strong><\/td>\n<td width=\"87\"><strong>\u041a\u043e\u043b\u0438\u0447\u0435\u0441\u0442\u0432\u043e<\/strong><\/td>\n<td width=\"87\"><strong>\u0426\u0435\u043d\u0430<\/strong><\/td>\n<td width=\"92\"><strong>\u041e\u0431\u0449\u0430\u044f \u0446\u0435\u043d\u0430<\/strong><\/td>\n<td width=\"87\"><strong>\u043a\u0433<\/strong><\/td>\n<td width=\"87\"><strong>\u0412\u0441\u0435\u0433\u043e \u043a\u0433<\/strong><\/td>\n<\/tr>\n<tr>\n<td width=\"100\">020880<\/td>\n<td width=\"172\">\u0412\u043d\u0435\u0448\u043d\u0438\u0439 \u044d\u043b\u0435\u043c\u0435\u043d\u0442 A 360 x 85<\/td>\n<td width=\"87\">18<\/td>\n<td width=\"87\">1,100.00 \u0415\u0412\u0420\u041e<\/td>\n<td width=\"92\">19 800,00 \u0415\u0412\u0420\u041e<\/td>\n<td width=\"87\">211,00<\/td>\n<td width=\"87\">3.798,00<\/td>\n<\/tr>\n<tr>\n<td width=\"100\">020890<\/td>\n<td width=\"172\">\u0412\u043d\u0443\u0442\u0440\u0435\u043d\u043d\u0438\u0439 \u044d\u043b\u0435\u043c\u0435\u043d\u0442 I 360 x 72<\/td>\n<td width=\"87\">6<\/td>\n<td width=\"87\">1,025.00 \u0415\u0412\u0420\u041e<\/td>\n<td width=\"92\">6,150.00 \u0415\u0412\u0420\u041e<\/td>\n<td width=\"87\">176,00<\/td>\n<td width=\"87\">1.056,00<\/td>\n<\/tr>\n<tr>\n<td width=\"100\">021620<\/td>\n<td width=\"172\">\u0420\u0435\u0433\u0443\u043b\u0438\u0440\u043e\u0432\u043e\u0447\u043d\u044b\u0439 \u0448\u043f\u0438\u043d\u0434\u0435\u043b\u044c 500, \u0433\u0430\u043b\u044c\u0432.<\/td>\n<td width=\"87\">72<\/td>\n<td width=\"87\">54,00 EUR<\/td>\n<td width=\"92\">3,888.00 \u0415\u0412\u0420\u041e<\/td>\n<td width=\"87\">3,70<\/td>\n<td width=\"87\">1.056,00<\/td>\n<\/tr>\n<tr>\n<td width=\"100\"><\/td>\n<td width=\"172\"><\/td>\n<td width=\"87\"><\/td>\n<td width=\"87\"><\/td>\n<td width=\"92\"><\/td>\n<td width=\"87\"><\/td>\n<td width=\"87\"><\/td>\n<\/tr>\n<tr>\n<td width=\"100\"><\/td>\n<td width=\"172\">\u041f\u0435\u0440\u0432\u043e\u043d\u0430\u0447\u0430\u043b\u044c\u043d\u0430\u044f \u0446\u0435\u043d\u0430<\/td>\n<td width=\"87\"><\/td>\n<td width=\"87\"><\/td>\n<td width=\"92\">29 838,00 \u0415\u0412\u0420\u041e<\/td>\n<td width=\"87\"><\/td>\n<td width=\"87\"><\/td>\n<\/tr>\n<tr>\n<td width=\"100\"><\/td>\n<td width=\"172\">\u0421\u043a\u0438\u0434\u043a\u0430 \u0432 %<\/td>\n<td width=\"87\">81<\/td>\n<td width=\"87\"><\/td>\n<td width=\"92\">24 168,78 \u0415\u0412\u0420\u041e<\/td>\n<td width=\"87\"><\/td>\n<td width=\"87\"><\/td>\n<\/tr>\n<tr>\n<td width=\"100\"><\/td>\n<td width=\"172\"><\/td>\n<td width=\"87\"><\/td>\n<td width=\"87\"><\/td>\n<td width=\"92\"><\/td>\n<td width=\"87\"><\/td>\n<td width=\"87\"><\/td>\n<\/tr>\n<tr>\n<td width=\"100\"><strong> <\/strong><\/td>\n<td width=\"172\"><strong>\u0427\u0438\u0441\u0442\u0430\u044f \u0446\u0435\u043d\u0430 \u0440\u0435\u0430\u043b\u0438\u0437\u0430\u0446\u0438\u0438<\/strong><\/td>\n<td width=\"87\"><strong> <\/strong><\/td>\n<td width=\"87\"><strong> <\/strong><\/td>\n<td width=\"92\"><strong>5 669,22 \u0415\u0412\u0420\u041e<\/strong><\/td>\n<td width=\"87\"><strong> <\/strong><\/td>\n<td width=\"87\"><strong>5.910,00<\/strong><\/td>\n<\/tr>\n<tr>\n<td width=\"100\"><\/td>\n<td width=\"172\">19 % \u041d\u0414\u0421<\/td>\n<td width=\"87\"><\/td>\n<td width=\"87\"><\/td>\n<td width=\"92\">1 077,15 \u0415\u0412\u0420\u041e<\/td>\n<td width=\"87\"><\/td>\n<td width=\"87\"><\/td>\n<\/tr>\n<tr>\n<td width=\"100\"><strong> <\/strong><\/td>\n<td width=\"172\"><strong>\u0426\u0435\u043d\u0430 \u0440\u0435\u0430\u043b\u0438\u0437\u0430\u0446\u0438\u0438 \u0431\u0440\u0443\u0442\u0442\u043e<\/strong><\/td>\n<td width=\"87\"><strong> <\/strong><\/td>\n<td width=\"87\"><strong> <\/strong><\/td>\n<td width=\"92\"><strong>6 746,37 \u0415\u0412\u0420\u041e<\/strong><\/td>\n<td width=\"87\"><strong> <\/strong><\/td>\n<td width=\"87\"><strong> <\/strong><\/td>\n<\/tr>\n<\/tbody>\n<\/table>\n<p>\u0415\u0441\u043b\u0438 \u0432\u044b \u0437\u0430\u0438\u043d\u0442\u0435\u0440\u0435\u0441\u043e\u0432\u0430\u043d\u044b, \u043f\u043e\u0436\u0430\u043b\u0443\u0439\u0441\u0442\u0430, \u043e\u0442\u043f\u0440\u0430\u0432\u044c\u0442\u0435 \u043d\u0430\u043c \u0432\u0430\u0448 \u0437\u0430\u043f\u0440\u043e\u0441.<\/p>\n<p>&nbsp;<\/p>\n<p>&nbsp;<\/p>\n","protected":false},"featured_media":26011,"template":"","meta":[],"product_brand":[],"product_cat":[357,353,361],"product_tag":[],"class_list":{"0":"post-25979","1":"product","2":"type-product","3":"status-publish","4":"has-post-thumbnail","6":"product_cat-peri-rundflex-ru","7":"product_cat-peri-ru","8":"product_cat-schalungen-ru","10":"first","11":"instock","12":"taxable","13":"shipping-taxable","14":"product-type-simple"},"yoast_head":"<!-- This site is optimized with the Yoast SEO plugin v26.5 - https:\/\/yoast.com\/wordpress\/plugins\/seo\/ -->\n<title>Peri Rundflex - \u0421\u043f\u0435\u0446\u0438\u0430\u043b\u044c\u043d\u044b\u0435 \u0442\u043e\u0432\u0430\u0440\u044b - JH - ITC GmbH<\/title>\n<meta name=\"description\" content=\"Peri Rundflex - \u0421\u043f\u0435\u0446\u0438\u0430\u043b\u044c\u043d\u044b\u0435 \u0442\u043e\u0432\u0430\u0440\u044b. \u0418\u0437\u0432\u0435\u0441\u0442\u043d\u044b\u0435 \u043f\u0440\u043e\u0438\u0437\u0432\u043e\u0434\u0438\u0442\u0435\u043b\u0438 \u2714 \u041d\u043e\u0432\u0430\u044f \u0438 \u0431\/\u0443 \u043e\u043f\u0430\u043b\u0443\u0431\u043a\u0430, \u043e\u043f\u043e\u0440\u044b, \u043b\u0435\u0441\u0430 \u0438 \u0441\u0442\u0440\u043e\u0438\u0442\u0435\u043b\u044c\u043d\u044b\u0435 \u043c\u0430\u0448\u0438\u043d\u044b \u2714 \u0417\u0430\u043f\u0440\u043e\u0441\u0438\u0442\u0435 \u043f\u0440\u0435\u0434\u043b\u043e\u0436\u0435\u043d\u0438\u0435 \u0441\u0435\u0439\u0447\u0430\u0441!\" \/>\n<meta name=\"robots\" content=\"noindex, follow, max-snippet:-1, max-image-preview:large, max-video-preview:-1\" \/>\n<meta property=\"og:locale\" content=\"ru_RU\" \/>\n<meta property=\"og:type\" content=\"article\" \/>\n<meta property=\"og:title\" content=\"Peri Rundflex - \u0421\u043f\u0435\u0446\u0438\u0430\u043b\u044c\u043d\u044b\u0435 \u0442\u043e\u0432\u0430\u0440\u044b - JH - ITC GmbH\" \/>\n<meta property=\"og:description\" content=\"Peri Rundflex - \u0421\u043f\u0435\u0446\u0438\u0430\u043b\u044c\u043d\u044b\u0435 \u0442\u043e\u0432\u0430\u0440\u044b. \u0418\u0437\u0432\u0435\u0441\u0442\u043d\u044b\u0435 \u043f\u0440\u043e\u0438\u0437\u0432\u043e\u0434\u0438\u0442\u0435\u043b\u0438 \u2714 \u041d\u043e\u0432\u0430\u044f \u0438 \u0431\/\u0443 \u043e\u043f\u0430\u043b\u0443\u0431\u043a\u0430, \u043e\u043f\u043e\u0440\u044b, \u043b\u0435\u0441\u0430 \u0438 \u0441\u0442\u0440\u043e\u0438\u0442\u0435\u043b\u044c\u043d\u044b\u0435 \u043c\u0430\u0448\u0438\u043d\u044b \u2714 \u0417\u0430\u043f\u0440\u043e\u0441\u0438\u0442\u0435 \u043f\u0440\u0435\u0434\u043b\u043e\u0436\u0435\u043d\u0438\u0435 \u0441\u0435\u0439\u0447\u0430\u0441!\" \/>\n<meta property=\"og:url\" content=\"https:\/\/stage.jh-itc.de\/ru\/shop\/peri-ru\/peri-rundflex-ru\/peri-round-flex-special\/\" \/>\n<meta property=\"og:site_name\" content=\"JH - ITC GmbH\" \/>\n<meta property=\"article:publisher\" content=\"https:\/\/www.facebook.com\/schalungshandel\" \/>\n<meta property=\"article:modified_time\" content=\"2021-07-16T16:36:29+00:00\" \/>\n<meta property=\"og:image\" content=\"https:\/\/stage.jh-itc.de\/wp-content\/uploads\/2020\/03\/Peri-Rundflex-3-rotated.jpg\" \/>\n\t<meta property=\"og:image:width\" content=\"480\" \/>\n\t<meta property=\"og:image:height\" content=\"640\" \/>\n\t<meta property=\"og:image:type\" content=\"image\/jpeg\" \/>\n<meta name=\"twitter:card\" content=\"summary_large_image\" \/>\n<meta name=\"twitter:site\" content=\"@JH_ITC\" \/>\n<!-- \/ Yoast SEO plugin. -->","yoast_head_json":{"title":"Peri Rundflex - \u0421\u043f\u0435\u0446\u0438\u0430\u043b\u044c\u043d\u044b\u0435 \u0442\u043e\u0432\u0430\u0440\u044b - JH - ITC GmbH","description":"Peri Rundflex - \u0421\u043f\u0435\u0446\u0438\u0430\u043b\u044c\u043d\u044b\u0435 \u0442\u043e\u0432\u0430\u0440\u044b. \u0418\u0437\u0432\u0435\u0441\u0442\u043d\u044b\u0435 \u043f\u0440\u043e\u0438\u0437\u0432\u043e\u0434\u0438\u0442\u0435\u043b\u0438 \u2714 \u041d\u043e\u0432\u0430\u044f \u0438 \u0431\/\u0443 \u043e\u043f\u0430\u043b\u0443\u0431\u043a\u0430, \u043e\u043f\u043e\u0440\u044b, \u043b\u0435\u0441\u0430 \u0438 \u0441\u0442\u0440\u043e\u0438\u0442\u0435\u043b\u044c\u043d\u044b\u0435 \u043c\u0430\u0448\u0438\u043d\u044b \u2714 \u0417\u0430\u043f\u0440\u043e\u0441\u0438\u0442\u0435 \u043f\u0440\u0435\u0434\u043b\u043e\u0436\u0435\u043d\u0438\u0435 \u0441\u0435\u0439\u0447\u0430\u0441!","robots":{"index":"noindex","follow":"follow","max-snippet":"max-snippet:-1","max-image-preview":"max-image-preview:large","max-video-preview":"max-video-preview:-1"},"og_locale":"ru_RU","og_type":"article","og_title":"Peri Rundflex - \u0421\u043f\u0435\u0446\u0438\u0430\u043b\u044c\u043d\u044b\u0435 \u0442\u043e\u0432\u0430\u0440\u044b - JH - ITC GmbH","og_description":"Peri Rundflex - \u0421\u043f\u0435\u0446\u0438\u0430\u043b\u044c\u043d\u044b\u0435 \u0442\u043e\u0432\u0430\u0440\u044b. \u0418\u0437\u0432\u0435\u0441\u0442\u043d\u044b\u0435 \u043f\u0440\u043e\u0438\u0437\u0432\u043e\u0434\u0438\u0442\u0435\u043b\u0438 \u2714 \u041d\u043e\u0432\u0430\u044f \u0438 \u0431\/\u0443 \u043e\u043f\u0430\u043b\u0443\u0431\u043a\u0430, \u043e\u043f\u043e\u0440\u044b, \u043b\u0435\u0441\u0430 \u0438 \u0441\u0442\u0440\u043e\u0438\u0442\u0435\u043b\u044c\u043d\u044b\u0435 \u043c\u0430\u0448\u0438\u043d\u044b \u2714 \u0417\u0430\u043f\u0440\u043e\u0441\u0438\u0442\u0435 \u043f\u0440\u0435\u0434\u043b\u043e\u0436\u0435\u043d\u0438\u0435 \u0441\u0435\u0439\u0447\u0430\u0441!","og_url":"https:\/\/stage.jh-itc.de\/ru\/shop\/peri-ru\/peri-rundflex-ru\/peri-round-flex-special\/","og_site_name":"JH - ITC GmbH","article_publisher":"https:\/\/www.facebook.com\/schalungshandel","article_modified_time":"2021-07-16T16:36:29+00:00","og_image":[{"width":480,"height":640,"url":"https:\/\/stage.jh-itc.de\/wp-content\/uploads\/2020\/03\/Peri-Rundflex-3-rotated.jpg","type":"image\/jpeg"}],"twitter_card":"summary_large_image","twitter_site":"@JH_ITC","schema":{"@context":"https:\/\/schema.org","@graph":[{"@type":"WebPage","@id":"https:\/\/stage.jh-itc.de\/ru\/shop\/peri-ru\/peri-rundflex-ru\/peri-round-flex-special\/","url":"https:\/\/stage.jh-itc.de\/ru\/shop\/peri-ru\/peri-rundflex-ru\/peri-round-flex-special\/","name":"Peri Rundflex - \u0421\u043f\u0435\u0446\u0438\u0430\u043b\u044c\u043d\u044b\u0435 \u0442\u043e\u0432\u0430\u0440\u044b - JH - ITC GmbH","isPartOf":{"@id":"https:\/\/stage.jh-itc.de\/ru\/#website"},"primaryImageOfPage":{"@id":"https:\/\/stage.jh-itc.de\/ru\/shop\/peri-ru\/peri-rundflex-ru\/peri-round-flex-special\/#primaryimage"},"image":{"@id":"https:\/\/stage.jh-itc.de\/ru\/shop\/peri-ru\/peri-rundflex-ru\/peri-round-flex-special\/#primaryimage"},"thumbnailUrl":"https:\/\/stage.jh-itc.de\/wp-content\/uploads\/2020\/03\/Peri-Rundflex-3-rotated.jpg","datePublished":"2021-07-16T16:36:07+00:00","dateModified":"2021-07-16T16:36:29+00:00","description":"Peri Rundflex - \u0421\u043f\u0435\u0446\u0438\u0430\u043b\u044c\u043d\u044b\u0435 \u0442\u043e\u0432\u0430\u0440\u044b. \u0418\u0437\u0432\u0435\u0441\u0442\u043d\u044b\u0435 \u043f\u0440\u043e\u0438\u0437\u0432\u043e\u0434\u0438\u0442\u0435\u043b\u0438 \u2714 \u041d\u043e\u0432\u0430\u044f \u0438 \u0431\/\u0443 \u043e\u043f\u0430\u043b\u0443\u0431\u043a\u0430, \u043e\u043f\u043e\u0440\u044b, \u043b\u0435\u0441\u0430 \u0438 \u0441\u0442\u0440\u043e\u0438\u0442\u0435\u043b\u044c\u043d\u044b\u0435 \u043c\u0430\u0448\u0438\u043d\u044b \u2714 \u0417\u0430\u043f\u0440\u043e\u0441\u0438\u0442\u0435 \u043f\u0440\u0435\u0434\u043b\u043e\u0436\u0435\u043d\u0438\u0435 \u0441\u0435\u0439\u0447\u0430\u0441!","breadcrumb":{"@id":"https:\/\/stage.jh-itc.de\/ru\/shop\/peri-ru\/peri-rundflex-ru\/peri-round-flex-special\/#breadcrumb"},"inLanguage":"ru-RU","potentialAction":[{"@type":"ReadAction","target":["https:\/\/stage.jh-itc.de\/ru\/shop\/peri-ru\/peri-rundflex-ru\/peri-round-flex-special\/"]}]},{"@type":"ImageObject","inLanguage":"ru-RU","@id":"https:\/\/stage.jh-itc.de\/ru\/shop\/peri-ru\/peri-rundflex-ru\/peri-round-flex-special\/#primaryimage","url":"https:\/\/stage.jh-itc.de\/wp-content\/uploads\/2020\/03\/Peri-Rundflex-3-rotated.jpg","contentUrl":"https:\/\/stage.jh-itc.de\/wp-content\/uploads\/2020\/03\/Peri-Rundflex-3-rotated.jpg","width":480,"height":640},{"@type":"BreadcrumbList","@id":"https:\/\/stage.jh-itc.de\/ru\/shop\/peri-ru\/peri-rundflex-ru\/peri-round-flex-special\/#breadcrumb","itemListElement":[{"@type":"ListItem","position":1,"name":"Home","item":"https:\/\/stage.jh-itc.de\/ru\/%d0%be%d0%bf%d0%b0%d0%bb%d1%83%d0%b1%d0%ba%d0%b0-%d1%81%d1%82%d0%be%d0%b9%d0%ba%d0%b8-%d0%b8-%d1%81%d1%82%d1%80%d0%be%d0%b8%d1%82%d0%b5%d0%bb%d1%8c%d0%bd%d1%8b%d0%b5-%d0%bb%d0%b5%d1%81%d0%b0-%d0%be\/"},{"@type":"ListItem","position":2,"name":"\u041c\u0430\u0433\u0430\u0437\u0438\u043d","item":"https:\/\/stage.jh-itc.de\/ru\/%d0%bc%d0%b0%d0%b3%d0%b0%d0%b7%d0%b8%d0%bd\/"},{"@type":"ListItem","position":3,"name":"Peri Rundflex &#8211; \u0421\u043f\u0435\u0446\u0438\u0430\u043b\u044c\u043d\u044b\u0435 \u0442\u043e\u0432\u0430\u0440\u044b"}]},{"@type":"WebSite","@id":"https:\/\/stage.jh-itc.de\/ru\/#website","url":"https:\/\/stage.jh-itc.de\/ru\/","name":"JH - ITC GmbH","description":"Ihr Experte f\u00fcr gebrauchte St\u00fctzen, Schalungen und Ger\u00fcste","publisher":{"@id":"https:\/\/stage.jh-itc.de\/ru\/#organization"},"potentialAction":[{"@type":"SearchAction","target":{"@type":"EntryPoint","urlTemplate":"https:\/\/stage.jh-itc.de\/ru\/?s={search_term_string}"},"query-input":{"@type":"PropertyValueSpecification","valueRequired":true,"valueName":"search_term_string"}}],"inLanguage":"ru-RU"},{"@type":"Organization","@id":"https:\/\/stage.jh-itc.de\/ru\/#organization","name":"JH-ITC GmbH","url":"https:\/\/stage.jh-itc.de\/ru\/","logo":{"@type":"ImageObject","inLanguage":"ru-RU","@id":"https:\/\/stage.jh-itc.de\/ru\/#\/schema\/logo\/image\/","url":"https:\/\/stage.jh-itc.de\/wp-content\/uploads\/2016\/01\/JH-ITC2-1.png","contentUrl":"https:\/\/stage.jh-itc.de\/wp-content\/uploads\/2016\/01\/JH-ITC2-1.png","width":300,"height":102,"caption":"JH-ITC GmbH"},"image":{"@id":"https:\/\/stage.jh-itc.de\/ru\/#\/schema\/logo\/image\/"},"sameAs":["https:\/\/www.facebook.com\/schalungshandel","https:\/\/x.com\/JH_ITC","https:\/\/www.linkedin.com\/in\/jhitc","https:\/\/youtu.be\/rMdZ-FLfI-Y"]}]}},"_links":{"self":[{"href":"https:\/\/stage.jh-itc.de\/ru\/wp-json\/wp\/v2\/product\/25979","targetHints":{"allow":["GET"]}}],"collection":[{"href":"https:\/\/stage.jh-itc.de\/ru\/wp-json\/wp\/v2\/product"}],"about":[{"href":"https:\/\/stage.jh-itc.de\/ru\/wp-json\/wp\/v2\/types\/product"}],"wp:featuredmedia":[{"embeddable":true,"href":"https:\/\/stage.jh-itc.de\/ru\/wp-json\/wp\/v2\/media\/26011"}],"wp:attachment":[{"href":"https:\/\/stage.jh-itc.de\/ru\/wp-json\/wp\/v2\/media?parent=25979"}],"wp:term":[{"taxonomy":"product_brand","embeddable":true,"href":"https:\/\/stage.jh-itc.de\/ru\/wp-json\/wp\/v2\/product_brand?post=25979"},{"taxonomy":"product_cat","embeddable":true,"href":"https:\/\/stage.jh-itc.de\/ru\/wp-json\/wp\/v2\/product_cat?post=25979"},{"taxonomy":"product_tag","embeddable":true,"href":"https:\/\/stage.jh-itc.de\/ru\/wp-json\/wp\/v2\/product_tag?post=25979"}],"curies":[{"name":"wp","href":"https:\/\/api.w.org\/{rel}","templated":true}]}}