{"id":25162,"date":"2020-12-03T12:52:26","date_gmt":"2021-07-16T16:35:26","guid":{"rendered":"https:\/\/www.jh-itc.de\/shop\/uncategorized\/meva-alu-star-meva-star-tec\/"},"modified":"2021-07-16T18:36:00","modified_gmt":"2021-07-16T16:36:00","slug":"meva-alu-star-meva-star-tec","status":"publish","type":"product","link":"https:\/\/stage.jh-itc.de\/ru\/shop\/meva-ru\/meva-alu-star-ru\/meva-alu-star-meva-star-tec\/","title":{"rendered":"Meva Alu Star + Meva Star Tec"},"content":{"rendered":"<table width=\"0\">\n<tbody>\n<tr>\n<td width=\"169\"><strong>\u041d\u043e\u043c\u0435\u0440 \u0441\u0442\u0430\u0442\u044c\u0438<\/strong><\/td>\n<td width=\"651\"><strong>\u041e\u043f\u0438\u0441\u0430\u043d\u0438\u0435 \u0441\u0442\u0430\u0442\u044c\u0438<\/strong><\/td>\n<td width=\"135\"><strong>\u041a\u043e\u043b\u0438\u0447\u0435\u0441\u0442\u0432\u043e<\/strong><\/td>\n<\/tr>\n<tr>\n<td width=\"169\">2920173<\/td>\n<td width=\"651\">\u0412\u044b\u0440\u0430\u0432\u043d\u0438\u0432\u0430\u044e\u0449\u0430\u044f \u0448\u0438\u043d\u0430 AS 50, \u043e\u0446\u0438\u043d\u043a\u043e\u0432\u0430\u043d\u043d\u0430\u044f<\/td>\n<td width=\"135\">108<\/td>\n<\/tr>\n<tr>\n<td width=\"169\">2910545<\/td>\n<td width=\"651\">\u041a\u0440\u043e\u043d\u0448\u0442\u0435\u0439\u043d \u0434\u043b\u044f \u0436\u0430\u043b\u044e\u0437\u0438 23 x 40<\/td>\n<td width=\"135\">8<\/td>\n<\/tr>\n<tr>\n<td width=\"169\">2920175<\/td>\n<td width=\"651\">\u0412\u044b\u0440\u0430\u0432\u043d\u0438\u0432\u0430\u044e\u0449\u0430\u044f \u0448\u0438\u043d\u0430 AS 125, \u043e\u0446\u0438\u043d\u043a\u043e\u0432\u0430\u043d\u043d\u0430\u044f<\/td>\n<td width=\"135\">39<\/td>\n<\/tr>\n<tr>\n<td width=\"169\">2208301<\/td>\n<td width=\"651\">AS \u044d\u043b\u0435\u043c\u0435\u043d\u0442 AL 17 270 x 90<\/td>\n<td width=\"135\">96<\/td>\n<\/tr>\n<tr>\n<td width=\"169\">2208401<\/td>\n<td width=\"651\">AS \u044d\u043b\u0435\u043c\u0435\u043d\u0442 AL 17 270 x 75<\/td>\n<td width=\"135\">89<\/td>\n<\/tr>\n<tr>\n<td width=\"169\">2208421<\/td>\n<td width=\"651\">AS \u044d\u043b\u0435\u043c\u0435\u043d\u0442 AL 17 270 x 60<\/td>\n<td width=\"135\">68<\/td>\n<\/tr>\n<tr>\n<td width=\"169\">2208431<\/td>\n<td width=\"651\">AS \u044d\u043b\u0435\u043c\u0435\u043d\u0442 AL 17 270 x 55<\/td>\n<td width=\"135\">55<\/td>\n<\/tr>\n<tr>\n<td width=\"169\">2208434<\/td>\n<td width=\"651\">AS \u044d\u043b\u0435\u043c\u0435\u043d\u0442 AL 17 270 x 50<\/td>\n<td width=\"135\">39<\/td>\n<\/tr>\n<tr>\n<td width=\"169\">2208446<\/td>\n<td width=\"651\">AS \u044d\u043b\u0435\u043c\u0435\u043d\u0442 AL 17 270 x 45<\/td>\n<td width=\"135\">38<\/td>\n<\/tr>\n<tr>\n<td width=\"169\">2208456<\/td>\n<td width=\"651\">AS \u044d\u043b\u0435\u043c\u0435\u043d\u0442 AL 17 270 x 40<\/td>\n<td width=\"135\">39<\/td>\n<\/tr>\n<tr>\n<td width=\"169\">2208471<\/td>\n<td width=\"651\">AS \u044d\u043b\u0435\u043c\u0435\u043d\u0442 AL 17 270 x 30<\/td>\n<td width=\"135\">40<\/td>\n<\/tr>\n<tr>\n<td width=\"169\">2208501<\/td>\n<td width=\"651\">AS \u044d\u043b\u0435\u043c\u0435\u043d\u0442 AL 17 135 x 90<\/td>\n<td width=\"135\">89<\/td>\n<\/tr>\n<tr>\n<td width=\"169\">2208621<\/td>\n<td width=\"651\">AS \u044d\u043b\u0435\u043c\u0435\u043d\u0442 AL 17 135 x 60<\/td>\n<td width=\"135\">26<\/td>\n<\/tr>\n<tr>\n<td width=\"169\">2208631<\/td>\n<td width=\"651\">AS \u044d\u043b\u0435\u043c\u0435\u043d\u0442 AL 17 135 x 55<\/td>\n<td width=\"135\">25<\/td>\n<\/tr>\n<tr>\n<td width=\"169\">2208634<\/td>\n<td width=\"651\">AS \u044d\u043b\u0435\u043c\u0435\u043d\u0442 AL 17 135 x 50<\/td>\n<td width=\"135\">26<\/td>\n<\/tr>\n<tr>\n<td width=\"169\">2208646<\/td>\n<td width=\"651\">AS \u044d\u043b\u0435\u043c\u0435\u043d\u0442 AL 17 135 x 45<\/td>\n<td width=\"135\">30<\/td>\n<\/tr>\n<tr>\n<td width=\"169\">2208656<\/td>\n<td width=\"651\">AS \u044d\u043b\u0435\u043c\u0435\u043d\u0442 AL 17 135 x 40<\/td>\n<td width=\"135\">26<\/td>\n<\/tr>\n<tr>\n<td width=\"169\">2208671<\/td>\n<td width=\"651\">AS \u044d\u043b\u0435\u043c\u0435\u043d\u0442 AL 17 135 x 30<\/td>\n<td width=\"135\">36<\/td>\n<\/tr>\n<tr>\n<td width=\"169\">2208676<\/td>\n<td width=\"651\">AS \u044d\u043b\u0435\u043c\u0435\u043d\u0442 AL 17 135 x 25<\/td>\n<td width=\"135\">2<\/td>\n<\/tr>\n<tr>\n<td width=\"169\">2121226<\/td>\n<td width=\"651\">\u041c\u043d\u043e\u0433\u043e\u0446\u0435\u043b\u0435\u0432\u043e\u0439 \u044d\u043b\u0435\u043c\u0435\u043d\u0442 ST AL 17, 270 x 75<\/td>\n<td width=\"135\">20<\/td>\n<\/tr>\n<tr>\n<td width=\"169\">2208701<\/td>\n<td width=\"651\">AS-\u044d\u043b\u0435\u043c\u0435\u043d\u0442 90 x 90<\/td>\n<td width=\"135\">40<\/td>\n<\/tr>\n<tr>\n<td width=\"169\">2208726<\/td>\n<td width=\"651\">AS-\u044d\u043b\u0435\u043c\u0435\u043d\u0442 90 x 75<\/td>\n<td width=\"135\">36<\/td>\n<\/tr>\n<tr>\n<td width=\"169\">2208741<\/td>\n<td width=\"651\">AS-\u044d\u043b\u0435\u043c\u0435\u043d\u0442 90 x 60<\/td>\n<td width=\"135\">25<\/td>\n<\/tr>\n<tr>\n<td width=\"169\">2208746<\/td>\n<td width=\"651\">AS-\u044d\u043b\u0435\u043c\u0435\u043d\u0442 90 x 55<\/td>\n<td width=\"135\">26<\/td>\n<\/tr>\n<tr>\n<td width=\"169\">2208751<\/td>\n<td width=\"651\">AS-\u044d\u043b\u0435\u043c\u0435\u043d\u0442 90 x 50<\/td>\n<td width=\"135\">26<\/td>\n<\/tr>\n<tr>\n<td width=\"169\">2208756<\/td>\n<td width=\"651\">AS-\u044d\u043b\u0435\u043c\u0435\u043d\u0442 90 x 45<\/td>\n<td width=\"135\">25<\/td>\n<\/tr>\n<tr>\n<td width=\"169\">2208761<\/td>\n<td width=\"651\">AS-\u044d\u043b\u0435\u043c\u0435\u043d\u0442 90 x 40<\/td>\n<td width=\"135\">16<\/td>\n<\/tr>\n<tr>\n<td width=\"169\">2208771<\/td>\n<td width=\"651\">AS-\u044d\u043b\u0435\u043c\u0435\u043d\u0442 90 x 30<\/td>\n<td width=\"135\">30<\/td>\n<\/tr>\n<tr>\n<td width=\"169\">2215044<\/td>\n<td width=\"651\">AS \u0432\u043d\u0443\u0442\u0440\u0435\u043d\u043d\u0438\u0439 \u0443\u0433\u043e\u043b 90\/25 AL<\/td>\n<td width=\"135\">11<\/td>\n<\/tr>\n<tr>\n<td width=\"169\">2215034<\/td>\n<td width=\"651\">AS \u0432\u043d\u0443\u0442\u0440\u0435\u043d\u043d\u0438\u0439 \u0443\u0433\u043e\u043b 135 x 25 AL<\/td>\n<td width=\"135\">39<\/td>\n<\/tr>\n<tr>\n<td width=\"169\">2214030<\/td>\n<td width=\"651\">AS\/ST \u0432\u043d\u0435\u0448\u043d\u0438\u0439 \u0443\u0433\u043e\u043b 135<\/td>\n<td width=\"135\">25<\/td>\n<\/tr>\n<tr>\n<td width=\"169\">2214035<\/td>\n<td width=\"651\">\u0412\u043d\u0435\u0448\u043d\u0438\u0439 \u0443\u0433\u043e\u043b 135 x 5 Alu<\/td>\n<td width=\"135\">20<\/td>\n<\/tr>\n<tr>\n<td width=\"169\">2127010<\/td>\n<td width=\"651\">AS \u0448\u0430\u0440\u043d\u0438\u0440\u043d\u044b\u0439 \u0443\u0433\u043e\u043b \u0432\u043d\u0443\u0442\u0440\u0435\u043d\u043d\u0438\u0439 135 x 30<\/td>\n<td width=\"135\">7<\/td>\n<\/tr>\n<tr>\n<td width=\"169\">2128010<\/td>\n<td width=\"651\">AS \u0441\u043e\u0447\u043b\u0435\u043d\u0435\u043d\u043d\u044b\u0439 \u0443\u0433\u043e\u043b \u0441\u043d\u0430\u0440\u0443\u0436\u0438 135 x 7,5<\/td>\n<td width=\"135\">5<\/td>\n<\/tr>\n<tr>\n<td width=\"169\">2920500<\/td>\n<td width=\"651\">\u0411\u043b\u043e\u043a\u0438\u0440\u043e\u0432\u043a\u0430 \u0441\u0431\u043e\u0440\u043a\u0438 AS<\/td>\n<td width=\"135\">3070<\/td>\n<\/tr>\n<tr>\n<td width=\"169\">2940285<\/td>\n<td width=\"651\">\u041f\u0435\u0440\u0435\u0434\u043d\u0438\u0439 \u044f\u043a\u043e\u0440\u044c 23 x 40 \u0436\u0435\u043b\u0442\u044b\u0439<\/td>\n<td width=\"135\">30<\/td>\n<\/tr>\n<tr>\n<td width=\"169\">2920389<\/td>\n<td width=\"651\">AS \u043a\u0440\u0430\u043d\u043e\u0432\u044b\u0439 \u043a\u0440\u044e\u043a<\/td>\n<td width=\"135\">24<\/td>\n<\/tr>\n<tr>\n<td width=\"169\">2120003<\/td>\n<td width=\"651\">ST-\u044d\u043b\u0435\u043c\u0435\u043d\u0442 AL 20 270 x 240<\/td>\n<td width=\"135\">42<\/td>\n<\/tr>\n<tr>\n<td width=\"169\">2120006<\/td>\n<td width=\"651\">ST \u044d\u043b\u0435\u043c\u0435\u043d\u0442 AL 20 270 x 135<\/td>\n<td width=\"135\">44<\/td>\n<\/tr>\n<tr>\n<td width=\"169\">2125105<\/td>\n<td width=\"651\">\u0412\u043d\u0443\u0442\u0440\u0435\u043d\u043d\u0438\u0439 \u0443\u0433\u043e\u043b ST 270 x 25 AL<\/td>\n<td width=\"135\">30<\/td>\n<\/tr>\n<tr>\n<td width=\"169\">2214020<\/td>\n<td width=\"651\">AS\/ST \u0432\u043d\u0435\u0448\u043d\u0438\u0439 \u0443\u0433\u043e\u043b 270<\/td>\n<td width=\"135\">31<\/td>\n<\/tr>\n<tr>\n<td width=\"169\">2940085<\/td>\n<td width=\"651\">\u0411\u043b\u043e\u043a\u0438\u0440\u043e\u0432\u043a\u0430 \u0443\u0437\u043b\u0430 22<\/td>\n<td width=\"135\">470<\/td>\n<\/tr>\n<tr>\n<td width=\"169\">2940110<\/td>\n<td width=\"651\">\u0424\u043b\u0430\u043d\u0446\u0435\u0432\u044b\u0439 \u0432\u0438\u043d\u0442 18<\/td>\n<td width=\"135\">986<\/td>\n<\/tr>\n<tr>\n<td width=\"169\">2940250<\/td>\n<td width=\"651\">\u041d\u0430\u043f\u0440\u0430\u0432\u043b\u044f\u044e\u0449\u0430\u044f M-\u043e\u0431\u0440\u0430\u0437\u043d\u0430\u044f \u0448\u0438\u043d\u0430 250, \u043e\u0446\u0438\u043d\u043a\u043e\u0432\u0430\u043d\u043d\u0430\u044f<\/td>\n<td width=\"135\">47<\/td>\n<\/tr>\n<tr>\n<td width=\"169\">2990010<\/td>\n<td width=\"651\">\u0428\u0430\u0440\u043d\u0438\u0440\u043d\u0430\u044f \u0444\u043b\u0430\u043d\u0446\u0435\u0432\u0430\u044f \u0433\u0430\u0439\u043a\u0430 15 x 120 (SW 27)<\/td>\n<td width=\"135\">1824<\/td>\n<\/tr>\n<tr>\n<td width=\"169\">2990141<\/td>\n<td width=\"651\">Uni-claw<\/td>\n<td width=\"135\">303<\/td>\n<\/tr>\n<tr>\n<td width=\"169\">2910600<\/td>\n<td width=\"651\">\u041a\u0440\u043e\u043d\u0448\u0442\u0435\u0439\u043d \u0431\u0435\u0433\u0443\u043d\u043a\u0430 90 (\u0436\u0435\u043b\u0442\u044b\u0439), \u0433\u0430\u043b\u044c\u0432.<\/td>\n<td width=\"135\">137<\/td>\n<\/tr>\n<tr>\n<td width=\"169\">2910550<\/td>\n<td width=\"651\">\u041a\u0440\u043e\u043d\u0448\u0442\u0435\u0439\u043d \u0434\u043b\u044f \u0436\u0430\u043b\u044e\u0437\u0438 40 x 60<\/td>\n<td width=\"135\">44<\/td>\n<\/tr>\n<tr>\n<td width=\"169\">2910600<\/td>\n<td width=\"651\">\u041a\u0440\u043e\u043d\u0448\u0442\u0435\u0439\u043d \u0431\u0435\u0433\u0443\u043d\u043a\u0430 90 (\u0436\u0435\u043b\u0442\u044b\u0439), \u0433\u0430\u043b\u044c\u0432.<\/td>\n<td width=\"135\">147<\/td>\n<\/tr>\n<tr>\n<td width=\"169\">2910880<\/td>\n<td width=\"651\">\u0421\u043a\u043e\u0431\u0430 SRL 120 (90-150)<\/td>\n<td width=\"135\">100<\/td>\n<\/tr>\n<tr>\n<td width=\"169\">2910960<\/td>\n<td width=\"651\">\u041f\u0440\u043e\u0442\u0430\u043b\u043a\u0438\u0432\u0430\u044e\u0449\u0438\u0439 \u043f\u0440\u043e\u043f\u0435\u043b\u043b\u0435\u0440 R 250 (190-320)<\/td>\n<td width=\"135\">100<\/td>\n<\/tr>\n<tr>\n<td width=\"169\">2940232<\/td>\n<td width=\"651\">\u0414\u0432\u0443\u0445\u0448\u0430\u0440\u043d\u0438\u0440\u043d\u0430\u044f \u043e\u043f\u043e\u0440\u043d\u0430\u044f \u043f\u043b\u0438\u0442\u0430 (RS \u00d8 \u0434\u043e 57 \u043c\u043c)<\/td>\n<td width=\"135\">102<\/td>\n<\/tr>\n<tr>\n<td width=\"169\">4241350<\/td>\n<td width=\"651\">\u0411\u043e\u043b\u0442 \u0441 \u0433\u043e\u043b\u043e\u0432\u043a\u043e\u0439 16 x 90 \u0433\u0430\u043b\u044c\u0432.<\/td>\n<td width=\"135\">545<\/td>\n<\/tr>\n<tr>\n<td width=\"169\">2980485<\/td>\n<td width=\"651\">\u0421\u043e\u0435\u0434\u0438\u043d\u0438\u0442\u0435\u043b\u044c\u043d\u044b\u0439 \u0448\u043e\u0432<\/td>\n<td width=\"135\">193<\/td>\n<\/tr>\n<tr>\n<td width=\"169\">2700020<\/td>\n<td width=\"651\">\u0420\u0430\u043c\u0430 \u0434\u043b\u044f \u0448\u0442\u0430\u0431\u0435\u043b\u0438\u0440\u043e\u0432\u0430\u043d\u0438\u044f (Barelle)<\/td>\n<td width=\"135\">14<\/td>\n<\/tr>\n<tr>\n<td width=\"169\">2940142<\/td>\n<td width=\"651\">\u0422\u0440\u0430\u043d\u0441\u043f\u043e\u0440\u0442\u043d\u0430\u044f \u0437\u0430\u0433\u043b\u0443\u0448\u043a\u0430 40<\/td>\n<td width=\"135\">28<\/td>\n<\/tr>\n<tr>\n<td width=\"169\">2700010<\/td>\n<td width=\"651\">\u042f\u0449\u0438\u043a \u0434\u043b\u044f \u043c\u0435\u043b\u043a\u0438\u0445 \u0434\u0435\u0442\u0430\u043b\u0435\u0439 120\/100<\/td>\n<td width=\"135\">11<\/td>\n<\/tr>\n<\/tbody>\n<\/table>\n","protected":false},"excerpt":{"rendered":"<p>\u041c\u044b \u043c\u043e\u0436\u0435\u043c \u043f\u0440\u0435\u0434\u043b\u043e\u0436\u0438\u0442\u044c \u0432\u0430\u043c \u0441\u043b\u0435\u0434\u0443\u044e\u0449\u0438\u0435 \u0432\u0438\u0434\u044b \u043e\u043f\u0430\u043b\u0443\u0431\u043a\u0438 <strong>Meva Alu Star + Meva Star Tec<\/strong> \u0431\u0435\u0437 \u043e\u0431\u044f\u0437\u0430\u0442\u0435\u043b\u044c\u0441\u0442\u0432.<\/p>\n<p>\u041e\u043f\u0430\u043b\u0443\u0431\u043a\u0430 \u043d\u0430\u0445\u043e\u0434\u0438\u0442\u0441\u044f \u0432 \u043e\u0447\u0435\u043d\u044c \u0445\u043e\u0440\u043e\u0448\u0435\u043c \u0441\u043e\u0441\u0442\u043e\u044f\u043d\u0438\u0438.<\/p>\n<p>\u0415\u0441\u043b\u0438 \u0432\u044b \u0437\u0430\u0438\u043d\u0442\u0435\u0440\u0435\u0441\u043e\u0432\u0430\u043d\u044b, \u043c\u044b \u0431\u0443\u0434\u0435\u043c \u0440\u0430\u0434\u044b \u043e\u0442\u043f\u0440\u0430\u0432\u0438\u0442\u044c \u0432\u0430\u043c \u0437\u0430\u043f\u0440\u043e\u0441.<\/p>\n<p>&nbsp;<\/p>\n","protected":false},"featured_media":25188,"template":"","meta":[],"product_brand":[],"product_cat":[344,345,348,361],"product_tag":[],"class_list":{"0":"post-25162","1":"product","2":"type-product","3":"status-publish","4":"has-post-thumbnail","6":"product_cat-meva-ru","7":"product_cat-meva-alu-star-ru","8":"product_cat-meva-star-tec-ru","9":"product_cat-schalungen-ru","11":"first","12":"instock","13":"taxable","14":"shipping-taxable","15":"product-type-simple"},"yoast_head":"<!-- This site is optimized with the Yoast SEO plugin v26.5 - https:\/\/yoast.com\/wordpress\/plugins\/seo\/ -->\n<title>Meva Alu Star + Meva Star Tec - JH - ITC GmbH<\/title>\n<meta name=\"description\" content=\"Meva Alu Star + Meva Star Tec. \u0418\u0437\u0432\u0435\u0441\u0442\u043d\u044b\u0435 \u043f\u0440\u043e\u0438\u0437\u0432\u043e\u0434\u0438\u0442\u0435\u043b\u0438 \u2714 \u041d\u043e\u0432\u0430\u044f \u0438 \u0431\/\u0443 \u043e\u043f\u0430\u043b\u0443\u0431\u043a\u0430, \u043e\u043f\u043e\u0440\u044b, \u043b\u0435\u0441\u0430 \u0438 \u0441\u0442\u0440\u043e\u0438\u0442\u0435\u043b\u044c\u043d\u044b\u0435 \u043c\u0430\u0448\u0438\u043d\u044b \u2714 \u0417\u0430\u043f\u0440\u043e\u0441\u0438\u0442\u0435 \u043f\u0440\u0435\u0434\u043b\u043e\u0436\u0435\u043d\u0438\u0435 \u0441\u0435\u0439\u0447\u0430\u0441!\" \/>\n<meta name=\"robots\" content=\"noindex, follow, max-snippet:-1, max-image-preview:large, max-video-preview:-1\" \/>\n<meta property=\"og:locale\" content=\"ru_RU\" \/>\n<meta property=\"og:type\" content=\"article\" \/>\n<meta property=\"og:title\" content=\"Meva Alu Star + Meva Star Tec - JH - ITC GmbH\" \/>\n<meta property=\"og:description\" content=\"Meva Alu Star + Meva Star Tec. \u0418\u0437\u0432\u0435\u0441\u0442\u043d\u044b\u0435 \u043f\u0440\u043e\u0438\u0437\u0432\u043e\u0434\u0438\u0442\u0435\u043b\u0438 \u2714 \u041d\u043e\u0432\u0430\u044f \u0438 \u0431\/\u0443 \u043e\u043f\u0430\u043b\u0443\u0431\u043a\u0430, \u043e\u043f\u043e\u0440\u044b, \u043b\u0435\u0441\u0430 \u0438 \u0441\u0442\u0440\u043e\u0438\u0442\u0435\u043b\u044c\u043d\u044b\u0435 \u043c\u0430\u0448\u0438\u043d\u044b \u2714 \u0417\u0430\u043f\u0440\u043e\u0441\u0438\u0442\u0435 \u043f\u0440\u0435\u0434\u043b\u043e\u0436\u0435\u043d\u0438\u0435 \u0441\u0435\u0439\u0447\u0430\u0441!\" \/>\n<meta property=\"og:url\" content=\"https:\/\/stage.jh-itc.de\/ru\/shop\/meva-ru\/meva-alu-star-ru\/meva-alu-star-meva-star-tec\/\" \/>\n<meta property=\"og:site_name\" content=\"JH - ITC GmbH\" \/>\n<meta property=\"article:publisher\" content=\"https:\/\/www.facebook.com\/schalungshandel\" \/>\n<meta property=\"article:modified_time\" content=\"2021-07-16T16:36:00+00:00\" \/>\n<meta property=\"og:image\" content=\"https:\/\/stage.jh-itc.de\/wp-content\/uploads\/2020\/12\/Meva-Alu-Star-7.jpg\" \/>\n\t<meta property=\"og:image:width\" content=\"983\" \/>\n\t<meta property=\"og:image:height\" content=\"437\" \/>\n\t<meta property=\"og:image:type\" content=\"image\/jpeg\" \/>\n<meta name=\"twitter:card\" content=\"summary_large_image\" \/>\n<meta name=\"twitter:site\" content=\"@JH_ITC\" \/>\n<meta name=\"twitter:label1\" content=\"\u041f\u0440\u0438\u043c\u0435\u0440\u043d\u043e\u0435 \u0432\u0440\u0435\u043c\u044f \u0434\u043b\u044f \u0447\u0442\u0435\u043d\u0438\u044f\" \/>\n\t<meta name=\"twitter:data1\" content=\"1 minute\" \/>\n<!-- \/ Yoast SEO plugin. -->","yoast_head_json":{"title":"Meva Alu Star + Meva Star Tec - JH - ITC GmbH","description":"Meva Alu Star + Meva Star Tec. \u0418\u0437\u0432\u0435\u0441\u0442\u043d\u044b\u0435 \u043f\u0440\u043e\u0438\u0437\u0432\u043e\u0434\u0438\u0442\u0435\u043b\u0438 \u2714 \u041d\u043e\u0432\u0430\u044f \u0438 \u0431\/\u0443 \u043e\u043f\u0430\u043b\u0443\u0431\u043a\u0430, \u043e\u043f\u043e\u0440\u044b, \u043b\u0435\u0441\u0430 \u0438 \u0441\u0442\u0440\u043e\u0438\u0442\u0435\u043b\u044c\u043d\u044b\u0435 \u043c\u0430\u0448\u0438\u043d\u044b \u2714 \u0417\u0430\u043f\u0440\u043e\u0441\u0438\u0442\u0435 \u043f\u0440\u0435\u0434\u043b\u043e\u0436\u0435\u043d\u0438\u0435 \u0441\u0435\u0439\u0447\u0430\u0441!","robots":{"index":"noindex","follow":"follow","max-snippet":"max-snippet:-1","max-image-preview":"max-image-preview:large","max-video-preview":"max-video-preview:-1"},"og_locale":"ru_RU","og_type":"article","og_title":"Meva Alu Star + Meva Star Tec - JH - ITC GmbH","og_description":"Meva Alu Star + Meva Star Tec. \u0418\u0437\u0432\u0435\u0441\u0442\u043d\u044b\u0435 \u043f\u0440\u043e\u0438\u0437\u0432\u043e\u0434\u0438\u0442\u0435\u043b\u0438 \u2714 \u041d\u043e\u0432\u0430\u044f \u0438 \u0431\/\u0443 \u043e\u043f\u0430\u043b\u0443\u0431\u043a\u0430, \u043e\u043f\u043e\u0440\u044b, \u043b\u0435\u0441\u0430 \u0438 \u0441\u0442\u0440\u043e\u0438\u0442\u0435\u043b\u044c\u043d\u044b\u0435 \u043c\u0430\u0448\u0438\u043d\u044b \u2714 \u0417\u0430\u043f\u0440\u043e\u0441\u0438\u0442\u0435 \u043f\u0440\u0435\u0434\u043b\u043e\u0436\u0435\u043d\u0438\u0435 \u0441\u0435\u0439\u0447\u0430\u0441!","og_url":"https:\/\/stage.jh-itc.de\/ru\/shop\/meva-ru\/meva-alu-star-ru\/meva-alu-star-meva-star-tec\/","og_site_name":"JH - ITC GmbH","article_publisher":"https:\/\/www.facebook.com\/schalungshandel","article_modified_time":"2021-07-16T16:36:00+00:00","og_image":[{"width":983,"height":437,"url":"https:\/\/stage.jh-itc.de\/wp-content\/uploads\/2020\/12\/Meva-Alu-Star-7.jpg","type":"image\/jpeg"}],"twitter_card":"summary_large_image","twitter_site":"@JH_ITC","twitter_misc":{"\u041f\u0440\u0438\u043c\u0435\u0440\u043d\u043e\u0435 \u0432\u0440\u0435\u043c\u044f \u0434\u043b\u044f \u0447\u0442\u0435\u043d\u0438\u044f":"1 minute"},"schema":{"@context":"https:\/\/schema.org","@graph":[{"@type":"WebPage","@id":"https:\/\/stage.jh-itc.de\/ru\/shop\/meva-ru\/meva-alu-star-ru\/meva-alu-star-meva-star-tec\/","url":"https:\/\/stage.jh-itc.de\/ru\/shop\/meva-ru\/meva-alu-star-ru\/meva-alu-star-meva-star-tec\/","name":"Meva Alu Star + Meva Star Tec - JH - ITC GmbH","isPartOf":{"@id":"https:\/\/stage.jh-itc.de\/ru\/#website"},"primaryImageOfPage":{"@id":"https:\/\/stage.jh-itc.de\/ru\/shop\/meva-ru\/meva-alu-star-ru\/meva-alu-star-meva-star-tec\/#primaryimage"},"image":{"@id":"https:\/\/stage.jh-itc.de\/ru\/shop\/meva-ru\/meva-alu-star-ru\/meva-alu-star-meva-star-tec\/#primaryimage"},"thumbnailUrl":"https:\/\/stage.jh-itc.de\/wp-content\/uploads\/2020\/12\/Meva-Alu-Star-7.jpg","datePublished":"2021-07-16T16:35:26+00:00","dateModified":"2021-07-16T16:36:00+00:00","description":"Meva Alu Star + Meva Star Tec. \u0418\u0437\u0432\u0435\u0441\u0442\u043d\u044b\u0435 \u043f\u0440\u043e\u0438\u0437\u0432\u043e\u0434\u0438\u0442\u0435\u043b\u0438 \u2714 \u041d\u043e\u0432\u0430\u044f \u0438 \u0431\/\u0443 \u043e\u043f\u0430\u043b\u0443\u0431\u043a\u0430, \u043e\u043f\u043e\u0440\u044b, \u043b\u0435\u0441\u0430 \u0438 \u0441\u0442\u0440\u043e\u0438\u0442\u0435\u043b\u044c\u043d\u044b\u0435 \u043c\u0430\u0448\u0438\u043d\u044b \u2714 \u0417\u0430\u043f\u0440\u043e\u0441\u0438\u0442\u0435 \u043f\u0440\u0435\u0434\u043b\u043e\u0436\u0435\u043d\u0438\u0435 \u0441\u0435\u0439\u0447\u0430\u0441!","breadcrumb":{"@id":"https:\/\/stage.jh-itc.de\/ru\/shop\/meva-ru\/meva-alu-star-ru\/meva-alu-star-meva-star-tec\/#breadcrumb"},"inLanguage":"ru-RU","potentialAction":[{"@type":"ReadAction","target":["https:\/\/stage.jh-itc.de\/ru\/shop\/meva-ru\/meva-alu-star-ru\/meva-alu-star-meva-star-tec\/"]}]},{"@type":"ImageObject","inLanguage":"ru-RU","@id":"https:\/\/stage.jh-itc.de\/ru\/shop\/meva-ru\/meva-alu-star-ru\/meva-alu-star-meva-star-tec\/#primaryimage","url":"https:\/\/stage.jh-itc.de\/wp-content\/uploads\/2020\/12\/Meva-Alu-Star-7.jpg","contentUrl":"https:\/\/stage.jh-itc.de\/wp-content\/uploads\/2020\/12\/Meva-Alu-Star-7.jpg","width":983,"height":437},{"@type":"BreadcrumbList","@id":"https:\/\/stage.jh-itc.de\/ru\/shop\/meva-ru\/meva-alu-star-ru\/meva-alu-star-meva-star-tec\/#breadcrumb","itemListElement":[{"@type":"ListItem","position":1,"name":"Home","item":"https:\/\/stage.jh-itc.de\/ru\/%d0%be%d0%bf%d0%b0%d0%bb%d1%83%d0%b1%d0%ba%d0%b0-%d1%81%d1%82%d0%be%d0%b9%d0%ba%d0%b8-%d0%b8-%d1%81%d1%82%d1%80%d0%be%d0%b8%d1%82%d0%b5%d0%bb%d1%8c%d0%bd%d1%8b%d0%b5-%d0%bb%d0%b5%d1%81%d0%b0-%d0%be\/"},{"@type":"ListItem","position":2,"name":"\u041c\u0430\u0433\u0430\u0437\u0438\u043d","item":"https:\/\/stage.jh-itc.de\/ru\/%d0%bc%d0%b0%d0%b3%d0%b0%d0%b7%d0%b8%d0%bd\/"},{"@type":"ListItem","position":3,"name":"Meva Alu Star + Meva Star Tec"}]},{"@type":"WebSite","@id":"https:\/\/stage.jh-itc.de\/ru\/#website","url":"https:\/\/stage.jh-itc.de\/ru\/","name":"JH - ITC GmbH","description":"Ihr Experte f\u00fcr gebrauchte St\u00fctzen, Schalungen und Ger\u00fcste","publisher":{"@id":"https:\/\/stage.jh-itc.de\/ru\/#organization"},"potentialAction":[{"@type":"SearchAction","target":{"@type":"EntryPoint","urlTemplate":"https:\/\/stage.jh-itc.de\/ru\/?s={search_term_string}"},"query-input":{"@type":"PropertyValueSpecification","valueRequired":true,"valueName":"search_term_string"}}],"inLanguage":"ru-RU"},{"@type":"Organization","@id":"https:\/\/stage.jh-itc.de\/ru\/#organization","name":"JH-ITC GmbH","url":"https:\/\/stage.jh-itc.de\/ru\/","logo":{"@type":"ImageObject","inLanguage":"ru-RU","@id":"https:\/\/stage.jh-itc.de\/ru\/#\/schema\/logo\/image\/","url":"https:\/\/stage.jh-itc.de\/wp-content\/uploads\/2016\/01\/JH-ITC2-1.png","contentUrl":"https:\/\/stage.jh-itc.de\/wp-content\/uploads\/2016\/01\/JH-ITC2-1.png","width":300,"height":102,"caption":"JH-ITC GmbH"},"image":{"@id":"https:\/\/stage.jh-itc.de\/ru\/#\/schema\/logo\/image\/"},"sameAs":["https:\/\/www.facebook.com\/schalungshandel","https:\/\/x.com\/JH_ITC","https:\/\/www.linkedin.com\/in\/jhitc","https:\/\/youtu.be\/rMdZ-FLfI-Y"]}]}},"_links":{"self":[{"href":"https:\/\/stage.jh-itc.de\/ru\/wp-json\/wp\/v2\/product\/25162","targetHints":{"allow":["GET"]}}],"collection":[{"href":"https:\/\/stage.jh-itc.de\/ru\/wp-json\/wp\/v2\/product"}],"about":[{"href":"https:\/\/stage.jh-itc.de\/ru\/wp-json\/wp\/v2\/types\/product"}],"wp:featuredmedia":[{"embeddable":true,"href":"https:\/\/stage.jh-itc.de\/ru\/wp-json\/wp\/v2\/media\/25188"}],"wp:attachment":[{"href":"https:\/\/stage.jh-itc.de\/ru\/wp-json\/wp\/v2\/media?parent=25162"}],"wp:term":[{"taxonomy":"product_brand","embeddable":true,"href":"https:\/\/stage.jh-itc.de\/ru\/wp-json\/wp\/v2\/product_brand?post=25162"},{"taxonomy":"product_cat","embeddable":true,"href":"https:\/\/stage.jh-itc.de\/ru\/wp-json\/wp\/v2\/product_cat?post=25162"},{"taxonomy":"product_tag","embeddable":true,"href":"https:\/\/stage.jh-itc.de\/ru\/wp-json\/wp\/v2\/product_tag?post=25162"}],"curies":[{"name":"wp","href":"https:\/\/api.w.org\/{rel}","templated":true}]}}