{"id":24725,"date":"2016-08-04T11:50:24","date_gmt":"2021-07-16T16:34:53","guid":{"rendered":"https:\/\/www.jh-itc.de\/shop\/uncategorized\/%d0%b4%d0%b5%d1%80%d0%b5%d0%b2%d1%8f%d0%bd%d0%bd%d1%8b%d0%b9-%d0%b1%d1%80%d1%83%d1%81-h20\/"},"modified":"2023-02-15T15:54:09","modified_gmt":"2023-02-15T14:54:09","slug":"%d0%bf%d0%b5%d1%80%d0%b5%d0%b2%d0%be%d0%b7%d1%87%d0%b8%d0%ba-%d0%b4%d1%80%d0%b5%d0%b2%d0%b5%d1%81%d0%b8%d0%bd%d1%8b-h20","status":"publish","type":"product","link":"https:\/\/stage.jh-itc.de\/ru\/shop\/schalungen-ru\/%d0%bf%d0%b5%d1%80%d0%b5%d0%b2%d0%be%d0%b7%d1%87%d0%b8%d0%ba-%d0%b4%d1%80%d0%b5%d0%b2%d0%b5%d1%81%d0%b8%d0%bd%d1%8b-h20\/","title":{"rendered":"\u0414\u0435\u0440\u0435\u0432\u044f\u043d\u043d\u044b\u0439 \u0431\u0440\u0443\u0441 H20"},"content":{"rendered":"","protected":false},"excerpt":{"rendered":"<p><strong>2 245 \u043f\u043e\u0433\u043e\u043d\u043d\u044b\u0445 \u043c\u0435\u0442\u0440\u043e\u0432 \u0431\u0430\u043b\u043e\u043a H20 \u043d\u0430 \u043f\u0440\u043e\u0434\u0430\u0436\u0443.<\/strong><\/p>\n<p>\u041e\u043d\u0438 \u043d\u0430\u0445\u043e\u0434\u044f\u0442\u0441\u044f \u0432 \u0445\u043e\u0440\u043e\u0448\u0435\u043c \u0441\u043e\u0441\u0442\u043e\u044f\u043d\u0438\u0438.<\/p>\n<p>82 x \u0411\u0430\u043b\u043a\u0430 VT 20K L = 3,60 \u043c<br \/>\n6 x \u0431\u0430\u043b\u043a\u0430 VT 20K L = 2,70 \u043c<br \/>\n4 x H 20 \u043b\u0443\u0447 100<br \/>\n6 x H 20 \u043b\u0443\u0447 110<br \/>\n1 x H 20 \u043b\u0443\u0447 120<br \/>\n1 x H 20 \u043b\u0443\u0447 130<br \/>\n15 x H 20-\u043b\u0443\u0447\u0435\u0432\u0430\u044f 160<br \/>\n2 x H 20 \u043b\u0443\u0447 180<br \/>\n6 x H 20 \u0431\u0430\u043b\u043a\u0430 270<br \/>\n5 x H 20 \u043b\u0443\u0447 290<br \/>\n1 x H 20 \u043b\u0443\u0447 320<br \/>\n38 x H 20-\u043b\u0443\u0447\u0435\u0432\u0430\u044f 330<br \/>\n131 x H 20-\u043b\u0443\u0447\u0435\u0432\u0430\u044f 360<br \/>\n1 x H 20 \u0431\u0430\u043b\u043a\u0430 410<br \/>\n1 x H 20 \u043b\u0443\u0447 435<br \/>\n1 x H 20 \u0431\u0430\u043b\u043a\u0430 425<br \/>\n25 x H 20 \u0431\u0440\u0443\u0441 450<br \/>\n3 x H 20 \u043b\u0443\u0447 470<br \/>\n53 x H 20-\u043b\u0443\u0447\u0435\u0432\u0430\u044f 490<br \/>\n145 x H 20-\u043b\u0443\u0447\u0435\u0432\u043e\u0439 510<br \/>\n21 x H 20-\u043b\u0443\u0447\u0435\u0432\u0430\u044f 590<\/p>\n","protected":false},"featured_media":24744,"template":"","meta":[],"product_brand":[],"product_cat":[363,361],"product_tag":[],"class_list":{"0":"post-24725","1":"product","2":"type-product","3":"status-publish","4":"has-post-thumbnail","6":"product_cat-stuetzen-ru","7":"product_cat-schalungen-ru","9":"first","10":"onbackorder","11":"taxable","12":"shipping-taxable","13":"product-type-simple"},"yoast_head":"<!-- This site is optimized with the Yoast SEO plugin v26.5 - https:\/\/yoast.com\/wordpress\/plugins\/seo\/ -->\n<title>\u0414\u0435\u0440\u0435\u0432\u044f\u043d\u043d\u044b\u0439 \u0431\u0440\u0443\u0441 H20 - JH - ITC GmbH<\/title>\n<meta name=\"description\" content=\"\u0414\u0435\u0440\u0435\u0432\u044f\u043d\u043d\u044b\u0435 \u0431\u0430\u043b\u043a\u0438 H20, \u0431\u0430\u043b\u043a\u0438 H20, \u0431\u0430\u043b\u043a\u0438 \u0434\u043b\u044f \u043e\u043f\u0430\u043b\u0443\u0431\u043a\u0438\" \/>\n<meta name=\"robots\" content=\"noindex, follow, max-snippet:-1, max-image-preview:large, max-video-preview:-1\" \/>\n<meta property=\"og:locale\" content=\"ru_RU\" \/>\n<meta property=\"og:type\" content=\"article\" \/>\n<meta property=\"og:title\" content=\"\u0414\u0435\u0440\u0435\u0432\u044f\u043d\u043d\u044b\u0439 \u0431\u0440\u0443\u0441 H20 - JH - ITC GmbH\" \/>\n<meta property=\"og:description\" content=\"\u0414\u0435\u0440\u0435\u0432\u044f\u043d\u043d\u044b\u0435 \u0431\u0430\u043b\u043a\u0438 H20, \u0431\u0430\u043b\u043a\u0438 H20, \u0431\u0430\u043b\u043a\u0438 \u0434\u043b\u044f \u043e\u043f\u0430\u043b\u0443\u0431\u043a\u0438\" \/>\n<meta property=\"og:url\" content=\"https:\/\/stage.jh-itc.de\/ru\/shop\/schalungen-ru\/%d0%bf%d0%b5%d1%80%d0%b5%d0%b2%d0%be%d0%b7%d1%87%d0%b8%d0%ba-%d0%b4%d1%80%d0%b5%d0%b2%d0%b5%d1%81%d0%b8%d0%bd%d1%8b-h20\/\" \/>\n<meta property=\"og:site_name\" content=\"JH - ITC GmbH\" \/>\n<meta property=\"article:publisher\" content=\"https:\/\/www.facebook.com\/schalungshandel\" \/>\n<meta property=\"article:modified_time\" content=\"2023-02-15T14:54:09+00:00\" \/>\n<meta property=\"og:image\" content=\"https:\/\/stage.jh-itc.de\/wp-content\/uploads\/2016\/08\/5ef15f3c2a01693a2b06b2f8ab84e302.jpg\" \/>\n\t<meta property=\"og:image:width\" content=\"640\" \/>\n\t<meta property=\"og:image:height\" content=\"480\" \/>\n\t<meta property=\"og:image:type\" content=\"image\/jpeg\" \/>\n<meta name=\"twitter:card\" content=\"summary_large_image\" \/>\n<meta name=\"twitter:site\" content=\"@JH_ITC\" \/>\n<!-- \/ Yoast SEO plugin. -->","yoast_head_json":{"title":"\u0414\u0435\u0440\u0435\u0432\u044f\u043d\u043d\u044b\u0439 \u0431\u0440\u0443\u0441 H20 - JH - ITC GmbH","description":"\u0414\u0435\u0440\u0435\u0432\u044f\u043d\u043d\u044b\u0435 \u0431\u0430\u043b\u043a\u0438 H20, \u0431\u0430\u043b\u043a\u0438 H20, \u0431\u0430\u043b\u043a\u0438 \u0434\u043b\u044f \u043e\u043f\u0430\u043b\u0443\u0431\u043a\u0438","robots":{"index":"noindex","follow":"follow","max-snippet":"max-snippet:-1","max-image-preview":"max-image-preview:large","max-video-preview":"max-video-preview:-1"},"og_locale":"ru_RU","og_type":"article","og_title":"\u0414\u0435\u0440\u0435\u0432\u044f\u043d\u043d\u044b\u0439 \u0431\u0440\u0443\u0441 H20 - JH - ITC GmbH","og_description":"\u0414\u0435\u0440\u0435\u0432\u044f\u043d\u043d\u044b\u0435 \u0431\u0430\u043b\u043a\u0438 H20, \u0431\u0430\u043b\u043a\u0438 H20, \u0431\u0430\u043b\u043a\u0438 \u0434\u043b\u044f \u043e\u043f\u0430\u043b\u0443\u0431\u043a\u0438","og_url":"https:\/\/stage.jh-itc.de\/ru\/shop\/schalungen-ru\/%d0%bf%d0%b5%d1%80%d0%b5%d0%b2%d0%be%d0%b7%d1%87%d0%b8%d0%ba-%d0%b4%d1%80%d0%b5%d0%b2%d0%b5%d1%81%d0%b8%d0%bd%d1%8b-h20\/","og_site_name":"JH - ITC GmbH","article_publisher":"https:\/\/www.facebook.com\/schalungshandel","article_modified_time":"2023-02-15T14:54:09+00:00","og_image":[{"width":640,"height":480,"url":"https:\/\/stage.jh-itc.de\/wp-content\/uploads\/2016\/08\/5ef15f3c2a01693a2b06b2f8ab84e302.jpg","type":"image\/jpeg"}],"twitter_card":"summary_large_image","twitter_site":"@JH_ITC","schema":{"@context":"https:\/\/schema.org","@graph":[{"@type":"WebPage","@id":"https:\/\/stage.jh-itc.de\/ru\/shop\/schalungen-ru\/%d0%bf%d0%b5%d1%80%d0%b5%d0%b2%d0%be%d0%b7%d1%87%d0%b8%d0%ba-%d0%b4%d1%80%d0%b5%d0%b2%d0%b5%d1%81%d0%b8%d0%bd%d1%8b-h20\/","url":"https:\/\/stage.jh-itc.de\/ru\/shop\/schalungen-ru\/%d0%bf%d0%b5%d1%80%d0%b5%d0%b2%d0%be%d0%b7%d1%87%d0%b8%d0%ba-%d0%b4%d1%80%d0%b5%d0%b2%d0%b5%d1%81%d0%b8%d0%bd%d1%8b-h20\/","name":"\u0414\u0435\u0440\u0435\u0432\u044f\u043d\u043d\u044b\u0439 \u0431\u0440\u0443\u0441 H20 - JH - ITC GmbH","isPartOf":{"@id":"https:\/\/stage.jh-itc.de\/ru\/#website"},"primaryImageOfPage":{"@id":"https:\/\/stage.jh-itc.de\/ru\/shop\/schalungen-ru\/%d0%bf%d0%b5%d1%80%d0%b5%d0%b2%d0%be%d0%b7%d1%87%d0%b8%d0%ba-%d0%b4%d1%80%d0%b5%d0%b2%d0%b5%d1%81%d0%b8%d0%bd%d1%8b-h20\/#primaryimage"},"image":{"@id":"https:\/\/stage.jh-itc.de\/ru\/shop\/schalungen-ru\/%d0%bf%d0%b5%d1%80%d0%b5%d0%b2%d0%be%d0%b7%d1%87%d0%b8%d0%ba-%d0%b4%d1%80%d0%b5%d0%b2%d0%b5%d1%81%d0%b8%d0%bd%d1%8b-h20\/#primaryimage"},"thumbnailUrl":"https:\/\/stage.jh-itc.de\/wp-content\/uploads\/2016\/08\/5ef15f3c2a01693a2b06b2f8ab84e302.jpg","datePublished":"2021-07-16T16:34:53+00:00","dateModified":"2023-02-15T14:54:09+00:00","description":"\u0414\u0435\u0440\u0435\u0432\u044f\u043d\u043d\u044b\u0435 \u0431\u0430\u043b\u043a\u0438 H20, \u0431\u0430\u043b\u043a\u0438 H20, \u0431\u0430\u043b\u043a\u0438 \u0434\u043b\u044f \u043e\u043f\u0430\u043b\u0443\u0431\u043a\u0438","breadcrumb":{"@id":"https:\/\/stage.jh-itc.de\/ru\/shop\/schalungen-ru\/%d0%bf%d0%b5%d1%80%d0%b5%d0%b2%d0%be%d0%b7%d1%87%d0%b8%d0%ba-%d0%b4%d1%80%d0%b5%d0%b2%d0%b5%d1%81%d0%b8%d0%bd%d1%8b-h20\/#breadcrumb"},"inLanguage":"ru-RU","potentialAction":[{"@type":"ReadAction","target":["https:\/\/stage.jh-itc.de\/ru\/shop\/schalungen-ru\/%d0%bf%d0%b5%d1%80%d0%b5%d0%b2%d0%be%d0%b7%d1%87%d0%b8%d0%ba-%d0%b4%d1%80%d0%b5%d0%b2%d0%b5%d1%81%d0%b8%d0%bd%d1%8b-h20\/"]}]},{"@type":"ImageObject","inLanguage":"ru-RU","@id":"https:\/\/stage.jh-itc.de\/ru\/shop\/schalungen-ru\/%d0%bf%d0%b5%d1%80%d0%b5%d0%b2%d0%be%d0%b7%d1%87%d0%b8%d0%ba-%d0%b4%d1%80%d0%b5%d0%b2%d0%b5%d1%81%d0%b8%d0%bd%d1%8b-h20\/#primaryimage","url":"https:\/\/stage.jh-itc.de\/wp-content\/uploads\/2016\/08\/5ef15f3c2a01693a2b06b2f8ab84e302.jpg","contentUrl":"https:\/\/stage.jh-itc.de\/wp-content\/uploads\/2016\/08\/5ef15f3c2a01693a2b06b2f8ab84e302.jpg","width":640,"height":480},{"@type":"BreadcrumbList","@id":"https:\/\/stage.jh-itc.de\/ru\/shop\/schalungen-ru\/%d0%bf%d0%b5%d1%80%d0%b5%d0%b2%d0%be%d0%b7%d1%87%d0%b8%d0%ba-%d0%b4%d1%80%d0%b5%d0%b2%d0%b5%d1%81%d0%b8%d0%bd%d1%8b-h20\/#breadcrumb","itemListElement":[{"@type":"ListItem","position":1,"name":"Home","item":"https:\/\/stage.jh-itc.de\/ru\/%d0%be%d0%bf%d0%b0%d0%bb%d1%83%d0%b1%d0%ba%d0%b0-%d1%81%d1%82%d0%be%d0%b9%d0%ba%d0%b8-%d0%b8-%d1%81%d1%82%d1%80%d0%be%d0%b8%d1%82%d0%b5%d0%bb%d1%8c%d0%bd%d1%8b%d0%b5-%d0%bb%d0%b5%d1%81%d0%b0-%d0%be\/"},{"@type":"ListItem","position":2,"name":"\u041c\u0430\u0433\u0430\u0437\u0438\u043d","item":"https:\/\/stage.jh-itc.de\/ru\/%d0%bc%d0%b0%d0%b3%d0%b0%d0%b7%d0%b8%d0%bd\/"},{"@type":"ListItem","position":3,"name":"\u0414\u0435\u0440\u0435\u0432\u044f\u043d\u043d\u044b\u0439 \u0431\u0440\u0443\u0441 H20"}]},{"@type":"WebSite","@id":"https:\/\/stage.jh-itc.de\/ru\/#website","url":"https:\/\/stage.jh-itc.de\/ru\/","name":"JH - ITC GmbH","description":"Ihr Experte f\u00fcr gebrauchte St\u00fctzen, Schalungen und Ger\u00fcste","publisher":{"@id":"https:\/\/stage.jh-itc.de\/ru\/#organization"},"potentialAction":[{"@type":"SearchAction","target":{"@type":"EntryPoint","urlTemplate":"https:\/\/stage.jh-itc.de\/ru\/?s={search_term_string}"},"query-input":{"@type":"PropertyValueSpecification","valueRequired":true,"valueName":"search_term_string"}}],"inLanguage":"ru-RU"},{"@type":"Organization","@id":"https:\/\/stage.jh-itc.de\/ru\/#organization","name":"JH-ITC GmbH","url":"https:\/\/stage.jh-itc.de\/ru\/","logo":{"@type":"ImageObject","inLanguage":"ru-RU","@id":"https:\/\/stage.jh-itc.de\/ru\/#\/schema\/logo\/image\/","url":"https:\/\/stage.jh-itc.de\/wp-content\/uploads\/2016\/01\/JH-ITC2-1.png","contentUrl":"https:\/\/stage.jh-itc.de\/wp-content\/uploads\/2016\/01\/JH-ITC2-1.png","width":300,"height":102,"caption":"JH-ITC GmbH"},"image":{"@id":"https:\/\/stage.jh-itc.de\/ru\/#\/schema\/logo\/image\/"},"sameAs":["https:\/\/www.facebook.com\/schalungshandel","https:\/\/x.com\/JH_ITC","https:\/\/www.linkedin.com\/in\/jhitc","https:\/\/youtu.be\/rMdZ-FLfI-Y"]}]}},"_links":{"self":[{"href":"https:\/\/stage.jh-itc.de\/ru\/wp-json\/wp\/v2\/product\/24725","targetHints":{"allow":["GET"]}}],"collection":[{"href":"https:\/\/stage.jh-itc.de\/ru\/wp-json\/wp\/v2\/product"}],"about":[{"href":"https:\/\/stage.jh-itc.de\/ru\/wp-json\/wp\/v2\/types\/product"}],"wp:featuredmedia":[{"embeddable":true,"href":"https:\/\/stage.jh-itc.de\/ru\/wp-json\/wp\/v2\/media\/24744"}],"wp:attachment":[{"href":"https:\/\/stage.jh-itc.de\/ru\/wp-json\/wp\/v2\/media?parent=24725"}],"wp:term":[{"taxonomy":"product_brand","embeddable":true,"href":"https:\/\/stage.jh-itc.de\/ru\/wp-json\/wp\/v2\/product_brand?post=24725"},{"taxonomy":"product_cat","embeddable":true,"href":"https:\/\/stage.jh-itc.de\/ru\/wp-json\/wp\/v2\/product_cat?post=24725"},{"taxonomy":"product_tag","embeddable":true,"href":"https:\/\/stage.jh-itc.de\/ru\/wp-json\/wp\/v2\/product_tag?post=24725"}],"curies":[{"name":"wp","href":"https:\/\/api.w.org\/{rel}","templated":true}]}}