{"id":24400,"date":"2020-12-02T08:43:28","date_gmt":"2021-07-16T16:34:41","guid":{"rendered":"https:\/\/www.jh-itc.de\/shop\/uncategorized\/layher-speedyscaf\/"},"modified":"2024-10-08T13:34:21","modified_gmt":"2024-10-08T11:34:21","slug":"layher-flitz-geruest","status":"publish","type":"product","link":"https:\/\/stage.jh-itc.de\/ru\/shop\/gerueste-ru\/layher-ru\/layher-flitz-geruest\/","title":{"rendered":"Layher SpeedyScaf"},"content":{"rendered":"","protected":false},"excerpt":{"rendered":"<p>\u041c\u044b \u043f\u0440\u0435\u0434\u043b\u0430\u0433\u0430\u0435\u043c \u043c\u043d\u043e\u0433\u043e \u0431\u044b\u0432\u0448\u0435\u0433\u043e \u0432 \u0443\u043f\u043e\u0442\u0440\u0435\u0431\u043b\u0435\u043d\u0438\u0438 \u043c\u0430\u0442\u0435\u0440\u0438\u0430\u043b\u0430 Layher SpeedyScaf.<\/p>\n<table style=\"width: 61.5784%; height: 1054px;\" width=\"778\">\n<tbody>\n<tr>\n<td style=\"width: 13.8518%;\" width=\"81\">\u041d\u043e\u043c\u0435\u0440 \u0441\u0442\u0430\u0442\u044c\u0438<\/td>\n<td style=\"width: 40.3402%;\" width=\"359\">\u041e\u043f\u0438\u0441\u0430\u043d\u0438\u0435 \u0441\u0442\u0430\u0442\u044c\u0438<\/td>\n<td style=\"width: 6.68287%;\" width=\"51\">\u041a\u043e\u043b\u0438\u0447\u0435\u0441\u0442\u0432\u043e<\/td>\n<td style=\"width: 10.2066%;\" width=\"82\">\u041f\u0435\u0440\u0432\u043e\u043d\u0430\u0447\u0430\u043b\u044c\u043d\u0430\u044f \u0446\u0435\u043d\u0430<\/td>\n<td style=\"width: 14.9453%;\" width=\"93\">\u041e\u0431\u0449\u0430\u044f \u0446\u0435\u043d\u0430<\/td>\n<td style=\"width: 3.40219%;\" width=\"51\">\u043a\u0433<\/td>\n<td style=\"width: 8.38396%;\" width=\"61\">\u0412\u0441\u0435\u0433\u043e \u043a\u0433<\/td>\n<\/tr>\n<tr>\n<td style=\"width: 13.8518%;\">1700200<\/td>\n<td style=\"width: 40.3402%;\">EuroBlitz \u0441\u0442\u0430\u043d\u0434\u0430\u0440\u0442\u043d\u0430\u044f \u0441\u0442\u0430\u043b\u044c\u043d\u0430\u044f \u0440\u0430\u043c\u0430 2,00 x 0,73 \u043c, 2 \u044f\u0449\u0438\u043a\u0430 \u0434\u043b\u044f \u043f\u0435\u0440\u0438\u043b<\/td>\n<td style=\"width: 6.68287%;\">102<\/td>\n<td style=\"width: 10.2066%;\">61,90 EUR<\/td>\n<td style=\"width: 14.9453%;\">6,313.80 \u0415\u0412\u0420\u041e<\/td>\n<td style=\"width: 3.40219%;\">18,80<\/td>\n<td style=\"width: 8.38396%;\">1.917,60<\/td>\n<\/tr>\n<tr>\n<td style=\"width: 13.8518%;\">1700066<\/td>\n<td style=\"width: 40.3402%;\">\u0411\u0430\u043b\u0430\u043d\u0441\u0438\u0440\u043e\u0432\u043e\u0447\u043d\u0430\u044f \u0440\u0430\u043c\u0430 EuroBlitz \u0441\u0442\u0430\u043b\u044c\u043d\u0430\u044f 0,66 x 0,73 \u043c<\/td>\n<td style=\"width: 6.68287%;\">1<\/td>\n<td style=\"width: 10.2066%;\">54,80 EUR<\/td>\n<td style=\"width: 14.9453%;\">54,80 EUR<\/td>\n<td style=\"width: 3.40219%;\">9,30<\/td>\n<td style=\"width: 8.38396%;\">9,30<\/td>\n<\/tr>\n<tr>\n<td style=\"width: 13.8518%;\">1700101<\/td>\n<td style=\"width: 40.3402%;\">\u0411\u0430\u043b\u0430\u043d\u0441\u0438\u0440\u043e\u0432\u043e\u0447\u043d\u0430\u044f \u0440\u0430\u043c\u0430 EuroBlitz \u0441\u0442\u0430\u043b\u044c\u043d\u0430\u044f 1,00 x 0,73 \u043c<\/td>\n<td style=\"width: 6.68287%;\">1<\/td>\n<td style=\"width: 10.2066%;\">59,90 EUR<\/td>\n<td style=\"width: 14.9453%;\">59,90 EUR<\/td>\n<td style=\"width: 3.40219%;\">11,90<\/td>\n<td style=\"width: 8.38396%;\">11,90<\/td>\n<\/tr>\n<tr>\n<td style=\"width: 13.8518%;\">3812307<\/td>\n<td style=\"width: 40.3402%;\">\u041f-\u043e\u0431\u0440\u0430\u0437\u043d\u044b\u0439 \u0441\u0442\u0430\u043b\u044c\u043d\u043e\u0439 \u043f\u043e\u043b T4, 3,07 x 0,32 \u043c<\/td>\n<td style=\"width: 6.68287%;\">61<\/td>\n<td style=\"width: 10.2066%;\">69,20 EUR<\/td>\n<td style=\"width: 14.9453%;\">4,221.20 \u0415\u0412\u0420\u041e<\/td>\n<td style=\"width: 3.40219%;\">21,50<\/td>\n<td style=\"width: 8.38396%;\">1.311,50<\/td>\n<\/tr>\n<tr>\n<td style=\"width: 13.8518%;\">3835307<\/td>\n<td style=\"width: 40.3402%;\">\u041f-\u043e\u0431\u0440\u0430\u0437\u043d\u044b\u0439 \u043f\u0440\u043e\u0447\u043d\u044b\u0439 \u043f\u043e\u043b 3,07 x 0,61 \u043c<\/td>\n<td style=\"width: 6.68287%;\">15<\/td>\n<td style=\"width: 10.2066%;\">155,90 EUR<\/td>\n<td style=\"width: 14.9453%;\">2 338,50 \u0415\u0412\u0420\u041e<\/td>\n<td style=\"width: 3.40219%;\">24,20<\/td>\n<td style=\"width: 8.38396%;\">363,00<\/td>\n<\/tr>\n<tr>\n<td style=\"width: 13.8518%;\">1725307<\/td>\n<td style=\"width: 40.3402%;\">\u041f\u0435\u0440\u0438\u043b\u0430 \u0441\u0442\u0430\u043b\u044c\u043d\u044b\u0435 3,07\u043c<\/td>\n<td style=\"width: 6.68287%;\">31<\/td>\n<td style=\"width: 10.2066%;\">17,20 EUR<\/td>\n<td style=\"width: 14.9453%;\">533.20 \u0415\u0412\u0420\u041e<\/td>\n<td style=\"width: 3.40219%;\">5,60<\/td>\n<td style=\"width: 8.38396%;\">173,60<\/td>\n<\/tr>\n<tr>\n<td style=\"width: 13.8518%;\">1728307<\/td>\n<td style=\"width: 40.3402%;\">\u0414\u0432\u043e\u0439\u043d\u044b\u0435 \u043f\u0435\u0440\u0438\u043b\u0430 \u0438\u0437 \u0441\u0442\u0430\u043b\u0438 3,07 x 0,50 \u043c<\/td>\n<td style=\"width: 6.68287%;\">37<\/td>\n<td style=\"width: 10.2066%;\">46.30 \u0415\u0412\u0420\u041e<\/td>\n<td style=\"width: 14.9453%;\">1 713,10 \u0415\u0412\u0420\u041e<\/td>\n<td style=\"width: 3.40219%;\">14,10<\/td>\n<td style=\"width: 8.38396%;\">521,70<\/td>\n<\/tr>\n<tr>\n<td style=\"width: 13.8518%;\">1725073<\/td>\n<td style=\"width: 40.3402%;\">\u0422\u043e\u0440\u0446\u0435\u0432\u044b\u0435 \u043f\u0435\u0440\u0438\u043b\u0430 0,73 \u043c<\/td>\n<td style=\"width: 6.68287%;\">9<\/td>\n<td style=\"width: 10.2066%;\">18,40 EUR<\/td>\n<td style=\"width: 14.9453%;\">165.60 \u0415\u0412\u0420\u041e<\/td>\n<td style=\"width: 3.40219%;\">2,20<\/td>\n<td style=\"width: 8.38396%;\">19,80<\/td>\n<\/tr>\n<tr>\n<td style=\"width: 13.8518%;\">1728722<\/td>\n<td style=\"width: 40.3402%;\">\u041f\u0435\u0440\u0438\u043b\u0430 \u0441 \u0434\u0432\u043e\u0439\u043d\u044b\u043c \u043a\u043e\u043d\u0446\u043e\u043c SW22 0,73\u043c<\/td>\n<td style=\"width: 6.68287%;\">3<\/td>\n<td style=\"width: 10.2066%;\">27,90 EUR<\/td>\n<td style=\"width: 14.9453%;\">83.70 \u0415\u0412\u0420\u041e<\/td>\n<td style=\"width: 3.40219%;\">4,40<\/td>\n<td style=\"width: 8.38396%;\">13,20<\/td>\n<\/tr>\n<tr>\n<td style=\"width: 13.8518%;\">1757307<\/td>\n<td style=\"width: 40.3402%;\">\u041f\u0430\u043b\u044c\u0446\u0435\u0432\u0430\u044f \u0434\u043e\u0441\u043a\u0430 \u0434\u043b\u044f \u0434\u043b\u0438\u043d\u043d\u043e\u0439 \u0441\u0442\u043e\u0440\u043e\u043d\u044b 3,07 x 0,15 \u043c<\/td>\n<td style=\"width: 6.68287%;\">51<\/td>\n<td style=\"width: 10.2066%;\">16,90 EUR<\/td>\n<td style=\"width: 14.9453%;\">861.90 \u0415\u0412\u0420\u041e<\/td>\n<td style=\"width: 3.40219%;\">6,80<\/td>\n<td style=\"width: 8.38396%;\">346,80<\/td>\n<\/tr>\n<tr>\n<td style=\"width: 13.8518%;\">1736307<\/td>\n<td style=\"width: 40.3402%;\">\u0414\u0438\u0430\u0433\u043e\u043d\u0430\u043b\u044c \u0441 \u043a\u043b\u0438\u043d\u043e\u0432\u043e\u0439 \u043f\u043e\u043b\u0443\u043c\u0443\u0444\u0442\u043e\u0439 3,07\/2,00\u043c<\/td>\n<td style=\"width: 6.68287%;\">21<\/td>\n<td style=\"width: 10.2066%;\">31,80 EUR<\/td>\n<td style=\"width: 14.9453%;\">667.80 \u0415\u0412\u0420\u041e<\/td>\n<td style=\"width: 3.40219%;\">8,30<\/td>\n<td style=\"width: 8.38396%;\">174,30<\/td>\n<\/tr>\n<tr>\n<td style=\"width: 13.8518%;\">1755069<\/td>\n<td style=\"width: 40.3402%;\">\u042f\u043a\u043e\u0440\u044c \u043c\u043e\u043b\u043d\u0438\u0438<\/td>\n<td style=\"width: 6.68287%;\">1<\/td>\n<td style=\"width: 10.2066%;\">12,40 EUR<\/td>\n<td style=\"width: 14.9453%;\">12,40 EUR<\/td>\n<td style=\"width: 3.40219%;\">2,80<\/td>\n<td style=\"width: 8.38396%;\">2,80<\/td>\n<\/tr>\n<tr>\n<td style=\"width: 13.8518%;\">1719073<\/td>\n<td style=\"width: 40.3402%;\">EuroBlitz \u041e\u043f\u043e\u0440\u0430 \u0434\u043b\u044f \u043f\u0435\u0440\u0438\u043b 0,73 \u043c \u0441\u0442\u0430\u043b\u044c<\/td>\n<td style=\"width: 6.68287%;\">23<\/td>\n<td style=\"width: 10.2066%;\">35,50 EUR<\/td>\n<td style=\"width: 14.9453%;\">816.50 \u0415\u0412\u0420\u041e<\/td>\n<td style=\"width: 3.40219%;\">6,50<\/td>\n<td style=\"width: 8.38396%;\">149,50<\/td>\n<\/tr>\n<tr>\n<td style=\"width: 13.8518%;\"><\/td>\n<td style=\"width: 40.3402%;\">\u0428\u0442\u0430\u0431\u0435\u043b\u044c\u043d\u044b\u0435 \u0441\u0442\u0435\u043b\u043b\u0430\u0436\u0438 \u0440\u0430\u0441\u0448\u0430\u0442\u0430\u043d\u044b<\/td>\n<td style=\"width: 6.68287%;\">16<\/td>\n<td style=\"width: 10.2066%;\">250,00 EUR<\/td>\n<td style=\"width: 14.9453%;\">4 000,00 \u0415\u0412\u0420\u041e<\/td>\n<td style=\"width: 3.40219%;\">65,00<\/td>\n<td style=\"width: 8.38396%;\">1.040,00<\/td>\n<\/tr>\n<tr>\n<td style=\"width: 13.8518%;\"><\/td>\n<td style=\"width: 40.3402%;\"><\/td>\n<td style=\"width: 6.68287%;\"><\/td>\n<td style=\"width: 10.2066%;\"><\/td>\n<td style=\"width: 14.9453%;\"><\/td>\n<td style=\"width: 3.40219%;\"><\/td>\n<td style=\"width: 8.38396%;\"><\/td>\n<\/tr>\n<tr>\n<td style=\"width: 13.8518%;\"><\/td>\n<td style=\"width: 40.3402%;\">\u041f\u0435\u0440\u0432\u043e\u043d\u0430\u0447\u0430\u043b\u044c\u043d\u0430\u044f \u0446\u0435\u043d\u0430<\/td>\n<td style=\"width: 6.68287%;\"><\/td>\n<td style=\"width: 10.2066%;\"><\/td>\n<td style=\"width: 14.9453%;\">21 842,40 \u0415\u0412\u0420\u041e<\/td>\n<td style=\"width: 3.40219%;\"><\/td>\n<td style=\"width: 8.38396%;\"><\/td>\n<\/tr>\n<tr>\n<td style=\"width: 13.8518%;\"><\/td>\n<td style=\"width: 40.3402%;\">\u0421\u043a\u0438\u0434\u043a\u0430 \u0432 %<\/td>\n<td style=\"width: 6.68287%;\">65<\/td>\n<td style=\"width: 10.2066%;\"><\/td>\n<td style=\"width: 14.9453%;\">14 197,56 \u0415\u0412\u0420\u041e<\/td>\n<td style=\"width: 3.40219%;\"><\/td>\n<td style=\"width: 8.38396%;\"><\/td>\n<\/tr>\n<tr>\n<td style=\"width: 13.8518%;\"><\/td>\n<td style=\"width: 40.3402%;\"><\/td>\n<td style=\"width: 6.68287%;\"><\/td>\n<td style=\"width: 10.2066%;\"><\/td>\n<td style=\"width: 14.9453%;\"><\/td>\n<td style=\"width: 3.40219%;\"><\/td>\n<td style=\"width: 8.38396%;\"><\/td>\n<\/tr>\n<tr>\n<td style=\"width: 13.8518%;\"><\/td>\n<td style=\"width: 40.3402%;\">\u0427\u0438\u0441\u0442\u0430\u044f \u0446\u0435\u043d\u0430 \u043f\u0440\u043e\u0434\u0430\u0436\u0438:<\/td>\n<td style=\"width: 6.68287%;\"><\/td>\n<td style=\"width: 10.2066%;\"><\/td>\n<td style=\"width: 14.9453%;\">7 644,84 \u0415\u0412\u0420\u041e<\/td>\n<td style=\"width: 3.40219%;\"><\/td>\n<td style=\"width: 8.38396%;\">6.055,00<\/td>\n<\/tr>\n<tr>\n<td style=\"width: 13.8518%;\"><\/td>\n<td style=\"width: 40.3402%;\">16 % \u041d\u0414\u0421<\/td>\n<td style=\"width: 6.68287%;\"><\/td>\n<td style=\"width: 10.2066%;\"><\/td>\n<td style=\"width: 14.9453%;\">4 586,90 \u0415\u0412\u0420\u041e<\/td>\n<td style=\"width: 3.40219%;\"><\/td>\n<td style=\"width: 8.38396%;\"><\/td>\n<\/tr>\n<tr>\n<td style=\"width: 13.8518%;\"><\/td>\n<td style=\"width: 40.3402%;\">\u041f\u0440\u043e\u0434\u0430\u0436\u043d\u0430\u044f \u0446\u0435\u043d\u0430 \u0431\u0440\u0443\u0442\u0442\u043e:<\/td>\n<td style=\"width: 6.68287%;\"><\/td>\n<td style=\"width: 10.2066%;\"><\/td>\n<td style=\"width: 14.9453%;\">12 231,74 \u0415\u0412\u0420\u041e<\/td>\n<td style=\"width: 3.40219%;\"><\/td>\n<td style=\"width: 8.38396%;\"><\/td>\n<\/tr>\n<\/tbody>\n<\/table>\n<p>\u0415\u0441\u043b\u0438 \u0432\u044b \u0437\u0430\u0438\u043d\u0442\u0435\u0440\u0435\u0441\u043e\u0432\u0430\u043d\u044b, \u043f\u043e\u0436\u0430\u043b\u0443\u0439\u0441\u0442\u0430, \u043e\u0442\u043f\u0440\u0430\u0432\u044c\u0442\u0435 \u043d\u0430\u043c \u0432\u0430\u0448 \u0437\u0430\u043f\u0440\u043e\u0441.<\/p>\n","protected":false},"featured_media":24402,"template":"","meta":[],"product_brand":[],"product_cat":[330,329],"product_tag":[],"class_list":{"0":"post-24400","1":"product","2":"type-product","3":"status-publish","4":"has-post-thumbnail","6":"product_cat-layher-ru","7":"product_cat-gerueste-ru","9":"first","10":"outofstock","11":"taxable","12":"shipping-taxable","13":"product-type-simple"},"yoast_head":"<!-- This site is optimized with the Yoast SEO plugin v26.5 - https:\/\/yoast.com\/wordpress\/plugins\/seo\/ -->\n<title>Layher SpeedyScaf - JH - ITC GmbH<\/title>\n<meta name=\"description\" content=\"Layher SpeedyScaf. \u0418\u0437\u0432\u0435\u0441\u0442\u043d\u044b\u0435 \u043f\u0440\u043e\u0438\u0437\u0432\u043e\u0434\u0438\u0442\u0435\u043b\u0438 \u2714 \u041d\u043e\u0432\u0430\u044f \u0438 \u0431\/\u0443 \u043e\u043f\u0430\u043b\u0443\u0431\u043a\u0430, \u043e\u043f\u043e\u0440\u044b, \u043b\u0435\u0441\u0430 \u0438 \u0441\u0442\u0440\u043e\u0438\u0442\u0435\u043b\u044c\u043d\u044b\u0435 \u043c\u0430\u0448\u0438\u043d\u044b \u2714 \u0417\u0430\u043f\u0440\u043e\u0441\u0438\u0442\u0435 \u043f\u0440\u0435\u0434\u043b\u043e\u0436\u0435\u043d\u0438\u0435 \u0441\u0435\u0439\u0447\u0430\u0441!\" \/>\n<meta name=\"robots\" content=\"noindex, follow, max-snippet:-1, max-image-preview:large, max-video-preview:-1\" \/>\n<meta property=\"og:locale\" content=\"ru_RU\" \/>\n<meta property=\"og:type\" content=\"article\" \/>\n<meta property=\"og:title\" content=\"Layher SpeedyScaf - JH - ITC GmbH\" \/>\n<meta property=\"og:description\" content=\"Layher SpeedyScaf. \u0418\u0437\u0432\u0435\u0441\u0442\u043d\u044b\u0435 \u043f\u0440\u043e\u0438\u0437\u0432\u043e\u0434\u0438\u0442\u0435\u043b\u0438 \u2714 \u041d\u043e\u0432\u0430\u044f \u0438 \u0431\/\u0443 \u043e\u043f\u0430\u043b\u0443\u0431\u043a\u0430, \u043e\u043f\u043e\u0440\u044b, \u043b\u0435\u0441\u0430 \u0438 \u0441\u0442\u0440\u043e\u0438\u0442\u0435\u043b\u044c\u043d\u044b\u0435 \u043c\u0430\u0448\u0438\u043d\u044b \u2714 \u0417\u0430\u043f\u0440\u043e\u0441\u0438\u0442\u0435 \u043f\u0440\u0435\u0434\u043b\u043e\u0436\u0435\u043d\u0438\u0435 \u0441\u0435\u0439\u0447\u0430\u0441!\" \/>\n<meta property=\"og:url\" content=\"https:\/\/stage.jh-itc.de\/ru\/shop\/gerueste-ru\/layher-ru\/layher-flitz-geruest\/\" \/>\n<meta property=\"og:site_name\" content=\"JH - ITC GmbH\" \/>\n<meta property=\"article:publisher\" content=\"https:\/\/www.facebook.com\/schalungshandel\" \/>\n<meta property=\"article:modified_time\" content=\"2024-10-08T11:34:21+00:00\" \/>\n<meta property=\"og:image\" content=\"https:\/\/stage.jh-itc.de\/wp-content\/uploads\/2020\/12\/Layher-Blittz-Geruest-1-rotated.jpeg\" \/>\n\t<meta property=\"og:image:width\" content=\"768\" \/>\n\t<meta property=\"og:image:height\" content=\"1024\" \/>\n\t<meta property=\"og:image:type\" content=\"image\/jpeg\" \/>\n<meta name=\"twitter:card\" content=\"summary_large_image\" \/>\n<meta name=\"twitter:site\" content=\"@JH_ITC\" \/>\n<!-- \/ Yoast SEO plugin. -->","yoast_head_json":{"title":"Layher SpeedyScaf - JH - ITC GmbH","description":"Layher SpeedyScaf. \u0418\u0437\u0432\u0435\u0441\u0442\u043d\u044b\u0435 \u043f\u0440\u043e\u0438\u0437\u0432\u043e\u0434\u0438\u0442\u0435\u043b\u0438 \u2714 \u041d\u043e\u0432\u0430\u044f \u0438 \u0431\/\u0443 \u043e\u043f\u0430\u043b\u0443\u0431\u043a\u0430, \u043e\u043f\u043e\u0440\u044b, \u043b\u0435\u0441\u0430 \u0438 \u0441\u0442\u0440\u043e\u0438\u0442\u0435\u043b\u044c\u043d\u044b\u0435 \u043c\u0430\u0448\u0438\u043d\u044b \u2714 \u0417\u0430\u043f\u0440\u043e\u0441\u0438\u0442\u0435 \u043f\u0440\u0435\u0434\u043b\u043e\u0436\u0435\u043d\u0438\u0435 \u0441\u0435\u0439\u0447\u0430\u0441!","robots":{"index":"noindex","follow":"follow","max-snippet":"max-snippet:-1","max-image-preview":"max-image-preview:large","max-video-preview":"max-video-preview:-1"},"og_locale":"ru_RU","og_type":"article","og_title":"Layher SpeedyScaf - JH - ITC GmbH","og_description":"Layher SpeedyScaf. \u0418\u0437\u0432\u0435\u0441\u0442\u043d\u044b\u0435 \u043f\u0440\u043e\u0438\u0437\u0432\u043e\u0434\u0438\u0442\u0435\u043b\u0438 \u2714 \u041d\u043e\u0432\u0430\u044f \u0438 \u0431\/\u0443 \u043e\u043f\u0430\u043b\u0443\u0431\u043a\u0430, \u043e\u043f\u043e\u0440\u044b, \u043b\u0435\u0441\u0430 \u0438 \u0441\u0442\u0440\u043e\u0438\u0442\u0435\u043b\u044c\u043d\u044b\u0435 \u043c\u0430\u0448\u0438\u043d\u044b \u2714 \u0417\u0430\u043f\u0440\u043e\u0441\u0438\u0442\u0435 \u043f\u0440\u0435\u0434\u043b\u043e\u0436\u0435\u043d\u0438\u0435 \u0441\u0435\u0439\u0447\u0430\u0441!","og_url":"https:\/\/stage.jh-itc.de\/ru\/shop\/gerueste-ru\/layher-ru\/layher-flitz-geruest\/","og_site_name":"JH - ITC GmbH","article_publisher":"https:\/\/www.facebook.com\/schalungshandel","article_modified_time":"2024-10-08T11:34:21+00:00","og_image":[{"width":768,"height":1024,"url":"https:\/\/stage.jh-itc.de\/wp-content\/uploads\/2020\/12\/Layher-Blittz-Geruest-1-rotated.jpeg","type":"image\/jpeg"}],"twitter_card":"summary_large_image","twitter_site":"@JH_ITC","schema":{"@context":"https:\/\/schema.org","@graph":[{"@type":"WebPage","@id":"https:\/\/stage.jh-itc.de\/ru\/shop\/gerueste-ru\/layher-ru\/layher-flitz-geruest\/","url":"https:\/\/stage.jh-itc.de\/ru\/shop\/gerueste-ru\/layher-ru\/layher-flitz-geruest\/","name":"Layher SpeedyScaf - JH - ITC GmbH","isPartOf":{"@id":"https:\/\/stage.jh-itc.de\/ru\/#website"},"primaryImageOfPage":{"@id":"https:\/\/stage.jh-itc.de\/ru\/shop\/gerueste-ru\/layher-ru\/layher-flitz-geruest\/#primaryimage"},"image":{"@id":"https:\/\/stage.jh-itc.de\/ru\/shop\/gerueste-ru\/layher-ru\/layher-flitz-geruest\/#primaryimage"},"thumbnailUrl":"https:\/\/stage.jh-itc.de\/wp-content\/uploads\/2020\/12\/Layher-Blittz-Geruest-1-rotated.jpeg","datePublished":"2021-07-16T16:34:41+00:00","dateModified":"2024-10-08T11:34:21+00:00","description":"Layher SpeedyScaf. \u0418\u0437\u0432\u0435\u0441\u0442\u043d\u044b\u0435 \u043f\u0440\u043e\u0438\u0437\u0432\u043e\u0434\u0438\u0442\u0435\u043b\u0438 \u2714 \u041d\u043e\u0432\u0430\u044f \u0438 \u0431\/\u0443 \u043e\u043f\u0430\u043b\u0443\u0431\u043a\u0430, \u043e\u043f\u043e\u0440\u044b, \u043b\u0435\u0441\u0430 \u0438 \u0441\u0442\u0440\u043e\u0438\u0442\u0435\u043b\u044c\u043d\u044b\u0435 \u043c\u0430\u0448\u0438\u043d\u044b \u2714 \u0417\u0430\u043f\u0440\u043e\u0441\u0438\u0442\u0435 \u043f\u0440\u0435\u0434\u043b\u043e\u0436\u0435\u043d\u0438\u0435 \u0441\u0435\u0439\u0447\u0430\u0441!","breadcrumb":{"@id":"https:\/\/stage.jh-itc.de\/ru\/shop\/gerueste-ru\/layher-ru\/layher-flitz-geruest\/#breadcrumb"},"inLanguage":"ru-RU","potentialAction":[{"@type":"ReadAction","target":["https:\/\/stage.jh-itc.de\/ru\/shop\/gerueste-ru\/layher-ru\/layher-flitz-geruest\/"]}]},{"@type":"ImageObject","inLanguage":"ru-RU","@id":"https:\/\/stage.jh-itc.de\/ru\/shop\/gerueste-ru\/layher-ru\/layher-flitz-geruest\/#primaryimage","url":"https:\/\/stage.jh-itc.de\/wp-content\/uploads\/2020\/12\/Layher-Blittz-Geruest-1-rotated.jpeg","contentUrl":"https:\/\/stage.jh-itc.de\/wp-content\/uploads\/2020\/12\/Layher-Blittz-Geruest-1-rotated.jpeg","width":768,"height":1024},{"@type":"BreadcrumbList","@id":"https:\/\/stage.jh-itc.de\/ru\/shop\/gerueste-ru\/layher-ru\/layher-flitz-geruest\/#breadcrumb","itemListElement":[{"@type":"ListItem","position":1,"name":"Home","item":"https:\/\/stage.jh-itc.de\/ru\/%d0%be%d0%bf%d0%b0%d0%bb%d1%83%d0%b1%d0%ba%d0%b0-%d1%81%d1%82%d0%be%d0%b9%d0%ba%d0%b8-%d0%b8-%d1%81%d1%82%d1%80%d0%be%d0%b8%d1%82%d0%b5%d0%bb%d1%8c%d0%bd%d1%8b%d0%b5-%d0%bb%d0%b5%d1%81%d0%b0-%d0%be\/"},{"@type":"ListItem","position":2,"name":"\u041c\u0430\u0433\u0430\u0437\u0438\u043d","item":"https:\/\/stage.jh-itc.de\/ru\/%d0%bc%d0%b0%d0%b3%d0%b0%d0%b7%d0%b8%d0%bd\/"},{"@type":"ListItem","position":3,"name":"Layher SpeedyScaf"}]},{"@type":"WebSite","@id":"https:\/\/stage.jh-itc.de\/ru\/#website","url":"https:\/\/stage.jh-itc.de\/ru\/","name":"JH - ITC GmbH","description":"Ihr Experte f\u00fcr gebrauchte St\u00fctzen, Schalungen und Ger\u00fcste","publisher":{"@id":"https:\/\/stage.jh-itc.de\/ru\/#organization"},"potentialAction":[{"@type":"SearchAction","target":{"@type":"EntryPoint","urlTemplate":"https:\/\/stage.jh-itc.de\/ru\/?s={search_term_string}"},"query-input":{"@type":"PropertyValueSpecification","valueRequired":true,"valueName":"search_term_string"}}],"inLanguage":"ru-RU"},{"@type":"Organization","@id":"https:\/\/stage.jh-itc.de\/ru\/#organization","name":"JH-ITC GmbH","url":"https:\/\/stage.jh-itc.de\/ru\/","logo":{"@type":"ImageObject","inLanguage":"ru-RU","@id":"https:\/\/stage.jh-itc.de\/ru\/#\/schema\/logo\/image\/","url":"https:\/\/stage.jh-itc.de\/wp-content\/uploads\/2016\/01\/JH-ITC2-1.png","contentUrl":"https:\/\/stage.jh-itc.de\/wp-content\/uploads\/2016\/01\/JH-ITC2-1.png","width":300,"height":102,"caption":"JH-ITC GmbH"},"image":{"@id":"https:\/\/stage.jh-itc.de\/ru\/#\/schema\/logo\/image\/"},"sameAs":["https:\/\/www.facebook.com\/schalungshandel","https:\/\/x.com\/JH_ITC","https:\/\/www.linkedin.com\/in\/jhitc","https:\/\/youtu.be\/rMdZ-FLfI-Y"]}]}},"_links":{"self":[{"href":"https:\/\/stage.jh-itc.de\/ru\/wp-json\/wp\/v2\/product\/24400","targetHints":{"allow":["GET"]}}],"collection":[{"href":"https:\/\/stage.jh-itc.de\/ru\/wp-json\/wp\/v2\/product"}],"about":[{"href":"https:\/\/stage.jh-itc.de\/ru\/wp-json\/wp\/v2\/types\/product"}],"wp:featuredmedia":[{"embeddable":true,"href":"https:\/\/stage.jh-itc.de\/ru\/wp-json\/wp\/v2\/media\/24402"}],"wp:attachment":[{"href":"https:\/\/stage.jh-itc.de\/ru\/wp-json\/wp\/v2\/media?parent=24400"}],"wp:term":[{"taxonomy":"product_brand","embeddable":true,"href":"https:\/\/stage.jh-itc.de\/ru\/wp-json\/wp\/v2\/product_brand?post=24400"},{"taxonomy":"product_cat","embeddable":true,"href":"https:\/\/stage.jh-itc.de\/ru\/wp-json\/wp\/v2\/product_cat?post=24400"},{"taxonomy":"product_tag","embeddable":true,"href":"https:\/\/stage.jh-itc.de\/ru\/wp-json\/wp\/v2\/product_tag?post=24400"}],"curies":[{"name":"wp","href":"https:\/\/api.w.org\/{rel}","templated":true}]}}