{"id":22560,"date":"2015-08-07T15:02:24","date_gmt":"2021-07-16T16:32:29","guid":{"rendered":"https:\/\/www.jh-itc.de\/shop\/uncategorized\/%d1%85%d1%8e%d0%bd%d0%bd%d0%b5%d0%b1%d0%b5%d0%ba-%d0%bc%d0%b0%d0%bd%d1%82%d0%be\/"},"modified":"2021-07-16T18:32:29","modified_gmt":"2021-07-16T16:32:29","slug":"%d1%85%d1%83%d0%b5%d0%bd%d0%bd%d0%b5%d0%b1%d0%b5%d0%ba-%d0%bc%d0%b0%d0%bd%d1%82%d0%be","status":"publish","type":"product","link":"https:\/\/stage.jh-itc.de\/ru\/shop\/huennebeck-ru\/huennebeck-manto-ru\/%d1%85%d1%83%d0%b5%d0%bd%d0%bd%d0%b5%d0%b1%d0%b5%d0%ba-%d0%bc%d0%b0%d0%bd%d1%82%d0%be\/","title":{"rendered":"\u0425\u044e\u043d\u043d\u0435\u0431\u0435\u043a \u041c\u0430\u043d\u0442\u043e"},"content":{"rendered":"<p>\u041c\u044b \u043f\u0440\u0435\u0434\u043b\u0430\u0433\u0430\u0435\u043c \u043f\u043e\u0434\u0435\u0440\u0436\u0430\u043d\u043d\u0443\u044e <strong>\u043e\u043f\u0430\u043b\u0443\u0431\u043a\u0443 H\u00fcnnebeck Manto<\/strong>.<\/p>\n<p>\u041e\u043d \u043d\u0430\u0445\u043e\u0434\u0438\u0442\u0441\u044f \u0432 \u0445\u043e\u0440\u043e\u0448\u0435\u043c \u0441\u043e\u0441\u0442\u043e\u044f\u043d\u0438\u0438 \u0438 \u0447\u0430\u0441\u0442\u0438\u0447\u043d\u043e \u043f\u043e\u0441\u0442\u0430\u0432\u043b\u044f\u0435\u0442\u0441\u044f \u0441 <strong>\u043d\u043e\u0432\u043e\u0439 \u043a\u043e\u0436\u0435\u0439 \u0434\u043b\u044f \u043e\u043f\u0430\u043b\u0443\u0431\u043a\u0438<\/strong>.<\/p>\n<p>\u0410\u043a\u0441\u0435\u0441\u0441\u0443\u0430\u0440\u044b \u0432 \u0431\u043e\u043b\u044c\u0448\u043e\u043c \u043a\u043e\u043b\u0438\u0447\u0435\u0441\u0442\u0432\u0435, \u0430 \u0442\u0430\u043a\u0436\u0435 \u043a\u0440\u043e\u043d\u0448\u0442\u0435\u0439\u043d\u044b \u0434\u043b\u044f \u0431\u0435\u0442\u043e\u043d\u0438\u0440\u043e\u0432\u0430\u043d\u0438\u044f \u0438 \u0445\u043e\u0434\u043e\u0432\u044b\u0435 \u043a\u0440\u043e\u043d\u0448\u0442\u0435\u0439\u043d\u044b.<\/p>\n","protected":false},"excerpt":{"rendered":"<p>\u041c\u044b \u043f\u0440\u0435\u0434\u043b\u0430\u0433\u0430\u0435\u043c \u043f\u043e\u0434\u0435\u0440\u0436\u0430\u043d\u043d\u0443\u044e \u043e\u043f\u0430\u043b\u0443\u0431\u043a\u0443 H\u00fcnnebeck Manto. \u041e\u043d \u043d\u0430\u0445\u043e\u0434\u0438\u0442\u0441\u044f \u0432 \u0445\u043e\u0440\u043e\u0448\u0435\u043c \u0441\u043e\u0441\u0442\u043e\u044f\u043d\u0438\u0438 \u0438 \u0447\u0430\u0441\u0442\u0438\u0447\u043d\u043e \u043f\u043e\u0441\u0442\u0430\u0432\u043b\u044f\u0435\u0442\u0441\u044f \u0441 \u043d\u043e\u0432\u043e\u0439 \u043a\u043e\u0436\u0435\u0439 \u0434\u043b\u044f \u043e\u043f\u0430\u043b\u0443\u0431\u043a\u0438. \u0410\u043a\u0441\u0435\u0441\u0441\u0443\u0430\u0440\u044b \u0432 \u0431\u043e\u043b\u044c\u0448\u043e\u043c \u043a\u043e\u043b\u0438\u0447\u0435\u0441\u0442\u0432\u0435, \u0430 \u0442\u0430\u043a\u0436\u0435 \u043a\u0440\u043e\u043d\u0448\u0442\u0435\u0439\u043d\u044b \u0434\u043b\u044f \u0431\u0435\u0442\u043e\u043d\u0438\u0440\u043e\u0432\u0430\u043d\u0438\u044f \u0438 \u0445\u043e\u0434\u043e\u0432\u044b\u0435 \u043a\u0440\u043e\u043d\u0448\u0442\u0435\u0439\u043d\u044b.<\/p>\n","protected":false},"featured_media":22653,"template":"","meta":[],"product_brand":[],"product_cat":[361,335,337],"product_tag":[],"class_list":{"0":"post-22560","1":"product","2":"type-product","3":"status-publish","4":"has-post-thumbnail","6":"product_cat-schalungen-ru","7":"product_cat-huennebeck-ru","8":"product_cat-huennebeck-manto-ru","10":"first","11":"instock","12":"taxable","13":"shipping-taxable","14":"product-type-simple"},"yoast_head":"<!-- This site is optimized with the Yoast SEO plugin v26.5 - https:\/\/yoast.com\/wordpress\/plugins\/seo\/ -->\n<title>\u0425\u044e\u043d\u043d\u0435\u0431\u0435\u043a \u041c\u0430\u043d\u0442\u043e - JH - ITC GmbH<\/title>\n<meta name=\"description\" content=\"H\u00fcnnebeck Manto, Harsco Manto\" \/>\n<meta name=\"robots\" content=\"noindex, follow, max-snippet:-1, max-image-preview:large, max-video-preview:-1\" \/>\n<meta property=\"og:locale\" content=\"ru_RU\" \/>\n<meta property=\"og:type\" content=\"article\" \/>\n<meta property=\"og:title\" content=\"\u0425\u044e\u043d\u043d\u0435\u0431\u0435\u043a \u041c\u0430\u043d\u0442\u043e - JH - ITC GmbH\" \/>\n<meta property=\"og:description\" content=\"H\u00fcnnebeck Manto, Harsco Manto\" \/>\n<meta property=\"og:url\" content=\"https:\/\/stage.jh-itc.de\/ru\/shop\/huennebeck-ru\/huennebeck-manto-ru\/%d1%85%d1%83%d0%b5%d0%bd%d0%bd%d0%b5%d0%b1%d0%b5%d0%ba-%d0%bc%d0%b0%d0%bd%d1%82%d0%be\/\" \/>\n<meta property=\"og:site_name\" content=\"JH - ITC GmbH\" \/>\n<meta property=\"article:publisher\" content=\"https:\/\/www.facebook.com\/schalungshandel\" \/>\n<meta property=\"og:image\" content=\"https:\/\/stage.jh-itc.de\/wp-content\/uploads\/2015\/08\/Foto-7.jpg\" \/>\n\t<meta property=\"og:image:width\" content=\"1632\" \/>\n\t<meta property=\"og:image:height\" content=\"1224\" \/>\n\t<meta property=\"og:image:type\" content=\"image\/jpeg\" \/>\n<meta name=\"twitter:card\" content=\"summary_large_image\" \/>\n<meta name=\"twitter:site\" content=\"@JH_ITC\" \/>\n<!-- \/ Yoast SEO plugin. -->","yoast_head_json":{"title":"\u0425\u044e\u043d\u043d\u0435\u0431\u0435\u043a \u041c\u0430\u043d\u0442\u043e - JH - ITC GmbH","description":"H\u00fcnnebeck Manto, Harsco Manto","robots":{"index":"noindex","follow":"follow","max-snippet":"max-snippet:-1","max-image-preview":"max-image-preview:large","max-video-preview":"max-video-preview:-1"},"og_locale":"ru_RU","og_type":"article","og_title":"\u0425\u044e\u043d\u043d\u0435\u0431\u0435\u043a \u041c\u0430\u043d\u0442\u043e - JH - ITC GmbH","og_description":"H\u00fcnnebeck Manto, Harsco Manto","og_url":"https:\/\/stage.jh-itc.de\/ru\/shop\/huennebeck-ru\/huennebeck-manto-ru\/%d1%85%d1%83%d0%b5%d0%bd%d0%bd%d0%b5%d0%b1%d0%b5%d0%ba-%d0%bc%d0%b0%d0%bd%d1%82%d0%be\/","og_site_name":"JH - ITC GmbH","article_publisher":"https:\/\/www.facebook.com\/schalungshandel","og_image":[{"width":1632,"height":1224,"url":"https:\/\/stage.jh-itc.de\/wp-content\/uploads\/2015\/08\/Foto-7.jpg","type":"image\/jpeg"}],"twitter_card":"summary_large_image","twitter_site":"@JH_ITC","schema":{"@context":"https:\/\/schema.org","@graph":[{"@type":"WebPage","@id":"https:\/\/stage.jh-itc.de\/ru\/shop\/huennebeck-ru\/huennebeck-manto-ru\/%d1%85%d1%83%d0%b5%d0%bd%d0%bd%d0%b5%d0%b1%d0%b5%d0%ba-%d0%bc%d0%b0%d0%bd%d1%82%d0%be\/","url":"https:\/\/stage.jh-itc.de\/ru\/shop\/huennebeck-ru\/huennebeck-manto-ru\/%d1%85%d1%83%d0%b5%d0%bd%d0%bd%d0%b5%d0%b1%d0%b5%d0%ba-%d0%bc%d0%b0%d0%bd%d1%82%d0%be\/","name":"\u0425\u044e\u043d\u043d\u0435\u0431\u0435\u043a \u041c\u0430\u043d\u0442\u043e - JH - ITC GmbH","isPartOf":{"@id":"https:\/\/stage.jh-itc.de\/ru\/#website"},"primaryImageOfPage":{"@id":"https:\/\/stage.jh-itc.de\/ru\/shop\/huennebeck-ru\/huennebeck-manto-ru\/%d1%85%d1%83%d0%b5%d0%bd%d0%bd%d0%b5%d0%b1%d0%b5%d0%ba-%d0%bc%d0%b0%d0%bd%d1%82%d0%be\/#primaryimage"},"image":{"@id":"https:\/\/stage.jh-itc.de\/ru\/shop\/huennebeck-ru\/huennebeck-manto-ru\/%d1%85%d1%83%d0%b5%d0%bd%d0%bd%d0%b5%d0%b1%d0%b5%d0%ba-%d0%bc%d0%b0%d0%bd%d1%82%d0%be\/#primaryimage"},"thumbnailUrl":"https:\/\/stage.jh-itc.de\/wp-content\/uploads\/2015\/08\/Foto-7.jpg","datePublished":"2021-07-16T16:32:29+00:00","description":"H\u00fcnnebeck Manto, Harsco Manto","breadcrumb":{"@id":"https:\/\/stage.jh-itc.de\/ru\/shop\/huennebeck-ru\/huennebeck-manto-ru\/%d1%85%d1%83%d0%b5%d0%bd%d0%bd%d0%b5%d0%b1%d0%b5%d0%ba-%d0%bc%d0%b0%d0%bd%d1%82%d0%be\/#breadcrumb"},"inLanguage":"ru-RU","potentialAction":[{"@type":"ReadAction","target":["https:\/\/stage.jh-itc.de\/ru\/shop\/huennebeck-ru\/huennebeck-manto-ru\/%d1%85%d1%83%d0%b5%d0%bd%d0%bd%d0%b5%d0%b1%d0%b5%d0%ba-%d0%bc%d0%b0%d0%bd%d1%82%d0%be\/"]}]},{"@type":"ImageObject","inLanguage":"ru-RU","@id":"https:\/\/stage.jh-itc.de\/ru\/shop\/huennebeck-ru\/huennebeck-manto-ru\/%d1%85%d1%83%d0%b5%d0%bd%d0%bd%d0%b5%d0%b1%d0%b5%d0%ba-%d0%bc%d0%b0%d0%bd%d1%82%d0%be\/#primaryimage","url":"https:\/\/stage.jh-itc.de\/wp-content\/uploads\/2015\/08\/Foto-7.jpg","contentUrl":"https:\/\/stage.jh-itc.de\/wp-content\/uploads\/2015\/08\/Foto-7.jpg","width":1632,"height":1224},{"@type":"BreadcrumbList","@id":"https:\/\/stage.jh-itc.de\/ru\/shop\/huennebeck-ru\/huennebeck-manto-ru\/%d1%85%d1%83%d0%b5%d0%bd%d0%bd%d0%b5%d0%b1%d0%b5%d0%ba-%d0%bc%d0%b0%d0%bd%d1%82%d0%be\/#breadcrumb","itemListElement":[{"@type":"ListItem","position":1,"name":"Home","item":"https:\/\/stage.jh-itc.de\/ru\/%d0%be%d0%bf%d0%b0%d0%bb%d1%83%d0%b1%d0%ba%d0%b0-%d1%81%d1%82%d0%be%d0%b9%d0%ba%d0%b8-%d0%b8-%d1%81%d1%82%d1%80%d0%be%d0%b8%d1%82%d0%b5%d0%bb%d1%8c%d0%bd%d1%8b%d0%b5-%d0%bb%d0%b5%d1%81%d0%b0-%d0%be\/"},{"@type":"ListItem","position":2,"name":"\u041c\u0430\u0433\u0430\u0437\u0438\u043d","item":"https:\/\/stage.jh-itc.de\/ru\/%d0%bc%d0%b0%d0%b3%d0%b0%d0%b7%d0%b8%d0%bd\/"},{"@type":"ListItem","position":3,"name":"\u0425\u044e\u043d\u043d\u0435\u0431\u0435\u043a \u041c\u0430\u043d\u0442\u043e"}]},{"@type":"WebSite","@id":"https:\/\/stage.jh-itc.de\/ru\/#website","url":"https:\/\/stage.jh-itc.de\/ru\/","name":"JH - ITC GmbH","description":"Ihr Experte f\u00fcr gebrauchte St\u00fctzen, Schalungen und Ger\u00fcste","publisher":{"@id":"https:\/\/stage.jh-itc.de\/ru\/#organization"},"potentialAction":[{"@type":"SearchAction","target":{"@type":"EntryPoint","urlTemplate":"https:\/\/stage.jh-itc.de\/ru\/?s={search_term_string}"},"query-input":{"@type":"PropertyValueSpecification","valueRequired":true,"valueName":"search_term_string"}}],"inLanguage":"ru-RU"},{"@type":"Organization","@id":"https:\/\/stage.jh-itc.de\/ru\/#organization","name":"JH-ITC GmbH","url":"https:\/\/stage.jh-itc.de\/ru\/","logo":{"@type":"ImageObject","inLanguage":"ru-RU","@id":"https:\/\/stage.jh-itc.de\/ru\/#\/schema\/logo\/image\/","url":"https:\/\/stage.jh-itc.de\/wp-content\/uploads\/2016\/01\/JH-ITC2-1.png","contentUrl":"https:\/\/stage.jh-itc.de\/wp-content\/uploads\/2016\/01\/JH-ITC2-1.png","width":300,"height":102,"caption":"JH-ITC GmbH"},"image":{"@id":"https:\/\/stage.jh-itc.de\/ru\/#\/schema\/logo\/image\/"},"sameAs":["https:\/\/www.facebook.com\/schalungshandel","https:\/\/x.com\/JH_ITC","https:\/\/www.linkedin.com\/in\/jhitc","https:\/\/youtu.be\/rMdZ-FLfI-Y"]}]}},"_links":{"self":[{"href":"https:\/\/stage.jh-itc.de\/ru\/wp-json\/wp\/v2\/product\/22560","targetHints":{"allow":["GET"]}}],"collection":[{"href":"https:\/\/stage.jh-itc.de\/ru\/wp-json\/wp\/v2\/product"}],"about":[{"href":"https:\/\/stage.jh-itc.de\/ru\/wp-json\/wp\/v2\/types\/product"}],"wp:featuredmedia":[{"embeddable":true,"href":"https:\/\/stage.jh-itc.de\/ru\/wp-json\/wp\/v2\/media\/22653"}],"wp:attachment":[{"href":"https:\/\/stage.jh-itc.de\/ru\/wp-json\/wp\/v2\/media?parent=22560"}],"wp:term":[{"taxonomy":"product_brand","embeddable":true,"href":"https:\/\/stage.jh-itc.de\/ru\/wp-json\/wp\/v2\/product_brand?post=22560"},{"taxonomy":"product_cat","embeddable":true,"href":"https:\/\/stage.jh-itc.de\/ru\/wp-json\/wp\/v2\/product_cat?post=22560"},{"taxonomy":"product_tag","embeddable":true,"href":"https:\/\/stage.jh-itc.de\/ru\/wp-json\/wp\/v2\/product_tag?post=22560"}],"curies":[{"name":"wp","href":"https:\/\/api.w.org\/{rel}","templated":true}]}}