{"id":20712,"date":"2017-03-15T23:11:39","date_gmt":"2021-07-16T16:30:45","guid":{"rendered":"https:\/\/www.jh-itc.de\/shop\/uncategorized\/%d0%ba%d1%80%d0%b0%d0%bd-liebherr-25k-28k\/"},"modified":"2021-07-16T18:30:45","modified_gmt":"2021-07-16T16:30:45","slug":"liebherr-kran-25k-28k-2","status":"publish","type":"product","link":"https:\/\/stage.jh-itc.de\/ru\/shop\/%d1%81%d1%82%d1%80%d0%be%d0%b8%d1%82%d0%b5%d0%bb%d1%8c%d0%bd%d1%8b%d0%b5-%d0%bc%d0%b0%d1%88%d0%b8%d0%bd%d1%8b\/liebherr-kran-25k-28k-2\/","title":{"rendered":"\u041a\u0440\u0430\u043d Liebherr 25k + 28K"},"content":{"rendered":"","protected":false},"excerpt":{"rendered":"<p>\u041c\u044b \u043f\u0440\u0435\u0434\u043b\u0430\u0433\u0430\u0435\u043c \u0441\u043b\u0435\u0434\u0443\u044e\u0449\u0438\u0435 \u043a\u0440\u0430\u043d\u044b Liebherr<\/p>\n<p><strong>1 x \u0441\u0430\u043c\u043e\u043c\u043e\u043d\u0442\u0438\u0440\u0443\u044e\u0449\u0438\u0439\u0441\u044f \u043a\u0440\u0430\u043d Liebherr 25K<\/strong><\/p>\n<p><strong>\u0413\u043e\u0434 \u0432\u044b\u043f\u0443\u0441\u043a\u0430 1985<\/strong><\/p>\n<p><strong>  \u0441 \u0440\u0430\u0434\u0438\u043e \u0438 \u043f\u043e\u043b\u043d\u043e\u0441\u0442\u044c\u044e \u0444\u0443\u043d\u043a\u0446\u0438\u043e\u043d\u0430\u043b\u044c\u043d\u044b\u0439<\/strong><\/p>\n<hr>\n<p><strong>1 x \u0441\u0430\u043c\u043e\u043c\u043e\u043d\u0442\u0438\u0440\u0443\u044e\u0449\u0438\u0439\u0441\u044f \u043a\u0440\u0430\u043d Liebherr 28K<\/strong><\/p>\n<p><strong>\u0413\u043e\u0434 \u0432\u044b\u043f\u0443\u0441\u043a\u0430 1989<\/strong><\/p>\n<p><strong>\u0441 \u0440\u0430\u0434\u0438\u043e \u0438 \u043f\u043e\u043b\u043d\u043e\u0441\u0442\u044c\u044e \u0444\u0443\u043d\u043a\u0446\u0438\u043e\u043d\u0430\u043b\u044c\u043d\u044b\u0439<\/strong><\/p>\n<p><strong>1 x \u0432\u0438\u043b\u044b \u0434\u043b\u044f \u043a\u0440\u0430\u043d\u0430 + 2 x \u0431\u0430\u0434\u044c\u044f \u0434\u043b\u044f \u0431\u0435\u0442\u043e\u043d\u0430  <\/strong><\/p>\n<p>\u0415\u0441\u043b\u0438 \u0432\u044b \u0437\u0430\u0438\u043d\u0442\u0435\u0440\u0435\u0441\u043e\u0432\u0430\u043d\u044b, \u043f\u043e\u0436\u0430\u043b\u0443\u0439\u0441\u0442\u0430, \u043e\u0442\u043f\u0440\u0430\u0432\u044c\u0442\u0435 \u043d\u0430\u043c \u0432\u0430\u0448 \u0437\u0430\u043f\u0440\u043e\u0441<\/p>\n<p>&nbsp;<\/p>\n","protected":false},"featured_media":20765,"template":"","meta":[],"product_brand":[],"product_cat":[321],"product_tag":[],"class_list":{"0":"post-20712","1":"product","2":"type-product","3":"status-publish","4":"has-post-thumbnail","6":"product_cat-321","8":"first","9":"onbackorder","10":"taxable","11":"shipping-taxable","12":"product-type-simple"},"yoast_head":"<!-- This site is optimized with the Yoast SEO plugin v26.5 - https:\/\/yoast.com\/wordpress\/plugins\/seo\/ -->\n<title>\u041a\u0440\u0430\u043d Liebherr 25k + 28K - JH - ITC GmbH<\/title>\n<meta name=\"description\" content=\"\u041a\u0440\u0430\u043d Liebherr 25K, \u041a\u0440\u0430\u043d Liebherr 28K, \u0421\u0430\u043c\u043e\u043c\u043e\u043d\u0442\u0438\u0440\u0443\u044e\u0449\u0438\u0439\u0441\u044f \u043a\u0440\u0430\u043d\" \/>\n<meta name=\"robots\" content=\"noindex, follow, max-snippet:-1, max-image-preview:large, max-video-preview:-1\" \/>\n<meta property=\"og:locale\" content=\"ru_RU\" \/>\n<meta property=\"og:type\" content=\"article\" \/>\n<meta property=\"og:title\" content=\"\u041a\u0440\u0430\u043d Liebherr 25k + 28K - JH - ITC GmbH\" \/>\n<meta property=\"og:description\" content=\"\u041a\u0440\u0430\u043d Liebherr 25K, \u041a\u0440\u0430\u043d Liebherr 28K, \u0421\u0430\u043c\u043e\u043c\u043e\u043d\u0442\u0438\u0440\u0443\u044e\u0449\u0438\u0439\u0441\u044f \u043a\u0440\u0430\u043d\" \/>\n<meta property=\"og:url\" content=\"https:\/\/stage.jh-itc.de\/ru\/shop\/%d1%81%d1%82%d1%80%d0%be%d0%b8%d1%82%d0%b5%d0%bb%d1%8c%d0%bd%d1%8b%d0%b5-%d0%bc%d0%b0%d1%88%d0%b8%d0%bd%d1%8b\/liebherr-kran-25k-28k-2\/\" \/>\n<meta property=\"og:site_name\" content=\"JH - ITC GmbH\" \/>\n<meta property=\"article:publisher\" content=\"https:\/\/www.facebook.com\/schalungshandel\" \/>\n<meta property=\"og:image\" content=\"https:\/\/stage.jh-itc.de\/wp-content\/uploads\/2017\/03\/25K.jpg\" \/>\n\t<meta property=\"og:image:width\" content=\"1024\" \/>\n\t<meta property=\"og:image:height\" content=\"768\" \/>\n\t<meta property=\"og:image:type\" content=\"image\/jpeg\" \/>\n<meta name=\"twitter:card\" content=\"summary_large_image\" \/>\n<meta name=\"twitter:site\" content=\"@JH_ITC\" \/>\n<!-- \/ Yoast SEO plugin. -->","yoast_head_json":{"title":"\u041a\u0440\u0430\u043d Liebherr 25k + 28K - JH - ITC GmbH","description":"\u041a\u0440\u0430\u043d Liebherr 25K, \u041a\u0440\u0430\u043d Liebherr 28K, \u0421\u0430\u043c\u043e\u043c\u043e\u043d\u0442\u0438\u0440\u0443\u044e\u0449\u0438\u0439\u0441\u044f \u043a\u0440\u0430\u043d","robots":{"index":"noindex","follow":"follow","max-snippet":"max-snippet:-1","max-image-preview":"max-image-preview:large","max-video-preview":"max-video-preview:-1"},"og_locale":"ru_RU","og_type":"article","og_title":"\u041a\u0440\u0430\u043d Liebherr 25k + 28K - JH - ITC GmbH","og_description":"\u041a\u0440\u0430\u043d Liebherr 25K, \u041a\u0440\u0430\u043d Liebherr 28K, \u0421\u0430\u043c\u043e\u043c\u043e\u043d\u0442\u0438\u0440\u0443\u044e\u0449\u0438\u0439\u0441\u044f \u043a\u0440\u0430\u043d","og_url":"https:\/\/stage.jh-itc.de\/ru\/shop\/%d1%81%d1%82%d1%80%d0%be%d0%b8%d1%82%d0%b5%d0%bb%d1%8c%d0%bd%d1%8b%d0%b5-%d0%bc%d0%b0%d1%88%d0%b8%d0%bd%d1%8b\/liebherr-kran-25k-28k-2\/","og_site_name":"JH - ITC GmbH","article_publisher":"https:\/\/www.facebook.com\/schalungshandel","og_image":[{"width":1024,"height":768,"url":"https:\/\/stage.jh-itc.de\/wp-content\/uploads\/2017\/03\/25K.jpg","type":"image\/jpeg"}],"twitter_card":"summary_large_image","twitter_site":"@JH_ITC","schema":{"@context":"https:\/\/schema.org","@graph":[{"@type":"WebPage","@id":"https:\/\/stage.jh-itc.de\/ru\/shop\/%d1%81%d1%82%d1%80%d0%be%d0%b8%d1%82%d0%b5%d0%bb%d1%8c%d0%bd%d1%8b%d0%b5-%d0%bc%d0%b0%d1%88%d0%b8%d0%bd%d1%8b\/liebherr-kran-25k-28k-2\/","url":"https:\/\/stage.jh-itc.de\/ru\/shop\/%d1%81%d1%82%d1%80%d0%be%d0%b8%d1%82%d0%b5%d0%bb%d1%8c%d0%bd%d1%8b%d0%b5-%d0%bc%d0%b0%d1%88%d0%b8%d0%bd%d1%8b\/liebherr-kran-25k-28k-2\/","name":"\u041a\u0440\u0430\u043d Liebherr 25k + 28K - JH - ITC GmbH","isPartOf":{"@id":"https:\/\/stage.jh-itc.de\/ru\/#website"},"primaryImageOfPage":{"@id":"https:\/\/stage.jh-itc.de\/ru\/shop\/%d1%81%d1%82%d1%80%d0%be%d0%b8%d1%82%d0%b5%d0%bb%d1%8c%d0%bd%d1%8b%d0%b5-%d0%bc%d0%b0%d1%88%d0%b8%d0%bd%d1%8b\/liebherr-kran-25k-28k-2\/#primaryimage"},"image":{"@id":"https:\/\/stage.jh-itc.de\/ru\/shop\/%d1%81%d1%82%d1%80%d0%be%d0%b8%d1%82%d0%b5%d0%bb%d1%8c%d0%bd%d1%8b%d0%b5-%d0%bc%d0%b0%d1%88%d0%b8%d0%bd%d1%8b\/liebherr-kran-25k-28k-2\/#primaryimage"},"thumbnailUrl":"https:\/\/stage.jh-itc.de\/wp-content\/uploads\/2017\/03\/25K.jpg","datePublished":"2021-07-16T16:30:45+00:00","description":"\u041a\u0440\u0430\u043d Liebherr 25K, \u041a\u0440\u0430\u043d Liebherr 28K, \u0421\u0430\u043c\u043e\u043c\u043e\u043d\u0442\u0438\u0440\u0443\u044e\u0449\u0438\u0439\u0441\u044f \u043a\u0440\u0430\u043d","breadcrumb":{"@id":"https:\/\/stage.jh-itc.de\/ru\/shop\/%d1%81%d1%82%d1%80%d0%be%d0%b8%d1%82%d0%b5%d0%bb%d1%8c%d0%bd%d1%8b%d0%b5-%d0%bc%d0%b0%d1%88%d0%b8%d0%bd%d1%8b\/liebherr-kran-25k-28k-2\/#breadcrumb"},"inLanguage":"ru-RU","potentialAction":[{"@type":"ReadAction","target":["https:\/\/stage.jh-itc.de\/ru\/shop\/%d1%81%d1%82%d1%80%d0%be%d0%b8%d1%82%d0%b5%d0%bb%d1%8c%d0%bd%d1%8b%d0%b5-%d0%bc%d0%b0%d1%88%d0%b8%d0%bd%d1%8b\/liebherr-kran-25k-28k-2\/"]}]},{"@type":"ImageObject","inLanguage":"ru-RU","@id":"https:\/\/stage.jh-itc.de\/ru\/shop\/%d1%81%d1%82%d1%80%d0%be%d0%b8%d1%82%d0%b5%d0%bb%d1%8c%d0%bd%d1%8b%d0%b5-%d0%bc%d0%b0%d1%88%d0%b8%d0%bd%d1%8b\/liebherr-kran-25k-28k-2\/#primaryimage","url":"https:\/\/stage.jh-itc.de\/wp-content\/uploads\/2017\/03\/25K.jpg","contentUrl":"https:\/\/stage.jh-itc.de\/wp-content\/uploads\/2017\/03\/25K.jpg","width":1024,"height":768},{"@type":"BreadcrumbList","@id":"https:\/\/stage.jh-itc.de\/ru\/shop\/%d1%81%d1%82%d1%80%d0%be%d0%b8%d1%82%d0%b5%d0%bb%d1%8c%d0%bd%d1%8b%d0%b5-%d0%bc%d0%b0%d1%88%d0%b8%d0%bd%d1%8b\/liebherr-kran-25k-28k-2\/#breadcrumb","itemListElement":[{"@type":"ListItem","position":1,"name":"Home","item":"https:\/\/stage.jh-itc.de\/ru\/%d0%be%d0%bf%d0%b0%d0%bb%d1%83%d0%b1%d0%ba%d0%b0-%d1%81%d1%82%d0%be%d0%b9%d0%ba%d0%b8-%d0%b8-%d1%81%d1%82%d1%80%d0%be%d0%b8%d1%82%d0%b5%d0%bb%d1%8c%d0%bd%d1%8b%d0%b5-%d0%bb%d0%b5%d1%81%d0%b0-%d0%be\/"},{"@type":"ListItem","position":2,"name":"\u041c\u0430\u0433\u0430\u0437\u0438\u043d","item":"https:\/\/stage.jh-itc.de\/ru\/%d0%bc%d0%b0%d0%b3%d0%b0%d0%b7%d0%b8%d0%bd\/"},{"@type":"ListItem","position":3,"name":"\u041a\u0440\u0430\u043d Liebherr 25k + 28K"}]},{"@type":"WebSite","@id":"https:\/\/stage.jh-itc.de\/ru\/#website","url":"https:\/\/stage.jh-itc.de\/ru\/","name":"JH - ITC GmbH","description":"Ihr Experte f\u00fcr gebrauchte St\u00fctzen, Schalungen und Ger\u00fcste","publisher":{"@id":"https:\/\/stage.jh-itc.de\/ru\/#organization"},"potentialAction":[{"@type":"SearchAction","target":{"@type":"EntryPoint","urlTemplate":"https:\/\/stage.jh-itc.de\/ru\/?s={search_term_string}"},"query-input":{"@type":"PropertyValueSpecification","valueRequired":true,"valueName":"search_term_string"}}],"inLanguage":"ru-RU"},{"@type":"Organization","@id":"https:\/\/stage.jh-itc.de\/ru\/#organization","name":"JH-ITC GmbH","url":"https:\/\/stage.jh-itc.de\/ru\/","logo":{"@type":"ImageObject","inLanguage":"ru-RU","@id":"https:\/\/stage.jh-itc.de\/ru\/#\/schema\/logo\/image\/","url":"https:\/\/stage.jh-itc.de\/wp-content\/uploads\/2016\/01\/JH-ITC2-1.png","contentUrl":"https:\/\/stage.jh-itc.de\/wp-content\/uploads\/2016\/01\/JH-ITC2-1.png","width":300,"height":102,"caption":"JH-ITC GmbH"},"image":{"@id":"https:\/\/stage.jh-itc.de\/ru\/#\/schema\/logo\/image\/"},"sameAs":["https:\/\/www.facebook.com\/schalungshandel","https:\/\/x.com\/JH_ITC","https:\/\/www.linkedin.com\/in\/jhitc","https:\/\/youtu.be\/rMdZ-FLfI-Y"]}]}},"_links":{"self":[{"href":"https:\/\/stage.jh-itc.de\/ru\/wp-json\/wp\/v2\/product\/20712","targetHints":{"allow":["GET"]}}],"collection":[{"href":"https:\/\/stage.jh-itc.de\/ru\/wp-json\/wp\/v2\/product"}],"about":[{"href":"https:\/\/stage.jh-itc.de\/ru\/wp-json\/wp\/v2\/types\/product"}],"wp:featuredmedia":[{"embeddable":true,"href":"https:\/\/stage.jh-itc.de\/ru\/wp-json\/wp\/v2\/media\/20765"}],"wp:attachment":[{"href":"https:\/\/stage.jh-itc.de\/ru\/wp-json\/wp\/v2\/media?parent=20712"}],"wp:term":[{"taxonomy":"product_brand","embeddable":true,"href":"https:\/\/stage.jh-itc.de\/ru\/wp-json\/wp\/v2\/product_brand?post=20712"},{"taxonomy":"product_cat","embeddable":true,"href":"https:\/\/stage.jh-itc.de\/ru\/wp-json\/wp\/v2\/product_cat?post=20712"},{"taxonomy":"product_tag","embeddable":true,"href":"https:\/\/stage.jh-itc.de\/ru\/wp-json\/wp\/v2\/product_tag?post=20712"}],"curies":[{"name":"wp","href":"https:\/\/api.w.org\/{rel}","templated":true}]}}