{"id":47887,"date":"2024-09-03T16:55:41","date_gmt":"2024-09-03T14:55:41","guid":{"rendered":"https:\/\/www.jh-itc.de\/%d1%80%d0%b5%d0%b3%d0%b8%d1%81%d1%82%d1%80%d0%b0%d1%86%d0%b8%d1%8f-%d0%bd%d0%be%d0%b2%d0%be%d1%81%d1%82%d0%bd%d0%be%d0%b9-%d1%80%d0%b0%d1%81%d1%81%d1%8b%d0%bb%d0%ba%d0%b8\/"},"modified":"2024-10-16T13:43:32","modified_gmt":"2024-10-16T11:43:32","slug":"%d1%80%d0%b5%d0%b3%d0%b8%d1%81%d1%82%d1%80%d0%b0%d1%86%d0%b8%d1%8f-%d0%bd%d0%be%d0%b2%d0%be%d1%81%d1%82%d0%bd%d0%be%d0%b9-%d1%80%d0%b0%d1%81%d1%81%d1%8b%d0%bb%d0%ba%d0%b8","status":"publish","type":"page","link":"https:\/\/stage.jh-itc.de\/ru\/%d1%80%d0%b5%d0%b3%d0%b8%d1%81%d1%82%d1%80%d0%b0%d1%86%d0%b8%d1%8f-%d0%bd%d0%be%d0%b2%d0%be%d1%81%d1%82%d0%bd%d0%be%d0%b9-%d1%80%d0%b0%d1%81%d1%81%d1%8b%d0%bb%d0%ba%d0%b8\/","title":{"rendered":"\u0420\u0435\u0433\u0438\u0441\u0442\u0440\u0430\u0446\u0438\u044f \u043d\u043e\u0432\u043e\u0441\u0442\u043d\u043e\u0439 \u0440\u0430\u0441\u0441\u044b\u043b\u043a\u0438"},"content":{"rendered":"\t\t<div data-elementor-type=\"wp-page\" data-elementor-id=\"47887\" class=\"elementor elementor-47887 elementor-47862\" data-elementor-post-type=\"page\">\n\t\t\t\t\t\t<section class=\"elementor-section elementor-top-section elementor-element elementor-element-8c3c381 elementor-section-boxed elementor-section-height-default elementor-section-height-default\" data-id=\"8c3c381\" data-element_type=\"section\">\n\t\t\t\t\t\t<div class=\"elementor-container elementor-column-gap-default\">\n\t\t\t\t\t<div class=\"elementor-column elementor-col-100 elementor-top-column elementor-element elementor-element-6154b31\" data-id=\"6154b31\" data-element_type=\"column\">\n\t\t\t<div class=\"elementor-widget-wrap elementor-element-populated\">\n\t\t\t\t\t\t<div class=\"elementor-element elementor-element-e0198fe elementor-widget elementor-widget-text-editor\" data-id=\"e0198fe\" data-element_type=\"widget\" data-widget_type=\"text-editor.default\">\n\t\t\t\t<div class=\"elementor-widget-container\">\n\t\t\t\t\t\t\t\t\t<p>\u0423\u0432\u0430\u0436\u0430\u0435\u043c\u044b\u0439 \u0433\u043e\u0441\u043f\u043e\u0434\u0438\u043d \u0438\u043b\u0438 \u0433\u043e\u0441\u043f\u043e\u0436\u0430, \u043c\u044b \u043f\u0440\u0435\u0434\u043b\u0430\u0433\u0430\u0435\u043c \u0412\u0430\u043c \u043f\u043e\u0434\u043f\u0438\u0441\u0430\u0442\u044c\u0441\u044f \u043d\u0430 \u043d\u0430\u0448\u0443 \u0440\u0430\u0441\u0441\u044b\u043b\u043a\u0443, \u0432 \u043a\u043e\u0442\u043e\u0440\u043e\u0439 \u0412\u044b \u043c\u043e\u0436\u0435\u0442\u0435 \u0432\u044b\u0431\u0440\u0430\u0442\u044c \u043d\u0435\u0441\u043a\u043e\u043b\u044c\u043a\u043e \u043e\u0431\u043b\u0430\u0441\u0442\u0435\u0439, \u043f\u0440\u0435\u0434\u0441\u0442\u0430\u0432\u043b\u044f\u044e\u0449\u0438\u0445 \u0438\u043d\u0442\u0435\u0440\u0435\u0441.  <\/p>\n\t\t\t\t\t\t\t\t<\/div>\n\t\t\t\t<\/div>\n\t\t\t\t<div class=\"elementor-element elementor-element-6a120d6 elementor-button-align-end elementor-mobile-button-align-stretch elementor-widget elementor-widget-global elementor-global-47875 elementor-global-47859 elementor-widget-form\" data-id=\"6a120d6\" data-element_type=\"widget\" data-settings=\"{&quot;step_next_label&quot;:&quot;\\u0421\\u043b\\u0435\\u0434\\u0443\\u044e\\u0449\\u0438\\u0439&quot;,&quot;step_previous_label&quot;:&quot;\\u041f\\u0440\\u0435\\u0434\\u044b\\u0434\\u0443\\u0449\\u0438\\u0439&quot;,&quot;button_width&quot;:&quot;100&quot;,&quot;step_type&quot;:&quot;number_text&quot;,&quot;step_icon_shape&quot;:&quot;circle&quot;}\" data-widget_type=\"form.default\">\n\t\t\t\t<div class=\"elementor-widget-container\">\n\t\t\t\t\t\t\t<form class=\"elementor-form\" method=\"post\" name=\"\u0420\u0435\u0433\u0438\u0441\u0442\u0440\u0430\u0446\u0438\u044f \u043d\u043e\u0432\u043e\u0441\u0442\u043d\u043e\u0439 \u0440\u0430\u0441\u0441\u044b\u043b\u043a\u0438\">\n\t\t\t<input type=\"hidden\" name=\"post_id\" value=\"47887\"\/>\n\t\t\t<input type=\"hidden\" name=\"form_id\" value=\"6a120d6\"\/>\n\t\t\t<input type=\"hidden\" name=\"referer_title\" value=\"JH &#8211; ITC GmbH\" \/>\n\n\t\t\t\n\t\t\t<div class=\"elementor-form-fields-wrapper elementor-labels-\">\n\t\t\t\t\t\t\t\t<div class=\"elementor-field-type-text elementor-field-group elementor-column elementor-field-group-name elementor-col-50 elementor-field-required\">\n\t\t\t\t\t\t\t\t\t\t\t\t<label for=\"form-field-name\" class=\"elementor-field-label elementor-screen-only\">\n\t\t\t\t\t\t\t\t\u0424\u0430\u043c\u0438\u043b\u0438\u044f\t\t\t\t\t\t\t<\/label>\n\t\t\t\t\t\t\t\t\t\t\t\t\t\t<input size=\"1\" type=\"text\" name=\"form_fields[name]\" id=\"form-field-name\" class=\"elementor-field elementor-size-lg  elementor-field-textual\" placeholder=\"\u0424\u0430\u043c\u0438\u043b\u0438\u044f*\" required=\"required\" aria-required=\"true\">\n\t\t\t\t\t\t\t\t\t\t\t<\/div>\n\t\t\t\t\t\t\t\t<div class=\"elementor-field-type-text elementor-field-group elementor-column elementor-field-group-field_c5ed35d elementor-col-50 elementor-field-required\">\n\t\t\t\t\t\t\t\t\t\t\t\t<label for=\"form-field-field_c5ed35d\" class=\"elementor-field-label elementor-screen-only\">\n\t\t\t\t\t\t\t\t\u0438\u043c\u044f\t\t\t\t\t\t\t<\/label>\n\t\t\t\t\t\t\t\t\t\t\t\t\t\t<input size=\"1\" type=\"text\" name=\"form_fields[field_c5ed35d]\" id=\"form-field-field_c5ed35d\" class=\"elementor-field elementor-size-lg  elementor-field-textual\" placeholder=\"\u0418\u043c\u044f*\" required=\"required\" aria-required=\"true\">\n\t\t\t\t\t\t\t\t\t\t\t<\/div>\n\t\t\t\t\t\t\t\t<div class=\"elementor-field-type-text elementor-field-group elementor-column elementor-field-group-field_f007b47 elementor-col-50 elementor-md-50\">\n\t\t\t\t\t\t\t\t\t\t\t\t<label for=\"form-field-field_f007b47\" class=\"elementor-field-label elementor-screen-only\">\n\t\t\t\t\t\t\t\t\u043a\u043e\u043c\u043f\u0430\u043d\u0438\u044f\t\t\t\t\t\t\t<\/label>\n\t\t\t\t\t\t\t\t\t\t\t\t\t\t<input size=\"1\" type=\"text\" name=\"form_fields[field_f007b47]\" id=\"form-field-field_f007b47\" class=\"elementor-field elementor-size-lg  elementor-field-textual\" placeholder=\"\u041a\u043e\u043c\u043f\u0430\u043d\u0438\u044f\">\n\t\t\t\t\t\t\t\t\t\t\t<\/div>\n\t\t\t\t\t\t\t\t<div class=\"elementor-field-type-text elementor-field-group elementor-column elementor-field-group-field_5af01a3 elementor-col-50\">\n\t\t\t\t\t\t\t\t\t\t\t\t<label for=\"form-field-field_5af01a3\" class=\"elementor-field-label elementor-screen-only\">\n\t\t\t\t\t\t\t\t\u0442\u0435\u043b\t\t\t\t\t\t\t<\/label>\n\t\t\t\t\t\t\t\t\t\t\t\t\t\t<input size=\"1\" type=\"text\" name=\"form_fields[field_5af01a3]\" id=\"form-field-field_5af01a3\" class=\"elementor-field elementor-size-lg  elementor-field-textual\" placeholder=\"\u041d\u043e\u043c\u0435\u0440 \u0442\u0435\u043b\u0435\u0444\u043e\u043d\u0430\">\n\t\t\t\t\t\t\t\t\t\t\t<\/div>\n\t\t\t\t\t\t\t\t<div class=\"elementor-field-type-text elementor-field-group elementor-column elementor-field-group-field_6df54b3 elementor-col-50 elementor-md-50\">\n\t\t\t\t\t\t\t\t\t\t\t\t<label for=\"form-field-field_6df54b3\" class=\"elementor-field-label elementor-screen-only\">\n\t\t\t\t\t\t\t\t\u043c\u043e\u0431\u0438\u043b\u044c\u043d\u044b\u0439 \u0442\u0435\u043b\u0435\u0444\u043e\u043d\t\t\t\t\t\t\t<\/label>\n\t\t\t\t\t\t\t\t\t\t\t\t\t\t<input size=\"1\" type=\"text\" name=\"form_fields[field_6df54b3]\" id=\"form-field-field_6df54b3\" class=\"elementor-field elementor-size-lg  elementor-field-textual\" placeholder=\"\u041d\u043e\u043c\u0435\u0440 \u043c\u043e\u0431\u0438\u043b\u044c\u043d\u043e\u0433\u043e \u0442\u0435\u043b\u0435\u0444\u043e\u043d\u0430\">\n\t\t\t\t\t\t\t\t\t\t\t<\/div>\n\t\t\t\t\t\t\t\t<div class=\"elementor-field-type-email elementor-field-group elementor-column elementor-field-group-email elementor-col-50 elementor-md-50 elementor-field-required\">\n\t\t\t\t\t\t\t\t\t\t\t\t<label for=\"form-field-email\" class=\"elementor-field-label elementor-screen-only\">\n\t\t\t\t\t\t\t\te-mail\t\t\t\t\t\t\t<\/label>\n\t\t\t\t\t\t\t\t\t\t\t\t\t\t<input size=\"1\" type=\"email\" name=\"form_fields[email]\" id=\"form-field-email\" class=\"elementor-field elementor-size-lg  elementor-field-textual\" placeholder=\"Email*\" required=\"required\" aria-required=\"true\">\n\t\t\t\t\t\t\t\t\t\t\t<\/div>\n\t\t\t\t\t\t\t\t<div class=\"elementor-field-type-checkbox elementor-field-group elementor-column elementor-field-group-field_3c6dfe5 elementor-col-100 elementor-md-100\">\n\t\t\t\t\t\t\t\t\t\t\t\t<label for=\"form-field-field_3c6dfe5\" class=\"elementor-field-label elementor-screen-only\">\n\t\t\t\t\t\t\t\t\u0418\u043d\u0442\u0435\u0440\u0435\u0441\u044b\t\t\t\t\t\t\t<\/label>\n\t\t\t\t\t\t<div class=\"elementor-field-subgroup  \"><span class=\"elementor-field-option\"><input type=\"checkbox\" value=\"\u0424\u043e\u0440\u043c\u044b  \" id=\"form-field-field_3c6dfe5-0\" name=\"form_fields[field_3c6dfe5][]\"> <label for=\"form-field-field_3c6dfe5-0\">\u0424\u043e\u0440\u043c\u044b  <\/label><\/span><span class=\"elementor-field-option\"><input type=\"checkbox\" value=\"\u041f\u043e\u0434\u0434\u0435\u0440\u0436\u0438\u0432\u0430\u0435\u0442\" id=\"form-field-field_3c6dfe5-1\" name=\"form_fields[field_3c6dfe5][]\"> <label for=\"form-field-field_3c6dfe5-1\">\u041f\u043e\u0434\u0434\u0435\u0440\u0436\u0438\u0432\u0430\u0435\u0442<\/label><\/span><span class=\"elementor-field-option\"><input type=\"checkbox\" value=\"\u0421\u0442\u0440\u043e\u0438\u0442\u0435\u043b\u044c\u043d\u044b\u0435 \u043b\u0435\u0441\u0430\" id=\"form-field-field_3c6dfe5-2\" name=\"form_fields[field_3c6dfe5][]\"> <label for=\"form-field-field_3c6dfe5-2\">\u0421\u0442\u0440\u043e\u0438\u0442\u0435\u043b\u044c\u043d\u044b\u0435 \u043b\u0435\u0441\u0430<\/label><\/span><\/div>\t\t\t\t<\/div>\n\t\t\t\t\t\t\t\t<div class=\"elementor-field-type-acceptance elementor-field-group elementor-column elementor-field-group-field_ae8e3c9 elementor-col-100 elementor-md-100 elementor-field-required\">\n\t\t\t\t\t\t\t<div class=\"elementor-field-subgroup\">\n\t\t\t<span class=\"elementor-field-option\">\n\t\t\t\t<input type=\"checkbox\" name=\"form_fields[field_ae8e3c9]\" id=\"form-field-field_ae8e3c9\" class=\"elementor-field elementor-size-lg  elementor-acceptance-field\" required=\"required\" aria-required=\"true\">\n\t\t\t\t<label for=\"form-field-field_ae8e3c9\">\u042f \u043f\u0440\u043e\u0447\u0438\u0442\u0430\u043b <a href=\"https:\/\/stage.jh-itc.de\/ru\/%d0%b7%d0%b0%d1%89%d0%b8%d1%82%d0%b0-%d0%b4%d0%b0%d0%bd%d0%bd%d1%8b%d1%85\/\">\u043f\u043e\u043b\u0438\u0442\u0438\u043a\u0443 \u043a\u043e\u043d\u0444\u0438\u0434\u0435\u043d\u0446\u0438\u0430\u043b\u044c\u043d\u043e\u0441\u0442\u0438<\/a> \u0438 \u0441\u043e\u0433\u043b\u0430\u0441\u0435\u043d \u0441 \u0442\u0435\u043c, \u0447\u0442\u043e \u043c\u043e\u0438 \u0434\u0430\u043d\u043d\u044b\u0435 \u0431\u0443\u0434\u0443\u0442 \u0441\u043e\u0431\u0438\u0440\u0430\u0442\u044c\u0441\u044f, \u043e\u0431\u0440\u0430\u0431\u0430\u0442\u044b\u0432\u0430\u0442\u044c\u0441\u044f \u0438 \u0445\u0440\u0430\u043d\u0438\u0442\u044c\u0441\u044f \u0432 \u044d\u043b\u0435\u043a\u0442\u0440\u043e\u043d\u043d\u043e\u043c \u0432\u0438\u0434\u0435 \u0441 \u043e\u043f\u0440\u0435\u0434\u0435\u043b\u0435\u043d\u043d\u043e\u0439 \u0446\u0435\u043b\u044c\u044e.  \n<\/label>\t\t\t<\/span>\n\t\t<\/div>\n\t\t\t\t\t\t<\/div>\n\t\t\t\t\t\t\t\t<div class=\"elementor-field-group elementor-column elementor-field-type-submit elementor-col-100 e-form__buttons\">\n\t\t\t\t\t<button class=\"elementor-button elementor-size-sm\" type=\"submit\">\n\t\t\t\t\t\t<span class=\"elementor-button-content-wrapper\">\n\t\t\t\t\t\t\t\t\t\t\t\t\t\t\t\t\t\t\t\t\t\t<span class=\"elementor-button-text\">\u0412\u043e\u0439\u0434\u0438\u0442\u0435 \u0432 \u0441\u0438\u0441\u0442\u0435\u043c\u0443<\/span>\n\t\t\t\t\t\t\t\t\t\t\t\t\t<\/span>\n\t\t\t\t\t<\/button>\n\t\t\t\t<\/div>\n\t\t\t<\/div>\n\t\t<\/form>\n\t\t\t\t\t\t<\/div>\n\t\t\t\t<\/div>\n\t\t\t\t\t<\/div>\n\t\t<\/div>\n\t\t\t\t\t<\/div>\n\t\t<\/section>\n\t\t\t\t<\/div>\n\t\t","protected":false},"excerpt":{"rendered":"<p>\u0423\u0432\u0430\u0436\u0430\u0435\u043c\u044b\u0439 \u0433\u043e\u0441\u043f\u043e\u0434\u0438\u043d \u0438\u043b\u0438 \u0433\u043e\u0441\u043f\u043e\u0436\u0430, \u043c\u044b \u043f\u0440\u0435\u0434\u043b\u0430\u0433\u0430\u0435\u043c \u0412\u0430\u043c \u043f\u043e\u0434\u043f\u0438\u0441\u0430\u0442\u044c\u0441\u044f \u043d\u0430 \u043d\u0430\u0448\u0443 \u0440\u0430\u0441\u0441\u044b\u043b\u043a\u0443, \u0432 \u043a\u043e\u0442\u043e\u0440\u043e\u0439 \u0412\u044b \u043c\u043e\u0436\u0435\u0442\u0435 \u0432\u044b\u0431\u0440\u0430\u0442\u044c \u043d\u0435\u0441\u043a\u043e\u043b\u044c\u043a\u043e \u043e\u0431\u043b\u0430\u0441\u0442\u0435\u0439, \u043f\u0440\u0435\u0434\u0441\u0442\u0430\u0432\u043b\u044f\u044e\u0449\u0438\u0445 \u0438\u043d\u0442\u0435\u0440\u0435\u0441.<\/p>\n","protected":false},"author":4,"featured_media":38212,"parent":0,"menu_order":0,"comment_status":"closed","ping_status":"closed","template":"","meta":{"footnotes":""},"class_list":["post-47887","page","type-page","status-publish","has-post-thumbnail"],"yoast_head":"<!-- This site is optimized with the Yoast SEO plugin v26.5 - https:\/\/yoast.com\/wordpress\/plugins\/seo\/ -->\n<title>\u0420\u0435\u0433\u0438\u0441\u0442\u0440\u0430\u0446\u0438\u044f \u043d\u043e\u0432\u043e\u0441\u0442\u043d\u043e\u0439 \u0440\u0430\u0441\u0441\u044b\u043b\u043a\u0438 - JH - ITC GmbH<\/title>\n<meta name=\"robots\" content=\"noindex, follow, max-snippet:-1, max-image-preview:large, max-video-preview:-1\" \/>\n<meta property=\"og:locale\" content=\"ru_RU\" \/>\n<meta property=\"og:type\" content=\"article\" \/>\n<meta property=\"og:title\" content=\"\u0420\u0435\u0433\u0438\u0441\u0442\u0440\u0430\u0446\u0438\u044f \u043d\u043e\u0432\u043e\u0441\u0442\u043d\u043e\u0439 \u0440\u0430\u0441\u0441\u044b\u043b\u043a\u0438 - JH - ITC GmbH\" \/>\n<meta property=\"og:description\" content=\"\u0423\u0432\u0430\u0436\u0430\u0435\u043c\u044b\u0439 \u0433\u043e\u0441\u043f\u043e\u0434\u0438\u043d \u0438\u043b\u0438 \u0433\u043e\u0441\u043f\u043e\u0436\u0430, \u043c\u044b \u043f\u0440\u0435\u0434\u043b\u0430\u0433\u0430\u0435\u043c \u0412\u0430\u043c \u043f\u043e\u0434\u043f\u0438\u0441\u0430\u0442\u044c\u0441\u044f \u043d\u0430 \u043d\u0430\u0448\u0443 \u0440\u0430\u0441\u0441\u044b\u043b\u043a\u0443, \u0432 \u043a\u043e\u0442\u043e\u0440\u043e\u0439 \u0412\u044b \u043c\u043e\u0436\u0435\u0442\u0435 \u0432\u044b\u0431\u0440\u0430\u0442\u044c \u043d\u0435\u0441\u043a\u043e\u043b\u044c\u043a\u043e \u043e\u0431\u043b\u0430\u0441\u0442\u0435\u0439, \u043f\u0440\u0435\u0434\u0441\u0442\u0430\u0432\u043b\u044f\u044e\u0449\u0438\u0445 \u0438\u043d\u0442\u0435\u0440\u0435\u0441.\" \/>\n<meta property=\"og:url\" content=\"https:\/\/stage.jh-itc.de\/ru\/%d1%80%d0%b5%d0%b3%d0%b8%d1%81%d1%82%d1%80%d0%b0%d1%86%d0%b8%d1%8f-%d0%bd%d0%be%d0%b2%d0%be%d1%81%d1%82%d0%bd%d0%be%d0%b9-%d1%80%d0%b0%d1%81%d1%81%d1%8b%d0%bb%d0%ba%d0%b8\/\" \/>\n<meta property=\"og:site_name\" content=\"JH - ITC GmbH\" \/>\n<meta property=\"article:publisher\" content=\"https:\/\/www.facebook.com\/schalungshandel\" \/>\n<meta property=\"article:modified_time\" content=\"2024-10-16T11:43:32+00:00\" \/>\n<meta property=\"og:image\" content=\"https:\/\/stage.jh-itc.de\/wp-content\/uploads\/2022\/02\/Peri-Up-Stuetzturm-MDS_www.jh-itc.de-2.jpg\" \/>\n\t<meta property=\"og:image:width\" content=\"2016\" \/>\n\t<meta property=\"og:image:height\" content=\"1512\" \/>\n\t<meta property=\"og:image:type\" content=\"image\/jpeg\" \/>\n<meta name=\"twitter:card\" content=\"summary_large_image\" \/>\n<meta name=\"twitter:site\" content=\"@JH_ITC\" \/>\n<!-- \/ Yoast SEO plugin. -->","yoast_head_json":{"title":"\u0420\u0435\u0433\u0438\u0441\u0442\u0440\u0430\u0446\u0438\u044f \u043d\u043e\u0432\u043e\u0441\u0442\u043d\u043e\u0439 \u0440\u0430\u0441\u0441\u044b\u043b\u043a\u0438 - JH - ITC GmbH","robots":{"index":"noindex","follow":"follow","max-snippet":"max-snippet:-1","max-image-preview":"max-image-preview:large","max-video-preview":"max-video-preview:-1"},"og_locale":"ru_RU","og_type":"article","og_title":"\u0420\u0435\u0433\u0438\u0441\u0442\u0440\u0430\u0446\u0438\u044f \u043d\u043e\u0432\u043e\u0441\u0442\u043d\u043e\u0439 \u0440\u0430\u0441\u0441\u044b\u043b\u043a\u0438 - JH - ITC GmbH","og_description":"\u0423\u0432\u0430\u0436\u0430\u0435\u043c\u044b\u0439 \u0433\u043e\u0441\u043f\u043e\u0434\u0438\u043d \u0438\u043b\u0438 \u0433\u043e\u0441\u043f\u043e\u0436\u0430, \u043c\u044b \u043f\u0440\u0435\u0434\u043b\u0430\u0433\u0430\u0435\u043c \u0412\u0430\u043c \u043f\u043e\u0434\u043f\u0438\u0441\u0430\u0442\u044c\u0441\u044f \u043d\u0430 \u043d\u0430\u0448\u0443 \u0440\u0430\u0441\u0441\u044b\u043b\u043a\u0443, \u0432 \u043a\u043e\u0442\u043e\u0440\u043e\u0439 \u0412\u044b \u043c\u043e\u0436\u0435\u0442\u0435 \u0432\u044b\u0431\u0440\u0430\u0442\u044c \u043d\u0435\u0441\u043a\u043e\u043b\u044c\u043a\u043e \u043e\u0431\u043b\u0430\u0441\u0442\u0435\u0439, \u043f\u0440\u0435\u0434\u0441\u0442\u0430\u0432\u043b\u044f\u044e\u0449\u0438\u0445 \u0438\u043d\u0442\u0435\u0440\u0435\u0441.","og_url":"https:\/\/stage.jh-itc.de\/ru\/%d1%80%d0%b5%d0%b3%d0%b8%d1%81%d1%82%d1%80%d0%b0%d1%86%d0%b8%d1%8f-%d0%bd%d0%be%d0%b2%d0%be%d1%81%d1%82%d0%bd%d0%be%d0%b9-%d1%80%d0%b0%d1%81%d1%81%d1%8b%d0%bb%d0%ba%d0%b8\/","og_site_name":"JH - ITC GmbH","article_publisher":"https:\/\/www.facebook.com\/schalungshandel","article_modified_time":"2024-10-16T11:43:32+00:00","og_image":[{"width":2016,"height":1512,"url":"https:\/\/stage.jh-itc.de\/wp-content\/uploads\/2022\/02\/Peri-Up-Stuetzturm-MDS_www.jh-itc.de-2.jpg","type":"image\/jpeg"}],"twitter_card":"summary_large_image","twitter_site":"@JH_ITC","schema":{"@context":"https:\/\/schema.org","@graph":[{"@type":"WebPage","@id":"https:\/\/stage.jh-itc.de\/ru\/%d1%80%d0%b5%d0%b3%d0%b8%d1%81%d1%82%d1%80%d0%b0%d1%86%d0%b8%d1%8f-%d0%bd%d0%be%d0%b2%d0%be%d1%81%d1%82%d0%bd%d0%be%d0%b9-%d1%80%d0%b0%d1%81%d1%81%d1%8b%d0%bb%d0%ba%d0%b8\/","url":"https:\/\/stage.jh-itc.de\/ru\/%d1%80%d0%b5%d0%b3%d0%b8%d1%81%d1%82%d1%80%d0%b0%d1%86%d0%b8%d1%8f-%d0%bd%d0%be%d0%b2%d0%be%d1%81%d1%82%d0%bd%d0%be%d0%b9-%d1%80%d0%b0%d1%81%d1%81%d1%8b%d0%bb%d0%ba%d0%b8\/","name":"\u0420\u0435\u0433\u0438\u0441\u0442\u0440\u0430\u0446\u0438\u044f \u043d\u043e\u0432\u043e\u0441\u0442\u043d\u043e\u0439 \u0440\u0430\u0441\u0441\u044b\u043b\u043a\u0438 - JH - ITC GmbH","isPartOf":{"@id":"https:\/\/stage.jh-itc.de\/ru\/#website"},"primaryImageOfPage":{"@id":"https:\/\/stage.jh-itc.de\/ru\/%d1%80%d0%b5%d0%b3%d0%b8%d1%81%d1%82%d1%80%d0%b0%d1%86%d0%b8%d1%8f-%d0%bd%d0%be%d0%b2%d0%be%d1%81%d1%82%d0%bd%d0%be%d0%b9-%d1%80%d0%b0%d1%81%d1%81%d1%8b%d0%bb%d0%ba%d0%b8\/#primaryimage"},"image":{"@id":"https:\/\/stage.jh-itc.de\/ru\/%d1%80%d0%b5%d0%b3%d0%b8%d1%81%d1%82%d1%80%d0%b0%d1%86%d0%b8%d1%8f-%d0%bd%d0%be%d0%b2%d0%be%d1%81%d1%82%d0%bd%d0%be%d0%b9-%d1%80%d0%b0%d1%81%d1%81%d1%8b%d0%bb%d0%ba%d0%b8\/#primaryimage"},"thumbnailUrl":"https:\/\/stage.jh-itc.de\/wp-content\/uploads\/2022\/02\/Peri-Up-Stuetzturm-MDS_www.jh-itc.de-2.jpg","datePublished":"2024-09-03T14:55:41+00:00","dateModified":"2024-10-16T11:43:32+00:00","breadcrumb":{"@id":"https:\/\/stage.jh-itc.de\/ru\/%d1%80%d0%b5%d0%b3%d0%b8%d1%81%d1%82%d1%80%d0%b0%d1%86%d0%b8%d1%8f-%d0%bd%d0%be%d0%b2%d0%be%d1%81%d1%82%d0%bd%d0%be%d0%b9-%d1%80%d0%b0%d1%81%d1%81%d1%8b%d0%bb%d0%ba%d0%b8\/#breadcrumb"},"inLanguage":"ru-RU","potentialAction":[{"@type":"ReadAction","target":["https:\/\/stage.jh-itc.de\/ru\/%d1%80%d0%b5%d0%b3%d0%b8%d1%81%d1%82%d1%80%d0%b0%d1%86%d0%b8%d1%8f-%d0%bd%d0%be%d0%b2%d0%be%d1%81%d1%82%d0%bd%d0%be%d0%b9-%d1%80%d0%b0%d1%81%d1%81%d1%8b%d0%bb%d0%ba%d0%b8\/"]}]},{"@type":"ImageObject","inLanguage":"ru-RU","@id":"https:\/\/stage.jh-itc.de\/ru\/%d1%80%d0%b5%d0%b3%d0%b8%d1%81%d1%82%d1%80%d0%b0%d1%86%d0%b8%d1%8f-%d0%bd%d0%be%d0%b2%d0%be%d1%81%d1%82%d0%bd%d0%be%d0%b9-%d1%80%d0%b0%d1%81%d1%81%d1%8b%d0%bb%d0%ba%d0%b8\/#primaryimage","url":"https:\/\/stage.jh-itc.de\/wp-content\/uploads\/2022\/02\/Peri-Up-Stuetzturm-MDS_www.jh-itc.de-2.jpg","contentUrl":"https:\/\/stage.jh-itc.de\/wp-content\/uploads\/2022\/02\/Peri-Up-Stuetzturm-MDS_www.jh-itc.de-2.jpg","width":2016,"height":1512},{"@type":"BreadcrumbList","@id":"https:\/\/stage.jh-itc.de\/ru\/%d1%80%d0%b5%d0%b3%d0%b8%d1%81%d1%82%d1%80%d0%b0%d1%86%d0%b8%d1%8f-%d0%bd%d0%be%d0%b2%d0%be%d1%81%d1%82%d0%bd%d0%be%d0%b9-%d1%80%d0%b0%d1%81%d1%81%d1%8b%d0%bb%d0%ba%d0%b8\/#breadcrumb","itemListElement":[{"@type":"ListItem","position":1,"name":"Home","item":"https:\/\/stage.jh-itc.de\/ru\/%d0%be%d0%bf%d0%b0%d0%bb%d1%83%d0%b1%d0%ba%d0%b0-%d1%81%d1%82%d0%be%d0%b9%d0%ba%d0%b8-%d0%b8-%d1%81%d1%82%d1%80%d0%be%d0%b8%d1%82%d0%b5%d0%bb%d1%8c%d0%bd%d1%8b%d0%b5-%d0%bb%d0%b5%d1%81%d0%b0-%d0%be\/"},{"@type":"ListItem","position":2,"name":"\u0420\u0435\u0433\u0438\u0441\u0442\u0440\u0430\u0446\u0438\u044f \u043d\u043e\u0432\u043e\u0441\u0442\u043d\u043e\u0439 \u0440\u0430\u0441\u0441\u044b\u043b\u043a\u0438"}]},{"@type":"WebSite","@id":"https:\/\/stage.jh-itc.de\/ru\/#website","url":"https:\/\/stage.jh-itc.de\/ru\/","name":"JH - ITC GmbH","description":"Ihr Experte f\u00fcr gebrauchte St\u00fctzen, Schalungen und Ger\u00fcste","publisher":{"@id":"https:\/\/stage.jh-itc.de\/ru\/#organization"},"potentialAction":[{"@type":"SearchAction","target":{"@type":"EntryPoint","urlTemplate":"https:\/\/stage.jh-itc.de\/ru\/?s={search_term_string}"},"query-input":{"@type":"PropertyValueSpecification","valueRequired":true,"valueName":"search_term_string"}}],"inLanguage":"ru-RU"},{"@type":"Organization","@id":"https:\/\/stage.jh-itc.de\/ru\/#organization","name":"JH-ITC GmbH","url":"https:\/\/stage.jh-itc.de\/ru\/","logo":{"@type":"ImageObject","inLanguage":"ru-RU","@id":"https:\/\/stage.jh-itc.de\/ru\/#\/schema\/logo\/image\/","url":"https:\/\/stage.jh-itc.de\/wp-content\/uploads\/2016\/01\/JH-ITC2-1.png","contentUrl":"https:\/\/stage.jh-itc.de\/wp-content\/uploads\/2016\/01\/JH-ITC2-1.png","width":300,"height":102,"caption":"JH-ITC GmbH"},"image":{"@id":"https:\/\/stage.jh-itc.de\/ru\/#\/schema\/logo\/image\/"},"sameAs":["https:\/\/www.facebook.com\/schalungshandel","https:\/\/x.com\/JH_ITC","https:\/\/www.linkedin.com\/in\/jhitc","https:\/\/youtu.be\/rMdZ-FLfI-Y"]}]}},"_links":{"self":[{"href":"https:\/\/stage.jh-itc.de\/ru\/wp-json\/wp\/v2\/pages\/47887","targetHints":{"allow":["GET"]}}],"collection":[{"href":"https:\/\/stage.jh-itc.de\/ru\/wp-json\/wp\/v2\/pages"}],"about":[{"href":"https:\/\/stage.jh-itc.de\/ru\/wp-json\/wp\/v2\/types\/page"}],"author":[{"embeddable":true,"href":"https:\/\/stage.jh-itc.de\/ru\/wp-json\/wp\/v2\/users\/4"}],"replies":[{"embeddable":true,"href":"https:\/\/stage.jh-itc.de\/ru\/wp-json\/wp\/v2\/comments?post=47887"}],"version-history":[{"count":6,"href":"https:\/\/stage.jh-itc.de\/ru\/wp-json\/wp\/v2\/pages\/47887\/revisions"}],"predecessor-version":[{"id":92289,"href":"https:\/\/stage.jh-itc.de\/ru\/wp-json\/wp\/v2\/pages\/47887\/revisions\/92289"}],"wp:featuredmedia":[{"embeddable":true,"href":"https:\/\/stage.jh-itc.de\/ru\/wp-json\/wp\/v2\/media\/38212"}],"wp:attachment":[{"href":"https:\/\/stage.jh-itc.de\/ru\/wp-json\/wp\/v2\/media?parent=47887"}],"curies":[{"name":"wp","href":"https:\/\/api.w.org\/{rel}","templated":true}]}}