{"id":43697,"date":"2023-04-26T10:12:50","date_gmt":"2023-04-26T08:12:50","guid":{"rendered":"https:\/\/www.jh-itc.de\/%d0%be%d1%82%d1%82%d0%b8%d1%81%d0%ba\/"},"modified":"2023-04-26T10:12:50","modified_gmt":"2023-04-26T08:12:50","slug":"%d0%be%d1%82%d1%82%d0%b8%d1%81%d0%ba","status":"publish","type":"page","link":"https:\/\/stage.jh-itc.de\/ru\/%d0%be%d1%82%d1%82%d0%b8%d1%81%d0%ba\/","title":{"rendered":"\u041e\u0442\u0442\u0438\u0441\u043a"},"content":{"rendered":"<h2><strong>\u041e\u0442\u0442\u0438\u0441\u043a:<\/strong><\/h2>\n<hr>\n<p><strong>JH &#8211; ITC GmbH<br \/>\n<\/strong><em>\u0423\u043f\u0440\u0430\u0432\u043b\u044f\u044e\u0449\u0438\u0439 \u0434\u0438\u0440\u0435\u043a\u0442\u043e\u0440: \u0419\u043e\u0445\u0435\u043d \u0425\u0430\u0439\u043d<\/em><br \/>\n\u0420\u044b\u043d\u043e\u0447\u043d\u0430\u044f \u0443\u043b\u0438\u0446\u0430 15<br \/>\n89362 \u041e\u0444\u0444\u0438\u043d\u0433\u0435\u043d\/\u0411\u0430\u0432\u0430\u0440\u0438\u044f<\/p>\n<p>\u0422\u0435\u043b. +49 (0) 731 801 59590<br \/>\n\u0424\u0430\u043a\u0441. +49 (0) 8224 &#8211; 80 45 763<br \/>\ne-mail: <a href=\"mailto:info@jh-itc.de\" target=\"_blank\" rel=\"noopener\">info@jh-itc.de<\/a><\/p>\n<p>\u0418\u0414\u0415\u041d\u0422\u0418\u0424\u0418\u041a\u0410\u0422\u041e\u0420 \u041d\u0414\u0421. \u2116 DE 271 430 794<br \/>\n\u041c\u0435\u0441\u0442\u043d\u044b\u0439 \u0441\u0443\u0434 \u041c\u0435\u043c\u043c\u0438\u043d\u0433\u0435\u043d\u0430<br \/>\nHRB: 14149<\/p>\n<p>\u0418\u043d\u0442\u0435\u0440\u043d\u0435\u0442-\u0430\u0433\u0435\u043d\u0442\u0441\u0442\u0432\u043e \u043f\u043e\u043b\u043d\u043e\u0433\u043e \u0446\u0438\u043a\u043b\u0430 <a title=\"OMSAG\" href=\"http:\/\/www.omsag.de\/\" target=\"_blank\" rel=\"noopener\">OMSAG<\/a> \u043f\u0440\u0435\u0434\u043b\u0430\u0433\u0430\u0435\u0442 \u0432\u0435\u0441\u044c \u0441\u043f\u0435\u043a\u0442\u0440 \u0443\u0441\u043b\u0443\u0433 \u043f\u043e \u043a\u043e\u043c\u043f\u043b\u0435\u043a\u0441\u043d\u043e\u043c\u0443 \u0432\u0435\u0431-\u043c\u0430\u0440\u043a\u0435\u0442\u0438\u043d\u0433\u0443<\/p>\n<p>\u041f\u043e\u0438\u0441\u043a\u043e\u0432\u0430\u044f \u0440\u0435\u043a\u043b\u0430\u043c\u0430 \u0441 \u043f\u043e\u043c\u043e\u0449\u044c\u044e Google Ads \u0441 <a href=\"https:\/\/www.martingonev.de\/\">https:\/\/www.martingonev.de\/<\/a><\/p>\n<hr>\n<p><strong>\u0410\u0432\u0442\u043e\u0440\u0441\u043a\u043e\u0435 \u043f\u0440\u0430\u0432\u043e \u0438 \u043e\u0442\u043a\u0430\u0437 \u043e\u0442 \u043e\u0442\u0432\u0435\u0442\u0441\u0442\u0432\u0435\u043d\u043d\u043e\u0441\u0442\u0438<\/strong><\/p>\n<p>\u0412\u0441\u0435 \u0441\u043e\u0434\u0435\u0440\u0436\u0438\u043c\u043e\u0435 \u0437\u0430\u0449\u0438\u0449\u0435\u043d\u043e \u0430\u0432\u0442\u043e\u0440\u0441\u043a\u0438\u043c \u043f\u0440\u0430\u0432\u043e\u043c. \u041e\u043d\u0438 \u043c\u043e\u0433\u0443\u0442 \u0431\u044b\u0442\u044c \u0438\u0441\u043f\u043e\u043b\u044c\u0437\u043e\u0432\u0430\u043d\u044b, \u0434\u0430\u0436\u0435 \u0432 \u043a\u043e\u043c\u043c\u0435\u0440\u0447\u0435\u0441\u043a\u0438\u0445 \u0446\u0435\u043b\u044f\u0445, \u0442\u043e\u043b\u044c\u043a\u043e \u0432 \u0442\u043e\u043c \u0441\u043b\u0443\u0447\u0430\u0435, \u0435\u0441\u043b\u0438 \u043f\u043e\u0434 \u0438\u0437\u0432\u043b\u0435\u0447\u0435\u043d\u043d\u044b\u043c \u0441\u043e\u0434\u0435\u0440\u0436\u0438\u043c\u044b\u043c \u0443\u043a\u0430\u0437\u0430\u043d \u0438\u0441\u0442\u043e\u0447\u043d\u0438\u043a \u0438 \u0443\u0441\u0442\u0430\u043d\u043e\u0432\u043b\u0435\u043d\u0430 \u0441\u0441\u044b\u043b\u043a\u0430 \u043d\u0430 URL www.jh-itc.de.<\/p>\n<h4><strong>\u0421\u0441\u044b\u043b\u043a\u0438 \u0438 \u0443\u043f\u043e\u043c\u0438\u043d\u0430\u043d\u0438\u044f<\/strong><\/h4>\n<p>\u0412 \u0441\u043b\u0443\u0447\u0430\u0435 \u043f\u0440\u044f\u043c\u044b\u0445 \u0438\u043b\u0438 \u043a\u043e\u0441\u0432\u0435\u043d\u043d\u044b\u0445 \u0441\u0441\u044b\u043b\u043e\u043a \u043d\u0430 \u0432\u043d\u0435\u0448\u043d\u0438\u0435 \u0432\u0435\u0431-\u0441\u0430\u0439\u0442\u044b (&#8220;\u0433\u0438\u043f\u0435\u0440\u0441\u0441\u044b\u043b\u043a\u0438&#8221;), \u043a\u043e\u0442\u043e\u0440\u044b\u0435 \u043d\u0430\u0445\u043e\u0434\u044f\u0442\u0441\u044f \u0432\u043d\u0435 \u0437\u043e\u043d\u044b \u043e\u0442\u0432\u0435\u0442\u0441\u0442\u0432\u0435\u043d\u043d\u043e\u0441\u0442\u0438 \u0430\u0432\u0442\u043e\u0440\u0430, \u043e\u0431\u044f\u0437\u0430\u0442\u0435\u043b\u044c\u0441\u0442\u0432\u043e \u043e\u0431 \u043e\u0442\u0432\u0435\u0442\u0441\u0442\u0432\u0435\u043d\u043d\u043e\u0441\u0442\u0438 \u0432\u0441\u0442\u0443\u043f\u0430\u0435\u0442 \u0432 \u0441\u0438\u043b\u0443 \u0442\u043e\u043b\u044c\u043a\u043e \u0432 \u0442\u043e\u043c \u0441\u043b\u0443\u0447\u0430\u0435, \u0435\u0441\u043b\u0438 \u0430\u0432\u0442\u043e\u0440 \u0437\u043d\u0430\u043b \u043e \u0441\u043e\u0434\u0435\u0440\u0436\u0430\u043d\u0438\u0438 \u0438 \u0434\u043b\u044f \u043d\u0435\u0433\u043e \u0431\u044b\u043b\u043e \u0431\u044b \u0442\u0435\u0445\u043d\u0438\u0447\u0435\u0441\u043a\u0438 \u0432\u043e\u0437\u043c\u043e\u0436\u043d\u043e \u0438 \u0440\u0430\u0437\u0443\u043c\u043d\u043e \u043f\u0440\u0435\u0434\u043e\u0442\u0432\u0440\u0430\u0442\u0438\u0442\u044c \u0438\u0441\u043f\u043e\u043b\u044c\u0437\u043e\u0432\u0430\u043d\u0438\u0435 \u0432 \u0441\u043b\u0443\u0447\u0430\u0435 \u043d\u0435\u0437\u0430\u043a\u043e\u043d\u043d\u043e\u0433\u043e \u0441\u043e\u0434\u0435\u0440\u0436\u0430\u043d\u0438\u044f.<\/p>\n<p>\u0410\u0432\u0442\u043e\u0440 \u043d\u0430\u0441\u0442\u043e\u044f\u0449\u0438\u043c \u0437\u0430\u044f\u0432\u043b\u044f\u0435\u0442, \u0447\u0442\u043e \u043d\u0430 \u043c\u043e\u043c\u0435\u043d\u0442 \u0441\u043e\u0437\u0434\u0430\u043d\u0438\u044f \u0441\u0441\u044b\u043b\u043e\u043a, \u043d\u0430 \u0441\u0442\u0440\u0430\u043d\u0438\u0446\u0430\u0445, \u043d\u0430 \u043a\u043e\u0442\u043e\u0440\u044b\u0435 \u0434\u0430\u043d\u044b \u0441\u0441\u044b\u043b\u043a\u0438, \u043d\u0435 \u0431\u044b\u043b\u043e \u043e\u0431\u043d\u0430\u0440\u0443\u0436\u0435\u043d\u043e \u043d\u0438\u043a\u0430\u043a\u043e\u0433\u043e \u043d\u0435\u0437\u0430\u043a\u043e\u043d\u043d\u043e\u0433\u043e \u0441\u043e\u0434\u0435\u0440\u0436\u0430\u043d\u0438\u044f. \u0410\u0432\u0442\u043e\u0440 \u043d\u0435 \u0438\u043c\u0435\u0435\u0442 \u043d\u0438\u043a\u0430\u043a\u043e\u0433\u043e \u0432\u043b\u0438\u044f\u043d\u0438\u044f \u043d\u0430 \u0442\u0435\u043a\u0443\u0449\u0438\u0439 \u0438 \u0431\u0443\u0434\u0443\u0449\u0438\u0439 \u0434\u0438\u0437\u0430\u0439\u043d, \u0441\u043e\u0434\u0435\u0440\u0436\u0430\u043d\u0438\u0435 \u0438\u043b\u0438 \u0430\u0432\u0442\u043e\u0440\u0441\u0442\u0432\u043e \u0441\u0442\u0440\u0430\u043d\u0438\u0446, \u043d\u0430 \u043a\u043e\u0442\u043e\u0440\u044b\u0435 \u0432\u0435\u0434\u0443\u0442 \u0441\u0441\u044b\u043b\u043a\u0438. \u041f\u043e \u044d\u0442\u043e\u0439 \u043f\u0440\u0438\u0447\u0438\u043d\u0435 \u0430\u0432\u0442\u043e\u0440 \u043d\u0430\u0441\u0442\u043e\u044f\u0449\u0438\u043c \u043f\u0440\u044f\u043c\u043e \u0434\u0438\u0441\u0442\u0430\u043d\u0446\u0438\u0440\u0443\u0435\u0442\u0441\u044f \u043e\u0442 \u0441\u043e\u0434\u0435\u0440\u0436\u0430\u043d\u0438\u044f \u0432\u0441\u0435\u0445 \u0441\u0432\u044f\u0437\u0430\u043d\u043d\u044b\u0445 \u0441\u0441\u044b\u043b\u043a\u0430\u043c\u0438 \u0441\u0442\u0440\u0430\u043d\u0438\u0446, \u043a\u043e\u0442\u043e\u0440\u044b\u0435 \u0431\u044b\u043b\u0438 \u0438\u0437\u043c\u0435\u043d\u0435\u043d\u044b \u043f\u043e\u0441\u043b\u0435 \u0441\u043e\u0437\u0434\u0430\u043d\u0438\u044f \u0441\u0441\u044b\u043b\u043a\u0438. \u0414\u0430\u043d\u043d\u043e\u0435 \u043f\u043e\u043b\u043e\u0436\u0435\u043d\u0438\u0435 \u0440\u0430\u0441\u043f\u0440\u043e\u0441\u0442\u0440\u0430\u043d\u044f\u0435\u0442\u0441\u044f \u043d\u0430 \u0432\u0441\u0435 \u0441\u0441\u044b\u043b\u043a\u0438 \u0438 \u0443\u043f\u043e\u043c\u0438\u043d\u0430\u043d\u0438\u044f, \u0443\u0441\u0442\u0430\u043d\u043e\u0432\u043b\u0435\u043d\u043d\u044b\u0435 \u043d\u0430 \u0441\u043e\u0431\u0441\u0442\u0432\u0435\u043d\u043d\u043e\u043c \u0441\u0430\u0439\u0442\u0435 \u0430\u0432\u0442\u043e\u0440\u0430, \u0430 \u0442\u0430\u043a\u0436\u0435 \u043d\u0430 \u0441\u0442\u043e\u0440\u043e\u043d\u043d\u0438\u0435 \u0437\u0430\u043f\u0438\u0441\u0438 \u0432 \u0433\u043e\u0441\u0442\u0435\u0432\u044b\u0445 \u043a\u043d\u0438\u0433\u0430\u0445, \u0434\u0438\u0441\u043a\u0443\u0441\u0441\u0438\u043e\u043d\u043d\u044b\u0445 \u0444\u043e\u0440\u0443\u043c\u0430\u0445, \u043a\u0430\u0442\u0430\u043b\u043e\u0433\u0430\u0445 \u0441\u0441\u044b\u043b\u043e\u043a, \u0441\u043f\u0438\u0441\u043a\u0430\u0445 \u0440\u0430\u0441\u0441\u044b\u043b\u043a\u0438 \u0438 \u0432\u0441\u0435\u0445 \u0434\u0440\u0443\u0433\u0438\u0445 \u0444\u043e\u0440\u043c\u0430\u0445 \u0431\u0430\u0437 \u0434\u0430\u043d\u043d\u044b\u0445, \u0441\u043e\u0437\u0434\u0430\u043d\u043d\u044b\u0445 \u0430\u0432\u0442\u043e\u0440\u043e\u043c, \u043a \u043a\u043e\u0442\u043e\u0440\u044b\u043c \u0432\u043e\u0437\u043c\u043e\u0436\u0435\u043d \u0432\u043d\u0435\u0448\u043d\u0438\u0439 \u0434\u043e\u0441\u0442\u0443\u043f \u0434\u043b\u044f \u0437\u0430\u043f\u0438\u0441\u0438. \u0417\u0430 \u043d\u0435\u0437\u0430\u043a\u043e\u043d\u043d\u043e\u0435, \u043d\u0435\u043f\u0440\u0430\u0432\u0438\u043b\u044c\u043d\u043e\u0435 \u0438\u043b\u0438 \u043d\u0435\u043f\u043e\u043b\u043d\u043e\u0435 \u0441\u043e\u0434\u0435\u0440\u0436\u0430\u043d\u0438\u0435 \u0438, \u0432 \u0447\u0430\u0441\u0442\u043d\u043e\u0441\u0442\u0438, \u0437\u0430 \u0443\u0449\u0435\u0440\u0431, \u0432\u043e\u0437\u043d\u0438\u043a\u0448\u0438\u0439 \u0432 \u0440\u0435\u0437\u0443\u043b\u044c\u0442\u0430\u0442\u0435 \u0438\u0441\u043f\u043e\u043b\u044c\u0437\u043e\u0432\u0430\u043d\u0438\u044f \u0438\u043b\u0438 \u043d\u0435\u0438\u0441\u043f\u043e\u043b\u044c\u0437\u043e\u0432\u0430\u043d\u0438\u044f \u0442\u0430\u043a\u043e\u0439 \u0438\u043d\u0444\u043e\u0440\u043c\u0430\u0446\u0438\u0438, \u043e\u0442\u0432\u0435\u0442\u0441\u0442\u0432\u0435\u043d\u043d\u043e\u0441\u0442\u044c \u043d\u0435\u0441\u0435\u0442 \u0438\u0441\u043a\u043b\u044e\u0447\u0438\u0442\u0435\u043b\u044c\u043d\u043e \u043f\u043e\u0441\u0442\u0430\u0432\u0449\u0438\u043a \u0441\u0442\u0440\u0430\u043d\u0438\u0446\u044b, \u043d\u0430 \u043a\u043e\u0442\u043e\u0440\u0443\u044e \u0434\u0435\u043b\u0430\u0435\u0442\u0441\u044f \u0441\u0441\u044b\u043b\u043a\u0430, \u0430 \u043d\u0435 \u0442\u0430 \u0441\u0442\u043e\u0440\u043e\u043d\u0430, \u043a\u043e\u0442\u043e\u0440\u0430\u044f \u043f\u0440\u043e\u0441\u0442\u043e \u0441\u0441\u044b\u043b\u0430\u0435\u0442\u0441\u044f \u043d\u0430 \u0441\u043e\u043e\u0442\u0432\u0435\u0442\u0441\u0442\u0432\u0443\u044e\u0449\u0443\u044e \u043f\u0443\u0431\u043b\u0438\u043a\u0430\u0446\u0438\u044e \u043f\u043e\u0441\u0440\u0435\u0434\u0441\u0442\u0432\u043e\u043c \u0441\u0441\u044b\u043b\u043e\u043a.<\/p>\n<h4><\/h4>\n<h4><strong>\u0410\u0432\u0442\u043e\u0440\u0441\u043a\u043e\u0435 \u043f\u0440\u0430\u0432\u043e \u0438 \u0437\u0430\u043a\u043e\u043d\u043e\u0434\u0430\u0442\u0435\u043b\u044c\u0441\u0442\u0432\u043e \u043e \u0442\u043e\u0432\u0430\u0440\u043d\u044b\u0445 \u0437\u043d\u0430\u043a\u0430\u0445<\/strong><\/h4>\n<p>\u0410\u0432\u0442\u043e\u0440 \u0441\u0442\u0440\u0435\u043c\u0438\u0442\u0441\u044f \u0441\u043e\u0431\u043b\u044e\u0434\u0430\u0442\u044c \u0430\u0432\u0442\u043e\u0440\u0441\u043a\u0438\u0435 \u043f\u0440\u0430\u0432\u0430 \u043d\u0430 \u0433\u0440\u0430\u0444\u0438\u043a\u0443, \u0437\u0432\u0443\u043a\u043e\u0432\u044b\u0435 \u0434\u043e\u043a\u0443\u043c\u0435\u043d\u0442\u044b, \u0432\u0438\u0434\u0435\u043e\u0440\u044f\u0434 \u0438 \u0442\u0435\u043a\u0441\u0442\u044b, \u0438\u0441\u043f\u043e\u043b\u044c\u0437\u0443\u0435\u043c\u044b\u0435 \u0432\u043e \u0432\u0441\u0435\u0445 \u043f\u0443\u0431\u043b\u0438\u043a\u0430\u0446\u0438\u044f\u0445, \u0438\u0441\u043f\u043e\u043b\u044c\u0437\u043e\u0432\u0430\u0442\u044c \u0433\u0440\u0430\u0444\u0438\u043a\u0443, \u0437\u0432\u0443\u043a\u043e\u0432\u044b\u0435 \u0434\u043e\u043a\u0443\u043c\u0435\u043d\u0442\u044b, \u0432\u0438\u0434\u0435\u043e\u0440\u044f\u0434 \u0438 \u0442\u0435\u043a\u0441\u0442\u044b, \u0441\u043e\u0437\u0434\u0430\u043d\u043d\u044b\u0435 \u0438\u043c \u0441\u0430\u043c\u0438\u043c \u0438\u043b\u0438 \u0438\u0441\u043f\u043e\u043b\u044c\u0437\u043e\u0432\u0430\u0442\u044c \u0433\u0440\u0430\u0444\u0438\u043a\u0443, \u0437\u0432\u0443\u043a\u043e\u0432\u044b\u0435 \u0434\u043e\u043a\u0443\u043c\u0435\u043d\u0442\u044b, \u0432\u0438\u0434\u0435\u043e\u0440\u044f\u0434 \u0438 \u0442\u0435\u043a\u0441\u0442\u044b \u0431\u0435\u0437 \u043b\u0438\u0446\u0435\u043d\u0437\u0438\u0438. \u0412\u0441\u0435 \u043d\u0430\u0437\u0432\u0430\u043d\u0438\u044f \u043c\u0430\u0440\u043e\u043a \u0438 \u0442\u043e\u0432\u0430\u0440\u043d\u044b\u0435 \u0437\u043d\u0430\u043a\u0438, \u0443\u043f\u043e\u043c\u044f\u043d\u0443\u0442\u044b\u0435 \u043d\u0430 \u0441\u0430\u0439\u0442\u0435 \u0438, \u0432\u043e\u0437\u043c\u043e\u0436\u043d\u043e, \u0437\u0430\u0449\u0438\u0449\u0435\u043d\u043d\u044b\u0435 \u0442\u0440\u0435\u0442\u044c\u0438\u043c\u0438 \u043b\u0438\u0446\u0430\u043c\u0438, \u0431\u0435\u0437 \u043e\u0433\u0440\u0430\u043d\u0438\u0447\u0435\u043d\u0438\u0439 \u043f\u043e\u0434\u0447\u0438\u043d\u044f\u044e\u0442\u0441\u044f \u043f\u043e\u043b\u043e\u0436\u0435\u043d\u0438\u044f\u043c \u0434\u0435\u0439\u0441\u0442\u0432\u0443\u044e\u0449\u0435\u0433\u043e \u0437\u0430\u043a\u043e\u043d\u043e\u0434\u0430\u0442\u0435\u043b\u044c\u0441\u0442\u0432\u0430 \u043e \u0442\u043e\u0432\u0430\u0440\u043d\u044b\u0445 \u0437\u043d\u0430\u043a\u0430\u0445 \u0438 \u043f\u0440\u0430\u0432\u0430\u043c \u0441\u043e\u0431\u0441\u0442\u0432\u0435\u043d\u043d\u043e\u0441\u0442\u0438 \u0441\u043e\u043e\u0442\u0432\u0435\u0442\u0441\u0442\u0432\u0443\u044e\u0449\u0438\u0445 \u0437\u0430\u0440\u0435\u0433\u0438\u0441\u0442\u0440\u0438\u0440\u043e\u0432\u0430\u043d\u043d\u044b\u0445 \u0432\u043b\u0430\u0434\u0435\u043b\u044c\u0446\u0435\u0432. \u041f\u0440\u043e\u0441\u0442\u043e\u0435 \u0443\u043f\u043e\u043c\u0438\u043d\u0430\u043d\u0438\u0435 \u0442\u043e\u0432\u0430\u0440\u043d\u043e\u0433\u043e \u0437\u043d\u0430\u043a\u0430 \u043d\u0435 \u043e\u0437\u043d\u0430\u0447\u0430\u0435\u0442, \u0447\u0442\u043e \u043e\u043d \u043d\u0435 \u0437\u0430\u0449\u0438\u0449\u0435\u043d \u043f\u0440\u0430\u0432\u0430\u043c\u0438 \u0442\u0440\u0435\u0442\u044c\u0438\u0445 \u043b\u0438\u0446! \u0410\u0432\u0442\u043e\u0440\u0441\u043a\u0438\u0435 \u043f\u0440\u0430\u0432\u0430 \u043d\u0430 \u043e\u043f\u0443\u0431\u043b\u0438\u043a\u043e\u0432\u0430\u043d\u043d\u044b\u0435 \u043e\u0431\u044a\u0435\u043a\u0442\u044b, \u0441\u043e\u0437\u0434\u0430\u043d\u043d\u044b\u0435 \u0441\u0430\u043c\u0438\u043c \u0430\u0432\u0442\u043e\u0440\u043e\u043c, \u043e\u0441\u0442\u0430\u044e\u0442\u0441\u044f \u0438\u0441\u043a\u043b\u044e\u0447\u0438\u0442\u0435\u043b\u044c\u043d\u043e \u0437\u0430 \u0430\u0432\u0442\u043e\u0440\u043e\u043c \u0441\u0442\u0440\u0430\u043d\u0438\u0446. \u041b\u044e\u0431\u043e\u0435 \u0434\u0443\u0431\u043b\u0438\u0440\u043e\u0432\u0430\u043d\u0438\u0435 \u0438\u043b\u0438 \u0438\u0441\u043f\u043e\u043b\u044c\u0437\u043e\u0432\u0430\u043d\u0438\u0435 \u0442\u0430\u043a\u0438\u0445 \u043e\u0431\u044a\u0435\u043a\u0442\u043e\u0432, \u043a\u0430\u043a \u0434\u0438\u0430\u0433\u0440\u0430\u043c\u043c\u044b, \u0437\u0432\u0443\u043a\u0438 \u0438\u043b\u0438 \u0442\u0435\u043a\u0441\u0442\u044b, \u0432 \u0434\u0440\u0443\u0433\u0438\u0445 \u044d\u043b\u0435\u043a\u0442\u0440\u043e\u043d\u043d\u044b\u0445 \u0438\u043b\u0438 \u043f\u0435\u0447\u0430\u0442\u043d\u044b\u0445 \u043f\u0443\u0431\u043b\u0438\u043a\u0430\u0446\u0438\u044f\u0445 \u0431\u0435\u0437 \u0441\u043e\u0433\u043b\u0430\u0441\u0438\u044f \u0430\u0432\u0442\u043e\u0440\u0430 \u043d\u0435 \u0434\u043e\u043f\u0443\u0441\u043a\u0430\u0435\u0442\u0441\u044f.<\/p>\n<p>\u0418\u0441\u0442\u043e\u0447\u043d\u0438\u043a: <i><br \/>\n  <a href=\"https:\/\/www.e-recht24.de\/impressum-generator.html\" rel=\"nofollow\">https:\/\/www.e-recht24.de<\/a><br \/>\n<\/i><\/p>\n<p><strong>\u0423\u0440\u0435\u0433\u0443\u043b\u0438\u0440\u043e\u0432\u0430\u043d\u0438\u0435 \u0441\u043f\u043e\u0440\u043e\u0432 \u0432 \u0440\u0435\u0436\u0438\u043c\u0435 \u043e\u043d\u043b\u0430\u0439\u043d<\/strong><\/p>\n<p>\u0415\u0432\u0440\u043e\u043f\u0435\u0439\u0441\u043a\u0430\u044f \u043a\u043e\u043c\u0438\u0441\u0441\u0438\u044f \u043f\u0440\u0435\u0434\u043e\u0441\u0442\u0430\u0432\u043b\u044f\u0435\u0442 \u043e\u043d\u043b\u0430\u0439\u043d-\u043f\u043b\u0430\u0442\u0444\u043e\u0440\u043c\u0443 \u0434\u043b\u044f \u0440\u0430\u0437\u0440\u0435\u0448\u0435\u043d\u0438\u044f \u0441\u043f\u043e\u0440\u043e\u0432 \u043f\u043e \u0430\u0434\u0440\u0435\u0441\u0443 https:\/\/ec.europa.eu\/consumers\/odr\/, \u043a\u043e\u0442\u043e\u0440\u0443\u044e \u043f\u043e\u0442\u0440\u0435\u0431\u0438\u0442\u0435\u043b\u0438 \u043c\u043e\u0433\u0443\u0442 \u0438\u0441\u043f\u043e\u043b\u044c\u0437\u043e\u0432\u0430\u0442\u044c \u0434\u043b\u044f \u0440\u0430\u0437\u0440\u0435\u0448\u0435\u043d\u0438\u044f \u0441\u043f\u043e\u0440\u043e\u0432 \u0438 \u0433\u0434\u0435 \u043c\u043e\u0436\u043d\u043e \u043d\u0430\u0439\u0442\u0438 \u0434\u043e\u043f\u043e\u043b\u043d\u0438\u0442\u0435\u043b\u044c\u043d\u0443\u044e \u0438\u043d\u0444\u043e\u0440\u043c\u0430\u0446\u0438\u044e \u043e \u0440\u0430\u0437\u0440\u0435\u0448\u0435\u043d\u0438\u0438 \u0441\u043f\u043e\u0440\u043e\u0432.<\/p>\n<p><strong>\u0412\u043d\u0435\u0441\u0443\u0434\u0435\u0431\u043d\u043e\u0435 \u0443\u0440\u0435\u0433\u0443\u043b\u0438\u0440\u043e\u0432\u0430\u043d\u0438\u0435 \u0441\u043f\u043e\u0440\u043e\u0432<\/strong><\/p>\n<p>\u041c\u044b \u043d\u0435 \u043e\u0431\u044f\u0437\u0430\u043d\u044b \u0438 \u043d\u0435 \u0436\u0435\u043b\u0430\u0435\u043c \u0443\u0447\u0430\u0441\u0442\u0432\u043e\u0432\u0430\u0442\u044c \u0432 \u043f\u0440\u043e\u0446\u0435\u0434\u0443\u0440\u0435 \u0440\u0430\u0437\u0440\u0435\u0448\u0435\u043d\u0438\u044f \u0441\u043f\u043e\u0440\u043e\u0432 \u0432 \u043f\u043e\u0442\u0440\u0435\u0431\u0438\u0442\u0435\u043b\u044c\u0441\u043a\u043e\u043c \u0430\u0440\u0431\u0438\u0442\u0440\u0430\u0436\u043d\u043e\u043c \u0441\u043e\u0432\u0435\u0442\u0435 \u0432 \u0441\u043b\u0443\u0447\u0430\u0435 \u0432\u043e\u0437\u043d\u0438\u043a\u043d\u043e\u0432\u0435\u043d\u0438\u044f \u0441\u043f\u043e\u0440\u0430 \u0441 \u043f\u043e\u0442\u0440\u0435\u0431\u0438\u0442\u0435\u043b\u0435\u043c.<\/p>\n","protected":false},"excerpt":{"rendered":"<p>\u041e\u0442\u0442\u0438\u0441\u043a: JH &#8211; ITC GmbH \u0423\u043f\u0440\u0430\u0432\u043b\u044f\u044e\u0449\u0438\u0439 \u0434\u0438\u0440\u0435\u043a\u0442\u043e\u0440: \u0419\u043e\u0445\u0435\u043d \u0425\u0430\u0439\u043d \u0420\u044b\u043d\u043e\u0447\u043d\u0430\u044f \u0443\u043b\u0438\u0446\u0430 15 89362 \u041e\u0444\u0444\u0438\u043d\u0433\u0435\u043d\/\u0411\u0430\u0432\u0430\u0440\u0438\u044f \u0422\u0435\u043b. +49 (0) 731 801 59590 \u0424\u0430\u043a\u0441. +49 (0) 8224 &#8211; 80 45 763 e-mail: info@jh-itc.de \u0418\u0414\u0415\u041d\u0422\u0418\u0424\u0418\u041a\u0410\u0422\u041e\u0420 \u041d\u0414\u0421. \u2116 DE 271 430 794 \u041c\u0435\u0441\u0442\u043d\u044b\u0439 \u0441\u0443\u0434 \u041c\u0435\u043c\u043c\u0438\u043d\u0433\u0435\u043d\u0430 HRB: 14149 \u0418\u043d\u0442\u0435\u0440\u043d\u0435\u0442-\u0430\u0433\u0435\u043d\u0442\u0441\u0442\u0432\u043e \u043f\u043e\u043b\u043d\u043e\u0433\u043e \u0446\u0438\u043a\u043b\u0430 OMSAG \u043f\u0440\u0435\u0434\u043b\u0430\u0433\u0430\u0435\u0442 \u0432\u0435\u0441\u044c \u0441\u043f\u0435\u043a\u0442\u0440 \u0443\u0441\u043b\u0443\u0433 \u043f\u043e \u043a\u043e\u043c\u043f\u043b\u0435\u043a\u0441\u043d\u043e\u043c\u0443 \u0432\u0435\u0431-\u043c\u0430\u0440\u043a\u0435\u0442\u0438\u043d\u0433\u0443 \u041f\u043e\u0438\u0441\u043a\u043e\u0432\u0430\u044f \u0440\u0435\u043a\u043b\u0430\u043c\u0430 [&hellip;]<\/p>\n","protected":false},"author":7,"featured_media":0,"parent":0,"menu_order":0,"comment_status":"closed","ping_status":"closed","template":"","meta":{"footnotes":""},"class_list":["post-43697","page","type-page","status-publish"],"yoast_head":"<!-- This site is optimized with the Yoast SEO plugin v26.5 - https:\/\/yoast.com\/wordpress\/plugins\/seo\/ -->\n<title>\u041e\u0442\u0442\u0438\u0441\u043a - JH - ITC GmbH<\/title>\n<meta name=\"description\" content=\"\u041e\u0442\u0442\u0438\u0441\u043a\" \/>\n<meta name=\"robots\" content=\"noindex, follow, max-snippet:-1, max-image-preview:large, max-video-preview:-1\" \/>\n<meta property=\"og:locale\" content=\"ru_RU\" \/>\n<meta property=\"og:type\" content=\"article\" \/>\n<meta property=\"og:title\" content=\"\u041e\u0442\u0442\u0438\u0441\u043a - JH - ITC GmbH\" \/>\n<meta property=\"og:description\" content=\"\u041e\u0442\u0442\u0438\u0441\u043a\" \/>\n<meta property=\"og:url\" content=\"https:\/\/stage.jh-itc.de\/ru\/%d0%be%d1%82%d1%82%d0%b8%d1%81%d0%ba\/\" \/>\n<meta property=\"og:site_name\" content=\"JH - ITC GmbH\" \/>\n<meta property=\"article:publisher\" content=\"https:\/\/www.facebook.com\/schalungshandel\" \/>\n<meta name=\"twitter:card\" content=\"summary_large_image\" \/>\n<meta name=\"twitter:site\" content=\"@JH_ITC\" \/>\n<!-- \/ Yoast SEO plugin. -->","yoast_head_json":{"title":"\u041e\u0442\u0442\u0438\u0441\u043a - JH - ITC GmbH","description":"\u041e\u0442\u0442\u0438\u0441\u043a","robots":{"index":"noindex","follow":"follow","max-snippet":"max-snippet:-1","max-image-preview":"max-image-preview:large","max-video-preview":"max-video-preview:-1"},"og_locale":"ru_RU","og_type":"article","og_title":"\u041e\u0442\u0442\u0438\u0441\u043a - JH - ITC GmbH","og_description":"\u041e\u0442\u0442\u0438\u0441\u043a","og_url":"https:\/\/stage.jh-itc.de\/ru\/%d0%be%d1%82%d1%82%d0%b8%d1%81%d0%ba\/","og_site_name":"JH - ITC GmbH","article_publisher":"https:\/\/www.facebook.com\/schalungshandel","twitter_card":"summary_large_image","twitter_site":"@JH_ITC","schema":{"@context":"https:\/\/schema.org","@graph":[{"@type":"WebPage","@id":"https:\/\/stage.jh-itc.de\/ru\/%d0%be%d1%82%d1%82%d0%b8%d1%81%d0%ba\/","url":"https:\/\/stage.jh-itc.de\/ru\/%d0%be%d1%82%d1%82%d0%b8%d1%81%d0%ba\/","name":"\u041e\u0442\u0442\u0438\u0441\u043a - JH - ITC GmbH","isPartOf":{"@id":"https:\/\/stage.jh-itc.de\/ru\/#website"},"datePublished":"2023-04-26T08:12:50+00:00","description":"\u041e\u0442\u0442\u0438\u0441\u043a","breadcrumb":{"@id":"https:\/\/stage.jh-itc.de\/ru\/%d0%be%d1%82%d1%82%d0%b8%d1%81%d0%ba\/#breadcrumb"},"inLanguage":"ru-RU","potentialAction":[{"@type":"ReadAction","target":["https:\/\/stage.jh-itc.de\/ru\/%d0%be%d1%82%d1%82%d0%b8%d1%81%d0%ba\/"]}]},{"@type":"BreadcrumbList","@id":"https:\/\/stage.jh-itc.de\/ru\/%d0%be%d1%82%d1%82%d0%b8%d1%81%d0%ba\/#breadcrumb","itemListElement":[{"@type":"ListItem","position":1,"name":"Home","item":"https:\/\/stage.jh-itc.de\/ru\/%d0%be%d0%bf%d0%b0%d0%bb%d1%83%d0%b1%d0%ba%d0%b0-%d1%81%d1%82%d0%be%d0%b9%d0%ba%d0%b8-%d0%b8-%d1%81%d1%82%d1%80%d0%be%d0%b8%d1%82%d0%b5%d0%bb%d1%8c%d0%bd%d1%8b%d0%b5-%d0%bb%d0%b5%d1%81%d0%b0-%d0%be\/"},{"@type":"ListItem","position":2,"name":"\u041e\u0442\u0442\u0438\u0441\u043a"}]},{"@type":"WebSite","@id":"https:\/\/stage.jh-itc.de\/ru\/#website","url":"https:\/\/stage.jh-itc.de\/ru\/","name":"JH - ITC GmbH","description":"Ihr Experte f\u00fcr gebrauchte St\u00fctzen, Schalungen und Ger\u00fcste","publisher":{"@id":"https:\/\/stage.jh-itc.de\/ru\/#organization"},"potentialAction":[{"@type":"SearchAction","target":{"@type":"EntryPoint","urlTemplate":"https:\/\/stage.jh-itc.de\/ru\/?s={search_term_string}"},"query-input":{"@type":"PropertyValueSpecification","valueRequired":true,"valueName":"search_term_string"}}],"inLanguage":"ru-RU"},{"@type":"Organization","@id":"https:\/\/stage.jh-itc.de\/ru\/#organization","name":"JH-ITC GmbH","url":"https:\/\/stage.jh-itc.de\/ru\/","logo":{"@type":"ImageObject","inLanguage":"ru-RU","@id":"https:\/\/stage.jh-itc.de\/ru\/#\/schema\/logo\/image\/","url":"https:\/\/stage.jh-itc.de\/wp-content\/uploads\/2016\/01\/JH-ITC2-1.png","contentUrl":"https:\/\/stage.jh-itc.de\/wp-content\/uploads\/2016\/01\/JH-ITC2-1.png","width":300,"height":102,"caption":"JH-ITC GmbH"},"image":{"@id":"https:\/\/stage.jh-itc.de\/ru\/#\/schema\/logo\/image\/"},"sameAs":["https:\/\/www.facebook.com\/schalungshandel","https:\/\/x.com\/JH_ITC","https:\/\/www.linkedin.com\/in\/jhitc","https:\/\/youtu.be\/rMdZ-FLfI-Y"]}]}},"_links":{"self":[{"href":"https:\/\/stage.jh-itc.de\/ru\/wp-json\/wp\/v2\/pages\/43697","targetHints":{"allow":["GET"]}}],"collection":[{"href":"https:\/\/stage.jh-itc.de\/ru\/wp-json\/wp\/v2\/pages"}],"about":[{"href":"https:\/\/stage.jh-itc.de\/ru\/wp-json\/wp\/v2\/types\/page"}],"author":[{"embeddable":true,"href":"https:\/\/stage.jh-itc.de\/ru\/wp-json\/wp\/v2\/users\/7"}],"replies":[{"embeddable":true,"href":"https:\/\/stage.jh-itc.de\/ru\/wp-json\/wp\/v2\/comments?post=43697"}],"version-history":[{"count":0,"href":"https:\/\/stage.jh-itc.de\/ru\/wp-json\/wp\/v2\/pages\/43697\/revisions"}],"wp:attachment":[{"href":"https:\/\/stage.jh-itc.de\/ru\/wp-json\/wp\/v2\/media?parent=43697"}],"curies":[{"name":"wp","href":"https:\/\/api.w.org\/{rel}","templated":true}]}}