{"id":19565,"date":"2021-07-16T18:06:14","date_gmt":"2021-07-16T16:06:14","guid":{"rendered":"https:\/\/www.jh-itc.de\/%d0%ba%d0%be%d0%bd%d1%82%d0%b0%d0%ba%d1%82\/"},"modified":"2021-07-16T18:06:18","modified_gmt":"2021-07-16T16:06:18","slug":"%d0%ba%d0%be%d0%bd%d1%82%d0%b0%d0%ba%d1%82","status":"publish","type":"page","link":"https:\/\/stage.jh-itc.de\/ru\/%d0%ba%d0%be%d0%bd%d1%82%d0%b0%d0%ba%d1%82\/","title":{"rendered":"\u041a\u041e\u041d\u0422\u0410\u041a\u0422"},"content":{"rendered":"<h3>Senden Sie uns hier Ihre Anfrage zu &#8211; Send us your message.<\/h3>\n<p>[contact-form-7 id=&#8221;115&#8243; title=&#8221;Kontaktformular&#8221; html_id=&#8221;wpcf7-kontaktanfrage&#8221;]<\/p>\n","protected":false},"excerpt":{"rendered":"<p>Senden Sie uns hier Ihre Anfrage zu &#8211; Send us your message. [contact-form-7 id=&#8221;115&#8243; title=&#8221;Kontaktformular&#8221; html_id=&#8221;wpcf7-kontaktanfrage&#8221;]<\/p>\n","protected":false},"author":7,"featured_media":0,"parent":0,"menu_order":0,"comment_status":"closed","ping_status":"closed","template":"","meta":{"footnotes":""},"class_list":["post-19565","page","type-page","status-publish"],"yoast_head":"<!-- This site is optimized with the Yoast SEO plugin v26.5 - https:\/\/yoast.com\/wordpress\/plugins\/seo\/ -->\n<title>\u041a\u041e\u041d\u0422\u0410\u041a\u0422 - JH - ITC GmbH<\/title>\n<meta name=\"robots\" content=\"noindex, follow, max-snippet:-1, max-image-preview:large, max-video-preview:-1\" \/>\n<meta property=\"og:locale\" content=\"ru_RU\" \/>\n<meta property=\"og:type\" content=\"article\" \/>\n<meta property=\"og:title\" content=\"\u041a\u041e\u041d\u0422\u0410\u041a\u0422 - JH - ITC GmbH\" \/>\n<meta property=\"og:description\" content=\"Senden Sie uns hier Ihre Anfrage zu &#8211; Send us your message. [contact-form-7 id=&#8221;115&#8243; title=&#8221;Kontaktformular&#8221; html_id=&#8221;wpcf7-kontaktanfrage&#8221;]\" \/>\n<meta property=\"og:url\" content=\"https:\/\/stage.jh-itc.de\/ru\/%d0%ba%d0%be%d0%bd%d1%82%d0%b0%d0%ba%d1%82\/\" \/>\n<meta property=\"og:site_name\" content=\"JH - ITC GmbH\" \/>\n<meta property=\"article:publisher\" content=\"https:\/\/www.facebook.com\/schalungshandel\" \/>\n<meta property=\"article:modified_time\" content=\"2021-07-16T16:06:18+00:00\" \/>\n<meta name=\"twitter:card\" content=\"summary_large_image\" \/>\n<meta name=\"twitter:site\" content=\"@JH_ITC\" \/>\n<!-- \/ Yoast SEO plugin. -->","yoast_head_json":{"title":"\u041a\u041e\u041d\u0422\u0410\u041a\u0422 - JH - ITC GmbH","robots":{"index":"noindex","follow":"follow","max-snippet":"max-snippet:-1","max-image-preview":"max-image-preview:large","max-video-preview":"max-video-preview:-1"},"og_locale":"ru_RU","og_type":"article","og_title":"\u041a\u041e\u041d\u0422\u0410\u041a\u0422 - JH - ITC GmbH","og_description":"Senden Sie uns hier Ihre Anfrage zu &#8211; Send us your message. [contact-form-7 id=&#8221;115&#8243; title=&#8221;Kontaktformular&#8221; html_id=&#8221;wpcf7-kontaktanfrage&#8221;]","og_url":"https:\/\/stage.jh-itc.de\/ru\/%d0%ba%d0%be%d0%bd%d1%82%d0%b0%d0%ba%d1%82\/","og_site_name":"JH - ITC GmbH","article_publisher":"https:\/\/www.facebook.com\/schalungshandel","article_modified_time":"2021-07-16T16:06:18+00:00","twitter_card":"summary_large_image","twitter_site":"@JH_ITC","schema":{"@context":"https:\/\/schema.org","@graph":[{"@type":"WebPage","@id":"https:\/\/stage.jh-itc.de\/ru\/%d0%ba%d0%be%d0%bd%d1%82%d0%b0%d0%ba%d1%82\/","url":"https:\/\/stage.jh-itc.de\/ru\/%d0%ba%d0%be%d0%bd%d1%82%d0%b0%d0%ba%d1%82\/","name":"\u041a\u041e\u041d\u0422\u0410\u041a\u0422 - JH - ITC GmbH","isPartOf":{"@id":"https:\/\/stage.jh-itc.de\/ru\/#website"},"datePublished":"2021-07-16T16:06:14+00:00","dateModified":"2021-07-16T16:06:18+00:00","breadcrumb":{"@id":"https:\/\/stage.jh-itc.de\/ru\/%d0%ba%d0%be%d0%bd%d1%82%d0%b0%d0%ba%d1%82\/#breadcrumb"},"inLanguage":"ru-RU","potentialAction":[{"@type":"ReadAction","target":["https:\/\/stage.jh-itc.de\/ru\/%d0%ba%d0%be%d0%bd%d1%82%d0%b0%d0%ba%d1%82\/"]}]},{"@type":"BreadcrumbList","@id":"https:\/\/stage.jh-itc.de\/ru\/%d0%ba%d0%be%d0%bd%d1%82%d0%b0%d0%ba%d1%82\/#breadcrumb","itemListElement":[{"@type":"ListItem","position":1,"name":"Home","item":"https:\/\/stage.jh-itc.de\/ru\/%d0%be%d0%bf%d0%b0%d0%bb%d1%83%d0%b1%d0%ba%d0%b0-%d1%81%d1%82%d0%be%d0%b9%d0%ba%d0%b8-%d0%b8-%d1%81%d1%82%d1%80%d0%be%d0%b8%d1%82%d0%b5%d0%bb%d1%8c%d0%bd%d1%8b%d0%b5-%d0%bb%d0%b5%d1%81%d0%b0-%d0%be\/"},{"@type":"ListItem","position":2,"name":"\u041a\u041e\u041d\u0422\u0410\u041a\u0422"}]},{"@type":"WebSite","@id":"https:\/\/stage.jh-itc.de\/ru\/#website","url":"https:\/\/stage.jh-itc.de\/ru\/","name":"JH - ITC GmbH","description":"Ihr Experte f\u00fcr gebrauchte St\u00fctzen, Schalungen und Ger\u00fcste","publisher":{"@id":"https:\/\/stage.jh-itc.de\/ru\/#organization"},"potentialAction":[{"@type":"SearchAction","target":{"@type":"EntryPoint","urlTemplate":"https:\/\/stage.jh-itc.de\/ru\/?s={search_term_string}"},"query-input":{"@type":"PropertyValueSpecification","valueRequired":true,"valueName":"search_term_string"}}],"inLanguage":"ru-RU"},{"@type":"Organization","@id":"https:\/\/stage.jh-itc.de\/ru\/#organization","name":"JH-ITC GmbH","url":"https:\/\/stage.jh-itc.de\/ru\/","logo":{"@type":"ImageObject","inLanguage":"ru-RU","@id":"https:\/\/stage.jh-itc.de\/ru\/#\/schema\/logo\/image\/","url":"https:\/\/stage.jh-itc.de\/wp-content\/uploads\/2016\/01\/JH-ITC2-1.png","contentUrl":"https:\/\/stage.jh-itc.de\/wp-content\/uploads\/2016\/01\/JH-ITC2-1.png","width":300,"height":102,"caption":"JH-ITC GmbH"},"image":{"@id":"https:\/\/stage.jh-itc.de\/ru\/#\/schema\/logo\/image\/"},"sameAs":["https:\/\/www.facebook.com\/schalungshandel","https:\/\/x.com\/JH_ITC","https:\/\/www.linkedin.com\/in\/jhitc","https:\/\/youtu.be\/rMdZ-FLfI-Y"]}]}},"_links":{"self":[{"href":"https:\/\/stage.jh-itc.de\/ru\/wp-json\/wp\/v2\/pages\/19565","targetHints":{"allow":["GET"]}}],"collection":[{"href":"https:\/\/stage.jh-itc.de\/ru\/wp-json\/wp\/v2\/pages"}],"about":[{"href":"https:\/\/stage.jh-itc.de\/ru\/wp-json\/wp\/v2\/types\/page"}],"author":[{"embeddable":true,"href":"https:\/\/stage.jh-itc.de\/ru\/wp-json\/wp\/v2\/users\/7"}],"replies":[{"embeddable":true,"href":"https:\/\/stage.jh-itc.de\/ru\/wp-json\/wp\/v2\/comments?post=19565"}],"version-history":[{"count":1,"href":"https:\/\/stage.jh-itc.de\/ru\/wp-json\/wp\/v2\/pages\/19565\/revisions"}],"predecessor-version":[{"id":19571,"href":"https:\/\/stage.jh-itc.de\/ru\/wp-json\/wp\/v2\/pages\/19565\/revisions\/19571"}],"wp:attachment":[{"href":"https:\/\/stage.jh-itc.de\/ru\/wp-json\/wp\/v2\/media?parent=19565"}],"curies":[{"name":"wp","href":"https:\/\/api.w.org\/{rel}","templated":true}]}}