{"id":19361,"date":"2021-07-16T18:05:23","date_gmt":"2021-07-16T16:05:23","guid":{"rendered":"https:\/\/www.jh-itc.de\/%d0%bc%d0%b5%d0%b6%d0%b4%d1%83%d0%bd%d0%b0%d1%80%d0%be%d0%b4%d0%bd%d0%b0%d1%8f-%d1%82%d0%be%d1%80%d0%b3%d0%be%d0%b2%d0%b0%d1%8f-%d0%ba%d0%be%d0%bc%d0%bf%d0%b0%d0%bd%d0%b8%d1%8f-jh-international\/"},"modified":"2021-07-16T18:05:27","modified_gmt":"2021-07-16T16:05:27","slug":"%d0%bc%d0%b5%d0%b6%d0%b4%d1%83%d0%bd%d0%b0%d1%80%d0%be%d0%b4%d0%bd%d0%b0%d1%8f-%d1%82%d0%be%d1%80%d0%b3%d0%be%d0%b2%d0%b0%d1%8f-%d0%ba%d0%be%d0%bc%d0%bf%d0%b0%d0%bd%d0%b8%d1%8f-jh-international","status":"publish","type":"page","link":"https:\/\/stage.jh-itc.de\/ru\/%d0%bc%d0%b5%d0%b6%d0%b4%d1%83%d0%bd%d0%b0%d1%80%d0%be%d0%b4%d0%bd%d0%b0%d1%8f-%d1%82%d0%be%d1%80%d0%b3%d0%be%d0%b2%d0%b0%d1%8f-%d0%ba%d0%be%d0%bc%d0%bf%d0%b0%d0%bd%d0%b8%d1%8f-jh-international\/","title":{"rendered":"\u041c\u0435\u0436\u0434\u0443\u043d\u0430\u0440\u043e\u0434\u043d\u0430\u044f \u0442\u043e\u0440\u0433\u043e\u0432\u0430\u044f \u043a\u043e\u043c\u043f\u0430\u043d\u0438\u044f JH-International &#8211; \u041a\u043e\u043c\u0430\u043d\u0434\u0430"},"content":{"rendered":"\t\t<div data-elementor-type=\"wp-page\" data-elementor-id=\"19361\" class=\"elementor elementor-19361 elementor-61\" data-elementor-post-type=\"page\">\n\t\t\t\t\t\t<section class=\"elementor-section elementor-top-section elementor-element elementor-element-25e4c7f1 elementor-section-boxed elementor-section-height-default elementor-section-height-default\" data-id=\"25e4c7f1\" data-element_type=\"section\">\n\t\t\t\t\t\t<div class=\"elementor-container elementor-column-gap-default\">\n\t\t\t\t\t<div class=\"elementor-column elementor-col-100 elementor-top-column elementor-element elementor-element-2d1e9dd0\" data-id=\"2d1e9dd0\" data-element_type=\"column\">\n\t\t\t<div class=\"elementor-widget-wrap elementor-element-populated\">\n\t\t\t\t\t\t<section class=\"elementor-section elementor-inner-section elementor-element elementor-element-26cd53d3 elementor-section-boxed elementor-section-height-default elementor-section-height-default\" data-id=\"26cd53d3\" data-element_type=\"section\">\n\t\t\t\t\t\t<div class=\"elementor-container elementor-column-gap-no\">\n\t\t\t\t\t<div class=\"elementor-column elementor-col-50 elementor-inner-column elementor-element elementor-element-1393684a\" data-id=\"1393684a\" data-element_type=\"column\">\n\t\t\t<div class=\"elementor-widget-wrap elementor-element-populated\">\n\t\t\t\t\t\t<div class=\"elementor-element elementor-element-19ff063 elementor-cta--skin-cover elementor-cta--valign-bottom elementor-animated-content elementor-widget elementor-widget-call-to-action\" data-id=\"19ff063\" data-element_type=\"widget\" data-widget_type=\"call-to-action.default\">\n\t\t\t\t<div class=\"elementor-widget-container\">\n\t\t\t\t\t\t\t<div class=\"elementor-cta\">\n\t\t\t\t\t<div class=\"elementor-cta__bg-wrapper\">\n\t\t\t\t<div class=\"elementor-cta__bg elementor-bg\" style=\"background-image: url(https:\/\/stage.jh-itc.de\/wp-content\/uploads\/2020\/01\/Jochen-Hein_.jpg);\" role=\"img\" aria-label=\"\u0419\u043e\u0445\u0435\u043d \u0425\u0430\u0439\u043d_\"><\/div>\n\t\t\t\t<div class=\"elementor-cta__bg-overlay\"><\/div>\n\t\t\t<\/div>\n\t\t\t\t\t\t\t<div class=\"elementor-cta__content\">\n\t\t\t\t\n\t\t\t\t\t\t\t\t\t<h2 class=\"elementor-cta__title elementor-cta__content-item elementor-content-item elementor-animated-item--enter-from-left\">\n\t\t\t\t\t\t\u0419\u043e\u0445\u0435\u043d \u0425\u0430\u0439\u043d\t\t\t\t\t<\/h2>\n\t\t\t\t\n\t\t\t\t\t\t\t\t\t<div class=\"elementor-cta__description elementor-cta__content-item elementor-content-item elementor-animated-item--enter-from-left\">\n\t\t\t\t\t\t<p>\u0423\u043f\u0440\u0430\u0432\u043b\u044f\u044e\u0449\u0438\u0439 \u0434\u0438\u0440\u0435\u043a\u0442\u043e\u0440<br \/>\n\u0422\u0435\u043b. +49 8221 276 8288<br \/>\n\u041c\u043e\u0431\u0438\u043b\u044c\u043d\u0430\u044f \u0441\u0432\u044f\u0437\u044c. +49 171 80 35 708<br \/>\n\u042d\u043b\u0435\u043a\u0442\u0440\u043e\u043d\u043d\u0430\u044f \u043f\u043e\u0447\u0442\u0430: <a href=\"mailto:jh@jh-itc.de\">jh@jh-itc.de<\/a><br \/>\n\u042f\u0437\u044b\u043a\u0438: DE, EN<\/p>\n\t\t\t\t\t<\/div>\n\t\t\t\t\n\t\t\t\t\t\t\t<\/div>\n\t\t\t\t\t\t<\/div>\n\t\t\t\t\t\t<\/div>\n\t\t\t\t<\/div>\n\t\t\t\t\t<\/div>\n\t\t<\/div>\n\t\t\t\t<div class=\"elementor-column elementor-col-50 elementor-inner-column elementor-element elementor-element-7604b03c\" data-id=\"7604b03c\" data-element_type=\"column\">\n\t\t\t<div class=\"elementor-widget-wrap elementor-element-populated\">\n\t\t\t\t\t\t<div class=\"elementor-element elementor-element-4aaf16ea elementor-cta--skin-cover elementor-cta--valign-bottom elementor-animated-content elementor-widget elementor-widget-call-to-action\" data-id=\"4aaf16ea\" data-element_type=\"widget\" data-widget_type=\"call-to-action.default\">\n\t\t\t\t<div class=\"elementor-widget-container\">\n\t\t\t\t\t\t\t<div class=\"elementor-cta\">\n\t\t\t\t\t<div class=\"elementor-cta__bg-wrapper\">\n\t\t\t\t<div class=\"elementor-cta__bg elementor-bg\" style=\"background-image: url(https:\/\/stage.jh-itc.de\/wp-content\/uploads\/2020\/01\/Nesrin-kayahan-Vogg.jpg);\" role=\"img\" aria-label=\"\u041d\u0435\u0441\u0440\u0438\u043d \u041a\u0430\u044f\u0445\u0430\u043d-\u0412\u043e\u0433\u0433\"><\/div>\n\t\t\t\t<div class=\"elementor-cta__bg-overlay\"><\/div>\n\t\t\t<\/div>\n\t\t\t\t\t\t\t<div class=\"elementor-cta__content\">\n\t\t\t\t\n\t\t\t\t\t\t\t\t\t<h2 class=\"elementor-cta__title elementor-cta__content-item elementor-content-item elementor-animated-item--enter-from-left\">\n\t\t\t\t\t\t\u041d\u0438\u043d\u0430 \u041a\u0430\u044f\u0445\u0430\u043d-\u0412\u043e\u0433\u0433\t\t\t\t\t<\/h2>\n\t\t\t\t\n\t\t\t\t\t\t\t\t\t<div class=\"elementor-cta__description elementor-cta__content-item elementor-content-item elementor-animated-item--enter-from-left\">\n\t\t\t\t\t\t<p>\u0411\u0443\u0445\u0433\u0430\u043b\u0442\u0435\u0440\u0441\u043a\u0438\u0439 \u0443\u0447\u0435\u0442<br \/>\n\u0422\u0435\u043b. +49 8224 \u2013 80 45 736<br \/>\n\u0424\u0430\u043a\u0441. +49 8224 \u2013 80 45 763<br \/>\n\u042d\u043b\u0435\u043a\u0442\u0440\u043e\u043d\u043d\u0430\u044f \u043f\u043e\u0447\u0442\u0430: <a href=\"mailto:nina@jh-itc.de\">nina@jh-itc.de<\/a><br \/>\n\u042f\u0437\u044b\u043a\u0438: DE, EN, TR<\/p>\n\t\t\t\t\t<\/div>\n\t\t\t\t\n\t\t\t\t\t\t\t<\/div>\n\t\t\t\t\t\t<\/div>\n\t\t\t\t\t\t<\/div>\n\t\t\t\t<\/div>\n\t\t\t\t\t<\/div>\n\t\t<\/div>\n\t\t\t\t\t<\/div>\n\t\t<\/section>\n\t\t\t\t<section class=\"elementor-section elementor-inner-section elementor-element elementor-element-1f36f284 elementor-section-boxed elementor-section-height-default elementor-section-height-default\" data-id=\"1f36f284\" data-element_type=\"section\">\n\t\t\t\t\t\t<div class=\"elementor-container elementor-column-gap-no\">\n\t\t\t\t\t<div class=\"elementor-column elementor-col-50 elementor-inner-column elementor-element elementor-element-ca06a27\" data-id=\"ca06a27\" data-element_type=\"column\">\n\t\t\t<div class=\"elementor-widget-wrap elementor-element-populated\">\n\t\t\t\t\t\t<div class=\"elementor-element elementor-element-26e206e0 elementor-cta--skin-cover elementor-cta--valign-bottom elementor-animated-content elementor-widget elementor-widget-call-to-action\" data-id=\"26e206e0\" data-element_type=\"widget\" data-widget_type=\"call-to-action.default\">\n\t\t\t\t<div class=\"elementor-widget-container\">\n\t\t\t\t\t\t\t<div class=\"elementor-cta\">\n\t\t\t\t\t<div class=\"elementor-cta__bg-wrapper\">\n\t\t\t\t<div class=\"elementor-cta__bg elementor-bg\" style=\"background-image: url(https:\/\/stage.jh-itc.de\/wp-content\/uploads\/2015\/06\/Cihan-Yildiz-e1494442357631.jpg);\" role=\"img\" aria-label=\"\u0414\u0436\u0438\u0445\u0430\u043d \u0419\u044b\u043b\u0434\u044b\u0437\"><\/div>\n\t\t\t\t<div class=\"elementor-cta__bg-overlay\"><\/div>\n\t\t\t<\/div>\n\t\t\t\t\t\t\t<div class=\"elementor-cta__content\">\n\t\t\t\t\n\t\t\t\t\t\t\t\t\t<h2 class=\"elementor-cta__title elementor-cta__content-item elementor-content-item elementor-animated-item--enter-from-left\">\n\t\t\t\t\t\t\u0414\u0436\u0438\u0445\u0430\u043d \u0419\u044b\u043b\u0434\u044b\u0437\t\t\t\t\t<\/h2>\n\t\t\t\t\n\t\t\t\t\t\t\t\t\t<div class=\"elementor-cta__description elementor-cta__content-item elementor-content-item elementor-animated-item--enter-from-left\">\n\t\t\t\t\t\t<p>\u041f\u0440\u043e\u0434\u0430\u0436\u0430<br \/>\n\u041c\u043e\u0431\u0438\u043b\u044c\u043d\u0430\u044f \u0441\u0432\u044f\u0437\u044c. +49 173 866 53 47<br \/>\n\u0422\u0435\u043b. +49 8221 \u2013 276 8288<br \/>\n\u0424\u0430\u043a\u0441. +49 8224 \u2013 80 45 763<br \/>\n\u042d\u043b\u0435\u043a\u0442\u0440\u043e\u043d\u043d\u0430\u044f \u043f\u043e\u0447\u0442\u0430: <a href=\"mailto:cy@jh-itc.de\">cy@jh-itc.de<\/a><br \/>\n\u042f\u0437\u044b\u043a\u0438: DE, EN, TR<\/p>\n\t\t\t\t\t<\/div>\n\t\t\t\t\n\t\t\t\t\t\t\t<\/div>\n\t\t\t\t\t\t<\/div>\n\t\t\t\t\t\t<\/div>\n\t\t\t\t<\/div>\n\t\t\t\t\t<\/div>\n\t\t<\/div>\n\t\t\t\t<div class=\"elementor-column elementor-col-50 elementor-inner-column elementor-element elementor-element-7d64c364\" data-id=\"7d64c364\" data-element_type=\"column\">\n\t\t\t<div class=\"elementor-widget-wrap elementor-element-populated\">\n\t\t\t\t\t\t<div class=\"elementor-element elementor-element-297d951f elementor-cta--skin-cover elementor-cta--valign-bottom elementor-animated-content elementor-widget elementor-widget-call-to-action\" data-id=\"297d951f\" data-element_type=\"widget\" data-widget_type=\"call-to-action.default\">\n\t\t\t\t<div class=\"elementor-widget-container\">\n\t\t\t\t\t\t\t<div class=\"elementor-cta\">\n\t\t\t\t\t<div class=\"elementor-cta__bg-wrapper\">\n\t\t\t\t<div class=\"elementor-cta__bg elementor-bg\" style=\"background-image: url(https:\/\/stage.jh-itc.de\/wp-content\/uploads\/2015\/06\/Maxwell-Zanotto-Small-e1494445435288.jpg);\" role=\"img\" aria-label=\"\u041c\u0430\u043a\u0441\u0432\u0435\u043b\u043b \u0417\u0430\u043d\u043e\u0442\u0442\u043e\"><\/div>\n\t\t\t\t<div class=\"elementor-cta__bg-overlay\"><\/div>\n\t\t\t<\/div>\n\t\t\t\t\t\t\t<div class=\"elementor-cta__content\">\n\t\t\t\t\n\t\t\t\t\t\t\t\t\t<h2 class=\"elementor-cta__title elementor-cta__content-item elementor-content-item elementor-animated-item--enter-from-left\">\n\t\t\t\t\t\t\u041c\u0430\u043a\u0441\u0432\u0435\u043b\u043b \u0417\u0430\u043d\u043e\u0442\u0442\u043e\t\t\t\t\t<\/h2>\n\t\t\t\t\n\t\t\t\t\t\t\t\t\t<div class=\"elementor-cta__description elementor-cta__content-item elementor-content-item elementor-animated-item--enter-from-left\">\n\t\t\t\t\t\t<p>\u041f\u043e\u043a\u0443\u043f\u043a\u0430 \u0438 \u043f\u0440\u043e\u0434\u0430\u0436\u0430<br \/>\n\u041c\u043e\u0431\u0438\u043b\u044c\u043d\u0430\u044f \u0441\u0432\u044f\u0437\u044c. +49 157 58 51 94 33<br \/>\n\u0422\u0435\u043b. +49 40 37 61 66 50<br \/>\n\u042d\u043b\u0435\u043a\u0442\u0440\u043e\u043d\u043d\u0430\u044f \u043f\u043e\u0447\u0442\u0430: <a href=\"mailto:mz@jh-itc.de\">mz@jh-itc.de<\/a><br \/>\n\u042f\u0437\u044b\u043a\u0438: DE, EN, IT<\/p>\n\t\t\t\t\t<\/div>\n\t\t\t\t\n\t\t\t\t\t\t\t<\/div>\n\t\t\t\t\t\t<\/div>\n\t\t\t\t\t\t<\/div>\n\t\t\t\t<\/div>\n\t\t\t\t\t<\/div>\n\t\t<\/div>\n\t\t\t\t\t<\/div>\n\t\t<\/section>\n\t\t\t\t\t<\/div>\n\t\t<\/div>\n\t\t\t\t\t<\/div>\n\t\t<\/section>\n\t\t\t\t<section class=\"elementor-section elementor-top-section elementor-element elementor-element-3aa1e13 elementor-section-boxed elementor-section-height-default elementor-section-height-default\" data-id=\"3aa1e13\" data-element_type=\"section\">\n\t\t\t\t\t\t<div class=\"elementor-container elementor-column-gap-default\">\n\t\t\t\t\t<div class=\"elementor-column elementor-col-100 elementor-top-column elementor-element elementor-element-63cc1c0\" data-id=\"63cc1c0\" data-element_type=\"column\">\n\t\t\t<div class=\"elementor-widget-wrap elementor-element-populated\">\n\t\t\t\t\t\t<div class=\"elementor-element elementor-element-3bd146c elementor-widget elementor-widget-heading\" data-id=\"3bd146c\" data-element_type=\"widget\" data-widget_type=\"heading.default\">\n\t\t\t\t<div class=\"elementor-widget-container\">\n\t\t\t\t\t<h2 class=\"elementor-heading-title elementor-size-large\">\u041c\u044b \u0437\u0434\u0435\u0441\u044c \u0434\u043b\u044f \u0432\u0430\u0441!<\/h2>\t\t\t\t<\/div>\n\t\t\t\t<\/div>\n\t\t\t\t<div class=\"elementor-element elementor-element-848793b elementor-widget elementor-widget-image\" data-id=\"848793b\" data-element_type=\"widget\" data-widget_type=\"image.default\">\n\t\t\t\t<div class=\"elementor-widget-container\">\n\t\t\t\t\t\t\t\t\t\t\t\t\t\t\t<img fetchpriority=\"high\" decoding=\"async\" width=\"800\" height=\"465\" src=\"https:\/\/stage.jh-itc.de\/wp-content\/uploads\/2019\/10\/Containerteam-1024x595.jpg\" class=\"attachment-large size-large wp-image-19391\" alt=\"\" srcset=\"https:\/\/stage.jh-itc.de\/wp-content\/uploads\/2019\/10\/Containerteam-1024x595.jpg 1024w, https:\/\/stage.jh-itc.de\/wp-content\/uploads\/2019\/10\/Containerteam-500x290.jpg 500w, https:\/\/stage.jh-itc.de\/wp-content\/uploads\/2019\/10\/Containerteam-700x407.jpg 700w, https:\/\/stage.jh-itc.de\/wp-content\/uploads\/2019\/10\/Containerteam-300x174.jpg 300w, https:\/\/stage.jh-itc.de\/wp-content\/uploads\/2019\/10\/Containerteam-768x446.jpg 768w, https:\/\/stage.jh-itc.de\/wp-content\/uploads\/2019\/10\/Containerteam-200x116.jpg 200w, https:\/\/stage.jh-itc.de\/wp-content\/uploads\/2019\/10\/Containerteam-400x232.jpg 400w, https:\/\/stage.jh-itc.de\/wp-content\/uploads\/2019\/10\/Containerteam-600x348.jpg 600w, https:\/\/stage.jh-itc.de\/wp-content\/uploads\/2019\/10\/Containerteam-800x465.jpg 800w, https:\/\/stage.jh-itc.de\/wp-content\/uploads\/2019\/10\/Containerteam.jpg 1126w\" sizes=\"(max-width: 800px) 100vw, 800px\" \/>\t\t\t\t\t\t\t\t\t\t\t\t\t\t\t<\/div>\n\t\t\t\t<\/div>\n\t\t\t\t\t<\/div>\n\t\t<\/div>\n\t\t\t\t\t<\/div>\n\t\t<\/section>\n\t\t\t\t<\/div>\n\t\t","protected":false},"excerpt":{"rendered":"<p>\u0419\u043e\u0445\u0435\u043d \u0425\u0430\u0439\u043d \u0423\u043f\u0440\u0430\u0432\u043b\u044f\u044e\u0449\u0438\u0439 \u0434\u0438\u0440\u0435\u043a\u0442\u043e\u0440 \u0422\u0435\u043b. +49 8221 276 8288 \u041c\u043e\u0431\u0438\u043b\u044c\u043d\u0430\u044f \u0441\u0432\u044f\u0437\u044c. +49 171 80 35 708 \u042d\u043b\u0435\u043a\u0442\u0440\u043e\u043d\u043d\u0430\u044f \u043f\u043e\u0447\u0442\u0430: jh@jh-itc.de \u042f\u0437\u044b\u043a\u0438: DE, EN \u041d\u0438\u043d\u0430 \u041a\u0430\u044f\u0445\u0430\u043d-\u0412\u043e\u0433\u0433 \u0411\u0443\u0445\u0433\u0430\u043b\u0442\u0435\u0440\u0441\u043a\u0438\u0439 \u0443\u0447\u0435\u0442 \u0422\u0435\u043b. +49 8224 \u2013 80 45 736 \u0424\u0430\u043a\u0441. +49 8224 \u2013 80 45 763 \u042d\u043b\u0435\u043a\u0442\u0440\u043e\u043d\u043d\u0430\u044f \u043f\u043e\u0447\u0442\u0430: nina@jh-itc.de \u042f\u0437\u044b\u043a\u0438: DE, EN, TR \u0414\u0436\u0438\u0445\u0430\u043d \u0419\u044b\u043b\u0434\u044b\u0437 \u041f\u0440\u043e\u0434\u0430\u0436\u0430 \u041c\u043e\u0431\u0438\u043b\u044c\u043d\u0430\u044f \u0441\u0432\u044f\u0437\u044c. +49 173 866 [&hellip;]<\/p>\n","protected":false},"author":7,"featured_media":19400,"parent":0,"menu_order":0,"comment_status":"closed","ping_status":"closed","template":"","meta":{"footnotes":""},"class_list":["post-19361","page","type-page","status-publish","has-post-thumbnail"],"yoast_head":"<!-- This site is optimized with the Yoast SEO plugin v26.5 - https:\/\/yoast.com\/wordpress\/plugins\/seo\/ -->\n<title>\u041c\u0435\u0436\u0434\u0443\u043d\u0430\u0440\u043e\u0434\u043d\u0430\u044f \u0442\u043e\u0440\u0433\u043e\u0432\u0430\u044f \u043a\u043e\u043c\u043f\u0430\u043d\u0438\u044f JH-International - \u041a\u043e\u043c\u0430\u043d\u0434\u0430 - JH - ITC GmbH<\/title>\n<meta name=\"description\" content=\"\u0412\u0430\u0448\u0438 \u043a\u043e\u043d\u0442\u0430\u043a\u0442\u043d\u044b\u0435 \u043b\u0438\u0446\u0430 \u0432 \u043a\u043e\u043c\u043f\u0430\u043d\u0438\u0438 JH -ITC GmbH\" \/>\n<meta name=\"robots\" content=\"noindex, follow, max-snippet:-1, max-image-preview:large, max-video-preview:-1\" \/>\n<meta property=\"og:locale\" content=\"ru_RU\" \/>\n<meta property=\"og:type\" content=\"article\" \/>\n<meta property=\"og:title\" content=\"\u041c\u0435\u0436\u0434\u0443\u043d\u0430\u0440\u043e\u0434\u043d\u0430\u044f \u0442\u043e\u0440\u0433\u043e\u0432\u0430\u044f \u043a\u043e\u043c\u043f\u0430\u043d\u0438\u044f JH-International - \u041a\u043e\u043c\u0430\u043d\u0434\u0430 - JH - ITC GmbH\" \/>\n<meta property=\"og:description\" content=\"\u0412\u0430\u0448\u0438 \u043a\u043e\u043d\u0442\u0430\u043a\u0442\u043d\u044b\u0435 \u043b\u0438\u0446\u0430 \u0432 \u043a\u043e\u043c\u043f\u0430\u043d\u0438\u0438 JH -ITC GmbH\" \/>\n<meta property=\"og:url\" content=\"https:\/\/stage.jh-itc.de\/ru\/%d0%bc%d0%b5%d0%b6%d0%b4%d1%83%d0%bd%d0%b0%d1%80%d0%be%d0%b4%d0%bd%d0%b0%d1%8f-%d1%82%d0%be%d1%80%d0%b3%d0%be%d0%b2%d0%b0%d1%8f-%d0%ba%d0%be%d0%bc%d0%bf%d0%b0%d0%bd%d0%b8%d1%8f-jh-international\/\" \/>\n<meta property=\"og:site_name\" content=\"JH - ITC GmbH\" \/>\n<meta property=\"article:publisher\" content=\"https:\/\/www.facebook.com\/schalungshandel\" \/>\n<meta property=\"article:modified_time\" content=\"2021-07-16T16:05:27+00:00\" \/>\n<meta property=\"og:image\" content=\"https:\/\/stage.jh-itc.de\/wp-content\/uploads\/2019\/10\/Containerteam-1024x595.jpg\" \/>\n<meta name=\"twitter:card\" content=\"summary_large_image\" \/>\n<meta name=\"twitter:site\" content=\"@JH_ITC\" \/>\n<!-- \/ Yoast SEO plugin. -->","yoast_head_json":{"title":"\u041c\u0435\u0436\u0434\u0443\u043d\u0430\u0440\u043e\u0434\u043d\u0430\u044f \u0442\u043e\u0440\u0433\u043e\u0432\u0430\u044f \u043a\u043e\u043c\u043f\u0430\u043d\u0438\u044f JH-International - \u041a\u043e\u043c\u0430\u043d\u0434\u0430 - JH - ITC GmbH","description":"\u0412\u0430\u0448\u0438 \u043a\u043e\u043d\u0442\u0430\u043a\u0442\u043d\u044b\u0435 \u043b\u0438\u0446\u0430 \u0432 \u043a\u043e\u043c\u043f\u0430\u043d\u0438\u0438 JH -ITC GmbH","robots":{"index":"noindex","follow":"follow","max-snippet":"max-snippet:-1","max-image-preview":"max-image-preview:large","max-video-preview":"max-video-preview:-1"},"og_locale":"ru_RU","og_type":"article","og_title":"\u041c\u0435\u0436\u0434\u0443\u043d\u0430\u0440\u043e\u0434\u043d\u0430\u044f \u0442\u043e\u0440\u0433\u043e\u0432\u0430\u044f \u043a\u043e\u043c\u043f\u0430\u043d\u0438\u044f JH-International - \u041a\u043e\u043c\u0430\u043d\u0434\u0430 - JH - ITC GmbH","og_description":"\u0412\u0430\u0448\u0438 \u043a\u043e\u043d\u0442\u0430\u043a\u0442\u043d\u044b\u0435 \u043b\u0438\u0446\u0430 \u0432 \u043a\u043e\u043c\u043f\u0430\u043d\u0438\u0438 JH -ITC GmbH","og_url":"https:\/\/stage.jh-itc.de\/ru\/%d0%bc%d0%b5%d0%b6%d0%b4%d1%83%d0%bd%d0%b0%d1%80%d0%be%d0%b4%d0%bd%d0%b0%d1%8f-%d1%82%d0%be%d1%80%d0%b3%d0%be%d0%b2%d0%b0%d1%8f-%d0%ba%d0%be%d0%bc%d0%bf%d0%b0%d0%bd%d0%b8%d1%8f-jh-international\/","og_site_name":"JH - ITC GmbH","article_publisher":"https:\/\/www.facebook.com\/schalungshandel","article_modified_time":"2021-07-16T16:05:27+00:00","og_image":[{"url":"https:\/\/stage.jh-itc.de\/wp-content\/uploads\/2019\/10\/Containerteam-1024x595.jpg","type":"","width":"","height":""}],"twitter_card":"summary_large_image","twitter_site":"@JH_ITC","schema":{"@context":"https:\/\/schema.org","@graph":[{"@type":"WebPage","@id":"https:\/\/stage.jh-itc.de\/ru\/%d0%bc%d0%b5%d0%b6%d0%b4%d1%83%d0%bd%d0%b0%d1%80%d0%be%d0%b4%d0%bd%d0%b0%d1%8f-%d1%82%d0%be%d1%80%d0%b3%d0%be%d0%b2%d0%b0%d1%8f-%d0%ba%d0%be%d0%bc%d0%bf%d0%b0%d0%bd%d0%b8%d1%8f-jh-international\/","url":"https:\/\/stage.jh-itc.de\/ru\/%d0%bc%d0%b5%d0%b6%d0%b4%d1%83%d0%bd%d0%b0%d1%80%d0%be%d0%b4%d0%bd%d0%b0%d1%8f-%d1%82%d0%be%d1%80%d0%b3%d0%be%d0%b2%d0%b0%d1%8f-%d0%ba%d0%be%d0%bc%d0%bf%d0%b0%d0%bd%d0%b8%d1%8f-jh-international\/","name":"\u041c\u0435\u0436\u0434\u0443\u043d\u0430\u0440\u043e\u0434\u043d\u0430\u044f \u0442\u043e\u0440\u0433\u043e\u0432\u0430\u044f \u043a\u043e\u043c\u043f\u0430\u043d\u0438\u044f JH-International - \u041a\u043e\u043c\u0430\u043d\u0434\u0430 - JH - ITC GmbH","isPartOf":{"@id":"https:\/\/stage.jh-itc.de\/ru\/#website"},"primaryImageOfPage":{"@id":"https:\/\/stage.jh-itc.de\/ru\/%d0%bc%d0%b5%d0%b6%d0%b4%d1%83%d0%bd%d0%b0%d1%80%d0%be%d0%b4%d0%bd%d0%b0%d1%8f-%d1%82%d0%be%d1%80%d0%b3%d0%be%d0%b2%d0%b0%d1%8f-%d0%ba%d0%be%d0%bc%d0%bf%d0%b0%d0%bd%d0%b8%d1%8f-jh-international\/#primaryimage"},"image":{"@id":"https:\/\/stage.jh-itc.de\/ru\/%d0%bc%d0%b5%d0%b6%d0%b4%d1%83%d0%bd%d0%b0%d1%80%d0%be%d0%b4%d0%bd%d0%b0%d1%8f-%d1%82%d0%be%d1%80%d0%b3%d0%be%d0%b2%d0%b0%d1%8f-%d0%ba%d0%be%d0%bc%d0%bf%d0%b0%d0%bd%d0%b8%d1%8f-jh-international\/#primaryimage"},"thumbnailUrl":"https:\/\/stage.jh-itc.de\/wp-content\/uploads\/2020\/12\/IMG_5753-1.jpg","datePublished":"2021-07-16T16:05:23+00:00","dateModified":"2021-07-16T16:05:27+00:00","description":"\u0412\u0430\u0448\u0438 \u043a\u043e\u043d\u0442\u0430\u043a\u0442\u043d\u044b\u0435 \u043b\u0438\u0446\u0430 \u0432 \u043a\u043e\u043c\u043f\u0430\u043d\u0438\u0438 JH -ITC GmbH","breadcrumb":{"@id":"https:\/\/stage.jh-itc.de\/ru\/%d0%bc%d0%b5%d0%b6%d0%b4%d1%83%d0%bd%d0%b0%d1%80%d0%be%d0%b4%d0%bd%d0%b0%d1%8f-%d1%82%d0%be%d1%80%d0%b3%d0%be%d0%b2%d0%b0%d1%8f-%d0%ba%d0%be%d0%bc%d0%bf%d0%b0%d0%bd%d0%b8%d1%8f-jh-international\/#breadcrumb"},"inLanguage":"ru-RU","potentialAction":[{"@type":"ReadAction","target":["https:\/\/stage.jh-itc.de\/ru\/%d0%bc%d0%b5%d0%b6%d0%b4%d1%83%d0%bd%d0%b0%d1%80%d0%be%d0%b4%d0%bd%d0%b0%d1%8f-%d1%82%d0%be%d1%80%d0%b3%d0%be%d0%b2%d0%b0%d1%8f-%d0%ba%d0%be%d0%bc%d0%bf%d0%b0%d0%bd%d0%b8%d1%8f-jh-international\/"]}]},{"@type":"ImageObject","inLanguage":"ru-RU","@id":"https:\/\/stage.jh-itc.de\/ru\/%d0%bc%d0%b5%d0%b6%d0%b4%d1%83%d0%bd%d0%b0%d1%80%d0%be%d0%b4%d0%bd%d0%b0%d1%8f-%d1%82%d0%be%d1%80%d0%b3%d0%be%d0%b2%d0%b0%d1%8f-%d0%ba%d0%be%d0%bc%d0%bf%d0%b0%d0%bd%d0%b8%d1%8f-jh-international\/#primaryimage","url":"https:\/\/stage.jh-itc.de\/wp-content\/uploads\/2020\/12\/IMG_5753-1.jpg","contentUrl":"https:\/\/stage.jh-itc.de\/wp-content\/uploads\/2020\/12\/IMG_5753-1.jpg","width":2490,"height":859},{"@type":"BreadcrumbList","@id":"https:\/\/stage.jh-itc.de\/ru\/%d0%bc%d0%b5%d0%b6%d0%b4%d1%83%d0%bd%d0%b0%d1%80%d0%be%d0%b4%d0%bd%d0%b0%d1%8f-%d1%82%d0%be%d1%80%d0%b3%d0%be%d0%b2%d0%b0%d1%8f-%d0%ba%d0%be%d0%bc%d0%bf%d0%b0%d0%bd%d0%b8%d1%8f-jh-international\/#breadcrumb","itemListElement":[{"@type":"ListItem","position":1,"name":"Home","item":"https:\/\/stage.jh-itc.de\/ru\/%d0%be%d0%bf%d0%b0%d0%bb%d1%83%d0%b1%d0%ba%d0%b0-%d1%81%d1%82%d0%be%d0%b9%d0%ba%d0%b8-%d0%b8-%d1%81%d1%82%d1%80%d0%be%d0%b8%d1%82%d0%b5%d0%bb%d1%8c%d0%bd%d1%8b%d0%b5-%d0%bb%d0%b5%d1%81%d0%b0-%d0%be\/"},{"@type":"ListItem","position":2,"name":"\u041c\u0435\u0436\u0434\u0443\u043d\u0430\u0440\u043e\u0434\u043d\u0430\u044f \u0442\u043e\u0440\u0433\u043e\u0432\u0430\u044f \u043a\u043e\u043c\u043f\u0430\u043d\u0438\u044f JH-International &#8211; \u041a\u043e\u043c\u0430\u043d\u0434\u0430"}]},{"@type":"WebSite","@id":"https:\/\/stage.jh-itc.de\/ru\/#website","url":"https:\/\/stage.jh-itc.de\/ru\/","name":"JH - ITC GmbH","description":"Ihr Experte f\u00fcr gebrauchte St\u00fctzen, Schalungen und Ger\u00fcste","publisher":{"@id":"https:\/\/stage.jh-itc.de\/ru\/#organization"},"potentialAction":[{"@type":"SearchAction","target":{"@type":"EntryPoint","urlTemplate":"https:\/\/stage.jh-itc.de\/ru\/?s={search_term_string}"},"query-input":{"@type":"PropertyValueSpecification","valueRequired":true,"valueName":"search_term_string"}}],"inLanguage":"ru-RU"},{"@type":"Organization","@id":"https:\/\/stage.jh-itc.de\/ru\/#organization","name":"JH-ITC GmbH","url":"https:\/\/stage.jh-itc.de\/ru\/","logo":{"@type":"ImageObject","inLanguage":"ru-RU","@id":"https:\/\/stage.jh-itc.de\/ru\/#\/schema\/logo\/image\/","url":"https:\/\/stage.jh-itc.de\/wp-content\/uploads\/2016\/01\/JH-ITC2-1.png","contentUrl":"https:\/\/stage.jh-itc.de\/wp-content\/uploads\/2016\/01\/JH-ITC2-1.png","width":300,"height":102,"caption":"JH-ITC GmbH"},"image":{"@id":"https:\/\/stage.jh-itc.de\/ru\/#\/schema\/logo\/image\/"},"sameAs":["https:\/\/www.facebook.com\/schalungshandel","https:\/\/x.com\/JH_ITC","https:\/\/www.linkedin.com\/in\/jhitc","https:\/\/youtu.be\/rMdZ-FLfI-Y"]}]}},"_links":{"self":[{"href":"https:\/\/stage.jh-itc.de\/ru\/wp-json\/wp\/v2\/pages\/19361","targetHints":{"allow":["GET"]}}],"collection":[{"href":"https:\/\/stage.jh-itc.de\/ru\/wp-json\/wp\/v2\/pages"}],"about":[{"href":"https:\/\/stage.jh-itc.de\/ru\/wp-json\/wp\/v2\/types\/page"}],"author":[{"embeddable":true,"href":"https:\/\/stage.jh-itc.de\/ru\/wp-json\/wp\/v2\/users\/7"}],"replies":[{"embeddable":true,"href":"https:\/\/stage.jh-itc.de\/ru\/wp-json\/wp\/v2\/comments?post=19361"}],"version-history":[{"count":1,"href":"https:\/\/stage.jh-itc.de\/ru\/wp-json\/wp\/v2\/pages\/19361\/revisions"}],"predecessor-version":[{"id":19401,"href":"https:\/\/stage.jh-itc.de\/ru\/wp-json\/wp\/v2\/pages\/19361\/revisions\/19401"}],"wp:featuredmedia":[{"embeddable":true,"href":"https:\/\/stage.jh-itc.de\/ru\/wp-json\/wp\/v2\/media\/19400"}],"wp:attachment":[{"href":"https:\/\/stage.jh-itc.de\/ru\/wp-json\/wp\/v2\/media?parent=19361"}],"curies":[{"name":"wp","href":"https:\/\/api.w.org\/{rel}","templated":true}]}}