{"id":92482,"date":"2024-10-29T10:35:26","date_gmt":"2024-10-29T09:35:39","guid":{"rendered":"https:\/\/www.jh-itc.de\/shop\/uncategorized\/mini-grue-lissmac-lmk-400\/"},"modified":"2024-10-29T10:46:37","modified_gmt":"2024-10-29T09:46:37","slug":"mini-grue-lissmac-lmk-400","status":"publish","type":"product","link":"https:\/\/stage.jh-itc.de\/fr\/shop\/machines-de-construction\/mini-grue-lissmac-lmk-400\/","title":{"rendered":"Mini-grue Lissmac LMK 400"},"content":{"rendered":"<p>Ch\u00e2ssis de base, tour et fl\u00e8che enti\u00e8rement galvanis\u00e9s \u00e0 chaud<br \/>\n&#8211; Pas de rouille ou de peinture endommag\u00e9e<br \/>\n&#8211; Durable et robuste pour les utilisations les plus difficiles<br \/>\n&#8211; Couronne d&#8217;orientation \u00e0 billes de grande taille, facile \u00e0 faire tourner<br \/>\n&#8211; Montage et d\u00e9montage faciles gr\u00e2ce \u00e0 une pompe \u00e9lectro-hydraulique &#8211; des<br \/>\nProtection par un cylindre de s\u00e9curit\u00e9 avec goupille<br \/>\n&#8211; LMK 400 TFE\/DK de s\u00e9rie, y compris la radiocommande HBC<br \/>\n&#8211; Radiocommande convertible en EHS (fonction palan \u00e0 cha\u00eene et chariot)<br \/>\nutilisable)<br \/>\nTransport<br \/>\n&#8211; En inclinant la fl\u00e8che, deux mini-grues peuvent \u00eatre mont\u00e9es sur 7<br \/>\nm\u00e8tres de charge<br \/>\n&#8211; Possibilit\u00e9 de d\u00e9placement horizontal \u00e0 l&#8217;aide d&#8217;un chariot \u00e9l\u00e9vateur et d&#8217;une grue<br \/>\nLe palan \u00e0 cha\u00eene<br \/>\n&#8211; Alimentation \u00e9lectrique par un dispositif de remorquage de c\u00e2ble int\u00e9gr\u00e9 \u00e0 la fl\u00e8che<br \/>\n&#8211; Possibilit\u00e9 de d\u00e9monter rapidement le palan \u00e0 cha\u00eene<\/p>\n","protected":false},"excerpt":{"rendered":"<p>Nous proposons une mini-grue Lissmac LMK 400 d&#8217;occasion.<\/p>\n<p>Ann\u00e9e de construction : 2005<\/p>\n<p>N\u00b0 de machine K01F 1066L<\/p>\n<p>Poids total : 1890 Kg<\/p>\n<p>Port\u00e9e : 5m<\/p>\n<p>Capacit\u00e9 de charge : 400\/500Kg<\/p>\n<p>&nbsp;<\/p>\n<p>Si vous \u00eates int\u00e9ress\u00e9, veuillez nous envoyer votre demande.<\/p>\n<p>&nbsp;<\/p>\n<p>https:\/\/www.youtube.com\/watch?app=desktop&amp;v=g6O8vw2uHxI<\/p>\n<p>&nbsp;<\/p>\n<p>&nbsp;<\/p>\n","protected":false},"featured_media":92440,"template":"","meta":[],"product_brand":[],"product_cat":[383],"product_tag":[],"class_list":{"0":"post-92482","1":"product","2":"type-product","3":"status-publish","4":"has-post-thumbnail","6":"product_cat-machines-de-construction","8":"first","9":"instock","10":"sale","11":"taxable","12":"shipping-taxable","13":"product-type-simple"},"yoast_head":"<!-- This site is optimized with the Yoast SEO plugin v26.5 - https:\/\/yoast.com\/wordpress\/plugins\/seo\/ -->\n<title>Mini-grue Lissmac LMK 400 - JH - ITC GmbH<\/title>\n<meta name=\"description\" content=\"Mini-grue Lissmac LMK 400. Fabricants renomm\u00e9s \u2714 Coffrages, \u00e9taiements, \u00e9chafaudages &amp; machines de chantier neufs &amp; d&#039;occasion \u2714 Demandez une offre maintenant!\" \/>\n<meta name=\"robots\" content=\"noindex, follow, max-snippet:-1, max-image-preview:large, max-video-preview:-1\" \/>\n<meta property=\"og:locale\" content=\"fr_FR\" \/>\n<meta property=\"og:type\" content=\"article\" \/>\n<meta property=\"og:title\" content=\"Mini-grue Lissmac LMK 400 - JH - ITC GmbH\" \/>\n<meta property=\"og:description\" content=\"Mini-grue Lissmac LMK 400. Fabricants renomm\u00e9s \u2714 Coffrages, \u00e9taiements, \u00e9chafaudages &amp; machines de chantier neufs &amp; d&#039;occasion \u2714 Demandez une offre maintenant!\" \/>\n<meta property=\"og:url\" content=\"https:\/\/stage.jh-itc.de\/fr\/shop\/machines-de-construction\/mini-grue-lissmac-lmk-400\/\" \/>\n<meta property=\"og:site_name\" content=\"JH - ITC GmbH\" \/>\n<meta property=\"article:publisher\" content=\"https:\/\/www.facebook.com\/schalungshandel\" \/>\n<meta property=\"article:modified_time\" content=\"2024-10-29T09:46:37+00:00\" \/>\n<meta property=\"og:image\" content=\"https:\/\/stage.jh-itc.de\/wp-content\/uploads\/2024\/10\/Lissmac-LMK-400-2.jpg\" \/>\n\t<meta property=\"og:image:width\" content=\"2048\" \/>\n\t<meta property=\"og:image:height\" content=\"1536\" \/>\n\t<meta property=\"og:image:type\" content=\"image\/jpeg\" \/>\n<meta name=\"twitter:card\" content=\"summary_large_image\" \/>\n<meta name=\"twitter:site\" content=\"@JH_ITC\" \/>\n<meta name=\"twitter:label1\" content=\"Dur\u00e9e de lecture estim\u00e9e\" \/>\n\t<meta name=\"twitter:data1\" content=\"1 minute\" \/>\n<!-- \/ Yoast SEO plugin. -->","yoast_head_json":{"title":"Mini-grue Lissmac LMK 400 - JH - ITC GmbH","description":"Mini-grue Lissmac LMK 400. Fabricants renomm\u00e9s \u2714 Coffrages, \u00e9taiements, \u00e9chafaudages & machines de chantier neufs & d'occasion \u2714 Demandez une offre maintenant!","robots":{"index":"noindex","follow":"follow","max-snippet":"max-snippet:-1","max-image-preview":"max-image-preview:large","max-video-preview":"max-video-preview:-1"},"og_locale":"fr_FR","og_type":"article","og_title":"Mini-grue Lissmac LMK 400 - JH - ITC GmbH","og_description":"Mini-grue Lissmac LMK 400. Fabricants renomm\u00e9s \u2714 Coffrages, \u00e9taiements, \u00e9chafaudages & machines de chantier neufs & d'occasion \u2714 Demandez une offre maintenant!","og_url":"https:\/\/stage.jh-itc.de\/fr\/shop\/machines-de-construction\/mini-grue-lissmac-lmk-400\/","og_site_name":"JH - ITC GmbH","article_publisher":"https:\/\/www.facebook.com\/schalungshandel","article_modified_time":"2024-10-29T09:46:37+00:00","og_image":[{"width":2048,"height":1536,"url":"https:\/\/stage.jh-itc.de\/wp-content\/uploads\/2024\/10\/Lissmac-LMK-400-2.jpg","type":"image\/jpeg"}],"twitter_card":"summary_large_image","twitter_site":"@JH_ITC","twitter_misc":{"Dur\u00e9e de lecture estim\u00e9e":"1 minute"},"schema":{"@context":"https:\/\/schema.org","@graph":[{"@type":"WebPage","@id":"https:\/\/stage.jh-itc.de\/fr\/shop\/machines-de-construction\/mini-grue-lissmac-lmk-400\/","url":"https:\/\/stage.jh-itc.de\/fr\/shop\/machines-de-construction\/mini-grue-lissmac-lmk-400\/","name":"Mini-grue Lissmac LMK 400 - JH - ITC GmbH","isPartOf":{"@id":"https:\/\/stage.jh-itc.de\/fr\/#website"},"primaryImageOfPage":{"@id":"https:\/\/stage.jh-itc.de\/fr\/shop\/machines-de-construction\/mini-grue-lissmac-lmk-400\/#primaryimage"},"image":{"@id":"https:\/\/stage.jh-itc.de\/fr\/shop\/machines-de-construction\/mini-grue-lissmac-lmk-400\/#primaryimage"},"thumbnailUrl":"https:\/\/stage.jh-itc.de\/wp-content\/uploads\/2024\/10\/Lissmac-LMK-400-2.jpg","datePublished":"2024-10-29T09:35:39+00:00","dateModified":"2024-10-29T09:46:37+00:00","description":"Mini-grue Lissmac LMK 400. Fabricants renomm\u00e9s \u2714 Coffrages, \u00e9taiements, \u00e9chafaudages & machines de chantier neufs & d'occasion \u2714 Demandez une offre maintenant!","breadcrumb":{"@id":"https:\/\/stage.jh-itc.de\/fr\/shop\/machines-de-construction\/mini-grue-lissmac-lmk-400\/#breadcrumb"},"inLanguage":"fr-FR","potentialAction":[{"@type":"ReadAction","target":["https:\/\/stage.jh-itc.de\/fr\/shop\/machines-de-construction\/mini-grue-lissmac-lmk-400\/"]}]},{"@type":"ImageObject","inLanguage":"fr-FR","@id":"https:\/\/stage.jh-itc.de\/fr\/shop\/machines-de-construction\/mini-grue-lissmac-lmk-400\/#primaryimage","url":"https:\/\/stage.jh-itc.de\/wp-content\/uploads\/2024\/10\/Lissmac-LMK-400-2.jpg","contentUrl":"https:\/\/stage.jh-itc.de\/wp-content\/uploads\/2024\/10\/Lissmac-LMK-400-2.jpg","width":2048,"height":1536},{"@type":"BreadcrumbList","@id":"https:\/\/stage.jh-itc.de\/fr\/shop\/machines-de-construction\/mini-grue-lissmac-lmk-400\/#breadcrumb","itemListElement":[{"@type":"ListItem","position":1,"name":"Home","item":"https:\/\/stage.jh-itc.de\/fr\/coffrages-etais-et-echafaudages-de-professionnels\/"},{"@type":"ListItem","position":2,"name":"Boutique","item":"https:\/\/stage.jh-itc.de\/fr\/boutique\/"},{"@type":"ListItem","position":3,"name":"Mini-grue Lissmac LMK 400"}]},{"@type":"WebSite","@id":"https:\/\/stage.jh-itc.de\/fr\/#website","url":"https:\/\/stage.jh-itc.de\/fr\/","name":"JH - ITC GmbH","description":"Ihr Experte f\u00fcr gebrauchte St\u00fctzen, Schalungen und Ger\u00fcste","publisher":{"@id":"https:\/\/stage.jh-itc.de\/fr\/#organization"},"potentialAction":[{"@type":"SearchAction","target":{"@type":"EntryPoint","urlTemplate":"https:\/\/stage.jh-itc.de\/fr\/?s={search_term_string}"},"query-input":{"@type":"PropertyValueSpecification","valueRequired":true,"valueName":"search_term_string"}}],"inLanguage":"fr-FR"},{"@type":"Organization","@id":"https:\/\/stage.jh-itc.de\/fr\/#organization","name":"JH-ITC GmbH","url":"https:\/\/stage.jh-itc.de\/fr\/","logo":{"@type":"ImageObject","inLanguage":"fr-FR","@id":"https:\/\/stage.jh-itc.de\/fr\/#\/schema\/logo\/image\/","url":"https:\/\/stage.jh-itc.de\/wp-content\/uploads\/2016\/01\/JH-ITC2-1.png","contentUrl":"https:\/\/stage.jh-itc.de\/wp-content\/uploads\/2016\/01\/JH-ITC2-1.png","width":300,"height":102,"caption":"JH-ITC GmbH"},"image":{"@id":"https:\/\/stage.jh-itc.de\/fr\/#\/schema\/logo\/image\/"},"sameAs":["https:\/\/www.facebook.com\/schalungshandel","https:\/\/x.com\/JH_ITC","https:\/\/www.linkedin.com\/in\/jhitc","https:\/\/youtu.be\/rMdZ-FLfI-Y"]}]}},"_links":{"self":[{"href":"https:\/\/stage.jh-itc.de\/fr\/wp-json\/wp\/v2\/product\/92482","targetHints":{"allow":["GET"]}}],"collection":[{"href":"https:\/\/stage.jh-itc.de\/fr\/wp-json\/wp\/v2\/product"}],"about":[{"href":"https:\/\/stage.jh-itc.de\/fr\/wp-json\/wp\/v2\/types\/product"}],"wp:featuredmedia":[{"embeddable":true,"href":"https:\/\/stage.jh-itc.de\/fr\/wp-json\/wp\/v2\/media\/92440"}],"wp:attachment":[{"href":"https:\/\/stage.jh-itc.de\/fr\/wp-json\/wp\/v2\/media?parent=92482"}],"wp:term":[{"taxonomy":"product_brand","embeddable":true,"href":"https:\/\/stage.jh-itc.de\/fr\/wp-json\/wp\/v2\/product_brand?post=92482"},{"taxonomy":"product_cat","embeddable":true,"href":"https:\/\/stage.jh-itc.de\/fr\/wp-json\/wp\/v2\/product_cat?post=92482"},{"taxonomy":"product_tag","embeddable":true,"href":"https:\/\/stage.jh-itc.de\/fr\/wp-json\/wp\/v2\/product_tag?post=92482"}],"curies":[{"name":"wp","href":"https:\/\/api.w.org\/{rel}","templated":true}]}}