{"id":92372,"date":"2024-10-22T15:43:10","date_gmt":"2024-10-22T13:43:19","guid":{"rendered":"https:\/\/www.jh-itc.de\/shop\/uncategorized\/verrou-peri-srz\/"},"modified":"2024-10-22T15:43:19","modified_gmt":"2024-10-22T13:43:19","slug":"verrou-peri-srz","status":"publish","type":"product","link":"https:\/\/stage.jh-itc.de\/fr\/shop\/volets\/verrou-peri-srz\/","title":{"rendered":"Verrou Peri SRZ"},"content":{"rendered":"","protected":false},"excerpt":{"rendered":"<p>Nous proposons des verrous Peri SRZ d&#8217;occasion.<\/p>\n<p>&nbsp;<\/p>\n<table width=\"685\">\n<tbody>\n<tr>\n<td width=\"80\">N\u00b0 d&#8217;art.<\/td>\n<td width=\"271\">Description de l&#8217;article<\/td>\n<td width=\"257\">Description<\/td>\n<td width=\"77\">Quantit\u00e9<\/td>\n<\/tr>\n<tr>\n<td>010050<\/td>\n<td>Barre en acier SRZ U100, L = 2,45 m<\/td>\n<td>Steel Waler SRZ U-100 l = 2,45 m<\/td>\n<td>85<\/td>\n<\/tr>\n<tr>\n<td>010120<\/td>\n<td>Barre en acier SRZ U100, L = 2,95 m<\/td>\n<td>Steel Waler SRZ U-100 l = 2.95m<\/td>\n<td>96<\/td>\n<\/tr>\n<\/tbody>\n<\/table>\n<p>&nbsp;<\/p>\n<p>Si vous \u00eates int\u00e9ress\u00e9, envoyez-nous votre demande<\/p>\n","protected":false},"featured_media":92361,"template":"","meta":[],"product_brand":[],"product_cat":[378,377],"product_tag":[],"class_list":{"0":"post-92372","1":"product","2":"type-product","3":"status-publish","4":"has-post-thumbnail","6":"product_cat-peri-fr","7":"product_cat-volets","9":"first","10":"instock","11":"taxable","12":"shipping-taxable","13":"product-type-simple"},"yoast_head":"<!-- This site is optimized with the Yoast SEO plugin v26.5 - https:\/\/yoast.com\/wordpress\/plugins\/seo\/ -->\n<title>Verrou Peri SRZ - JH - ITC GmbH<\/title>\n<meta name=\"description\" content=\"Verrou Peri SRZ. Fabricants renomm\u00e9s \u2714 Coffrages, \u00e9taiements, \u00e9chafaudages &amp; machines de chantier neufs &amp; d&#039;occasion \u2714 Demandez une offre maintenant!\" \/>\n<meta name=\"robots\" content=\"noindex, follow, max-snippet:-1, max-image-preview:large, max-video-preview:-1\" \/>\n<meta property=\"og:locale\" content=\"fr_FR\" \/>\n<meta property=\"og:type\" content=\"article\" \/>\n<meta property=\"og:title\" content=\"Verrou Peri SRZ - JH - ITC GmbH\" \/>\n<meta property=\"og:description\" content=\"Verrou Peri SRZ. Fabricants renomm\u00e9s \u2714 Coffrages, \u00e9taiements, \u00e9chafaudages &amp; machines de chantier neufs &amp; d&#039;occasion \u2714 Demandez une offre maintenant!\" \/>\n<meta property=\"og:url\" content=\"https:\/\/stage.jh-itc.de\/fr\/shop\/volets\/verrou-peri-srz\/\" \/>\n<meta property=\"og:site_name\" content=\"JH - ITC GmbH\" \/>\n<meta property=\"article:publisher\" content=\"https:\/\/www.facebook.com\/schalungshandel\" \/>\n<meta property=\"og:image\" content=\"https:\/\/stage.jh-itc.de\/wp-content\/uploads\/2024\/10\/Peri-SRZ-Riegel-1.jpg\" \/>\n\t<meta property=\"og:image:width\" content=\"900\" \/>\n\t<meta property=\"og:image:height\" content=\"1600\" \/>\n\t<meta property=\"og:image:type\" content=\"image\/jpeg\" \/>\n<meta name=\"twitter:card\" content=\"summary_large_image\" \/>\n<meta name=\"twitter:site\" content=\"@JH_ITC\" \/>\n<!-- \/ Yoast SEO plugin. -->","yoast_head_json":{"title":"Verrou Peri SRZ - JH - ITC GmbH","description":"Verrou Peri SRZ. Fabricants renomm\u00e9s \u2714 Coffrages, \u00e9taiements, \u00e9chafaudages & machines de chantier neufs & d'occasion \u2714 Demandez une offre maintenant!","robots":{"index":"noindex","follow":"follow","max-snippet":"max-snippet:-1","max-image-preview":"max-image-preview:large","max-video-preview":"max-video-preview:-1"},"og_locale":"fr_FR","og_type":"article","og_title":"Verrou Peri SRZ - JH - ITC GmbH","og_description":"Verrou Peri SRZ. Fabricants renomm\u00e9s \u2714 Coffrages, \u00e9taiements, \u00e9chafaudages & machines de chantier neufs & d'occasion \u2714 Demandez une offre maintenant!","og_url":"https:\/\/stage.jh-itc.de\/fr\/shop\/volets\/verrou-peri-srz\/","og_site_name":"JH - ITC GmbH","article_publisher":"https:\/\/www.facebook.com\/schalungshandel","og_image":[{"width":900,"height":1600,"url":"https:\/\/stage.jh-itc.de\/wp-content\/uploads\/2024\/10\/Peri-SRZ-Riegel-1.jpg","type":"image\/jpeg"}],"twitter_card":"summary_large_image","twitter_site":"@JH_ITC","schema":{"@context":"https:\/\/schema.org","@graph":[{"@type":"WebPage","@id":"https:\/\/stage.jh-itc.de\/fr\/shop\/volets\/verrou-peri-srz\/","url":"https:\/\/stage.jh-itc.de\/fr\/shop\/volets\/verrou-peri-srz\/","name":"Verrou Peri SRZ - JH - ITC GmbH","isPartOf":{"@id":"https:\/\/stage.jh-itc.de\/fr\/#website"},"primaryImageOfPage":{"@id":"https:\/\/stage.jh-itc.de\/fr\/shop\/volets\/verrou-peri-srz\/#primaryimage"},"image":{"@id":"https:\/\/stage.jh-itc.de\/fr\/shop\/volets\/verrou-peri-srz\/#primaryimage"},"thumbnailUrl":"https:\/\/stage.jh-itc.de\/wp-content\/uploads\/2024\/10\/Peri-SRZ-Riegel-1.jpg","datePublished":"2024-10-22T13:43:19+00:00","description":"Verrou Peri SRZ. Fabricants renomm\u00e9s \u2714 Coffrages, \u00e9taiements, \u00e9chafaudages & machines de chantier neufs & d'occasion \u2714 Demandez une offre maintenant!","breadcrumb":{"@id":"https:\/\/stage.jh-itc.de\/fr\/shop\/volets\/verrou-peri-srz\/#breadcrumb"},"inLanguage":"fr-FR","potentialAction":[{"@type":"ReadAction","target":["https:\/\/stage.jh-itc.de\/fr\/shop\/volets\/verrou-peri-srz\/"]}]},{"@type":"ImageObject","inLanguage":"fr-FR","@id":"https:\/\/stage.jh-itc.de\/fr\/shop\/volets\/verrou-peri-srz\/#primaryimage","url":"https:\/\/stage.jh-itc.de\/wp-content\/uploads\/2024\/10\/Peri-SRZ-Riegel-1.jpg","contentUrl":"https:\/\/stage.jh-itc.de\/wp-content\/uploads\/2024\/10\/Peri-SRZ-Riegel-1.jpg","width":900,"height":1600},{"@type":"BreadcrumbList","@id":"https:\/\/stage.jh-itc.de\/fr\/shop\/volets\/verrou-peri-srz\/#breadcrumb","itemListElement":[{"@type":"ListItem","position":1,"name":"Home","item":"https:\/\/stage.jh-itc.de\/fr\/coffrages-etais-et-echafaudages-de-professionnels\/"},{"@type":"ListItem","position":2,"name":"Boutique","item":"https:\/\/stage.jh-itc.de\/fr\/boutique\/"},{"@type":"ListItem","position":3,"name":"Verrou Peri SRZ"}]},{"@type":"WebSite","@id":"https:\/\/stage.jh-itc.de\/fr\/#website","url":"https:\/\/stage.jh-itc.de\/fr\/","name":"JH - ITC GmbH","description":"Ihr Experte f\u00fcr gebrauchte St\u00fctzen, Schalungen und Ger\u00fcste","publisher":{"@id":"https:\/\/stage.jh-itc.de\/fr\/#organization"},"potentialAction":[{"@type":"SearchAction","target":{"@type":"EntryPoint","urlTemplate":"https:\/\/stage.jh-itc.de\/fr\/?s={search_term_string}"},"query-input":{"@type":"PropertyValueSpecification","valueRequired":true,"valueName":"search_term_string"}}],"inLanguage":"fr-FR"},{"@type":"Organization","@id":"https:\/\/stage.jh-itc.de\/fr\/#organization","name":"JH-ITC GmbH","url":"https:\/\/stage.jh-itc.de\/fr\/","logo":{"@type":"ImageObject","inLanguage":"fr-FR","@id":"https:\/\/stage.jh-itc.de\/fr\/#\/schema\/logo\/image\/","url":"https:\/\/stage.jh-itc.de\/wp-content\/uploads\/2016\/01\/JH-ITC2-1.png","contentUrl":"https:\/\/stage.jh-itc.de\/wp-content\/uploads\/2016\/01\/JH-ITC2-1.png","width":300,"height":102,"caption":"JH-ITC GmbH"},"image":{"@id":"https:\/\/stage.jh-itc.de\/fr\/#\/schema\/logo\/image\/"},"sameAs":["https:\/\/www.facebook.com\/schalungshandel","https:\/\/x.com\/JH_ITC","https:\/\/www.linkedin.com\/in\/jhitc","https:\/\/youtu.be\/rMdZ-FLfI-Y"]}]}},"_links":{"self":[{"href":"https:\/\/stage.jh-itc.de\/fr\/wp-json\/wp\/v2\/product\/92372","targetHints":{"allow":["GET"]}}],"collection":[{"href":"https:\/\/stage.jh-itc.de\/fr\/wp-json\/wp\/v2\/product"}],"about":[{"href":"https:\/\/stage.jh-itc.de\/fr\/wp-json\/wp\/v2\/types\/product"}],"wp:featuredmedia":[{"embeddable":true,"href":"https:\/\/stage.jh-itc.de\/fr\/wp-json\/wp\/v2\/media\/92361"}],"wp:attachment":[{"href":"https:\/\/stage.jh-itc.de\/fr\/wp-json\/wp\/v2\/media?parent=92372"}],"wp:term":[{"taxonomy":"product_brand","embeddable":true,"href":"https:\/\/stage.jh-itc.de\/fr\/wp-json\/wp\/v2\/product_brand?post=92372"},{"taxonomy":"product_cat","embeddable":true,"href":"https:\/\/stage.jh-itc.de\/fr\/wp-json\/wp\/v2\/product_cat?post=92372"},{"taxonomy":"product_tag","embeddable":true,"href":"https:\/\/stage.jh-itc.de\/fr\/wp-json\/wp\/v2\/product_tag?post=92372"}],"curies":[{"name":"wp","href":"https:\/\/api.w.org\/{rel}","templated":true}]}}