{"id":92351,"date":"2024-10-22T15:34:33","date_gmt":"2024-10-22T13:34:43","guid":{"rendered":"https:\/\/www.jh-itc.de\/shop\/uncategorized\/peri-pd-8-tour-dempilement\/"},"modified":"2024-10-22T15:34:43","modified_gmt":"2024-10-22T13:34:43","slug":"peri-pd-8-tour-dempilement","status":"publish","type":"product","link":"https:\/\/stage.jh-itc.de\/fr\/shop\/echafaudage\/peri-pd-8-tour-dempilement\/","title":{"rendered":"Peri PD 8 Tour d&#8217;empilement"},"content":{"rendered":"","protected":false},"excerpt":{"rendered":"<p>Nous proposons un lot de mat\u00e9riel d&#8217;occasion pour la tour d&#8217;empilage Peri PD 8.<\/p>\n<p>&nbsp;<\/p>\n<table width=\"0\">\n<tbody>\n<tr>\n<td width=\"152\"><strong>Pos.<\/strong><\/td>\n<td width=\"497\"><strong>Description<\/strong><\/td>\n<td width=\"222\"><strong>Qt\u00e9<\/strong><\/td>\n<\/tr>\n<tr>\n<td width=\"152\">000001<\/td>\n<td width=\"497\">Cadre PD 8, R 150, galv. &#8211; used<\/td>\n<td width=\"222\">110<\/td>\n<\/tr>\n<tr>\n<td width=\"152\">000002<\/td>\n<td width=\"497\">Cadre PD 8, R 150, galv. Quickl. &#8211; used<\/td>\n<td width=\"222\">68<\/td>\n<\/tr>\n<tr>\n<td width=\"152\">000003<\/td>\n<td width=\"497\">Cadre PD 8, R 110, galv. &#8211; used<\/td>\n<td width=\"222\">332<\/td>\n<\/tr>\n<tr>\n<td width=\"152\">000004<\/td>\n<td width=\"497\">Cadre PD 8, R 110, galv. Quickl. &#8211; used<\/td>\n<td width=\"222\">126<\/td>\n<\/tr>\n<tr>\n<td width=\"152\">000005<\/td>\n<td width=\"497\">Croix diagonale DK 200, galvanis\u00e9 l= 2,282m &#8211; utilis\u00e9<\/td>\n<td width=\"222\">150<\/td>\n<\/tr>\n<tr>\n<td width=\"152\">000006<\/td>\n<td width=\"497\">Croix diagonale DK 200, galvanis\u00e9 l= 3,195m &#8211; utilis\u00e9<\/td>\n<td width=\"222\">300<\/td>\n<\/tr>\n<\/tbody>\n<\/table>\n<p>Si vous \u00eates int\u00e9ress\u00e9, veuillez nous envoyer votre demande.<\/p>\n","protected":false},"featured_media":92311,"template":"","meta":[],"product_brand":[],"product_cat":[376,378,377],"product_tag":[],"class_list":{"0":"post-92351","1":"product","2":"type-product","3":"status-publish","4":"has-post-thumbnail","6":"product_cat-echafaudage","7":"product_cat-peri-fr","8":"product_cat-volets","10":"first","11":"instock","12":"taxable","13":"shipping-taxable","14":"product-type-simple"},"yoast_head":"<!-- This site is optimized with the Yoast SEO plugin v26.5 - https:\/\/yoast.com\/wordpress\/plugins\/seo\/ -->\n<title>Peri PD 8 Tour d&#039;empilement - JH - ITC GmbH<\/title>\n<meta name=\"description\" content=\"Peri PD 8 Tour d&#039;empilement. Fabricants renomm\u00e9s \u2714 Coffrages, \u00e9taiements, \u00e9chafaudages &amp; machines de chantier neufs &amp; d&#039;occasion \u2714 Demandez une offre maintenant!\" \/>\n<meta name=\"robots\" content=\"noindex, follow, max-snippet:-1, max-image-preview:large, max-video-preview:-1\" \/>\n<meta property=\"og:locale\" content=\"fr_FR\" \/>\n<meta property=\"og:type\" content=\"article\" \/>\n<meta property=\"og:title\" content=\"Peri PD 8 Tour d&#039;empilement - JH - ITC GmbH\" \/>\n<meta property=\"og:description\" content=\"Peri PD 8 Tour d&#039;empilement. Fabricants renomm\u00e9s \u2714 Coffrages, \u00e9taiements, \u00e9chafaudages &amp; machines de chantier neufs &amp; d&#039;occasion \u2714 Demandez une offre maintenant!\" \/>\n<meta property=\"og:url\" content=\"https:\/\/stage.jh-itc.de\/fr\/shop\/echafaudage\/peri-pd-8-tour-dempilement\/\" \/>\n<meta property=\"og:site_name\" content=\"JH - ITC GmbH\" \/>\n<meta property=\"article:publisher\" content=\"https:\/\/www.facebook.com\/schalungshandel\" \/>\n<meta property=\"og:image\" content=\"https:\/\/stage.jh-itc.de\/wp-content\/uploads\/2024\/10\/Peri-PD8-3.jpg\" \/>\n\t<meta property=\"og:image:width\" content=\"1600\" \/>\n\t<meta property=\"og:image:height\" content=\"900\" \/>\n\t<meta property=\"og:image:type\" content=\"image\/jpeg\" \/>\n<meta name=\"twitter:card\" content=\"summary_large_image\" \/>\n<meta name=\"twitter:site\" content=\"@JH_ITC\" \/>\n<!-- \/ Yoast SEO plugin. -->","yoast_head_json":{"title":"Peri PD 8 Tour d'empilement - JH - ITC GmbH","description":"Peri PD 8 Tour d'empilement. Fabricants renomm\u00e9s \u2714 Coffrages, \u00e9taiements, \u00e9chafaudages & machines de chantier neufs & d'occasion \u2714 Demandez une offre maintenant!","robots":{"index":"noindex","follow":"follow","max-snippet":"max-snippet:-1","max-image-preview":"max-image-preview:large","max-video-preview":"max-video-preview:-1"},"og_locale":"fr_FR","og_type":"article","og_title":"Peri PD 8 Tour d'empilement - JH - ITC GmbH","og_description":"Peri PD 8 Tour d'empilement. Fabricants renomm\u00e9s \u2714 Coffrages, \u00e9taiements, \u00e9chafaudages & machines de chantier neufs & d'occasion \u2714 Demandez une offre maintenant!","og_url":"https:\/\/stage.jh-itc.de\/fr\/shop\/echafaudage\/peri-pd-8-tour-dempilement\/","og_site_name":"JH - ITC GmbH","article_publisher":"https:\/\/www.facebook.com\/schalungshandel","og_image":[{"width":1600,"height":900,"url":"https:\/\/stage.jh-itc.de\/wp-content\/uploads\/2024\/10\/Peri-PD8-3.jpg","type":"image\/jpeg"}],"twitter_card":"summary_large_image","twitter_site":"@JH_ITC","schema":{"@context":"https:\/\/schema.org","@graph":[{"@type":"WebPage","@id":"https:\/\/stage.jh-itc.de\/fr\/shop\/echafaudage\/peri-pd-8-tour-dempilement\/","url":"https:\/\/stage.jh-itc.de\/fr\/shop\/echafaudage\/peri-pd-8-tour-dempilement\/","name":"Peri PD 8 Tour d'empilement - JH - ITC GmbH","isPartOf":{"@id":"https:\/\/stage.jh-itc.de\/fr\/#website"},"primaryImageOfPage":{"@id":"https:\/\/stage.jh-itc.de\/fr\/shop\/echafaudage\/peri-pd-8-tour-dempilement\/#primaryimage"},"image":{"@id":"https:\/\/stage.jh-itc.de\/fr\/shop\/echafaudage\/peri-pd-8-tour-dempilement\/#primaryimage"},"thumbnailUrl":"https:\/\/stage.jh-itc.de\/wp-content\/uploads\/2024\/10\/Peri-PD8-3.jpg","datePublished":"2024-10-22T13:34:43+00:00","description":"Peri PD 8 Tour d'empilement. Fabricants renomm\u00e9s \u2714 Coffrages, \u00e9taiements, \u00e9chafaudages & machines de chantier neufs & d'occasion \u2714 Demandez une offre maintenant!","breadcrumb":{"@id":"https:\/\/stage.jh-itc.de\/fr\/shop\/echafaudage\/peri-pd-8-tour-dempilement\/#breadcrumb"},"inLanguage":"fr-FR","potentialAction":[{"@type":"ReadAction","target":["https:\/\/stage.jh-itc.de\/fr\/shop\/echafaudage\/peri-pd-8-tour-dempilement\/"]}]},{"@type":"ImageObject","inLanguage":"fr-FR","@id":"https:\/\/stage.jh-itc.de\/fr\/shop\/echafaudage\/peri-pd-8-tour-dempilement\/#primaryimage","url":"https:\/\/stage.jh-itc.de\/wp-content\/uploads\/2024\/10\/Peri-PD8-3.jpg","contentUrl":"https:\/\/stage.jh-itc.de\/wp-content\/uploads\/2024\/10\/Peri-PD8-3.jpg","width":1600,"height":900},{"@type":"BreadcrumbList","@id":"https:\/\/stage.jh-itc.de\/fr\/shop\/echafaudage\/peri-pd-8-tour-dempilement\/#breadcrumb","itemListElement":[{"@type":"ListItem","position":1,"name":"Home","item":"https:\/\/stage.jh-itc.de\/fr\/coffrages-etais-et-echafaudages-de-professionnels\/"},{"@type":"ListItem","position":2,"name":"Boutique","item":"https:\/\/stage.jh-itc.de\/fr\/boutique\/"},{"@type":"ListItem","position":3,"name":"Peri PD 8 Tour d&#8217;empilement"}]},{"@type":"WebSite","@id":"https:\/\/stage.jh-itc.de\/fr\/#website","url":"https:\/\/stage.jh-itc.de\/fr\/","name":"JH - ITC GmbH","description":"Ihr Experte f\u00fcr gebrauchte St\u00fctzen, Schalungen und Ger\u00fcste","publisher":{"@id":"https:\/\/stage.jh-itc.de\/fr\/#organization"},"potentialAction":[{"@type":"SearchAction","target":{"@type":"EntryPoint","urlTemplate":"https:\/\/stage.jh-itc.de\/fr\/?s={search_term_string}"},"query-input":{"@type":"PropertyValueSpecification","valueRequired":true,"valueName":"search_term_string"}}],"inLanguage":"fr-FR"},{"@type":"Organization","@id":"https:\/\/stage.jh-itc.de\/fr\/#organization","name":"JH-ITC GmbH","url":"https:\/\/stage.jh-itc.de\/fr\/","logo":{"@type":"ImageObject","inLanguage":"fr-FR","@id":"https:\/\/stage.jh-itc.de\/fr\/#\/schema\/logo\/image\/","url":"https:\/\/stage.jh-itc.de\/wp-content\/uploads\/2016\/01\/JH-ITC2-1.png","contentUrl":"https:\/\/stage.jh-itc.de\/wp-content\/uploads\/2016\/01\/JH-ITC2-1.png","width":300,"height":102,"caption":"JH-ITC GmbH"},"image":{"@id":"https:\/\/stage.jh-itc.de\/fr\/#\/schema\/logo\/image\/"},"sameAs":["https:\/\/www.facebook.com\/schalungshandel","https:\/\/x.com\/JH_ITC","https:\/\/www.linkedin.com\/in\/jhitc","https:\/\/youtu.be\/rMdZ-FLfI-Y"]}]}},"_links":{"self":[{"href":"https:\/\/stage.jh-itc.de\/fr\/wp-json\/wp\/v2\/product\/92351","targetHints":{"allow":["GET"]}}],"collection":[{"href":"https:\/\/stage.jh-itc.de\/fr\/wp-json\/wp\/v2\/product"}],"about":[{"href":"https:\/\/stage.jh-itc.de\/fr\/wp-json\/wp\/v2\/types\/product"}],"wp:featuredmedia":[{"embeddable":true,"href":"https:\/\/stage.jh-itc.de\/fr\/wp-json\/wp\/v2\/media\/92311"}],"wp:attachment":[{"href":"https:\/\/stage.jh-itc.de\/fr\/wp-json\/wp\/v2\/media?parent=92351"}],"wp:term":[{"taxonomy":"product_brand","embeddable":true,"href":"https:\/\/stage.jh-itc.de\/fr\/wp-json\/wp\/v2\/product_brand?post=92351"},{"taxonomy":"product_cat","embeddable":true,"href":"https:\/\/stage.jh-itc.de\/fr\/wp-json\/wp\/v2\/product_cat?post=92351"},{"taxonomy":"product_tag","embeddable":true,"href":"https:\/\/stage.jh-itc.de\/fr\/wp-json\/wp\/v2\/product_tag?post=92351"}],"curies":[{"name":"wp","href":"https:\/\/api.w.org\/{rel}","templated":true}]}}