{"id":92275,"date":"2024-10-15T13:07:48","date_gmt":"2024-10-15T11:08:04","guid":{"rendered":"https:\/\/www.jh-itc.de\/shop\/uncategorized\/coffrage-ischebeck-titan-hv\/"},"modified":"2024-10-15T13:08:04","modified_gmt":"2024-10-15T11:08:04","slug":"coffrage-ischebeck-titan-hv","status":"publish","type":"product","link":"https:\/\/stage.jh-itc.de\/fr\/shop\/ischebeck-fr\/ischebeck-hv-titanium-fr\/coffrage-ischebeck-titan-hv\/","title":{"rendered":"Coffrage Ischebeck TITAN HV"},"content":{"rendered":"","protected":false},"excerpt":{"rendered":"<p>Nous vous proposons un lot de coffrages d&#8217;occasion Ischebeck TITAN HV.<\/p>\n<table width=\"0\">\n<tbody>\n<tr>\n<td width=\"149\"><strong>Num\u00e9ro d&#8217;article<\/strong><\/td>\n<td width=\"447\"><strong>Description<\/strong><\/td>\n<td width=\"88\"><strong>Qt\u00e9<\/strong><\/td>\n<\/tr>\n<tr>\n<td width=\"149\">0120150001<\/td>\n<td width=\"447\">HV Aluminium Prop TITAN 1,70-2,90m (size 2)<\/td>\n<td width=\"88\">34<\/td>\n<\/tr>\n<tr>\n<td width=\"149\">0120150003<\/td>\n<td width=\"447\">HV Aluminium Prop TITAN 2,90-4,10m (size 4)<\/td>\n<td width=\"88\">39<\/td>\n<\/tr>\n<tr>\n<td width=\"149\">0120150005<\/td>\n<td width=\"447\">HV Aluminium Prop TITAN 4,30-5,50m (size 6)<\/td>\n<td width=\"88\">33<\/td>\n<\/tr>\n<tr>\n<td width=\"149\">0120490004<\/td>\n<td width=\"447\">TITAN Main Beam V 1,15m<\/td>\n<td width=\"88\">13<\/td>\n<\/tr>\n<tr>\n<td width=\"149\">0120490006<\/td>\n<td width=\"447\">TITAN Main Beam V 1,50m<\/td>\n<td width=\"88\">13<\/td>\n<\/tr>\n<tr>\n<td width=\"149\">0120490008<\/td>\n<td width=\"447\">TITAN Main Beam V 1,70m<\/td>\n<td width=\"88\">143<\/td>\n<\/tr>\n<tr>\n<td width=\"149\">0120490021<\/td>\n<td width=\"447\">TITAN Faisceau secondaire H 1,70m<\/td>\n<td width=\"88\">564<\/td>\n<\/tr>\n<tr>\n<td width=\"149\">0120490030<\/td>\n<td width=\"447\">Drophead TITAN HV, galv.<\/td>\n<td width=\"88\">184<\/td>\n<\/tr>\n<tr>\n<td width=\"149\">0120600004<\/td>\n<td width=\"447\">Stacking Pallet TITAN , galv.<\/td>\n<td width=\"88\">21<\/td>\n<\/tr>\n<tr>\n<td width=\"149\">0120600006<\/td>\n<td width=\"447\">Mesch Box galv.<\/td>\n<td width=\"88\">2<\/td>\n<\/tr>\n<\/tbody>\n<\/table>\n<p>Si vous \u00eates int\u00e9ress\u00e9, veuillez nous envoyer votre demande.<\/p>\n","protected":false},"featured_media":92263,"template":"","meta":[],"product_brand":[],"product_cat":[395,396,377],"product_tag":[],"class_list":{"0":"post-92275","1":"product","2":"type-product","3":"status-publish","4":"has-post-thumbnail","6":"product_cat-ischebeck-fr","7":"product_cat-ischebeck-hv-titanium-fr","8":"product_cat-volets","10":"first","11":"instock","12":"taxable","13":"shipping-taxable","14":"product-type-simple"},"yoast_head":"<!-- This site is optimized with the Yoast SEO plugin v26.5 - https:\/\/yoast.com\/wordpress\/plugins\/seo\/ -->\n<title>Coffrage Ischebeck TITAN HV - JH - ITC GmbH<\/title>\n<meta name=\"description\" content=\"Coffrage Ischebeck TITAN HV. Fabricants renomm\u00e9s \u2714 Coffrages, \u00e9taiements, \u00e9chafaudages &amp; machines de chantier neufs &amp; d&#039;occasion \u2714 Demandez une offre maintenant!\" \/>\n<meta name=\"robots\" content=\"noindex, follow, max-snippet:-1, max-image-preview:large, max-video-preview:-1\" \/>\n<meta property=\"og:locale\" content=\"fr_FR\" \/>\n<meta property=\"og:type\" content=\"article\" \/>\n<meta property=\"og:title\" content=\"Coffrage Ischebeck TITAN HV - JH - ITC GmbH\" \/>\n<meta property=\"og:description\" content=\"Coffrage Ischebeck TITAN HV. Fabricants renomm\u00e9s \u2714 Coffrages, \u00e9taiements, \u00e9chafaudages &amp; machines de chantier neufs &amp; d&#039;occasion \u2714 Demandez une offre maintenant!\" \/>\n<meta property=\"og:url\" content=\"https:\/\/stage.jh-itc.de\/fr\/shop\/ischebeck-fr\/ischebeck-hv-titanium-fr\/coffrage-ischebeck-titan-hv\/\" \/>\n<meta property=\"og:site_name\" content=\"JH - ITC GmbH\" \/>\n<meta property=\"article:publisher\" content=\"https:\/\/www.facebook.com\/schalungshandel\" \/>\n<meta property=\"og:image\" content=\"https:\/\/stage.jh-itc.de\/wp-content\/uploads\/2024\/10\/Ischebeck-Titan-HV-3.jpg\" \/>\n\t<meta property=\"og:image:width\" content=\"1080\" \/>\n\t<meta property=\"og:image:height\" content=\"1920\" \/>\n\t<meta property=\"og:image:type\" content=\"image\/jpeg\" \/>\n<meta name=\"twitter:card\" content=\"summary_large_image\" \/>\n<meta name=\"twitter:site\" content=\"@JH_ITC\" \/>\n<!-- \/ Yoast SEO plugin. -->","yoast_head_json":{"title":"Coffrage Ischebeck TITAN HV - JH - ITC GmbH","description":"Coffrage Ischebeck TITAN HV. Fabricants renomm\u00e9s \u2714 Coffrages, \u00e9taiements, \u00e9chafaudages & machines de chantier neufs & d'occasion \u2714 Demandez une offre maintenant!","robots":{"index":"noindex","follow":"follow","max-snippet":"max-snippet:-1","max-image-preview":"max-image-preview:large","max-video-preview":"max-video-preview:-1"},"og_locale":"fr_FR","og_type":"article","og_title":"Coffrage Ischebeck TITAN HV - JH - ITC GmbH","og_description":"Coffrage Ischebeck TITAN HV. Fabricants renomm\u00e9s \u2714 Coffrages, \u00e9taiements, \u00e9chafaudages & machines de chantier neufs & d'occasion \u2714 Demandez une offre maintenant!","og_url":"https:\/\/stage.jh-itc.de\/fr\/shop\/ischebeck-fr\/ischebeck-hv-titanium-fr\/coffrage-ischebeck-titan-hv\/","og_site_name":"JH - ITC GmbH","article_publisher":"https:\/\/www.facebook.com\/schalungshandel","og_image":[{"width":1080,"height":1920,"url":"https:\/\/stage.jh-itc.de\/wp-content\/uploads\/2024\/10\/Ischebeck-Titan-HV-3.jpg","type":"image\/jpeg"}],"twitter_card":"summary_large_image","twitter_site":"@JH_ITC","schema":{"@context":"https:\/\/schema.org","@graph":[{"@type":"WebPage","@id":"https:\/\/stage.jh-itc.de\/fr\/shop\/ischebeck-fr\/ischebeck-hv-titanium-fr\/coffrage-ischebeck-titan-hv\/","url":"https:\/\/stage.jh-itc.de\/fr\/shop\/ischebeck-fr\/ischebeck-hv-titanium-fr\/coffrage-ischebeck-titan-hv\/","name":"Coffrage Ischebeck TITAN HV - JH - ITC GmbH","isPartOf":{"@id":"https:\/\/stage.jh-itc.de\/fr\/#website"},"primaryImageOfPage":{"@id":"https:\/\/stage.jh-itc.de\/fr\/shop\/ischebeck-fr\/ischebeck-hv-titanium-fr\/coffrage-ischebeck-titan-hv\/#primaryimage"},"image":{"@id":"https:\/\/stage.jh-itc.de\/fr\/shop\/ischebeck-fr\/ischebeck-hv-titanium-fr\/coffrage-ischebeck-titan-hv\/#primaryimage"},"thumbnailUrl":"https:\/\/stage.jh-itc.de\/wp-content\/uploads\/2024\/10\/Ischebeck-Titan-HV-3.jpg","datePublished":"2024-10-15T11:08:04+00:00","description":"Coffrage Ischebeck TITAN HV. Fabricants renomm\u00e9s \u2714 Coffrages, \u00e9taiements, \u00e9chafaudages & machines de chantier neufs & d'occasion \u2714 Demandez une offre maintenant!","breadcrumb":{"@id":"https:\/\/stage.jh-itc.de\/fr\/shop\/ischebeck-fr\/ischebeck-hv-titanium-fr\/coffrage-ischebeck-titan-hv\/#breadcrumb"},"inLanguage":"fr-FR","potentialAction":[{"@type":"ReadAction","target":["https:\/\/stage.jh-itc.de\/fr\/shop\/ischebeck-fr\/ischebeck-hv-titanium-fr\/coffrage-ischebeck-titan-hv\/"]}]},{"@type":"ImageObject","inLanguage":"fr-FR","@id":"https:\/\/stage.jh-itc.de\/fr\/shop\/ischebeck-fr\/ischebeck-hv-titanium-fr\/coffrage-ischebeck-titan-hv\/#primaryimage","url":"https:\/\/stage.jh-itc.de\/wp-content\/uploads\/2024\/10\/Ischebeck-Titan-HV-3.jpg","contentUrl":"https:\/\/stage.jh-itc.de\/wp-content\/uploads\/2024\/10\/Ischebeck-Titan-HV-3.jpg","width":1080,"height":1920},{"@type":"BreadcrumbList","@id":"https:\/\/stage.jh-itc.de\/fr\/shop\/ischebeck-fr\/ischebeck-hv-titanium-fr\/coffrage-ischebeck-titan-hv\/#breadcrumb","itemListElement":[{"@type":"ListItem","position":1,"name":"Home","item":"https:\/\/stage.jh-itc.de\/fr\/coffrages-etais-et-echafaudages-de-professionnels\/"},{"@type":"ListItem","position":2,"name":"Boutique","item":"https:\/\/stage.jh-itc.de\/fr\/boutique\/"},{"@type":"ListItem","position":3,"name":"Coffrage Ischebeck TITAN HV"}]},{"@type":"WebSite","@id":"https:\/\/stage.jh-itc.de\/fr\/#website","url":"https:\/\/stage.jh-itc.de\/fr\/","name":"JH - ITC GmbH","description":"Ihr Experte f\u00fcr gebrauchte St\u00fctzen, Schalungen und Ger\u00fcste","publisher":{"@id":"https:\/\/stage.jh-itc.de\/fr\/#organization"},"potentialAction":[{"@type":"SearchAction","target":{"@type":"EntryPoint","urlTemplate":"https:\/\/stage.jh-itc.de\/fr\/?s={search_term_string}"},"query-input":{"@type":"PropertyValueSpecification","valueRequired":true,"valueName":"search_term_string"}}],"inLanguage":"fr-FR"},{"@type":"Organization","@id":"https:\/\/stage.jh-itc.de\/fr\/#organization","name":"JH-ITC GmbH","url":"https:\/\/stage.jh-itc.de\/fr\/","logo":{"@type":"ImageObject","inLanguage":"fr-FR","@id":"https:\/\/stage.jh-itc.de\/fr\/#\/schema\/logo\/image\/","url":"https:\/\/stage.jh-itc.de\/wp-content\/uploads\/2016\/01\/JH-ITC2-1.png","contentUrl":"https:\/\/stage.jh-itc.de\/wp-content\/uploads\/2016\/01\/JH-ITC2-1.png","width":300,"height":102,"caption":"JH-ITC GmbH"},"image":{"@id":"https:\/\/stage.jh-itc.de\/fr\/#\/schema\/logo\/image\/"},"sameAs":["https:\/\/www.facebook.com\/schalungshandel","https:\/\/x.com\/JH_ITC","https:\/\/www.linkedin.com\/in\/jhitc","https:\/\/youtu.be\/rMdZ-FLfI-Y"]}]}},"_links":{"self":[{"href":"https:\/\/stage.jh-itc.de\/fr\/wp-json\/wp\/v2\/product\/92275","targetHints":{"allow":["GET"]}}],"collection":[{"href":"https:\/\/stage.jh-itc.de\/fr\/wp-json\/wp\/v2\/product"}],"about":[{"href":"https:\/\/stage.jh-itc.de\/fr\/wp-json\/wp\/v2\/types\/product"}],"wp:featuredmedia":[{"embeddable":true,"href":"https:\/\/stage.jh-itc.de\/fr\/wp-json\/wp\/v2\/media\/92263"}],"wp:attachment":[{"href":"https:\/\/stage.jh-itc.de\/fr\/wp-json\/wp\/v2\/media?parent=92275"}],"wp:term":[{"taxonomy":"product_brand","embeddable":true,"href":"https:\/\/stage.jh-itc.de\/fr\/wp-json\/wp\/v2\/product_brand?post=92275"},{"taxonomy":"product_cat","embeddable":true,"href":"https:\/\/stage.jh-itc.de\/fr\/wp-json\/wp\/v2\/product_cat?post=92275"},{"taxonomy":"product_tag","embeddable":true,"href":"https:\/\/stage.jh-itc.de\/fr\/wp-json\/wp\/v2\/product_tag?post=92275"}],"curies":[{"name":"wp","href":"https:\/\/api.w.org\/{rel}","templated":true}]}}