{"id":92191,"date":"2024-01-22T16:32:13","date_gmt":"2024-10-08T11:54:42","guid":{"rendered":"https:\/\/www.jh-itc.de\/shop\/uncategorized\/huennebeck-manto-270-120\/"},"modified":"2024-10-08T13:54:42","modified_gmt":"2024-10-08T11:54:42","slug":"huennebeck-manto-270-120","status":"publish","type":"product","link":"https:\/\/stage.jh-itc.de\/fr\/shop\/huennebeck-fr\/huennebeck-manto-fr\/huennebeck-manto-270-120\/","title":{"rendered":"H\u00fcnnebeck Manto 270 +120"},"content":{"rendered":"","protected":false},"excerpt":{"rendered":"<p>Nous offrons un lot de 818 m\u00b2 &#8211; coffrage d&#8217;occasion H\u00fcnnebeck Manto 270 + 120 avec accessoires.<\/p>\n<p>La peau de coffrage est soit neuve, soit en tr\u00e8s bon \u00e9tat d&#8217;usage.<\/p>\n<table width=\"0\">\n<tbody>\n<tr>\n<td width=\"271\"><strong>Num\u00e9ro d&#8217;article<\/strong><\/td>\n<td width=\"650\"><strong>Description<\/strong><\/td>\n<td width=\"194\"><strong>Qt\u00e9<\/strong><\/td>\n<\/tr>\n<tr>\n<td width=\"271\">534990<\/td>\n<td width=\"650\">MANTO panneau g\u00e9ant 240 x 270<\/td>\n<td width=\"194\">60<\/td>\n<\/tr>\n<tr>\n<td width=\"271\">446000<\/td>\n<td width=\"650\">Panneau MANTO 120 x 270<\/td>\n<td width=\"194\">23<\/td>\n<\/tr>\n<tr>\n<td width=\"271\">446022<\/td>\n<td width=\"650\">Panneau MANTO 105 x 270<\/td>\n<td width=\"194\">20<\/td>\n<\/tr>\n<tr>\n<td width=\"271\">446033<\/td>\n<td width=\"650\">Panneau MANTO 90 x 270<\/td>\n<td width=\"194\">30<\/td>\n<\/tr>\n<tr>\n<td width=\"271\">446044<\/td>\n<td width=\"650\">Panneau MANTO 75 x 270<\/td>\n<td width=\"194\">12<\/td>\n<\/tr>\n<tr>\n<td width=\"271\">446055<\/td>\n<td width=\"650\">Panneau MANTO 60 x 270<\/td>\n<td width=\"194\">32<\/td>\n<\/tr>\n<tr>\n<td width=\"271\">450786<\/td>\n<td width=\"650\">Panneau MANTO 45 x 270<\/td>\n<td width=\"194\">23<\/td>\n<\/tr>\n<tr>\n<td width=\"271\">600007<\/td>\n<td width=\"650\">Panneau MANTO 30 x 270<\/td>\n<td width=\"194\">14<\/td>\n<\/tr>\n<tr>\n<td width=\"271\">458175<\/td>\n<td width=\"650\">Panneau MANTO 120 x 120<\/td>\n<td width=\"194\">9<\/td>\n<\/tr>\n<tr>\n<td width=\"271\">458186<\/td>\n<td width=\"650\">Panneau MANTO 105 x 120<\/td>\n<td width=\"194\">7<\/td>\n<\/tr>\n<tr>\n<td width=\"271\">458197<\/td>\n<td width=\"650\">Panneau MANTO 90 x 120<\/td>\n<td width=\"194\">8<\/td>\n<\/tr>\n<tr>\n<td width=\"271\">458201<\/td>\n<td width=\"650\">Panneau MANTO 75 x 120<\/td>\n<td width=\"194\">8<\/td>\n<\/tr>\n<tr>\n<td width=\"271\">458223<\/td>\n<td width=\"650\">Panneau MANTO 60 x 120<\/td>\n<td width=\"194\">8<\/td>\n<\/tr>\n<tr>\n<td width=\"271\">458245<\/td>\n<td width=\"650\">Panneau MANTO 45 x 120<\/td>\n<td width=\"194\">4<\/td>\n<\/tr>\n<tr>\n<td width=\"271\">446066<\/td>\n<td width=\"650\">Panneau MANTO 240 x 120<\/td>\n<td width=\"194\">8<\/td>\n<\/tr>\n<tr>\n<td width=\"271\">454340<\/td>\n<td width=\"650\">Panneau MANTO MP 75 x 270<\/td>\n<td width=\"194\">18<\/td>\n<\/tr>\n<tr>\n<td width=\"271\">535001<\/td>\n<td width=\"650\">MANTO coin int\u00e9rieur 35\/270<\/td>\n<td width=\"194\">33<\/td>\n<\/tr>\n<tr>\n<td width=\"271\">604010<\/td>\n<td width=\"650\">MANTO inside corner S 35\/120<\/td>\n<td width=\"194\">8<\/td>\n<\/tr>\n<tr>\n<td width=\"271\">450764<\/td>\n<td width=\"650\">Cireuse multi-usages 100<\/td>\n<td width=\"194\">14<\/td>\n<\/tr>\n<tr>\n<td width=\"271\">448000<\/td>\n<td width=\"650\">Aligning panel clamp<\/td>\n<td width=\"194\">463<\/td>\n<\/tr>\n<tr>\n<td width=\"271\">448227<\/td>\n<td width=\"650\">Outer corner clamp<\/td>\n<td width=\"194\">50<\/td>\n<\/tr>\n<tr>\n<td width=\"271\">467898<\/td>\n<td width=\"650\">Pince d&#8217;alignement r\u00e9glable<\/td>\n<td width=\"194\">196<\/td>\n<\/tr>\n<tr>\n<td width=\"271\">448205<\/td>\n<td width=\"650\">MANTO walkway bracket 90<\/td>\n<td width=\"194\">245<\/td>\n<\/tr>\n<tr>\n<td width=\"271\">193220<\/td>\n<td width=\"650\">TK railing post<\/td>\n<td width=\"194\">20<\/td>\n<\/tr>\n<tr>\n<td width=\"271\">565114<\/td>\n<td width=\"650\">Connecteur de tige MANTO<\/td>\n<td width=\"194\">15<\/td>\n<\/tr>\n<tr>\n<td width=\"271\">565103<\/td>\n<td width=\"650\">Cha\u00eene d&#8217;alignement MANTO<\/td>\n<td width=\"194\">67<\/td>\n<\/tr>\n<tr>\n<td width=\"271\">024387<\/td>\n<td width=\"650\">Tie rod 100 (DW15)<\/td>\n<td width=\"194\">150<\/td>\n<\/tr>\n<tr>\n<td width=\"271\">048344<\/td>\n<td width=\"650\">Rainure de fixation 230<\/td>\n<td width=\"194\">300<\/td>\n<\/tr>\n<tr>\n<td width=\"271\">601210<\/td>\n<td width=\"650\">Aligning strut K600<\/td>\n<td width=\"194\">20<\/td>\n<\/tr>\n<\/tbody>\n<\/table>\n<p>Si vous \u00eates int\u00e9ress\u00e9, veuillez nous envoyer votre demande.<\/p>\n<p>&nbsp;<\/p>\n<p>&nbsp;<\/p>\n","protected":false},"featured_media":45594,"template":"","meta":[],"product_brand":[],"product_cat":[380,381,377],"product_tag":[],"class_list":{"0":"post-92191","1":"product","2":"type-product","3":"status-publish","4":"has-post-thumbnail","6":"product_cat-huennebeck-fr","7":"product_cat-huennebeck-manto-fr","8":"product_cat-volets","10":"first","11":"instock","12":"taxable","13":"shipping-taxable","14":"product-type-simple"},"yoast_head":"<!-- This site is optimized with the Yoast SEO plugin v26.5 - https:\/\/yoast.com\/wordpress\/plugins\/seo\/ -->\n<title>H\u00fcnnebeck Manto 270 +120 - JH - ITC GmbH<\/title>\n<meta name=\"description\" content=\"H\u00fcnnebeck Manto 270 +120. Fabricants renomm\u00e9s \u2714 Coffrages, \u00e9taiements, \u00e9chafaudages &amp; machines de chantier neufs &amp; d&#039;occasion \u2714 Demandez une offre maintenant!\" \/>\n<meta name=\"robots\" content=\"noindex, follow, max-snippet:-1, max-image-preview:large, max-video-preview:-1\" \/>\n<meta property=\"og:locale\" content=\"fr_FR\" \/>\n<meta property=\"og:type\" content=\"article\" \/>\n<meta property=\"og:title\" content=\"H\u00fcnnebeck Manto 270 +120 - JH - ITC GmbH\" \/>\n<meta property=\"og:description\" content=\"H\u00fcnnebeck Manto 270 +120. Fabricants renomm\u00e9s \u2714 Coffrages, \u00e9taiements, \u00e9chafaudages &amp; machines de chantier neufs &amp; d&#039;occasion \u2714 Demandez une offre maintenant!\" \/>\n<meta property=\"og:url\" content=\"https:\/\/stage.jh-itc.de\/fr\/shop\/huennebeck-fr\/huennebeck-manto-fr\/huennebeck-manto-270-120\/\" \/>\n<meta property=\"og:site_name\" content=\"JH - ITC GmbH\" \/>\n<meta property=\"article:publisher\" content=\"https:\/\/www.facebook.com\/schalungshandel\" \/>\n<meta property=\"og:image\" content=\"https:\/\/stage.jh-itc.de\/wp-content\/uploads\/2024\/01\/Manto-1.jpg\" \/>\n\t<meta property=\"og:image:width\" content=\"1024\" \/>\n\t<meta property=\"og:image:height\" content=\"768\" \/>\n\t<meta property=\"og:image:type\" content=\"image\/jpeg\" \/>\n<meta name=\"twitter:card\" content=\"summary_large_image\" \/>\n<meta name=\"twitter:site\" content=\"@JH_ITC\" \/>\n<!-- \/ Yoast SEO plugin. -->","yoast_head_json":{"title":"H\u00fcnnebeck Manto 270 +120 - JH - ITC GmbH","description":"H\u00fcnnebeck Manto 270 +120. Fabricants renomm\u00e9s \u2714 Coffrages, \u00e9taiements, \u00e9chafaudages & machines de chantier neufs & d'occasion \u2714 Demandez une offre maintenant!","robots":{"index":"noindex","follow":"follow","max-snippet":"max-snippet:-1","max-image-preview":"max-image-preview:large","max-video-preview":"max-video-preview:-1"},"og_locale":"fr_FR","og_type":"article","og_title":"H\u00fcnnebeck Manto 270 +120 - JH - ITC GmbH","og_description":"H\u00fcnnebeck Manto 270 +120. Fabricants renomm\u00e9s \u2714 Coffrages, \u00e9taiements, \u00e9chafaudages & machines de chantier neufs & d'occasion \u2714 Demandez une offre maintenant!","og_url":"https:\/\/stage.jh-itc.de\/fr\/shop\/huennebeck-fr\/huennebeck-manto-fr\/huennebeck-manto-270-120\/","og_site_name":"JH - ITC GmbH","article_publisher":"https:\/\/www.facebook.com\/schalungshandel","og_image":[{"width":1024,"height":768,"url":"https:\/\/stage.jh-itc.de\/wp-content\/uploads\/2024\/01\/Manto-1.jpg","type":"image\/jpeg"}],"twitter_card":"summary_large_image","twitter_site":"@JH_ITC","schema":{"@context":"https:\/\/schema.org","@graph":[{"@type":"WebPage","@id":"https:\/\/stage.jh-itc.de\/fr\/shop\/huennebeck-fr\/huennebeck-manto-fr\/huennebeck-manto-270-120\/","url":"https:\/\/stage.jh-itc.de\/fr\/shop\/huennebeck-fr\/huennebeck-manto-fr\/huennebeck-manto-270-120\/","name":"H\u00fcnnebeck Manto 270 +120 - JH - ITC GmbH","isPartOf":{"@id":"https:\/\/stage.jh-itc.de\/fr\/#website"},"primaryImageOfPage":{"@id":"https:\/\/stage.jh-itc.de\/fr\/shop\/huennebeck-fr\/huennebeck-manto-fr\/huennebeck-manto-270-120\/#primaryimage"},"image":{"@id":"https:\/\/stage.jh-itc.de\/fr\/shop\/huennebeck-fr\/huennebeck-manto-fr\/huennebeck-manto-270-120\/#primaryimage"},"thumbnailUrl":"https:\/\/stage.jh-itc.de\/wp-content\/uploads\/2024\/01\/Manto-1.jpg","datePublished":"2024-10-08T11:54:42+00:00","description":"H\u00fcnnebeck Manto 270 +120. Fabricants renomm\u00e9s \u2714 Coffrages, \u00e9taiements, \u00e9chafaudages & machines de chantier neufs & d'occasion \u2714 Demandez une offre maintenant!","breadcrumb":{"@id":"https:\/\/stage.jh-itc.de\/fr\/shop\/huennebeck-fr\/huennebeck-manto-fr\/huennebeck-manto-270-120\/#breadcrumb"},"inLanguage":"fr-FR","potentialAction":[{"@type":"ReadAction","target":["https:\/\/stage.jh-itc.de\/fr\/shop\/huennebeck-fr\/huennebeck-manto-fr\/huennebeck-manto-270-120\/"]}]},{"@type":"ImageObject","inLanguage":"fr-FR","@id":"https:\/\/stage.jh-itc.de\/fr\/shop\/huennebeck-fr\/huennebeck-manto-fr\/huennebeck-manto-270-120\/#primaryimage","url":"https:\/\/stage.jh-itc.de\/wp-content\/uploads\/2024\/01\/Manto-1.jpg","contentUrl":"https:\/\/stage.jh-itc.de\/wp-content\/uploads\/2024\/01\/Manto-1.jpg","width":1024,"height":768},{"@type":"BreadcrumbList","@id":"https:\/\/stage.jh-itc.de\/fr\/shop\/huennebeck-fr\/huennebeck-manto-fr\/huennebeck-manto-270-120\/#breadcrumb","itemListElement":[{"@type":"ListItem","position":1,"name":"Home","item":"https:\/\/stage.jh-itc.de\/fr\/coffrages-etais-et-echafaudages-de-professionnels\/"},{"@type":"ListItem","position":2,"name":"Boutique","item":"https:\/\/stage.jh-itc.de\/fr\/boutique\/"},{"@type":"ListItem","position":3,"name":"H\u00fcnnebeck Manto 270 +120"}]},{"@type":"WebSite","@id":"https:\/\/stage.jh-itc.de\/fr\/#website","url":"https:\/\/stage.jh-itc.de\/fr\/","name":"JH - ITC GmbH","description":"Ihr Experte f\u00fcr gebrauchte St\u00fctzen, Schalungen und Ger\u00fcste","publisher":{"@id":"https:\/\/stage.jh-itc.de\/fr\/#organization"},"potentialAction":[{"@type":"SearchAction","target":{"@type":"EntryPoint","urlTemplate":"https:\/\/stage.jh-itc.de\/fr\/?s={search_term_string}"},"query-input":{"@type":"PropertyValueSpecification","valueRequired":true,"valueName":"search_term_string"}}],"inLanguage":"fr-FR"},{"@type":"Organization","@id":"https:\/\/stage.jh-itc.de\/fr\/#organization","name":"JH-ITC GmbH","url":"https:\/\/stage.jh-itc.de\/fr\/","logo":{"@type":"ImageObject","inLanguage":"fr-FR","@id":"https:\/\/stage.jh-itc.de\/fr\/#\/schema\/logo\/image\/","url":"https:\/\/stage.jh-itc.de\/wp-content\/uploads\/2016\/01\/JH-ITC2-1.png","contentUrl":"https:\/\/stage.jh-itc.de\/wp-content\/uploads\/2016\/01\/JH-ITC2-1.png","width":300,"height":102,"caption":"JH-ITC GmbH"},"image":{"@id":"https:\/\/stage.jh-itc.de\/fr\/#\/schema\/logo\/image\/"},"sameAs":["https:\/\/www.facebook.com\/schalungshandel","https:\/\/x.com\/JH_ITC","https:\/\/www.linkedin.com\/in\/jhitc","https:\/\/youtu.be\/rMdZ-FLfI-Y"]}]}},"_links":{"self":[{"href":"https:\/\/stage.jh-itc.de\/fr\/wp-json\/wp\/v2\/product\/92191","targetHints":{"allow":["GET"]}}],"collection":[{"href":"https:\/\/stage.jh-itc.de\/fr\/wp-json\/wp\/v2\/product"}],"about":[{"href":"https:\/\/stage.jh-itc.de\/fr\/wp-json\/wp\/v2\/types\/product"}],"wp:featuredmedia":[{"embeddable":true,"href":"https:\/\/stage.jh-itc.de\/fr\/wp-json\/wp\/v2\/media\/45594"}],"wp:attachment":[{"href":"https:\/\/stage.jh-itc.de\/fr\/wp-json\/wp\/v2\/media?parent=92191"}],"wp:term":[{"taxonomy":"product_brand","embeddable":true,"href":"https:\/\/stage.jh-itc.de\/fr\/wp-json\/wp\/v2\/product_brand?post=92191"},{"taxonomy":"product_cat","embeddable":true,"href":"https:\/\/stage.jh-itc.de\/fr\/wp-json\/wp\/v2\/product_cat?post=92191"},{"taxonomy":"product_tag","embeddable":true,"href":"https:\/\/stage.jh-itc.de\/fr\/wp-json\/wp\/v2\/product_tag?post=92191"}],"curies":[{"name":"wp","href":"https:\/\/api.w.org\/{rel}","templated":true}]}}