{"id":92164,"date":"2024-03-27T13:38:10","date_gmt":"2024-10-08T11:54:04","guid":{"rendered":"https:\/\/www.jh-itc.de\/shop\/uncategorized\/coffrage-de-poteaux-pax-hd\/"},"modified":"2024-10-08T13:54:04","modified_gmt":"2024-10-08T11:54:04","slug":"coffrage-de-poteaux-pax-hd","status":"publish","type":"product","link":"https:\/\/stage.jh-itc.de\/fr\/shop\/volets\/coffrage-de-poteaux-pax-hd\/","title":{"rendered":"Coffrage de poteaux Pax HD"},"content":{"rendered":"<p><strong>La m\u00e9thode la plus rapide pour coffrer des poteaux rectangulaires<\/strong><\/p>\n<p>L&#8217;effort \u00e0 fournir pour coffrer des poteaux rectangulaires de diff\u00e9rents types de mani\u00e8re traditionnelle est \u00e9norme par rapport \u00e0 la surface \u00e0 construire. Minimiser cet effort tout en conservant une flexibilit\u00e9 en termes de hauteur et de section \u00e9tait l&#8217;enjeu du d\u00e9veloppement d&#8217;un tout nouveau type de coffrage pour les poteaux rectangulaires.<\/p>\n<p>Avec l&#8217;introduction du coffrage de poteaux PAX HD, cette exigence a \u00e9t\u00e9 plus que satisfaite. Le m\u00e9canisme de pliage brevet\u00e9 est unique en son genre et permet d&#8217;ouvrir, de d\u00e9placer et de refermer le coffrage en un temps record.<\/p>\n<p>&nbsp;<\/p>\n<div id=\"elementor-tab-title-3161\" class=\"elementor-tab-title elementor-active\" tabindex=\"0\" role=\"button\" data-tab=\"1\" aria-controls=\"elementor-tab-content-3161\" aria-expanded=\"true\" aria-selected=\"true\"><strong><a class=\"elementor-accordion-title\" tabindex=\"0\">D\u00e9tails techniques<\/a><\/strong><\/div>\n<div id=\"elementor-tab-content-3161\" class=\"elementor-tab-content elementor-clearfix elementor-active\" role=\"region\" data-tab=\"1\" aria-labelledby=\"elementor-tab-title-3161\">\n<p>Il est possible de cr\u00e9er des sections carr\u00e9es et rectangulaires de 20\/20 cm \u00e0 60\/60 cm ou de 50\/50 cm \u00e0 120\/120 cm par pas de 5 cm. La hauteur maximale de coffrage est quasiment illimit\u00e9e et il est possible de b\u00e9tonner jusqu&#8217;\u00e0 une hauteur de remplissage de 4,80 m sans tenir compte de la vitesse.<\/p>\n<p><strong>Les versions suivantes sont disponibles<\/strong><\/p>\n<p>Support PAX HD 320\/60<br \/>\nSupport PAX HD 270\/60<br \/>\nSupport PAX HD 120\/60<br \/>\nPAX HD \u00c9querre de rehaussement 40\/60<br \/>\nSupport PAX HD 320\/120<br \/>\nSupport PAX HD 270\/120<br \/>\nSupport PAX HD 120\/120<br \/>\nPAX HD \u00c9querre de rehaussement 40\/120<\/p>\n<p>*Hauteur\/max. Coupe transversale<\/p>\n<\/div>\n","protected":false},"excerpt":{"rendered":"<p>Nous proposons 4 \u00e9l\u00e9ments de coffrage de poteaux Pax HD.<\/p>\n<p>Si vous \u00eates int\u00e9ress\u00e9, veuillez nous envoyer votre demande.<\/p>\n","protected":false},"featured_media":46348,"template":"","meta":[],"product_brand":[],"product_cat":[377],"product_tag":[],"class_list":{"0":"post-92164","1":"product","2":"type-product","3":"status-publish","4":"has-post-thumbnail","6":"product_cat-volets","8":"first","9":"instock","10":"taxable","11":"shipping-taxable","12":"product-type-simple"},"yoast_head":"<!-- This site is optimized with the Yoast SEO plugin v26.5 - https:\/\/yoast.com\/wordpress\/plugins\/seo\/ -->\n<title>Coffrage de poteaux Pax HD - JH - ITC GmbH<\/title>\n<meta name=\"description\" content=\"Coffrage de poteaux Pax HD. Fabricants renomm\u00e9s \u2714 Coffrages, \u00e9taiements, \u00e9chafaudages &amp; machines de chantier neufs &amp; d&#039;occasion \u2714 Demandez une offre maintenant!\" \/>\n<meta name=\"robots\" content=\"noindex, follow, max-snippet:-1, max-image-preview:large, max-video-preview:-1\" \/>\n<meta property=\"og:locale\" content=\"fr_FR\" \/>\n<meta property=\"og:type\" content=\"article\" \/>\n<meta property=\"og:title\" content=\"Coffrage de poteaux Pax HD - JH - ITC GmbH\" \/>\n<meta property=\"og:description\" content=\"Coffrage de poteaux Pax HD. Fabricants renomm\u00e9s \u2714 Coffrages, \u00e9taiements, \u00e9chafaudages &amp; machines de chantier neufs &amp; d&#039;occasion \u2714 Demandez une offre maintenant!\" \/>\n<meta property=\"og:url\" content=\"https:\/\/stage.jh-itc.de\/fr\/shop\/volets\/coffrage-de-poteaux-pax-hd\/\" \/>\n<meta property=\"og:site_name\" content=\"JH - ITC GmbH\" \/>\n<meta property=\"article:publisher\" content=\"https:\/\/www.facebook.com\/schalungshandel\" \/>\n<meta property=\"og:image\" content=\"https:\/\/stage.jh-itc.de\/wp-content\/uploads\/2024\/03\/schema-des-oeffnungs-und-schliessvorganges-pax-e1617781836688.jpg\" \/>\n\t<meta property=\"og:image:width\" content=\"632\" \/>\n\t<meta property=\"og:image:height\" content=\"902\" \/>\n\t<meta property=\"og:image:type\" content=\"image\/jpeg\" \/>\n<meta name=\"twitter:card\" content=\"summary_large_image\" \/>\n<meta name=\"twitter:site\" content=\"@JH_ITC\" \/>\n<meta name=\"twitter:label1\" content=\"Dur\u00e9e de lecture estim\u00e9e\" \/>\n\t<meta name=\"twitter:data1\" content=\"1 minute\" \/>\n<!-- \/ Yoast SEO plugin. -->","yoast_head_json":{"title":"Coffrage de poteaux Pax HD - JH - ITC GmbH","description":"Coffrage de poteaux Pax HD. Fabricants renomm\u00e9s \u2714 Coffrages, \u00e9taiements, \u00e9chafaudages & machines de chantier neufs & d'occasion \u2714 Demandez une offre maintenant!","robots":{"index":"noindex","follow":"follow","max-snippet":"max-snippet:-1","max-image-preview":"max-image-preview:large","max-video-preview":"max-video-preview:-1"},"og_locale":"fr_FR","og_type":"article","og_title":"Coffrage de poteaux Pax HD - JH - ITC GmbH","og_description":"Coffrage de poteaux Pax HD. Fabricants renomm\u00e9s \u2714 Coffrages, \u00e9taiements, \u00e9chafaudages & machines de chantier neufs & d'occasion \u2714 Demandez une offre maintenant!","og_url":"https:\/\/stage.jh-itc.de\/fr\/shop\/volets\/coffrage-de-poteaux-pax-hd\/","og_site_name":"JH - ITC GmbH","article_publisher":"https:\/\/www.facebook.com\/schalungshandel","og_image":[{"width":632,"height":902,"url":"https:\/\/stage.jh-itc.de\/wp-content\/uploads\/2024\/03\/schema-des-oeffnungs-und-schliessvorganges-pax-e1617781836688.jpg","type":"image\/jpeg"}],"twitter_card":"summary_large_image","twitter_site":"@JH_ITC","twitter_misc":{"Dur\u00e9e de lecture estim\u00e9e":"1 minute"},"schema":{"@context":"https:\/\/schema.org","@graph":[{"@type":"WebPage","@id":"https:\/\/stage.jh-itc.de\/fr\/shop\/volets\/coffrage-de-poteaux-pax-hd\/","url":"https:\/\/stage.jh-itc.de\/fr\/shop\/volets\/coffrage-de-poteaux-pax-hd\/","name":"Coffrage de poteaux Pax HD - JH - ITC GmbH","isPartOf":{"@id":"https:\/\/stage.jh-itc.de\/fr\/#website"},"primaryImageOfPage":{"@id":"https:\/\/stage.jh-itc.de\/fr\/shop\/volets\/coffrage-de-poteaux-pax-hd\/#primaryimage"},"image":{"@id":"https:\/\/stage.jh-itc.de\/fr\/shop\/volets\/coffrage-de-poteaux-pax-hd\/#primaryimage"},"thumbnailUrl":"https:\/\/stage.jh-itc.de\/wp-content\/uploads\/2024\/03\/schema-des-oeffnungs-und-schliessvorganges-pax-e1617781836688.jpg","datePublished":"2024-10-08T11:54:04+00:00","description":"Coffrage de poteaux Pax HD. Fabricants renomm\u00e9s \u2714 Coffrages, \u00e9taiements, \u00e9chafaudages & machines de chantier neufs & d'occasion \u2714 Demandez une offre maintenant!","breadcrumb":{"@id":"https:\/\/stage.jh-itc.de\/fr\/shop\/volets\/coffrage-de-poteaux-pax-hd\/#breadcrumb"},"inLanguage":"fr-FR","potentialAction":[{"@type":"ReadAction","target":["https:\/\/stage.jh-itc.de\/fr\/shop\/volets\/coffrage-de-poteaux-pax-hd\/"]}]},{"@type":"ImageObject","inLanguage":"fr-FR","@id":"https:\/\/stage.jh-itc.de\/fr\/shop\/volets\/coffrage-de-poteaux-pax-hd\/#primaryimage","url":"https:\/\/stage.jh-itc.de\/wp-content\/uploads\/2024\/03\/schema-des-oeffnungs-und-schliessvorganges-pax-e1617781836688.jpg","contentUrl":"https:\/\/stage.jh-itc.de\/wp-content\/uploads\/2024\/03\/schema-des-oeffnungs-und-schliessvorganges-pax-e1617781836688.jpg","width":632,"height":902},{"@type":"BreadcrumbList","@id":"https:\/\/stage.jh-itc.de\/fr\/shop\/volets\/coffrage-de-poteaux-pax-hd\/#breadcrumb","itemListElement":[{"@type":"ListItem","position":1,"name":"Home","item":"https:\/\/stage.jh-itc.de\/fr\/coffrages-etais-et-echafaudages-de-professionnels\/"},{"@type":"ListItem","position":2,"name":"Boutique","item":"https:\/\/stage.jh-itc.de\/fr\/boutique\/"},{"@type":"ListItem","position":3,"name":"Coffrage de poteaux Pax HD"}]},{"@type":"WebSite","@id":"https:\/\/stage.jh-itc.de\/fr\/#website","url":"https:\/\/stage.jh-itc.de\/fr\/","name":"JH - ITC GmbH","description":"Ihr Experte f\u00fcr gebrauchte St\u00fctzen, Schalungen und Ger\u00fcste","publisher":{"@id":"https:\/\/stage.jh-itc.de\/fr\/#organization"},"potentialAction":[{"@type":"SearchAction","target":{"@type":"EntryPoint","urlTemplate":"https:\/\/stage.jh-itc.de\/fr\/?s={search_term_string}"},"query-input":{"@type":"PropertyValueSpecification","valueRequired":true,"valueName":"search_term_string"}}],"inLanguage":"fr-FR"},{"@type":"Organization","@id":"https:\/\/stage.jh-itc.de\/fr\/#organization","name":"JH-ITC GmbH","url":"https:\/\/stage.jh-itc.de\/fr\/","logo":{"@type":"ImageObject","inLanguage":"fr-FR","@id":"https:\/\/stage.jh-itc.de\/fr\/#\/schema\/logo\/image\/","url":"https:\/\/stage.jh-itc.de\/wp-content\/uploads\/2016\/01\/JH-ITC2-1.png","contentUrl":"https:\/\/stage.jh-itc.de\/wp-content\/uploads\/2016\/01\/JH-ITC2-1.png","width":300,"height":102,"caption":"JH-ITC GmbH"},"image":{"@id":"https:\/\/stage.jh-itc.de\/fr\/#\/schema\/logo\/image\/"},"sameAs":["https:\/\/www.facebook.com\/schalungshandel","https:\/\/x.com\/JH_ITC","https:\/\/www.linkedin.com\/in\/jhitc","https:\/\/youtu.be\/rMdZ-FLfI-Y"]}]}},"_links":{"self":[{"href":"https:\/\/stage.jh-itc.de\/fr\/wp-json\/wp\/v2\/product\/92164","targetHints":{"allow":["GET"]}}],"collection":[{"href":"https:\/\/stage.jh-itc.de\/fr\/wp-json\/wp\/v2\/product"}],"about":[{"href":"https:\/\/stage.jh-itc.de\/fr\/wp-json\/wp\/v2\/types\/product"}],"wp:featuredmedia":[{"embeddable":true,"href":"https:\/\/stage.jh-itc.de\/fr\/wp-json\/wp\/v2\/media\/46348"}],"wp:attachment":[{"href":"https:\/\/stage.jh-itc.de\/fr\/wp-json\/wp\/v2\/media?parent=92164"}],"wp:term":[{"taxonomy":"product_brand","embeddable":true,"href":"https:\/\/stage.jh-itc.de\/fr\/wp-json\/wp\/v2\/product_brand?post=92164"},{"taxonomy":"product_cat","embeddable":true,"href":"https:\/\/stage.jh-itc.de\/fr\/wp-json\/wp\/v2\/product_cat?post=92164"},{"taxonomy":"product_tag","embeddable":true,"href":"https:\/\/stage.jh-itc.de\/fr\/wp-json\/wp\/v2\/product_tag?post=92164"}],"curies":[{"name":"wp","href":"https:\/\/api.w.org\/{rel}","templated":true}]}}