{"id":92151,"date":"2023-06-13T14:50:27","date_gmt":"2024-10-08T11:53:44","guid":{"rendered":"https:\/\/www.jh-itc.de\/shop\/uncategorized\/wendler-ancrage-en-fer-plat\/"},"modified":"2024-10-08T13:53:44","modified_gmt":"2024-10-08T11:53:44","slug":"wendler-ancrage-en-fer-plat","status":"publish","type":"product","link":"https:\/\/stage.jh-itc.de\/fr\/shop\/volets\/wendler-ancrage-en-fer-plat\/","title":{"rendered":"Wendler Ancrage en fer plat"},"content":{"rendered":"","protected":false},"excerpt":{"rendered":"<p>Nous proposons diff\u00e9rents ancrages Wendler en fer plat.<\/p>\n<p>D\u00e9signation de l&#8217;article Quantit\u00e9 Longueur en cm<br \/>\nAncrage en fer plat ancien 18 1,05 cm<br \/>\nAncrage en fer plat ancien 24 1,00 cm<br \/>\nAncrage en fer plat ancien 13 0,90 cm<br \/>\nAncrage en fer plat ancien 15 0,80 cm<br \/>\nAncrage en fer plat ancien 4 0,75 cm<br \/>\nAncrage en fer plat ancien 13 0,70 cm<br \/>\nAncrage en fer plat ancien 64 0,60 cm<br \/>\nAncrage en fer plat ancien 31 0,50 cm<br \/>\nAncrage en fer plat ancien 17 0,36 cm<br \/>\nAncrage en fer plat ancien 38 0,32 cm<br \/>\nAncrage en fer plat ancien 53 0,30 cm<br \/>\nAncrage en fer plat ancien 57 0,24 cm<br \/>\nAncrage en fer plat ancien 40 0,20 cm<br \/>\nAncrage en fer plat ancien 50 0,18 cm<br \/>\nAncrage en fer plat ancien 7 0,17 cm<br \/>\nAncrage en fer plat ancien 13 0,15 cm<br \/>\nAncrage en fer plat ancien 14 0,08 cm<br \/>\nAncrage en fer plat nouveau 52 0,50 cm<br \/>\nAncrage en fer plat nouveau 81 0,30 m<br \/>\nAncrage en fer plat nouveau 19 0,24 cm<br \/>\nAncrage en fer plat nouveau 26 0,20 cm<br \/>\nAncrage en fer plat nouveau 17 0,18 cm<br \/>\nAncrage en fer plat nouveau 19 0,15 cm<\/p>\n<p>Si vous \u00eates int\u00e9ress\u00e9, veuillez nous envoyer votre demande.<\/p>\n","protected":false},"featured_media":43975,"template":"","meta":[],"product_brand":[],"product_cat":[377,413],"product_tag":[],"class_list":{"0":"post-92151","1":"product","2":"type-product","3":"status-publish","4":"has-post-thumbnail","6":"product_cat-volets","7":"product_cat-wendler-fr","9":"first","10":"instock","11":"taxable","12":"shipping-taxable","13":"product-type-simple"},"yoast_head":"<!-- This site is optimized with the Yoast SEO plugin v26.5 - https:\/\/yoast.com\/wordpress\/plugins\/seo\/ -->\n<title>Wendler Ancrage en fer plat - JH - ITC GmbH<\/title>\n<meta name=\"description\" content=\"Wendler Ancrage en fer plat. Fabricants renomm\u00e9s \u2714 Coffrages, \u00e9taiements, \u00e9chafaudages &amp; machines de chantier neufs &amp; d&#039;occasion \u2714 Demandez une offre maintenant!\" \/>\n<meta name=\"robots\" content=\"noindex, follow, max-snippet:-1, max-image-preview:large, max-video-preview:-1\" \/>\n<meta property=\"og:locale\" content=\"fr_FR\" \/>\n<meta property=\"og:type\" content=\"article\" \/>\n<meta property=\"og:title\" content=\"Wendler Ancrage en fer plat - JH - ITC GmbH\" \/>\n<meta property=\"og:description\" content=\"Wendler Ancrage en fer plat. Fabricants renomm\u00e9s \u2714 Coffrages, \u00e9taiements, \u00e9chafaudages &amp; machines de chantier neufs &amp; d&#039;occasion \u2714 Demandez une offre maintenant!\" \/>\n<meta property=\"og:url\" content=\"https:\/\/stage.jh-itc.de\/fr\/shop\/volets\/wendler-ancrage-en-fer-plat\/\" \/>\n<meta property=\"og:site_name\" content=\"JH - ITC GmbH\" \/>\n<meta property=\"article:publisher\" content=\"https:\/\/www.facebook.com\/schalungshandel\" \/>\n<meta property=\"og:image\" content=\"https:\/\/stage.jh-itc.de\/wp-content\/uploads\/2023\/06\/Stapel3-gebrauchte-Flacheisen-Klein.jpg\" \/>\n\t<meta property=\"og:image:width\" content=\"640\" \/>\n\t<meta property=\"og:image:height\" content=\"480\" \/>\n\t<meta property=\"og:image:type\" content=\"image\/jpeg\" \/>\n<meta name=\"twitter:card\" content=\"summary_large_image\" \/>\n<meta name=\"twitter:site\" content=\"@JH_ITC\" \/>\n<!-- \/ Yoast SEO plugin. -->","yoast_head_json":{"title":"Wendler Ancrage en fer plat - JH - ITC GmbH","description":"Wendler Ancrage en fer plat. Fabricants renomm\u00e9s \u2714 Coffrages, \u00e9taiements, \u00e9chafaudages & machines de chantier neufs & d'occasion \u2714 Demandez une offre maintenant!","robots":{"index":"noindex","follow":"follow","max-snippet":"max-snippet:-1","max-image-preview":"max-image-preview:large","max-video-preview":"max-video-preview:-1"},"og_locale":"fr_FR","og_type":"article","og_title":"Wendler Ancrage en fer plat - JH - ITC GmbH","og_description":"Wendler Ancrage en fer plat. Fabricants renomm\u00e9s \u2714 Coffrages, \u00e9taiements, \u00e9chafaudages & machines de chantier neufs & d'occasion \u2714 Demandez une offre maintenant!","og_url":"https:\/\/stage.jh-itc.de\/fr\/shop\/volets\/wendler-ancrage-en-fer-plat\/","og_site_name":"JH - ITC GmbH","article_publisher":"https:\/\/www.facebook.com\/schalungshandel","og_image":[{"width":640,"height":480,"url":"https:\/\/stage.jh-itc.de\/wp-content\/uploads\/2023\/06\/Stapel3-gebrauchte-Flacheisen-Klein.jpg","type":"image\/jpeg"}],"twitter_card":"summary_large_image","twitter_site":"@JH_ITC","schema":{"@context":"https:\/\/schema.org","@graph":[{"@type":"WebPage","@id":"https:\/\/stage.jh-itc.de\/fr\/shop\/volets\/wendler-ancrage-en-fer-plat\/","url":"https:\/\/stage.jh-itc.de\/fr\/shop\/volets\/wendler-ancrage-en-fer-plat\/","name":"Wendler Ancrage en fer plat - JH - ITC GmbH","isPartOf":{"@id":"https:\/\/stage.jh-itc.de\/fr\/#website"},"primaryImageOfPage":{"@id":"https:\/\/stage.jh-itc.de\/fr\/shop\/volets\/wendler-ancrage-en-fer-plat\/#primaryimage"},"image":{"@id":"https:\/\/stage.jh-itc.de\/fr\/shop\/volets\/wendler-ancrage-en-fer-plat\/#primaryimage"},"thumbnailUrl":"https:\/\/stage.jh-itc.de\/wp-content\/uploads\/2023\/06\/Stapel3-gebrauchte-Flacheisen-Klein.jpg","datePublished":"2024-10-08T11:53:44+00:00","description":"Wendler Ancrage en fer plat. Fabricants renomm\u00e9s \u2714 Coffrages, \u00e9taiements, \u00e9chafaudages & machines de chantier neufs & d'occasion \u2714 Demandez une offre maintenant!","breadcrumb":{"@id":"https:\/\/stage.jh-itc.de\/fr\/shop\/volets\/wendler-ancrage-en-fer-plat\/#breadcrumb"},"inLanguage":"fr-FR","potentialAction":[{"@type":"ReadAction","target":["https:\/\/stage.jh-itc.de\/fr\/shop\/volets\/wendler-ancrage-en-fer-plat\/"]}]},{"@type":"ImageObject","inLanguage":"fr-FR","@id":"https:\/\/stage.jh-itc.de\/fr\/shop\/volets\/wendler-ancrage-en-fer-plat\/#primaryimage","url":"https:\/\/stage.jh-itc.de\/wp-content\/uploads\/2023\/06\/Stapel3-gebrauchte-Flacheisen-Klein.jpg","contentUrl":"https:\/\/stage.jh-itc.de\/wp-content\/uploads\/2023\/06\/Stapel3-gebrauchte-Flacheisen-Klein.jpg","width":640,"height":480,"caption":"SAMSUNG"},{"@type":"BreadcrumbList","@id":"https:\/\/stage.jh-itc.de\/fr\/shop\/volets\/wendler-ancrage-en-fer-plat\/#breadcrumb","itemListElement":[{"@type":"ListItem","position":1,"name":"Home","item":"https:\/\/stage.jh-itc.de\/fr\/coffrages-etais-et-echafaudages-de-professionnels\/"},{"@type":"ListItem","position":2,"name":"Boutique","item":"https:\/\/stage.jh-itc.de\/fr\/boutique\/"},{"@type":"ListItem","position":3,"name":"Wendler Ancrage en fer plat"}]},{"@type":"WebSite","@id":"https:\/\/stage.jh-itc.de\/fr\/#website","url":"https:\/\/stage.jh-itc.de\/fr\/","name":"JH - ITC GmbH","description":"Ihr Experte f\u00fcr gebrauchte St\u00fctzen, Schalungen und Ger\u00fcste","publisher":{"@id":"https:\/\/stage.jh-itc.de\/fr\/#organization"},"potentialAction":[{"@type":"SearchAction","target":{"@type":"EntryPoint","urlTemplate":"https:\/\/stage.jh-itc.de\/fr\/?s={search_term_string}"},"query-input":{"@type":"PropertyValueSpecification","valueRequired":true,"valueName":"search_term_string"}}],"inLanguage":"fr-FR"},{"@type":"Organization","@id":"https:\/\/stage.jh-itc.de\/fr\/#organization","name":"JH-ITC GmbH","url":"https:\/\/stage.jh-itc.de\/fr\/","logo":{"@type":"ImageObject","inLanguage":"fr-FR","@id":"https:\/\/stage.jh-itc.de\/fr\/#\/schema\/logo\/image\/","url":"https:\/\/stage.jh-itc.de\/wp-content\/uploads\/2016\/01\/JH-ITC2-1.png","contentUrl":"https:\/\/stage.jh-itc.de\/wp-content\/uploads\/2016\/01\/JH-ITC2-1.png","width":300,"height":102,"caption":"JH-ITC GmbH"},"image":{"@id":"https:\/\/stage.jh-itc.de\/fr\/#\/schema\/logo\/image\/"},"sameAs":["https:\/\/www.facebook.com\/schalungshandel","https:\/\/x.com\/JH_ITC","https:\/\/www.linkedin.com\/in\/jhitc","https:\/\/youtu.be\/rMdZ-FLfI-Y"]}]}},"_links":{"self":[{"href":"https:\/\/stage.jh-itc.de\/fr\/wp-json\/wp\/v2\/product\/92151","targetHints":{"allow":["GET"]}}],"collection":[{"href":"https:\/\/stage.jh-itc.de\/fr\/wp-json\/wp\/v2\/product"}],"about":[{"href":"https:\/\/stage.jh-itc.de\/fr\/wp-json\/wp\/v2\/types\/product"}],"wp:featuredmedia":[{"embeddable":true,"href":"https:\/\/stage.jh-itc.de\/fr\/wp-json\/wp\/v2\/media\/43975"}],"wp:attachment":[{"href":"https:\/\/stage.jh-itc.de\/fr\/wp-json\/wp\/v2\/media?parent=92151"}],"wp:term":[{"taxonomy":"product_brand","embeddable":true,"href":"https:\/\/stage.jh-itc.de\/fr\/wp-json\/wp\/v2\/product_brand?post=92151"},{"taxonomy":"product_cat","embeddable":true,"href":"https:\/\/stage.jh-itc.de\/fr\/wp-json\/wp\/v2\/product_cat?post=92151"},{"taxonomy":"product_tag","embeddable":true,"href":"https:\/\/stage.jh-itc.de\/fr\/wp-json\/wp\/v2\/product_tag?post=92151"}],"curies":[{"name":"wp","href":"https:\/\/api.w.org\/{rel}","templated":true}]}}