{"id":92137,"date":"2023-06-30T14:06:22","date_gmt":"2024-10-08T11:53:13","guid":{"rendered":"https:\/\/www.jh-itc.de\/shop\/uncategorized\/ulma-cc-4-coffrage-de-dalle\/"},"modified":"2024-10-08T13:53:13","modified_gmt":"2024-10-08T11:53:13","slug":"ulma-cc-4-coffrage-de-dalle","status":"publish","type":"product","link":"https:\/\/stage.jh-itc.de\/fr\/shop\/volets\/ulma-cc-4-coffrage-de-dalle\/","title":{"rendered":"Ulma CC-4 Coffrage de dalle"},"content":{"rendered":"<div>\n<p><strong>Qu&#8217;est-ce que CC-4 Protect ?<\/strong><\/p>\n<p>&nbsp;<\/p>\n<\/div>\n<ul>\n<li>Le coffrage de dalle modulaire CC-4 s&#8217;enrichit d&#8217;un syst\u00e8me de protection antichute et lat\u00e9rale<\/li>\n<li>Le syst\u00e8me CC-4 existant est compl\u00e9t\u00e9 par des accessoires qui se connectent au coffrage.<\/li>\n<li>Un syst\u00e8me dans lequel la pose des panneaux se fait par le haut, sans EPI (\u00e9quipement de protection individuelle).<\/li>\n<li>Une solution technique conforme au principe &#8220;TOP&#8221; (Betriebssicherheitsverordnung)<\/li>\n<li>La mise en place de la protection antichute et de la protection lat\u00e9rale se fait par le bas<\/li>\n<\/ul>\n<p>&nbsp;<\/p>\n<p>Le point fort technique et s\u00e9curitaire du nouveau CC-4 Protect repose sur l&#8217;int\u00e9gration d&#8217;une solution innovante de protection contre les chutes et de protection lat\u00e9rale dans la g\u00e9om\u00e9trie du syst\u00e8me du coffrage de dalle modulaire CC-4 \u00e9prouv\u00e9. L&#8217;ing\u00e9niosit\u00e9 particuli\u00e8re de cette nouvelle solution syst\u00e8me r\u00e9side dans le fait que la structure de la solution de coffrage CC-4 originale est conserv\u00e9e. L&#8217;utilisation d&#8217;accessoires sp\u00e9ciaux a permis d&#8217;optimiser durablement le niveau de s\u00e9curit\u00e9 de ce syst\u00e8me de coffrage \u00e9prouv\u00e9.<\/p>\n<p>&nbsp;<\/p>\n<p>Lien vers le fabricant :<\/p>\n<p><a href=\"https:\/\/www.ulmaconstruction.de\/deckenschalung\/cc-4-schalung\">Coffrage | CC-4 (ulmaconstruction.fr)<\/a><\/p>\n<p>&nbsp;<\/p>\n","protected":false},"excerpt":{"rendered":"<p>Nous proposons des coffrages de dalles Ulma CC-4 d&#8217;occasion.<\/p>\n<p>Si vous \u00eates int\u00e9ress\u00e9, veuillez nous envoyer votre demande.<\/p>\n","protected":false},"featured_media":44157,"template":"","meta":[],"product_brand":[],"product_cat":[377],"product_tag":[],"class_list":{"0":"post-92137","1":"product","2":"type-product","3":"status-publish","4":"has-post-thumbnail","6":"product_cat-volets","8":"first","9":"instock","10":"taxable","11":"shipping-taxable","12":"product-type-simple"},"yoast_head":"<!-- This site is optimized with the Yoast SEO plugin v26.5 - https:\/\/yoast.com\/wordpress\/plugins\/seo\/ -->\n<title>Ulma CC-4 Coffrage de dalle - JH - ITC GmbH<\/title>\n<meta name=\"description\" content=\"Ulma CC-4 Coffrage de dalle. Fabricants renomm\u00e9s \u2714 Coffrages, \u00e9taiements, \u00e9chafaudages &amp; machines de chantier neufs &amp; d&#039;occasion \u2714 Demandez une offre maintenant!\" \/>\n<meta name=\"robots\" content=\"noindex, follow, max-snippet:-1, max-image-preview:large, max-video-preview:-1\" \/>\n<meta property=\"og:locale\" content=\"fr_FR\" \/>\n<meta property=\"og:type\" content=\"article\" \/>\n<meta property=\"og:title\" content=\"Ulma CC-4 Coffrage de dalle - JH - ITC GmbH\" \/>\n<meta property=\"og:description\" content=\"Ulma CC-4 Coffrage de dalle. Fabricants renomm\u00e9s \u2714 Coffrages, \u00e9taiements, \u00e9chafaudages &amp; machines de chantier neufs &amp; d&#039;occasion \u2714 Demandez une offre maintenant!\" \/>\n<meta property=\"og:url\" content=\"https:\/\/stage.jh-itc.de\/fr\/shop\/volets\/ulma-cc-4-coffrage-de-dalle\/\" \/>\n<meta property=\"og:site_name\" content=\"JH - ITC GmbH\" \/>\n<meta property=\"article:publisher\" content=\"https:\/\/www.facebook.com\/schalungshandel\" \/>\n<meta property=\"og:image\" content=\"https:\/\/stage.jh-itc.de\/wp-content\/uploads\/2023\/06\/Ulma-Onadek-12.jpg\" \/>\n\t<meta property=\"og:image:width\" content=\"768\" \/>\n\t<meta property=\"og:image:height\" content=\"1024\" \/>\n\t<meta property=\"og:image:type\" content=\"image\/jpeg\" \/>\n<meta name=\"twitter:card\" content=\"summary_large_image\" \/>\n<meta name=\"twitter:site\" content=\"@JH_ITC\" \/>\n<meta name=\"twitter:label1\" content=\"Dur\u00e9e de lecture estim\u00e9e\" \/>\n\t<meta name=\"twitter:data1\" content=\"1 minute\" \/>\n<!-- \/ Yoast SEO plugin. -->","yoast_head_json":{"title":"Ulma CC-4 Coffrage de dalle - JH - ITC GmbH","description":"Ulma CC-4 Coffrage de dalle. Fabricants renomm\u00e9s \u2714 Coffrages, \u00e9taiements, \u00e9chafaudages & machines de chantier neufs & d'occasion \u2714 Demandez une offre maintenant!","robots":{"index":"noindex","follow":"follow","max-snippet":"max-snippet:-1","max-image-preview":"max-image-preview:large","max-video-preview":"max-video-preview:-1"},"og_locale":"fr_FR","og_type":"article","og_title":"Ulma CC-4 Coffrage de dalle - JH - ITC GmbH","og_description":"Ulma CC-4 Coffrage de dalle. Fabricants renomm\u00e9s \u2714 Coffrages, \u00e9taiements, \u00e9chafaudages & machines de chantier neufs & d'occasion \u2714 Demandez une offre maintenant!","og_url":"https:\/\/stage.jh-itc.de\/fr\/shop\/volets\/ulma-cc-4-coffrage-de-dalle\/","og_site_name":"JH - ITC GmbH","article_publisher":"https:\/\/www.facebook.com\/schalungshandel","og_image":[{"width":768,"height":1024,"url":"https:\/\/stage.jh-itc.de\/wp-content\/uploads\/2023\/06\/Ulma-Onadek-12.jpg","type":"image\/jpeg"}],"twitter_card":"summary_large_image","twitter_site":"@JH_ITC","twitter_misc":{"Dur\u00e9e de lecture estim\u00e9e":"1 minute"},"schema":{"@context":"https:\/\/schema.org","@graph":[{"@type":"WebPage","@id":"https:\/\/stage.jh-itc.de\/fr\/shop\/volets\/ulma-cc-4-coffrage-de-dalle\/","url":"https:\/\/stage.jh-itc.de\/fr\/shop\/volets\/ulma-cc-4-coffrage-de-dalle\/","name":"Ulma CC-4 Coffrage de dalle - JH - ITC GmbH","isPartOf":{"@id":"https:\/\/stage.jh-itc.de\/fr\/#website"},"primaryImageOfPage":{"@id":"https:\/\/stage.jh-itc.de\/fr\/shop\/volets\/ulma-cc-4-coffrage-de-dalle\/#primaryimage"},"image":{"@id":"https:\/\/stage.jh-itc.de\/fr\/shop\/volets\/ulma-cc-4-coffrage-de-dalle\/#primaryimage"},"thumbnailUrl":"https:\/\/stage.jh-itc.de\/wp-content\/uploads\/2023\/06\/Ulma-Onadek-12.jpg","datePublished":"2024-10-08T11:53:13+00:00","description":"Ulma CC-4 Coffrage de dalle. Fabricants renomm\u00e9s \u2714 Coffrages, \u00e9taiements, \u00e9chafaudages & machines de chantier neufs & d'occasion \u2714 Demandez une offre maintenant!","breadcrumb":{"@id":"https:\/\/stage.jh-itc.de\/fr\/shop\/volets\/ulma-cc-4-coffrage-de-dalle\/#breadcrumb"},"inLanguage":"fr-FR","potentialAction":[{"@type":"ReadAction","target":["https:\/\/stage.jh-itc.de\/fr\/shop\/volets\/ulma-cc-4-coffrage-de-dalle\/"]}]},{"@type":"ImageObject","inLanguage":"fr-FR","@id":"https:\/\/stage.jh-itc.de\/fr\/shop\/volets\/ulma-cc-4-coffrage-de-dalle\/#primaryimage","url":"https:\/\/stage.jh-itc.de\/wp-content\/uploads\/2023\/06\/Ulma-Onadek-12.jpg","contentUrl":"https:\/\/stage.jh-itc.de\/wp-content\/uploads\/2023\/06\/Ulma-Onadek-12.jpg","width":768,"height":1024},{"@type":"BreadcrumbList","@id":"https:\/\/stage.jh-itc.de\/fr\/shop\/volets\/ulma-cc-4-coffrage-de-dalle\/#breadcrumb","itemListElement":[{"@type":"ListItem","position":1,"name":"Home","item":"https:\/\/stage.jh-itc.de\/fr\/coffrages-etais-et-echafaudages-de-professionnels\/"},{"@type":"ListItem","position":2,"name":"Boutique","item":"https:\/\/stage.jh-itc.de\/fr\/boutique\/"},{"@type":"ListItem","position":3,"name":"Ulma CC-4 Coffrage de dalle"}]},{"@type":"WebSite","@id":"https:\/\/stage.jh-itc.de\/fr\/#website","url":"https:\/\/stage.jh-itc.de\/fr\/","name":"JH - ITC GmbH","description":"Ihr Experte f\u00fcr gebrauchte St\u00fctzen, Schalungen und Ger\u00fcste","publisher":{"@id":"https:\/\/stage.jh-itc.de\/fr\/#organization"},"potentialAction":[{"@type":"SearchAction","target":{"@type":"EntryPoint","urlTemplate":"https:\/\/stage.jh-itc.de\/fr\/?s={search_term_string}"},"query-input":{"@type":"PropertyValueSpecification","valueRequired":true,"valueName":"search_term_string"}}],"inLanguage":"fr-FR"},{"@type":"Organization","@id":"https:\/\/stage.jh-itc.de\/fr\/#organization","name":"JH-ITC GmbH","url":"https:\/\/stage.jh-itc.de\/fr\/","logo":{"@type":"ImageObject","inLanguage":"fr-FR","@id":"https:\/\/stage.jh-itc.de\/fr\/#\/schema\/logo\/image\/","url":"https:\/\/stage.jh-itc.de\/wp-content\/uploads\/2016\/01\/JH-ITC2-1.png","contentUrl":"https:\/\/stage.jh-itc.de\/wp-content\/uploads\/2016\/01\/JH-ITC2-1.png","width":300,"height":102,"caption":"JH-ITC GmbH"},"image":{"@id":"https:\/\/stage.jh-itc.de\/fr\/#\/schema\/logo\/image\/"},"sameAs":["https:\/\/www.facebook.com\/schalungshandel","https:\/\/x.com\/JH_ITC","https:\/\/www.linkedin.com\/in\/jhitc","https:\/\/youtu.be\/rMdZ-FLfI-Y"]}]}},"_links":{"self":[{"href":"https:\/\/stage.jh-itc.de\/fr\/wp-json\/wp\/v2\/product\/92137","targetHints":{"allow":["GET"]}}],"collection":[{"href":"https:\/\/stage.jh-itc.de\/fr\/wp-json\/wp\/v2\/product"}],"about":[{"href":"https:\/\/stage.jh-itc.de\/fr\/wp-json\/wp\/v2\/types\/product"}],"wp:featuredmedia":[{"embeddable":true,"href":"https:\/\/stage.jh-itc.de\/fr\/wp-json\/wp\/v2\/media\/44157"}],"wp:attachment":[{"href":"https:\/\/stage.jh-itc.de\/fr\/wp-json\/wp\/v2\/media?parent=92137"}],"wp:term":[{"taxonomy":"product_brand","embeddable":true,"href":"https:\/\/stage.jh-itc.de\/fr\/wp-json\/wp\/v2\/product_brand?post=92137"},{"taxonomy":"product_cat","embeddable":true,"href":"https:\/\/stage.jh-itc.de\/fr\/wp-json\/wp\/v2\/product_cat?post=92137"},{"taxonomy":"product_tag","embeddable":true,"href":"https:\/\/stage.jh-itc.de\/fr\/wp-json\/wp\/v2\/product_tag?post=92137"}],"curies":[{"name":"wp","href":"https:\/\/api.w.org\/{rel}","templated":true}]}}