{"id":92132,"date":"2023-07-07T13:01:33","date_gmt":"2024-10-08T11:53:02","guid":{"rendered":"https:\/\/www.jh-itc.de\/shop\/uncategorized\/planchers-layher-257-x-100m-avec-insert-en-bois\/"},"modified":"2024-10-08T13:53:02","modified_gmt":"2024-10-08T11:53:02","slug":"planchers-layher-257-x-100m-avec-insert-en-bois","status":"publish","type":"product","link":"https:\/\/stage.jh-itc.de\/fr\/shop\/echafaudage\/layher-fr\/planchers-layher-257-x-100m-avec-insert-en-bois\/","title":{"rendered":"Planchers Layher 2,57 x 1,00m avec insert en bois"},"content":{"rendered":"","protected":false},"excerpt":{"rendered":"<p>Nous proposons environ 80 x planchers d&#8217;\u00e9chafaudage Layher 2,57m x 1,00m avec inserts en bois.<\/p>\n<p>Si vous \u00eates int\u00e9ress\u00e9, veuillez nous envoyer votre demande.<\/p>\n","protected":false},"featured_media":44234,"template":"","meta":[],"product_brand":[],"product_cat":[376,394,416],"product_tag":[],"class_list":{"0":"post-92132","1":"product","2":"type-product","3":"status-publish","4":"has-post-thumbnail","6":"product_cat-echafaudage","7":"product_cat-layher-fr","8":"product_cat-non-classe","10":"first","11":"instock","12":"taxable","13":"shipping-taxable","14":"product-type-simple"},"yoast_head":"<!-- This site is optimized with the Yoast SEO plugin v26.5 - https:\/\/yoast.com\/wordpress\/plugins\/seo\/ -->\n<title>Planchers Layher 2,57 x 1,00m avec insert en bois - JH - ITC GmbH<\/title>\n<meta name=\"description\" content=\"Planchers Layher 2,57 x 1,00m avec insert en bois. Fabricants renomm\u00e9s \u2714 Coffrages, \u00e9taiements, \u00e9chafaudages &amp; machines de chantier neufs &amp; d&#039;occasion \u2714 Demandez une offre maintenant!\" \/>\n<meta name=\"robots\" content=\"noindex, follow, max-snippet:-1, max-image-preview:large, max-video-preview:-1\" \/>\n<meta property=\"og:locale\" content=\"fr_FR\" \/>\n<meta property=\"og:type\" content=\"article\" \/>\n<meta property=\"og:title\" content=\"Planchers Layher 2,57 x 1,00m avec insert en bois - JH - ITC GmbH\" \/>\n<meta property=\"og:description\" content=\"Planchers Layher 2,57 x 1,00m avec insert en bois. Fabricants renomm\u00e9s \u2714 Coffrages, \u00e9taiements, \u00e9chafaudages &amp; machines de chantier neufs &amp; d&#039;occasion \u2714 Demandez une offre maintenant!\" \/>\n<meta property=\"og:url\" content=\"https:\/\/stage.jh-itc.de\/fr\/shop\/echafaudage\/layher-fr\/planchers-layher-257-x-100m-avec-insert-en-bois\/\" \/>\n<meta property=\"og:site_name\" content=\"JH - ITC GmbH\" \/>\n<meta property=\"article:publisher\" content=\"https:\/\/www.facebook.com\/schalungshandel\" \/>\n<meta property=\"og:image\" content=\"https:\/\/stage.jh-itc.de\/wp-content\/uploads\/2023\/07\/Layher-Belaege-257m-x-1m-4-scaled-e1688727468472.jpg\" \/>\n\t<meta property=\"og:image:width\" content=\"450\" \/>\n\t<meta property=\"og:image:height\" content=\"600\" \/>\n\t<meta property=\"og:image:type\" content=\"image\/jpeg\" \/>\n<meta name=\"twitter:card\" content=\"summary_large_image\" \/>\n<meta name=\"twitter:site\" content=\"@JH_ITC\" \/>\n<!-- \/ Yoast SEO plugin. -->","yoast_head_json":{"title":"Planchers Layher 2,57 x 1,00m avec insert en bois - JH - ITC GmbH","description":"Planchers Layher 2,57 x 1,00m avec insert en bois. Fabricants renomm\u00e9s \u2714 Coffrages, \u00e9taiements, \u00e9chafaudages & machines de chantier neufs & d'occasion \u2714 Demandez une offre maintenant!","robots":{"index":"noindex","follow":"follow","max-snippet":"max-snippet:-1","max-image-preview":"max-image-preview:large","max-video-preview":"max-video-preview:-1"},"og_locale":"fr_FR","og_type":"article","og_title":"Planchers Layher 2,57 x 1,00m avec insert en bois - JH - ITC GmbH","og_description":"Planchers Layher 2,57 x 1,00m avec insert en bois. Fabricants renomm\u00e9s \u2714 Coffrages, \u00e9taiements, \u00e9chafaudages & machines de chantier neufs & d'occasion \u2714 Demandez une offre maintenant!","og_url":"https:\/\/stage.jh-itc.de\/fr\/shop\/echafaudage\/layher-fr\/planchers-layher-257-x-100m-avec-insert-en-bois\/","og_site_name":"JH - ITC GmbH","article_publisher":"https:\/\/www.facebook.com\/schalungshandel","og_image":[{"width":450,"height":600,"url":"https:\/\/stage.jh-itc.de\/wp-content\/uploads\/2023\/07\/Layher-Belaege-257m-x-1m-4-scaled-e1688727468472.jpg","type":"image\/jpeg"}],"twitter_card":"summary_large_image","twitter_site":"@JH_ITC","schema":{"@context":"https:\/\/schema.org","@graph":[{"@type":"WebPage","@id":"https:\/\/stage.jh-itc.de\/fr\/shop\/echafaudage\/layher-fr\/planchers-layher-257-x-100m-avec-insert-en-bois\/","url":"https:\/\/stage.jh-itc.de\/fr\/shop\/echafaudage\/layher-fr\/planchers-layher-257-x-100m-avec-insert-en-bois\/","name":"Planchers Layher 2,57 x 1,00m avec insert en bois - JH - ITC GmbH","isPartOf":{"@id":"https:\/\/stage.jh-itc.de\/fr\/#website"},"primaryImageOfPage":{"@id":"https:\/\/stage.jh-itc.de\/fr\/shop\/echafaudage\/layher-fr\/planchers-layher-257-x-100m-avec-insert-en-bois\/#primaryimage"},"image":{"@id":"https:\/\/stage.jh-itc.de\/fr\/shop\/echafaudage\/layher-fr\/planchers-layher-257-x-100m-avec-insert-en-bois\/#primaryimage"},"thumbnailUrl":"https:\/\/stage.jh-itc.de\/wp-content\/uploads\/2023\/07\/Layher-Belaege-257m-x-1m-4-scaled-e1688727468472.jpg","datePublished":"2024-10-08T11:53:02+00:00","description":"Planchers Layher 2,57 x 1,00m avec insert en bois. Fabricants renomm\u00e9s \u2714 Coffrages, \u00e9taiements, \u00e9chafaudages & machines de chantier neufs & d'occasion \u2714 Demandez une offre maintenant!","breadcrumb":{"@id":"https:\/\/stage.jh-itc.de\/fr\/shop\/echafaudage\/layher-fr\/planchers-layher-257-x-100m-avec-insert-en-bois\/#breadcrumb"},"inLanguage":"fr-FR","potentialAction":[{"@type":"ReadAction","target":["https:\/\/stage.jh-itc.de\/fr\/shop\/echafaudage\/layher-fr\/planchers-layher-257-x-100m-avec-insert-en-bois\/"]}]},{"@type":"ImageObject","inLanguage":"fr-FR","@id":"https:\/\/stage.jh-itc.de\/fr\/shop\/echafaudage\/layher-fr\/planchers-layher-257-x-100m-avec-insert-en-bois\/#primaryimage","url":"https:\/\/stage.jh-itc.de\/wp-content\/uploads\/2023\/07\/Layher-Belaege-257m-x-1m-4-scaled-e1688727468472.jpg","contentUrl":"https:\/\/stage.jh-itc.de\/wp-content\/uploads\/2023\/07\/Layher-Belaege-257m-x-1m-4-scaled-e1688727468472.jpg","width":450,"height":600},{"@type":"BreadcrumbList","@id":"https:\/\/stage.jh-itc.de\/fr\/shop\/echafaudage\/layher-fr\/planchers-layher-257-x-100m-avec-insert-en-bois\/#breadcrumb","itemListElement":[{"@type":"ListItem","position":1,"name":"Home","item":"https:\/\/stage.jh-itc.de\/fr\/coffrages-etais-et-echafaudages-de-professionnels\/"},{"@type":"ListItem","position":2,"name":"Boutique","item":"https:\/\/stage.jh-itc.de\/fr\/boutique\/"},{"@type":"ListItem","position":3,"name":"Planchers Layher 2,57 x 1,00m avec insert en bois"}]},{"@type":"WebSite","@id":"https:\/\/stage.jh-itc.de\/fr\/#website","url":"https:\/\/stage.jh-itc.de\/fr\/","name":"JH - ITC GmbH","description":"Ihr Experte f\u00fcr gebrauchte St\u00fctzen, Schalungen und Ger\u00fcste","publisher":{"@id":"https:\/\/stage.jh-itc.de\/fr\/#organization"},"potentialAction":[{"@type":"SearchAction","target":{"@type":"EntryPoint","urlTemplate":"https:\/\/stage.jh-itc.de\/fr\/?s={search_term_string}"},"query-input":{"@type":"PropertyValueSpecification","valueRequired":true,"valueName":"search_term_string"}}],"inLanguage":"fr-FR"},{"@type":"Organization","@id":"https:\/\/stage.jh-itc.de\/fr\/#organization","name":"JH-ITC GmbH","url":"https:\/\/stage.jh-itc.de\/fr\/","logo":{"@type":"ImageObject","inLanguage":"fr-FR","@id":"https:\/\/stage.jh-itc.de\/fr\/#\/schema\/logo\/image\/","url":"https:\/\/stage.jh-itc.de\/wp-content\/uploads\/2016\/01\/JH-ITC2-1.png","contentUrl":"https:\/\/stage.jh-itc.de\/wp-content\/uploads\/2016\/01\/JH-ITC2-1.png","width":300,"height":102,"caption":"JH-ITC GmbH"},"image":{"@id":"https:\/\/stage.jh-itc.de\/fr\/#\/schema\/logo\/image\/"},"sameAs":["https:\/\/www.facebook.com\/schalungshandel","https:\/\/x.com\/JH_ITC","https:\/\/www.linkedin.com\/in\/jhitc","https:\/\/youtu.be\/rMdZ-FLfI-Y"]}]}},"_links":{"self":[{"href":"https:\/\/stage.jh-itc.de\/fr\/wp-json\/wp\/v2\/product\/92132","targetHints":{"allow":["GET"]}}],"collection":[{"href":"https:\/\/stage.jh-itc.de\/fr\/wp-json\/wp\/v2\/product"}],"about":[{"href":"https:\/\/stage.jh-itc.de\/fr\/wp-json\/wp\/v2\/types\/product"}],"wp:featuredmedia":[{"embeddable":true,"href":"https:\/\/stage.jh-itc.de\/fr\/wp-json\/wp\/v2\/media\/44234"}],"wp:attachment":[{"href":"https:\/\/stage.jh-itc.de\/fr\/wp-json\/wp\/v2\/media?parent=92132"}],"wp:term":[{"taxonomy":"product_brand","embeddable":true,"href":"https:\/\/stage.jh-itc.de\/fr\/wp-json\/wp\/v2\/product_brand?post=92132"},{"taxonomy":"product_cat","embeddable":true,"href":"https:\/\/stage.jh-itc.de\/fr\/wp-json\/wp\/v2\/product_cat?post=92132"},{"taxonomy":"product_tag","embeddable":true,"href":"https:\/\/stage.jh-itc.de\/fr\/wp-json\/wp\/v2\/product_tag?post=92132"}],"curies":[{"name":"wp","href":"https:\/\/api.w.org\/{rel}","templated":true}]}}