{"id":92065,"date":"2023-08-09T17:36:36","date_gmt":"2024-10-08T11:51:31","guid":{"rendered":"https:\/\/www.jh-itc.de\/shop\/uncategorized\/noe-top-2000-coffrage\/"},"modified":"2024-10-08T13:51:31","modified_gmt":"2024-10-08T11:51:31","slug":"noe-top-2000-coffrage","status":"publish","type":"product","link":"https:\/\/stage.jh-itc.de\/fr\/shop\/noe-fr\/noe-top-2000-fr\/noe-top-2000-coffrage\/","title":{"rendered":"NOE Top 2000 Coffrage"},"content":{"rendered":"","protected":false},"excerpt":{"rendered":"<p>Nous vous proposons un lot de coffrages NOE TOP 2000 d&#8217;occasion.<\/p>\n<p>Parmi eux, 85 % des \u00e9l\u00e9ments sont recouverts d&#8217;une peau coffrante alkus.<\/p>\n<p>16 x \u00e9l\u00e9ment 2650 x 5300<br \/>\n18 x \u00e9l\u00e9ment 2650 x 2650<br \/>\n10 x \u00e9l\u00e9ment 2400 x 2650<br \/>\n2 x \u00e9l\u00e9ment 1325 x 2650<br \/>\n10 x \u00e9l\u00e9ment 1000 x 2650<br \/>\n20 x \u00e9l\u00e9ment 750 x 2650<br \/>\n10 x \u00e9l\u00e9ment 500 x 2650<br \/>\n6 x \u00e9l\u00e9ment 450 x 2650<br \/>\n4 x \u00e9l\u00e9ment 250 x 2650<br \/>\n4 x coins 250 x 250 x 2650<br \/>\n4 x \u00e9l\u00e9ment 110 x 110 x 2650<\/p>\n<p>Si vous \u00eates int\u00e9ress\u00e9, veuillez nous envoyer votre demande.<\/p>\n","protected":false},"featured_media":44547,"template":"","meta":[],"product_brand":[],"product_cat":[389,377,432],"product_tag":[],"class_list":{"0":"post-92065","1":"product","2":"type-product","3":"status-publish","4":"has-post-thumbnail","6":"product_cat-noe-fr","7":"product_cat-volets","8":"product_cat-noe-top-2000-fr","10":"first","11":"instock","12":"taxable","13":"shipping-taxable","14":"product-type-simple"},"yoast_head":"<!-- This site is optimized with the Yoast SEO plugin v26.5 - https:\/\/yoast.com\/wordpress\/plugins\/seo\/ -->\n<title>NOE Top 2000 Coffrage - JH - ITC GmbH<\/title>\n<meta name=\"description\" content=\"NOE Top 2000 Coffrage. Fabricants renomm\u00e9s \u2714 Coffrages, \u00e9taiements, \u00e9chafaudages &amp; machines de chantier neufs &amp; d&#039;occasion \u2714 Demandez une offre maintenant!\" \/>\n<meta name=\"robots\" content=\"noindex, follow, max-snippet:-1, max-image-preview:large, max-video-preview:-1\" \/>\n<meta property=\"og:locale\" content=\"fr_FR\" \/>\n<meta property=\"og:type\" content=\"article\" \/>\n<meta property=\"og:title\" content=\"NOE Top 2000 Coffrage - JH - ITC GmbH\" \/>\n<meta property=\"og:description\" content=\"NOE Top 2000 Coffrage. Fabricants renomm\u00e9s \u2714 Coffrages, \u00e9taiements, \u00e9chafaudages &amp; machines de chantier neufs &amp; d&#039;occasion \u2714 Demandez une offre maintenant!\" \/>\n<meta property=\"og:url\" content=\"https:\/\/stage.jh-itc.de\/fr\/shop\/noe-fr\/noe-top-2000-fr\/noe-top-2000-coffrage\/\" \/>\n<meta property=\"og:site_name\" content=\"JH - ITC GmbH\" \/>\n<meta property=\"article:publisher\" content=\"https:\/\/www.facebook.com\/schalungshandel\" \/>\n<meta property=\"og:image\" content=\"https:\/\/stage.jh-itc.de\/wp-content\/uploads\/2023\/08\/Noe-Top-Wandschalung-2.jpg\" \/>\n\t<meta property=\"og:image:width\" content=\"640\" \/>\n\t<meta property=\"og:image:height\" content=\"480\" \/>\n\t<meta property=\"og:image:type\" content=\"image\/jpeg\" \/>\n<meta name=\"twitter:card\" content=\"summary_large_image\" \/>\n<meta name=\"twitter:site\" content=\"@JH_ITC\" \/>\n<!-- \/ Yoast SEO plugin. -->","yoast_head_json":{"title":"NOE Top 2000 Coffrage - JH - ITC GmbH","description":"NOE Top 2000 Coffrage. Fabricants renomm\u00e9s \u2714 Coffrages, \u00e9taiements, \u00e9chafaudages & machines de chantier neufs & d'occasion \u2714 Demandez une offre maintenant!","robots":{"index":"noindex","follow":"follow","max-snippet":"max-snippet:-1","max-image-preview":"max-image-preview:large","max-video-preview":"max-video-preview:-1"},"og_locale":"fr_FR","og_type":"article","og_title":"NOE Top 2000 Coffrage - JH - ITC GmbH","og_description":"NOE Top 2000 Coffrage. Fabricants renomm\u00e9s \u2714 Coffrages, \u00e9taiements, \u00e9chafaudages & machines de chantier neufs & d'occasion \u2714 Demandez une offre maintenant!","og_url":"https:\/\/stage.jh-itc.de\/fr\/shop\/noe-fr\/noe-top-2000-fr\/noe-top-2000-coffrage\/","og_site_name":"JH - ITC GmbH","article_publisher":"https:\/\/www.facebook.com\/schalungshandel","og_image":[{"width":640,"height":480,"url":"https:\/\/stage.jh-itc.de\/wp-content\/uploads\/2023\/08\/Noe-Top-Wandschalung-2.jpg","type":"image\/jpeg"}],"twitter_card":"summary_large_image","twitter_site":"@JH_ITC","schema":{"@context":"https:\/\/schema.org","@graph":[{"@type":"WebPage","@id":"https:\/\/stage.jh-itc.de\/fr\/shop\/noe-fr\/noe-top-2000-fr\/noe-top-2000-coffrage\/","url":"https:\/\/stage.jh-itc.de\/fr\/shop\/noe-fr\/noe-top-2000-fr\/noe-top-2000-coffrage\/","name":"NOE Top 2000 Coffrage - JH - ITC GmbH","isPartOf":{"@id":"https:\/\/stage.jh-itc.de\/fr\/#website"},"primaryImageOfPage":{"@id":"https:\/\/stage.jh-itc.de\/fr\/shop\/noe-fr\/noe-top-2000-fr\/noe-top-2000-coffrage\/#primaryimage"},"image":{"@id":"https:\/\/stage.jh-itc.de\/fr\/shop\/noe-fr\/noe-top-2000-fr\/noe-top-2000-coffrage\/#primaryimage"},"thumbnailUrl":"https:\/\/stage.jh-itc.de\/wp-content\/uploads\/2023\/08\/Noe-Top-Wandschalung-2.jpg","datePublished":"2024-10-08T11:51:31+00:00","description":"NOE Top 2000 Coffrage. Fabricants renomm\u00e9s \u2714 Coffrages, \u00e9taiements, \u00e9chafaudages & machines de chantier neufs & d'occasion \u2714 Demandez une offre maintenant!","breadcrumb":{"@id":"https:\/\/stage.jh-itc.de\/fr\/shop\/noe-fr\/noe-top-2000-fr\/noe-top-2000-coffrage\/#breadcrumb"},"inLanguage":"fr-FR","potentialAction":[{"@type":"ReadAction","target":["https:\/\/stage.jh-itc.de\/fr\/shop\/noe-fr\/noe-top-2000-fr\/noe-top-2000-coffrage\/"]}]},{"@type":"ImageObject","inLanguage":"fr-FR","@id":"https:\/\/stage.jh-itc.de\/fr\/shop\/noe-fr\/noe-top-2000-fr\/noe-top-2000-coffrage\/#primaryimage","url":"https:\/\/stage.jh-itc.de\/wp-content\/uploads\/2023\/08\/Noe-Top-Wandschalung-2.jpg","contentUrl":"https:\/\/stage.jh-itc.de\/wp-content\/uploads\/2023\/08\/Noe-Top-Wandschalung-2.jpg","width":640,"height":480},{"@type":"BreadcrumbList","@id":"https:\/\/stage.jh-itc.de\/fr\/shop\/noe-fr\/noe-top-2000-fr\/noe-top-2000-coffrage\/#breadcrumb","itemListElement":[{"@type":"ListItem","position":1,"name":"Home","item":"https:\/\/stage.jh-itc.de\/fr\/coffrages-etais-et-echafaudages-de-professionnels\/"},{"@type":"ListItem","position":2,"name":"Boutique","item":"https:\/\/stage.jh-itc.de\/fr\/boutique\/"},{"@type":"ListItem","position":3,"name":"NOE Top 2000 Coffrage"}]},{"@type":"WebSite","@id":"https:\/\/stage.jh-itc.de\/fr\/#website","url":"https:\/\/stage.jh-itc.de\/fr\/","name":"JH - ITC GmbH","description":"Ihr Experte f\u00fcr gebrauchte St\u00fctzen, Schalungen und Ger\u00fcste","publisher":{"@id":"https:\/\/stage.jh-itc.de\/fr\/#organization"},"potentialAction":[{"@type":"SearchAction","target":{"@type":"EntryPoint","urlTemplate":"https:\/\/stage.jh-itc.de\/fr\/?s={search_term_string}"},"query-input":{"@type":"PropertyValueSpecification","valueRequired":true,"valueName":"search_term_string"}}],"inLanguage":"fr-FR"},{"@type":"Organization","@id":"https:\/\/stage.jh-itc.de\/fr\/#organization","name":"JH-ITC GmbH","url":"https:\/\/stage.jh-itc.de\/fr\/","logo":{"@type":"ImageObject","inLanguage":"fr-FR","@id":"https:\/\/stage.jh-itc.de\/fr\/#\/schema\/logo\/image\/","url":"https:\/\/stage.jh-itc.de\/wp-content\/uploads\/2016\/01\/JH-ITC2-1.png","contentUrl":"https:\/\/stage.jh-itc.de\/wp-content\/uploads\/2016\/01\/JH-ITC2-1.png","width":300,"height":102,"caption":"JH-ITC GmbH"},"image":{"@id":"https:\/\/stage.jh-itc.de\/fr\/#\/schema\/logo\/image\/"},"sameAs":["https:\/\/www.facebook.com\/schalungshandel","https:\/\/x.com\/JH_ITC","https:\/\/www.linkedin.com\/in\/jhitc","https:\/\/youtu.be\/rMdZ-FLfI-Y"]}]}},"_links":{"self":[{"href":"https:\/\/stage.jh-itc.de\/fr\/wp-json\/wp\/v2\/product\/92065","targetHints":{"allow":["GET"]}}],"collection":[{"href":"https:\/\/stage.jh-itc.de\/fr\/wp-json\/wp\/v2\/product"}],"about":[{"href":"https:\/\/stage.jh-itc.de\/fr\/wp-json\/wp\/v2\/types\/product"}],"wp:featuredmedia":[{"embeddable":true,"href":"https:\/\/stage.jh-itc.de\/fr\/wp-json\/wp\/v2\/media\/44547"}],"wp:attachment":[{"href":"https:\/\/stage.jh-itc.de\/fr\/wp-json\/wp\/v2\/media?parent=92065"}],"wp:term":[{"taxonomy":"product_brand","embeddable":true,"href":"https:\/\/stage.jh-itc.de\/fr\/wp-json\/wp\/v2\/product_brand?post=92065"},{"taxonomy":"product_cat","embeddable":true,"href":"https:\/\/stage.jh-itc.de\/fr\/wp-json\/wp\/v2\/product_cat?post=92065"},{"taxonomy":"product_tag","embeddable":true,"href":"https:\/\/stage.jh-itc.de\/fr\/wp-json\/wp\/v2\/product_tag?post=92065"}],"curies":[{"name":"wp","href":"https:\/\/api.w.org\/{rel}","templated":true}]}}