{"id":42963,"date":"2021-12-13T12:59:53","date_gmt":"2023-04-24T13:54:12","guid":{"rendered":"https:\/\/www.jh-itc.de\/shop\/non class\u00e9\/plettac-sl-70-materiau-dechafaudage\/"},"modified":"2023-04-24T15:54:12","modified_gmt":"2023-04-24T13:54:12","slug":"plettac-sl-70-materiau-de-construction","status":"publish","type":"product","link":"https:\/\/stage.jh-itc.de\/fr\/shop\/echafaudage\/plettac-fr\/plettac-sl-70-materiau-de-construction\/","title":{"rendered":"Plettac SL 70 Mat\u00e9riau d&#8217;\u00e9chafaudage"},"content":{"rendered":"<h5><strong>Vous trouverez ici les instructions de montage de l&#8217;\u00e9chafaudage Plettac SL 70.<\/strong><\/h5>\n<p><a href=\"https:\/\/stage.jh-itc.de\/wp-content\/uploads\/2021\/12\/Fassadengeruest_Plettac_SL70_AuV.pdf\">https:\/\/stage.jh-itc.de\/wp-content\/uploads\/2021\/12\/Fassadengeruest_Plettac_SL70_AuV.pdf<\/a><\/p>\n<p>&nbsp;<\/p>\n<p>&nbsp;<\/p>\n","protected":false},"excerpt":{"rendered":"<p>Nous proposons le mat\u00e9riel d&#8217;\u00e9chafaudage d&#8217;occasion Plettac SL 70 suivant.<\/p>\n<table width=\"0\">\n<tbody>\n<tr>\n<td width=\"309\"><strong><u>N\u00b0 d&#8217;art.<\/u><\/strong><\/td>\n<td width=\"436\"><strong><u>Description de l&#8217;article<\/u><\/strong><\/td>\n<td width=\"138\"><strong><u>pi\u00e8ce<\/u><\/strong><\/td>\n<\/tr>\n<tr>\n<td width=\"309\">5F SL7 033 00<\/td>\n<td width=\"436\">Cadre vertical SL B74 200 x 74<\/td>\n<td width=\"138\">800<\/td>\n<\/tr>\n<tr>\n<td width=\"309\">5F SLN 470 01<\/td>\n<td width=\"436\">Plancher en acier SL B32 250 x 32 x 7,5<\/td>\n<td width=\"138\">2145<\/td>\n<\/tr>\n<tr>\n<td width=\"309\">5F SNN 600 01<\/td>\n<td width=\"436\">Diagonale SL 326 (250 x 200)<\/td>\n<td width=\"138\">250<\/td>\n<\/tr>\n<tr>\n<td width=\"309\">5F SNN 050 02<\/td>\n<td width=\"436\">Garde-corps arri\u00e8re SL 250<\/td>\n<td width=\"138\">2000<\/td>\n<\/tr>\n<tr>\n<td width=\"309\">5F SOG 590 07<\/td>\n<td width=\"436\">Pied filet\u00e9 60<\/td>\n<td width=\"138\">80<\/td>\n<\/tr>\n<\/tbody>\n<\/table>\n<p>Si vous \u00eates int\u00e9ress\u00e9, veuillez nous envoyer votre demande.<\/p>\n","protected":false},"featured_media":37501,"template":"","meta":[],"product_brand":[],"product_cat":[376,420],"product_tag":[],"class_list":{"0":"post-42963","1":"product","2":"type-product","3":"status-publish","4":"has-post-thumbnail","6":"product_cat-echafaudage","7":"product_cat-plettac-fr","9":"first","10":"instock","11":"taxable","12":"shipping-taxable","13":"product-type-simple"},"yoast_head":"<!-- This site is optimized with the Yoast SEO plugin v26.5 - https:\/\/yoast.com\/wordpress\/plugins\/seo\/ -->\n<title>Plettac SL 70 Mat\u00e9riau d&#039;\u00e9chafaudage - JH - ITC GmbH<\/title>\n<meta name=\"description\" content=\"Plettac SL 70 Mat\u00e9riau d&#039;\u00e9chafaudage. Fabricants renomm\u00e9s \u2714 Coffrages, \u00e9taiements, \u00e9chafaudages &amp; machines de chantier neufs &amp; d&#039;occasion \u2714 Demandez une offre maintenant!\" \/>\n<meta name=\"robots\" content=\"noindex, follow, max-snippet:-1, max-image-preview:large, max-video-preview:-1\" \/>\n<meta property=\"og:locale\" content=\"fr_FR\" \/>\n<meta property=\"og:type\" content=\"article\" \/>\n<meta property=\"og:title\" content=\"Plettac SL 70 Mat\u00e9riau d&#039;\u00e9chafaudage - JH - ITC GmbH\" \/>\n<meta property=\"og:description\" content=\"Plettac SL 70 Mat\u00e9riau d&#039;\u00e9chafaudage. Fabricants renomm\u00e9s \u2714 Coffrages, \u00e9taiements, \u00e9chafaudages &amp; machines de chantier neufs &amp; d&#039;occasion \u2714 Demandez une offre maintenant!\" \/>\n<meta property=\"og:url\" content=\"https:\/\/stage.jh-itc.de\/fr\/shop\/echafaudage\/plettac-fr\/plettac-sl-70-materiau-de-construction\/\" \/>\n<meta property=\"og:site_name\" content=\"JH - ITC GmbH\" \/>\n<meta property=\"article:publisher\" content=\"https:\/\/www.facebook.com\/schalungshandel\" \/>\n<meta property=\"og:image\" content=\"https:\/\/stage.jh-itc.de\/wp-content\/uploads\/2021\/12\/Plettac-SL-70-3.jpg\" \/>\n\t<meta property=\"og:image:width\" content=\"2048\" \/>\n\t<meta property=\"og:image:height\" content=\"1536\" \/>\n\t<meta property=\"og:image:type\" content=\"image\/jpeg\" \/>\n<meta name=\"twitter:card\" content=\"summary_large_image\" \/>\n<meta name=\"twitter:site\" content=\"@JH_ITC\" \/>\n<!-- \/ Yoast SEO plugin. -->","yoast_head_json":{"title":"Plettac SL 70 Mat\u00e9riau d'\u00e9chafaudage - JH - ITC GmbH","description":"Plettac SL 70 Mat\u00e9riau d'\u00e9chafaudage. Fabricants renomm\u00e9s \u2714 Coffrages, \u00e9taiements, \u00e9chafaudages & machines de chantier neufs & d'occasion \u2714 Demandez une offre maintenant!","robots":{"index":"noindex","follow":"follow","max-snippet":"max-snippet:-1","max-image-preview":"max-image-preview:large","max-video-preview":"max-video-preview:-1"},"og_locale":"fr_FR","og_type":"article","og_title":"Plettac SL 70 Mat\u00e9riau d'\u00e9chafaudage - JH - ITC GmbH","og_description":"Plettac SL 70 Mat\u00e9riau d'\u00e9chafaudage. Fabricants renomm\u00e9s \u2714 Coffrages, \u00e9taiements, \u00e9chafaudages & machines de chantier neufs & d'occasion \u2714 Demandez une offre maintenant!","og_url":"https:\/\/stage.jh-itc.de\/fr\/shop\/echafaudage\/plettac-fr\/plettac-sl-70-materiau-de-construction\/","og_site_name":"JH - ITC GmbH","article_publisher":"https:\/\/www.facebook.com\/schalungshandel","og_image":[{"width":2048,"height":1536,"url":"https:\/\/stage.jh-itc.de\/wp-content\/uploads\/2021\/12\/Plettac-SL-70-3.jpg","type":"image\/jpeg"}],"twitter_card":"summary_large_image","twitter_site":"@JH_ITC","schema":{"@context":"https:\/\/schema.org","@graph":[{"@type":"WebPage","@id":"https:\/\/stage.jh-itc.de\/fr\/shop\/echafaudage\/plettac-fr\/plettac-sl-70-materiau-de-construction\/","url":"https:\/\/stage.jh-itc.de\/fr\/shop\/echafaudage\/plettac-fr\/plettac-sl-70-materiau-de-construction\/","name":"Plettac SL 70 Mat\u00e9riau d'\u00e9chafaudage - JH - ITC GmbH","isPartOf":{"@id":"https:\/\/stage.jh-itc.de\/fr\/#website"},"primaryImageOfPage":{"@id":"https:\/\/stage.jh-itc.de\/fr\/shop\/echafaudage\/plettac-fr\/plettac-sl-70-materiau-de-construction\/#primaryimage"},"image":{"@id":"https:\/\/stage.jh-itc.de\/fr\/shop\/echafaudage\/plettac-fr\/plettac-sl-70-materiau-de-construction\/#primaryimage"},"thumbnailUrl":"https:\/\/stage.jh-itc.de\/wp-content\/uploads\/2021\/12\/Plettac-SL-70-3.jpg","datePublished":"2023-04-24T13:54:12+00:00","description":"Plettac SL 70 Mat\u00e9riau d'\u00e9chafaudage. Fabricants renomm\u00e9s \u2714 Coffrages, \u00e9taiements, \u00e9chafaudages & machines de chantier neufs & d'occasion \u2714 Demandez une offre maintenant!","breadcrumb":{"@id":"https:\/\/stage.jh-itc.de\/fr\/shop\/echafaudage\/plettac-fr\/plettac-sl-70-materiau-de-construction\/#breadcrumb"},"inLanguage":"fr-FR","potentialAction":[{"@type":"ReadAction","target":["https:\/\/stage.jh-itc.de\/fr\/shop\/echafaudage\/plettac-fr\/plettac-sl-70-materiau-de-construction\/"]}]},{"@type":"ImageObject","inLanguage":"fr-FR","@id":"https:\/\/stage.jh-itc.de\/fr\/shop\/echafaudage\/plettac-fr\/plettac-sl-70-materiau-de-construction\/#primaryimage","url":"https:\/\/stage.jh-itc.de\/wp-content\/uploads\/2021\/12\/Plettac-SL-70-3.jpg","contentUrl":"https:\/\/stage.jh-itc.de\/wp-content\/uploads\/2021\/12\/Plettac-SL-70-3.jpg","width":2048,"height":1536},{"@type":"BreadcrumbList","@id":"https:\/\/stage.jh-itc.de\/fr\/shop\/echafaudage\/plettac-fr\/plettac-sl-70-materiau-de-construction\/#breadcrumb","itemListElement":[{"@type":"ListItem","position":1,"name":"Home","item":"https:\/\/stage.jh-itc.de\/fr\/coffrages-etais-et-echafaudages-de-professionnels\/"},{"@type":"ListItem","position":2,"name":"Boutique","item":"https:\/\/stage.jh-itc.de\/fr\/boutique\/"},{"@type":"ListItem","position":3,"name":"Plettac SL 70 Mat\u00e9riau d&#8217;\u00e9chafaudage"}]},{"@type":"WebSite","@id":"https:\/\/stage.jh-itc.de\/fr\/#website","url":"https:\/\/stage.jh-itc.de\/fr\/","name":"JH - ITC GmbH","description":"Ihr Experte f\u00fcr gebrauchte St\u00fctzen, Schalungen und Ger\u00fcste","publisher":{"@id":"https:\/\/stage.jh-itc.de\/fr\/#organization"},"potentialAction":[{"@type":"SearchAction","target":{"@type":"EntryPoint","urlTemplate":"https:\/\/stage.jh-itc.de\/fr\/?s={search_term_string}"},"query-input":{"@type":"PropertyValueSpecification","valueRequired":true,"valueName":"search_term_string"}}],"inLanguage":"fr-FR"},{"@type":"Organization","@id":"https:\/\/stage.jh-itc.de\/fr\/#organization","name":"JH-ITC GmbH","url":"https:\/\/stage.jh-itc.de\/fr\/","logo":{"@type":"ImageObject","inLanguage":"fr-FR","@id":"https:\/\/stage.jh-itc.de\/fr\/#\/schema\/logo\/image\/","url":"https:\/\/stage.jh-itc.de\/wp-content\/uploads\/2016\/01\/JH-ITC2-1.png","contentUrl":"https:\/\/stage.jh-itc.de\/wp-content\/uploads\/2016\/01\/JH-ITC2-1.png","width":300,"height":102,"caption":"JH-ITC GmbH"},"image":{"@id":"https:\/\/stage.jh-itc.de\/fr\/#\/schema\/logo\/image\/"},"sameAs":["https:\/\/www.facebook.com\/schalungshandel","https:\/\/x.com\/JH_ITC","https:\/\/www.linkedin.com\/in\/jhitc","https:\/\/youtu.be\/rMdZ-FLfI-Y"]}]}},"_links":{"self":[{"href":"https:\/\/stage.jh-itc.de\/fr\/wp-json\/wp\/v2\/product\/42963","targetHints":{"allow":["GET"]}}],"collection":[{"href":"https:\/\/stage.jh-itc.de\/fr\/wp-json\/wp\/v2\/product"}],"about":[{"href":"https:\/\/stage.jh-itc.de\/fr\/wp-json\/wp\/v2\/types\/product"}],"wp:featuredmedia":[{"embeddable":true,"href":"https:\/\/stage.jh-itc.de\/fr\/wp-json\/wp\/v2\/media\/37501"}],"wp:attachment":[{"href":"https:\/\/stage.jh-itc.de\/fr\/wp-json\/wp\/v2\/media?parent=42963"}],"wp:term":[{"taxonomy":"product_brand","embeddable":true,"href":"https:\/\/stage.jh-itc.de\/fr\/wp-json\/wp\/v2\/product_brand?post=42963"},{"taxonomy":"product_cat","embeddable":true,"href":"https:\/\/stage.jh-itc.de\/fr\/wp-json\/wp\/v2\/product_cat?post=42963"},{"taxonomy":"product_tag","embeddable":true,"href":"https:\/\/stage.jh-itc.de\/fr\/wp-json\/wp\/v2\/product_tag?post=42963"}],"curies":[{"name":"wp","href":"https:\/\/api.w.org\/{rel}","templated":true}]}}