{"id":42933,"date":"2022-01-19T18:32:04","date_gmt":"2023-04-24T13:54:05","guid":{"rendered":"https:\/\/www.jh-itc.de\/shop\/non class\u00e9\/peri-vario-gt-pene-dormant-en-acier\/"},"modified":"2023-04-24T15:54:05","modified_gmt":"2023-04-24T13:54:05","slug":"peri-vario-gt-barre-en-acier","status":"publish","type":"product","link":"https:\/\/stage.jh-itc.de\/fr\/shop\/volets\/peri-vario-gt-barre-en-acier\/","title":{"rendered":"Peri Vario GT &#8211; P\u00eane dormant en acier"},"content":{"rendered":"<p>Voici la liste des mat\u00e9riaux<\/p>\n<p>&nbsp;<\/p>\n<table width=\"667\">\n<tbody>\n<tr>\n<td width=\"80\">N\u00b0 d&#8217;art.<\/td>\n<td width=\"264\">Description de l&#8217;article<\/td>\n<td width=\"248\">Description<\/td>\n<td width=\"75\">Quantit\u00e9<\/td>\n<\/tr>\n<tr>\n<td>103868<\/td>\n<td>P\u00eane dormant en acier Universal SRU U120, L = 0,72 m<\/td>\n<td>Steel Waler Universal SRU U-120 l = 0,72 m<\/td>\n<td>100<\/td>\n<\/tr>\n<tr>\n<td>103871<\/td>\n<td>P\u00eane dormant en acier Universal SRU U120, L = 0,97 m<\/td>\n<td>Steel Waler Universal SRU U-120 l = 0,97 m<\/td>\n<td>100<\/td>\n<\/tr>\n<tr>\n<td>103874<\/td>\n<td>P\u00eane dormant en acier Universal SRU U120, L = 1,22 m<\/td>\n<td>Steel Waler Universal SRU U-120 l = 1,22 m<\/td>\n<td>100<\/td>\n<\/tr>\n<tr>\n<td>103877<\/td>\n<td>P\u00eane dormant en acier Universal SRU U120, L = 1,47 m<\/td>\n<td>Steel Waler Universal SRU U-120 l = 1,47 m<\/td>\n<td>30<\/td>\n<\/tr>\n<tr>\n<td>103886<\/td>\n<td>P\u00eane dormant en acier Universal SRU U120, L = 1,72 m<\/td>\n<td>Steel Waler Universal SRU U-120 l = 1,72 m<\/td>\n<td>40<\/td>\n<\/tr>\n<tr>\n<td>103889<\/td>\n<td>P\u00eane dormant en acier Universal SRU U120, L = 1,97 m<\/td>\n<td>Steel Waler Universal SRU U-120 l = 1,97 m<\/td>\n<td>40<\/td>\n<\/tr>\n<tr>\n<td>103898<\/td>\n<td>P\u00eane dormant en acier Universal SRU U120, L = 2,22 m<\/td>\n<td>Steel Waler Universal SRU U-120 l = 2.22 m<\/td>\n<td>50<\/td>\n<\/tr>\n<tr>\n<td>103892<\/td>\n<td>P\u00eane dormant en acier Universal SRU U120, L = 2,47 m<\/td>\n<td>Steel Waler Universal SRU U-120 l = 2.47 m<\/td>\n<td>20<\/td>\n<\/tr>\n<tr>\n<td>103929<\/td>\n<td>P\u00eane dormant en acier Universal SRU U120, L = 2,72 m<\/td>\n<td>Steel Waler Universal SRU U-120 l = 2,72 m<\/td>\n<td>60<\/td>\n<\/tr>\n<tr>\n<td>103903<\/td>\n<td>P\u00eane dormant en acier Universal SRU U120, L = 2,97 m<\/td>\n<td>Steel Waler Universal SRU U-120 l = 2,97 m<\/td>\n<td>150<\/td>\n<\/tr>\n<tr>\n<td>103906<\/td>\n<td>P\u00eane dormant en acier Universal SRU U120, L = 3,47 m<\/td>\n<td>Steel Waler Universal SRU U-120 l = 3.47 m<\/td>\n<td>50<\/td>\n<\/tr>\n<tr>\n<td>103915<\/td>\n<td>P\u00eane dormant en acier Universal SRU U120, L = 3,97 m<\/td>\n<td>Steel Waler Universal SRU U-120 l = 3.97 m<\/td>\n<td>50<\/td>\n<\/tr>\n<tr>\n<td>103918<\/td>\n<td>Barre en acier Universal SRU U120, L = 4,47 m<\/td>\n<td>Steel Waler Universal SRU U-120 l = 4.47 m<\/td>\n<td>50<\/td>\n<\/tr>\n<tr>\n<td>103922<\/td>\n<td>Barre en acier Universal SRU U120, L = 4,97 m<\/td>\n<td>Steel Waler Universal SRU U-120 l = 4.97 m<\/td>\n<td>120<\/td>\n<\/tr>\n<tr>\n<td>104031<\/td>\n<td width=\"264\">Boulon d&#8217;ajustage 21 x 120<\/td>\n<td width=\"248\">Boulon \u00d8 21 x 120<\/td>\n<td>2000<\/td>\n<\/tr>\n<tr>\n<td>114082<\/td>\n<td>Plaque d&#8217;ancrage RCS DW 20<\/td>\n<td>Contreplaque RCS DW 20<\/td>\n<td>300<\/td>\n<\/tr>\n<tr>\n<td>111279<\/td>\n<td>Connecteur en croix VARIOKIT<\/td>\n<td><\/td>\n<td>1000<\/td>\n<\/tr>\n<tr>\n<td>109469<\/td>\n<td>Rail d&#8217;escalade RCS 248<\/td>\n<td>Rail d&#8217;escalade RCS 248<\/td>\n<td>200<\/td>\n<\/tr>\n<tr>\n<td>112102<\/td>\n<td>Rail d&#8217;escalade RCS 298<\/td>\n<td>Rail d&#8217;escalade RCS 298<\/td>\n<td>10<\/td>\n<\/tr>\n<tr>\n<td>109470<\/td>\n<td>Rail d&#8217;escalade RCS 348<\/td>\n<td>Rail d&#8217;escalade RCS 348<\/td>\n<td>200<\/td>\n<\/tr>\n<tr>\n<td>112141<\/td>\n<td>Rail d&#8217;escalade RCS 398<\/td>\n<td>Rail d&#8217;escalade RCS 398<\/td>\n<td>20<\/td>\n<\/tr>\n<tr>\n<td>109471<\/td>\n<td>Rail d&#8217;escalade RCS 498<\/td>\n<td>Rail d&#8217;escalade RCS 498<\/td>\n<td>20<\/td>\n<\/tr>\n<tr>\n<td>109472<\/td>\n<td>Rail d&#8217;escalade RCS 748<\/td>\n<td>Rail d&#8217;escalade RCS 748<\/td>\n<td>210<\/td>\n<\/tr>\n<tr>\n<td>111833<\/td>\n<td>Connecteur de rail d&#8217;escalade RCS 40<\/td>\n<td>Connecteur de rail d&#8217;escalade RCS 40<\/td>\n<td>100<\/td>\n<\/tr>\n<tr>\n<td>113744<\/td>\n<td>Connecteur de rail d&#8217;escalade RCS 73<\/td>\n<td>Connecteur de rail d&#8217;escalade RCS 73<\/td>\n<td>140<\/td>\n<\/tr>\n<tr>\n<td>111390<\/td>\n<td>Connecteur de rail d&#8217;escalade RCS 97<\/td>\n<td>Connecteur de rail d&#8217;escalade RCS 97<\/td>\n<td>160<\/td>\n<\/tr>\n<tr>\n<td>111382<\/td>\n<td>Rails d&#8217;escalade Connecteur angulaire RCS<\/td>\n<td>Climbing Rail Angle Connector RCS<\/td>\n<td>24<\/td>\n<\/tr>\n<tr>\n<td>101773<\/td>\n<td>Broche pour charges lourdes SLS 80\/140<\/td>\n<td>Broche \u00e0 usage intensif SLS 80\/140<\/td>\n<td>400<\/td>\n<\/tr>\n<tr>\n<td>101776<\/td>\n<td>Broche pour charges lourdes SLS 140\/240<\/td>\n<td>Broche \u00e0 usage intensif SLS 140\/240<\/td>\n<td>400<\/td>\n<\/tr>\n<tr>\n<td>101779<\/td>\n<td>Broche pour charges lourdes SLS 260\/360<\/td>\n<td>Broche \u00e0 usage intensif SLS 260\/360<\/td>\n<td>200<\/td>\n<\/tr>\n<tr>\n<td>110477<\/td>\n<td>Adaptateur de broche SLS\/RCS<\/td>\n<td>Adaptateur de broche SLS\/RCS<\/td>\n<td>1600<\/td>\n<\/tr>\n<tr>\n<td>111567<\/td>\n<td>Boulon d&#8217;ajustage \u00d8 26 x 120<\/td>\n<td>Boulon \u00d8 26 x 120<\/td>\n<td>2000<\/td>\n<\/tr>\n<tr>\n<td>114997<\/td>\n<td>Sabot de haubanage RCS DW 15<\/td>\n<td>Bracing Shoe RCS DW 15<\/td>\n<td>190<\/td>\n<\/tr>\n<tr>\n<td>018060<\/td>\n<td width=\"264\">Goupille \u00e9lastique 4\/1, galv.<\/td>\n<td width=\"248\">Cotter Pin 4\/1, galv.<\/td>\n<td>2000<\/td>\n<\/tr>\n<\/tbody>\n<\/table>\n","protected":false},"excerpt":{"rendered":"<p>Nous proposons <strong>du mat\u00e9riel Peri Vario GT<\/strong> d&#8217;occasion.<\/p>\n<p>Le mat\u00e9riel est presque comme neuf et en tr\u00e8s bon \u00e9tat.<\/p>\n<p>Si vous \u00eates int\u00e9ress\u00e9, veuillez nous envoyer votre demande.<\/p>\n","protected":false},"featured_media":37818,"template":"","meta":[],"product_brand":[],"product_cat":[378,377],"product_tag":[],"class_list":{"0":"post-42933","1":"product","2":"type-product","3":"status-publish","4":"has-post-thumbnail","6":"product_cat-peri-fr","7":"product_cat-volets","9":"first","10":"instock","11":"taxable","12":"shipping-taxable","13":"product-type-simple"},"yoast_head":"<!-- This site is optimized with the Yoast SEO plugin v26.5 - https:\/\/yoast.com\/wordpress\/plugins\/seo\/ -->\n<title>Peri Vario GT - P\u00eane dormant en acier - JH - ITC GmbH<\/title>\n<meta name=\"description\" content=\"Peri Vario GT - P\u00eane dormant en acier. Fabricants renomm\u00e9s \u2714 Coffrages, \u00e9taiements, \u00e9chafaudages &amp; machines de chantier neufs &amp; d&#039;occasion \u2714 Demandez une offre maintenant!\" \/>\n<meta name=\"robots\" content=\"noindex, follow, max-snippet:-1, max-image-preview:large, max-video-preview:-1\" \/>\n<meta property=\"og:locale\" content=\"fr_FR\" \/>\n<meta property=\"og:type\" content=\"article\" \/>\n<meta property=\"og:title\" content=\"Peri Vario GT - P\u00eane dormant en acier - JH - ITC GmbH\" \/>\n<meta property=\"og:description\" content=\"Peri Vario GT - P\u00eane dormant en acier. Fabricants renomm\u00e9s \u2714 Coffrages, \u00e9taiements, \u00e9chafaudages &amp; machines de chantier neufs &amp; d&#039;occasion \u2714 Demandez une offre maintenant!\" \/>\n<meta property=\"og:url\" content=\"https:\/\/stage.jh-itc.de\/fr\/shop\/volets\/peri-vario-gt-barre-en-acier\/\" \/>\n<meta property=\"og:site_name\" content=\"JH - ITC GmbH\" \/>\n<meta property=\"article:publisher\" content=\"https:\/\/www.facebook.com\/schalungshandel\" \/>\n<meta property=\"og:image\" content=\"https:\/\/stage.jh-itc.de\/wp-content\/uploads\/2022\/01\/Peri-Vario-GT_jwww.h-itc.de-11.jpg\" \/>\n\t<meta property=\"og:image:width\" content=\"2016\" \/>\n\t<meta property=\"og:image:height\" content=\"1512\" \/>\n\t<meta property=\"og:image:type\" content=\"image\/jpeg\" \/>\n<meta name=\"twitter:card\" content=\"summary_large_image\" \/>\n<meta name=\"twitter:site\" content=\"@JH_ITC\" \/>\n<meta name=\"twitter:label1\" content=\"Dur\u00e9e de lecture estim\u00e9e\" \/>\n\t<meta name=\"twitter:data1\" content=\"2 minutes\" \/>\n<!-- \/ Yoast SEO plugin. -->","yoast_head_json":{"title":"Peri Vario GT - P\u00eane dormant en acier - JH - ITC GmbH","description":"Peri Vario GT - P\u00eane dormant en acier. Fabricants renomm\u00e9s \u2714 Coffrages, \u00e9taiements, \u00e9chafaudages & machines de chantier neufs & d'occasion \u2714 Demandez une offre maintenant!","robots":{"index":"noindex","follow":"follow","max-snippet":"max-snippet:-1","max-image-preview":"max-image-preview:large","max-video-preview":"max-video-preview:-1"},"og_locale":"fr_FR","og_type":"article","og_title":"Peri Vario GT - P\u00eane dormant en acier - JH - ITC GmbH","og_description":"Peri Vario GT - P\u00eane dormant en acier. Fabricants renomm\u00e9s \u2714 Coffrages, \u00e9taiements, \u00e9chafaudages & machines de chantier neufs & d'occasion \u2714 Demandez une offre maintenant!","og_url":"https:\/\/stage.jh-itc.de\/fr\/shop\/volets\/peri-vario-gt-barre-en-acier\/","og_site_name":"JH - ITC GmbH","article_publisher":"https:\/\/www.facebook.com\/schalungshandel","og_image":[{"width":2016,"height":1512,"url":"https:\/\/stage.jh-itc.de\/wp-content\/uploads\/2022\/01\/Peri-Vario-GT_jwww.h-itc.de-11.jpg","type":"image\/jpeg"}],"twitter_card":"summary_large_image","twitter_site":"@JH_ITC","twitter_misc":{"Dur\u00e9e de lecture estim\u00e9e":"2 minutes"},"schema":{"@context":"https:\/\/schema.org","@graph":[{"@type":"WebPage","@id":"https:\/\/stage.jh-itc.de\/fr\/shop\/volets\/peri-vario-gt-barre-en-acier\/","url":"https:\/\/stage.jh-itc.de\/fr\/shop\/volets\/peri-vario-gt-barre-en-acier\/","name":"Peri Vario GT - P\u00eane dormant en acier - JH - ITC GmbH","isPartOf":{"@id":"https:\/\/stage.jh-itc.de\/fr\/#website"},"primaryImageOfPage":{"@id":"https:\/\/stage.jh-itc.de\/fr\/shop\/volets\/peri-vario-gt-barre-en-acier\/#primaryimage"},"image":{"@id":"https:\/\/stage.jh-itc.de\/fr\/shop\/volets\/peri-vario-gt-barre-en-acier\/#primaryimage"},"thumbnailUrl":"https:\/\/stage.jh-itc.de\/wp-content\/uploads\/2022\/01\/Peri-Vario-GT_jwww.h-itc.de-11.jpg","datePublished":"2023-04-24T13:54:05+00:00","description":"Peri Vario GT - P\u00eane dormant en acier. Fabricants renomm\u00e9s \u2714 Coffrages, \u00e9taiements, \u00e9chafaudages & machines de chantier neufs & d'occasion \u2714 Demandez une offre maintenant!","breadcrumb":{"@id":"https:\/\/stage.jh-itc.de\/fr\/shop\/volets\/peri-vario-gt-barre-en-acier\/#breadcrumb"},"inLanguage":"fr-FR","potentialAction":[{"@type":"ReadAction","target":["https:\/\/stage.jh-itc.de\/fr\/shop\/volets\/peri-vario-gt-barre-en-acier\/"]}]},{"@type":"ImageObject","inLanguage":"fr-FR","@id":"https:\/\/stage.jh-itc.de\/fr\/shop\/volets\/peri-vario-gt-barre-en-acier\/#primaryimage","url":"https:\/\/stage.jh-itc.de\/wp-content\/uploads\/2022\/01\/Peri-Vario-GT_jwww.h-itc.de-11.jpg","contentUrl":"https:\/\/stage.jh-itc.de\/wp-content\/uploads\/2022\/01\/Peri-Vario-GT_jwww.h-itc.de-11.jpg","width":2016,"height":1512},{"@type":"BreadcrumbList","@id":"https:\/\/stage.jh-itc.de\/fr\/shop\/volets\/peri-vario-gt-barre-en-acier\/#breadcrumb","itemListElement":[{"@type":"ListItem","position":1,"name":"Home","item":"https:\/\/stage.jh-itc.de\/fr\/coffrages-etais-et-echafaudages-de-professionnels\/"},{"@type":"ListItem","position":2,"name":"Boutique","item":"https:\/\/stage.jh-itc.de\/fr\/boutique\/"},{"@type":"ListItem","position":3,"name":"Peri Vario GT &#8211; P\u00eane dormant en acier"}]},{"@type":"WebSite","@id":"https:\/\/stage.jh-itc.de\/fr\/#website","url":"https:\/\/stage.jh-itc.de\/fr\/","name":"JH - ITC GmbH","description":"Ihr Experte f\u00fcr gebrauchte St\u00fctzen, Schalungen und Ger\u00fcste","publisher":{"@id":"https:\/\/stage.jh-itc.de\/fr\/#organization"},"potentialAction":[{"@type":"SearchAction","target":{"@type":"EntryPoint","urlTemplate":"https:\/\/stage.jh-itc.de\/fr\/?s={search_term_string}"},"query-input":{"@type":"PropertyValueSpecification","valueRequired":true,"valueName":"search_term_string"}}],"inLanguage":"fr-FR"},{"@type":"Organization","@id":"https:\/\/stage.jh-itc.de\/fr\/#organization","name":"JH-ITC GmbH","url":"https:\/\/stage.jh-itc.de\/fr\/","logo":{"@type":"ImageObject","inLanguage":"fr-FR","@id":"https:\/\/stage.jh-itc.de\/fr\/#\/schema\/logo\/image\/","url":"https:\/\/stage.jh-itc.de\/wp-content\/uploads\/2016\/01\/JH-ITC2-1.png","contentUrl":"https:\/\/stage.jh-itc.de\/wp-content\/uploads\/2016\/01\/JH-ITC2-1.png","width":300,"height":102,"caption":"JH-ITC GmbH"},"image":{"@id":"https:\/\/stage.jh-itc.de\/fr\/#\/schema\/logo\/image\/"},"sameAs":["https:\/\/www.facebook.com\/schalungshandel","https:\/\/x.com\/JH_ITC","https:\/\/www.linkedin.com\/in\/jhitc","https:\/\/youtu.be\/rMdZ-FLfI-Y"]}]}},"_links":{"self":[{"href":"https:\/\/stage.jh-itc.de\/fr\/wp-json\/wp\/v2\/product\/42933","targetHints":{"allow":["GET"]}}],"collection":[{"href":"https:\/\/stage.jh-itc.de\/fr\/wp-json\/wp\/v2\/product"}],"about":[{"href":"https:\/\/stage.jh-itc.de\/fr\/wp-json\/wp\/v2\/types\/product"}],"wp:featuredmedia":[{"embeddable":true,"href":"https:\/\/stage.jh-itc.de\/fr\/wp-json\/wp\/v2\/media\/37818"}],"wp:attachment":[{"href":"https:\/\/stage.jh-itc.de\/fr\/wp-json\/wp\/v2\/media?parent=42933"}],"wp:term":[{"taxonomy":"product_brand","embeddable":true,"href":"https:\/\/stage.jh-itc.de\/fr\/wp-json\/wp\/v2\/product_brand?post=42933"},{"taxonomy":"product_cat","embeddable":true,"href":"https:\/\/stage.jh-itc.de\/fr\/wp-json\/wp\/v2\/product_cat?post=42933"},{"taxonomy":"product_tag","embeddable":true,"href":"https:\/\/stage.jh-itc.de\/fr\/wp-json\/wp\/v2\/product_tag?post=42933"}],"curies":[{"name":"wp","href":"https:\/\/api.w.org\/{rel}","templated":true}]}}