{"id":42921,"date":"2021-12-15T14:57:17","date_gmt":"2023-04-24T13:54:03","guid":{"rendered":"https:\/\/www.jh-itc.de\/shop\/non class\u00e9\/materiel-peri-vario-deck\/"},"modified":"2023-04-24T15:54:03","modified_gmt":"2023-04-24T13:54:03","slug":"materiau-peri-vario-deck","status":"publish","type":"product","link":"https:\/\/stage.jh-itc.de\/fr\/shop\/volets\/materiau-peri-vario-deck\/","title":{"rendered":"Mat\u00e9riel Peri Vario Deck"},"content":{"rendered":"<p>La table de coffrage VARIODECK est id\u00e9ale pour les projets o\u00f9 de grandes surfaces de dalles doivent \u00eatre coffr\u00e9es en peu de temps. Les tables peuvent \u00eatre utilis\u00e9es pour des plafonds jusqu&#8217;\u00e0 50 cm.<\/p>\n<p>Ils ne n\u00e9cessitent toujours que quatre \u00e9tais de plafond et peuvent \u00eatre d\u00e9plac\u00e9s en un seul levage de grue. Si n\u00e9cessaire, il est possible de coffrer des dalles plus \u00e9paisses avec un nombre correspondant d&#8217;\u00e9tais.<\/p>\n<h3>Avantages<\/h3>\n<ul>\n<li>La surface maximale de coffrage d&#8217;une table est de 15,9 m\u00b2.<\/li>\n<li>Lorsque les tables sont utilis\u00e9es en bordure de plafond, une plate-forme de travail est d\u00e9j\u00e0 int\u00e9gr\u00e9e au syst\u00e8me et aucune protection antichute suppl\u00e9mentaire n&#8217;est n\u00e9cessaire.<\/li>\n<li>Pour un d\u00e9coffrage rapide et facile ou un d\u00e9placement horizontal, on utilise un \u00e9l\u00e9vateur ou un chariot de transfert de table.<\/li>\n<li>Possibilit\u00e9 de choisir librement les \u00e9tais et d&#8217;augmenter les charges des \u00e9tais en serrant l&#8217;\u00e9tai de dalle dans la t\u00eate pivotante de la table.<\/li>\n<li>Des zones d&#8217;ajustement jusqu&#8217;\u00e0 50 cm maximum sont r\u00e9alisables sans soutien suppl\u00e9mentaire.<\/li>\n<li>Les raccords int\u00e9gr\u00e9s au syst\u00e8me servent \u00e0 dissiper les forces horizontales.<\/li>\n<li>Gr\u00e2ce \u00e0 sa faible hauteur de seulement 36 cm, il n\u00e9cessite peu de volume de transport et de stockage.<\/li>\n<\/ul>\n<p>&nbsp;<\/p>\n<hr>\n<p>&nbsp;<\/p>\n<p>Vous trouverez ici un lien pour t\u00e9l\u00e9charger la brochure :<\/p>\n<p><a href=\"https:\/\/stage.jh-itc.de\/wp-content\/uploads\/2021\/12\/Peri_VARIODECK-DE.pdf\">Peri_VARIODECK-FR<\/a><\/p>\n<p><a href=\"https:\/\/stage.jh-itc.de\/wp-content\/uploads\/2021\/12\/Peri_VARIODECK_EN.pdf\">Peri_VARIODECK_EN<\/a><\/p>\n<p>&nbsp;<\/p>\n<p>&nbsp;<\/p>\n","protected":false},"excerpt":{"rendered":"<p>Nous proposons le mat\u00e9riel d&#8217;occasion <strong>Peri Vario Deck<\/strong> suivant.<\/p>\n<table width=\"625\">\n<tbody>\n<tr>\n<td width=\"80\">N\u00b0 d&#8217;art.<\/td>\n<td width=\"264\">Description de l&#8217;article<\/td>\n<td width=\"206\">Description<\/td>\n<td width=\"75\">Quantit\u00e9<\/td>\n<\/tr>\n<tr>\n<td>100956<\/td>\n<td>Table T\u00eate pivotante, partie inf\u00e9rieure<\/td>\n<td>T\u00eate pivotante de table, partie inf\u00e9rieure<\/td>\n<td>1236<\/td>\n<\/tr>\n<tr>\n<td>117176<\/td>\n<td>T\u00eate de table partie sup\u00e9rieure VD<\/td>\n<td>T\u00eate de table Partie sup\u00e9rieure VD<\/td>\n<td>1196<\/td>\n<\/tr>\n<tr>\n<td>117185<\/td>\n<td>T\u00eate de table partie centrale VD<\/td>\n<td>T\u00eate de table Middle Part VD<\/td>\n<td>1121<\/td>\n<\/tr>\n<tr>\n<td>103212<\/td>\n<td>Table \u00e0 fourche de transfert 1,75t \/ 8m<\/td>\n<td>Fourche de levage 1,75 t \/ 8,0 m<\/td>\n<td>4<\/td>\n<\/tr>\n<tr>\n<td>028710<\/td>\n<td>Chariot de transfert de table 2t L = 2,00m<\/td>\n<td>Table Trolley 2 t, l = 2.00 m<\/td>\n<td>10<\/td>\n<\/tr>\n<\/tbody>\n<\/table>\n<p>Si vous \u00eates int\u00e9ress\u00e9, veuillez nous envoyer votre demande.<\/p>\n","protected":false},"featured_media":37553,"template":"","meta":[],"product_brand":[],"product_cat":[378,377],"product_tag":[],"class_list":{"0":"post-42921","1":"product","2":"type-product","3":"status-publish","4":"has-post-thumbnail","6":"product_cat-peri-fr","7":"product_cat-volets","9":"first","10":"instock","11":"taxable","12":"shipping-taxable","13":"product-type-simple"},"yoast_head":"<!-- This site is optimized with the Yoast SEO plugin v26.5 - https:\/\/yoast.com\/wordpress\/plugins\/seo\/ -->\n<title>Mat\u00e9riel Peri Vario Deck - JH - ITC GmbH<\/title>\n<meta name=\"description\" content=\"Mat\u00e9riel Peri Vario Deck. Fabricants renomm\u00e9s \u2714 Coffrages, \u00e9taiements, \u00e9chafaudages &amp; machines de chantier neufs &amp; d&#039;occasion \u2714 Demandez une offre maintenant!\" \/>\n<meta name=\"robots\" content=\"noindex, follow, max-snippet:-1, max-image-preview:large, max-video-preview:-1\" \/>\n<meta property=\"og:locale\" content=\"fr_FR\" \/>\n<meta property=\"og:type\" content=\"article\" \/>\n<meta property=\"og:title\" content=\"Mat\u00e9riel Peri Vario Deck - JH - ITC GmbH\" \/>\n<meta property=\"og:description\" content=\"Mat\u00e9riel Peri Vario Deck. Fabricants renomm\u00e9s \u2714 Coffrages, \u00e9taiements, \u00e9chafaudages &amp; machines de chantier neufs &amp; d&#039;occasion \u2714 Demandez une offre maintenant!\" \/>\n<meta property=\"og:url\" content=\"https:\/\/stage.jh-itc.de\/fr\/shop\/volets\/materiau-peri-vario-deck\/\" \/>\n<meta property=\"og:site_name\" content=\"JH - ITC GmbH\" \/>\n<meta property=\"article:publisher\" content=\"https:\/\/www.facebook.com\/schalungshandel\" \/>\n<meta property=\"og:image\" content=\"https:\/\/stage.jh-itc.de\/wp-content\/uploads\/2021\/12\/Peri-Vario-Deck.jpg\" \/>\n\t<meta property=\"og:image:width\" content=\"925\" \/>\n\t<meta property=\"og:image:height\" content=\"528\" \/>\n\t<meta property=\"og:image:type\" content=\"image\/jpeg\" \/>\n<meta name=\"twitter:card\" content=\"summary_large_image\" \/>\n<meta name=\"twitter:site\" content=\"@JH_ITC\" \/>\n<meta name=\"twitter:label1\" content=\"Dur\u00e9e de lecture estim\u00e9e\" \/>\n\t<meta name=\"twitter:data1\" content=\"1 minute\" \/>\n<!-- \/ Yoast SEO plugin. -->","yoast_head_json":{"title":"Mat\u00e9riel Peri Vario Deck - JH - ITC GmbH","description":"Mat\u00e9riel Peri Vario Deck. Fabricants renomm\u00e9s \u2714 Coffrages, \u00e9taiements, \u00e9chafaudages & machines de chantier neufs & d'occasion \u2714 Demandez une offre maintenant!","robots":{"index":"noindex","follow":"follow","max-snippet":"max-snippet:-1","max-image-preview":"max-image-preview:large","max-video-preview":"max-video-preview:-1"},"og_locale":"fr_FR","og_type":"article","og_title":"Mat\u00e9riel Peri Vario Deck - JH - ITC GmbH","og_description":"Mat\u00e9riel Peri Vario Deck. Fabricants renomm\u00e9s \u2714 Coffrages, \u00e9taiements, \u00e9chafaudages & machines de chantier neufs & d'occasion \u2714 Demandez une offre maintenant!","og_url":"https:\/\/stage.jh-itc.de\/fr\/shop\/volets\/materiau-peri-vario-deck\/","og_site_name":"JH - ITC GmbH","article_publisher":"https:\/\/www.facebook.com\/schalungshandel","og_image":[{"width":925,"height":528,"url":"https:\/\/stage.jh-itc.de\/wp-content\/uploads\/2021\/12\/Peri-Vario-Deck.jpg","type":"image\/jpeg"}],"twitter_card":"summary_large_image","twitter_site":"@JH_ITC","twitter_misc":{"Dur\u00e9e de lecture estim\u00e9e":"1 minute"},"schema":{"@context":"https:\/\/schema.org","@graph":[{"@type":"WebPage","@id":"https:\/\/stage.jh-itc.de\/fr\/shop\/volets\/materiau-peri-vario-deck\/","url":"https:\/\/stage.jh-itc.de\/fr\/shop\/volets\/materiau-peri-vario-deck\/","name":"Mat\u00e9riel Peri Vario Deck - JH - ITC GmbH","isPartOf":{"@id":"https:\/\/stage.jh-itc.de\/fr\/#website"},"primaryImageOfPage":{"@id":"https:\/\/stage.jh-itc.de\/fr\/shop\/volets\/materiau-peri-vario-deck\/#primaryimage"},"image":{"@id":"https:\/\/stage.jh-itc.de\/fr\/shop\/volets\/materiau-peri-vario-deck\/#primaryimage"},"thumbnailUrl":"https:\/\/stage.jh-itc.de\/wp-content\/uploads\/2021\/12\/Peri-Vario-Deck.jpg","datePublished":"2023-04-24T13:54:03+00:00","description":"Mat\u00e9riel Peri Vario Deck. Fabricants renomm\u00e9s \u2714 Coffrages, \u00e9taiements, \u00e9chafaudages & machines de chantier neufs & d'occasion \u2714 Demandez une offre maintenant!","breadcrumb":{"@id":"https:\/\/stage.jh-itc.de\/fr\/shop\/volets\/materiau-peri-vario-deck\/#breadcrumb"},"inLanguage":"fr-FR","potentialAction":[{"@type":"ReadAction","target":["https:\/\/stage.jh-itc.de\/fr\/shop\/volets\/materiau-peri-vario-deck\/"]}]},{"@type":"ImageObject","inLanguage":"fr-FR","@id":"https:\/\/stage.jh-itc.de\/fr\/shop\/volets\/materiau-peri-vario-deck\/#primaryimage","url":"https:\/\/stage.jh-itc.de\/wp-content\/uploads\/2021\/12\/Peri-Vario-Deck.jpg","contentUrl":"https:\/\/stage.jh-itc.de\/wp-content\/uploads\/2021\/12\/Peri-Vario-Deck.jpg","width":925,"height":528},{"@type":"BreadcrumbList","@id":"https:\/\/stage.jh-itc.de\/fr\/shop\/volets\/materiau-peri-vario-deck\/#breadcrumb","itemListElement":[{"@type":"ListItem","position":1,"name":"Home","item":"https:\/\/stage.jh-itc.de\/fr\/coffrages-etais-et-echafaudages-de-professionnels\/"},{"@type":"ListItem","position":2,"name":"Boutique","item":"https:\/\/stage.jh-itc.de\/fr\/boutique\/"},{"@type":"ListItem","position":3,"name":"Mat\u00e9riel Peri Vario Deck"}]},{"@type":"WebSite","@id":"https:\/\/stage.jh-itc.de\/fr\/#website","url":"https:\/\/stage.jh-itc.de\/fr\/","name":"JH - ITC GmbH","description":"Ihr Experte f\u00fcr gebrauchte St\u00fctzen, Schalungen und Ger\u00fcste","publisher":{"@id":"https:\/\/stage.jh-itc.de\/fr\/#organization"},"potentialAction":[{"@type":"SearchAction","target":{"@type":"EntryPoint","urlTemplate":"https:\/\/stage.jh-itc.de\/fr\/?s={search_term_string}"},"query-input":{"@type":"PropertyValueSpecification","valueRequired":true,"valueName":"search_term_string"}}],"inLanguage":"fr-FR"},{"@type":"Organization","@id":"https:\/\/stage.jh-itc.de\/fr\/#organization","name":"JH-ITC GmbH","url":"https:\/\/stage.jh-itc.de\/fr\/","logo":{"@type":"ImageObject","inLanguage":"fr-FR","@id":"https:\/\/stage.jh-itc.de\/fr\/#\/schema\/logo\/image\/","url":"https:\/\/stage.jh-itc.de\/wp-content\/uploads\/2016\/01\/JH-ITC2-1.png","contentUrl":"https:\/\/stage.jh-itc.de\/wp-content\/uploads\/2016\/01\/JH-ITC2-1.png","width":300,"height":102,"caption":"JH-ITC GmbH"},"image":{"@id":"https:\/\/stage.jh-itc.de\/fr\/#\/schema\/logo\/image\/"},"sameAs":["https:\/\/www.facebook.com\/schalungshandel","https:\/\/x.com\/JH_ITC","https:\/\/www.linkedin.com\/in\/jhitc","https:\/\/youtu.be\/rMdZ-FLfI-Y"]}]}},"_links":{"self":[{"href":"https:\/\/stage.jh-itc.de\/fr\/wp-json\/wp\/v2\/product\/42921","targetHints":{"allow":["GET"]}}],"collection":[{"href":"https:\/\/stage.jh-itc.de\/fr\/wp-json\/wp\/v2\/product"}],"about":[{"href":"https:\/\/stage.jh-itc.de\/fr\/wp-json\/wp\/v2\/types\/product"}],"wp:featuredmedia":[{"embeddable":true,"href":"https:\/\/stage.jh-itc.de\/fr\/wp-json\/wp\/v2\/media\/37553"}],"wp:attachment":[{"href":"https:\/\/stage.jh-itc.de\/fr\/wp-json\/wp\/v2\/media?parent=42921"}],"wp:term":[{"taxonomy":"product_brand","embeddable":true,"href":"https:\/\/stage.jh-itc.de\/fr\/wp-json\/wp\/v2\/product_brand?post=42921"},{"taxonomy":"product_cat","embeddable":true,"href":"https:\/\/stage.jh-itc.de\/fr\/wp-json\/wp\/v2\/product_cat?post=42921"},{"taxonomy":"product_tag","embeddable":true,"href":"https:\/\/stage.jh-itc.de\/fr\/wp-json\/wp\/v2\/product_tag?post=42921"}],"curies":[{"name":"wp","href":"https:\/\/api.w.org\/{rel}","templated":true}]}}