{"id":42910,"date":"2022-02-21T17:20:28","date_gmt":"2023-04-24T13:53:56","guid":{"rendered":"https:\/\/www.jh-itc.de\/shop\/non class\u00e9\/peri-up-tour-dappui-mds\/"},"modified":"2023-04-24T15:53:56","modified_gmt":"2023-04-24T13:53:56","slug":"peri-up-stuetzturm-mds","status":"publish","type":"product","link":"https:\/\/stage.jh-itc.de\/fr\/shop\/echafaudage\/peri-up-stuetzturm-mds\/","title":{"rendered":"Peri UP Tour d&#8217;appui MDS"},"content":{"rendered":"<p>La tour d&#8217;\u00e9taiement MDS K du syst\u00e8me modulaire d&#8217;\u00e9chafaudage PERI UP est utilis\u00e9e dans la construction d&#8217;\u00e9chafaudages porteurs pour le transfert de charges verticales et horizontales. Le syst\u00e8me permet une construction s\u00fbre int\u00e9gr\u00e9e au syst\u00e8me, sans \u00e9l\u00e9ments suppl\u00e9mentaires. Le montage et le d\u00e9montage de la tour de soutien d\u00e9pla\u00e7able par grue s&#8217;effectuent obligatoirement \u00e0 l&#8217;abri d&#8217;un garde-corps p\u00e9riph\u00e9rique. L&#8217;utilisateur est en position de s\u00e9curit\u00e9 dans toutes les situations de montage &#8211; sans aucune autre mesure. Les rev\u00eatements sont accroch\u00e9s sans outil aux verrous horizontaux, un soul\u00e8vement involontaire par le bas n&#8217;est pas possible. L&#8217;alimentation en mat\u00e9riaux se fait \u00e0 l&#8217;int\u00e9rieur de la tour de soutien. Essai de type TP-17-0009<\/p>\n<p><strong>Avantages<\/strong><\/p>\n<ul>\n<li>Montage s\u00fbr sans \u00e9l\u00e9ments suppl\u00e9mentaires gr\u00e2ce \u00e0 la construction sp\u00e9cifique avec panneaux de rev\u00eatement et garde-corps p\u00e9riph\u00e9riques<\/li>\n<li>Travail acc\u00e9l\u00e9r\u00e9 avec peu d&#8217;\u00e9l\u00e9ments du syst\u00e8me et des \u00e9tapes de montage toujours r\u00e9p\u00e9titives<\/li>\n<li>Manipulation sans danger pour le corps gr\u00e2ce \u00e0 un poids r\u00e9duit et \u00e0 un travail ergonomiquement avantageux au centre du corps<\/li>\n<\/ul>\n<p>&nbsp;<\/p>\n<p>Voici un lien pour le t\u00e9l\u00e9chargement<\/p>\n<p><a href=\"https:\/\/stage.jh-itc.de\/wp-content\/uploads\/2022\/02\/PERI-UP-Flex-Stuetzturm-MDS-K.pdf\">https:\/\/stage.jh-itc.de\/wp-content\/uploads\/2022\/02\/PERI-UP-Flex-Stuetzturm-MDS-K.pdf<\/a><\/p>\n<p>&nbsp;<\/p>\n","protected":false},"excerpt":{"rendered":"<p>Nous proposons un lot de mat\u00e9riel d&#8217;occasion Peri UP tour de soutien MDS.<\/p>\n<p>Si vous \u00eates int\u00e9ress\u00e9, veuillez nous envoyer votre demande.<\/p>\n","protected":false},"featured_media":0,"template":"","meta":[],"product_brand":[],"product_cat":[376,378,377],"product_tag":[],"class_list":{"0":"post-42910","1":"product","2":"type-product","3":"status-publish","5":"product_cat-echafaudage","6":"product_cat-peri-fr","7":"product_cat-volets","9":"first","10":"instock","11":"taxable","12":"shipping-taxable","13":"product-type-simple"},"yoast_head":"<!-- This site is optimized with the Yoast SEO plugin v26.5 - https:\/\/yoast.com\/wordpress\/plugins\/seo\/ -->\n<title>Peri UP Tour d&#039;appui MDS - JH - ITC GmbH<\/title>\n<meta name=\"description\" content=\"Peri UP Tour d&#039;appui MDS. Fabricants renomm\u00e9s \u2714 Coffrages, \u00e9taiements, \u00e9chafaudages &amp; machines de chantier neufs &amp; d&#039;occasion \u2714 Demandez une offre maintenant!\" \/>\n<meta name=\"robots\" content=\"noindex, follow, max-snippet:-1, max-image-preview:large, max-video-preview:-1\" \/>\n<meta property=\"og:locale\" content=\"fr_FR\" \/>\n<meta property=\"og:type\" content=\"article\" \/>\n<meta property=\"og:title\" content=\"Peri UP Tour d&#039;appui MDS - JH - ITC GmbH\" \/>\n<meta property=\"og:description\" content=\"Peri UP Tour d&#039;appui MDS. Fabricants renomm\u00e9s \u2714 Coffrages, \u00e9taiements, \u00e9chafaudages &amp; machines de chantier neufs &amp; d&#039;occasion \u2714 Demandez une offre maintenant!\" \/>\n<meta property=\"og:url\" content=\"https:\/\/stage.jh-itc.de\/fr\/shop\/echafaudage\/peri-up-stuetzturm-mds\/\" \/>\n<meta property=\"og:site_name\" content=\"JH - ITC GmbH\" \/>\n<meta property=\"article:publisher\" content=\"https:\/\/www.facebook.com\/schalungshandel\" \/>\n<meta property=\"og:image\" content=\"https:\/\/stage.jh-itc.de\/wp-content\/uploads\/2022\/02\/freistehender-stuetzturm.jpg\" \/>\n\t<meta property=\"og:image:width\" content=\"600\" \/>\n\t<meta property=\"og:image:height\" content=\"900\" \/>\n\t<meta property=\"og:image:type\" content=\"image\/jpeg\" \/>\n<meta name=\"twitter:card\" content=\"summary_large_image\" \/>\n<meta name=\"twitter:site\" content=\"@JH_ITC\" \/>\n<meta name=\"twitter:label1\" content=\"Dur\u00e9e de lecture estim\u00e9e\" \/>\n\t<meta name=\"twitter:data1\" content=\"1 minute\" \/>\n<!-- \/ Yoast SEO plugin. -->","yoast_head_json":{"title":"Peri UP Tour d'appui MDS - JH - ITC GmbH","description":"Peri UP Tour d'appui MDS. Fabricants renomm\u00e9s \u2714 Coffrages, \u00e9taiements, \u00e9chafaudages & machines de chantier neufs & d'occasion \u2714 Demandez une offre maintenant!","robots":{"index":"noindex","follow":"follow","max-snippet":"max-snippet:-1","max-image-preview":"max-image-preview:large","max-video-preview":"max-video-preview:-1"},"og_locale":"fr_FR","og_type":"article","og_title":"Peri UP Tour d'appui MDS - JH - ITC GmbH","og_description":"Peri UP Tour d'appui MDS. Fabricants renomm\u00e9s \u2714 Coffrages, \u00e9taiements, \u00e9chafaudages & machines de chantier neufs & d'occasion \u2714 Demandez une offre maintenant!","og_url":"https:\/\/stage.jh-itc.de\/fr\/shop\/echafaudage\/peri-up-stuetzturm-mds\/","og_site_name":"JH - ITC GmbH","article_publisher":"https:\/\/www.facebook.com\/schalungshandel","og_image":[{"width":600,"height":900,"url":"https:\/\/stage.jh-itc.de\/wp-content\/uploads\/2022\/02\/freistehender-stuetzturm.jpg","type":"image\/jpeg"}],"twitter_card":"summary_large_image","twitter_site":"@JH_ITC","twitter_misc":{"Dur\u00e9e de lecture estim\u00e9e":"1 minute"},"schema":{"@context":"https:\/\/schema.org","@graph":[{"@type":"WebPage","@id":"https:\/\/stage.jh-itc.de\/fr\/shop\/echafaudage\/peri-up-stuetzturm-mds\/","url":"https:\/\/stage.jh-itc.de\/fr\/shop\/echafaudage\/peri-up-stuetzturm-mds\/","name":"Peri UP Tour d'appui MDS - JH - ITC GmbH","isPartOf":{"@id":"https:\/\/stage.jh-itc.de\/fr\/#website"},"datePublished":"2023-04-24T13:53:56+00:00","description":"Peri UP Tour d'appui MDS. Fabricants renomm\u00e9s \u2714 Coffrages, \u00e9taiements, \u00e9chafaudages & machines de chantier neufs & d'occasion \u2714 Demandez une offre maintenant!","breadcrumb":{"@id":"https:\/\/stage.jh-itc.de\/fr\/shop\/echafaudage\/peri-up-stuetzturm-mds\/#breadcrumb"},"inLanguage":"fr-FR","potentialAction":[{"@type":"ReadAction","target":["https:\/\/stage.jh-itc.de\/fr\/shop\/echafaudage\/peri-up-stuetzturm-mds\/"]}]},{"@type":"BreadcrumbList","@id":"https:\/\/stage.jh-itc.de\/fr\/shop\/echafaudage\/peri-up-stuetzturm-mds\/#breadcrumb","itemListElement":[{"@type":"ListItem","position":1,"name":"Home","item":"https:\/\/stage.jh-itc.de\/fr\/coffrages-etais-et-echafaudages-de-professionnels\/"},{"@type":"ListItem","position":2,"name":"Boutique","item":"https:\/\/stage.jh-itc.de\/fr\/boutique\/"},{"@type":"ListItem","position":3,"name":"Peri UP Tour d&#8217;appui MDS"}]},{"@type":"WebSite","@id":"https:\/\/stage.jh-itc.de\/fr\/#website","url":"https:\/\/stage.jh-itc.de\/fr\/","name":"JH - ITC GmbH","description":"Ihr Experte f\u00fcr gebrauchte St\u00fctzen, Schalungen und Ger\u00fcste","publisher":{"@id":"https:\/\/stage.jh-itc.de\/fr\/#organization"},"potentialAction":[{"@type":"SearchAction","target":{"@type":"EntryPoint","urlTemplate":"https:\/\/stage.jh-itc.de\/fr\/?s={search_term_string}"},"query-input":{"@type":"PropertyValueSpecification","valueRequired":true,"valueName":"search_term_string"}}],"inLanguage":"fr-FR"},{"@type":"Organization","@id":"https:\/\/stage.jh-itc.de\/fr\/#organization","name":"JH-ITC GmbH","url":"https:\/\/stage.jh-itc.de\/fr\/","logo":{"@type":"ImageObject","inLanguage":"fr-FR","@id":"https:\/\/stage.jh-itc.de\/fr\/#\/schema\/logo\/image\/","url":"https:\/\/stage.jh-itc.de\/wp-content\/uploads\/2016\/01\/JH-ITC2-1.png","contentUrl":"https:\/\/stage.jh-itc.de\/wp-content\/uploads\/2016\/01\/JH-ITC2-1.png","width":300,"height":102,"caption":"JH-ITC GmbH"},"image":{"@id":"https:\/\/stage.jh-itc.de\/fr\/#\/schema\/logo\/image\/"},"sameAs":["https:\/\/www.facebook.com\/schalungshandel","https:\/\/x.com\/JH_ITC","https:\/\/www.linkedin.com\/in\/jhitc","https:\/\/youtu.be\/rMdZ-FLfI-Y"]}]}},"_links":{"self":[{"href":"https:\/\/stage.jh-itc.de\/fr\/wp-json\/wp\/v2\/product\/42910","targetHints":{"allow":["GET"]}}],"collection":[{"href":"https:\/\/stage.jh-itc.de\/fr\/wp-json\/wp\/v2\/product"}],"about":[{"href":"https:\/\/stage.jh-itc.de\/fr\/wp-json\/wp\/v2\/types\/product"}],"wp:attachment":[{"href":"https:\/\/stage.jh-itc.de\/fr\/wp-json\/wp\/v2\/media?parent=42910"}],"wp:term":[{"taxonomy":"product_brand","embeddable":true,"href":"https:\/\/stage.jh-itc.de\/fr\/wp-json\/wp\/v2\/product_brand?post=42910"},{"taxonomy":"product_cat","embeddable":true,"href":"https:\/\/stage.jh-itc.de\/fr\/wp-json\/wp\/v2\/product_cat?post=42910"},{"taxonomy":"product_tag","embeddable":true,"href":"https:\/\/stage.jh-itc.de\/fr\/wp-json\/wp\/v2\/product_tag?post=42910"}],"curies":[{"name":"wp","href":"https:\/\/api.w.org\/{rel}","templated":true}]}}