{"id":42769,"date":"2022-09-08T11:27:36","date_gmt":"2023-04-24T13:52:49","guid":{"rendered":"https:\/\/www.jh-itc.de\/shop\/non class\u00e9\/fabrication-de-poutres-en-beton-sur-le-chantier\/"},"modified":"2023-04-24T15:52:49","modified_gmt":"2023-04-24T13:52:49","slug":"fabrication-de-poutres-en-beton-sur-le-chantier","status":"publish","type":"product","link":"https:\/\/stage.jh-itc.de\/fr\/shop\/volets\/fabrication-de-poutres-en-beton-sur-le-chantier\/","title":{"rendered":"Fabrication de poutres en b\u00e9ton sur le chantier"},"content":{"rendered":"","protected":false},"excerpt":{"rendered":"<p>Nous proposons une machine d&#8217;occasion pour la fabrication de poutres en b\u00e9ton de diff\u00e9rentes dimensions directement sur le chantier.<\/p>\n<p>METAPREF<\/p>\n<p>Fabricant : Jean Four<\/p>\n<p>Si vous avez d&#8217;autres questions, n&#8217;h\u00e9sitez pas \u00e0 nous envoyer votre demande.<\/p>\n<p>&nbsp;<\/p>\n<p>Voici un lien : <a href=\"https:\/\/www.youtube.com\/watch?v=5BXdS3FFnfE\">https:\/\/www.youtube.com\/watch?v=5BXdS3FFnfE<\/a><\/p>\n<p>&nbsp;<\/p>\n<p>&nbsp;<\/p>\n<p>&nbsp;<\/p>\n<p>&nbsp;<\/p>\n<p>&nbsp;<\/p>\n","protected":false},"featured_media":0,"template":"","meta":[],"product_brand":[],"product_cat":[377],"product_tag":[],"class_list":{"0":"post-42769","1":"product","2":"type-product","3":"status-publish","5":"product_cat-volets","7":"first","8":"instock","9":"taxable","10":"shipping-taxable","11":"product-type-simple"},"yoast_head":"<!-- This site is optimized with the Yoast SEO plugin v26.5 - https:\/\/yoast.com\/wordpress\/plugins\/seo\/ -->\n<title>Fabrication de poutres en b\u00e9ton sur le chantier - JH - ITC GmbH<\/title>\n<meta name=\"description\" content=\"Fabrication de poutres en b\u00e9ton sur le chantier. Fabricants renomm\u00e9s \u2714 Coffrages, \u00e9taiements, \u00e9chafaudages &amp; machines de chantier neufs &amp; d&#039;occasion \u2714 Demandez une offre maintenant!\" \/>\n<meta name=\"robots\" content=\"noindex, follow, max-snippet:-1, max-image-preview:large, max-video-preview:-1\" \/>\n<meta property=\"og:locale\" content=\"fr_FR\" \/>\n<meta property=\"og:type\" content=\"article\" \/>\n<meta property=\"og:title\" content=\"Fabrication de poutres en b\u00e9ton sur le chantier - JH - ITC GmbH\" \/>\n<meta property=\"og:description\" content=\"Fabrication de poutres en b\u00e9ton sur le chantier. Fabricants renomm\u00e9s \u2714 Coffrages, \u00e9taiements, \u00e9chafaudages &amp; machines de chantier neufs &amp; d&#039;occasion \u2714 Demandez une offre maintenant!\" \/>\n<meta property=\"og:url\" content=\"https:\/\/stage.jh-itc.de\/fr\/shop\/volets\/fabrication-de-poutres-en-beton-sur-le-chantier\/\" \/>\n<meta property=\"og:site_name\" content=\"JH - ITC GmbH\" \/>\n<meta property=\"article:publisher\" content=\"https:\/\/www.facebook.com\/schalungshandel\" \/>\n<meta property=\"og:image\" content=\"https:\/\/stage.jh-itc.de\/wp-content\/uploads\/2022\/09\/Jean-Four-2.jpg\" \/>\n\t<meta property=\"og:image:width\" content=\"1024\" \/>\n\t<meta property=\"og:image:height\" content=\"768\" \/>\n\t<meta property=\"og:image:type\" content=\"image\/jpeg\" \/>\n<meta name=\"twitter:card\" content=\"summary_large_image\" \/>\n<meta name=\"twitter:site\" content=\"@JH_ITC\" \/>\n<!-- \/ Yoast SEO plugin. -->","yoast_head_json":{"title":"Fabrication de poutres en b\u00e9ton sur le chantier - JH - ITC GmbH","description":"Fabrication de poutres en b\u00e9ton sur le chantier. Fabricants renomm\u00e9s \u2714 Coffrages, \u00e9taiements, \u00e9chafaudages & machines de chantier neufs & d'occasion \u2714 Demandez une offre maintenant!","robots":{"index":"noindex","follow":"follow","max-snippet":"max-snippet:-1","max-image-preview":"max-image-preview:large","max-video-preview":"max-video-preview:-1"},"og_locale":"fr_FR","og_type":"article","og_title":"Fabrication de poutres en b\u00e9ton sur le chantier - JH - ITC GmbH","og_description":"Fabrication de poutres en b\u00e9ton sur le chantier. Fabricants renomm\u00e9s \u2714 Coffrages, \u00e9taiements, \u00e9chafaudages & machines de chantier neufs & d'occasion \u2714 Demandez une offre maintenant!","og_url":"https:\/\/stage.jh-itc.de\/fr\/shop\/volets\/fabrication-de-poutres-en-beton-sur-le-chantier\/","og_site_name":"JH - ITC GmbH","article_publisher":"https:\/\/www.facebook.com\/schalungshandel","og_image":[{"width":1024,"height":768,"url":"https:\/\/stage.jh-itc.de\/wp-content\/uploads\/2022\/09\/Jean-Four-2.jpg","type":"image\/jpeg"}],"twitter_card":"summary_large_image","twitter_site":"@JH_ITC","schema":{"@context":"https:\/\/schema.org","@graph":[{"@type":"WebPage","@id":"https:\/\/stage.jh-itc.de\/fr\/shop\/volets\/fabrication-de-poutres-en-beton-sur-le-chantier\/","url":"https:\/\/stage.jh-itc.de\/fr\/shop\/volets\/fabrication-de-poutres-en-beton-sur-le-chantier\/","name":"Fabrication de poutres en b\u00e9ton sur le chantier - JH - ITC GmbH","isPartOf":{"@id":"https:\/\/stage.jh-itc.de\/fr\/#website"},"datePublished":"2023-04-24T13:52:49+00:00","description":"Fabrication de poutres en b\u00e9ton sur le chantier. Fabricants renomm\u00e9s \u2714 Coffrages, \u00e9taiements, \u00e9chafaudages & machines de chantier neufs & d'occasion \u2714 Demandez une offre maintenant!","breadcrumb":{"@id":"https:\/\/stage.jh-itc.de\/fr\/shop\/volets\/fabrication-de-poutres-en-beton-sur-le-chantier\/#breadcrumb"},"inLanguage":"fr-FR","potentialAction":[{"@type":"ReadAction","target":["https:\/\/stage.jh-itc.de\/fr\/shop\/volets\/fabrication-de-poutres-en-beton-sur-le-chantier\/"]}]},{"@type":"BreadcrumbList","@id":"https:\/\/stage.jh-itc.de\/fr\/shop\/volets\/fabrication-de-poutres-en-beton-sur-le-chantier\/#breadcrumb","itemListElement":[{"@type":"ListItem","position":1,"name":"Home","item":"https:\/\/stage.jh-itc.de\/fr\/coffrages-etais-et-echafaudages-de-professionnels\/"},{"@type":"ListItem","position":2,"name":"Boutique","item":"https:\/\/stage.jh-itc.de\/fr\/boutique\/"},{"@type":"ListItem","position":3,"name":"Fabrication de poutres en b\u00e9ton sur le chantier"}]},{"@type":"WebSite","@id":"https:\/\/stage.jh-itc.de\/fr\/#website","url":"https:\/\/stage.jh-itc.de\/fr\/","name":"JH - ITC GmbH","description":"Ihr Experte f\u00fcr gebrauchte St\u00fctzen, Schalungen und Ger\u00fcste","publisher":{"@id":"https:\/\/stage.jh-itc.de\/fr\/#organization"},"potentialAction":[{"@type":"SearchAction","target":{"@type":"EntryPoint","urlTemplate":"https:\/\/stage.jh-itc.de\/fr\/?s={search_term_string}"},"query-input":{"@type":"PropertyValueSpecification","valueRequired":true,"valueName":"search_term_string"}}],"inLanguage":"fr-FR"},{"@type":"Organization","@id":"https:\/\/stage.jh-itc.de\/fr\/#organization","name":"JH-ITC GmbH","url":"https:\/\/stage.jh-itc.de\/fr\/","logo":{"@type":"ImageObject","inLanguage":"fr-FR","@id":"https:\/\/stage.jh-itc.de\/fr\/#\/schema\/logo\/image\/","url":"https:\/\/stage.jh-itc.de\/wp-content\/uploads\/2016\/01\/JH-ITC2-1.png","contentUrl":"https:\/\/stage.jh-itc.de\/wp-content\/uploads\/2016\/01\/JH-ITC2-1.png","width":300,"height":102,"caption":"JH-ITC GmbH"},"image":{"@id":"https:\/\/stage.jh-itc.de\/fr\/#\/schema\/logo\/image\/"},"sameAs":["https:\/\/www.facebook.com\/schalungshandel","https:\/\/x.com\/JH_ITC","https:\/\/www.linkedin.com\/in\/jhitc","https:\/\/youtu.be\/rMdZ-FLfI-Y"]}]}},"_links":{"self":[{"href":"https:\/\/stage.jh-itc.de\/fr\/wp-json\/wp\/v2\/product\/42769","targetHints":{"allow":["GET"]}}],"collection":[{"href":"https:\/\/stage.jh-itc.de\/fr\/wp-json\/wp\/v2\/product"}],"about":[{"href":"https:\/\/stage.jh-itc.de\/fr\/wp-json\/wp\/v2\/types\/product"}],"wp:attachment":[{"href":"https:\/\/stage.jh-itc.de\/fr\/wp-json\/wp\/v2\/media?parent=42769"}],"wp:term":[{"taxonomy":"product_brand","embeddable":true,"href":"https:\/\/stage.jh-itc.de\/fr\/wp-json\/wp\/v2\/product_brand?post=42769"},{"taxonomy":"product_cat","embeddable":true,"href":"https:\/\/stage.jh-itc.de\/fr\/wp-json\/wp\/v2\/product_cat?post=42769"},{"taxonomy":"product_tag","embeddable":true,"href":"https:\/\/stage.jh-itc.de\/fr\/wp-json\/wp\/v2\/product_tag?post=42769"}],"curies":[{"name":"wp","href":"https:\/\/api.w.org\/{rel}","templated":true}]}}