{"id":42645,"date":"2023-02-23T13:33:56","date_gmt":"2023-04-24T13:51:39","guid":{"rendered":"https:\/\/www.jh-itc.de\/shop\/non class\u00e9\/nettoyeur-haute-pression-dynajet-800me-avec-800-bar\/"},"modified":"2023-04-24T15:51:39","modified_gmt":"2023-04-24T13:51:39","slug":"dynajet-800me-nettoyeur-haute-pression-avec-800-bars","status":"publish","type":"product","link":"https:\/\/stage.jh-itc.de\/fr\/shop\/machines-de-construction\/dynajet-800me-nettoyeur-haute-pression-avec-800-bars\/","title":{"rendered":"Nettoyeur haute pression Dynajet 800me avec 800 bar"},"content":{"rendered":"","protected":false},"excerpt":{"rendered":"<p>Nous proposons un <strong>nettoyeur haute pression<\/strong> d&#8217;occasion <strong>Dynajet 800me avec 800 bar<\/strong>.<\/p>\n<p>Ann\u00e9e de construction : 2009<br \/>\nRaccordement \u00e9lectrique 400V<br \/>\nPuissance : 30KW<br \/>\navec tuyau et buse de rotor<\/p>\n<p>Il manque un manom\u00e8tre et une soupape de s\u00e9curit\u00e9.<\/p>\n<p>Si vous \u00eates int\u00e9ress\u00e9, veuillez nous envoyer votre demande.<\/p>\n","protected":false},"featured_media":0,"template":"","meta":[],"product_brand":[],"product_cat":[383,401],"product_tag":[],"class_list":{"0":"post-42645","1":"product","2":"type-product","3":"status-publish","5":"product_cat-machines-de-construction","6":"product_cat-machines-industrielles","8":"first","9":"instock","10":"taxable","11":"shipping-taxable","12":"product-type-simple"},"yoast_head":"<!-- This site is optimized with the Yoast SEO plugin v26.5 - https:\/\/yoast.com\/wordpress\/plugins\/seo\/ -->\n<title>Nettoyeur haute pression Dynajet 800me avec 800 bar - JH - ITC GmbH<\/title>\n<meta name=\"description\" content=\"Nettoyeur haute pression Dynajet 800me avec 800 bar. Fabricants renomm\u00e9s \u2714 Coffrages, \u00e9taiements, \u00e9chafaudages &amp; machines de chantier neufs &amp; d&#039;occasion \u2714 Demandez une offre maintenant!\" \/>\n<meta name=\"robots\" content=\"noindex, follow, max-snippet:-1, max-image-preview:large, max-video-preview:-1\" \/>\n<meta property=\"og:locale\" content=\"fr_FR\" \/>\n<meta property=\"og:type\" content=\"article\" \/>\n<meta property=\"og:title\" content=\"Nettoyeur haute pression Dynajet 800me avec 800 bar - JH - ITC GmbH\" \/>\n<meta property=\"og:description\" content=\"Nettoyeur haute pression Dynajet 800me avec 800 bar. Fabricants renomm\u00e9s \u2714 Coffrages, \u00e9taiements, \u00e9chafaudages &amp; machines de chantier neufs &amp; d&#039;occasion \u2714 Demandez une offre maintenant!\" \/>\n<meta property=\"og:url\" content=\"https:\/\/stage.jh-itc.de\/fr\/shop\/machines-de-construction\/dynajet-800me-nettoyeur-haute-pression-avec-800-bars\/\" \/>\n<meta property=\"og:site_name\" content=\"JH - ITC GmbH\" \/>\n<meta property=\"article:publisher\" content=\"https:\/\/www.facebook.com\/schalungshandel\" \/>\n<meta property=\"og:image\" content=\"https:\/\/stage.jh-itc.de\/wp-content\/uploads\/2023\/02\/Dynajet-1.jpeg\" \/>\n\t<meta property=\"og:image:width\" content=\"1280\" \/>\n\t<meta property=\"og:image:height\" content=\"853\" \/>\n\t<meta property=\"og:image:type\" content=\"image\/jpeg\" \/>\n<meta name=\"twitter:card\" content=\"summary_large_image\" \/>\n<meta name=\"twitter:site\" content=\"@JH_ITC\" \/>\n<!-- \/ Yoast SEO plugin. -->","yoast_head_json":{"title":"Nettoyeur haute pression Dynajet 800me avec 800 bar - JH - ITC GmbH","description":"Nettoyeur haute pression Dynajet 800me avec 800 bar. Fabricants renomm\u00e9s \u2714 Coffrages, \u00e9taiements, \u00e9chafaudages & machines de chantier neufs & d'occasion \u2714 Demandez une offre maintenant!","robots":{"index":"noindex","follow":"follow","max-snippet":"max-snippet:-1","max-image-preview":"max-image-preview:large","max-video-preview":"max-video-preview:-1"},"og_locale":"fr_FR","og_type":"article","og_title":"Nettoyeur haute pression Dynajet 800me avec 800 bar - JH - ITC GmbH","og_description":"Nettoyeur haute pression Dynajet 800me avec 800 bar. Fabricants renomm\u00e9s \u2714 Coffrages, \u00e9taiements, \u00e9chafaudages & machines de chantier neufs & d'occasion \u2714 Demandez une offre maintenant!","og_url":"https:\/\/stage.jh-itc.de\/fr\/shop\/machines-de-construction\/dynajet-800me-nettoyeur-haute-pression-avec-800-bars\/","og_site_name":"JH - ITC GmbH","article_publisher":"https:\/\/www.facebook.com\/schalungshandel","og_image":[{"width":1280,"height":853,"url":"https:\/\/stage.jh-itc.de\/wp-content\/uploads\/2023\/02\/Dynajet-1.jpeg","type":"image\/jpeg"}],"twitter_card":"summary_large_image","twitter_site":"@JH_ITC","schema":{"@context":"https:\/\/schema.org","@graph":[{"@type":"WebPage","@id":"https:\/\/stage.jh-itc.de\/fr\/shop\/machines-de-construction\/dynajet-800me-nettoyeur-haute-pression-avec-800-bars\/","url":"https:\/\/stage.jh-itc.de\/fr\/shop\/machines-de-construction\/dynajet-800me-nettoyeur-haute-pression-avec-800-bars\/","name":"Nettoyeur haute pression Dynajet 800me avec 800 bar - JH - ITC GmbH","isPartOf":{"@id":"https:\/\/stage.jh-itc.de\/fr\/#website"},"datePublished":"2023-04-24T13:51:39+00:00","description":"Nettoyeur haute pression Dynajet 800me avec 800 bar. Fabricants renomm\u00e9s \u2714 Coffrages, \u00e9taiements, \u00e9chafaudages & machines de chantier neufs & d'occasion \u2714 Demandez une offre maintenant!","breadcrumb":{"@id":"https:\/\/stage.jh-itc.de\/fr\/shop\/machines-de-construction\/dynajet-800me-nettoyeur-haute-pression-avec-800-bars\/#breadcrumb"},"inLanguage":"fr-FR","potentialAction":[{"@type":"ReadAction","target":["https:\/\/stage.jh-itc.de\/fr\/shop\/machines-de-construction\/dynajet-800me-nettoyeur-haute-pression-avec-800-bars\/"]}]},{"@type":"BreadcrumbList","@id":"https:\/\/stage.jh-itc.de\/fr\/shop\/machines-de-construction\/dynajet-800me-nettoyeur-haute-pression-avec-800-bars\/#breadcrumb","itemListElement":[{"@type":"ListItem","position":1,"name":"Home","item":"https:\/\/stage.jh-itc.de\/fr\/coffrages-etais-et-echafaudages-de-professionnels\/"},{"@type":"ListItem","position":2,"name":"Boutique","item":"https:\/\/stage.jh-itc.de\/fr\/boutique\/"},{"@type":"ListItem","position":3,"name":"Nettoyeur haute pression Dynajet 800me avec 800 bar"}]},{"@type":"WebSite","@id":"https:\/\/stage.jh-itc.de\/fr\/#website","url":"https:\/\/stage.jh-itc.de\/fr\/","name":"JH - ITC GmbH","description":"Ihr Experte f\u00fcr gebrauchte St\u00fctzen, Schalungen und Ger\u00fcste","publisher":{"@id":"https:\/\/stage.jh-itc.de\/fr\/#organization"},"potentialAction":[{"@type":"SearchAction","target":{"@type":"EntryPoint","urlTemplate":"https:\/\/stage.jh-itc.de\/fr\/?s={search_term_string}"},"query-input":{"@type":"PropertyValueSpecification","valueRequired":true,"valueName":"search_term_string"}}],"inLanguage":"fr-FR"},{"@type":"Organization","@id":"https:\/\/stage.jh-itc.de\/fr\/#organization","name":"JH-ITC GmbH","url":"https:\/\/stage.jh-itc.de\/fr\/","logo":{"@type":"ImageObject","inLanguage":"fr-FR","@id":"https:\/\/stage.jh-itc.de\/fr\/#\/schema\/logo\/image\/","url":"https:\/\/stage.jh-itc.de\/wp-content\/uploads\/2016\/01\/JH-ITC2-1.png","contentUrl":"https:\/\/stage.jh-itc.de\/wp-content\/uploads\/2016\/01\/JH-ITC2-1.png","width":300,"height":102,"caption":"JH-ITC GmbH"},"image":{"@id":"https:\/\/stage.jh-itc.de\/fr\/#\/schema\/logo\/image\/"},"sameAs":["https:\/\/www.facebook.com\/schalungshandel","https:\/\/x.com\/JH_ITC","https:\/\/www.linkedin.com\/in\/jhitc","https:\/\/youtu.be\/rMdZ-FLfI-Y"]}]}},"_links":{"self":[{"href":"https:\/\/stage.jh-itc.de\/fr\/wp-json\/wp\/v2\/product\/42645","targetHints":{"allow":["GET"]}}],"collection":[{"href":"https:\/\/stage.jh-itc.de\/fr\/wp-json\/wp\/v2\/product"}],"about":[{"href":"https:\/\/stage.jh-itc.de\/fr\/wp-json\/wp\/v2\/types\/product"}],"wp:attachment":[{"href":"https:\/\/stage.jh-itc.de\/fr\/wp-json\/wp\/v2\/media?parent=42645"}],"wp:term":[{"taxonomy":"product_brand","embeddable":true,"href":"https:\/\/stage.jh-itc.de\/fr\/wp-json\/wp\/v2\/product_brand?post=42645"},{"taxonomy":"product_cat","embeddable":true,"href":"https:\/\/stage.jh-itc.de\/fr\/wp-json\/wp\/v2\/product_cat?post=42645"},{"taxonomy":"product_tag","embeddable":true,"href":"https:\/\/stage.jh-itc.de\/fr\/wp-json\/wp\/v2\/product_tag?post=42645"}],"curies":[{"name":"wp","href":"https:\/\/api.w.org\/{rel}","templated":true}]}}