{"id":36111,"date":"2020-11-23T20:00:43","date_gmt":"2021-08-30T17:10:54","guid":{"rendered":"https:\/\/www.jh-itc.de\/shop\/non class\u00e9\/huennebeck-manto-avec-une-nouvelle-peau-de-coque-en-bois\/"},"modified":"2021-08-30T19:10:54","modified_gmt":"2021-08-30T17:10:54","slug":"huennebeck-manto-avec-peau-de-coquille-de-bois-neuf","status":"publish","type":"product","link":"https:\/\/stage.jh-itc.de\/fr\/shop\/huennebeck-fr\/huennebeck-manto-fr\/huennebeck-manto-avec-peau-de-coquille-de-bois-neuf\/","title":{"rendered":"H\u00fcnnebeck Manto avec une nouvelle peau de coque en bois"},"content":{"rendered":"<table style=\"width: 64.0909%\" width=\"575\">\n<tbody>\n<tr>\n<td style=\"width: 19.6552%\" width=\"86\">Num\u00e9ro d&#8217;article<\/td>\n<td style=\"width: 46.2069%\" width=\"205\">Description de l&#8217;article<\/td>\n<td style=\"width: 45.2871%\" width=\"207\">Description<\/td>\n<td style=\"width: 42.6276%\" width=\"77\">Quantit\u00e9<\/td>\n<\/tr>\n<tr>\n<td style=\"width: 19.6552%\">534990<\/td>\n<td style=\"width: 46.2069%\">MANTO grand tableau 240 x 270<\/td>\n<td style=\"width: 45.2871%\">MANTO panneau g\u00e9ant 240 x 270<\/td>\n<td style=\"width: 42.6276%\">50<\/td>\n<\/tr>\n<tr>\n<td style=\"width: 19.6552%\">446000<\/td>\n<td style=\"width: 46.2069%\">Tableau MANTO 120 x 270<\/td>\n<td style=\"width: 45.2871%\">Panneau MANTO 120 x 270<\/td>\n<td style=\"width: 42.6276%\">26<\/td>\n<\/tr>\n<tr>\n<td style=\"width: 19.6552%\">446022<\/td>\n<td style=\"width: 46.2069%\">Planche MANTO 105 x 270<\/td>\n<td style=\"width: 45.2871%\">Panneau MANTO 105 x 270<\/td>\n<td style=\"width: 42.6276%\">22<\/td>\n<\/tr>\n<tr>\n<td style=\"width: 19.6552%\">446033<\/td>\n<td style=\"width: 46.2069%\">Planche MANTO 90 x 270<\/td>\n<td style=\"width: 45.2871%\">Panneau MANTO 90 x 270<\/td>\n<td style=\"width: 42.6276%\">48<\/td>\n<\/tr>\n<tr>\n<td style=\"width: 19.6552%\">446044<\/td>\n<td style=\"width: 46.2069%\">Planche MANTO 75 x 270<\/td>\n<td style=\"width: 45.2871%\">Panneau MANTO 75 x 270<\/td>\n<td style=\"width: 42.6276%\">35<\/td>\n<\/tr>\n<tr>\n<td style=\"width: 19.6552%\">446055<\/td>\n<td style=\"width: 46.2069%\">Planche MANTO 60 x 270<\/td>\n<td style=\"width: 45.2871%\">Panneau MANTO 60 x 270<\/td>\n<td style=\"width: 42.6276%\">28<\/td>\n<\/tr>\n<tr>\n<td style=\"width: 19.6552%\">450786<\/td>\n<td style=\"width: 46.2069%\">Planche MANTO 45 x 270<\/td>\n<td style=\"width: 45.2871%\">Panneau MANTO 45 x 270<\/td>\n<td style=\"width: 42.6276%\">14<\/td>\n<\/tr>\n<tr>\n<td style=\"width: 19.6552%\">454340<\/td>\n<td style=\"width: 46.2069%\">Planche MANTO VZ 75 x 270<\/td>\n<td style=\"width: 45.2871%\">Panneau MANTO MP 75 x 270<\/td>\n<td style=\"width: 42.6276%\">1<\/td>\n<\/tr>\n<tr>\n<td style=\"width: 19.6552%\">535001<\/td>\n<td style=\"width: 46.2069%\">MANTO coin int\u00e9rieur 35\/270<\/td>\n<td style=\"width: 45.2871%\">MANTO coin int\u00e9rieur 35\/270<\/td>\n<td style=\"width: 42.6276%\">16<\/td>\n<\/tr>\n<\/tbody>\n<\/table>\n","protected":false},"excerpt":{"rendered":"<p>Nous proposons un lot de coffrages H\u00fcnnebeck Manto d&#8217;occasion avec un nouveau coffrage en bois.<\/p>\n<p>Il y a 738m\u00b2 disponibles.<\/p>\n<p>Si vous \u00eates int\u00e9ress\u00e9, veuillez nous envoyer votre demande.<\/p>\n<p>&nbsp;<\/p>\n","protected":false},"featured_media":36113,"template":"","meta":[],"product_brand":[],"product_cat":[380,381,377],"product_tag":[],"class_list":{"0":"post-36111","1":"product","2":"type-product","3":"status-publish","4":"has-post-thumbnail","6":"product_cat-huennebeck-fr","7":"product_cat-huennebeck-manto-fr","8":"product_cat-volets","10":"first","11":"instock","12":"taxable","13":"shipping-taxable","14":"product-type-simple"},"yoast_head":"<!-- This site is optimized with the Yoast SEO plugin v26.5 - https:\/\/yoast.com\/wordpress\/plugins\/seo\/ -->\n<title>H\u00fcnnebeck Manto avec une nouvelle peau de coque en bois - JH - ITC GmbH<\/title>\n<meta name=\"description\" content=\"Coffrage H\u00fcnnebeck Manto. Fabricant renomm\u00e9 \u2714 Coffrages neufs et d&#039;occasion \u2714 Demandez un devis maintenant !\" \/>\n<meta name=\"robots\" content=\"noindex, follow, max-snippet:-1, max-image-preview:large, max-video-preview:-1\" \/>\n<meta property=\"og:locale\" content=\"fr_FR\" \/>\n<meta property=\"og:type\" content=\"article\" \/>\n<meta property=\"og:title\" content=\"H\u00fcnnebeck Manto avec une nouvelle peau de coque en bois - JH - ITC GmbH\" \/>\n<meta property=\"og:description\" content=\"Coffrage H\u00fcnnebeck Manto. Fabricant renomm\u00e9 \u2714 Coffrages neufs et d&#039;occasion \u2714 Demandez un devis maintenant !\" \/>\n<meta property=\"og:url\" content=\"https:\/\/stage.jh-itc.de\/fr\/shop\/huennebeck-fr\/huennebeck-manto-fr\/huennebeck-manto-avec-peau-de-coquille-de-bois-neuf\/\" \/>\n<meta property=\"og:site_name\" content=\"JH - ITC GmbH\" \/>\n<meta property=\"article:publisher\" content=\"https:\/\/www.facebook.com\/schalungshandel\" \/>\n<meta property=\"og:image\" content=\"https:\/\/stage.jh-itc.de\/wp-content\/uploads\/2020\/11\/Manto1.jpg\" \/>\n\t<meta property=\"og:image:width\" content=\"1080\" \/>\n\t<meta property=\"og:image:height\" content=\"1440\" \/>\n\t<meta property=\"og:image:type\" content=\"image\/jpeg\" \/>\n<meta name=\"twitter:card\" content=\"summary_large_image\" \/>\n<meta name=\"twitter:site\" content=\"@JH_ITC\" \/>\n<!-- \/ Yoast SEO plugin. -->","yoast_head_json":{"title":"H\u00fcnnebeck Manto avec une nouvelle peau de coque en bois - JH - ITC GmbH","description":"Coffrage H\u00fcnnebeck Manto. Fabricant renomm\u00e9 \u2714 Coffrages neufs et d'occasion \u2714 Demandez un devis maintenant !","robots":{"index":"noindex","follow":"follow","max-snippet":"max-snippet:-1","max-image-preview":"max-image-preview:large","max-video-preview":"max-video-preview:-1"},"og_locale":"fr_FR","og_type":"article","og_title":"H\u00fcnnebeck Manto avec une nouvelle peau de coque en bois - JH - ITC GmbH","og_description":"Coffrage H\u00fcnnebeck Manto. Fabricant renomm\u00e9 \u2714 Coffrages neufs et d'occasion \u2714 Demandez un devis maintenant !","og_url":"https:\/\/stage.jh-itc.de\/fr\/shop\/huennebeck-fr\/huennebeck-manto-fr\/huennebeck-manto-avec-peau-de-coquille-de-bois-neuf\/","og_site_name":"JH - ITC GmbH","article_publisher":"https:\/\/www.facebook.com\/schalungshandel","og_image":[{"width":1080,"height":1440,"url":"https:\/\/stage.jh-itc.de\/wp-content\/uploads\/2020\/11\/Manto1.jpg","type":"image\/jpeg"}],"twitter_card":"summary_large_image","twitter_site":"@JH_ITC","schema":{"@context":"https:\/\/schema.org","@graph":[{"@type":"WebPage","@id":"https:\/\/stage.jh-itc.de\/fr\/shop\/huennebeck-fr\/huennebeck-manto-fr\/huennebeck-manto-avec-peau-de-coquille-de-bois-neuf\/","url":"https:\/\/stage.jh-itc.de\/fr\/shop\/huennebeck-fr\/huennebeck-manto-fr\/huennebeck-manto-avec-peau-de-coquille-de-bois-neuf\/","name":"H\u00fcnnebeck Manto avec une nouvelle peau de coque en bois - JH - ITC GmbH","isPartOf":{"@id":"https:\/\/stage.jh-itc.de\/fr\/#website"},"primaryImageOfPage":{"@id":"https:\/\/stage.jh-itc.de\/fr\/shop\/huennebeck-fr\/huennebeck-manto-fr\/huennebeck-manto-avec-peau-de-coquille-de-bois-neuf\/#primaryimage"},"image":{"@id":"https:\/\/stage.jh-itc.de\/fr\/shop\/huennebeck-fr\/huennebeck-manto-fr\/huennebeck-manto-avec-peau-de-coquille-de-bois-neuf\/#primaryimage"},"thumbnailUrl":"https:\/\/stage.jh-itc.de\/wp-content\/uploads\/2020\/11\/Manto1.jpg","datePublished":"2021-08-30T17:10:54+00:00","description":"Coffrage H\u00fcnnebeck Manto. Fabricant renomm\u00e9 \u2714 Coffrages neufs et d'occasion \u2714 Demandez un devis maintenant !","breadcrumb":{"@id":"https:\/\/stage.jh-itc.de\/fr\/shop\/huennebeck-fr\/huennebeck-manto-fr\/huennebeck-manto-avec-peau-de-coquille-de-bois-neuf\/#breadcrumb"},"inLanguage":"fr-FR","potentialAction":[{"@type":"ReadAction","target":["https:\/\/stage.jh-itc.de\/fr\/shop\/huennebeck-fr\/huennebeck-manto-fr\/huennebeck-manto-avec-peau-de-coquille-de-bois-neuf\/"]}]},{"@type":"ImageObject","inLanguage":"fr-FR","@id":"https:\/\/stage.jh-itc.de\/fr\/shop\/huennebeck-fr\/huennebeck-manto-fr\/huennebeck-manto-avec-peau-de-coquille-de-bois-neuf\/#primaryimage","url":"https:\/\/stage.jh-itc.de\/wp-content\/uploads\/2020\/11\/Manto1.jpg","contentUrl":"https:\/\/stage.jh-itc.de\/wp-content\/uploads\/2020\/11\/Manto1.jpg","width":1080,"height":1440},{"@type":"BreadcrumbList","@id":"https:\/\/stage.jh-itc.de\/fr\/shop\/huennebeck-fr\/huennebeck-manto-fr\/huennebeck-manto-avec-peau-de-coquille-de-bois-neuf\/#breadcrumb","itemListElement":[{"@type":"ListItem","position":1,"name":"Home","item":"https:\/\/stage.jh-itc.de\/fr\/coffrages-etais-et-echafaudages-de-professionnels\/"},{"@type":"ListItem","position":2,"name":"Boutique","item":"https:\/\/stage.jh-itc.de\/fr\/boutique\/"},{"@type":"ListItem","position":3,"name":"H\u00fcnnebeck Manto avec une nouvelle peau de coque en bois"}]},{"@type":"WebSite","@id":"https:\/\/stage.jh-itc.de\/fr\/#website","url":"https:\/\/stage.jh-itc.de\/fr\/","name":"JH - ITC GmbH","description":"Ihr Experte f\u00fcr gebrauchte St\u00fctzen, Schalungen und Ger\u00fcste","publisher":{"@id":"https:\/\/stage.jh-itc.de\/fr\/#organization"},"potentialAction":[{"@type":"SearchAction","target":{"@type":"EntryPoint","urlTemplate":"https:\/\/stage.jh-itc.de\/fr\/?s={search_term_string}"},"query-input":{"@type":"PropertyValueSpecification","valueRequired":true,"valueName":"search_term_string"}}],"inLanguage":"fr-FR"},{"@type":"Organization","@id":"https:\/\/stage.jh-itc.de\/fr\/#organization","name":"JH-ITC GmbH","url":"https:\/\/stage.jh-itc.de\/fr\/","logo":{"@type":"ImageObject","inLanguage":"fr-FR","@id":"https:\/\/stage.jh-itc.de\/fr\/#\/schema\/logo\/image\/","url":"https:\/\/stage.jh-itc.de\/wp-content\/uploads\/2016\/01\/JH-ITC2-1.png","contentUrl":"https:\/\/stage.jh-itc.de\/wp-content\/uploads\/2016\/01\/JH-ITC2-1.png","width":300,"height":102,"caption":"JH-ITC GmbH"},"image":{"@id":"https:\/\/stage.jh-itc.de\/fr\/#\/schema\/logo\/image\/"},"sameAs":["https:\/\/www.facebook.com\/schalungshandel","https:\/\/x.com\/JH_ITC","https:\/\/www.linkedin.com\/in\/jhitc","https:\/\/youtu.be\/rMdZ-FLfI-Y"]}]}},"_links":{"self":[{"href":"https:\/\/stage.jh-itc.de\/fr\/wp-json\/wp\/v2\/product\/36111","targetHints":{"allow":["GET"]}}],"collection":[{"href":"https:\/\/stage.jh-itc.de\/fr\/wp-json\/wp\/v2\/product"}],"about":[{"href":"https:\/\/stage.jh-itc.de\/fr\/wp-json\/wp\/v2\/types\/product"}],"wp:featuredmedia":[{"embeddable":true,"href":"https:\/\/stage.jh-itc.de\/fr\/wp-json\/wp\/v2\/media\/36113"}],"wp:attachment":[{"href":"https:\/\/stage.jh-itc.de\/fr\/wp-json\/wp\/v2\/media?parent=36111"}],"wp:term":[{"taxonomy":"product_brand","embeddable":true,"href":"https:\/\/stage.jh-itc.de\/fr\/wp-json\/wp\/v2\/product_brand?post=36111"},{"taxonomy":"product_cat","embeddable":true,"href":"https:\/\/stage.jh-itc.de\/fr\/wp-json\/wp\/v2\/product_cat?post=36111"},{"taxonomy":"product_tag","embeddable":true,"href":"https:\/\/stage.jh-itc.de\/fr\/wp-json\/wp\/v2\/product_tag?post=36111"}],"curies":[{"name":"wp","href":"https:\/\/api.w.org\/{rel}","templated":true}]}}