{"id":35707,"date":"2020-10-29T14:57:54","date_gmt":"2021-08-30T17:09:59","guid":{"rendered":"https:\/\/www.jh-itc.de\/shop\/non%20class\u00e9\/peri-mp-250-mp-350-mp-625\/"},"modified":"2021-08-30T19:10:08","modified_gmt":"2021-08-30T17:10:08","slug":"peri-mp-250-mp-350-mp-625","status":"publish","type":"product","link":"https:\/\/stage.jh-itc.de\/fr\/shop\/peri-fr\/peri-mp-250-mp-350-mp-625\/","title":{"rendered":"Peri MP 250 + MP 350 + MP 625"},"content":{"rendered":"<p>Les \u00e9tais de sol MULTIPROP peuvent \u00eatre utilis\u00e9s comme \u00e9tais individuels et &#8211; en combinaison avec les cadres MULTIPROP &#8211; comme tours d&#8217;\u00e9taiement ou tours de charge sous les tables. Par rapport aux \u00e9tais de sol en acier tubulaire, le MULTIPROP en aluminium supporte des charges nettement plus \u00e9lev\u00e9es de 90 kN avec un poids mort tr\u00e8s faible. Avec diff\u00e9rentes longueurs de cadre, les tours d&#8217;\u00e9taiement carr\u00e9es et rectangulaires peuvent \u00eatre adapt\u00e9es de mani\u00e8re optimale aux conditions du site. Les cadres servent \u00e9galement de supports de platelage et de protection lat\u00e9rale pour les niveaux de travail.<\/p>\n<p><strong>R\u00e9duction du nombre de supports<\/strong><br \/>\nen raison des charges \u00e9lev\u00e9es admissibles sur les jambes, jusqu&#8217;\u00e0 90 kN.<\/p>\n<p><strong>D\u00e9tails sophistiqu\u00e9s<\/strong><br \/>\nAvec filet autonettoyant, \u00e9crou de r\u00e9glage directionnel et r\u00e9glage progressif.<\/p>\n<p><strong>R\u00e9glage de la longueur pour gagner du temps<\/strong><br \/>\ngr\u00e2ce \u00e0 la bande de mesure int\u00e9gr\u00e9e sur la chambre \u00e0 air, qui indique directement la longueur totale de l&#8217;\u00e9tai.<\/p>\n<p><strong>Raccordement pratique de la cale<\/strong><br \/>\npour le cadre MRK, enti\u00e8rement sans vissage fastidieux<\/p>\n<hr>\n<p>L&#8217;\u00e9tai de plafond l\u00e9ger MULTIPROP en aluminium est disponible en cinq longueurs de syst\u00e8me. Il est principalement utilis\u00e9 comme support unique, pour les tours de charge ou sous les tables. Gr\u00e2ce \u00e0 sa conception brevet\u00e9e sophistiqu\u00e9e, il a une dur\u00e9e de vie nettement sup\u00e9rieure \u00e0 celle des supports en acier tubulaire.<\/p>\n<p><strong>Avantages  <\/strong><\/p>\n<ul>\n<li>L&#8217;\u00e9tai MULTIPROP se caract\u00e9rise par une capacit\u00e9 de charge \u00e9lev\u00e9e avec un poids mort faible.<\/li>\n<li>Un ruban de mesure int\u00e9gr\u00e9 permet un pr\u00e9r\u00e9glage pr\u00e9cis du support sans avoir \u00e0 prendre des mesures fastidieuses.<\/li>\n<li>Le filetage autonettoyant et l&#8217;\u00e9crou robuste \u00e0 rotation rapide permettent de r\u00e9gler facilement la longueur de l&#8217;h\u00e9lice. Pour une utilisation rapide et s\u00fbre, la chambre \u00e0 air est d\u00e9verrouill\u00e9e et retir\u00e9e du bout des doigts, sans avoir \u00e0 repositionner les boulons.<\/li>\n<li>La protection contre les chutes emp\u00eache la chambre \u00e0 air de glisser involontairement pendant le transport.<\/li>\n<li>La protection int\u00e9gr\u00e9e contre le pincement des mains minimise le risque de blessure.<\/li>\n<\/ul>\n<hr>\n<p>Les \u00e9tais de plafond en aluminium peuvent \u00eatre utilis\u00e9s individuellement ou reli\u00e9s \u00e0 des cadres comme tables ou tours de charge. L&#8217;\u00e9tai est constitu\u00e9 d&#8217;un tube ext\u00e9rieur et d&#8217;un tube int\u00e9rieur de m\u00eame g\u00e9om\u00e9trie mais de tailles diff\u00e9rentes : les angles de la section carr\u00e9e sont resserr\u00e9s et permettent de connecter les m\u00eames pinces de serrage du cadre &#8216;Multiprop&#8217; malgr\u00e9 des dimensions diff\u00e9rentes.<\/p>\n<p>Le filet de r\u00e9glage est estamp\u00e9 dans les bords du profil\u00e9 int\u00e9rieur et est \u00e0 nouveau lib\u00e9r\u00e9 par l&#8217;\u00e9crou, m\u00eame si la pi\u00e8ce filet\u00e9e est extr\u00eamement sale.<\/p>\n<p>\u00c0 cette fin, l&#8217;\u00e9crou de r\u00e9glage peut \u00eatre actionn\u00e9 avec une barre de tension servant de levier.<\/p>\n<p>Un ruban de mesure fixe sur le tube int\u00e9rieur permet un pr\u00e9r\u00e9glage pr\u00e9cis sans mesure fastidieuse.<\/p>\n<p>Chaque colonne peut supporter un maximum de 90 kN.<\/p>\n<p>&nbsp;<\/p>\n","protected":false},"excerpt":{"rendered":"<p>Nous proposons les accessoires Peri Multiprop suivants.<\/p>\n<p><strong>17 x Peri MP 250 &#8211; NOUVEAU<\/strong><br \/>\n<strong>  17 x Peri MP 350<\/strong><br \/>\n<strong>444 x Peri MP 625<\/strong><\/p>\n<p>Ils sont en bon \u00e9tat, test\u00e9s et disponibles en stock.<\/p>\n<p>Si vous \u00eates int\u00e9ress\u00e9, veuillez nous envoyer votre demande.<\/p>\n<p>&nbsp;<\/p>\n","protected":false},"featured_media":0,"template":"","meta":[],"product_brand":[],"product_cat":[378,385],"product_tag":[],"class_list":{"0":"post-35707","1":"product","2":"type-product","3":"status-publish","5":"product_cat-peri-fr","6":"product_cat-supports","8":"first","9":"instock","10":"taxable","11":"shipping-taxable","12":"product-type-simple"},"yoast_head":"<!-- This site is optimized with the Yoast SEO plugin v26.5 - https:\/\/yoast.com\/wordpress\/plugins\/seo\/ -->\n<title>Peri MP 250 + MP 350 + MP 625 - JH - ITC GmbH<\/title>\n<meta name=\"description\" content=\"Les \u00e9tais de sol MULTIPROP peuvent \u00eatre utilis\u00e9s comme \u00e9tais individuels et - en combinaison avec les cadres MULTIPROP - comme tours d&#039;\u00e9taiement ou tours de charge sous les tables.\" \/>\n<meta name=\"robots\" content=\"noindex, follow, max-snippet:-1, max-image-preview:large, max-video-preview:-1\" \/>\n<meta property=\"og:locale\" content=\"fr_FR\" \/>\n<meta property=\"og:type\" content=\"article\" \/>\n<meta property=\"og:title\" content=\"Peri MP 250 + MP 350 + MP 625 - JH - ITC GmbH\" \/>\n<meta property=\"og:description\" content=\"Les \u00e9tais de sol MULTIPROP peuvent \u00eatre utilis\u00e9s comme \u00e9tais individuels et - en combinaison avec les cadres MULTIPROP - comme tours d&#039;\u00e9taiement ou tours de charge sous les tables.\" \/>\n<meta property=\"og:url\" content=\"https:\/\/stage.jh-itc.de\/fr\/shop\/peri-fr\/peri-mp-250-mp-350-mp-625\/\" \/>\n<meta property=\"og:site_name\" content=\"JH - ITC GmbH\" \/>\n<meta property=\"article:publisher\" content=\"https:\/\/www.facebook.com\/schalungshandel\" \/>\n<meta property=\"article:modified_time\" content=\"2021-08-30T17:10:08+00:00\" \/>\n<meta property=\"og:image\" content=\"https:\/\/stage.jh-itc.de\/wp-content\/uploads\/2020\/10\/MP250_1-Klein.jpg\" \/>\n\t<meta property=\"og:image:width\" content=\"480\" \/>\n\t<meta property=\"og:image:height\" content=\"640\" \/>\n\t<meta property=\"og:image:type\" content=\"image\/jpeg\" \/>\n<meta name=\"twitter:card\" content=\"summary_large_image\" \/>\n<meta name=\"twitter:site\" content=\"@JH_ITC\" \/>\n<meta name=\"twitter:label1\" content=\"Dur\u00e9e de lecture estim\u00e9e\" \/>\n\t<meta name=\"twitter:data1\" content=\"3 minutes\" \/>\n<!-- \/ Yoast SEO plugin. -->","yoast_head_json":{"title":"Peri MP 250 + MP 350 + MP 625 - JH - ITC GmbH","description":"Les \u00e9tais de sol MULTIPROP peuvent \u00eatre utilis\u00e9s comme \u00e9tais individuels et - en combinaison avec les cadres MULTIPROP - comme tours d'\u00e9taiement ou tours de charge sous les tables.","robots":{"index":"noindex","follow":"follow","max-snippet":"max-snippet:-1","max-image-preview":"max-image-preview:large","max-video-preview":"max-video-preview:-1"},"og_locale":"fr_FR","og_type":"article","og_title":"Peri MP 250 + MP 350 + MP 625 - JH - ITC GmbH","og_description":"Les \u00e9tais de sol MULTIPROP peuvent \u00eatre utilis\u00e9s comme \u00e9tais individuels et - en combinaison avec les cadres MULTIPROP - comme tours d'\u00e9taiement ou tours de charge sous les tables.","og_url":"https:\/\/stage.jh-itc.de\/fr\/shop\/peri-fr\/peri-mp-250-mp-350-mp-625\/","og_site_name":"JH - ITC GmbH","article_publisher":"https:\/\/www.facebook.com\/schalungshandel","article_modified_time":"2021-08-30T17:10:08+00:00","og_image":[{"width":480,"height":640,"url":"https:\/\/stage.jh-itc.de\/wp-content\/uploads\/2020\/10\/MP250_1-Klein.jpg","type":"image\/jpeg"}],"twitter_card":"summary_large_image","twitter_site":"@JH_ITC","twitter_misc":{"Dur\u00e9e de lecture estim\u00e9e":"3 minutes"},"schema":{"@context":"https:\/\/schema.org","@graph":[{"@type":"WebPage","@id":"https:\/\/stage.jh-itc.de\/fr\/shop\/peri-fr\/peri-mp-250-mp-350-mp-625\/","url":"https:\/\/stage.jh-itc.de\/fr\/shop\/peri-fr\/peri-mp-250-mp-350-mp-625\/","name":"Peri MP 250 + MP 350 + MP 625 - JH - ITC GmbH","isPartOf":{"@id":"https:\/\/stage.jh-itc.de\/fr\/#website"},"datePublished":"2021-08-30T17:09:59+00:00","dateModified":"2021-08-30T17:10:08+00:00","description":"Les \u00e9tais de sol MULTIPROP peuvent \u00eatre utilis\u00e9s comme \u00e9tais individuels et - en combinaison avec les cadres MULTIPROP - comme tours d'\u00e9taiement ou tours de charge sous les tables.","breadcrumb":{"@id":"https:\/\/stage.jh-itc.de\/fr\/shop\/peri-fr\/peri-mp-250-mp-350-mp-625\/#breadcrumb"},"inLanguage":"fr-FR","potentialAction":[{"@type":"ReadAction","target":["https:\/\/stage.jh-itc.de\/fr\/shop\/peri-fr\/peri-mp-250-mp-350-mp-625\/"]}]},{"@type":"BreadcrumbList","@id":"https:\/\/stage.jh-itc.de\/fr\/shop\/peri-fr\/peri-mp-250-mp-350-mp-625\/#breadcrumb","itemListElement":[{"@type":"ListItem","position":1,"name":"Home","item":"https:\/\/stage.jh-itc.de\/fr\/coffrages-etais-et-echafaudages-de-professionnels\/"},{"@type":"ListItem","position":2,"name":"Boutique","item":"https:\/\/stage.jh-itc.de\/fr\/boutique\/"},{"@type":"ListItem","position":3,"name":"Peri MP 250 + MP 350 + MP 625"}]},{"@type":"WebSite","@id":"https:\/\/stage.jh-itc.de\/fr\/#website","url":"https:\/\/stage.jh-itc.de\/fr\/","name":"JH - ITC GmbH","description":"Ihr Experte f\u00fcr gebrauchte St\u00fctzen, Schalungen und Ger\u00fcste","publisher":{"@id":"https:\/\/stage.jh-itc.de\/fr\/#organization"},"potentialAction":[{"@type":"SearchAction","target":{"@type":"EntryPoint","urlTemplate":"https:\/\/stage.jh-itc.de\/fr\/?s={search_term_string}"},"query-input":{"@type":"PropertyValueSpecification","valueRequired":true,"valueName":"search_term_string"}}],"inLanguage":"fr-FR"},{"@type":"Organization","@id":"https:\/\/stage.jh-itc.de\/fr\/#organization","name":"JH-ITC GmbH","url":"https:\/\/stage.jh-itc.de\/fr\/","logo":{"@type":"ImageObject","inLanguage":"fr-FR","@id":"https:\/\/stage.jh-itc.de\/fr\/#\/schema\/logo\/image\/","url":"https:\/\/stage.jh-itc.de\/wp-content\/uploads\/2016\/01\/JH-ITC2-1.png","contentUrl":"https:\/\/stage.jh-itc.de\/wp-content\/uploads\/2016\/01\/JH-ITC2-1.png","width":300,"height":102,"caption":"JH-ITC GmbH"},"image":{"@id":"https:\/\/stage.jh-itc.de\/fr\/#\/schema\/logo\/image\/"},"sameAs":["https:\/\/www.facebook.com\/schalungshandel","https:\/\/x.com\/JH_ITC","https:\/\/www.linkedin.com\/in\/jhitc","https:\/\/youtu.be\/rMdZ-FLfI-Y"]}]}},"_links":{"self":[{"href":"https:\/\/stage.jh-itc.de\/fr\/wp-json\/wp\/v2\/product\/35707","targetHints":{"allow":["GET"]}}],"collection":[{"href":"https:\/\/stage.jh-itc.de\/fr\/wp-json\/wp\/v2\/product"}],"about":[{"href":"https:\/\/stage.jh-itc.de\/fr\/wp-json\/wp\/v2\/types\/product"}],"wp:attachment":[{"href":"https:\/\/stage.jh-itc.de\/fr\/wp-json\/wp\/v2\/media?parent=35707"}],"wp:term":[{"taxonomy":"product_brand","embeddable":true,"href":"https:\/\/stage.jh-itc.de\/fr\/wp-json\/wp\/v2\/product_brand?post=35707"},{"taxonomy":"product_cat","embeddable":true,"href":"https:\/\/stage.jh-itc.de\/fr\/wp-json\/wp\/v2\/product_cat?post=35707"},{"taxonomy":"product_tag","embeddable":true,"href":"https:\/\/stage.jh-itc.de\/fr\/wp-json\/wp\/v2\/product_tag?post=35707"}],"curies":[{"name":"wp","href":"https:\/\/api.w.org\/{rel}","templated":true}]}}