{"id":35461,"date":"2021-03-10T18:42:57","date_gmt":"2021-08-30T17:09:47","guid":{"rendered":"https:\/\/www.jh-itc.de\/shop\/non class\u00e9\/coffrage-haegele-xt\/"},"modified":"2021-08-30T19:09:47","modified_gmt":"2021-08-30T17:09:47","slug":"haegele-xt-formwork","status":"publish","type":"product","link":"https:\/\/stage.jh-itc.de\/fr\/shop\/haegele-febe-fr\/haegele-xt-fr\/haegele-xt-formwork\/","title":{"rendered":"Coffrage H\u00e4gele XT"},"content":{"rendered":"<h1>Les \u00e9l\u00e9ments g\u00e9ants jusqu&#8217;\u00e0 6,5 m\u00b2.<\/h1>\n<p>Avec leur profil\u00e9 de cadre de 12 cm de large, les \u00e9l\u00e9ments de la s\u00e9rie XT r\u00e9sistent de mani\u00e8re fiable \u00e0 une pression de b\u00e9ton frais pouvant atteindre 80 kN\/m\u00b2. La s\u00e9rie XT est con\u00e7ue pour le coffrage de grandes surfaces de murs, de circulaires et de colonnes pour le d\u00e9port de grues.<\/p>\n<p>Les \u00e9l\u00e9ments standard de grand format, qui ne n\u00e9cessitent que deux points de serrage \u00e0 la hauteur de l&#8217;\u00e9l\u00e9ment, garantissent des temps de coffrage tr\u00e8s courts d&#8217;environ 0,4 h\/m\u00b2 en utilisant la pince rapide FEBE. Si cela ne suffit pas, prenez l&#8217;\u00e9l\u00e9ment sp\u00e9cial grande surface de 240 x 270 cm et formez 6,5 m\u00b2 avec un seul \u00e9l\u00e9ment.<\/p>\n<p>Pour les cycles de travail qui se r\u00e9p\u00e8tent plus souvent, il est possible d&#8217;utiliser des coins et des boulons pour produire des panneaux de grande surface \u00e0 d\u00e9placer rapidement. La cale et le boulon ne d\u00e9passent pas du cadre du panneau, ce qui permet d&#8217;empiler \u00e0 plat ces ensembles de panneaux les uns sur les autres.<\/p>\n<p>Gr\u00e2ce \u00e0 la production en s\u00e9rie de panneaux de diff\u00e9rentes largeurs, le programme standard permet de r\u00e9aliser pratiquement tous les plans. Pour vous, cela signifie : pas de coffrage sp\u00e9cial co\u00fbteux et pas d&#8217;accessoires \u00e9labor\u00e9s !<\/p>\n<h3>Vos avantages<\/h3>\n<ul>\n<li>6,5 m\u00b2 avec un seul \u00e9l\u00e9ment<\/li>\n<li>jusqu&#8217;\u00e0 80 kN de pression de b\u00e9ton frais !<\/li>\n<li>Coffrage de grande surface \u00e0 montage rapide<\/li>\n<li>Flexibilit\u00e9 gr\u00e2ce \u00e0 de nombreuses largeurs d&#8217;\u00e9l\u00e9ments<\/li>\n<li>\u00c9l\u00e9ment composite plat empilable<\/li>\n<li>peut \u00eatre utilis\u00e9 verticalement et horizontalement<\/li>\n<\/ul>\n","protected":false},"excerpt":{"rendered":"<p>Nous proposons un grand nombre de coffrages H\u00e4gele XT d&#8217;occasion.<\/p>\n<p>Il y a un total de 1.400 m\u00b2 incl. Des accessoires ainsi que des supports de b\u00e9tonnage et des \u00e9triers sont disponibles.<\/p>\n<p>Certains \u00e9l\u00e9ments doivent \u00eatre remis \u00e0 neuf et refaits.<\/p>\n<p>Si vous \u00eates int\u00e9ress\u00e9, veuillez nous envoyer votre demande.<\/p>\n<p>&nbsp;<\/p>\n","protected":false},"featured_media":0,"template":"","meta":[],"product_brand":[],"product_cat":[418,419,377],"product_tag":[],"class_list":{"0":"post-35461","1":"product","2":"type-product","3":"status-publish","5":"product_cat-haegele-febe-fr","6":"product_cat-haegele-xt-fr","7":"product_cat-volets","9":"first","10":"instock","11":"taxable","12":"shipping-taxable","13":"product-type-simple"},"yoast_head":"<!-- This site is optimized with the Yoast SEO plugin v26.5 - https:\/\/yoast.com\/wordpress\/plugins\/seo\/ -->\n<title>Coffrage H\u00e4gele XT - JH - ITC GmbH<\/title>\n<meta name=\"description\" content=\"Coffrage H\u00e4gele XT. Fabricants renomm\u00e9s \u2714 Coffrages, \u00e9taiements, \u00e9chafaudages &amp; machines de chantier neufs &amp; d&#039;occasion \u2714 Demandez une offre maintenant!\" \/>\n<meta name=\"robots\" content=\"noindex, follow, max-snippet:-1, max-image-preview:large, max-video-preview:-1\" \/>\n<meta property=\"og:locale\" content=\"fr_FR\" \/>\n<meta property=\"og:type\" content=\"article\" \/>\n<meta property=\"og:title\" content=\"Coffrage H\u00e4gele XT - JH - ITC GmbH\" \/>\n<meta property=\"og:description\" content=\"Coffrage H\u00e4gele XT. Fabricants renomm\u00e9s \u2714 Coffrages, \u00e9taiements, \u00e9chafaudages &amp; machines de chantier neufs &amp; d&#039;occasion \u2714 Demandez une offre maintenant!\" \/>\n<meta property=\"og:url\" content=\"https:\/\/stage.jh-itc.de\/fr\/shop\/haegele-febe-fr\/haegele-xt-fr\/haegele-xt-formwork\/\" \/>\n<meta property=\"og:site_name\" content=\"JH - ITC GmbH\" \/>\n<meta property=\"article:publisher\" content=\"https:\/\/www.facebook.com\/schalungshandel\" \/>\n<meta name=\"twitter:card\" content=\"summary_large_image\" \/>\n<meta name=\"twitter:site\" content=\"@JH_ITC\" \/>\n<meta name=\"twitter:label1\" content=\"Dur\u00e9e de lecture estim\u00e9e\" \/>\n\t<meta name=\"twitter:data1\" content=\"1 minute\" \/>\n<!-- \/ Yoast SEO plugin. -->","yoast_head_json":{"title":"Coffrage H\u00e4gele XT - JH - ITC GmbH","description":"Coffrage H\u00e4gele XT. Fabricants renomm\u00e9s \u2714 Coffrages, \u00e9taiements, \u00e9chafaudages & machines de chantier neufs & d'occasion \u2714 Demandez une offre maintenant!","robots":{"index":"noindex","follow":"follow","max-snippet":"max-snippet:-1","max-image-preview":"max-image-preview:large","max-video-preview":"max-video-preview:-1"},"og_locale":"fr_FR","og_type":"article","og_title":"Coffrage H\u00e4gele XT - JH - ITC GmbH","og_description":"Coffrage H\u00e4gele XT. Fabricants renomm\u00e9s \u2714 Coffrages, \u00e9taiements, \u00e9chafaudages & machines de chantier neufs & d'occasion \u2714 Demandez une offre maintenant!","og_url":"https:\/\/stage.jh-itc.de\/fr\/shop\/haegele-febe-fr\/haegele-xt-fr\/haegele-xt-formwork\/","og_site_name":"JH - ITC GmbH","article_publisher":"https:\/\/www.facebook.com\/schalungshandel","twitter_card":"summary_large_image","twitter_site":"@JH_ITC","twitter_misc":{"Dur\u00e9e de lecture estim\u00e9e":"1 minute"},"schema":{"@context":"https:\/\/schema.org","@graph":[{"@type":"WebPage","@id":"https:\/\/stage.jh-itc.de\/fr\/shop\/haegele-febe-fr\/haegele-xt-fr\/haegele-xt-formwork\/","url":"https:\/\/stage.jh-itc.de\/fr\/shop\/haegele-febe-fr\/haegele-xt-fr\/haegele-xt-formwork\/","name":"Coffrage H\u00e4gele XT - JH - ITC GmbH","isPartOf":{"@id":"https:\/\/stage.jh-itc.de\/fr\/#website"},"datePublished":"2021-08-30T17:09:47+00:00","description":"Coffrage H\u00e4gele XT. Fabricants renomm\u00e9s \u2714 Coffrages, \u00e9taiements, \u00e9chafaudages & machines de chantier neufs & d'occasion \u2714 Demandez une offre maintenant!","breadcrumb":{"@id":"https:\/\/stage.jh-itc.de\/fr\/shop\/haegele-febe-fr\/haegele-xt-fr\/haegele-xt-formwork\/#breadcrumb"},"inLanguage":"fr-FR","potentialAction":[{"@type":"ReadAction","target":["https:\/\/stage.jh-itc.de\/fr\/shop\/haegele-febe-fr\/haegele-xt-fr\/haegele-xt-formwork\/"]}]},{"@type":"BreadcrumbList","@id":"https:\/\/stage.jh-itc.de\/fr\/shop\/haegele-febe-fr\/haegele-xt-fr\/haegele-xt-formwork\/#breadcrumb","itemListElement":[{"@type":"ListItem","position":1,"name":"Home","item":"https:\/\/stage.jh-itc.de\/fr\/coffrages-etais-et-echafaudages-de-professionnels\/"},{"@type":"ListItem","position":2,"name":"Boutique","item":"https:\/\/stage.jh-itc.de\/fr\/boutique\/"},{"@type":"ListItem","position":3,"name":"Coffrage H\u00e4gele XT"}]},{"@type":"WebSite","@id":"https:\/\/stage.jh-itc.de\/fr\/#website","url":"https:\/\/stage.jh-itc.de\/fr\/","name":"JH - ITC GmbH","description":"Ihr Experte f\u00fcr gebrauchte St\u00fctzen, Schalungen und Ger\u00fcste","publisher":{"@id":"https:\/\/stage.jh-itc.de\/fr\/#organization"},"potentialAction":[{"@type":"SearchAction","target":{"@type":"EntryPoint","urlTemplate":"https:\/\/stage.jh-itc.de\/fr\/?s={search_term_string}"},"query-input":{"@type":"PropertyValueSpecification","valueRequired":true,"valueName":"search_term_string"}}],"inLanguage":"fr-FR"},{"@type":"Organization","@id":"https:\/\/stage.jh-itc.de\/fr\/#organization","name":"JH-ITC GmbH","url":"https:\/\/stage.jh-itc.de\/fr\/","logo":{"@type":"ImageObject","inLanguage":"fr-FR","@id":"https:\/\/stage.jh-itc.de\/fr\/#\/schema\/logo\/image\/","url":"https:\/\/stage.jh-itc.de\/wp-content\/uploads\/2016\/01\/JH-ITC2-1.png","contentUrl":"https:\/\/stage.jh-itc.de\/wp-content\/uploads\/2016\/01\/JH-ITC2-1.png","width":300,"height":102,"caption":"JH-ITC GmbH"},"image":{"@id":"https:\/\/stage.jh-itc.de\/fr\/#\/schema\/logo\/image\/"},"sameAs":["https:\/\/www.facebook.com\/schalungshandel","https:\/\/x.com\/JH_ITC","https:\/\/www.linkedin.com\/in\/jhitc","https:\/\/youtu.be\/rMdZ-FLfI-Y"]}]}},"_links":{"self":[{"href":"https:\/\/stage.jh-itc.de\/fr\/wp-json\/wp\/v2\/product\/35461","targetHints":{"allow":["GET"]}}],"collection":[{"href":"https:\/\/stage.jh-itc.de\/fr\/wp-json\/wp\/v2\/product"}],"about":[{"href":"https:\/\/stage.jh-itc.de\/fr\/wp-json\/wp\/v2\/types\/product"}],"wp:attachment":[{"href":"https:\/\/stage.jh-itc.de\/fr\/wp-json\/wp\/v2\/media?parent=35461"}],"wp:term":[{"taxonomy":"product_brand","embeddable":true,"href":"https:\/\/stage.jh-itc.de\/fr\/wp-json\/wp\/v2\/product_brand?post=35461"},{"taxonomy":"product_cat","embeddable":true,"href":"https:\/\/stage.jh-itc.de\/fr\/wp-json\/wp\/v2\/product_cat?post=35461"},{"taxonomy":"product_tag","embeddable":true,"href":"https:\/\/stage.jh-itc.de\/fr\/wp-json\/wp\/v2\/product_tag?post=35461"}],"curies":[{"name":"wp","href":"https:\/\/api.w.org\/{rel}","templated":true}]}}