{"id":35316,"date":"2020-10-13T18:52:53","date_gmt":"2021-08-30T17:09:37","guid":{"rendered":"https:\/\/www.jh-itc.de\/shop\/non class\u00e9\/tete-de-chute-huennebeck-topec\/"},"modified":"2021-08-30T19:09:37","modified_gmt":"2021-08-30T17:09:37","slug":"huennebeck-topec-fallhead-2","status":"publish","type":"product","link":"https:\/\/stage.jh-itc.de\/fr\/shop\/huennebeck-fr\/huennebeck-topec-fr\/huennebeck-topec-fallhead-2\/","title":{"rendered":"T\u00eate de chute H\u00fcnnebeck Topec"},"content":{"rendered":"<p>Permet de poser plus t\u00f4t les panneaux TOPEC tout en soutenant la dalle.<br \/>\nEn fonction du diam\u00e8tre du tube du support de tube en acier, un boulon TOPEC (r\u00e9f.<br \/>\n20181001) ou un boulon TOPEC D14 (art. no. 20181003) par t\u00eate de chute TOPEC.<\/p>\n","protected":false},"excerpt":{"rendered":"<p>Nous proposons les t\u00eates tombantes H\u00fcnnebeck SGB Topec suivantes<\/p>\n<p>Si vous \u00eates int\u00e9ress\u00e9, veuillez nous envoyer votre demande.<\/p>\n<p>&nbsp;<\/p>\n","protected":false},"featured_media":35366,"template":"","meta":[],"product_brand":[],"product_cat":[380,393,377],"product_tag":[],"class_list":{"0":"post-35316","1":"product","2":"type-product","3":"status-publish","4":"has-post-thumbnail","6":"product_cat-huennebeck-fr","7":"product_cat-huennebeck-topec-fr","8":"product_cat-volets","10":"first","11":"instock","12":"taxable","13":"shipping-taxable","14":"product-type-simple"},"yoast_head":"<!-- This site is optimized with the Yoast SEO plugin v26.5 - https:\/\/yoast.com\/wordpress\/plugins\/seo\/ -->\n<title>T\u00eate de chute H\u00fcnnebeck Topec - JH - ITC GmbH<\/title>\n<meta name=\"description\" content=\"La t\u00eate de chute pour le coffrage de dalles H\u00fcnnebeck Topec\" \/>\n<meta name=\"robots\" content=\"noindex, follow, max-snippet:-1, max-image-preview:large, max-video-preview:-1\" \/>\n<meta property=\"og:locale\" content=\"fr_FR\" \/>\n<meta property=\"og:type\" content=\"article\" \/>\n<meta property=\"og:title\" content=\"T\u00eate de chute H\u00fcnnebeck Topec - JH - ITC GmbH\" \/>\n<meta property=\"og:description\" content=\"La t\u00eate de chute pour le coffrage de dalles H\u00fcnnebeck Topec\" \/>\n<meta property=\"og:url\" content=\"https:\/\/stage.jh-itc.de\/fr\/shop\/huennebeck-fr\/huennebeck-topec-fr\/huennebeck-topec-fallhead-2\/\" \/>\n<meta property=\"og:site_name\" content=\"JH - ITC GmbH\" \/>\n<meta property=\"article:publisher\" content=\"https:\/\/www.facebook.com\/schalungshandel\" \/>\n<meta property=\"og:image\" content=\"https:\/\/stage.jh-itc.de\/wp-content\/uploads\/2020\/10\/Topec-Fallkopf-scaled.jpg\" \/>\n\t<meta property=\"og:image:width\" content=\"2560\" \/>\n\t<meta property=\"og:image:height\" content=\"1440\" \/>\n\t<meta property=\"og:image:type\" content=\"image\/jpeg\" \/>\n<meta name=\"twitter:card\" content=\"summary_large_image\" \/>\n<meta name=\"twitter:site\" content=\"@JH_ITC\" \/>\n<!-- \/ Yoast SEO plugin. -->","yoast_head_json":{"title":"T\u00eate de chute H\u00fcnnebeck Topec - JH - ITC GmbH","description":"La t\u00eate de chute pour le coffrage de dalles H\u00fcnnebeck Topec","robots":{"index":"noindex","follow":"follow","max-snippet":"max-snippet:-1","max-image-preview":"max-image-preview:large","max-video-preview":"max-video-preview:-1"},"og_locale":"fr_FR","og_type":"article","og_title":"T\u00eate de chute H\u00fcnnebeck Topec - JH - ITC GmbH","og_description":"La t\u00eate de chute pour le coffrage de dalles H\u00fcnnebeck Topec","og_url":"https:\/\/stage.jh-itc.de\/fr\/shop\/huennebeck-fr\/huennebeck-topec-fr\/huennebeck-topec-fallhead-2\/","og_site_name":"JH - ITC GmbH","article_publisher":"https:\/\/www.facebook.com\/schalungshandel","og_image":[{"width":2560,"height":1440,"url":"https:\/\/stage.jh-itc.de\/wp-content\/uploads\/2020\/10\/Topec-Fallkopf-scaled.jpg","type":"image\/jpeg"}],"twitter_card":"summary_large_image","twitter_site":"@JH_ITC","schema":{"@context":"https:\/\/schema.org","@graph":[{"@type":"WebPage","@id":"https:\/\/stage.jh-itc.de\/fr\/shop\/huennebeck-fr\/huennebeck-topec-fr\/huennebeck-topec-fallhead-2\/","url":"https:\/\/stage.jh-itc.de\/fr\/shop\/huennebeck-fr\/huennebeck-topec-fr\/huennebeck-topec-fallhead-2\/","name":"T\u00eate de chute H\u00fcnnebeck Topec - JH - ITC GmbH","isPartOf":{"@id":"https:\/\/stage.jh-itc.de\/fr\/#website"},"primaryImageOfPage":{"@id":"https:\/\/stage.jh-itc.de\/fr\/shop\/huennebeck-fr\/huennebeck-topec-fr\/huennebeck-topec-fallhead-2\/#primaryimage"},"image":{"@id":"https:\/\/stage.jh-itc.de\/fr\/shop\/huennebeck-fr\/huennebeck-topec-fr\/huennebeck-topec-fallhead-2\/#primaryimage"},"thumbnailUrl":"https:\/\/stage.jh-itc.de\/wp-content\/uploads\/2020\/10\/Topec-Fallkopf-scaled.jpg","datePublished":"2021-08-30T17:09:37+00:00","description":"La t\u00eate de chute pour le coffrage de dalles H\u00fcnnebeck Topec","breadcrumb":{"@id":"https:\/\/stage.jh-itc.de\/fr\/shop\/huennebeck-fr\/huennebeck-topec-fr\/huennebeck-topec-fallhead-2\/#breadcrumb"},"inLanguage":"fr-FR","potentialAction":[{"@type":"ReadAction","target":["https:\/\/stage.jh-itc.de\/fr\/shop\/huennebeck-fr\/huennebeck-topec-fr\/huennebeck-topec-fallhead-2\/"]}]},{"@type":"ImageObject","inLanguage":"fr-FR","@id":"https:\/\/stage.jh-itc.de\/fr\/shop\/huennebeck-fr\/huennebeck-topec-fr\/huennebeck-topec-fallhead-2\/#primaryimage","url":"https:\/\/stage.jh-itc.de\/wp-content\/uploads\/2020\/10\/Topec-Fallkopf-scaled.jpg","contentUrl":"https:\/\/stage.jh-itc.de\/wp-content\/uploads\/2020\/10\/Topec-Fallkopf-scaled.jpg","width":2560,"height":1440},{"@type":"BreadcrumbList","@id":"https:\/\/stage.jh-itc.de\/fr\/shop\/huennebeck-fr\/huennebeck-topec-fr\/huennebeck-topec-fallhead-2\/#breadcrumb","itemListElement":[{"@type":"ListItem","position":1,"name":"Home","item":"https:\/\/stage.jh-itc.de\/fr\/coffrages-etais-et-echafaudages-de-professionnels\/"},{"@type":"ListItem","position":2,"name":"Boutique","item":"https:\/\/stage.jh-itc.de\/fr\/boutique\/"},{"@type":"ListItem","position":3,"name":"T\u00eate de chute H\u00fcnnebeck Topec"}]},{"@type":"WebSite","@id":"https:\/\/stage.jh-itc.de\/fr\/#website","url":"https:\/\/stage.jh-itc.de\/fr\/","name":"JH - ITC GmbH","description":"Ihr Experte f\u00fcr gebrauchte St\u00fctzen, Schalungen und Ger\u00fcste","publisher":{"@id":"https:\/\/stage.jh-itc.de\/fr\/#organization"},"potentialAction":[{"@type":"SearchAction","target":{"@type":"EntryPoint","urlTemplate":"https:\/\/stage.jh-itc.de\/fr\/?s={search_term_string}"},"query-input":{"@type":"PropertyValueSpecification","valueRequired":true,"valueName":"search_term_string"}}],"inLanguage":"fr-FR"},{"@type":"Organization","@id":"https:\/\/stage.jh-itc.de\/fr\/#organization","name":"JH-ITC GmbH","url":"https:\/\/stage.jh-itc.de\/fr\/","logo":{"@type":"ImageObject","inLanguage":"fr-FR","@id":"https:\/\/stage.jh-itc.de\/fr\/#\/schema\/logo\/image\/","url":"https:\/\/stage.jh-itc.de\/wp-content\/uploads\/2016\/01\/JH-ITC2-1.png","contentUrl":"https:\/\/stage.jh-itc.de\/wp-content\/uploads\/2016\/01\/JH-ITC2-1.png","width":300,"height":102,"caption":"JH-ITC GmbH"},"image":{"@id":"https:\/\/stage.jh-itc.de\/fr\/#\/schema\/logo\/image\/"},"sameAs":["https:\/\/www.facebook.com\/schalungshandel","https:\/\/x.com\/JH_ITC","https:\/\/www.linkedin.com\/in\/jhitc","https:\/\/youtu.be\/rMdZ-FLfI-Y"]}]}},"_links":{"self":[{"href":"https:\/\/stage.jh-itc.de\/fr\/wp-json\/wp\/v2\/product\/35316","targetHints":{"allow":["GET"]}}],"collection":[{"href":"https:\/\/stage.jh-itc.de\/fr\/wp-json\/wp\/v2\/product"}],"about":[{"href":"https:\/\/stage.jh-itc.de\/fr\/wp-json\/wp\/v2\/types\/product"}],"wp:featuredmedia":[{"embeddable":true,"href":"https:\/\/stage.jh-itc.de\/fr\/wp-json\/wp\/v2\/media\/35366"}],"wp:attachment":[{"href":"https:\/\/stage.jh-itc.de\/fr\/wp-json\/wp\/v2\/media?parent=35316"}],"wp:term":[{"taxonomy":"product_brand","embeddable":true,"href":"https:\/\/stage.jh-itc.de\/fr\/wp-json\/wp\/v2\/product_brand?post=35316"},{"taxonomy":"product_cat","embeddable":true,"href":"https:\/\/stage.jh-itc.de\/fr\/wp-json\/wp\/v2\/product_cat?post=35316"},{"taxonomy":"product_tag","embeddable":true,"href":"https:\/\/stage.jh-itc.de\/fr\/wp-json\/wp\/v2\/product_tag?post=35316"}],"curies":[{"name":"wp","href":"https:\/\/api.w.org\/{rel}","templated":true}]}}