{"id":35060,"date":"2020-12-03T12:52:26","date_gmt":"2021-08-30T17:09:18","guid":{"rendered":"https:\/\/www.jh-itc.de\/shop\/non class\u00e9\/meva-alu-star-meva-star-tec\/"},"modified":"2021-08-30T19:09:18","modified_gmt":"2021-08-30T17:09:18","slug":"meva-alu-star-meva-star-tec-2","status":"publish","type":"product","link":"https:\/\/stage.jh-itc.de\/fr\/shop\/meva-fr\/meva-alu-star-fr\/meva-alu-star-meva-star-tec-2\/","title":{"rendered":"Meva Alu Star + Meva Star Tec"},"content":{"rendered":"<table width=\"0\">\n<tbody>\n<tr>\n<td width=\"169\"><strong>Num\u00e9ro d&#8217;article<\/strong><\/td>\n<td width=\"651\"><strong>Description de l&#8217;article<\/strong><\/td>\n<td width=\"135\"><strong>Quantit\u00e9<\/strong><\/td>\n<\/tr>\n<tr>\n<td width=\"169\">2920173<\/td>\n<td width=\"651\">Rail d&#8217;alignement AS 50, galvanis\u00e9<\/td>\n<td width=\"135\">108<\/td>\n<\/tr>\n<tr>\n<td width=\"169\">2910545<\/td>\n<td width=\"651\">Support de volet roulant 23 x 40<\/td>\n<td width=\"135\">8<\/td>\n<\/tr>\n<tr>\n<td width=\"169\">2920175<\/td>\n<td width=\"651\">Rail d&#8217;alignement AS 125, galvanis\u00e9<\/td>\n<td width=\"135\">39<\/td>\n<\/tr>\n<tr>\n<td width=\"169\">2208301<\/td>\n<td width=\"651\">\u00c9l\u00e9ment AS AL 17 270 x 90<\/td>\n<td width=\"135\">96<\/td>\n<\/tr>\n<tr>\n<td width=\"169\">2208401<\/td>\n<td width=\"651\">\u00c9l\u00e9ment AS AL 17 270 x 75<\/td>\n<td width=\"135\">89<\/td>\n<\/tr>\n<tr>\n<td width=\"169\">2208421<\/td>\n<td width=\"651\">\u00c9l\u00e9ment AS AL 17 270 x 60<\/td>\n<td width=\"135\">68<\/td>\n<\/tr>\n<tr>\n<td width=\"169\">2208431<\/td>\n<td width=\"651\">\u00c9l\u00e9ment AS AL 17 270 x 55<\/td>\n<td width=\"135\">55<\/td>\n<\/tr>\n<tr>\n<td width=\"169\">2208434<\/td>\n<td width=\"651\">\u00c9l\u00e9ment AS AL 17 270 x 50<\/td>\n<td width=\"135\">39<\/td>\n<\/tr>\n<tr>\n<td width=\"169\">2208446<\/td>\n<td width=\"651\">\u00c9l\u00e9ment AS AL 17 270 x 45<\/td>\n<td width=\"135\">38<\/td>\n<\/tr>\n<tr>\n<td width=\"169\">2208456<\/td>\n<td width=\"651\">\u00c9l\u00e9ment AS AL 17 270 x 40<\/td>\n<td width=\"135\">39<\/td>\n<\/tr>\n<tr>\n<td width=\"169\">2208471<\/td>\n<td width=\"651\">\u00c9l\u00e9ment AS AL 17 270 x 30<\/td>\n<td width=\"135\">40<\/td>\n<\/tr>\n<tr>\n<td width=\"169\">2208501<\/td>\n<td width=\"651\">\u00c9l\u00e9ment AS AL 17 135 x 90<\/td>\n<td width=\"135\">89<\/td>\n<\/tr>\n<tr>\n<td width=\"169\">2208621<\/td>\n<td width=\"651\">\u00c9l\u00e9ment AS AL 17 135 x 60<\/td>\n<td width=\"135\">26<\/td>\n<\/tr>\n<tr>\n<td width=\"169\">2208631<\/td>\n<td width=\"651\">\u00c9l\u00e9ment AS AL 17 135 x 55<\/td>\n<td width=\"135\">25<\/td>\n<\/tr>\n<tr>\n<td width=\"169\">2208634<\/td>\n<td width=\"651\">\u00c9l\u00e9ment AS AL 17 135 x 50<\/td>\n<td width=\"135\">26<\/td>\n<\/tr>\n<tr>\n<td width=\"169\">2208646<\/td>\n<td width=\"651\">\u00c9l\u00e9ment AS AL 17 135 x 45<\/td>\n<td width=\"135\">30<\/td>\n<\/tr>\n<tr>\n<td width=\"169\">2208656<\/td>\n<td width=\"651\">\u00c9l\u00e9ment AS AL 17 135 x 40<\/td>\n<td width=\"135\">26<\/td>\n<\/tr>\n<tr>\n<td width=\"169\">2208671<\/td>\n<td width=\"651\">\u00c9l\u00e9ment AS AL 17 135 x 30<\/td>\n<td width=\"135\">36<\/td>\n<\/tr>\n<tr>\n<td width=\"169\">2208676<\/td>\n<td width=\"651\">\u00c9l\u00e9ment AS AL 17 135 x 25<\/td>\n<td width=\"135\">2<\/td>\n<\/tr>\n<tr>\n<td width=\"169\">2121226<\/td>\n<td width=\"651\">\u00c9l\u00e9ment multifonctionnel ST AL 17, 270 x 75<\/td>\n<td width=\"135\">20<\/td>\n<\/tr>\n<tr>\n<td width=\"169\">2208701<\/td>\n<td width=\"651\">\u00c9l\u00e9ment AS 90 x 90<\/td>\n<td width=\"135\">40<\/td>\n<\/tr>\n<tr>\n<td width=\"169\">2208726<\/td>\n<td width=\"651\">\u00c9l\u00e9ment AS 90 x 75<\/td>\n<td width=\"135\">36<\/td>\n<\/tr>\n<tr>\n<td width=\"169\">2208741<\/td>\n<td width=\"651\">\u00c9l\u00e9ment AS 90 x 60<\/td>\n<td width=\"135\">25<\/td>\n<\/tr>\n<tr>\n<td width=\"169\">2208746<\/td>\n<td width=\"651\">\u00c9l\u00e9ment AS 90 x 55<\/td>\n<td width=\"135\">26<\/td>\n<\/tr>\n<tr>\n<td width=\"169\">2208751<\/td>\n<td width=\"651\">\u00c9l\u00e9ment AS 90 x 50<\/td>\n<td width=\"135\">26<\/td>\n<\/tr>\n<tr>\n<td width=\"169\">2208756<\/td>\n<td width=\"651\">\u00c9l\u00e9ment AS 90 x 45<\/td>\n<td width=\"135\">25<\/td>\n<\/tr>\n<tr>\n<td width=\"169\">2208761<\/td>\n<td width=\"651\">\u00c9l\u00e9ment AS 90 x 40<\/td>\n<td width=\"135\">16<\/td>\n<\/tr>\n<tr>\n<td width=\"169\">2208771<\/td>\n<td width=\"651\">\u00c9l\u00e9ment AS 90 x 30<\/td>\n<td width=\"135\">30<\/td>\n<\/tr>\n<tr>\n<td width=\"169\">2215044<\/td>\n<td width=\"651\">AS coin int\u00e9rieur 90\/25 AL<\/td>\n<td width=\"135\">11<\/td>\n<\/tr>\n<tr>\n<td width=\"169\">2215034<\/td>\n<td width=\"651\">AS coin int\u00e9rieur 135 x 25 AL<\/td>\n<td width=\"135\">39<\/td>\n<\/tr>\n<tr>\n<td width=\"169\">2214030<\/td>\n<td width=\"651\">AS\/ST coin ext\u00e9rieur 135<\/td>\n<td width=\"135\">25<\/td>\n<\/tr>\n<tr>\n<td width=\"169\">2214035<\/td>\n<td width=\"651\">Angle ext\u00e9rieur 135 x 5 Alu<\/td>\n<td width=\"135\">20<\/td>\n<\/tr>\n<tr>\n<td width=\"169\">2127010<\/td>\n<td width=\"651\">AS coin articul\u00e9 int\u00e9rieur 135 x 30<\/td>\n<td width=\"135\">7<\/td>\n<\/tr>\n<tr>\n<td width=\"169\">2128010<\/td>\n<td width=\"651\">AS coin articul\u00e9 ext\u00e9rieur 135 x 7,5<\/td>\n<td width=\"135\">5<\/td>\n<\/tr>\n<tr>\n<td width=\"169\">2920500<\/td>\n<td width=\"651\">Blocage de l&#8217;assemblage AS<\/td>\n<td width=\"135\">3070<\/td>\n<\/tr>\n<tr>\n<td width=\"169\">2940285<\/td>\n<td width=\"651\">Ancrage avant 23 x 40 jaune<\/td>\n<td width=\"135\">30<\/td>\n<\/tr>\n<tr>\n<td width=\"169\">2920389<\/td>\n<td width=\"651\">Crochet de grue AS<\/td>\n<td width=\"135\">24<\/td>\n<\/tr>\n<tr>\n<td width=\"169\">2120003<\/td>\n<td width=\"651\">\u00c9l\u00e9ment ST AL 20 270 x 240<\/td>\n<td width=\"135\">42<\/td>\n<\/tr>\n<tr>\n<td width=\"169\">2120006<\/td>\n<td width=\"651\">\u00c9l\u00e9ment ST AL 20 270 x 135<\/td>\n<td width=\"135\">44<\/td>\n<\/tr>\n<tr>\n<td width=\"169\">2125105<\/td>\n<td width=\"651\">ST coin int\u00e9rieur 270 x 25 AL<\/td>\n<td width=\"135\">30<\/td>\n<\/tr>\n<tr>\n<td width=\"169\">2214020<\/td>\n<td width=\"651\">AS\/ST coin ext\u00e9rieur 270<\/td>\n<td width=\"135\">31<\/td>\n<\/tr>\n<tr>\n<td width=\"169\">2940085<\/td>\n<td width=\"651\">Verrouillage de l&#8217;assemblage unitaire 22<\/td>\n<td width=\"135\">470<\/td>\n<\/tr>\n<tr>\n<td width=\"169\">2940110<\/td>\n<td width=\"651\">Vis de la bride 18<\/td>\n<td width=\"135\">986<\/td>\n<\/tr>\n<tr>\n<td width=\"169\">2940250<\/td>\n<td width=\"651\">Rail de guidage M 250, galvanis\u00e9<\/td>\n<td width=\"135\">47<\/td>\n<\/tr>\n<tr>\n<td width=\"169\">2990010<\/td>\n<td width=\"651\">\u00c9crou \u00e0 bride articul\u00e9 15 x 120 (SW 27)<\/td>\n<td width=\"135\">1824<\/td>\n<\/tr>\n<tr>\n<td width=\"169\">2990141<\/td>\n<td width=\"651\">Uni-claw<\/td>\n<td width=\"135\">303<\/td>\n<\/tr>\n<tr>\n<td width=\"169\">2910600<\/td>\n<td width=\"651\">Support de roulement 90 (jaune), galv.<\/td>\n<td width=\"135\">137<\/td>\n<\/tr>\n<tr>\n<td width=\"169\">2910550<\/td>\n<td width=\"651\">Support de volet roulant 40 x 60<\/td>\n<td width=\"135\">44<\/td>\n<\/tr>\n<tr>\n<td width=\"169\">2910600<\/td>\n<td width=\"651\">Support de roulement 90 (jaune), galv.<\/td>\n<td width=\"135\">147<\/td>\n<\/tr>\n<tr>\n<td width=\"169\">2910880<\/td>\n<td width=\"651\">Attelle SRL 120 (90-150)<\/td>\n<td width=\"135\">100<\/td>\n<\/tr>\n<tr>\n<td width=\"169\">2910960<\/td>\n<td width=\"651\">H\u00e9lice \u00e0 poussoir R 250 (190-320)<\/td>\n<td width=\"135\">100<\/td>\n<\/tr>\n<tr>\n<td width=\"169\">2940232<\/td>\n<td width=\"651\">Plaque de base \u00e0 double articulation (\u00d8 RS jusqu&#8217;\u00e0 57mm)<\/td>\n<td width=\"135\">102<\/td>\n<\/tr>\n<tr>\n<td width=\"169\">4241350<\/td>\n<td width=\"651\">Boulon de t\u00eate 16 x 90 galv.<\/td>\n<td width=\"135\">545<\/td>\n<\/tr>\n<tr>\n<td width=\"169\">2980485<\/td>\n<td width=\"651\">Joint de raccordement<\/td>\n<td width=\"135\">193<\/td>\n<\/tr>\n<tr>\n<td width=\"169\">2700020<\/td>\n<td width=\"651\">Cadre d&#8217;empilage (Barelle)<\/td>\n<td width=\"135\">14<\/td>\n<\/tr>\n<tr>\n<td width=\"169\">2940142<\/td>\n<td width=\"651\">Bouchon de transport 40<\/td>\n<td width=\"135\">28<\/td>\n<\/tr>\n<tr>\n<td width=\"169\">2700010<\/td>\n<td width=\"651\">Bo\u00eete de petites pi\u00e8ces 120\/100<\/td>\n<td width=\"135\">11<\/td>\n<\/tr>\n<\/tbody>\n<\/table>\n","protected":false},"excerpt":{"rendered":"<p>Nous pouvons vous proposer sans engagement les coffrages <strong>Meva Alu Star + Meva Star Tec<\/strong> suivants.<\/p>\n<p>Le coffrage est en tr\u00e8s bon \u00e9tat.<\/p>\n<p>Si vous \u00eates int\u00e9ress\u00e9, nous nous ferons un plaisir de vous envoyer votre demande.<\/p>\n<p>&nbsp;<\/p>\n","protected":false},"featured_media":35140,"template":"","meta":[],"product_brand":[],"product_cat":[408,414,415,377],"product_tag":[],"class_list":{"0":"post-35060","1":"product","2":"type-product","3":"status-publish","4":"has-post-thumbnail","6":"product_cat-meva-fr","7":"product_cat-meva-alu-star-fr","8":"product_cat-meva-star-tec-fr","9":"product_cat-volets","11":"first","12":"instock","13":"taxable","14":"shipping-taxable","15":"product-type-simple"},"yoast_head":"<!-- This site is optimized with the Yoast SEO plugin v26.5 - https:\/\/yoast.com\/wordpress\/plugins\/seo\/ -->\n<title>Meva Alu Star + Meva Star Tec - JH - ITC GmbH<\/title>\n<meta name=\"description\" content=\"Meva Alu Star + Meva Star Tec. Fabricants renomm\u00e9s \u2714 Coffrages, \u00e9taiements, \u00e9chafaudages &amp; machines de chantier neufs &amp; d&#039;occasion \u2714 Demandez une offre maintenant!\" \/>\n<meta name=\"robots\" content=\"noindex, follow, max-snippet:-1, max-image-preview:large, max-video-preview:-1\" \/>\n<meta property=\"og:locale\" content=\"fr_FR\" \/>\n<meta property=\"og:type\" content=\"article\" \/>\n<meta property=\"og:title\" content=\"Meva Alu Star + Meva Star Tec - JH - ITC GmbH\" \/>\n<meta property=\"og:description\" content=\"Meva Alu Star + Meva Star Tec. Fabricants renomm\u00e9s \u2714 Coffrages, \u00e9taiements, \u00e9chafaudages &amp; machines de chantier neufs &amp; d&#039;occasion \u2714 Demandez une offre maintenant!\" \/>\n<meta property=\"og:url\" content=\"https:\/\/stage.jh-itc.de\/fr\/shop\/meva-fr\/meva-alu-star-fr\/meva-alu-star-meva-star-tec-2\/\" \/>\n<meta property=\"og:site_name\" content=\"JH - ITC GmbH\" \/>\n<meta property=\"article:publisher\" content=\"https:\/\/www.facebook.com\/schalungshandel\" \/>\n<meta property=\"og:image\" content=\"https:\/\/stage.jh-itc.de\/wp-content\/uploads\/2020\/12\/Meva-Alu-Star-7.jpg\" \/>\n\t<meta property=\"og:image:width\" content=\"983\" \/>\n\t<meta property=\"og:image:height\" content=\"437\" \/>\n\t<meta property=\"og:image:type\" content=\"image\/jpeg\" \/>\n<meta name=\"twitter:card\" content=\"summary_large_image\" \/>\n<meta name=\"twitter:site\" content=\"@JH_ITC\" \/>\n<meta name=\"twitter:label1\" content=\"Dur\u00e9e de lecture estim\u00e9e\" \/>\n\t<meta name=\"twitter:data1\" content=\"1 minute\" \/>\n<!-- \/ Yoast SEO plugin. -->","yoast_head_json":{"title":"Meva Alu Star + Meva Star Tec - JH - ITC GmbH","description":"Meva Alu Star + Meva Star Tec. Fabricants renomm\u00e9s \u2714 Coffrages, \u00e9taiements, \u00e9chafaudages & machines de chantier neufs & d'occasion \u2714 Demandez une offre maintenant!","robots":{"index":"noindex","follow":"follow","max-snippet":"max-snippet:-1","max-image-preview":"max-image-preview:large","max-video-preview":"max-video-preview:-1"},"og_locale":"fr_FR","og_type":"article","og_title":"Meva Alu Star + Meva Star Tec - JH - ITC GmbH","og_description":"Meva Alu Star + Meva Star Tec. Fabricants renomm\u00e9s \u2714 Coffrages, \u00e9taiements, \u00e9chafaudages & machines de chantier neufs & d'occasion \u2714 Demandez une offre maintenant!","og_url":"https:\/\/stage.jh-itc.de\/fr\/shop\/meva-fr\/meva-alu-star-fr\/meva-alu-star-meva-star-tec-2\/","og_site_name":"JH - ITC GmbH","article_publisher":"https:\/\/www.facebook.com\/schalungshandel","og_image":[{"width":983,"height":437,"url":"https:\/\/stage.jh-itc.de\/wp-content\/uploads\/2020\/12\/Meva-Alu-Star-7.jpg","type":"image\/jpeg"}],"twitter_card":"summary_large_image","twitter_site":"@JH_ITC","twitter_misc":{"Dur\u00e9e de lecture estim\u00e9e":"1 minute"},"schema":{"@context":"https:\/\/schema.org","@graph":[{"@type":"WebPage","@id":"https:\/\/stage.jh-itc.de\/fr\/shop\/meva-fr\/meva-alu-star-fr\/meva-alu-star-meva-star-tec-2\/","url":"https:\/\/stage.jh-itc.de\/fr\/shop\/meva-fr\/meva-alu-star-fr\/meva-alu-star-meva-star-tec-2\/","name":"Meva Alu Star + Meva Star Tec - JH - ITC GmbH","isPartOf":{"@id":"https:\/\/stage.jh-itc.de\/fr\/#website"},"primaryImageOfPage":{"@id":"https:\/\/stage.jh-itc.de\/fr\/shop\/meva-fr\/meva-alu-star-fr\/meva-alu-star-meva-star-tec-2\/#primaryimage"},"image":{"@id":"https:\/\/stage.jh-itc.de\/fr\/shop\/meva-fr\/meva-alu-star-fr\/meva-alu-star-meva-star-tec-2\/#primaryimage"},"thumbnailUrl":"https:\/\/stage.jh-itc.de\/wp-content\/uploads\/2020\/12\/Meva-Alu-Star-7.jpg","datePublished":"2021-08-30T17:09:18+00:00","description":"Meva Alu Star + Meva Star Tec. Fabricants renomm\u00e9s \u2714 Coffrages, \u00e9taiements, \u00e9chafaudages & machines de chantier neufs & d'occasion \u2714 Demandez une offre maintenant!","breadcrumb":{"@id":"https:\/\/stage.jh-itc.de\/fr\/shop\/meva-fr\/meva-alu-star-fr\/meva-alu-star-meva-star-tec-2\/#breadcrumb"},"inLanguage":"fr-FR","potentialAction":[{"@type":"ReadAction","target":["https:\/\/stage.jh-itc.de\/fr\/shop\/meva-fr\/meva-alu-star-fr\/meva-alu-star-meva-star-tec-2\/"]}]},{"@type":"ImageObject","inLanguage":"fr-FR","@id":"https:\/\/stage.jh-itc.de\/fr\/shop\/meva-fr\/meva-alu-star-fr\/meva-alu-star-meva-star-tec-2\/#primaryimage","url":"https:\/\/stage.jh-itc.de\/wp-content\/uploads\/2020\/12\/Meva-Alu-Star-7.jpg","contentUrl":"https:\/\/stage.jh-itc.de\/wp-content\/uploads\/2020\/12\/Meva-Alu-Star-7.jpg","width":983,"height":437},{"@type":"BreadcrumbList","@id":"https:\/\/stage.jh-itc.de\/fr\/shop\/meva-fr\/meva-alu-star-fr\/meva-alu-star-meva-star-tec-2\/#breadcrumb","itemListElement":[{"@type":"ListItem","position":1,"name":"Home","item":"https:\/\/stage.jh-itc.de\/fr\/coffrages-etais-et-echafaudages-de-professionnels\/"},{"@type":"ListItem","position":2,"name":"Boutique","item":"https:\/\/stage.jh-itc.de\/fr\/boutique\/"},{"@type":"ListItem","position":3,"name":"Meva Alu Star + Meva Star Tec"}]},{"@type":"WebSite","@id":"https:\/\/stage.jh-itc.de\/fr\/#website","url":"https:\/\/stage.jh-itc.de\/fr\/","name":"JH - ITC GmbH","description":"Ihr Experte f\u00fcr gebrauchte St\u00fctzen, Schalungen und Ger\u00fcste","publisher":{"@id":"https:\/\/stage.jh-itc.de\/fr\/#organization"},"potentialAction":[{"@type":"SearchAction","target":{"@type":"EntryPoint","urlTemplate":"https:\/\/stage.jh-itc.de\/fr\/?s={search_term_string}"},"query-input":{"@type":"PropertyValueSpecification","valueRequired":true,"valueName":"search_term_string"}}],"inLanguage":"fr-FR"},{"@type":"Organization","@id":"https:\/\/stage.jh-itc.de\/fr\/#organization","name":"JH-ITC GmbH","url":"https:\/\/stage.jh-itc.de\/fr\/","logo":{"@type":"ImageObject","inLanguage":"fr-FR","@id":"https:\/\/stage.jh-itc.de\/fr\/#\/schema\/logo\/image\/","url":"https:\/\/stage.jh-itc.de\/wp-content\/uploads\/2016\/01\/JH-ITC2-1.png","contentUrl":"https:\/\/stage.jh-itc.de\/wp-content\/uploads\/2016\/01\/JH-ITC2-1.png","width":300,"height":102,"caption":"JH-ITC GmbH"},"image":{"@id":"https:\/\/stage.jh-itc.de\/fr\/#\/schema\/logo\/image\/"},"sameAs":["https:\/\/www.facebook.com\/schalungshandel","https:\/\/x.com\/JH_ITC","https:\/\/www.linkedin.com\/in\/jhitc","https:\/\/youtu.be\/rMdZ-FLfI-Y"]}]}},"_links":{"self":[{"href":"https:\/\/stage.jh-itc.de\/fr\/wp-json\/wp\/v2\/product\/35060","targetHints":{"allow":["GET"]}}],"collection":[{"href":"https:\/\/stage.jh-itc.de\/fr\/wp-json\/wp\/v2\/product"}],"about":[{"href":"https:\/\/stage.jh-itc.de\/fr\/wp-json\/wp\/v2\/types\/product"}],"wp:featuredmedia":[{"embeddable":true,"href":"https:\/\/stage.jh-itc.de\/fr\/wp-json\/wp\/v2\/media\/35140"}],"wp:attachment":[{"href":"https:\/\/stage.jh-itc.de\/fr\/wp-json\/wp\/v2\/media?parent=35060"}],"wp:term":[{"taxonomy":"product_brand","embeddable":true,"href":"https:\/\/stage.jh-itc.de\/fr\/wp-json\/wp\/v2\/product_brand?post=35060"},{"taxonomy":"product_cat","embeddable":true,"href":"https:\/\/stage.jh-itc.de\/fr\/wp-json\/wp\/v2\/product_cat?post=35060"},{"taxonomy":"product_tag","embeddable":true,"href":"https:\/\/stage.jh-itc.de\/fr\/wp-json\/wp\/v2\/product_tag?post=35060"}],"curies":[{"name":"wp","href":"https:\/\/api.w.org\/{rel}","templated":true}]}}