{"id":34873,"date":"2020-12-02T08:43:28","date_gmt":"2021-08-30T17:09:12","guid":{"rendered":"https:\/\/www.jh-itc.de\/shop\/non%20class\u00e9\/layher-speedyscaf\/"},"modified":"2023-02-15T15:53:24","modified_gmt":"2023-02-15T14:53:24","slug":"layher-flitz-geruest","status":"publish","type":"product","link":"https:\/\/stage.jh-itc.de\/fr\/shop\/echafaudage\/layher-fr\/layher-flitz-geruest\/","title":{"rendered":"Layher SpeedyScaf"},"content":{"rendered":"","protected":false},"excerpt":{"rendered":"<p>Nous proposons un grand nombre de mat\u00e9riel Layher SpeedyScaf d&#8217;occasion.<\/p>\n<table style=\"width: 61.5784%; height: 1054px;\" width=\"778\">\n<tbody>\n<tr>\n<td style=\"width: 13.8518%;\" width=\"81\">Num\u00e9ro d&#8217;article<\/td>\n<td style=\"width: 40.3402%;\" width=\"359\">Description de l&#8217;article<\/td>\n<td style=\"width: 6.68287%;\" width=\"51\">Quantit\u00e9<\/td>\n<td style=\"width: 10.2066%;\" width=\"82\">Prix original<\/td>\n<td style=\"width: 14.9453%;\" width=\"93\">Prix total<\/td>\n<td style=\"width: 3.40219%;\" width=\"51\">kg<\/td>\n<td style=\"width: 8.38396%;\" width=\"61\">Total kg<\/td>\n<\/tr>\n<tr>\n<td style=\"width: 13.8518%;\">1700200<\/td>\n<td style=\"width: 40.3402%;\">EuroBlitz cadre standard en acier 2,00 x 0,73m, 2 bo\u00eetes de rampe<\/td>\n<td style=\"width: 6.68287%;\">102<\/td>\n<td style=\"width: 10.2066%;\">61,90 EUR<\/td>\n<td style=\"width: 14.9453%;\">6 313,80 EUROS<\/td>\n<td style=\"width: 3.40219%;\">18,80<\/td>\n<td style=\"width: 8.38396%;\">1.917,60<\/td>\n<\/tr>\n<tr>\n<td style=\"width: 13.8518%;\">1700066<\/td>\n<td style=\"width: 40.3402%;\">EuroBlitz cadre d&#8217;\u00e9quilibrage acier 0,66 x 0,73m<\/td>\n<td style=\"width: 6.68287%;\">1<\/td>\n<td style=\"width: 10.2066%;\">54,80 EUR<\/td>\n<td style=\"width: 14.9453%;\">54,80 EUR<\/td>\n<td style=\"width: 3.40219%;\">9,30<\/td>\n<td style=\"width: 8.38396%;\">9,30<\/td>\n<\/tr>\n<tr>\n<td style=\"width: 13.8518%;\">1700101<\/td>\n<td style=\"width: 40.3402%;\">Cadre d&#8217;\u00e9quilibrage EuroBlitz en acier 1,00 x 0,73m<\/td>\n<td style=\"width: 6.68287%;\">1<\/td>\n<td style=\"width: 10.2066%;\">59,90 EUR<\/td>\n<td style=\"width: 14.9453%;\">59,90 EUR<\/td>\n<td style=\"width: 3.40219%;\">11,90<\/td>\n<td style=\"width: 8.38396%;\">11,90<\/td>\n<\/tr>\n<tr>\n<td style=\"width: 13.8518%;\">3812307<\/td>\n<td style=\"width: 40.3402%;\">Plancher en acier en U T4, 3.07 x 0.32m<\/td>\n<td style=\"width: 6.68287%;\">61<\/td>\n<td style=\"width: 10.2066%;\">69,20 EUR<\/td>\n<td style=\"width: 14.9453%;\">4 221,20 EUROS<\/td>\n<td style=\"width: 3.40219%;\">21,50<\/td>\n<td style=\"width: 8.38396%;\">1.311,50<\/td>\n<\/tr>\n<tr>\n<td style=\"width: 13.8518%;\">3835307<\/td>\n<td style=\"width: 40.3402%;\">Plancher en U 3.07 x 0.61m<\/td>\n<td style=\"width: 6.68287%;\">15<\/td>\n<td style=\"width: 10.2066%;\">155,90 EUR<\/td>\n<td style=\"width: 14.9453%;\">2 338,50 EUR<\/td>\n<td style=\"width: 3.40219%;\">24,20<\/td>\n<td style=\"width: 8.38396%;\">363,00<\/td>\n<\/tr>\n<tr>\n<td style=\"width: 13.8518%;\">1725307<\/td>\n<td style=\"width: 40.3402%;\">Garde-corps en acier 3,07m<\/td>\n<td style=\"width: 6.68287%;\">31<\/td>\n<td style=\"width: 10.2066%;\">17,20 EUR<\/td>\n<td style=\"width: 14.9453%;\">533,20 EUROS<\/td>\n<td style=\"width: 3.40219%;\">5,60<\/td>\n<td style=\"width: 8.38396%;\">173,60<\/td>\n<\/tr>\n<tr>\n<td style=\"width: 13.8518%;\">1728307<\/td>\n<td style=\"width: 40.3402%;\">Double rampe en acier 3,07 x 0,50m<\/td>\n<td style=\"width: 6.68287%;\">37<\/td>\n<td style=\"width: 10.2066%;\">46,30 EUROS<\/td>\n<td style=\"width: 14.9453%;\">1 713,10 EUROS<\/td>\n<td style=\"width: 3.40219%;\">14,10<\/td>\n<td style=\"width: 8.38396%;\">521,70<\/td>\n<\/tr>\n<tr>\n<td style=\"width: 13.8518%;\">1725073<\/td>\n<td style=\"width: 40.3402%;\">Rampe d&#8217;extr\u00e9mit\u00e9 0,73m<\/td>\n<td style=\"width: 6.68287%;\">9<\/td>\n<td style=\"width: 10.2066%;\">18,40 EUR<\/td>\n<td style=\"width: 14.9453%;\">165,60 EUROS<\/td>\n<td style=\"width: 3.40219%;\">2,20<\/td>\n<td style=\"width: 8.38396%;\">19,80<\/td>\n<\/tr>\n<tr>\n<td style=\"width: 13.8518%;\">1728722<\/td>\n<td style=\"width: 40.3402%;\">Rampe \u00e0 double extr\u00e9mit\u00e9 SW22 0,73m<\/td>\n<td style=\"width: 6.68287%;\">3<\/td>\n<td style=\"width: 10.2066%;\">27,90 EUR<\/td>\n<td style=\"width: 14.9453%;\">83,70 EUROS<\/td>\n<td style=\"width: 3.40219%;\">4,40<\/td>\n<td style=\"width: 8.38396%;\">13,20<\/td>\n<\/tr>\n<tr>\n<td style=\"width: 13.8518%;\">1757307<\/td>\n<td style=\"width: 40.3402%;\">Planche de bord pour le c\u00f4t\u00e9 long 3.07 x 0.15m<\/td>\n<td style=\"width: 6.68287%;\">51<\/td>\n<td style=\"width: 10.2066%;\">16,90 EUR<\/td>\n<td style=\"width: 14.9453%;\">861,90 EUROS<\/td>\n<td style=\"width: 3.40219%;\">6,80<\/td>\n<td style=\"width: 8.38396%;\">346,80<\/td>\n<\/tr>\n<tr>\n<td style=\"width: 13.8518%;\">1736307<\/td>\n<td style=\"width: 40.3402%;\">Diagonale avec demi-accouplement cun\u00e9iforme 3.07\/2.00m<\/td>\n<td style=\"width: 6.68287%;\">21<\/td>\n<td style=\"width: 10.2066%;\">31,80 EUR<\/td>\n<td style=\"width: 14.9453%;\">667,80 EUROS<\/td>\n<td style=\"width: 3.40219%;\">8,30<\/td>\n<td style=\"width: 8.38396%;\">174,30<\/td>\n<\/tr>\n<tr>\n<td style=\"width: 13.8518%;\">1755069<\/td>\n<td style=\"width: 40.3402%;\">Ancre de foudre<\/td>\n<td style=\"width: 6.68287%;\">1<\/td>\n<td style=\"width: 10.2066%;\">12,40 EUR<\/td>\n<td style=\"width: 14.9453%;\">12,40 EUR<\/td>\n<td style=\"width: 3.40219%;\">2,80<\/td>\n<td style=\"width: 8.38396%;\">2,80<\/td>\n<\/tr>\n<tr>\n<td style=\"width: 13.8518%;\">1719073<\/td>\n<td style=\"width: 40.3402%;\">Support de rampe EuroBlitz 0,73m acier<\/td>\n<td style=\"width: 6.68287%;\">23<\/td>\n<td style=\"width: 10.2066%;\">35,50 EUR<\/td>\n<td style=\"width: 14.9453%;\">816,50 EUROS<\/td>\n<td style=\"width: 3.40219%;\">6,50<\/td>\n<td style=\"width: 8.38396%;\">149,50<\/td>\n<\/tr>\n<tr>\n<td style=\"width: 13.8518%;\"><\/td>\n<td style=\"width: 40.3402%;\">Racks d&#8217;empilage laxistes<\/td>\n<td style=\"width: 6.68287%;\">16<\/td>\n<td style=\"width: 10.2066%;\">250,00 EUR<\/td>\n<td style=\"width: 14.9453%;\">4 000,00 EUR<\/td>\n<td style=\"width: 3.40219%;\">65,00<\/td>\n<td style=\"width: 8.38396%;\">1.040,00<\/td>\n<\/tr>\n<tr>\n<td style=\"width: 13.8518%;\"><\/td>\n<td style=\"width: 40.3402%;\"><\/td>\n<td style=\"width: 6.68287%;\"><\/td>\n<td style=\"width: 10.2066%;\"><\/td>\n<td style=\"width: 14.9453%;\"><\/td>\n<td style=\"width: 3.40219%;\"><\/td>\n<td style=\"width: 8.38396%;\"><\/td>\n<\/tr>\n<tr>\n<td style=\"width: 13.8518%;\"><\/td>\n<td style=\"width: 40.3402%;\">Prix original<\/td>\n<td style=\"width: 6.68287%;\"><\/td>\n<td style=\"width: 10.2066%;\"><\/td>\n<td style=\"width: 14.9453%;\">21 842,40 EUROS<\/td>\n<td style=\"width: 3.40219%;\"><\/td>\n<td style=\"width: 8.38396%;\"><\/td>\n<\/tr>\n<tr>\n<td style=\"width: 13.8518%;\"><\/td>\n<td style=\"width: 40.3402%;\">Remise en pourcentage<\/td>\n<td style=\"width: 6.68287%;\">65<\/td>\n<td style=\"width: 10.2066%;\"><\/td>\n<td style=\"width: 14.9453%;\">14 197,56 EUROS<\/td>\n<td style=\"width: 3.40219%;\"><\/td>\n<td style=\"width: 8.38396%;\"><\/td>\n<\/tr>\n<tr>\n<td style=\"width: 13.8518%;\"><\/td>\n<td style=\"width: 40.3402%;\"><\/td>\n<td style=\"width: 6.68287%;\"><\/td>\n<td style=\"width: 10.2066%;\"><\/td>\n<td style=\"width: 14.9453%;\"><\/td>\n<td style=\"width: 3.40219%;\"><\/td>\n<td style=\"width: 8.38396%;\"><\/td>\n<\/tr>\n<tr>\n<td style=\"width: 13.8518%;\"><\/td>\n<td style=\"width: 40.3402%;\">Prix de vente net :<\/td>\n<td style=\"width: 6.68287%;\"><\/td>\n<td style=\"width: 10.2066%;\"><\/td>\n<td style=\"width: 14.9453%;\">7 644,84 EUROS<\/td>\n<td style=\"width: 3.40219%;\"><\/td>\n<td style=\"width: 8.38396%;\">6.055,00<\/td>\n<\/tr>\n<tr>\n<td style=\"width: 13.8518%;\"><\/td>\n<td style=\"width: 40.3402%;\">16 % DE TVA<\/td>\n<td style=\"width: 6.68287%;\"><\/td>\n<td style=\"width: 10.2066%;\"><\/td>\n<td style=\"width: 14.9453%;\">4 586,90 EUROS<\/td>\n<td style=\"width: 3.40219%;\"><\/td>\n<td style=\"width: 8.38396%;\"><\/td>\n<\/tr>\n<tr>\n<td style=\"width: 13.8518%;\"><\/td>\n<td style=\"width: 40.3402%;\">Prix de vente brut :<\/td>\n<td style=\"width: 6.68287%;\"><\/td>\n<td style=\"width: 10.2066%;\"><\/td>\n<td style=\"width: 14.9453%;\">12 231,74 EUROS<\/td>\n<td style=\"width: 3.40219%;\"><\/td>\n<td style=\"width: 8.38396%;\"><\/td>\n<\/tr>\n<\/tbody>\n<\/table>\n<p>Si vous \u00eates int\u00e9ress\u00e9, veuillez nous envoyer votre demande.<\/p>\n","protected":false},"featured_media":34992,"template":"","meta":[],"product_brand":[],"product_cat":[376,394],"product_tag":[],"class_list":{"0":"post-34873","1":"product","2":"type-product","3":"status-publish","4":"has-post-thumbnail","6":"product_cat-echafaudage","7":"product_cat-layher-fr","9":"first","10":"outofstock","11":"taxable","12":"shipping-taxable","13":"product-type-simple"},"yoast_head":"<!-- This site is optimized with the Yoast SEO plugin v26.5 - https:\/\/yoast.com\/wordpress\/plugins\/seo\/ -->\n<title>Layher SpeedyScaf - JH - ITC GmbH<\/title>\n<meta name=\"description\" content=\"Layher SpeedyScaf. Fabricants renomm\u00e9s \u2714 Coffrages, \u00e9taiements, \u00e9chafaudages &amp; machines de chantier neufs &amp; d&#039;occasion \u2714 Demandez une offre maintenant!\" \/>\n<meta name=\"robots\" content=\"noindex, follow, max-snippet:-1, max-image-preview:large, max-video-preview:-1\" \/>\n<meta property=\"og:locale\" content=\"fr_FR\" \/>\n<meta property=\"og:type\" content=\"article\" \/>\n<meta property=\"og:title\" content=\"Layher SpeedyScaf - JH - ITC GmbH\" \/>\n<meta property=\"og:description\" content=\"Layher SpeedyScaf. Fabricants renomm\u00e9s \u2714 Coffrages, \u00e9taiements, \u00e9chafaudages &amp; machines de chantier neufs &amp; d&#039;occasion \u2714 Demandez une offre maintenant!\" \/>\n<meta property=\"og:url\" content=\"https:\/\/stage.jh-itc.de\/fr\/shop\/echafaudage\/layher-fr\/layher-flitz-geruest\/\" \/>\n<meta property=\"og:site_name\" content=\"JH - ITC GmbH\" \/>\n<meta property=\"article:publisher\" content=\"https:\/\/www.facebook.com\/schalungshandel\" \/>\n<meta property=\"article:modified_time\" content=\"2023-02-15T14:53:24+00:00\" \/>\n<meta property=\"og:image\" content=\"https:\/\/stage.jh-itc.de\/wp-content\/uploads\/2020\/12\/Layher-Blittz-Geruest-1-rotated.jpeg\" \/>\n\t<meta property=\"og:image:width\" content=\"768\" \/>\n\t<meta property=\"og:image:height\" content=\"1024\" \/>\n\t<meta property=\"og:image:type\" content=\"image\/jpeg\" \/>\n<meta name=\"twitter:card\" content=\"summary_large_image\" \/>\n<meta name=\"twitter:site\" content=\"@JH_ITC\" \/>\n<!-- \/ Yoast SEO plugin. -->","yoast_head_json":{"title":"Layher SpeedyScaf - JH - ITC GmbH","description":"Layher SpeedyScaf. Fabricants renomm\u00e9s \u2714 Coffrages, \u00e9taiements, \u00e9chafaudages & machines de chantier neufs & d'occasion \u2714 Demandez une offre maintenant!","robots":{"index":"noindex","follow":"follow","max-snippet":"max-snippet:-1","max-image-preview":"max-image-preview:large","max-video-preview":"max-video-preview:-1"},"og_locale":"fr_FR","og_type":"article","og_title":"Layher SpeedyScaf - JH - ITC GmbH","og_description":"Layher SpeedyScaf. Fabricants renomm\u00e9s \u2714 Coffrages, \u00e9taiements, \u00e9chafaudages & machines de chantier neufs & d'occasion \u2714 Demandez une offre maintenant!","og_url":"https:\/\/stage.jh-itc.de\/fr\/shop\/echafaudage\/layher-fr\/layher-flitz-geruest\/","og_site_name":"JH - ITC GmbH","article_publisher":"https:\/\/www.facebook.com\/schalungshandel","article_modified_time":"2023-02-15T14:53:24+00:00","og_image":[{"width":768,"height":1024,"url":"https:\/\/stage.jh-itc.de\/wp-content\/uploads\/2020\/12\/Layher-Blittz-Geruest-1-rotated.jpeg","type":"image\/jpeg"}],"twitter_card":"summary_large_image","twitter_site":"@JH_ITC","schema":{"@context":"https:\/\/schema.org","@graph":[{"@type":"WebPage","@id":"https:\/\/stage.jh-itc.de\/fr\/shop\/echafaudage\/layher-fr\/layher-flitz-geruest\/","url":"https:\/\/stage.jh-itc.de\/fr\/shop\/echafaudage\/layher-fr\/layher-flitz-geruest\/","name":"Layher SpeedyScaf - JH - ITC GmbH","isPartOf":{"@id":"https:\/\/stage.jh-itc.de\/fr\/#website"},"primaryImageOfPage":{"@id":"https:\/\/stage.jh-itc.de\/fr\/shop\/echafaudage\/layher-fr\/layher-flitz-geruest\/#primaryimage"},"image":{"@id":"https:\/\/stage.jh-itc.de\/fr\/shop\/echafaudage\/layher-fr\/layher-flitz-geruest\/#primaryimage"},"thumbnailUrl":"https:\/\/stage.jh-itc.de\/wp-content\/uploads\/2020\/12\/Layher-Blittz-Geruest-1-rotated.jpeg","datePublished":"2021-08-30T17:09:12+00:00","dateModified":"2023-02-15T14:53:24+00:00","description":"Layher SpeedyScaf. Fabricants renomm\u00e9s \u2714 Coffrages, \u00e9taiements, \u00e9chafaudages & machines de chantier neufs & d'occasion \u2714 Demandez une offre maintenant!","breadcrumb":{"@id":"https:\/\/stage.jh-itc.de\/fr\/shop\/echafaudage\/layher-fr\/layher-flitz-geruest\/#breadcrumb"},"inLanguage":"fr-FR","potentialAction":[{"@type":"ReadAction","target":["https:\/\/stage.jh-itc.de\/fr\/shop\/echafaudage\/layher-fr\/layher-flitz-geruest\/"]}]},{"@type":"ImageObject","inLanguage":"fr-FR","@id":"https:\/\/stage.jh-itc.de\/fr\/shop\/echafaudage\/layher-fr\/layher-flitz-geruest\/#primaryimage","url":"https:\/\/stage.jh-itc.de\/wp-content\/uploads\/2020\/12\/Layher-Blittz-Geruest-1-rotated.jpeg","contentUrl":"https:\/\/stage.jh-itc.de\/wp-content\/uploads\/2020\/12\/Layher-Blittz-Geruest-1-rotated.jpeg","width":768,"height":1024},{"@type":"BreadcrumbList","@id":"https:\/\/stage.jh-itc.de\/fr\/shop\/echafaudage\/layher-fr\/layher-flitz-geruest\/#breadcrumb","itemListElement":[{"@type":"ListItem","position":1,"name":"Home","item":"https:\/\/stage.jh-itc.de\/fr\/coffrages-etais-et-echafaudages-de-professionnels\/"},{"@type":"ListItem","position":2,"name":"Boutique","item":"https:\/\/stage.jh-itc.de\/fr\/boutique\/"},{"@type":"ListItem","position":3,"name":"Layher SpeedyScaf"}]},{"@type":"WebSite","@id":"https:\/\/stage.jh-itc.de\/fr\/#website","url":"https:\/\/stage.jh-itc.de\/fr\/","name":"JH - ITC GmbH","description":"Ihr Experte f\u00fcr gebrauchte St\u00fctzen, Schalungen und Ger\u00fcste","publisher":{"@id":"https:\/\/stage.jh-itc.de\/fr\/#organization"},"potentialAction":[{"@type":"SearchAction","target":{"@type":"EntryPoint","urlTemplate":"https:\/\/stage.jh-itc.de\/fr\/?s={search_term_string}"},"query-input":{"@type":"PropertyValueSpecification","valueRequired":true,"valueName":"search_term_string"}}],"inLanguage":"fr-FR"},{"@type":"Organization","@id":"https:\/\/stage.jh-itc.de\/fr\/#organization","name":"JH-ITC GmbH","url":"https:\/\/stage.jh-itc.de\/fr\/","logo":{"@type":"ImageObject","inLanguage":"fr-FR","@id":"https:\/\/stage.jh-itc.de\/fr\/#\/schema\/logo\/image\/","url":"https:\/\/stage.jh-itc.de\/wp-content\/uploads\/2016\/01\/JH-ITC2-1.png","contentUrl":"https:\/\/stage.jh-itc.de\/wp-content\/uploads\/2016\/01\/JH-ITC2-1.png","width":300,"height":102,"caption":"JH-ITC GmbH"},"image":{"@id":"https:\/\/stage.jh-itc.de\/fr\/#\/schema\/logo\/image\/"},"sameAs":["https:\/\/www.facebook.com\/schalungshandel","https:\/\/x.com\/JH_ITC","https:\/\/www.linkedin.com\/in\/jhitc","https:\/\/youtu.be\/rMdZ-FLfI-Y"]}]}},"_links":{"self":[{"href":"https:\/\/stage.jh-itc.de\/fr\/wp-json\/wp\/v2\/product\/34873","targetHints":{"allow":["GET"]}}],"collection":[{"href":"https:\/\/stage.jh-itc.de\/fr\/wp-json\/wp\/v2\/product"}],"about":[{"href":"https:\/\/stage.jh-itc.de\/fr\/wp-json\/wp\/v2\/types\/product"}],"wp:featuredmedia":[{"embeddable":true,"href":"https:\/\/stage.jh-itc.de\/fr\/wp-json\/wp\/v2\/media\/34992"}],"wp:attachment":[{"href":"https:\/\/stage.jh-itc.de\/fr\/wp-json\/wp\/v2\/media?parent=34873"}],"wp:term":[{"taxonomy":"product_brand","embeddable":true,"href":"https:\/\/stage.jh-itc.de\/fr\/wp-json\/wp\/v2\/product_brand?post=34873"},{"taxonomy":"product_cat","embeddable":true,"href":"https:\/\/stage.jh-itc.de\/fr\/wp-json\/wp\/v2\/product_cat?post=34873"},{"taxonomy":"product_tag","embeddable":true,"href":"https:\/\/stage.jh-itc.de\/fr\/wp-json\/wp\/v2\/product_tag?post=34873"}],"curies":[{"name":"wp","href":"https:\/\/api.w.org\/{rel}","templated":true}]}}