{"id":34851,"date":"2020-11-02T23:20:29","date_gmt":"2021-08-30T17:09:10","guid":{"rendered":"https:\/\/www.jh-itc.de\/shop\/non class\u00e9\/huennebeck-topec-utilise-avec-la-peau-de-coffrage-ecoply\/"},"modified":"2021-08-30T19:09:10","modified_gmt":"2021-08-30T17:09:10","slug":"topec-huennebeck-usage-avec-ecoply-shell-skin","status":"publish","type":"product","link":"https:\/\/stage.jh-itc.de\/fr\/shop\/huennebeck-fr\/huennebeck-topec-fr\/topec-huennebeck-usage-avec-ecoply-shell-skin\/","title":{"rendered":"H\u00fcnnebeck Topec utilis\u00e9 avec la peau de coffrage Ecoply"},"content":{"rendered":"<div class=\"container\">\n<div class=\"row\">\n<div class=\"col-sm-12 col-md-10 col-md-offset-1\">\n<div class=\"sectionTitle\">\n<div class=\"simpleArticle large txtLeft fadeInTop aniDelay2\">\n<p style=\"text-align: left;\" align=\"center\">Avec le coffrage de dalles modulaire TOPEC de H\u00fcnnebeck, le coffrage et le d\u00e9coffrage des dalles sont nettement plus rapides et manifestement plus \u00e9conomiques qu&#8217;avec les syst\u00e8mes de coffrage de dalles traditionnels. En effet, le syst\u00e8me TOPEC ne se compose que de deux \u00e9l\u00e9ments de base &#8211; les panneaux et les supports, avec en option une t\u00eate de chute.<\/p>\n<p style=\"text-align: left;\" align=\"center\">Vous obtenez des r\u00e9sultats parfaits en quelques \u00e9tapes seulement.<\/p>\n<\/div>\n<\/div>\n<\/div>\n<\/div>\n<\/div>\n","protected":false},"excerpt":{"rendered":"<p>Nous proposons un lot de <strong>coffrages de dalles modulaires H\u00fcnnebeck Topec d<\/strong> &#8216;occasion <strong>avec coffrage Ecoply<\/strong>.<\/p>\n<p>Veuillez demander la liste actuelle.<\/p>\n<table style=\"width: 54.5054%;\" width=\"537\">\n<tbody>\n<tr>\n<td style=\"width: 21.3084%;\" width=\"86\">Num\u00e9ro d&#8217;article<\/td>\n<td style=\"width: 33.6449%;\" width=\"193\">Description de l&#8217;article<\/td>\n<td style=\"width: 32.849%;\" width=\"185\">Description<\/td>\n<td style=\"width: 43.3123%;\" width=\"73\">Quantit\u00e9<\/td>\n<\/tr>\n<tr>\n<td style=\"width: 21.3084%;\">565434<\/td>\n<td style=\"width: 33.6449%;\">Tige de montage en aluminium 365<\/td>\n<td style=\"width: 32.849%;\">TOPEC alu errection rod 365<\/td>\n<td style=\"width: 43.3123%;\">8<\/td>\n<\/tr>\n<tr>\n<td style=\"width: 21.3084%;\">487890<\/td>\n<td style=\"width: 33.6449%;\">Faisceau de compensation 180<\/td>\n<td style=\"width: 32.849%;\">Poutre de r\u00e9glage TOPEC 180<\/td>\n<td style=\"width: 43.3123%;\">83<\/td>\n<\/tr>\n<tr>\n<td style=\"width: 21.3084%;\">487880<\/td>\n<td style=\"width: 33.6449%;\">Poutre d&#8217;\u00e9quilibrage 90<\/td>\n<td style=\"width: 32.849%;\">Poutre de r\u00e9glage TOPEC 90<\/td>\n<td style=\"width: 43.3123%;\">75<\/td>\n<\/tr>\n<tr>\n<td style=\"width: 21.3084%;\">448628<\/td>\n<td style=\"width: 33.6449%;\">Raccordement de la balustrade S<\/td>\n<td style=\"width: 32.849%;\">Joint de base du poteau de la balustrade S<\/td>\n<td style=\"width: 43.3123%;\">120<\/td>\n<\/tr>\n<tr>\n<td style=\"width: 21.3084%;\">422558<\/td>\n<td style=\"width: 33.6449%;\">Sabot de poup\u00e9e fixe<\/td>\n<td style=\"width: 32.849%;\">Chaussure de soutien de la t\u00eate TOPEC<\/td>\n<td style=\"width: 43.3123%;\">143<\/td>\n<\/tr>\n<tr>\n<td style=\"width: 21.3084%;\">487673<\/td>\n<td style=\"width: 33.6449%;\">Palier de bord N<\/td>\n<td style=\"width: 32.849%;\">Support de bord N<\/td>\n<td style=\"width: 43.3123%;\">1030<\/td>\n<\/tr>\n<tr>\n<td style=\"width: 21.3084%;\">602676<\/td>\n<td style=\"width: 33.6449%;\">Panneau de compensation TOPEC E 90 x 180<\/td>\n<td style=\"width: 32.849%;\">Panneau de r\u00e9glage TOPEC Q 90 x 180<\/td>\n<td style=\"width: 43.3123%;\">130<\/td>\n<\/tr>\n<tr>\n<td style=\"width: 21.3084%;\">602677<\/td>\n<td style=\"width: 33.6449%;\">Panneau de compensation TOPEC E 90 x 90<\/td>\n<td style=\"width: 32.849%;\">Panneau de r\u00e9glage TOPEC Q 90 x 90<\/td>\n<td style=\"width: 43.3123%;\">6<\/td>\n<\/tr>\n<tr>\n<td style=\"width: 21.3084%;\">602667<\/td>\n<td style=\"width: 33.6449%;\">TOPEC E grand panneau 180 x 180<\/td>\n<td style=\"width: 32.849%;\">Panneau TOPEC Q 180 x 180<\/td>\n<td style=\"width: 43.3123%;\">529<\/td>\n<\/tr>\n<tr>\n<td style=\"width: 21.3084%;\"><\/td>\n<td style=\"width: 33.6449%;\">Planche TOPEC E 180 x 30<\/td>\n<td style=\"width: 32.849%;\">Planche TOPEC E 180 x 30<\/td>\n<td style=\"width: 43.3123%;\">40<\/td>\n<\/tr>\n<tr>\n<td style=\"width: 21.3084%;\">602671<\/td>\n<td style=\"width: 33.6449%;\">Planche TOPEC E 180 x 45<\/td>\n<td style=\"width: 32.849%;\">Panneau TOPEC Q 180 x 45<\/td>\n<td style=\"width: 43.3123%;\">152<\/td>\n<\/tr>\n<tr>\n<td style=\"width: 21.3084%;\">602670<\/td>\n<td style=\"width: 33.6449%;\">Planche TOPEC E 180 x 60<\/td>\n<td style=\"width: 32.849%;\">Panneau TOPEC Q 180 x 60<\/td>\n<td style=\"width: 43.3123%;\">171<\/td>\n<\/tr>\n<tr>\n<td style=\"width: 21.3084%;\">602669<\/td>\n<td style=\"width: 33.6449%;\">Planche TOPEC E 180 x 75<\/td>\n<td style=\"width: 32.849%;\">Panneau TOPEC Q 180 x 75<\/td>\n<td style=\"width: 43.3123%;\">110<\/td>\n<\/tr>\n<tr>\n<td style=\"width: 21.3084%;\">602668<\/td>\n<td style=\"width: 33.6449%;\">Planche TOPEC E 180 x 90<\/td>\n<td style=\"width: 32.849%;\">Panneau TOPEC Q 180 x 90<\/td>\n<td style=\"width: 43.3123%;\">1300<\/td>\n<\/tr>\n<tr>\n<td style=\"width: 21.3084%;\"><\/td>\n<td style=\"width: 33.6449%;\">Planche TOPEC E 90 x 30<\/td>\n<td style=\"width: 32.849%;\">Panneau TOPEC Q 90 x 30<\/td>\n<td style=\"width: 43.3123%;\">23<\/td>\n<\/tr>\n<tr>\n<td style=\"width: 21.3084%;\">602675<\/td>\n<td style=\"width: 33.6449%;\">Planche TOPEC E 90 x 45<\/td>\n<td style=\"width: 32.849%;\">Panneau TOPEC Q 90 x 45<\/td>\n<td style=\"width: 43.3123%;\">37<\/td>\n<\/tr>\n<tr>\n<td style=\"width: 21.3084%;\">452693<\/td>\n<td style=\"width: 33.6449%;\">S\u00e9curisation du soutien<\/td>\n<td style=\"width: 32.849%;\">Support d&#8217;h\u00e9lice TOPEC<\/td>\n<td style=\"width: 43.3123%;\">200<\/td>\n<\/tr>\n<tr>\n<td style=\"width: 21.3084%;\">602674<\/td>\n<td style=\"width: 33.6449%;\">Planche TOPEC E 90 x 60<\/td>\n<td style=\"width: 32.849%;\">Panneau TOPEC Q 90 x 60<\/td>\n<td style=\"width: 43.3123%;\">29<\/td>\n<\/tr>\n<tr>\n<td style=\"width: 21.3084%;\">602673<\/td>\n<td style=\"width: 33.6449%;\">Planche TOPEC E 90 x 75<\/td>\n<td style=\"width: 32.849%;\">Panneau TOPEC Q 90 x 75<\/td>\n<td style=\"width: 43.3123%;\">26<\/td>\n<\/tr>\n<tr>\n<td style=\"width: 21.3084%;\">602672<\/td>\n<td style=\"width: 33.6449%;\">Planche TOPEC E 90 x 90<\/td>\n<td style=\"width: 32.849%;\">Panneau TOPEC Q 90 x 90<\/td>\n<td style=\"width: 43.3123%;\">49<\/td>\n<\/tr>\n<tr>\n<td style=\"width: 21.3084%;\">496220<\/td>\n<td style=\"width: 33.6449%;\">Palier de balustrade<\/td>\n<td style=\"width: 32.849%;\">Palier TOPEC pour garde-corps<\/td>\n<td style=\"width: 43.3123%;\">40<\/td>\n<\/tr>\n<tr>\n<td style=\"width: 21.3084%;\">602120<\/td>\n<td style=\"width: 33.6449%;\">T\u00eate de chute TOPEC<\/td>\n<td style=\"width: 32.849%;\">T\u00eate de chute TOPEC<\/td>\n<td style=\"width: 43.3123%;\">0<\/td>\n<\/tr>\n<tr>\n<td style=\"width: 21.3084%;\">588474<\/td>\n<td style=\"width: 33.6449%;\">Chaussure de main courante TOPEC<\/td>\n<td style=\"width: 32.849%;\">sabot de rampe TOPEC<\/td>\n<td style=\"width: 43.3123%;\">96<\/td>\n<\/tr>\n<tr>\n<td style=\"width: 21.3084%;\">465410<\/td>\n<td style=\"width: 33.6449%;\">Topeclager<\/td>\n<td style=\"width: 32.849%;\">Roulement TOPEC<\/td>\n<td style=\"width: 43.3123%;\">2989<\/td>\n<\/tr>\n<tr>\n<td style=\"width: 21.3084%;\">492806<\/td>\n<td style=\"width: 33.6449%;\">Traverse TOPEC<\/td>\n<td style=\"width: 32.849%;\">Poutre transversale TOPEC<\/td>\n<td style=\"width: 43.3123%;\">186<\/td>\n<\/tr>\n<\/tbody>\n<\/table>\n<p>Si vous \u00eates int\u00e9ress\u00e9, veuillez nous envoyer votre demande.<\/p>\n","protected":false},"featured_media":34875,"template":"","meta":[],"product_brand":[],"product_cat":[380,393,377],"product_tag":[],"class_list":{"0":"post-34851","1":"product","2":"type-product","3":"status-publish","4":"has-post-thumbnail","6":"product_cat-huennebeck-fr","7":"product_cat-huennebeck-topec-fr","8":"product_cat-volets","10":"first","11":"instock","12":"taxable","13":"shipping-taxable","14":"product-type-simple"},"yoast_head":"<!-- This site is optimized with the Yoast SEO plugin v26.5 - https:\/\/yoast.com\/wordpress\/plugins\/seo\/ -->\n<title>H\u00fcnnebeck Topec utilis\u00e9 avec la peau de coffrage Ecoply - JH - ITC GmbH<\/title>\n<meta name=\"description\" content=\"Avec le coffrage de dalles modulaire TOPEC de H\u00fcnnebeck, le coffrage et le d\u00e9coffrage des dalles sont nettement plus rapides et manifestement plus \u00e9conomiques qu&#039;avec les syst\u00e8mes de coffrage de dalles traditionnels. Fabricants renomm\u00e9s \u2714 Coffrages neufs et d&#039;occasion \u2714 Demandez un devis maintenant !\" \/>\n<meta name=\"robots\" content=\"noindex, follow, max-snippet:-1, max-image-preview:large, max-video-preview:-1\" \/>\n<meta property=\"og:locale\" content=\"fr_FR\" \/>\n<meta property=\"og:type\" content=\"article\" \/>\n<meta property=\"og:title\" content=\"H\u00fcnnebeck Topec utilis\u00e9 avec la peau de coffrage Ecoply - JH - ITC GmbH\" \/>\n<meta property=\"og:description\" content=\"Avec le coffrage de dalles modulaire TOPEC de H\u00fcnnebeck, le coffrage et le d\u00e9coffrage des dalles sont nettement plus rapides et manifestement plus \u00e9conomiques qu&#039;avec les syst\u00e8mes de coffrage de dalles traditionnels. Fabricants renomm\u00e9s \u2714 Coffrages neufs et d&#039;occasion \u2714 Demandez un devis maintenant !\" \/>\n<meta property=\"og:url\" content=\"https:\/\/stage.jh-itc.de\/fr\/shop\/huennebeck-fr\/huennebeck-topec-fr\/topec-huennebeck-usage-avec-ecoply-shell-skin\/\" \/>\n<meta property=\"og:site_name\" content=\"JH - ITC GmbH\" \/>\n<meta property=\"article:publisher\" content=\"https:\/\/www.facebook.com\/schalungshandel\" \/>\n<meta property=\"og:image\" content=\"https:\/\/stage.jh-itc.de\/wp-content\/uploads\/2020\/11\/Topec-with-Plastic-Ply-17.jpeg\" \/>\n\t<meta property=\"og:image:width\" content=\"640\" \/>\n\t<meta property=\"og:image:height\" content=\"480\" \/>\n\t<meta property=\"og:image:type\" content=\"image\/jpeg\" \/>\n<meta name=\"twitter:card\" content=\"summary_large_image\" \/>\n<meta name=\"twitter:site\" content=\"@JH_ITC\" \/>\n<!-- \/ Yoast SEO plugin. -->","yoast_head_json":{"title":"H\u00fcnnebeck Topec utilis\u00e9 avec la peau de coffrage Ecoply - JH - ITC GmbH","description":"Avec le coffrage de dalles modulaire TOPEC de H\u00fcnnebeck, le coffrage et le d\u00e9coffrage des dalles sont nettement plus rapides et manifestement plus \u00e9conomiques qu'avec les syst\u00e8mes de coffrage de dalles traditionnels. Fabricants renomm\u00e9s \u2714 Coffrages neufs et d'occasion \u2714 Demandez un devis maintenant !","robots":{"index":"noindex","follow":"follow","max-snippet":"max-snippet:-1","max-image-preview":"max-image-preview:large","max-video-preview":"max-video-preview:-1"},"og_locale":"fr_FR","og_type":"article","og_title":"H\u00fcnnebeck Topec utilis\u00e9 avec la peau de coffrage Ecoply - JH - ITC GmbH","og_description":"Avec le coffrage de dalles modulaire TOPEC de H\u00fcnnebeck, le coffrage et le d\u00e9coffrage des dalles sont nettement plus rapides et manifestement plus \u00e9conomiques qu'avec les syst\u00e8mes de coffrage de dalles traditionnels. Fabricants renomm\u00e9s \u2714 Coffrages neufs et d'occasion \u2714 Demandez un devis maintenant !","og_url":"https:\/\/stage.jh-itc.de\/fr\/shop\/huennebeck-fr\/huennebeck-topec-fr\/topec-huennebeck-usage-avec-ecoply-shell-skin\/","og_site_name":"JH - ITC GmbH","article_publisher":"https:\/\/www.facebook.com\/schalungshandel","og_image":[{"width":640,"height":480,"url":"https:\/\/stage.jh-itc.de\/wp-content\/uploads\/2020\/11\/Topec-with-Plastic-Ply-17.jpeg","type":"image\/jpeg"}],"twitter_card":"summary_large_image","twitter_site":"@JH_ITC","schema":{"@context":"https:\/\/schema.org","@graph":[{"@type":"WebPage","@id":"https:\/\/stage.jh-itc.de\/fr\/shop\/huennebeck-fr\/huennebeck-topec-fr\/topec-huennebeck-usage-avec-ecoply-shell-skin\/","url":"https:\/\/stage.jh-itc.de\/fr\/shop\/huennebeck-fr\/huennebeck-topec-fr\/topec-huennebeck-usage-avec-ecoply-shell-skin\/","name":"H\u00fcnnebeck Topec utilis\u00e9 avec la peau de coffrage Ecoply - JH - ITC GmbH","isPartOf":{"@id":"https:\/\/stage.jh-itc.de\/fr\/#website"},"primaryImageOfPage":{"@id":"https:\/\/stage.jh-itc.de\/fr\/shop\/huennebeck-fr\/huennebeck-topec-fr\/topec-huennebeck-usage-avec-ecoply-shell-skin\/#primaryimage"},"image":{"@id":"https:\/\/stage.jh-itc.de\/fr\/shop\/huennebeck-fr\/huennebeck-topec-fr\/topec-huennebeck-usage-avec-ecoply-shell-skin\/#primaryimage"},"thumbnailUrl":"https:\/\/stage.jh-itc.de\/wp-content\/uploads\/2020\/11\/Topec-with-Plastic-Ply-17.jpeg","datePublished":"2021-08-30T17:09:10+00:00","description":"Avec le coffrage de dalles modulaire TOPEC de H\u00fcnnebeck, le coffrage et le d\u00e9coffrage des dalles sont nettement plus rapides et manifestement plus \u00e9conomiques qu'avec les syst\u00e8mes de coffrage de dalles traditionnels. Fabricants renomm\u00e9s \u2714 Coffrages neufs et d'occasion \u2714 Demandez un devis maintenant !","breadcrumb":{"@id":"https:\/\/stage.jh-itc.de\/fr\/shop\/huennebeck-fr\/huennebeck-topec-fr\/topec-huennebeck-usage-avec-ecoply-shell-skin\/#breadcrumb"},"inLanguage":"fr-FR","potentialAction":[{"@type":"ReadAction","target":["https:\/\/stage.jh-itc.de\/fr\/shop\/huennebeck-fr\/huennebeck-topec-fr\/topec-huennebeck-usage-avec-ecoply-shell-skin\/"]}]},{"@type":"ImageObject","inLanguage":"fr-FR","@id":"https:\/\/stage.jh-itc.de\/fr\/shop\/huennebeck-fr\/huennebeck-topec-fr\/topec-huennebeck-usage-avec-ecoply-shell-skin\/#primaryimage","url":"https:\/\/stage.jh-itc.de\/wp-content\/uploads\/2020\/11\/Topec-with-Plastic-Ply-17.jpeg","contentUrl":"https:\/\/stage.jh-itc.de\/wp-content\/uploads\/2020\/11\/Topec-with-Plastic-Ply-17.jpeg","width":640,"height":480},{"@type":"BreadcrumbList","@id":"https:\/\/stage.jh-itc.de\/fr\/shop\/huennebeck-fr\/huennebeck-topec-fr\/topec-huennebeck-usage-avec-ecoply-shell-skin\/#breadcrumb","itemListElement":[{"@type":"ListItem","position":1,"name":"Home","item":"https:\/\/stage.jh-itc.de\/fr\/coffrages-etais-et-echafaudages-de-professionnels\/"},{"@type":"ListItem","position":2,"name":"Boutique","item":"https:\/\/stage.jh-itc.de\/fr\/boutique\/"},{"@type":"ListItem","position":3,"name":"H\u00fcnnebeck Topec utilis\u00e9 avec la peau de coffrage Ecoply"}]},{"@type":"WebSite","@id":"https:\/\/stage.jh-itc.de\/fr\/#website","url":"https:\/\/stage.jh-itc.de\/fr\/","name":"JH - ITC GmbH","description":"Ihr Experte f\u00fcr gebrauchte St\u00fctzen, Schalungen und Ger\u00fcste","publisher":{"@id":"https:\/\/stage.jh-itc.de\/fr\/#organization"},"potentialAction":[{"@type":"SearchAction","target":{"@type":"EntryPoint","urlTemplate":"https:\/\/stage.jh-itc.de\/fr\/?s={search_term_string}"},"query-input":{"@type":"PropertyValueSpecification","valueRequired":true,"valueName":"search_term_string"}}],"inLanguage":"fr-FR"},{"@type":"Organization","@id":"https:\/\/stage.jh-itc.de\/fr\/#organization","name":"JH-ITC GmbH","url":"https:\/\/stage.jh-itc.de\/fr\/","logo":{"@type":"ImageObject","inLanguage":"fr-FR","@id":"https:\/\/stage.jh-itc.de\/fr\/#\/schema\/logo\/image\/","url":"https:\/\/stage.jh-itc.de\/wp-content\/uploads\/2016\/01\/JH-ITC2-1.png","contentUrl":"https:\/\/stage.jh-itc.de\/wp-content\/uploads\/2016\/01\/JH-ITC2-1.png","width":300,"height":102,"caption":"JH-ITC GmbH"},"image":{"@id":"https:\/\/stage.jh-itc.de\/fr\/#\/schema\/logo\/image\/"},"sameAs":["https:\/\/www.facebook.com\/schalungshandel","https:\/\/x.com\/JH_ITC","https:\/\/www.linkedin.com\/in\/jhitc","https:\/\/youtu.be\/rMdZ-FLfI-Y"]}]}},"_links":{"self":[{"href":"https:\/\/stage.jh-itc.de\/fr\/wp-json\/wp\/v2\/product\/34851","targetHints":{"allow":["GET"]}}],"collection":[{"href":"https:\/\/stage.jh-itc.de\/fr\/wp-json\/wp\/v2\/product"}],"about":[{"href":"https:\/\/stage.jh-itc.de\/fr\/wp-json\/wp\/v2\/types\/product"}],"wp:featuredmedia":[{"embeddable":true,"href":"https:\/\/stage.jh-itc.de\/fr\/wp-json\/wp\/v2\/media\/34875"}],"wp:attachment":[{"href":"https:\/\/stage.jh-itc.de\/fr\/wp-json\/wp\/v2\/media?parent=34851"}],"wp:term":[{"taxonomy":"product_brand","embeddable":true,"href":"https:\/\/stage.jh-itc.de\/fr\/wp-json\/wp\/v2\/product_brand?post=34851"},{"taxonomy":"product_cat","embeddable":true,"href":"https:\/\/stage.jh-itc.de\/fr\/wp-json\/wp\/v2\/product_cat?post=34851"},{"taxonomy":"product_tag","embeddable":true,"href":"https:\/\/stage.jh-itc.de\/fr\/wp-json\/wp\/v2\/product_tag?post=34851"}],"curies":[{"name":"wp","href":"https:\/\/api.w.org\/{rel}","templated":true}]}}