{"id":34588,"date":"2021-04-08T13:48:59","date_gmt":"2021-08-30T17:08:59","guid":{"rendered":"https:\/\/www.jh-itc.de\/shop\/non class\u00e9\/peri-mp-480\/"},"modified":"2021-08-30T19:08:59","modified_gmt":"2021-08-30T17:08:59","slug":"peri-mp-480-2","status":"publish","type":"product","link":"https:\/\/stage.jh-itc.de\/fr\/shop\/peri-fr\/peri-mp-480-2\/","title":{"rendered":"Peri MP 480"},"content":{"rendered":"<p>L&#8217;\u00e9tai de plafond l\u00e9ger MULTIPROP en aluminium est disponible en cinq longueurs de syst\u00e8me. Il est principalement utilis\u00e9 comme support unique, pour les tours de charge ou sous les tables. Gr\u00e2ce \u00e0 sa conception brevet\u00e9e sophistiqu\u00e9e, il a une dur\u00e9e de vie nettement sup\u00e9rieure \u00e0 celle des supports en acier tubulaire.<\/p>\n<h3>Avantages<\/h3>\n<ul>\n<li>L&#8217;\u00e9tai MULTIPROP se caract\u00e9rise par une capacit\u00e9 de charge \u00e9lev\u00e9e, jusqu&#8217;\u00e0 91 kN, avec un poids mort faible.<\/li>\n<li>Un ruban de mesure int\u00e9gr\u00e9 permet un pr\u00e9r\u00e9glage pr\u00e9cis du support sans avoir \u00e0 prendre des mesures fastidieuses.<\/li>\n<li>Le filetage autonettoyant et l&#8217;\u00e9crou robuste \u00e0 rotation rapide permettent de r\u00e9gler facilement la longueur de l&#8217;h\u00e9lice. Pour une utilisation rapide et s\u00fbre, la chambre \u00e0 air est d\u00e9verrouill\u00e9e et retir\u00e9e du bout des doigts, sans avoir \u00e0 repositionner les boulons.<\/li>\n<li>La protection contre les chutes emp\u00eache la chambre \u00e0 air de glisser involontairement pendant le transport.<\/li>\n<li>La protection int\u00e9gr\u00e9e contre le pincement des mains minimise le risque de blessure.<\/li>\n<\/ul>\n","protected":false},"excerpt":{"rendered":"<p>Nous proposons 470 x Peri MP 480 en bon \u00e9tat d&#8217;usage.<\/p>\n<p>Si vous \u00eates int\u00e9ress\u00e9, veuillez nous envoyer votre demande.<\/p>\n","protected":false},"featured_media":34650,"template":"","meta":[],"product_brand":[],"product_cat":[378,397,385],"product_tag":[],"class_list":{"0":"post-34588","1":"product","2":"type-product","3":"status-publish","4":"has-post-thumbnail","6":"product_cat-peri-fr","7":"product_cat-peri-multiprops-fr","8":"product_cat-supports","10":"first","11":"onbackorder","12":"taxable","13":"shipping-taxable","14":"product-type-simple"},"yoast_head":"<!-- This site is optimized with the Yoast SEO plugin v26.5 - https:\/\/yoast.com\/wordpress\/plugins\/seo\/ -->\n<title>Peri MP 480 - JH - ITC GmbH<\/title>\n<meta name=\"description\" content=\"Peri MP 480. Fabricants renomm\u00e9s \u2714 Coffrages, \u00e9taiements, \u00e9chafaudages &amp; machines de chantier neufs &amp; d&#039;occasion \u2714 Demandez une offre maintenant!\" \/>\n<meta name=\"robots\" content=\"noindex, follow, max-snippet:-1, max-image-preview:large, max-video-preview:-1\" \/>\n<meta property=\"og:locale\" content=\"fr_FR\" \/>\n<meta property=\"og:type\" content=\"article\" \/>\n<meta property=\"og:title\" content=\"Peri MP 480 - JH - ITC GmbH\" \/>\n<meta property=\"og:description\" content=\"Peri MP 480. Fabricants renomm\u00e9s \u2714 Coffrages, \u00e9taiements, \u00e9chafaudages &amp; machines de chantier neufs &amp; d&#039;occasion \u2714 Demandez une offre maintenant!\" \/>\n<meta property=\"og:url\" content=\"https:\/\/stage.jh-itc.de\/fr\/shop\/peri-fr\/peri-mp-480-2\/\" \/>\n<meta property=\"og:site_name\" content=\"JH - ITC GmbH\" \/>\n<meta property=\"article:publisher\" content=\"https:\/\/www.facebook.com\/schalungshandel\" \/>\n<meta property=\"og:image\" content=\"https:\/\/stage.jh-itc.de\/wp-content\/uploads\/2021\/04\/Peri-MP-480-2-Klein.jpg\" \/>\n\t<meta property=\"og:image:width\" content=\"640\" \/>\n\t<meta property=\"og:image:height\" content=\"480\" \/>\n\t<meta property=\"og:image:type\" content=\"image\/jpeg\" \/>\n<meta name=\"twitter:card\" content=\"summary_large_image\" \/>\n<meta name=\"twitter:site\" content=\"@JH_ITC\" \/>\n<meta name=\"twitter:label1\" content=\"Dur\u00e9e de lecture estim\u00e9e\" \/>\n\t<meta name=\"twitter:data1\" content=\"1 minute\" \/>\n<!-- \/ Yoast SEO plugin. -->","yoast_head_json":{"title":"Peri MP 480 - JH - ITC GmbH","description":"Peri MP 480. Fabricants renomm\u00e9s \u2714 Coffrages, \u00e9taiements, \u00e9chafaudages & machines de chantier neufs & d'occasion \u2714 Demandez une offre maintenant!","robots":{"index":"noindex","follow":"follow","max-snippet":"max-snippet:-1","max-image-preview":"max-image-preview:large","max-video-preview":"max-video-preview:-1"},"og_locale":"fr_FR","og_type":"article","og_title":"Peri MP 480 - JH - ITC GmbH","og_description":"Peri MP 480. Fabricants renomm\u00e9s \u2714 Coffrages, \u00e9taiements, \u00e9chafaudages & machines de chantier neufs & d'occasion \u2714 Demandez une offre maintenant!","og_url":"https:\/\/stage.jh-itc.de\/fr\/shop\/peri-fr\/peri-mp-480-2\/","og_site_name":"JH - ITC GmbH","article_publisher":"https:\/\/www.facebook.com\/schalungshandel","og_image":[{"width":640,"height":480,"url":"https:\/\/stage.jh-itc.de\/wp-content\/uploads\/2021\/04\/Peri-MP-480-2-Klein.jpg","type":"image\/jpeg"}],"twitter_card":"summary_large_image","twitter_site":"@JH_ITC","twitter_misc":{"Dur\u00e9e de lecture estim\u00e9e":"1 minute"},"schema":{"@context":"https:\/\/schema.org","@graph":[{"@type":"WebPage","@id":"https:\/\/stage.jh-itc.de\/fr\/shop\/peri-fr\/peri-mp-480-2\/","url":"https:\/\/stage.jh-itc.de\/fr\/shop\/peri-fr\/peri-mp-480-2\/","name":"Peri MP 480 - JH - ITC GmbH","isPartOf":{"@id":"https:\/\/stage.jh-itc.de\/fr\/#website"},"primaryImageOfPage":{"@id":"https:\/\/stage.jh-itc.de\/fr\/shop\/peri-fr\/peri-mp-480-2\/#primaryimage"},"image":{"@id":"https:\/\/stage.jh-itc.de\/fr\/shop\/peri-fr\/peri-mp-480-2\/#primaryimage"},"thumbnailUrl":"https:\/\/stage.jh-itc.de\/wp-content\/uploads\/2021\/04\/Peri-MP-480-2-Klein.jpg","datePublished":"2021-08-30T17:08:59+00:00","description":"Peri MP 480. Fabricants renomm\u00e9s \u2714 Coffrages, \u00e9taiements, \u00e9chafaudages & machines de chantier neufs & d'occasion \u2714 Demandez une offre maintenant!","breadcrumb":{"@id":"https:\/\/stage.jh-itc.de\/fr\/shop\/peri-fr\/peri-mp-480-2\/#breadcrumb"},"inLanguage":"fr-FR","potentialAction":[{"@type":"ReadAction","target":["https:\/\/stage.jh-itc.de\/fr\/shop\/peri-fr\/peri-mp-480-2\/"]}]},{"@type":"ImageObject","inLanguage":"fr-FR","@id":"https:\/\/stage.jh-itc.de\/fr\/shop\/peri-fr\/peri-mp-480-2\/#primaryimage","url":"https:\/\/stage.jh-itc.de\/wp-content\/uploads\/2021\/04\/Peri-MP-480-2-Klein.jpg","contentUrl":"https:\/\/stage.jh-itc.de\/wp-content\/uploads\/2021\/04\/Peri-MP-480-2-Klein.jpg","width":640,"height":480},{"@type":"BreadcrumbList","@id":"https:\/\/stage.jh-itc.de\/fr\/shop\/peri-fr\/peri-mp-480-2\/#breadcrumb","itemListElement":[{"@type":"ListItem","position":1,"name":"Home","item":"https:\/\/stage.jh-itc.de\/fr\/coffrages-etais-et-echafaudages-de-professionnels\/"},{"@type":"ListItem","position":2,"name":"Boutique","item":"https:\/\/stage.jh-itc.de\/fr\/boutique\/"},{"@type":"ListItem","position":3,"name":"Peri MP 480"}]},{"@type":"WebSite","@id":"https:\/\/stage.jh-itc.de\/fr\/#website","url":"https:\/\/stage.jh-itc.de\/fr\/","name":"JH - ITC GmbH","description":"Ihr Experte f\u00fcr gebrauchte St\u00fctzen, Schalungen und Ger\u00fcste","publisher":{"@id":"https:\/\/stage.jh-itc.de\/fr\/#organization"},"potentialAction":[{"@type":"SearchAction","target":{"@type":"EntryPoint","urlTemplate":"https:\/\/stage.jh-itc.de\/fr\/?s={search_term_string}"},"query-input":{"@type":"PropertyValueSpecification","valueRequired":true,"valueName":"search_term_string"}}],"inLanguage":"fr-FR"},{"@type":"Organization","@id":"https:\/\/stage.jh-itc.de\/fr\/#organization","name":"JH-ITC GmbH","url":"https:\/\/stage.jh-itc.de\/fr\/","logo":{"@type":"ImageObject","inLanguage":"fr-FR","@id":"https:\/\/stage.jh-itc.de\/fr\/#\/schema\/logo\/image\/","url":"https:\/\/stage.jh-itc.de\/wp-content\/uploads\/2016\/01\/JH-ITC2-1.png","contentUrl":"https:\/\/stage.jh-itc.de\/wp-content\/uploads\/2016\/01\/JH-ITC2-1.png","width":300,"height":102,"caption":"JH-ITC GmbH"},"image":{"@id":"https:\/\/stage.jh-itc.de\/fr\/#\/schema\/logo\/image\/"},"sameAs":["https:\/\/www.facebook.com\/schalungshandel","https:\/\/x.com\/JH_ITC","https:\/\/www.linkedin.com\/in\/jhitc","https:\/\/youtu.be\/rMdZ-FLfI-Y"]}]}},"_links":{"self":[{"href":"https:\/\/stage.jh-itc.de\/fr\/wp-json\/wp\/v2\/product\/34588","targetHints":{"allow":["GET"]}}],"collection":[{"href":"https:\/\/stage.jh-itc.de\/fr\/wp-json\/wp\/v2\/product"}],"about":[{"href":"https:\/\/stage.jh-itc.de\/fr\/wp-json\/wp\/v2\/types\/product"}],"wp:featuredmedia":[{"embeddable":true,"href":"https:\/\/stage.jh-itc.de\/fr\/wp-json\/wp\/v2\/media\/34650"}],"wp:attachment":[{"href":"https:\/\/stage.jh-itc.de\/fr\/wp-json\/wp\/v2\/media?parent=34588"}],"wp:term":[{"taxonomy":"product_brand","embeddable":true,"href":"https:\/\/stage.jh-itc.de\/fr\/wp-json\/wp\/v2\/product_brand?post=34588"},{"taxonomy":"product_cat","embeddable":true,"href":"https:\/\/stage.jh-itc.de\/fr\/wp-json\/wp\/v2\/product_cat?post=34588"},{"taxonomy":"product_tag","embeddable":true,"href":"https:\/\/stage.jh-itc.de\/fr\/wp-json\/wp\/v2\/product_tag?post=34588"}],"curies":[{"name":"wp","href":"https:\/\/api.w.org\/{rel}","templated":true}]}}