{"id":34516,"date":"2019-11-02T01:48:19","date_gmt":"2021-08-30T17:08:55","guid":{"rendered":"https:\/\/www.jh-itc.de\/shop\/non class\u00e9\/peri-multiprop-bride-u100-u140\/"},"modified":"2021-08-30T19:08:55","modified_gmt":"2021-08-30T17:08:55","slug":"multiprop-bride-u100-u140-2","status":"publish","type":"product","link":"https:\/\/stage.jh-itc.de\/fr\/shop\/volets\/multiprop-bride-u100-u140-2\/","title":{"rendered":"Peri Multiprop Bride U100 &#8211; U140"},"content":{"rendered":"<p><span style=\"text-decoration: underline;\"><strong>MULTIPROP Bride U100 &#8211; U140<\/strong><\/span><br \/>\nLors de la cr\u00e9ation d&#8217;une table de dalles avec des charges \u00e9lev\u00e9es \u00e0 supporter, des traverses en acier peuvent \u00eatre fix\u00e9es aux \u00e9tais en tant que poutres d&#8217;\u00e9tayage au lieu des \u00e9triers doubles avec GT 24. Un support MULTIPROP U100 &#8211; U140 est mont\u00e9 par h\u00e9lice.<\/p>\n<p>&nbsp;<\/p>\n","protected":false},"excerpt":{"rendered":"<p>Nous offrons <strong>232 x Peri Multiprop Bride U100 &#8211; U140<\/strong><\/p>\n<p>Ils sont en tr\u00e8s bon \u00e9tat et disponibles en stock.<\/p>\n<p>&nbsp;<\/p>\n","protected":false},"featured_media":34581,"template":"","meta":[],"product_brand":[],"product_cat":[378,397,377],"product_tag":[],"class_list":{"0":"post-34516","1":"product","2":"type-product","3":"status-publish","4":"has-post-thumbnail","6":"product_cat-peri-fr","7":"product_cat-peri-multiprops-fr","8":"product_cat-volets","10":"first","11":"instock","12":"taxable","13":"shipping-taxable","14":"product-type-simple"},"yoast_head":"<!-- This site is optimized with the Yoast SEO plugin v26.5 - https:\/\/yoast.com\/wordpress\/plugins\/seo\/ -->\n<title>Peri Multiprop Bride U100 - U140 - JH - ITC GmbH<\/title>\n<meta name=\"description\" content=\"Lors de la cr\u00e9ation d&#039;une table de dalles avec des charges \u00e9lev\u00e9es \u00e0 supporter, des traverses en acier peuvent \u00eatre fix\u00e9es aux \u00e9tais en tant que poutres d&#039;\u00e9tayage au lieu des \u00e9triers doubles avec GT 24. Un support MULTIPROP U100 - U140 est mont\u00e9 par h\u00e9lice.\" \/>\n<meta name=\"robots\" content=\"noindex, follow, max-snippet:-1, max-image-preview:large, max-video-preview:-1\" \/>\n<meta property=\"og:locale\" content=\"fr_FR\" \/>\n<meta property=\"og:type\" content=\"article\" \/>\n<meta property=\"og:title\" content=\"Peri Multiprop Bride U100 - U140 - JH - ITC GmbH\" \/>\n<meta property=\"og:description\" content=\"Lors de la cr\u00e9ation d&#039;une table de dalles avec des charges \u00e9lev\u00e9es \u00e0 supporter, des traverses en acier peuvent \u00eatre fix\u00e9es aux \u00e9tais en tant que poutres d&#039;\u00e9tayage au lieu des \u00e9triers doubles avec GT 24. Un support MULTIPROP U100 - U140 est mont\u00e9 par h\u00e9lice.\" \/>\n<meta property=\"og:url\" content=\"https:\/\/stage.jh-itc.de\/fr\/shop\/volets\/multiprop-bride-u100-u140-2\/\" \/>\n<meta property=\"og:site_name\" content=\"JH - ITC GmbH\" \/>\n<meta property=\"article:publisher\" content=\"https:\/\/www.facebook.com\/schalungshandel\" \/>\n<meta property=\"og:image\" content=\"https:\/\/stage.jh-itc.de\/wp-content\/uploads\/2019\/11\/956ea3620403112e24000cdb9c124ff4.jpeg\" \/>\n\t<meta property=\"og:image:width\" content=\"640\" \/>\n\t<meta property=\"og:image:height\" content=\"480\" \/>\n\t<meta property=\"og:image:type\" content=\"image\/jpeg\" \/>\n<meta name=\"twitter:card\" content=\"summary_large_image\" \/>\n<meta name=\"twitter:site\" content=\"@JH_ITC\" \/>\n<!-- \/ Yoast SEO plugin. -->","yoast_head_json":{"title":"Peri Multiprop Bride U100 - U140 - JH - ITC GmbH","description":"Lors de la cr\u00e9ation d'une table de dalles avec des charges \u00e9lev\u00e9es \u00e0 supporter, des traverses en acier peuvent \u00eatre fix\u00e9es aux \u00e9tais en tant que poutres d'\u00e9tayage au lieu des \u00e9triers doubles avec GT 24. Un support MULTIPROP U100 - U140 est mont\u00e9 par h\u00e9lice.","robots":{"index":"noindex","follow":"follow","max-snippet":"max-snippet:-1","max-image-preview":"max-image-preview:large","max-video-preview":"max-video-preview:-1"},"og_locale":"fr_FR","og_type":"article","og_title":"Peri Multiprop Bride U100 - U140 - JH - ITC GmbH","og_description":"Lors de la cr\u00e9ation d'une table de dalles avec des charges \u00e9lev\u00e9es \u00e0 supporter, des traverses en acier peuvent \u00eatre fix\u00e9es aux \u00e9tais en tant que poutres d'\u00e9tayage au lieu des \u00e9triers doubles avec GT 24. Un support MULTIPROP U100 - U140 est mont\u00e9 par h\u00e9lice.","og_url":"https:\/\/stage.jh-itc.de\/fr\/shop\/volets\/multiprop-bride-u100-u140-2\/","og_site_name":"JH - ITC GmbH","article_publisher":"https:\/\/www.facebook.com\/schalungshandel","og_image":[{"width":640,"height":480,"url":"https:\/\/stage.jh-itc.de\/wp-content\/uploads\/2019\/11\/956ea3620403112e24000cdb9c124ff4.jpeg","type":"image\/jpeg"}],"twitter_card":"summary_large_image","twitter_site":"@JH_ITC","schema":{"@context":"https:\/\/schema.org","@graph":[{"@type":"WebPage","@id":"https:\/\/stage.jh-itc.de\/fr\/shop\/volets\/multiprop-bride-u100-u140-2\/","url":"https:\/\/stage.jh-itc.de\/fr\/shop\/volets\/multiprop-bride-u100-u140-2\/","name":"Peri Multiprop Bride U100 - U140 - JH - ITC GmbH","isPartOf":{"@id":"https:\/\/stage.jh-itc.de\/fr\/#website"},"primaryImageOfPage":{"@id":"https:\/\/stage.jh-itc.de\/fr\/shop\/volets\/multiprop-bride-u100-u140-2\/#primaryimage"},"image":{"@id":"https:\/\/stage.jh-itc.de\/fr\/shop\/volets\/multiprop-bride-u100-u140-2\/#primaryimage"},"thumbnailUrl":"https:\/\/stage.jh-itc.de\/wp-content\/uploads\/2019\/11\/956ea3620403112e24000cdb9c124ff4.jpeg","datePublished":"2021-08-30T17:08:55+00:00","description":"Lors de la cr\u00e9ation d'une table de dalles avec des charges \u00e9lev\u00e9es \u00e0 supporter, des traverses en acier peuvent \u00eatre fix\u00e9es aux \u00e9tais en tant que poutres d'\u00e9tayage au lieu des \u00e9triers doubles avec GT 24. Un support MULTIPROP U100 - U140 est mont\u00e9 par h\u00e9lice.","breadcrumb":{"@id":"https:\/\/stage.jh-itc.de\/fr\/shop\/volets\/multiprop-bride-u100-u140-2\/#breadcrumb"},"inLanguage":"fr-FR","potentialAction":[{"@type":"ReadAction","target":["https:\/\/stage.jh-itc.de\/fr\/shop\/volets\/multiprop-bride-u100-u140-2\/"]}]},{"@type":"ImageObject","inLanguage":"fr-FR","@id":"https:\/\/stage.jh-itc.de\/fr\/shop\/volets\/multiprop-bride-u100-u140-2\/#primaryimage","url":"https:\/\/stage.jh-itc.de\/wp-content\/uploads\/2019\/11\/956ea3620403112e24000cdb9c124ff4.jpeg","contentUrl":"https:\/\/stage.jh-itc.de\/wp-content\/uploads\/2019\/11\/956ea3620403112e24000cdb9c124ff4.jpeg","width":640,"height":480},{"@type":"BreadcrumbList","@id":"https:\/\/stage.jh-itc.de\/fr\/shop\/volets\/multiprop-bride-u100-u140-2\/#breadcrumb","itemListElement":[{"@type":"ListItem","position":1,"name":"Home","item":"https:\/\/stage.jh-itc.de\/fr\/coffrages-etais-et-echafaudages-de-professionnels\/"},{"@type":"ListItem","position":2,"name":"Boutique","item":"https:\/\/stage.jh-itc.de\/fr\/boutique\/"},{"@type":"ListItem","position":3,"name":"Peri Multiprop Bride U100 &#8211; U140"}]},{"@type":"WebSite","@id":"https:\/\/stage.jh-itc.de\/fr\/#website","url":"https:\/\/stage.jh-itc.de\/fr\/","name":"JH - ITC GmbH","description":"Ihr Experte f\u00fcr gebrauchte St\u00fctzen, Schalungen und Ger\u00fcste","publisher":{"@id":"https:\/\/stage.jh-itc.de\/fr\/#organization"},"potentialAction":[{"@type":"SearchAction","target":{"@type":"EntryPoint","urlTemplate":"https:\/\/stage.jh-itc.de\/fr\/?s={search_term_string}"},"query-input":{"@type":"PropertyValueSpecification","valueRequired":true,"valueName":"search_term_string"}}],"inLanguage":"fr-FR"},{"@type":"Organization","@id":"https:\/\/stage.jh-itc.de\/fr\/#organization","name":"JH-ITC GmbH","url":"https:\/\/stage.jh-itc.de\/fr\/","logo":{"@type":"ImageObject","inLanguage":"fr-FR","@id":"https:\/\/stage.jh-itc.de\/fr\/#\/schema\/logo\/image\/","url":"https:\/\/stage.jh-itc.de\/wp-content\/uploads\/2016\/01\/JH-ITC2-1.png","contentUrl":"https:\/\/stage.jh-itc.de\/wp-content\/uploads\/2016\/01\/JH-ITC2-1.png","width":300,"height":102,"caption":"JH-ITC GmbH"},"image":{"@id":"https:\/\/stage.jh-itc.de\/fr\/#\/schema\/logo\/image\/"},"sameAs":["https:\/\/www.facebook.com\/schalungshandel","https:\/\/x.com\/JH_ITC","https:\/\/www.linkedin.com\/in\/jhitc","https:\/\/youtu.be\/rMdZ-FLfI-Y"]}]}},"_links":{"self":[{"href":"https:\/\/stage.jh-itc.de\/fr\/wp-json\/wp\/v2\/product\/34516","targetHints":{"allow":["GET"]}}],"collection":[{"href":"https:\/\/stage.jh-itc.de\/fr\/wp-json\/wp\/v2\/product"}],"about":[{"href":"https:\/\/stage.jh-itc.de\/fr\/wp-json\/wp\/v2\/types\/product"}],"wp:featuredmedia":[{"embeddable":true,"href":"https:\/\/stage.jh-itc.de\/fr\/wp-json\/wp\/v2\/media\/34581"}],"wp:attachment":[{"href":"https:\/\/stage.jh-itc.de\/fr\/wp-json\/wp\/v2\/media?parent=34516"}],"wp:term":[{"taxonomy":"product_brand","embeddable":true,"href":"https:\/\/stage.jh-itc.de\/fr\/wp-json\/wp\/v2\/product_brand?post=34516"},{"taxonomy":"product_cat","embeddable":true,"href":"https:\/\/stage.jh-itc.de\/fr\/wp-json\/wp\/v2\/product_cat?post=34516"},{"taxonomy":"product_tag","embeddable":true,"href":"https:\/\/stage.jh-itc.de\/fr\/wp-json\/wp\/v2\/product_tag?post=34516"}],"curies":[{"name":"wp","href":"https:\/\/api.w.org\/{rel}","templated":true}]}}