{"id":34472,"date":"2020-12-06T15:24:13","date_gmt":"2021-08-30T17:08:52","guid":{"rendered":"https:\/\/www.jh-itc.de\/shop\/non class\u00e9\/systeme-de-marquage-au-laser-pour-les-pneus\/"},"modified":"2021-08-30T19:08:52","modified_gmt":"2021-08-30T17:08:52","slug":"marqueur-laser-pour-pneus","status":"publish","type":"product","link":"https:\/\/stage.jh-itc.de\/fr\/shop\/article-special\/marqueur-laser-pour-pneus\/","title":{"rendered":"Syst\u00e8me de marquage au laser pour les pneus"},"content":{"rendered":"<p><strong>Caract\u00e9ristiques et d\u00e9tails des performances de l <\/strong><strong>Composants opto-\u00e9lectroniques :<\/strong><br \/>\nLes composants optiques de la machine de marquage laser NeroForce pour les pneus de camion sont les suivants<br \/>\nleaders du march\u00e9 aux \u00c9tats-Unis et consistent en :<\/p>\n<p>&#8211; Deux lasers CO2 RF de fabrication am\u00e9ricaine avec un taux de conversion \u00e9lectro-optique \u00e9lev\u00e9<br \/>\n&#8211; Miroir \u00e0 balayage \u00e0 grande vitesse<br \/>\n&#8211; Ligne d&#8217;assemblage de haute pr\u00e9cision<br \/>\n&#8211; R\u00e9seau de fibres au lieu d&#8217;un r\u00e9sonateur classique<br \/>\nCes composants garantissent :<br \/>\n&#8211; Excellente qualit\u00e9 du faisceau<br \/>\n&#8211; Point focal plus petit<br \/>\n&#8211; Une meilleure qualit\u00e9 de traitement<br \/>\n&#8211; Faible taux de d\u00e9faillance et longue dur\u00e9e de vie jusqu&#8217;\u00e0 100 000 heures<\/p>\n<p><strong>Principaux composants m\u00e9caniques et caract\u00e9ristiques :<\/strong><br \/>\n&#8211; Ch\u00e2ssis d&#8217;enroulement et de d\u00e9roulement (NF-LM1500SA)<br \/>\n&#8211; Ch\u00e2ssis relevables (LM-1600MR)<br \/>\n&#8211; Aligneur laser horizontal pour l&#8217;approche sym\u00e9trique des deux lasers vers les deux<br \/>\nFlancs du pneu<br \/>\n&#8211; Supports verticaux r\u00e9glables individuellement pour le r\u00e9glage en hauteur des deux lasers.<br \/>\nMat\u00e9riaux et accessoires des cadres :<br \/>\n&#8211; Les mat\u00e9riaux de la base, du pont, de la plaque de serrage et des autres constructions sont de haute qualit\u00e9.<br \/>\nFabrication en acier au carbone<br \/>\n&#8211; Les boulons et les rouleaux sont fabriqu\u00e9s en acier au carbone C45 de haute qualit\u00e9 et ont \u00e9t\u00e9 test\u00e9s en fonction de leurs caract\u00e9ristiques.<br \/>\nexigences individuelles traitement de surface (peinture par pulv\u00e9risation, noircissement et galvanisation)<br \/>\n&#8211; Les v\u00e9rins pneumatiques et les vannes de contr\u00f4le viennent de SMC<br \/>\n&#8211; Les roulements sont de SKF<br \/>\n&#8211; Toutes les vis sont en acier inoxydable 8.8.<\/p>\n<p>&nbsp;<\/p>\n","protected":false},"excerpt":{"rendered":"<p>Le premier marqueur laser \u00e0 double t\u00eate au monde pour les pneus de camions l\u00e9gers et lourds de 17,5 \u00e0 24 pouces. Version autonome pour les entrep\u00f4ts de pneus, o\u00f9 les pneus sont simplement enroul\u00e9s,<br \/>\nmarqu\u00e9 et ensuite roul\u00e9 de l&#8217;autre c\u00f4t\u00e9.<\/p>\n<p>Les deux machines de marquage laser de NeroForce se distinguent par leur double<sup>syst\u00e8me de laser CO2 RF<\/sup>, qui projette une image excellente et claire sur les parois du pneu avec un taux de conversion \u00e9lectro-optique \u00e9lev\u00e9. Les lasers sont con\u00e7us de telle sorte que les deux flancs du pneu peuvent \u00eatre marqu\u00e9s en un seul passage, ce qui, en pratique, permet de gagner beaucoup de temps. Originaires des \u00c9tats-Unis, ces lasers extr\u00eamement puissants utilisent un r\u00e9seau de fibres au lieu d&#8217;un r\u00e9sonateur classique et sont connus pour leur faible taux de d\u00e9faillance et leur long\u00e9vit\u00e9 (jusqu&#8217;\u00e0 100 000 heures).<\/p>\n<p>&nbsp;<\/p>\n","protected":false},"featured_media":34519,"template":"","meta":[],"product_brand":[],"product_cat":[392,401],"product_tag":[],"class_list":{"0":"post-34472","1":"product","2":"type-product","3":"status-publish","4":"has-post-thumbnail","6":"product_cat-article-special","7":"product_cat-machines-industrielles","9":"first","10":"instock","11":"taxable","12":"shipping-taxable","13":"product-type-simple"},"yoast_head":"<!-- This site is optimized with the Yoast SEO plugin v26.5 - https:\/\/yoast.com\/wordpress\/plugins\/seo\/ -->\n<title>Syst\u00e8me de marquage au laser pour les pneus - JH - ITC GmbH<\/title>\n<meta name=\"description\" content=\"Syst\u00e8me de marquage au laser pour les pneus. Fabricants renomm\u00e9s \u2714 Coffrages, \u00e9taiements, \u00e9chafaudages &amp; machines de chantier neufs &amp; d&#039;occasion \u2714 Demandez une offre maintenant!\" \/>\n<meta name=\"robots\" content=\"noindex, follow, max-snippet:-1, max-image-preview:large, max-video-preview:-1\" \/>\n<meta property=\"og:locale\" content=\"fr_FR\" \/>\n<meta property=\"og:type\" content=\"article\" \/>\n<meta property=\"og:title\" content=\"Syst\u00e8me de marquage au laser pour les pneus - JH - ITC GmbH\" \/>\n<meta property=\"og:description\" content=\"Syst\u00e8me de marquage au laser pour les pneus. Fabricants renomm\u00e9s \u2714 Coffrages, \u00e9taiements, \u00e9chafaudages &amp; machines de chantier neufs &amp; d&#039;occasion \u2714 Demandez une offre maintenant!\" \/>\n<meta property=\"og:url\" content=\"https:\/\/stage.jh-itc.de\/fr\/shop\/article-special\/marqueur-laser-pour-pneus\/\" \/>\n<meta property=\"og:site_name\" content=\"JH - ITC GmbH\" \/>\n<meta property=\"article:publisher\" content=\"https:\/\/www.facebook.com\/schalungshandel\" \/>\n<meta property=\"og:image\" content=\"https:\/\/stage.jh-itc.de\/wp-content\/uploads\/2020\/12\/PR-LM1600MR.jpg\" \/>\n\t<meta property=\"og:image:width\" content=\"1654\" \/>\n\t<meta property=\"og:image:height\" content=\"1294\" \/>\n\t<meta property=\"og:image:type\" content=\"image\/jpeg\" \/>\n<meta name=\"twitter:card\" content=\"summary_large_image\" \/>\n<meta name=\"twitter:site\" content=\"@JH_ITC\" \/>\n<meta name=\"twitter:label1\" content=\"Dur\u00e9e de lecture estim\u00e9e\" \/>\n\t<meta name=\"twitter:data1\" content=\"1 minute\" \/>\n<!-- \/ Yoast SEO plugin. -->","yoast_head_json":{"title":"Syst\u00e8me de marquage au laser pour les pneus - JH - ITC GmbH","description":"Syst\u00e8me de marquage au laser pour les pneus. Fabricants renomm\u00e9s \u2714 Coffrages, \u00e9taiements, \u00e9chafaudages & machines de chantier neufs & d'occasion \u2714 Demandez une offre maintenant!","robots":{"index":"noindex","follow":"follow","max-snippet":"max-snippet:-1","max-image-preview":"max-image-preview:large","max-video-preview":"max-video-preview:-1"},"og_locale":"fr_FR","og_type":"article","og_title":"Syst\u00e8me de marquage au laser pour les pneus - JH - ITC GmbH","og_description":"Syst\u00e8me de marquage au laser pour les pneus. Fabricants renomm\u00e9s \u2714 Coffrages, \u00e9taiements, \u00e9chafaudages & machines de chantier neufs & d'occasion \u2714 Demandez une offre maintenant!","og_url":"https:\/\/stage.jh-itc.de\/fr\/shop\/article-special\/marqueur-laser-pour-pneus\/","og_site_name":"JH - ITC GmbH","article_publisher":"https:\/\/www.facebook.com\/schalungshandel","og_image":[{"width":1654,"height":1294,"url":"https:\/\/stage.jh-itc.de\/wp-content\/uploads\/2020\/12\/PR-LM1600MR.jpg","type":"image\/jpeg"}],"twitter_card":"summary_large_image","twitter_site":"@JH_ITC","twitter_misc":{"Dur\u00e9e de lecture estim\u00e9e":"1 minute"},"schema":{"@context":"https:\/\/schema.org","@graph":[{"@type":"WebPage","@id":"https:\/\/stage.jh-itc.de\/fr\/shop\/article-special\/marqueur-laser-pour-pneus\/","url":"https:\/\/stage.jh-itc.de\/fr\/shop\/article-special\/marqueur-laser-pour-pneus\/","name":"Syst\u00e8me de marquage au laser pour les pneus - JH - ITC GmbH","isPartOf":{"@id":"https:\/\/stage.jh-itc.de\/fr\/#website"},"primaryImageOfPage":{"@id":"https:\/\/stage.jh-itc.de\/fr\/shop\/article-special\/marqueur-laser-pour-pneus\/#primaryimage"},"image":{"@id":"https:\/\/stage.jh-itc.de\/fr\/shop\/article-special\/marqueur-laser-pour-pneus\/#primaryimage"},"thumbnailUrl":"https:\/\/stage.jh-itc.de\/wp-content\/uploads\/2020\/12\/PR-LM1600MR.jpg","datePublished":"2021-08-30T17:08:52+00:00","description":"Syst\u00e8me de marquage au laser pour les pneus. Fabricants renomm\u00e9s \u2714 Coffrages, \u00e9taiements, \u00e9chafaudages & machines de chantier neufs & d'occasion \u2714 Demandez une offre maintenant!","breadcrumb":{"@id":"https:\/\/stage.jh-itc.de\/fr\/shop\/article-special\/marqueur-laser-pour-pneus\/#breadcrumb"},"inLanguage":"fr-FR","potentialAction":[{"@type":"ReadAction","target":["https:\/\/stage.jh-itc.de\/fr\/shop\/article-special\/marqueur-laser-pour-pneus\/"]}]},{"@type":"ImageObject","inLanguage":"fr-FR","@id":"https:\/\/stage.jh-itc.de\/fr\/shop\/article-special\/marqueur-laser-pour-pneus\/#primaryimage","url":"https:\/\/stage.jh-itc.de\/wp-content\/uploads\/2020\/12\/PR-LM1600MR.jpg","contentUrl":"https:\/\/stage.jh-itc.de\/wp-content\/uploads\/2020\/12\/PR-LM1600MR.jpg","width":1654,"height":1294},{"@type":"BreadcrumbList","@id":"https:\/\/stage.jh-itc.de\/fr\/shop\/article-special\/marqueur-laser-pour-pneus\/#breadcrumb","itemListElement":[{"@type":"ListItem","position":1,"name":"Home","item":"https:\/\/stage.jh-itc.de\/fr\/coffrages-etais-et-echafaudages-de-professionnels\/"},{"@type":"ListItem","position":2,"name":"Boutique","item":"https:\/\/stage.jh-itc.de\/fr\/boutique\/"},{"@type":"ListItem","position":3,"name":"Syst\u00e8me de marquage au laser pour les pneus"}]},{"@type":"WebSite","@id":"https:\/\/stage.jh-itc.de\/fr\/#website","url":"https:\/\/stage.jh-itc.de\/fr\/","name":"JH - ITC GmbH","description":"Ihr Experte f\u00fcr gebrauchte St\u00fctzen, Schalungen und Ger\u00fcste","publisher":{"@id":"https:\/\/stage.jh-itc.de\/fr\/#organization"},"potentialAction":[{"@type":"SearchAction","target":{"@type":"EntryPoint","urlTemplate":"https:\/\/stage.jh-itc.de\/fr\/?s={search_term_string}"},"query-input":{"@type":"PropertyValueSpecification","valueRequired":true,"valueName":"search_term_string"}}],"inLanguage":"fr-FR"},{"@type":"Organization","@id":"https:\/\/stage.jh-itc.de\/fr\/#organization","name":"JH-ITC GmbH","url":"https:\/\/stage.jh-itc.de\/fr\/","logo":{"@type":"ImageObject","inLanguage":"fr-FR","@id":"https:\/\/stage.jh-itc.de\/fr\/#\/schema\/logo\/image\/","url":"https:\/\/stage.jh-itc.de\/wp-content\/uploads\/2016\/01\/JH-ITC2-1.png","contentUrl":"https:\/\/stage.jh-itc.de\/wp-content\/uploads\/2016\/01\/JH-ITC2-1.png","width":300,"height":102,"caption":"JH-ITC GmbH"},"image":{"@id":"https:\/\/stage.jh-itc.de\/fr\/#\/schema\/logo\/image\/"},"sameAs":["https:\/\/www.facebook.com\/schalungshandel","https:\/\/x.com\/JH_ITC","https:\/\/www.linkedin.com\/in\/jhitc","https:\/\/youtu.be\/rMdZ-FLfI-Y"]}]}},"_links":{"self":[{"href":"https:\/\/stage.jh-itc.de\/fr\/wp-json\/wp\/v2\/product\/34472","targetHints":{"allow":["GET"]}}],"collection":[{"href":"https:\/\/stage.jh-itc.de\/fr\/wp-json\/wp\/v2\/product"}],"about":[{"href":"https:\/\/stage.jh-itc.de\/fr\/wp-json\/wp\/v2\/types\/product"}],"wp:featuredmedia":[{"embeddable":true,"href":"https:\/\/stage.jh-itc.de\/fr\/wp-json\/wp\/v2\/media\/34519"}],"wp:attachment":[{"href":"https:\/\/stage.jh-itc.de\/fr\/wp-json\/wp\/v2\/media?parent=34472"}],"wp:term":[{"taxonomy":"product_brand","embeddable":true,"href":"https:\/\/stage.jh-itc.de\/fr\/wp-json\/wp\/v2\/product_brand?post=34472"},{"taxonomy":"product_cat","embeddable":true,"href":"https:\/\/stage.jh-itc.de\/fr\/wp-json\/wp\/v2\/product_cat?post=34472"},{"taxonomy":"product_tag","embeddable":true,"href":"https:\/\/stage.jh-itc.de\/fr\/wp-json\/wp\/v2\/product_tag?post=34472"}],"curies":[{"name":"wp","href":"https:\/\/api.w.org\/{rel}","templated":true}]}}