{"id":33174,"date":"2020-05-04T19:15:39","date_gmt":"2021-08-30T17:07:38","guid":{"rendered":"https:\/\/www.jh-itc.de\/shop\/non%20class\u00e9\/coffrage-rasto-de-huennebeck-270m-150m\/"},"modified":"2024-10-08T13:49:35","modified_gmt":"2024-10-08T11:49:35","slug":"huennebeck-rasto-shuttering-270m-150m","status":"publish","type":"product","link":"https:\/\/stage.jh-itc.de\/fr\/shop\/huennebeck-fr\/huennebeck-rasto-fr\/huennebeck-rasto-shuttering-270m-150m\/","title":{"rendered":"Coffrage Rasto de H\u00fcnnebeck 2,70m + 1,50m"},"content":{"rendered":"<p>Le coffrage RASTO de H\u00fcnnebeck est un coffrage-cadre qui peut \u00eatre utilis\u00e9 aussi bien ind\u00e9pendamment de la grue (coffrage \u00e0 la main) que pour travailler de grandes surfaces \u00e0 la grue.<\/p>\n<p>Jusqu&#8217;\u00e0 une largeur de panneau de 90 cm, le coffrage peut \u00eatre d\u00e9plac\u00e9 ou form\u00e9 \u00e0 la main.<br \/>\nL&#8217;utilisation du grand panneau RASTO XXL ou le d\u00e9placement simultan\u00e9 de plusieurs panneaux n\u00e9cessite une grue sur le chantier.<\/p>\n<p>La pression admissible du b\u00e9ton frais pour le RASTO est de 60 kN\/m\u00b2.<br \/>\npour les applications \u00e0 un seul \u00e9tage et 55 kN\/m\u00b2 pour les applications \u00e0 plusieurs \u00e9tages.<\/p>\n<p>Vous trouverez ici un lien vers les instructions de montage :<\/p>\n<p><a href=\"https:\/\/stage.jh-itc.de\/wp-content\/uploads\/2020\/05\/Huennebeck-RASTO_Aufbauanleitung_DE.pdf\">https:\/\/stage.jh-itc.de\/wp-content\/uploads\/2020\/05\/Huennebeck-RASTO_Aufbauanleitung_DE.pdf<\/a><\/p>\n","protected":false},"excerpt":{"rendered":"<p>Nous vous proposons un <strong>coffrage Rasto de H\u00fcnnebeck<\/strong> d&#8217;occasion en 2.70m et 1.50m.<\/p>\n<p>Il y a suffisamment d&#8217;accessoires inclus.<\/p>\n<p>Le coffrage est en bon \u00e9tat d&#8217;usage et partiellement recouvert d&#8217;une peau de coffrage en plastique.<\/p>\n<p>Si vous \u00eates int\u00e9ress\u00e9, veuillez nous envoyer votre demande.<\/p>\n<p>&nbsp;<\/p>\n","protected":false},"featured_media":33195,"template":"","meta":[],"product_brand":[],"product_cat":[380,384,377],"product_tag":[],"class_list":{"0":"post-33174","1":"product","2":"type-product","3":"status-publish","4":"has-post-thumbnail","6":"product_cat-huennebeck-fr","7":"product_cat-huennebeck-rasto-fr","8":"product_cat-volets","10":"first","11":"instock","12":"taxable","13":"shipping-taxable","14":"product-type-simple"},"yoast_head":"<!-- This site is optimized with the Yoast SEO plugin v26.5 - https:\/\/yoast.com\/wordpress\/plugins\/seo\/ -->\n<title>Coffrage Rasto de H\u00fcnnebeck 2,70m + 1,50m - JH - ITC GmbH<\/title>\n<meta name=\"description\" content=\"Coffrage Rasto de H\u00fcnnebeck 2,70m + 1,50m. Fabricants renomm\u00e9s \u2714 Coffrages, \u00e9taiements, \u00e9chafaudages &amp; machines de chantier neufs &amp; d&#039;occasion \u2714 Demandez une offre maintenant!\" \/>\n<meta name=\"robots\" content=\"noindex, follow, max-snippet:-1, max-image-preview:large, max-video-preview:-1\" \/>\n<meta property=\"og:locale\" content=\"fr_FR\" \/>\n<meta property=\"og:type\" content=\"article\" \/>\n<meta property=\"og:title\" content=\"Coffrage Rasto de H\u00fcnnebeck 2,70m + 1,50m - JH - ITC GmbH\" \/>\n<meta property=\"og:description\" content=\"Coffrage Rasto de H\u00fcnnebeck 2,70m + 1,50m. Fabricants renomm\u00e9s \u2714 Coffrages, \u00e9taiements, \u00e9chafaudages &amp; machines de chantier neufs &amp; d&#039;occasion \u2714 Demandez une offre maintenant!\" \/>\n<meta property=\"og:url\" content=\"https:\/\/stage.jh-itc.de\/fr\/shop\/huennebeck-fr\/huennebeck-rasto-fr\/huennebeck-rasto-shuttering-270m-150m\/\" \/>\n<meta property=\"og:site_name\" content=\"JH - ITC GmbH\" \/>\n<meta property=\"article:publisher\" content=\"https:\/\/www.facebook.com\/schalungshandel\" \/>\n<meta property=\"article:modified_time\" content=\"2024-10-08T11:49:35+00:00\" \/>\n<meta property=\"og:image\" content=\"https:\/\/stage.jh-itc.de\/wp-content\/uploads\/2020\/05\/H\u00fcnnebeck-Rasto-270m-12-rotated.jpg\" \/>\n\t<meta property=\"og:image:width\" content=\"480\" \/>\n\t<meta property=\"og:image:height\" content=\"640\" \/>\n\t<meta property=\"og:image:type\" content=\"image\/jpeg\" \/>\n<meta name=\"twitter:card\" content=\"summary_large_image\" \/>\n<meta name=\"twitter:site\" content=\"@JH_ITC\" \/>\n<meta name=\"twitter:label1\" content=\"Dur\u00e9e de lecture estim\u00e9e\" \/>\n\t<meta name=\"twitter:data1\" content=\"1 minute\" \/>\n<!-- \/ Yoast SEO plugin. -->","yoast_head_json":{"title":"Coffrage Rasto de H\u00fcnnebeck 2,70m + 1,50m - JH - ITC GmbH","description":"Coffrage Rasto de H\u00fcnnebeck 2,70m + 1,50m. Fabricants renomm\u00e9s \u2714 Coffrages, \u00e9taiements, \u00e9chafaudages & machines de chantier neufs & d'occasion \u2714 Demandez une offre maintenant!","robots":{"index":"noindex","follow":"follow","max-snippet":"max-snippet:-1","max-image-preview":"max-image-preview:large","max-video-preview":"max-video-preview:-1"},"og_locale":"fr_FR","og_type":"article","og_title":"Coffrage Rasto de H\u00fcnnebeck 2,70m + 1,50m - JH - ITC GmbH","og_description":"Coffrage Rasto de H\u00fcnnebeck 2,70m + 1,50m. Fabricants renomm\u00e9s \u2714 Coffrages, \u00e9taiements, \u00e9chafaudages & machines de chantier neufs & d'occasion \u2714 Demandez une offre maintenant!","og_url":"https:\/\/stage.jh-itc.de\/fr\/shop\/huennebeck-fr\/huennebeck-rasto-fr\/huennebeck-rasto-shuttering-270m-150m\/","og_site_name":"JH - ITC GmbH","article_publisher":"https:\/\/www.facebook.com\/schalungshandel","article_modified_time":"2024-10-08T11:49:35+00:00","og_image":[{"width":480,"height":640,"url":"https:\/\/stage.jh-itc.de\/wp-content\/uploads\/2020\/05\/H\u00fcnnebeck-Rasto-270m-12-rotated.jpg","type":"image\/jpeg"}],"twitter_card":"summary_large_image","twitter_site":"@JH_ITC","twitter_misc":{"Dur\u00e9e de lecture estim\u00e9e":"1 minute"},"schema":{"@context":"https:\/\/schema.org","@graph":[{"@type":"WebPage","@id":"https:\/\/stage.jh-itc.de\/fr\/shop\/huennebeck-fr\/huennebeck-rasto-fr\/huennebeck-rasto-shuttering-270m-150m\/","url":"https:\/\/stage.jh-itc.de\/fr\/shop\/huennebeck-fr\/huennebeck-rasto-fr\/huennebeck-rasto-shuttering-270m-150m\/","name":"Coffrage Rasto de H\u00fcnnebeck 2,70m + 1,50m - JH - ITC GmbH","isPartOf":{"@id":"https:\/\/stage.jh-itc.de\/fr\/#website"},"primaryImageOfPage":{"@id":"https:\/\/stage.jh-itc.de\/fr\/shop\/huennebeck-fr\/huennebeck-rasto-fr\/huennebeck-rasto-shuttering-270m-150m\/#primaryimage"},"image":{"@id":"https:\/\/stage.jh-itc.de\/fr\/shop\/huennebeck-fr\/huennebeck-rasto-fr\/huennebeck-rasto-shuttering-270m-150m\/#primaryimage"},"thumbnailUrl":"https:\/\/stage.jh-itc.de\/wp-content\/uploads\/2020\/05\/H\u00fcnnebeck-Rasto-270m-12-rotated.jpg","datePublished":"2021-08-30T17:07:38+00:00","dateModified":"2024-10-08T11:49:35+00:00","description":"Coffrage Rasto de H\u00fcnnebeck 2,70m + 1,50m. Fabricants renomm\u00e9s \u2714 Coffrages, \u00e9taiements, \u00e9chafaudages & machines de chantier neufs & d'occasion \u2714 Demandez une offre maintenant!","breadcrumb":{"@id":"https:\/\/stage.jh-itc.de\/fr\/shop\/huennebeck-fr\/huennebeck-rasto-fr\/huennebeck-rasto-shuttering-270m-150m\/#breadcrumb"},"inLanguage":"fr-FR","potentialAction":[{"@type":"ReadAction","target":["https:\/\/stage.jh-itc.de\/fr\/shop\/huennebeck-fr\/huennebeck-rasto-fr\/huennebeck-rasto-shuttering-270m-150m\/"]}]},{"@type":"ImageObject","inLanguage":"fr-FR","@id":"https:\/\/stage.jh-itc.de\/fr\/shop\/huennebeck-fr\/huennebeck-rasto-fr\/huennebeck-rasto-shuttering-270m-150m\/#primaryimage","url":"https:\/\/stage.jh-itc.de\/wp-content\/uploads\/2020\/05\/H\u00fcnnebeck-Rasto-270m-12-rotated.jpg","contentUrl":"https:\/\/stage.jh-itc.de\/wp-content\/uploads\/2020\/05\/H\u00fcnnebeck-Rasto-270m-12-rotated.jpg","width":480,"height":640},{"@type":"BreadcrumbList","@id":"https:\/\/stage.jh-itc.de\/fr\/shop\/huennebeck-fr\/huennebeck-rasto-fr\/huennebeck-rasto-shuttering-270m-150m\/#breadcrumb","itemListElement":[{"@type":"ListItem","position":1,"name":"Home","item":"https:\/\/stage.jh-itc.de\/fr\/coffrages-etais-et-echafaudages-de-professionnels\/"},{"@type":"ListItem","position":2,"name":"Boutique","item":"https:\/\/stage.jh-itc.de\/fr\/boutique\/"},{"@type":"ListItem","position":3,"name":"Coffrage Rasto de H\u00fcnnebeck 2,70m + 1,50m"}]},{"@type":"WebSite","@id":"https:\/\/stage.jh-itc.de\/fr\/#website","url":"https:\/\/stage.jh-itc.de\/fr\/","name":"JH - ITC GmbH","description":"Ihr Experte f\u00fcr gebrauchte St\u00fctzen, Schalungen und Ger\u00fcste","publisher":{"@id":"https:\/\/stage.jh-itc.de\/fr\/#organization"},"potentialAction":[{"@type":"SearchAction","target":{"@type":"EntryPoint","urlTemplate":"https:\/\/stage.jh-itc.de\/fr\/?s={search_term_string}"},"query-input":{"@type":"PropertyValueSpecification","valueRequired":true,"valueName":"search_term_string"}}],"inLanguage":"fr-FR"},{"@type":"Organization","@id":"https:\/\/stage.jh-itc.de\/fr\/#organization","name":"JH-ITC GmbH","url":"https:\/\/stage.jh-itc.de\/fr\/","logo":{"@type":"ImageObject","inLanguage":"fr-FR","@id":"https:\/\/stage.jh-itc.de\/fr\/#\/schema\/logo\/image\/","url":"https:\/\/stage.jh-itc.de\/wp-content\/uploads\/2016\/01\/JH-ITC2-1.png","contentUrl":"https:\/\/stage.jh-itc.de\/wp-content\/uploads\/2016\/01\/JH-ITC2-1.png","width":300,"height":102,"caption":"JH-ITC GmbH"},"image":{"@id":"https:\/\/stage.jh-itc.de\/fr\/#\/schema\/logo\/image\/"},"sameAs":["https:\/\/www.facebook.com\/schalungshandel","https:\/\/x.com\/JH_ITC","https:\/\/www.linkedin.com\/in\/jhitc","https:\/\/youtu.be\/rMdZ-FLfI-Y"]}]}},"_links":{"self":[{"href":"https:\/\/stage.jh-itc.de\/fr\/wp-json\/wp\/v2\/product\/33174","targetHints":{"allow":["GET"]}}],"collection":[{"href":"https:\/\/stage.jh-itc.de\/fr\/wp-json\/wp\/v2\/product"}],"about":[{"href":"https:\/\/stage.jh-itc.de\/fr\/wp-json\/wp\/v2\/types\/product"}],"wp:featuredmedia":[{"embeddable":true,"href":"https:\/\/stage.jh-itc.de\/fr\/wp-json\/wp\/v2\/media\/33195"}],"wp:attachment":[{"href":"https:\/\/stage.jh-itc.de\/fr\/wp-json\/wp\/v2\/media?parent=33174"}],"wp:term":[{"taxonomy":"product_brand","embeddable":true,"href":"https:\/\/stage.jh-itc.de\/fr\/wp-json\/wp\/v2\/product_brand?post=33174"},{"taxonomy":"product_cat","embeddable":true,"href":"https:\/\/stage.jh-itc.de\/fr\/wp-json\/wp\/v2\/product_cat?post=33174"},{"taxonomy":"product_tag","embeddable":true,"href":"https:\/\/stage.jh-itc.de\/fr\/wp-json\/wp\/v2\/product_tag?post=33174"}],"curies":[{"name":"wp","href":"https:\/\/api.w.org\/{rel}","templated":true}]}}