{"id":33030,"date":"2017-09-20T21:11:14","date_gmt":"2021-08-30T17:07:29","guid":{"rendered":"https:\/\/www.jh-itc.de\/shop\/non class\u00e9\/lelement-doka-supporte-340-540\/"},"modified":"2021-08-30T19:07:29","modified_gmt":"2021-08-30T17:07:29","slug":"doka-elementstuetzen-340-540-2","status":"publish","type":"product","link":"https:\/\/stage.jh-itc.de\/fr\/shop\/doka-fr\/accessoires-doka\/doka-elementstuetzen-340-540-2\/","title":{"rendered":"L&#8217;\u00e9l\u00e9ment Doka supporte 340 + 540"},"content":{"rendered":"","protected":false},"excerpt":{"rendered":"<p>Nous proposons des supports d&#8217;\u00e9l\u00e9ments Doka d&#8217;occasion<\/p>\n<p><strong>153 x supports de panneaux Doka 340 IB<\/strong><\/p>\n<p><strong>92 x supports de panneaux Doka 340 IB<\/strong><\/p>\n<p>incl. Chaussures de soutien + t\u00eates de soutien<\/p>\n<p>en bon \u00e9tat.<\/p>\n<p>&nbsp;<\/p>\n","protected":false},"featured_media":33127,"template":"","meta":[],"product_brand":[],"product_cat":[388,387,391,385],"product_tag":[],"class_list":{"0":"post-33030","1":"product","2":"type-product","3":"status-publish","4":"has-post-thumbnail","6":"product_cat-accessoires-doka","7":"product_cat-doka-fr","8":"product_cat-doka-framax-fr","9":"product_cat-supports","11":"first","12":"instock","13":"taxable","14":"shipping-taxable","15":"product-type-simple"},"yoast_head":"<!-- This site is optimized with the Yoast SEO plugin v26.5 - https:\/\/yoast.com\/wordpress\/plugins\/seo\/ -->\n<title>L&#039;\u00e9l\u00e9ment Doka supporte 340 + 540 - JH - ITC GmbH<\/title>\n<meta name=\"description\" content=\"Les supports de l&#039;\u00e9l\u00e9ment Doka\" \/>\n<meta name=\"robots\" content=\"noindex, follow, max-snippet:-1, max-image-preview:large, max-video-preview:-1\" \/>\n<meta property=\"og:locale\" content=\"fr_FR\" \/>\n<meta property=\"og:type\" content=\"article\" \/>\n<meta property=\"og:title\" content=\"L&#039;\u00e9l\u00e9ment Doka supporte 340 + 540 - JH - ITC GmbH\" \/>\n<meta property=\"og:description\" content=\"Les supports de l&#039;\u00e9l\u00e9ment Doka\" \/>\n<meta property=\"og:url\" content=\"https:\/\/stage.jh-itc.de\/fr\/shop\/doka-fr\/accessoires-doka\/doka-elementstuetzen-340-540-2\/\" \/>\n<meta property=\"og:site_name\" content=\"JH - ITC GmbH\" \/>\n<meta property=\"article:publisher\" content=\"https:\/\/www.facebook.com\/schalungshandel\" \/>\n<meta property=\"og:image\" content=\"https:\/\/stage.jh-itc.de\/wp-content\/uploads\/2017\/09\/11caebc748550192e0843fa5ea663bc0.jpg\" \/>\n\t<meta property=\"og:image:width\" content=\"640\" \/>\n\t<meta property=\"og:image:height\" content=\"480\" \/>\n\t<meta property=\"og:image:type\" content=\"image\/jpeg\" \/>\n<meta name=\"twitter:card\" content=\"summary_large_image\" \/>\n<meta name=\"twitter:site\" content=\"@JH_ITC\" \/>\n<!-- \/ Yoast SEO plugin. -->","yoast_head_json":{"title":"L'\u00e9l\u00e9ment Doka supporte 340 + 540 - JH - ITC GmbH","description":"Les supports de l'\u00e9l\u00e9ment Doka","robots":{"index":"noindex","follow":"follow","max-snippet":"max-snippet:-1","max-image-preview":"max-image-preview:large","max-video-preview":"max-video-preview:-1"},"og_locale":"fr_FR","og_type":"article","og_title":"L'\u00e9l\u00e9ment Doka supporte 340 + 540 - JH - ITC GmbH","og_description":"Les supports de l'\u00e9l\u00e9ment Doka","og_url":"https:\/\/stage.jh-itc.de\/fr\/shop\/doka-fr\/accessoires-doka\/doka-elementstuetzen-340-540-2\/","og_site_name":"JH - ITC GmbH","article_publisher":"https:\/\/www.facebook.com\/schalungshandel","og_image":[{"width":640,"height":480,"url":"https:\/\/stage.jh-itc.de\/wp-content\/uploads\/2017\/09\/11caebc748550192e0843fa5ea663bc0.jpg","type":"image\/jpeg"}],"twitter_card":"summary_large_image","twitter_site":"@JH_ITC","schema":{"@context":"https:\/\/schema.org","@graph":[{"@type":"WebPage","@id":"https:\/\/stage.jh-itc.de\/fr\/shop\/doka-fr\/accessoires-doka\/doka-elementstuetzen-340-540-2\/","url":"https:\/\/stage.jh-itc.de\/fr\/shop\/doka-fr\/accessoires-doka\/doka-elementstuetzen-340-540-2\/","name":"L'\u00e9l\u00e9ment Doka supporte 340 + 540 - JH - ITC GmbH","isPartOf":{"@id":"https:\/\/stage.jh-itc.de\/fr\/#website"},"primaryImageOfPage":{"@id":"https:\/\/stage.jh-itc.de\/fr\/shop\/doka-fr\/accessoires-doka\/doka-elementstuetzen-340-540-2\/#primaryimage"},"image":{"@id":"https:\/\/stage.jh-itc.de\/fr\/shop\/doka-fr\/accessoires-doka\/doka-elementstuetzen-340-540-2\/#primaryimage"},"thumbnailUrl":"https:\/\/stage.jh-itc.de\/wp-content\/uploads\/2017\/09\/11caebc748550192e0843fa5ea663bc0.jpg","datePublished":"2021-08-30T17:07:29+00:00","description":"Les supports de l'\u00e9l\u00e9ment Doka","breadcrumb":{"@id":"https:\/\/stage.jh-itc.de\/fr\/shop\/doka-fr\/accessoires-doka\/doka-elementstuetzen-340-540-2\/#breadcrumb"},"inLanguage":"fr-FR","potentialAction":[{"@type":"ReadAction","target":["https:\/\/stage.jh-itc.de\/fr\/shop\/doka-fr\/accessoires-doka\/doka-elementstuetzen-340-540-2\/"]}]},{"@type":"ImageObject","inLanguage":"fr-FR","@id":"https:\/\/stage.jh-itc.de\/fr\/shop\/doka-fr\/accessoires-doka\/doka-elementstuetzen-340-540-2\/#primaryimage","url":"https:\/\/stage.jh-itc.de\/wp-content\/uploads\/2017\/09\/11caebc748550192e0843fa5ea663bc0.jpg","contentUrl":"https:\/\/stage.jh-itc.de\/wp-content\/uploads\/2017\/09\/11caebc748550192e0843fa5ea663bc0.jpg","width":640,"height":480},{"@type":"BreadcrumbList","@id":"https:\/\/stage.jh-itc.de\/fr\/shop\/doka-fr\/accessoires-doka\/doka-elementstuetzen-340-540-2\/#breadcrumb","itemListElement":[{"@type":"ListItem","position":1,"name":"Home","item":"https:\/\/stage.jh-itc.de\/fr\/coffrages-etais-et-echafaudages-de-professionnels\/"},{"@type":"ListItem","position":2,"name":"Boutique","item":"https:\/\/stage.jh-itc.de\/fr\/boutique\/"},{"@type":"ListItem","position":3,"name":"L&#8217;\u00e9l\u00e9ment Doka supporte 340 + 540"}]},{"@type":"WebSite","@id":"https:\/\/stage.jh-itc.de\/fr\/#website","url":"https:\/\/stage.jh-itc.de\/fr\/","name":"JH - ITC GmbH","description":"Ihr Experte f\u00fcr gebrauchte St\u00fctzen, Schalungen und Ger\u00fcste","publisher":{"@id":"https:\/\/stage.jh-itc.de\/fr\/#organization"},"potentialAction":[{"@type":"SearchAction","target":{"@type":"EntryPoint","urlTemplate":"https:\/\/stage.jh-itc.de\/fr\/?s={search_term_string}"},"query-input":{"@type":"PropertyValueSpecification","valueRequired":true,"valueName":"search_term_string"}}],"inLanguage":"fr-FR"},{"@type":"Organization","@id":"https:\/\/stage.jh-itc.de\/fr\/#organization","name":"JH-ITC GmbH","url":"https:\/\/stage.jh-itc.de\/fr\/","logo":{"@type":"ImageObject","inLanguage":"fr-FR","@id":"https:\/\/stage.jh-itc.de\/fr\/#\/schema\/logo\/image\/","url":"https:\/\/stage.jh-itc.de\/wp-content\/uploads\/2016\/01\/JH-ITC2-1.png","contentUrl":"https:\/\/stage.jh-itc.de\/wp-content\/uploads\/2016\/01\/JH-ITC2-1.png","width":300,"height":102,"caption":"JH-ITC GmbH"},"image":{"@id":"https:\/\/stage.jh-itc.de\/fr\/#\/schema\/logo\/image\/"},"sameAs":["https:\/\/www.facebook.com\/schalungshandel","https:\/\/x.com\/JH_ITC","https:\/\/www.linkedin.com\/in\/jhitc","https:\/\/youtu.be\/rMdZ-FLfI-Y"]}]}},"_links":{"self":[{"href":"https:\/\/stage.jh-itc.de\/fr\/wp-json\/wp\/v2\/product\/33030","targetHints":{"allow":["GET"]}}],"collection":[{"href":"https:\/\/stage.jh-itc.de\/fr\/wp-json\/wp\/v2\/product"}],"about":[{"href":"https:\/\/stage.jh-itc.de\/fr\/wp-json\/wp\/v2\/types\/product"}],"wp:featuredmedia":[{"embeddable":true,"href":"https:\/\/stage.jh-itc.de\/fr\/wp-json\/wp\/v2\/media\/33127"}],"wp:attachment":[{"href":"https:\/\/stage.jh-itc.de\/fr\/wp-json\/wp\/v2\/media?parent=33030"}],"wp:term":[{"taxonomy":"product_brand","embeddable":true,"href":"https:\/\/stage.jh-itc.de\/fr\/wp-json\/wp\/v2\/product_brand?post=33030"},{"taxonomy":"product_cat","embeddable":true,"href":"https:\/\/stage.jh-itc.de\/fr\/wp-json\/wp\/v2\/product_cat?post=33030"},{"taxonomy":"product_tag","embeddable":true,"href":"https:\/\/stage.jh-itc.de\/fr\/wp-json\/wp\/v2\/product_tag?post=33030"}],"curies":[{"name":"wp","href":"https:\/\/api.w.org\/{rel}","templated":true}]}}