{"id":32967,"date":"2020-04-16T22:36:34","date_gmt":"2021-08-30T17:07:25","guid":{"rendered":"https:\/\/www.jh-itc.de\/shop\/non class\u00e9\/systeme-de-barriere-a-mailles-en-acier-combisafe\/"},"modified":"2021-08-30T19:07:25","modified_gmt":"2021-08-30T17:07:25","slug":"combisafe-2","status":"publish","type":"product","link":"https:\/\/stage.jh-itc.de\/fr\/shop\/volets\/combisafe-2\/","title":{"rendered":"Syst\u00e8me de barri\u00e8re \u00e0 mailles en acier Combisafe"},"content":{"rendered":"","protected":false},"excerpt":{"rendered":"<p>Nous pouvons vous proposer le <strong>syst\u00e8me de grilles en acier Combisafe<\/strong> d&#8217;occasion suivant.<\/p>\n<table width=\"0\">\n<tbody>\n<tr>\n<td width=\"153\"><strong>Num\u00e9ro de mat\u00e9riau<\/strong><\/td>\n<td width=\"536\"><strong>D\u00e9signation<\/strong><\/td>\n<td width=\"136\"><strong>Quantit\u00e9<\/strong><\/td>\n<\/tr>\n<tr>\n<td width=\"153\"><\/td>\n<td width=\"536\"><\/td>\n<td width=\"136\"><\/td>\n<\/tr>\n<tr>\n<td width=\"153\">B403633400<\/td>\n<td width=\"536\">Grille de protection en acier 2,50 m Combisafe (garde-corps)<\/td>\n<td width=\"136\">422<\/td>\n<\/tr>\n<tr>\n<td width=\"153\">B403633500<\/td>\n<td width=\"536\">Poteau de garde-corps 1102 Combisafe 4 faces<\/td>\n<td width=\"136\">146<\/td>\n<\/tr>\n<tr>\n<td width=\"153\">B403633505<\/td>\n<td width=\"536\">Poteau de garde-corps 2000 Combisafe 4 faces<\/td>\n<td width=\"136\">689<\/td>\n<\/tr>\n<tr>\n<td width=\"153\">B403633510<\/td>\n<td width=\"536\">Extension de poste Combisafe 1245<\/td>\n<td width=\"136\">70<\/td>\n<\/tr>\n<tr>\n<td width=\"153\">B403633550<\/td>\n<td width=\"536\">Multi-clamp Combisafe (support de poteau avec manivelle)<\/td>\n<td width=\"136\">26<\/td>\n<\/tr>\n<tr>\n<td width=\"153\">B403633600<\/td>\n<td width=\"536\">Multifoot Combisafe<\/td>\n<td width=\"136\">776<\/td>\n<\/tr>\n<tr>\n<td width=\"153\">B403633650<\/td>\n<td width=\"536\">Bo\u00eete \u00e0 mailles en acier Combisafe<\/td>\n<td width=\"136\">9<\/td>\n<\/tr>\n<tr>\n<td width=\"153\">B403635210<\/td>\n<td width=\"536\">Poteau garde-corps SGP<\/td>\n<td width=\"136\">170<\/td>\n<\/tr>\n<tr>\n<td width=\"153\">B403636009<\/td>\n<td width=\"536\">Ensemble \u00e0 visser DW 15 avec \u00e9crou \u00e0 ailettes<\/td>\n<td width=\"136\">117<\/td>\n<\/tr>\n<tr>\n<td width=\"153\">B403636070<\/td>\n<td width=\"536\">Pi\u00e8ce suppl\u00e9mentaire 2 poteaux de rampe en Robusta<\/td>\n<td width=\"136\">179<\/td>\n<\/tr>\n<tr>\n<td width=\"153\">B403650025<\/td>\n<td width=\"536\">Support de pied de lit Protecto<\/td>\n<td width=\"136\">40<\/td>\n<\/tr>\n<tr>\n<td width=\"153\">B403650035<\/td>\n<td width=\"536\">Console d&#8217;escalier Protecto<\/td>\n<td width=\"136\">40<\/td>\n<\/tr>\n<\/tbody>\n<\/table>\n<p>Le mat\u00e9riel est en bon \u00e9tat d&#8217;usage et disponible sur demande.<\/p>\n","protected":false},"featured_media":32985,"template":"","meta":[],"product_brand":[],"product_cat":[392,385,377],"product_tag":[],"class_list":{"0":"post-32967","1":"product","2":"type-product","3":"status-publish","4":"has-post-thumbnail","6":"product_cat-article-special","7":"product_cat-supports","8":"product_cat-volets","10":"first","11":"instock","12":"taxable","13":"shipping-taxable","14":"product-type-simple"},"yoast_head":"<!-- This site is optimized with the Yoast SEO plugin v26.5 - https:\/\/yoast.com\/wordpress\/plugins\/seo\/ -->\n<title>Syst\u00e8me de barri\u00e8re \u00e0 mailles en acier Combisafe - JH - ITC GmbH<\/title>\n<meta name=\"description\" content=\"Syst\u00e8me de barri\u00e8re \u00e0 mailles en acier Combisafe. Fabricants renomm\u00e9s \u2714 Coffrages, \u00e9taiements, \u00e9chafaudages &amp; machines de chantier neufs &amp; d&#039;occasion \u2714 Demandez une offre maintenant!\" \/>\n<meta name=\"robots\" content=\"noindex, follow, max-snippet:-1, max-image-preview:large, max-video-preview:-1\" \/>\n<meta property=\"og:locale\" content=\"fr_FR\" \/>\n<meta property=\"og:type\" content=\"article\" \/>\n<meta property=\"og:title\" content=\"Syst\u00e8me de barri\u00e8re \u00e0 mailles en acier Combisafe - JH - ITC GmbH\" \/>\n<meta property=\"og:description\" content=\"Syst\u00e8me de barri\u00e8re \u00e0 mailles en acier Combisafe. Fabricants renomm\u00e9s \u2714 Coffrages, \u00e9taiements, \u00e9chafaudages &amp; machines de chantier neufs &amp; d&#039;occasion \u2714 Demandez une offre maintenant!\" \/>\n<meta property=\"og:url\" content=\"https:\/\/stage.jh-itc.de\/fr\/shop\/volets\/combisafe-2\/\" \/>\n<meta property=\"og:site_name\" content=\"JH - ITC GmbH\" \/>\n<meta property=\"article:publisher\" content=\"https:\/\/www.facebook.com\/schalungshandel\" \/>\n<meta property=\"og:image\" content=\"https:\/\/stage.jh-itc.de\/wp-content\/uploads\/2020\/04\/Combisafe-Material-5.jpg\" \/>\n\t<meta property=\"og:image:width\" content=\"1600\" \/>\n\t<meta property=\"og:image:height\" content=\"1200\" \/>\n\t<meta property=\"og:image:type\" content=\"image\/jpeg\" \/>\n<meta name=\"twitter:card\" content=\"summary_large_image\" \/>\n<meta name=\"twitter:site\" content=\"@JH_ITC\" \/>\n<!-- \/ Yoast SEO plugin. -->","yoast_head_json":{"title":"Syst\u00e8me de barri\u00e8re \u00e0 mailles en acier Combisafe - JH - ITC GmbH","description":"Syst\u00e8me de barri\u00e8re \u00e0 mailles en acier Combisafe. Fabricants renomm\u00e9s \u2714 Coffrages, \u00e9taiements, \u00e9chafaudages & machines de chantier neufs & d'occasion \u2714 Demandez une offre maintenant!","robots":{"index":"noindex","follow":"follow","max-snippet":"max-snippet:-1","max-image-preview":"max-image-preview:large","max-video-preview":"max-video-preview:-1"},"og_locale":"fr_FR","og_type":"article","og_title":"Syst\u00e8me de barri\u00e8re \u00e0 mailles en acier Combisafe - JH - ITC GmbH","og_description":"Syst\u00e8me de barri\u00e8re \u00e0 mailles en acier Combisafe. Fabricants renomm\u00e9s \u2714 Coffrages, \u00e9taiements, \u00e9chafaudages & machines de chantier neufs & d'occasion \u2714 Demandez une offre maintenant!","og_url":"https:\/\/stage.jh-itc.de\/fr\/shop\/volets\/combisafe-2\/","og_site_name":"JH - ITC GmbH","article_publisher":"https:\/\/www.facebook.com\/schalungshandel","og_image":[{"width":1600,"height":1200,"url":"https:\/\/stage.jh-itc.de\/wp-content\/uploads\/2020\/04\/Combisafe-Material-5.jpg","type":"image\/jpeg"}],"twitter_card":"summary_large_image","twitter_site":"@JH_ITC","schema":{"@context":"https:\/\/schema.org","@graph":[{"@type":"WebPage","@id":"https:\/\/stage.jh-itc.de\/fr\/shop\/volets\/combisafe-2\/","url":"https:\/\/stage.jh-itc.de\/fr\/shop\/volets\/combisafe-2\/","name":"Syst\u00e8me de barri\u00e8re \u00e0 mailles en acier Combisafe - JH - ITC GmbH","isPartOf":{"@id":"https:\/\/stage.jh-itc.de\/fr\/#website"},"primaryImageOfPage":{"@id":"https:\/\/stage.jh-itc.de\/fr\/shop\/volets\/combisafe-2\/#primaryimage"},"image":{"@id":"https:\/\/stage.jh-itc.de\/fr\/shop\/volets\/combisafe-2\/#primaryimage"},"thumbnailUrl":"https:\/\/stage.jh-itc.de\/wp-content\/uploads\/2020\/04\/Combisafe-Material-5.jpg","datePublished":"2021-08-30T17:07:25+00:00","description":"Syst\u00e8me de barri\u00e8re \u00e0 mailles en acier Combisafe. Fabricants renomm\u00e9s \u2714 Coffrages, \u00e9taiements, \u00e9chafaudages & machines de chantier neufs & d'occasion \u2714 Demandez une offre maintenant!","breadcrumb":{"@id":"https:\/\/stage.jh-itc.de\/fr\/shop\/volets\/combisafe-2\/#breadcrumb"},"inLanguage":"fr-FR","potentialAction":[{"@type":"ReadAction","target":["https:\/\/stage.jh-itc.de\/fr\/shop\/volets\/combisafe-2\/"]}]},{"@type":"ImageObject","inLanguage":"fr-FR","@id":"https:\/\/stage.jh-itc.de\/fr\/shop\/volets\/combisafe-2\/#primaryimage","url":"https:\/\/stage.jh-itc.de\/wp-content\/uploads\/2020\/04\/Combisafe-Material-5.jpg","contentUrl":"https:\/\/stage.jh-itc.de\/wp-content\/uploads\/2020\/04\/Combisafe-Material-5.jpg","width":1600,"height":1200},{"@type":"BreadcrumbList","@id":"https:\/\/stage.jh-itc.de\/fr\/shop\/volets\/combisafe-2\/#breadcrumb","itemListElement":[{"@type":"ListItem","position":1,"name":"Home","item":"https:\/\/stage.jh-itc.de\/fr\/coffrages-etais-et-echafaudages-de-professionnels\/"},{"@type":"ListItem","position":2,"name":"Boutique","item":"https:\/\/stage.jh-itc.de\/fr\/boutique\/"},{"@type":"ListItem","position":3,"name":"Syst\u00e8me de barri\u00e8re \u00e0 mailles en acier Combisafe"}]},{"@type":"WebSite","@id":"https:\/\/stage.jh-itc.de\/fr\/#website","url":"https:\/\/stage.jh-itc.de\/fr\/","name":"JH - ITC GmbH","description":"Ihr Experte f\u00fcr gebrauchte St\u00fctzen, Schalungen und Ger\u00fcste","publisher":{"@id":"https:\/\/stage.jh-itc.de\/fr\/#organization"},"potentialAction":[{"@type":"SearchAction","target":{"@type":"EntryPoint","urlTemplate":"https:\/\/stage.jh-itc.de\/fr\/?s={search_term_string}"},"query-input":{"@type":"PropertyValueSpecification","valueRequired":true,"valueName":"search_term_string"}}],"inLanguage":"fr-FR"},{"@type":"Organization","@id":"https:\/\/stage.jh-itc.de\/fr\/#organization","name":"JH-ITC GmbH","url":"https:\/\/stage.jh-itc.de\/fr\/","logo":{"@type":"ImageObject","inLanguage":"fr-FR","@id":"https:\/\/stage.jh-itc.de\/fr\/#\/schema\/logo\/image\/","url":"https:\/\/stage.jh-itc.de\/wp-content\/uploads\/2016\/01\/JH-ITC2-1.png","contentUrl":"https:\/\/stage.jh-itc.de\/wp-content\/uploads\/2016\/01\/JH-ITC2-1.png","width":300,"height":102,"caption":"JH-ITC GmbH"},"image":{"@id":"https:\/\/stage.jh-itc.de\/fr\/#\/schema\/logo\/image\/"},"sameAs":["https:\/\/www.facebook.com\/schalungshandel","https:\/\/x.com\/JH_ITC","https:\/\/www.linkedin.com\/in\/jhitc","https:\/\/youtu.be\/rMdZ-FLfI-Y"]}]}},"_links":{"self":[{"href":"https:\/\/stage.jh-itc.de\/fr\/wp-json\/wp\/v2\/product\/32967","targetHints":{"allow":["GET"]}}],"collection":[{"href":"https:\/\/stage.jh-itc.de\/fr\/wp-json\/wp\/v2\/product"}],"about":[{"href":"https:\/\/stage.jh-itc.de\/fr\/wp-json\/wp\/v2\/types\/product"}],"wp:featuredmedia":[{"embeddable":true,"href":"https:\/\/stage.jh-itc.de\/fr\/wp-json\/wp\/v2\/media\/32985"}],"wp:attachment":[{"href":"https:\/\/stage.jh-itc.de\/fr\/wp-json\/wp\/v2\/media?parent=32967"}],"wp:term":[{"taxonomy":"product_brand","embeddable":true,"href":"https:\/\/stage.jh-itc.de\/fr\/wp-json\/wp\/v2\/product_brand?post=32967"},{"taxonomy":"product_cat","embeddable":true,"href":"https:\/\/stage.jh-itc.de\/fr\/wp-json\/wp\/v2\/product_cat?post=32967"},{"taxonomy":"product_tag","embeddable":true,"href":"https:\/\/stage.jh-itc.de\/fr\/wp-json\/wp\/v2\/product_tag?post=32967"}],"curies":[{"name":"wp","href":"https:\/\/api.w.org\/{rel}","templated":true}]}}