{"id":32914,"date":"2019-06-23T11:50:35","date_gmt":"2021-08-30T17:07:24","guid":{"rendered":"https:\/\/www.jh-itc.de\/shop\/non class\u00e9\/coffrage-rasto-de-huennebeck-3-00m\/"},"modified":"2021-08-30T19:07:24","modified_gmt":"2021-08-30T17:07:24","slug":"huennebeck-rasto-formwork-300m","status":"publish","type":"product","link":"https:\/\/stage.jh-itc.de\/fr\/shop\/huennebeck-fr\/huennebeck-rasto-fr\/huennebeck-rasto-formwork-300m\/","title":{"rendered":"Coffrage Rasto de H\u00fcnnebeck 3.00m"},"content":{"rendered":"","protected":false},"excerpt":{"rendered":"<p>Nous vous proposons un lot de <strong>423 m\u00b2<\/strong> d&#8217;occasion <strong>&#8211; H\u00fcnnebeck Rasto Formwork 3,00m<\/strong> incl. Accessoires sur.<\/p>\n<p>Le coffrage est en tr\u00e8s bon \u00e9tat et pr\u00eat \u00e0 \u00eatre utilis\u00e9 imm\u00e9diatement.<\/p>\n<table width=\"302\">\n<tbody>\n<tr>\n<td width=\"80\">Quantit\u00e9<\/td>\n<td width=\"222\">Description de l&#8217;article<\/td>\n<\/tr>\n<tr>\n<td>26<\/td>\n<td>Boulon 16 mm 60\/70<\/td>\n<\/tr>\n<tr>\n<td>33<\/td>\n<td>Dessus de la console Manto HITA<\/td>\n<\/tr>\n<tr>\n<td>54<\/td>\n<td>Raccordement du support MANTO HITA ci-dessous<\/td>\n<\/tr>\n<tr>\n<td>12<\/td>\n<td>Pied de jambe de force 25cm H\u00fccco<\/td>\n<\/tr>\n<tr>\n<td>100<\/td>\n<td>Panneau RASTO 90 x 300<\/td>\n<\/tr>\n<tr>\n<td>8<\/td>\n<td>Tableau RASTO 75 x 300<\/td>\n<\/tr>\n<tr>\n<td>8<\/td>\n<td>Tableau RASTO 65 x 300<\/td>\n<\/tr>\n<tr>\n<td>8<\/td>\n<td>Panneau RASTO 60 x 300<\/td>\n<\/tr>\n<tr>\n<td>8<\/td>\n<td>Tableau RASTO 55 x 300<\/td>\n<\/tr>\n<tr>\n<td>8<\/td>\n<td>Panneau RASTO 50 x 300<\/td>\n<\/tr>\n<tr>\n<td>8<\/td>\n<td>Tableau RASTO 45 x 300<\/td>\n<\/tr>\n<tr>\n<td>8<\/td>\n<td>Tableau RASTO 30 x 300<\/td>\n<\/tr>\n<tr>\n<td>10<\/td>\n<td>Panneau RASTO 90 x 150<\/td>\n<\/tr>\n<tr>\n<td>4<\/td>\n<td>Panneau RASTO 75 x 150<\/td>\n<\/tr>\n<tr>\n<td>6<\/td>\n<td>Tableau RASTO 65 x 150<\/td>\n<\/tr>\n<tr>\n<td>2<\/td>\n<td>Planche RASTO 55 x 150<\/td>\n<\/tr>\n<tr>\n<td>4<\/td>\n<td>RASTO coin int\u00e9rieur 30\/300<\/td>\n<\/tr>\n<tr>\n<td>2<\/td>\n<td>RASTO coin int\u00e9rieur 30\/150<\/td>\n<\/tr>\n<tr>\n<td>4<\/td>\n<td>RASTO coin articul\u00e9 30\/300<\/td>\n<\/tr>\n<tr>\n<td>2<\/td>\n<td>RASTO coin articul\u00e9 15\/300<\/td>\n<\/tr>\n<tr>\n<td>4<\/td>\n<td>RASTO coin articul\u00e9 15\/150<\/td>\n<\/tr>\n<tr>\n<td>8<\/td>\n<td>Planche RASTO VZ 70 x 300 S<\/td>\n<\/tr>\n<tr>\n<td>10<\/td>\n<td>Compensation d&#8217;angle RASTO 5\/300<\/td>\n<\/tr>\n<tr>\n<td>80<\/td>\n<td>Tendeur de boulons<\/td>\n<\/tr>\n<tr>\n<td>72<\/td>\n<td>Tendeur de loquet long<\/td>\n<\/tr>\n<tr>\n<td>314<\/td>\n<td>Pince RASTO<\/td>\n<\/tr>\n<tr>\n<td>72<\/td>\n<td>Pince de coin RASTO V<\/td>\n<\/tr>\n<tr>\n<td>78<\/td>\n<td>Pince combin\u00e9e RASTO<\/td>\n<\/tr>\n<tr>\n<td>120<\/td>\n<td>Pince centrale<\/td>\n<\/tr>\n<tr>\n<td>307<\/td>\n<td>\u00c9crou de centrage 100<\/td>\n<\/tr>\n<tr>\n<td>38<\/td>\n<td>Console de fonctionnement RASTO<\/td>\n<\/tr>\n<tr>\n<td>25<\/td>\n<td>Jambe de force TAKKO<\/td>\n<\/tr>\n<tr>\n<td>4<\/td>\n<td>Pied de jambe de force<\/td>\n<\/tr>\n<tr>\n<td>4<\/td>\n<td>Crochets de transport RASTO\/TAKKO<\/td>\n<\/tr>\n<tr>\n<td>614<\/td>\n<td>\u00c9crou d&#8217;ancrage 85<\/td>\n<\/tr>\n<tr>\n<td>250<\/td>\n<td>Tige d&#8217;ancrage 100 cm (DW 15)<\/td>\n<\/tr>\n<tr>\n<td>18<\/td>\n<td>Support mural GR.4 (3,20 m- 3,90 m)<\/td>\n<\/tr>\n<tr>\n<td>2<\/td>\n<td>Cadre d&#8217;empilage Euro 120\/80<\/td>\n<\/tr>\n<tr>\n<td>93<\/td>\n<td>Colonne d&#8217;empilage<\/td>\n<\/tr>\n<tr>\n<td>24<\/td>\n<td>Compensation de l&#8217;\u00e9paisseur de la paroi 3.00m<\/td>\n<\/tr>\n<\/tbody>\n<\/table>\n<p>Si vous \u00eates int\u00e9ress\u00e9, veuillez nous envoyer votre demande.<\/p>\n<p>&nbsp;<\/p>\n","protected":false},"featured_media":32971,"template":"","meta":[],"product_brand":[],"product_cat":[380,384,377],"product_tag":[],"class_list":{"0":"post-32914","1":"product","2":"type-product","3":"status-publish","4":"has-post-thumbnail","6":"product_cat-huennebeck-fr","7":"product_cat-huennebeck-rasto-fr","8":"product_cat-volets","10":"first","11":"instock","12":"taxable","13":"shipping-taxable","14":"product-type-simple"},"yoast_head":"<!-- This site is optimized with the Yoast SEO plugin v26.5 - https:\/\/yoast.com\/wordpress\/plugins\/seo\/ -->\n<title>Coffrage Rasto de H\u00fcnnebeck 3.00m - JH - ITC GmbH<\/title>\n<meta name=\"description\" content=\"Nous vous proposons un coffrage H\u00fcnnebeck Rasto d&#039;occasion, y compris un coffrage pour le transport de marchandises. Accessoires sur.\" \/>\n<meta name=\"robots\" content=\"noindex, follow, max-snippet:-1, max-image-preview:large, max-video-preview:-1\" \/>\n<meta property=\"og:locale\" content=\"fr_FR\" \/>\n<meta property=\"og:type\" content=\"article\" \/>\n<meta property=\"og:title\" content=\"Coffrage Rasto de H\u00fcnnebeck 3.00m - JH - ITC GmbH\" \/>\n<meta property=\"og:description\" content=\"Nous vous proposons un coffrage H\u00fcnnebeck Rasto d&#039;occasion, y compris un coffrage pour le transport de marchandises. Accessoires sur.\" \/>\n<meta property=\"og:url\" content=\"https:\/\/stage.jh-itc.de\/fr\/shop\/huennebeck-fr\/huennebeck-rasto-fr\/huennebeck-rasto-formwork-300m\/\" \/>\n<meta property=\"og:site_name\" content=\"JH - ITC GmbH\" \/>\n<meta property=\"article:publisher\" content=\"https:\/\/www.facebook.com\/schalungshandel\" \/>\n<meta property=\"og:image\" content=\"https:\/\/stage.jh-itc.de\/wp-content\/uploads\/2019\/06\/Rasto-300-1-Klein.jpeg\" \/>\n\t<meta property=\"og:image:width\" content=\"640\" \/>\n\t<meta property=\"og:image:height\" content=\"480\" \/>\n\t<meta property=\"og:image:type\" content=\"image\/jpeg\" \/>\n<meta name=\"twitter:card\" content=\"summary_large_image\" \/>\n<meta name=\"twitter:site\" content=\"@JH_ITC\" \/>\n<!-- \/ Yoast SEO plugin. -->","yoast_head_json":{"title":"Coffrage Rasto de H\u00fcnnebeck 3.00m - JH - ITC GmbH","description":"Nous vous proposons un coffrage H\u00fcnnebeck Rasto d'occasion, y compris un coffrage pour le transport de marchandises. Accessoires sur.","robots":{"index":"noindex","follow":"follow","max-snippet":"max-snippet:-1","max-image-preview":"max-image-preview:large","max-video-preview":"max-video-preview:-1"},"og_locale":"fr_FR","og_type":"article","og_title":"Coffrage Rasto de H\u00fcnnebeck 3.00m - JH - ITC GmbH","og_description":"Nous vous proposons un coffrage H\u00fcnnebeck Rasto d'occasion, y compris un coffrage pour le transport de marchandises. Accessoires sur.","og_url":"https:\/\/stage.jh-itc.de\/fr\/shop\/huennebeck-fr\/huennebeck-rasto-fr\/huennebeck-rasto-formwork-300m\/","og_site_name":"JH - ITC GmbH","article_publisher":"https:\/\/www.facebook.com\/schalungshandel","og_image":[{"width":640,"height":480,"url":"https:\/\/stage.jh-itc.de\/wp-content\/uploads\/2019\/06\/Rasto-300-1-Klein.jpeg","type":"image\/jpeg"}],"twitter_card":"summary_large_image","twitter_site":"@JH_ITC","schema":{"@context":"https:\/\/schema.org","@graph":[{"@type":"WebPage","@id":"https:\/\/stage.jh-itc.de\/fr\/shop\/huennebeck-fr\/huennebeck-rasto-fr\/huennebeck-rasto-formwork-300m\/","url":"https:\/\/stage.jh-itc.de\/fr\/shop\/huennebeck-fr\/huennebeck-rasto-fr\/huennebeck-rasto-formwork-300m\/","name":"Coffrage Rasto de H\u00fcnnebeck 3.00m - JH - ITC GmbH","isPartOf":{"@id":"https:\/\/stage.jh-itc.de\/fr\/#website"},"primaryImageOfPage":{"@id":"https:\/\/stage.jh-itc.de\/fr\/shop\/huennebeck-fr\/huennebeck-rasto-fr\/huennebeck-rasto-formwork-300m\/#primaryimage"},"image":{"@id":"https:\/\/stage.jh-itc.de\/fr\/shop\/huennebeck-fr\/huennebeck-rasto-fr\/huennebeck-rasto-formwork-300m\/#primaryimage"},"thumbnailUrl":"https:\/\/stage.jh-itc.de\/wp-content\/uploads\/2019\/06\/Rasto-300-1-Klein.jpeg","datePublished":"2021-08-30T17:07:24+00:00","description":"Nous vous proposons un coffrage H\u00fcnnebeck Rasto d'occasion, y compris un coffrage pour le transport de marchandises. Accessoires sur.","breadcrumb":{"@id":"https:\/\/stage.jh-itc.de\/fr\/shop\/huennebeck-fr\/huennebeck-rasto-fr\/huennebeck-rasto-formwork-300m\/#breadcrumb"},"inLanguage":"fr-FR","potentialAction":[{"@type":"ReadAction","target":["https:\/\/stage.jh-itc.de\/fr\/shop\/huennebeck-fr\/huennebeck-rasto-fr\/huennebeck-rasto-formwork-300m\/"]}]},{"@type":"ImageObject","inLanguage":"fr-FR","@id":"https:\/\/stage.jh-itc.de\/fr\/shop\/huennebeck-fr\/huennebeck-rasto-fr\/huennebeck-rasto-formwork-300m\/#primaryimage","url":"https:\/\/stage.jh-itc.de\/wp-content\/uploads\/2019\/06\/Rasto-300-1-Klein.jpeg","contentUrl":"https:\/\/stage.jh-itc.de\/wp-content\/uploads\/2019\/06\/Rasto-300-1-Klein.jpeg","width":640,"height":480},{"@type":"BreadcrumbList","@id":"https:\/\/stage.jh-itc.de\/fr\/shop\/huennebeck-fr\/huennebeck-rasto-fr\/huennebeck-rasto-formwork-300m\/#breadcrumb","itemListElement":[{"@type":"ListItem","position":1,"name":"Home","item":"https:\/\/stage.jh-itc.de\/fr\/coffrages-etais-et-echafaudages-de-professionnels\/"},{"@type":"ListItem","position":2,"name":"Boutique","item":"https:\/\/stage.jh-itc.de\/fr\/boutique\/"},{"@type":"ListItem","position":3,"name":"Coffrage Rasto de H\u00fcnnebeck 3.00m"}]},{"@type":"WebSite","@id":"https:\/\/stage.jh-itc.de\/fr\/#website","url":"https:\/\/stage.jh-itc.de\/fr\/","name":"JH - ITC GmbH","description":"Ihr Experte f\u00fcr gebrauchte St\u00fctzen, Schalungen und Ger\u00fcste","publisher":{"@id":"https:\/\/stage.jh-itc.de\/fr\/#organization"},"potentialAction":[{"@type":"SearchAction","target":{"@type":"EntryPoint","urlTemplate":"https:\/\/stage.jh-itc.de\/fr\/?s={search_term_string}"},"query-input":{"@type":"PropertyValueSpecification","valueRequired":true,"valueName":"search_term_string"}}],"inLanguage":"fr-FR"},{"@type":"Organization","@id":"https:\/\/stage.jh-itc.de\/fr\/#organization","name":"JH-ITC GmbH","url":"https:\/\/stage.jh-itc.de\/fr\/","logo":{"@type":"ImageObject","inLanguage":"fr-FR","@id":"https:\/\/stage.jh-itc.de\/fr\/#\/schema\/logo\/image\/","url":"https:\/\/stage.jh-itc.de\/wp-content\/uploads\/2016\/01\/JH-ITC2-1.png","contentUrl":"https:\/\/stage.jh-itc.de\/wp-content\/uploads\/2016\/01\/JH-ITC2-1.png","width":300,"height":102,"caption":"JH-ITC GmbH"},"image":{"@id":"https:\/\/stage.jh-itc.de\/fr\/#\/schema\/logo\/image\/"},"sameAs":["https:\/\/www.facebook.com\/schalungshandel","https:\/\/x.com\/JH_ITC","https:\/\/www.linkedin.com\/in\/jhitc","https:\/\/youtu.be\/rMdZ-FLfI-Y"]}]}},"_links":{"self":[{"href":"https:\/\/stage.jh-itc.de\/fr\/wp-json\/wp\/v2\/product\/32914","targetHints":{"allow":["GET"]}}],"collection":[{"href":"https:\/\/stage.jh-itc.de\/fr\/wp-json\/wp\/v2\/product"}],"about":[{"href":"https:\/\/stage.jh-itc.de\/fr\/wp-json\/wp\/v2\/types\/product"}],"wp:featuredmedia":[{"embeddable":true,"href":"https:\/\/stage.jh-itc.de\/fr\/wp-json\/wp\/v2\/media\/32971"}],"wp:attachment":[{"href":"https:\/\/stage.jh-itc.de\/fr\/wp-json\/wp\/v2\/media?parent=32914"}],"wp:term":[{"taxonomy":"product_brand","embeddable":true,"href":"https:\/\/stage.jh-itc.de\/fr\/wp-json\/wp\/v2\/product_brand?post=32914"},{"taxonomy":"product_cat","embeddable":true,"href":"https:\/\/stage.jh-itc.de\/fr\/wp-json\/wp\/v2\/product_cat?post=32914"},{"taxonomy":"product_tag","embeddable":true,"href":"https:\/\/stage.jh-itc.de\/fr\/wp-json\/wp\/v2\/product_tag?post=32914"}],"curies":[{"name":"wp","href":"https:\/\/api.w.org\/{rel}","templated":true}]}}