{"id":32695,"date":"2018-11-21T20:25:13","date_gmt":"2021-08-30T17:07:15","guid":{"rendered":"https:\/\/www.jh-itc.de\/shop\/non class\u00e9\/pilosio-mp-echafaudage\/"},"modified":"2021-08-30T19:07:15","modified_gmt":"2021-08-30T17:07:15","slug":"pilosio-mp-scaffolding-2","status":"publish","type":"product","link":"https:\/\/stage.jh-itc.de\/fr\/shop\/echafaudage\/pilosio-mp-scaffolding-2\/","title":{"rendered":"Pilosio MP Echafaudage"},"content":{"rendered":"","protected":false},"excerpt":{"rendered":"<p>Nous pouvons proposer de suivre le mat\u00e9riel d&#8217;<strong>\u00e9chafaudage Pilosio MP<\/strong> en tr\u00e8s bon \u00e9tat.<\/p>\n<p>La plupart des mat\u00e9riaux ne sont jamais utilis\u00e9s ou ne le sont qu&#8217;une seule fois.<\/p>\n<p>Si vous \u00eates int\u00e9ress\u00e9, veuillez nous contacter.<\/p>\n","protected":false},"featured_media":32756,"template":"","meta":[],"product_brand":[],"product_cat":[376],"product_tag":[],"class_list":{"0":"post-32695","1":"product","2":"type-product","3":"status-publish","4":"has-post-thumbnail","6":"product_cat-echafaudage","8":"first","9":"instock","10":"taxable","11":"shipping-taxable","12":"product-type-simple"},"yoast_head":"<!-- This site is optimized with the Yoast SEO plugin v26.5 - https:\/\/yoast.com\/wordpress\/plugins\/seo\/ -->\n<title>Pilosio MP Echafaudage - JH - ITC GmbH<\/title>\n<meta name=\"description\" content=\"Pilosio MP Echafaudage en tr\u00e8s bonnes conditions \u00e0 vendre\" \/>\n<meta name=\"robots\" content=\"noindex, follow, max-snippet:-1, max-image-preview:large, max-video-preview:-1\" \/>\n<meta property=\"og:locale\" content=\"fr_FR\" \/>\n<meta property=\"og:type\" content=\"article\" \/>\n<meta property=\"og:title\" content=\"Pilosio MP Echafaudage - JH - ITC GmbH\" \/>\n<meta property=\"og:description\" content=\"Pilosio MP Echafaudage en tr\u00e8s bonnes conditions \u00e0 vendre\" \/>\n<meta property=\"og:url\" content=\"https:\/\/stage.jh-itc.de\/fr\/shop\/echafaudage\/pilosio-mp-scaffolding-2\/\" \/>\n<meta property=\"og:site_name\" content=\"JH - ITC GmbH\" \/>\n<meta property=\"article:publisher\" content=\"https:\/\/www.facebook.com\/schalungshandel\" \/>\n<meta property=\"og:image\" content=\"https:\/\/stage.jh-itc.de\/wp-content\/uploads\/2018\/11\/Pilosio-MP-Scaffold-9.jpg\" \/>\n\t<meta property=\"og:image:width\" content=\"720\" \/>\n\t<meta property=\"og:image:height\" content=\"1280\" \/>\n\t<meta property=\"og:image:type\" content=\"image\/jpeg\" \/>\n<meta name=\"twitter:card\" content=\"summary_large_image\" \/>\n<meta name=\"twitter:site\" content=\"@JH_ITC\" \/>\n<!-- \/ Yoast SEO plugin. -->","yoast_head_json":{"title":"Pilosio MP Echafaudage - JH - ITC GmbH","description":"Pilosio MP Echafaudage en tr\u00e8s bonnes conditions \u00e0 vendre","robots":{"index":"noindex","follow":"follow","max-snippet":"max-snippet:-1","max-image-preview":"max-image-preview:large","max-video-preview":"max-video-preview:-1"},"og_locale":"fr_FR","og_type":"article","og_title":"Pilosio MP Echafaudage - JH - ITC GmbH","og_description":"Pilosio MP Echafaudage en tr\u00e8s bonnes conditions \u00e0 vendre","og_url":"https:\/\/stage.jh-itc.de\/fr\/shop\/echafaudage\/pilosio-mp-scaffolding-2\/","og_site_name":"JH - ITC GmbH","article_publisher":"https:\/\/www.facebook.com\/schalungshandel","og_image":[{"width":720,"height":1280,"url":"https:\/\/stage.jh-itc.de\/wp-content\/uploads\/2018\/11\/Pilosio-MP-Scaffold-9.jpg","type":"image\/jpeg"}],"twitter_card":"summary_large_image","twitter_site":"@JH_ITC","schema":{"@context":"https:\/\/schema.org","@graph":[{"@type":"WebPage","@id":"https:\/\/stage.jh-itc.de\/fr\/shop\/echafaudage\/pilosio-mp-scaffolding-2\/","url":"https:\/\/stage.jh-itc.de\/fr\/shop\/echafaudage\/pilosio-mp-scaffolding-2\/","name":"Pilosio MP Echafaudage - JH - ITC GmbH","isPartOf":{"@id":"https:\/\/stage.jh-itc.de\/fr\/#website"},"primaryImageOfPage":{"@id":"https:\/\/stage.jh-itc.de\/fr\/shop\/echafaudage\/pilosio-mp-scaffolding-2\/#primaryimage"},"image":{"@id":"https:\/\/stage.jh-itc.de\/fr\/shop\/echafaudage\/pilosio-mp-scaffolding-2\/#primaryimage"},"thumbnailUrl":"https:\/\/stage.jh-itc.de\/wp-content\/uploads\/2018\/11\/Pilosio-MP-Scaffold-9.jpg","datePublished":"2021-08-30T17:07:15+00:00","description":"Pilosio MP Echafaudage en tr\u00e8s bonnes conditions \u00e0 vendre","breadcrumb":{"@id":"https:\/\/stage.jh-itc.de\/fr\/shop\/echafaudage\/pilosio-mp-scaffolding-2\/#breadcrumb"},"inLanguage":"fr-FR","potentialAction":[{"@type":"ReadAction","target":["https:\/\/stage.jh-itc.de\/fr\/shop\/echafaudage\/pilosio-mp-scaffolding-2\/"]}]},{"@type":"ImageObject","inLanguage":"fr-FR","@id":"https:\/\/stage.jh-itc.de\/fr\/shop\/echafaudage\/pilosio-mp-scaffolding-2\/#primaryimage","url":"https:\/\/stage.jh-itc.de\/wp-content\/uploads\/2018\/11\/Pilosio-MP-Scaffold-9.jpg","contentUrl":"https:\/\/stage.jh-itc.de\/wp-content\/uploads\/2018\/11\/Pilosio-MP-Scaffold-9.jpg","width":720,"height":1280},{"@type":"BreadcrumbList","@id":"https:\/\/stage.jh-itc.de\/fr\/shop\/echafaudage\/pilosio-mp-scaffolding-2\/#breadcrumb","itemListElement":[{"@type":"ListItem","position":1,"name":"Home","item":"https:\/\/stage.jh-itc.de\/fr\/coffrages-etais-et-echafaudages-de-professionnels\/"},{"@type":"ListItem","position":2,"name":"Boutique","item":"https:\/\/stage.jh-itc.de\/fr\/boutique\/"},{"@type":"ListItem","position":3,"name":"Pilosio MP Echafaudage"}]},{"@type":"WebSite","@id":"https:\/\/stage.jh-itc.de\/fr\/#website","url":"https:\/\/stage.jh-itc.de\/fr\/","name":"JH - ITC GmbH","description":"Ihr Experte f\u00fcr gebrauchte St\u00fctzen, Schalungen und Ger\u00fcste","publisher":{"@id":"https:\/\/stage.jh-itc.de\/fr\/#organization"},"potentialAction":[{"@type":"SearchAction","target":{"@type":"EntryPoint","urlTemplate":"https:\/\/stage.jh-itc.de\/fr\/?s={search_term_string}"},"query-input":{"@type":"PropertyValueSpecification","valueRequired":true,"valueName":"search_term_string"}}],"inLanguage":"fr-FR"},{"@type":"Organization","@id":"https:\/\/stage.jh-itc.de\/fr\/#organization","name":"JH-ITC GmbH","url":"https:\/\/stage.jh-itc.de\/fr\/","logo":{"@type":"ImageObject","inLanguage":"fr-FR","@id":"https:\/\/stage.jh-itc.de\/fr\/#\/schema\/logo\/image\/","url":"https:\/\/stage.jh-itc.de\/wp-content\/uploads\/2016\/01\/JH-ITC2-1.png","contentUrl":"https:\/\/stage.jh-itc.de\/wp-content\/uploads\/2016\/01\/JH-ITC2-1.png","width":300,"height":102,"caption":"JH-ITC GmbH"},"image":{"@id":"https:\/\/stage.jh-itc.de\/fr\/#\/schema\/logo\/image\/"},"sameAs":["https:\/\/www.facebook.com\/schalungshandel","https:\/\/x.com\/JH_ITC","https:\/\/www.linkedin.com\/in\/jhitc","https:\/\/youtu.be\/rMdZ-FLfI-Y"]}]}},"_links":{"self":[{"href":"https:\/\/stage.jh-itc.de\/fr\/wp-json\/wp\/v2\/product\/32695","targetHints":{"allow":["GET"]}}],"collection":[{"href":"https:\/\/stage.jh-itc.de\/fr\/wp-json\/wp\/v2\/product"}],"about":[{"href":"https:\/\/stage.jh-itc.de\/fr\/wp-json\/wp\/v2\/types\/product"}],"wp:featuredmedia":[{"embeddable":true,"href":"https:\/\/stage.jh-itc.de\/fr\/wp-json\/wp\/v2\/media\/32756"}],"wp:attachment":[{"href":"https:\/\/stage.jh-itc.de\/fr\/wp-json\/wp\/v2\/media?parent=32695"}],"wp:term":[{"taxonomy":"product_brand","embeddable":true,"href":"https:\/\/stage.jh-itc.de\/fr\/wp-json\/wp\/v2\/product_brand?post=32695"},{"taxonomy":"product_cat","embeddable":true,"href":"https:\/\/stage.jh-itc.de\/fr\/wp-json\/wp\/v2\/product_cat?post=32695"},{"taxonomy":"product_tag","embeddable":true,"href":"https:\/\/stage.jh-itc.de\/fr\/wp-json\/wp\/v2\/product_tag?post=32695"}],"curies":[{"name":"wp","href":"https:\/\/api.w.org\/{rel}","templated":true}]}}