{"id":31950,"date":"2020-03-14T01:10:53","date_gmt":"2021-08-30T17:06:50","guid":{"rendered":"https:\/\/www.jh-itc.de\/shop\/non class\u00e9\/peri-rundflex-articles-speciaux\/"},"modified":"2021-08-30T19:06:50","modified_gmt":"2021-08-30T17:06:50","slug":"peri-round-flex-special","status":"publish","type":"product","link":"https:\/\/stage.jh-itc.de\/fr\/shop\/peri-fr\/peri-rundflex-fr\/peri-round-flex-special\/","title":{"rendered":"Peri Rundflex &#8211; Articles sp\u00e9ciaux"},"content":{"rendered":"","protected":false},"excerpt":{"rendered":"<p>Nous proposons un petit lot de <strong>Peri Rundflex<\/strong>.<\/p>\n<table style=\"width: 101.312%; height: 838px;\" width=\"0\">\n<tbody>\n<tr>\n<td width=\"100\"><strong>Num\u00e9ro d&#8217;article<\/strong><\/td>\n<td width=\"172\"><strong>Description de l&#8217;article<\/strong><\/td>\n<td width=\"87\"><strong>Quantit\u00e9<\/strong><\/td>\n<td width=\"87\"><strong>Prix<\/strong><\/td>\n<td width=\"92\"><strong>Prix total<\/strong><\/td>\n<td width=\"87\"><strong>kg<\/strong><\/td>\n<td width=\"87\"><strong>Total kg<\/strong><\/td>\n<\/tr>\n<tr>\n<td width=\"100\">020880<\/td>\n<td width=\"172\">\u00c9l\u00e9ment ext\u00e9rieur A 360 x 85<\/td>\n<td width=\"87\">18<\/td>\n<td width=\"87\">EUR 1,100.00<\/td>\n<td width=\"92\">19 800,00 EUR<\/td>\n<td width=\"87\">211,00<\/td>\n<td width=\"87\">3.798,00<\/td>\n<\/tr>\n<tr>\n<td width=\"100\">020890<\/td>\n<td width=\"172\">\u00c9l\u00e9ment int\u00e9rieur I 360 x 72<\/td>\n<td width=\"87\">6<\/td>\n<td width=\"87\">EUR 1 025,00<\/td>\n<td width=\"92\">EUR 6 150,00<\/td>\n<td width=\"87\">176,00<\/td>\n<td width=\"87\">1.056,00<\/td>\n<\/tr>\n<tr>\n<td width=\"100\">021620<\/td>\n<td width=\"172\">Broche de r\u00e9glage 500, galv.<\/td>\n<td width=\"87\">72<\/td>\n<td width=\"87\">54,00 EUR<\/td>\n<td width=\"92\">3,888.00 EUR<\/td>\n<td width=\"87\">3,70<\/td>\n<td width=\"87\">1.056,00<\/td>\n<\/tr>\n<tr>\n<td width=\"100\"><\/td>\n<td width=\"172\"><\/td>\n<td width=\"87\"><\/td>\n<td width=\"87\"><\/td>\n<td width=\"92\"><\/td>\n<td width=\"87\"><\/td>\n<td width=\"87\"><\/td>\n<\/tr>\n<tr>\n<td width=\"100\"><\/td>\n<td width=\"172\">Prix original<\/td>\n<td width=\"87\"><\/td>\n<td width=\"87\"><\/td>\n<td width=\"92\">29 838,00 EUR<\/td>\n<td width=\"87\"><\/td>\n<td width=\"87\"><\/td>\n<\/tr>\n<tr>\n<td width=\"100\"><\/td>\n<td width=\"172\">Remise en pourcentage<\/td>\n<td width=\"87\">81<\/td>\n<td width=\"87\"><\/td>\n<td width=\"92\">24 168,78 EUROS<\/td>\n<td width=\"87\"><\/td>\n<td width=\"87\"><\/td>\n<\/tr>\n<tr>\n<td width=\"100\"><\/td>\n<td width=\"172\"><\/td>\n<td width=\"87\"><\/td>\n<td width=\"87\"><\/td>\n<td width=\"92\"><\/td>\n<td width=\"87\"><\/td>\n<td width=\"87\"><\/td>\n<\/tr>\n<tr>\n<td width=\"100\"><strong> <\/strong><\/td>\n<td width=\"172\"><strong>Prix de vente net<\/strong><\/td>\n<td width=\"87\"><strong> <\/strong><\/td>\n<td width=\"87\"><strong> <\/strong><\/td>\n<td width=\"92\"><strong>5 669,22 EUROS<\/strong><\/td>\n<td width=\"87\"><strong> <\/strong><\/td>\n<td width=\"87\"><strong>5.910,00<\/strong><\/td>\n<\/tr>\n<tr>\n<td width=\"100\"><\/td>\n<td width=\"172\">19 % DE TVA<\/td>\n<td width=\"87\"><\/td>\n<td width=\"87\"><\/td>\n<td width=\"92\">1 077,15 EUROS<\/td>\n<td width=\"87\"><\/td>\n<td width=\"87\"><\/td>\n<\/tr>\n<tr>\n<td width=\"100\"><strong> <\/strong><\/td>\n<td width=\"172\"><strong>Prix de vente brut<\/strong><\/td>\n<td width=\"87\"><strong> <\/strong><\/td>\n<td width=\"87\"><strong> <\/strong><\/td>\n<td width=\"92\"><strong>6 746,37 EUROS<\/strong><\/td>\n<td width=\"87\"><strong> <\/strong><\/td>\n<td width=\"87\"><strong> <\/strong><\/td>\n<\/tr>\n<\/tbody>\n<\/table>\n<p>Si vous \u00eates int\u00e9ress\u00e9, veuillez nous envoyer votre demande.<\/p>\n<p>&nbsp;<\/p>\n<p>&nbsp;<\/p>\n","protected":false},"featured_media":32135,"template":"","meta":[],"product_brand":[],"product_cat":[378,390,377],"product_tag":[],"class_list":{"0":"post-31950","1":"product","2":"type-product","3":"status-publish","4":"has-post-thumbnail","6":"product_cat-peri-fr","7":"product_cat-peri-rundflex-fr","8":"product_cat-volets","10":"first","11":"instock","12":"taxable","13":"shipping-taxable","14":"product-type-simple"},"yoast_head":"<!-- This site is optimized with the Yoast SEO plugin v26.5 - https:\/\/yoast.com\/wordpress\/plugins\/seo\/ -->\n<title>Peri Rundflex - Articles sp\u00e9ciaux - JH - ITC GmbH<\/title>\n<meta name=\"description\" content=\"Peri Rundflex - Articles sp\u00e9ciaux. Fabricants renomm\u00e9s \u2714 Coffrages, \u00e9taiements, \u00e9chafaudages &amp; machines de chantier neufs &amp; d&#039;occasion \u2714 Demandez une offre maintenant!\" \/>\n<meta name=\"robots\" content=\"noindex, follow, max-snippet:-1, max-image-preview:large, max-video-preview:-1\" \/>\n<meta property=\"og:locale\" content=\"fr_FR\" \/>\n<meta property=\"og:type\" content=\"article\" \/>\n<meta property=\"og:title\" content=\"Peri Rundflex - Articles sp\u00e9ciaux - JH - ITC GmbH\" \/>\n<meta property=\"og:description\" content=\"Peri Rundflex - Articles sp\u00e9ciaux. Fabricants renomm\u00e9s \u2714 Coffrages, \u00e9taiements, \u00e9chafaudages &amp; machines de chantier neufs &amp; d&#039;occasion \u2714 Demandez une offre maintenant!\" \/>\n<meta property=\"og:url\" content=\"https:\/\/stage.jh-itc.de\/fr\/shop\/peri-fr\/peri-rundflex-fr\/peri-round-flex-special\/\" \/>\n<meta property=\"og:site_name\" content=\"JH - ITC GmbH\" \/>\n<meta property=\"article:publisher\" content=\"https:\/\/www.facebook.com\/schalungshandel\" \/>\n<meta property=\"og:image\" content=\"https:\/\/stage.jh-itc.de\/wp-content\/uploads\/2020\/03\/Peri-Rundflex-3-rotated.jpg\" \/>\n\t<meta property=\"og:image:width\" content=\"480\" \/>\n\t<meta property=\"og:image:height\" content=\"640\" \/>\n\t<meta property=\"og:image:type\" content=\"image\/jpeg\" \/>\n<meta name=\"twitter:card\" content=\"summary_large_image\" \/>\n<meta name=\"twitter:site\" content=\"@JH_ITC\" \/>\n<!-- \/ Yoast SEO plugin. -->","yoast_head_json":{"title":"Peri Rundflex - Articles sp\u00e9ciaux - JH - ITC GmbH","description":"Peri Rundflex - Articles sp\u00e9ciaux. Fabricants renomm\u00e9s \u2714 Coffrages, \u00e9taiements, \u00e9chafaudages & machines de chantier neufs & d'occasion \u2714 Demandez une offre maintenant!","robots":{"index":"noindex","follow":"follow","max-snippet":"max-snippet:-1","max-image-preview":"max-image-preview:large","max-video-preview":"max-video-preview:-1"},"og_locale":"fr_FR","og_type":"article","og_title":"Peri Rundflex - Articles sp\u00e9ciaux - JH - ITC GmbH","og_description":"Peri Rundflex - Articles sp\u00e9ciaux. Fabricants renomm\u00e9s \u2714 Coffrages, \u00e9taiements, \u00e9chafaudages & machines de chantier neufs & d'occasion \u2714 Demandez une offre maintenant!","og_url":"https:\/\/stage.jh-itc.de\/fr\/shop\/peri-fr\/peri-rundflex-fr\/peri-round-flex-special\/","og_site_name":"JH - ITC GmbH","article_publisher":"https:\/\/www.facebook.com\/schalungshandel","og_image":[{"width":480,"height":640,"url":"https:\/\/stage.jh-itc.de\/wp-content\/uploads\/2020\/03\/Peri-Rundflex-3-rotated.jpg","type":"image\/jpeg"}],"twitter_card":"summary_large_image","twitter_site":"@JH_ITC","schema":{"@context":"https:\/\/schema.org","@graph":[{"@type":"WebPage","@id":"https:\/\/stage.jh-itc.de\/fr\/shop\/peri-fr\/peri-rundflex-fr\/peri-round-flex-special\/","url":"https:\/\/stage.jh-itc.de\/fr\/shop\/peri-fr\/peri-rundflex-fr\/peri-round-flex-special\/","name":"Peri Rundflex - Articles sp\u00e9ciaux - JH - ITC GmbH","isPartOf":{"@id":"https:\/\/stage.jh-itc.de\/fr\/#website"},"primaryImageOfPage":{"@id":"https:\/\/stage.jh-itc.de\/fr\/shop\/peri-fr\/peri-rundflex-fr\/peri-round-flex-special\/#primaryimage"},"image":{"@id":"https:\/\/stage.jh-itc.de\/fr\/shop\/peri-fr\/peri-rundflex-fr\/peri-round-flex-special\/#primaryimage"},"thumbnailUrl":"https:\/\/stage.jh-itc.de\/wp-content\/uploads\/2020\/03\/Peri-Rundflex-3-rotated.jpg","datePublished":"2021-08-30T17:06:50+00:00","description":"Peri Rundflex - Articles sp\u00e9ciaux. Fabricants renomm\u00e9s \u2714 Coffrages, \u00e9taiements, \u00e9chafaudages & machines de chantier neufs & d'occasion \u2714 Demandez une offre maintenant!","breadcrumb":{"@id":"https:\/\/stage.jh-itc.de\/fr\/shop\/peri-fr\/peri-rundflex-fr\/peri-round-flex-special\/#breadcrumb"},"inLanguage":"fr-FR","potentialAction":[{"@type":"ReadAction","target":["https:\/\/stage.jh-itc.de\/fr\/shop\/peri-fr\/peri-rundflex-fr\/peri-round-flex-special\/"]}]},{"@type":"ImageObject","inLanguage":"fr-FR","@id":"https:\/\/stage.jh-itc.de\/fr\/shop\/peri-fr\/peri-rundflex-fr\/peri-round-flex-special\/#primaryimage","url":"https:\/\/stage.jh-itc.de\/wp-content\/uploads\/2020\/03\/Peri-Rundflex-3-rotated.jpg","contentUrl":"https:\/\/stage.jh-itc.de\/wp-content\/uploads\/2020\/03\/Peri-Rundflex-3-rotated.jpg","width":480,"height":640},{"@type":"BreadcrumbList","@id":"https:\/\/stage.jh-itc.de\/fr\/shop\/peri-fr\/peri-rundflex-fr\/peri-round-flex-special\/#breadcrumb","itemListElement":[{"@type":"ListItem","position":1,"name":"Home","item":"https:\/\/stage.jh-itc.de\/fr\/coffrages-etais-et-echafaudages-de-professionnels\/"},{"@type":"ListItem","position":2,"name":"Boutique","item":"https:\/\/stage.jh-itc.de\/fr\/boutique\/"},{"@type":"ListItem","position":3,"name":"Peri Rundflex &#8211; Articles sp\u00e9ciaux"}]},{"@type":"WebSite","@id":"https:\/\/stage.jh-itc.de\/fr\/#website","url":"https:\/\/stage.jh-itc.de\/fr\/","name":"JH - ITC GmbH","description":"Ihr Experte f\u00fcr gebrauchte St\u00fctzen, Schalungen und Ger\u00fcste","publisher":{"@id":"https:\/\/stage.jh-itc.de\/fr\/#organization"},"potentialAction":[{"@type":"SearchAction","target":{"@type":"EntryPoint","urlTemplate":"https:\/\/stage.jh-itc.de\/fr\/?s={search_term_string}"},"query-input":{"@type":"PropertyValueSpecification","valueRequired":true,"valueName":"search_term_string"}}],"inLanguage":"fr-FR"},{"@type":"Organization","@id":"https:\/\/stage.jh-itc.de\/fr\/#organization","name":"JH-ITC GmbH","url":"https:\/\/stage.jh-itc.de\/fr\/","logo":{"@type":"ImageObject","inLanguage":"fr-FR","@id":"https:\/\/stage.jh-itc.de\/fr\/#\/schema\/logo\/image\/","url":"https:\/\/stage.jh-itc.de\/wp-content\/uploads\/2016\/01\/JH-ITC2-1.png","contentUrl":"https:\/\/stage.jh-itc.de\/wp-content\/uploads\/2016\/01\/JH-ITC2-1.png","width":300,"height":102,"caption":"JH-ITC GmbH"},"image":{"@id":"https:\/\/stage.jh-itc.de\/fr\/#\/schema\/logo\/image\/"},"sameAs":["https:\/\/www.facebook.com\/schalungshandel","https:\/\/x.com\/JH_ITC","https:\/\/www.linkedin.com\/in\/jhitc","https:\/\/youtu.be\/rMdZ-FLfI-Y"]}]}},"_links":{"self":[{"href":"https:\/\/stage.jh-itc.de\/fr\/wp-json\/wp\/v2\/product\/31950","targetHints":{"allow":["GET"]}}],"collection":[{"href":"https:\/\/stage.jh-itc.de\/fr\/wp-json\/wp\/v2\/product"}],"about":[{"href":"https:\/\/stage.jh-itc.de\/fr\/wp-json\/wp\/v2\/types\/product"}],"wp:featuredmedia":[{"embeddable":true,"href":"https:\/\/stage.jh-itc.de\/fr\/wp-json\/wp\/v2\/media\/32135"}],"wp:attachment":[{"href":"https:\/\/stage.jh-itc.de\/fr\/wp-json\/wp\/v2\/media?parent=31950"}],"wp:term":[{"taxonomy":"product_brand","embeddable":true,"href":"https:\/\/stage.jh-itc.de\/fr\/wp-json\/wp\/v2\/product_brand?post=31950"},{"taxonomy":"product_cat","embeddable":true,"href":"https:\/\/stage.jh-itc.de\/fr\/wp-json\/wp\/v2\/product_cat?post=31950"},{"taxonomy":"product_tag","embeddable":true,"href":"https:\/\/stage.jh-itc.de\/fr\/wp-json\/wp\/v2\/product_tag?post=31950"}],"curies":[{"name":"wp","href":"https:\/\/api.w.org\/{rel}","templated":true}]}}