{"id":31467,"date":"2020-03-19T14:05:03","date_gmt":"2021-08-30T17:06:21","guid":{"rendered":"https:\/\/www.jh-itc.de\/shop\/non class\u00e9\/accolade-huennebeck-f-3-60m\/"},"modified":"2021-08-30T19:06:21","modified_gmt":"2021-08-30T17:06:21","slug":"huennebeck-support-directionnel-360m","status":"publish","type":"product","link":"https:\/\/stage.jh-itc.de\/fr\/shop\/volets\/huennebeck-support-directionnel-360m\/","title":{"rendered":"Accolade H\u00fcnnebeck F 3.60m"},"content":{"rendered":"","protected":false},"excerpt":{"rendered":"<p>Nous proposons <strong>245 x H\u00fcnnebeck brace F3,60m avec articulation t\u00eate et pied<\/strong>.<\/p>\n<p>Ils sont id\u00e9aux pour le b\u00e9ton pr\u00e9fabriqu\u00e9 et empil\u00e9s dans 6 x Peri Stacking Box RP 120x80cm.<\/p>\n<p>Si vous \u00eates int\u00e9ress\u00e9, veuillez nous envoyer votre demande.<\/p>\n<p>&nbsp;<\/p>\n","protected":false},"featured_media":31521,"template":"","meta":[],"product_brand":[],"product_cat":[380,385,377],"product_tag":[],"class_list":{"0":"post-31467","1":"product","2":"type-product","3":"status-publish","4":"has-post-thumbnail","6":"product_cat-huennebeck-fr","7":"product_cat-supports","8":"product_cat-volets","10":"first","11":"instock","12":"taxable","13":"shipping-taxable","14":"product-type-simple"},"yoast_head":"<!-- This site is optimized with the Yoast SEO plugin v26.5 - https:\/\/yoast.com\/wordpress\/plugins\/seo\/ -->\n<title>Accolade H\u00fcnnebeck F 3.60m - JH - ITC GmbH<\/title>\n<meta name=\"description\" content=\"Nous proposons les bretelles push-pull de H\u00fcnnebeck avec une longueur de 3,60 m incluse. Jointure pied + t\u00eate sur. Elles sont id\u00e9ales pour aligner les \u00e9l\u00e9ments en b\u00e9ton pr\u00e9fabriqu\u00e9 ou les \u00e9l\u00e9ments de coffrage.\" \/>\n<meta name=\"robots\" content=\"noindex, follow, max-snippet:-1, max-image-preview:large, max-video-preview:-1\" \/>\n<meta property=\"og:locale\" content=\"fr_FR\" \/>\n<meta property=\"og:type\" content=\"article\" \/>\n<meta property=\"og:title\" content=\"Accolade H\u00fcnnebeck F 3.60m - JH - ITC GmbH\" \/>\n<meta property=\"og:description\" content=\"Nous proposons les bretelles push-pull de H\u00fcnnebeck avec une longueur de 3,60 m incluse. Jointure pied + t\u00eate sur. Elles sont id\u00e9ales pour aligner les \u00e9l\u00e9ments en b\u00e9ton pr\u00e9fabriqu\u00e9 ou les \u00e9l\u00e9ments de coffrage.\" \/>\n<meta property=\"og:url\" content=\"https:\/\/stage.jh-itc.de\/fr\/shop\/volets\/huennebeck-support-directionnel-360m\/\" \/>\n<meta property=\"og:site_name\" content=\"JH - ITC GmbH\" \/>\n<meta property=\"article:publisher\" content=\"https:\/\/www.facebook.com\/schalungshandel\" \/>\n<meta property=\"og:image\" content=\"https:\/\/stage.jh-itc.de\/wp-content\/uploads\/2020\/03\/H\u00fcnnebeck-Richtstrebe-360m-2.jpg\" \/>\n\t<meta property=\"og:image:width\" content=\"640\" \/>\n\t<meta property=\"og:image:height\" content=\"480\" \/>\n\t<meta property=\"og:image:type\" content=\"image\/jpeg\" \/>\n<meta name=\"twitter:card\" content=\"summary_large_image\" \/>\n<meta name=\"twitter:site\" content=\"@JH_ITC\" \/>\n<!-- \/ Yoast SEO plugin. -->","yoast_head_json":{"title":"Accolade H\u00fcnnebeck F 3.60m - JH - ITC GmbH","description":"Nous proposons les bretelles push-pull de H\u00fcnnebeck avec une longueur de 3,60 m incluse. Jointure pied + t\u00eate sur. Elles sont id\u00e9ales pour aligner les \u00e9l\u00e9ments en b\u00e9ton pr\u00e9fabriqu\u00e9 ou les \u00e9l\u00e9ments de coffrage.","robots":{"index":"noindex","follow":"follow","max-snippet":"max-snippet:-1","max-image-preview":"max-image-preview:large","max-video-preview":"max-video-preview:-1"},"og_locale":"fr_FR","og_type":"article","og_title":"Accolade H\u00fcnnebeck F 3.60m - JH - ITC GmbH","og_description":"Nous proposons les bretelles push-pull de H\u00fcnnebeck avec une longueur de 3,60 m incluse. Jointure pied + t\u00eate sur. Elles sont id\u00e9ales pour aligner les \u00e9l\u00e9ments en b\u00e9ton pr\u00e9fabriqu\u00e9 ou les \u00e9l\u00e9ments de coffrage.","og_url":"https:\/\/stage.jh-itc.de\/fr\/shop\/volets\/huennebeck-support-directionnel-360m\/","og_site_name":"JH - ITC GmbH","article_publisher":"https:\/\/www.facebook.com\/schalungshandel","og_image":[{"width":640,"height":480,"url":"https:\/\/stage.jh-itc.de\/wp-content\/uploads\/2020\/03\/H\u00fcnnebeck-Richtstrebe-360m-2.jpg","type":"image\/jpeg"}],"twitter_card":"summary_large_image","twitter_site":"@JH_ITC","schema":{"@context":"https:\/\/schema.org","@graph":[{"@type":"WebPage","@id":"https:\/\/stage.jh-itc.de\/fr\/shop\/volets\/huennebeck-support-directionnel-360m\/","url":"https:\/\/stage.jh-itc.de\/fr\/shop\/volets\/huennebeck-support-directionnel-360m\/","name":"Accolade H\u00fcnnebeck F 3.60m - JH - ITC GmbH","isPartOf":{"@id":"https:\/\/stage.jh-itc.de\/fr\/#website"},"primaryImageOfPage":{"@id":"https:\/\/stage.jh-itc.de\/fr\/shop\/volets\/huennebeck-support-directionnel-360m\/#primaryimage"},"image":{"@id":"https:\/\/stage.jh-itc.de\/fr\/shop\/volets\/huennebeck-support-directionnel-360m\/#primaryimage"},"thumbnailUrl":"https:\/\/stage.jh-itc.de\/wp-content\/uploads\/2020\/03\/H\u00fcnnebeck-Richtstrebe-360m-2.jpg","datePublished":"2021-08-30T17:06:21+00:00","description":"Nous proposons les bretelles push-pull de H\u00fcnnebeck avec une longueur de 3,60 m incluse. Jointure pied + t\u00eate sur. Elles sont id\u00e9ales pour aligner les \u00e9l\u00e9ments en b\u00e9ton pr\u00e9fabriqu\u00e9 ou les \u00e9l\u00e9ments de coffrage.","breadcrumb":{"@id":"https:\/\/stage.jh-itc.de\/fr\/shop\/volets\/huennebeck-support-directionnel-360m\/#breadcrumb"},"inLanguage":"fr-FR","potentialAction":[{"@type":"ReadAction","target":["https:\/\/stage.jh-itc.de\/fr\/shop\/volets\/huennebeck-support-directionnel-360m\/"]}]},{"@type":"ImageObject","inLanguage":"fr-FR","@id":"https:\/\/stage.jh-itc.de\/fr\/shop\/volets\/huennebeck-support-directionnel-360m\/#primaryimage","url":"https:\/\/stage.jh-itc.de\/wp-content\/uploads\/2020\/03\/H\u00fcnnebeck-Richtstrebe-360m-2.jpg","contentUrl":"https:\/\/stage.jh-itc.de\/wp-content\/uploads\/2020\/03\/H\u00fcnnebeck-Richtstrebe-360m-2.jpg","width":640,"height":480},{"@type":"BreadcrumbList","@id":"https:\/\/stage.jh-itc.de\/fr\/shop\/volets\/huennebeck-support-directionnel-360m\/#breadcrumb","itemListElement":[{"@type":"ListItem","position":1,"name":"Home","item":"https:\/\/stage.jh-itc.de\/fr\/coffrages-etais-et-echafaudages-de-professionnels\/"},{"@type":"ListItem","position":2,"name":"Boutique","item":"https:\/\/stage.jh-itc.de\/fr\/boutique\/"},{"@type":"ListItem","position":3,"name":"Accolade H\u00fcnnebeck F 3.60m"}]},{"@type":"WebSite","@id":"https:\/\/stage.jh-itc.de\/fr\/#website","url":"https:\/\/stage.jh-itc.de\/fr\/","name":"JH - ITC GmbH","description":"Ihr Experte f\u00fcr gebrauchte St\u00fctzen, Schalungen und Ger\u00fcste","publisher":{"@id":"https:\/\/stage.jh-itc.de\/fr\/#organization"},"potentialAction":[{"@type":"SearchAction","target":{"@type":"EntryPoint","urlTemplate":"https:\/\/stage.jh-itc.de\/fr\/?s={search_term_string}"},"query-input":{"@type":"PropertyValueSpecification","valueRequired":true,"valueName":"search_term_string"}}],"inLanguage":"fr-FR"},{"@type":"Organization","@id":"https:\/\/stage.jh-itc.de\/fr\/#organization","name":"JH-ITC GmbH","url":"https:\/\/stage.jh-itc.de\/fr\/","logo":{"@type":"ImageObject","inLanguage":"fr-FR","@id":"https:\/\/stage.jh-itc.de\/fr\/#\/schema\/logo\/image\/","url":"https:\/\/stage.jh-itc.de\/wp-content\/uploads\/2016\/01\/JH-ITC2-1.png","contentUrl":"https:\/\/stage.jh-itc.de\/wp-content\/uploads\/2016\/01\/JH-ITC2-1.png","width":300,"height":102,"caption":"JH-ITC GmbH"},"image":{"@id":"https:\/\/stage.jh-itc.de\/fr\/#\/schema\/logo\/image\/"},"sameAs":["https:\/\/www.facebook.com\/schalungshandel","https:\/\/x.com\/JH_ITC","https:\/\/www.linkedin.com\/in\/jhitc","https:\/\/youtu.be\/rMdZ-FLfI-Y"]}]}},"_links":{"self":[{"href":"https:\/\/stage.jh-itc.de\/fr\/wp-json\/wp\/v2\/product\/31467","targetHints":{"allow":["GET"]}}],"collection":[{"href":"https:\/\/stage.jh-itc.de\/fr\/wp-json\/wp\/v2\/product"}],"about":[{"href":"https:\/\/stage.jh-itc.de\/fr\/wp-json\/wp\/v2\/types\/product"}],"wp:featuredmedia":[{"embeddable":true,"href":"https:\/\/stage.jh-itc.de\/fr\/wp-json\/wp\/v2\/media\/31521"}],"wp:attachment":[{"href":"https:\/\/stage.jh-itc.de\/fr\/wp-json\/wp\/v2\/media?parent=31467"}],"wp:term":[{"taxonomy":"product_brand","embeddable":true,"href":"https:\/\/stage.jh-itc.de\/fr\/wp-json\/wp\/v2\/product_brand?post=31467"},{"taxonomy":"product_cat","embeddable":true,"href":"https:\/\/stage.jh-itc.de\/fr\/wp-json\/wp\/v2\/product_cat?post=31467"},{"taxonomy":"product_tag","embeddable":true,"href":"https:\/\/stage.jh-itc.de\/fr\/wp-json\/wp\/v2\/product_tag?post=31467"}],"curies":[{"name":"wp","href":"https:\/\/api.w.org\/{rel}","templated":true}]}}